

{"id":59193,"date":"2021-12-14T16:02:39","date_gmt":"2021-12-14T15:02:39","guid":{"rendered":"https:\/\/teslafm.net\/?page_id=59193"},"modified":"2021-12-14T16:02:39","modified_gmt":"2021-12-14T15:02:39","slug":"space-oddity-recollection-28","status":"publish","type":"page","link":"https:\/\/teslafm.net\/en\/space-oddity-recollection-28\/","title":{"rendered":"Space Oddity Recollection #28"},"content":{"rendered":"<h2><span style=\"color: #ffffff;\"><strong>Space Oddity Recollection #28<\/strong><\/span><\/h2>\n<p><span style=\"color: #808080;\"><em>December 2021<\/em><\/span><\/p>\n<p><iframe src=\"https:\/\/www.mixcloud.com\/widget\/iframe\/?hide_cover=1&amp;feed=%2FTeslafm_net%2Fspace-oddity-recollection-28-monika-pich%2F\" width=\"100%\" height=\"120\" frameborder=\"0\"><\/iframe><\/p>\n<p><img fetchpriority=\"high\" decoding=\"async\" class=\"alignnone size-full wp-image-59194\" src=\"https:\/\/teslafm.net\/wp-content\/uploads\/2021\/12\/avatar_piotr-zoldak-fotografia.jpg\" alt=\"\" width=\"472\" height=\"472\" srcset=\"https:\/\/teslafm.net\/wp-content\/uploads\/2021\/12\/avatar_piotr-zoldak-fotografia.jpg 472w, https:\/\/teslafm.net\/wp-content\/uploads\/2021\/12\/avatar_piotr-zoldak-fotografia-300x300.jpg 300w, https:\/\/teslafm.net\/wp-content\/uploads\/2021\/12\/avatar_piotr-zoldak-fotografia-150x150.jpg 150w\" sizes=\"(max-width: 472px) 100vw, 472px\" \/><\/p>\n<p lang=\"pl-PL\"><span style=\"color: #808080;\"><strong>Wojciech T\u0119\u017cyczki<\/strong> <\/span><\/p>\n<p lang=\"pl-PL\"><span style=\"color: #808080;\">The Polish visual artist and sculptor is mainly interested in functional ceramics. Wojciech has been creating ceramic instruments for many years. He tries to combine his sculptural experience with sound, installation and performance. He creates complex compositions, 'sound collages', based on recorded ceramic instruments and other 'live' sounds. The durability of ceramics and the elusiveness of sound and material, the physical force of sound, i.e. the formation of matter by acoustic waves, these phenomena currently inspire him most and define the field of his creative search.<\/span><\/p>\n<p lang=\"pl-PL\"><span style=\"color: #808080;\">Websites:<\/span><\/p>\n<p lang=\"pl-PL\"><a href=\"https:\/\/www.instagram.com\/terdzo___terdzo\/\" target=\"_blank\" rel=\"noopener\">https:\/\/www.instagram.com\/terdzo___terdzo\/<\/a><\/p>\n<p lang=\"pl-PL\"><a href=\"https:\/\/soundcloud.com\/wojciech-t-ycki\" target=\"_blank\" rel=\"noopener\">soundcloud.com\/wojciech-t-ycki<\/a><\/p>\n<p lang=\"pl-PL\"><span lang=\"en-US\" style=\"color: #808080;\">Enjoy the mix, December 2021', produced by monikapich<\/span><\/p>","protected":false},"excerpt":{"rendered":"<p>Space Oddity Recollection #28 Diciembre 2021 Wojciech T\u0119\u017cyczki El artista visual y escultor polaco se interesa principalmente por la cer\u00e1mica funcional. Wojciech ha estado creando instrumentos de cer\u00e1mica durante muchos a\u00f1os. Intenta combinar su experiencia escult\u00f3rica con el sonido, la instalaci\u00f3n y la interpretaci\u00f3n. Crea composiciones complejas, &#8216;collages de sonido&#8217;, basados en instrumentos de cer\u00e1mica [&hellip;]<\/p>\n","protected":false},"author":19,"featured_media":0,"parent":0,"menu_order":0,"comment_status":"closed","ping_status":"closed","template":"","meta":{"footnotes":""},"class_list":["post-59193","page","type-page","status-publish","hentry"],"yoast_head":"<!-- This site is optimized with the Yoast SEO plugin v27.2 - https:\/\/yoast.com\/product\/yoast-seo-wordpress\/ -->\n<title>Space Oddity Recollection #28 -<\/title>\n<meta name=\"robots\" content=\"index, follow, max-snippet:-1, max-image-preview:large, max-video-preview:-1\" \/>\n<link rel=\"canonical\" href=\"https:\/\/teslafm.net\/en\/space-oddity-recollection-28\/\" \/>\n<meta property=\"og:locale\" content=\"en_US\" \/>\n<meta property=\"og:type\" content=\"article\" \/>\n<meta property=\"og:title\" content=\"Space Oddity Recollection #28 -\" \/>\n<meta property=\"og:description\" content=\"Space Oddity Recollection #28 Diciembre 2021 Wojciech T\u0119\u017cyczki El artista visual y escultor polaco se interesa principalmente por la cer\u00e1mica funcional. Wojciech ha estado creando instrumentos de cer\u00e1mica durante muchos a\u00f1os. Intenta combinar su experiencia escult\u00f3rica con el sonido, la instalaci\u00f3n y la interpretaci\u00f3n. Crea composiciones complejas, &#8216;collages de sonido&#8217;, basados en instrumentos de cer\u00e1mica [&hellip;]\" \/>\n<meta property=\"og:url\" content=\"https:\/\/teslafm.net\/en\/space-oddity-recollection-28\/\" \/>\n<meta property=\"article:publisher\" content=\"https:\/\/www.facebook.com\/teslafm.net\" \/>\n<meta property=\"og:image\" content=\"https:\/\/teslafm.net\/wp-content\/uploads\/2021\/12\/avatar_piotr-zoldak-fotografia.jpg\" \/>\n<meta name=\"twitter:card\" content=\"summary_large_image\" \/>\n<meta name=\"twitter:site\" content=\"@teslafm\" \/>\n<meta name=\"twitter:label1\" content=\"Est. reading time\" \/>\n\t<meta name=\"twitter:data1\" content=\"1 minute\" \/>\n<script type=\"application\/ld+json\" class=\"yoast-schema-graph\">{\"@context\":\"https:\/\/schema.org\",\"@graph\":[{\"@type\":\"WebPage\",\"@id\":\"https:\/\/teslafm.net\/space-oddity-recollection-28\/\",\"url\":\"https:\/\/teslafm.net\/space-oddity-recollection-28\/\",\"name\":\"Space Oddity Recollection #28 -\",\"isPartOf\":{\"@id\":\"https:\/\/teslafm.net\/#website\"},\"primaryImageOfPage\":{\"@id\":\"https:\/\/teslafm.net\/space-oddity-recollection-28\/#primaryimage\"},\"image\":{\"@id\":\"https:\/\/teslafm.net\/space-oddity-recollection-28\/#primaryimage\"},\"thumbnailUrl\":\"https:\/\/teslafm.net\/wp-content\/uploads\/2021\/12\/avatar_piotr-zoldak-fotografia.jpg\",\"datePublished\":\"2021-12-14T15:02:39+00:00\",\"breadcrumb\":{\"@id\":\"https:\/\/teslafm.net\/space-oddity-recollection-28\/#breadcrumb\"},\"inLanguage\":\"en-US\",\"potentialAction\":[{\"@type\":\"ReadAction\",\"target\":[\"https:\/\/teslafm.net\/space-oddity-recollection-28\/\"]}]},{\"@type\":\"ImageObject\",\"inLanguage\":\"en-US\",\"@id\":\"https:\/\/teslafm.net\/space-oddity-recollection-28\/#primaryimage\",\"url\":\"https:\/\/teslafm.net\/wp-content\/uploads\/2021\/12\/avatar_piotr-zoldak-fotografia.jpg\",\"contentUrl\":\"https:\/\/teslafm.net\/wp-content\/uploads\/2021\/12\/avatar_piotr-zoldak-fotografia.jpg\"},{\"@type\":\"BreadcrumbList\",\"@id\":\"https:\/\/teslafm.net\/space-oddity-recollection-28\/#breadcrumb\",\"itemListElement\":[{\"@type\":\"ListItem\",\"position\":1,\"name\":\"Portada\",\"item\":\"https:\/\/teslafm.net\/\"},{\"@type\":\"ListItem\",\"position\":2,\"name\":\"Space Oddity Recollection #28\"}]},{\"@type\":\"WebSite\",\"@id\":\"https:\/\/teslafm.net\/#website\",\"url\":\"https:\/\/teslafm.net\/\",\"name\":\"TeslaFM\",\"description\":\"An experimental and creative radio\",\"publisher\":{\"@id\":\"https:\/\/teslafm.net\/#organization\"},\"potentialAction\":[{\"@type\":\"SearchAction\",\"target\":{\"@type\":\"EntryPoint\",\"urlTemplate\":\"https:\/\/teslafm.net\/?s={search_term_string}\"},\"query-input\":{\"@type\":\"PropertyValueSpecification\",\"valueRequired\":true,\"valueName\":\"search_term_string\"}}],\"inLanguage\":\"en-US\"},{\"@type\":\"Organization\",\"@id\":\"https:\/\/teslafm.net\/#organization\",\"name\":\"TeslaFM\",\"url\":\"https:\/\/teslafm.net\/\",\"logo\":{\"@type\":\"ImageObject\",\"inLanguage\":\"en-US\",\"@id\":\"https:\/\/teslafm.net\/#\/schema\/logo\/image\/\",\"url\":\"https:\/\/teslafm.net\/wp-content\/uploads\/2020\/06\/logo-tesla.png\",\"contentUrl\":\"https:\/\/teslafm.net\/wp-content\/uploads\/2020\/06\/logo-tesla.png\",\"width\":512,\"height\":512,\"caption\":\"TeslaFM\"},\"image\":{\"@id\":\"https:\/\/teslafm.net\/#\/schema\/logo\/image\/\"},\"sameAs\":[\"https:\/\/www.facebook.com\/teslafm.net\",\"https:\/\/x.com\/teslafm\"]}]}<\/script>\n<!-- \/ Yoast SEO plugin. -->","yoast_head_json":{"title":"Space Oddity Recollection #28 -","robots":{"index":"index","follow":"follow","max-snippet":"max-snippet:-1","max-image-preview":"max-image-preview:large","max-video-preview":"max-video-preview:-1"},"canonical":"https:\/\/teslafm.net\/en\/space-oddity-recollection-28\/","og_locale":"en_US","og_type":"article","og_title":"Space Oddity Recollection #28 -","og_description":"Space Oddity Recollection #28 Diciembre 2021 Wojciech T\u0119\u017cyczki El artista visual y escultor polaco se interesa principalmente por la cer\u00e1mica funcional. Wojciech ha estado creando instrumentos de cer\u00e1mica durante muchos a\u00f1os. Intenta combinar su experiencia escult\u00f3rica con el sonido, la instalaci\u00f3n y la interpretaci\u00f3n. Crea composiciones complejas, &#8216;collages de sonido&#8217;, basados en instrumentos de cer\u00e1mica [&hellip;]","og_url":"https:\/\/teslafm.net\/en\/space-oddity-recollection-28\/","article_publisher":"https:\/\/www.facebook.com\/teslafm.net","og_image":[{"url":"https:\/\/teslafm.net\/wp-content\/uploads\/2021\/12\/avatar_piotr-zoldak-fotografia.jpg","type":"","width":"","height":""}],"twitter_card":"summary_large_image","twitter_site":"@teslafm","twitter_misc":{"Est. reading time":"1 minute"},"schema":{"@context":"https:\/\/schema.org","@graph":[{"@type":"WebPage","@id":"https:\/\/teslafm.net\/space-oddity-recollection-28\/","url":"https:\/\/teslafm.net\/space-oddity-recollection-28\/","name":"Space Oddity Recollection #28 -","isPartOf":{"@id":"https:\/\/teslafm.net\/#website"},"primaryImageOfPage":{"@id":"https:\/\/teslafm.net\/space-oddity-recollection-28\/#primaryimage"},"image":{"@id":"https:\/\/teslafm.net\/space-oddity-recollection-28\/#primaryimage"},"thumbnailUrl":"https:\/\/teslafm.net\/wp-content\/uploads\/2021\/12\/avatar_piotr-zoldak-fotografia.jpg","datePublished":"2021-12-14T15:02:39+00:00","breadcrumb":{"@id":"https:\/\/teslafm.net\/space-oddity-recollection-28\/#breadcrumb"},"inLanguage":"en-US","potentialAction":[{"@type":"ReadAction","target":["https:\/\/teslafm.net\/space-oddity-recollection-28\/"]}]},{"@type":"ImageObject","inLanguage":"en-US","@id":"https:\/\/teslafm.net\/space-oddity-recollection-28\/#primaryimage","url":"https:\/\/teslafm.net\/wp-content\/uploads\/2021\/12\/avatar_piotr-zoldak-fotografia.jpg","contentUrl":"https:\/\/teslafm.net\/wp-content\/uploads\/2021\/12\/avatar_piotr-zoldak-fotografia.jpg"},{"@type":"BreadcrumbList","@id":"https:\/\/teslafm.net\/space-oddity-recollection-28\/#breadcrumb","itemListElement":[{"@type":"ListItem","position":1,"name":"Portada","item":"https:\/\/teslafm.net\/"},{"@type":"ListItem","position":2,"name":"Space Oddity Recollection #28"}]},{"@type":"WebSite","@id":"https:\/\/teslafm.net\/#website","url":"https:\/\/teslafm.net\/","name":"TeslaFM","description":"An experimental and creative radio","publisher":{"@id":"https:\/\/teslafm.net\/#organization"},"potentialAction":[{"@type":"SearchAction","target":{"@type":"EntryPoint","urlTemplate":"https:\/\/teslafm.net\/?s={search_term_string}"},"query-input":{"@type":"PropertyValueSpecification","valueRequired":true,"valueName":"search_term_string"}}],"inLanguage":"en-US"},{"@type":"Organization","@id":"https:\/\/teslafm.net\/#organization","name":"TeslaFM","url":"https:\/\/teslafm.net\/","logo":{"@type":"ImageObject","inLanguage":"en-US","@id":"https:\/\/teslafm.net\/#\/schema\/logo\/image\/","url":"https:\/\/teslafm.net\/wp-content\/uploads\/2020\/06\/logo-tesla.png","contentUrl":"https:\/\/teslafm.net\/wp-content\/uploads\/2020\/06\/logo-tesla.png","width":512,"height":512,"caption":"TeslaFM"},"image":{"@id":"https:\/\/teslafm.net\/#\/schema\/logo\/image\/"},"sameAs":["https:\/\/www.facebook.com\/teslafm.net","https:\/\/x.com\/teslafm"]}]}},"rttpg_featured_image_url":null,"rttpg_author":{"display_name":"Ishak","author_link":"https:\/\/teslafm.net\/en\/author\/cravan\/"},"rttpg_comment":0,"rttpg_category":null,"rttpg_excerpt":"Space Oddity Recollection #28 Diciembre 2021 Wojciech T\u0119\u017cyczki El artista visual y escultor polaco se interesa principalmente por la cer\u00e1mica funcional. Wojciech ha estado creando instrumentos de cer\u00e1mica durante muchos a\u00f1os. Intenta combinar su experiencia escult\u00f3rica con el sonido, la instalaci\u00f3n y la interpretaci\u00f3n. Crea composiciones complejas, &#8216;collages de sonido&#8217;, basados en instrumentos de cer\u00e1mica&hellip;","_links":{"self":[{"href":"https:\/\/teslafm.net\/en\/wp-json\/wp\/v2\/pages\/59193","targetHints":{"allow":["GET"]}}],"collection":[{"href":"https:\/\/teslafm.net\/en\/wp-json\/wp\/v2\/pages"}],"about":[{"href":"https:\/\/teslafm.net\/en\/wp-json\/wp\/v2\/types\/page"}],"author":[{"embeddable":true,"href":"https:\/\/teslafm.net\/en\/wp-json\/wp\/v2\/users\/19"}],"replies":[{"embeddable":true,"href":"https:\/\/teslafm.net\/en\/wp-json\/wp\/v2\/comments?post=59193"}],"version-history":[{"count":1,"href":"https:\/\/teslafm.net\/en\/wp-json\/wp\/v2\/pages\/59193\/revisions"}],"predecessor-version":[{"id":59195,"href":"https:\/\/teslafm.net\/en\/wp-json\/wp\/v2\/pages\/59193\/revisions\/59195"}],"wp:attachment":[{"href":"https:\/\/teslafm.net\/en\/wp-json\/wp\/v2\/media?parent=59193"}],"curies":[{"name":"wp","href":"https:\/\/api.w.org\/{rel}","templated":true}]}}