

{"id":59251,"date":"2022-01-05T15:27:09","date_gmt":"2022-01-05T14:27:09","guid":{"rendered":"https:\/\/teslafm.net\/?page_id=59251"},"modified":"2022-01-05T15:32:25","modified_gmt":"2022-01-05T14:32:25","slug":"digital-entropy-13","status":"publish","type":"page","link":"https:\/\/teslafm.net\/en\/digital-entropy-13\/","title":{"rendered":"Digital Entropy #13"},"content":{"rendered":"<div data-elementor-type=\"wp-page\" data-elementor-id=\"59251\" class=\"elementor elementor-59251\">\n\t\t\t\t\t\t<section class=\"elementor-section elementor-top-section elementor-element elementor-element-ad2def9 elementor-section-boxed elementor-section-height-default elementor-section-height-default\" data-id=\"ad2def9\" data-element_type=\"section\" data-e-type=\"section\">\n\t\t\t\t\t\t<div class=\"elementor-container elementor-column-gap-default\">\n\t\t\t\t\t<div class=\"elementor-column elementor-col-100 elementor-top-column elementor-element elementor-element-3ea892de\" data-id=\"3ea892de\" data-element_type=\"column\" data-e-type=\"column\">\n\t\t\t<div class=\"elementor-widget-wrap elementor-element-populated\">\n\t\t\t\t\t\t<div class=\"elementor-element elementor-element-3b8f25c6 elementor-widget elementor-widget-text-editor\" data-id=\"3b8f25c6\" data-element_type=\"widget\" data-e-type=\"widget\" data-widget_type=\"text-editor.default\">\n\t\t\t\t<div class=\"elementor-widget-container\">\n\t\t\t\t\t\t\t\t\t<h2><span style=\"color: #ffffff;\"><strong>Digital Entropy #13<\/strong><\/span><\/h2><p><span style=\"color: #808080;\"><em>Nordic Light<br \/><\/em><\/span><\/p><p><iframe src=\"https:\/\/www.mixcloud.com\/widget\/iframe\/?hide_cover=1&amp;feed=%2FTeslafm_net%2Fdigital-entropy-13-nikka%2F\" width=\"100%\" height=\"120\" frameborder=\"0\"><\/iframe><\/p><p><span style=\"color: #808080;\">Light n<span lang=\"es-ES-u-co-trad\">\u00f3<\/span><span lang=\"it-IT\">rdica, <\/span><span lang=\"es-ES-u-co-trad\">\u00bf<\/span><span lang=\"fr-FR\">what <\/span><span lang=\"es-ES-u-co-trad\">is it? If you look <\/span><span lang=\"fr-FR\">through<\/span><span lang=\"es-ES-u-co-trad\">s of the <\/span>sea<span lang=\"es-ES-u-co-trad\">during the nights of June, from the lighthouse of H<\/span><span lang=\"sv-SE\">\u00f6<\/span><span lang=\"es-ES-u-co-trad\">gbonden in the famous <\/span>H<span lang=\"sv-SE\">\u00f6<\/span><span lang=\"es-ES-u-co-trad\">ga kusten (high coast) of northern Sweden, you will discover that the light appears in a transitional moment when the horizon and the sea merge in the same tone, color and space.<\/span><\/span><\/p>\t\t\t\t\t\t\t\t<\/div>\n\t\t\t\t<\/div>\n\t\t\t\t\t<\/div>\n\t\t<\/div>\n\t\t\t\t\t<\/div>\n\t\t<\/section>\n\t\t\t\t<section class=\"elementor-section elementor-top-section elementor-element elementor-element-f4a9d75 elementor-section-boxed elementor-section-height-default elementor-section-height-default\" data-id=\"f4a9d75\" data-element_type=\"section\" data-e-type=\"section\">\n\t\t\t\t\t\t<div class=\"elementor-container elementor-column-gap-default\">\n\t\t\t\t\t<div class=\"elementor-column elementor-col-50 elementor-top-column elementor-element elementor-element-bd3588e\" data-id=\"bd3588e\" data-element_type=\"column\" data-e-type=\"column\">\n\t\t\t<div class=\"elementor-widget-wrap elementor-element-populated\">\n\t\t\t\t\t\t<div class=\"elementor-element elementor-element-70af4a3 elementor-widget elementor-widget-text-editor\" data-id=\"70af4a3\" data-element_type=\"widget\" data-e-type=\"widget\" data-widget_type=\"text-editor.default\">\n\t\t\t\t<div class=\"elementor-widget-container\">\n\t\t\t\t\t\t\t\t\t<p><span style=\"color: #808080;\"><span lang=\"es-ES-u-co-trad\">SOUND ART - THE SWEDISH SCENE - <\/span><span lang=\"es-ES-u-co-trad\"><span lang=\"de-DE\">PART 1<\/span><\/span><\/span><\/p><p><span lang=\"es-ES-u-co-trad\" style=\"color: #808080;\">(Produced in 1997 - Released in 2001)<\/span><\/p><p><span style=\"color: #808080;\">01. <strong>Kent Tankred<\/strong> - Detta \u00c4r En Uppenbarelse<\/span><br \/><span style=\"color: #808080;\">02. <strong>Christian Bock<\/strong> - Akustika Rum, Och Mekaniska Filter<\/span><br \/><span style=\"color: #808080;\">03. <strong>Thomas Bjelkeborn<\/strong> - TOF. Daughter<\/span><br \/><span style=\"color: #808080;\">04.<strong> Christian Bock<\/strong> - Klippt Hyland<\/span><br \/><span style=\"color: #808080;\">05. <strong>Johannes Bergmark<\/strong> - Gr\u00e5tande Barn<\/span><br \/><span style=\"color: #808080;\">06. <strong>Anders Blomqvist\/Josef Doukkali<\/strong> - Jaguar Revisited<\/span><br \/><span style=\"color: #808080;\">07. <strong>Josef Doukkali<\/strong> - Ferrochrome<\/span><br \/><span style=\"color: #808080;\">08. <strong>The Sons of God<\/strong> - Sons Of God Refurnish<\/span><br \/><span style=\"color: #808080;\">09. <strong>Johannes Bergmark<\/strong> - Validitetsprincipen<\/span><br \/><span style=\"color: #808080;\">10. <strong>Staffan Mossenmark<\/strong> - Wroom<\/span><br \/><span style=\"color: #808080;\">11. <strong>Kent Tankred<\/strong> - Be Umf Tomb<\/span><br \/><span style=\"color: #808080;\">12. <strong>Christian Bock<\/strong> - The Washington Trials<\/span><br \/><span style=\"color: #808080;\">13. <strong>Staffan Mossenmark<\/strong> - Enjoy the Simple Life\/Sova<\/span><\/p>\t\t\t\t\t\t\t\t<\/div>\n\t\t\t\t<\/div>\n\t\t\t\t\t<\/div>\n\t\t<\/div>\n\t\t\t\t<div class=\"elementor-column elementor-col-50 elementor-top-column elementor-element elementor-element-955ce11\" data-id=\"955ce11\" data-element_type=\"column\" data-e-type=\"column\">\n\t\t\t<div class=\"elementor-widget-wrap elementor-element-populated\">\n\t\t\t\t\t\t<div class=\"elementor-element elementor-element-58280c0 elementor-widget elementor-widget-spacer\" data-id=\"58280c0\" data-element_type=\"widget\" data-e-type=\"widget\" data-widget_type=\"spacer.default\">\n\t\t\t\t<div class=\"elementor-widget-container\">\n\t\t\t\t\t\t\t<div class=\"elementor-spacer\">\n\t\t\t<div class=\"elementor-spacer-inner\"><\/div>\n\t\t<\/div>\n\t\t\t\t\t\t<\/div>\n\t\t\t\t<\/div>\n\t\t\t\t<div class=\"elementor-element elementor-element-ee85e6d elementor-widget elementor-widget-image\" data-id=\"ee85e6d\" data-element_type=\"widget\" data-e-type=\"widget\" data-widget_type=\"image.default\">\n\t\t\t\t<div class=\"elementor-widget-container\">\n\t\t\t\t\t\t\t\t\t\t\t\t\t\t\t<img fetchpriority=\"high\" decoding=\"async\" width=\"215\" height=\"320\" src=\"https:\/\/teslafm.net\/wp-content\/uploads\/2022\/01\/SoundArt-TheSwedishScene.jpeg\" class=\"attachment-large size-large wp-image-59252\" alt=\"\" srcset=\"https:\/\/teslafm.net\/wp-content\/uploads\/2022\/01\/SoundArt-TheSwedishScene.jpeg 215w, https:\/\/teslafm.net\/wp-content\/uploads\/2022\/01\/SoundArt-TheSwedishScene-202x300.jpeg 202w\" sizes=\"(max-width: 215px) 100vw, 215px\" \/>\t\t\t\t\t\t\t\t\t\t\t\t\t\t\t<\/div>\n\t\t\t\t<\/div>\n\t\t\t\t\t<\/div>\n\t\t<\/div>\n\t\t\t\t\t<\/div>\n\t\t<\/section>\n\t\t\t\t<\/div>","protected":false},"excerpt":{"rendered":"<p>Digital Entropy #13 Luz N\u00f3rdica Luz n\u00f3rdica, \u00bfqu\u00e9 es? Si miras a trav\u00e9s del mar, durante las noches de Junio, desde el faro de H\u00f6gbonden en el famoso H\u00f6ga kusten (costa alta) del norte de Suecia, descubrir\u00e1s que la luz aparece en un momento de transici\u00f3n cuando el horizonte y el mar, se fusionan en [&hellip;]<\/p>\n","protected":false},"author":19,"featured_media":0,"parent":0,"menu_order":0,"comment_status":"closed","ping_status":"closed","template":"","meta":{"footnotes":""},"class_list":["post-59251","page","type-page","status-publish","hentry"],"yoast_head":"<!-- This site is optimized with the Yoast SEO plugin v27.4 - https:\/\/yoast.com\/product\/yoast-seo-wordpress\/ -->\n<title>Digital Entropy #13 -<\/title>\n<meta name=\"robots\" content=\"index, follow, max-snippet:-1, max-image-preview:large, max-video-preview:-1\" \/>\n<link rel=\"canonical\" href=\"https:\/\/teslafm.net\/en\/digital-entropy-13\/\" \/>\n<meta property=\"og:locale\" content=\"en_US\" \/>\n<meta property=\"og:type\" content=\"article\" \/>\n<meta property=\"og:title\" content=\"Digital Entropy #13 -\" \/>\n<meta property=\"og:description\" content=\"Digital Entropy #13 Luz N\u00f3rdica Luz n\u00f3rdica, \u00bfqu\u00e9 es? Si miras a trav\u00e9s del mar, durante las noches de Junio, desde el faro de H\u00f6gbonden en el famoso H\u00f6ga kusten (costa alta) del norte de Suecia, descubrir\u00e1s que la luz aparece en un momento de transici\u00f3n cuando el horizonte y el mar, se fusionan en [&hellip;]\" \/>\n<meta property=\"og:url\" content=\"https:\/\/teslafm.net\/en\/digital-entropy-13\/\" \/>\n<meta property=\"article:publisher\" content=\"https:\/\/www.facebook.com\/teslafm.net\" \/>\n<meta property=\"article:modified_time\" content=\"2022-01-05T14:32:25+00:00\" \/>\n<meta property=\"og:image\" content=\"https:\/\/teslafm.net\/wp-content\/uploads\/2022\/01\/SoundArt-TheSwedishScene.jpeg\" \/>\n<meta name=\"twitter:card\" content=\"summary_large_image\" \/>\n<meta name=\"twitter:site\" content=\"@teslafm\" \/>\n<meta name=\"twitter:label1\" content=\"Est. reading time\" \/>\n\t<meta name=\"twitter:data1\" content=\"1 minute\" \/>\n<script type=\"application\/ld+json\" class=\"yoast-schema-graph\">{\"@context\":\"https:\\\/\\\/schema.org\",\"@graph\":[{\"@type\":\"WebPage\",\"@id\":\"https:\\\/\\\/teslafm.net\\\/en\\\/digital-entropy-13\\\/\",\"url\":\"https:\\\/\\\/teslafm.net\\\/en\\\/digital-entropy-13\\\/\",\"name\":\"Digital Entropy #13 -\",\"isPartOf\":{\"@id\":\"https:\\\/\\\/teslafm.net\\\/#website\"},\"primaryImageOfPage\":{\"@id\":\"https:\\\/\\\/teslafm.net\\\/en\\\/digital-entropy-13\\\/#primaryimage\"},\"image\":{\"@id\":\"https:\\\/\\\/teslafm.net\\\/en\\\/digital-entropy-13\\\/#primaryimage\"},\"thumbnailUrl\":\"https:\\\/\\\/teslafm.net\\\/wp-content\\\/uploads\\\/2022\\\/01\\\/SoundArt-TheSwedishScene.jpeg\",\"datePublished\":\"2022-01-05T14:27:09+00:00\",\"dateModified\":\"2022-01-05T14:32:25+00:00\",\"breadcrumb\":{\"@id\":\"https:\\\/\\\/teslafm.net\\\/en\\\/digital-entropy-13\\\/#breadcrumb\"},\"inLanguage\":\"en-US\",\"potentialAction\":[{\"@type\":\"ReadAction\",\"target\":[\"https:\\\/\\\/teslafm.net\\\/en\\\/digital-entropy-13\\\/\"]}]},{\"@type\":\"ImageObject\",\"inLanguage\":\"en-US\",\"@id\":\"https:\\\/\\\/teslafm.net\\\/en\\\/digital-entropy-13\\\/#primaryimage\",\"url\":\"https:\\\/\\\/teslafm.net\\\/wp-content\\\/uploads\\\/2022\\\/01\\\/SoundArt-TheSwedishScene.jpeg\",\"contentUrl\":\"https:\\\/\\\/teslafm.net\\\/wp-content\\\/uploads\\\/2022\\\/01\\\/SoundArt-TheSwedishScene.jpeg\"},{\"@type\":\"BreadcrumbList\",\"@id\":\"https:\\\/\\\/teslafm.net\\\/en\\\/digital-entropy-13\\\/#breadcrumb\",\"itemListElement\":[{\"@type\":\"ListItem\",\"position\":1,\"name\":\"Portada\",\"item\":\"https:\\\/\\\/teslafm.net\\\/\"},{\"@type\":\"ListItem\",\"position\":2,\"name\":\"Digital Entropy #13\"}]},{\"@type\":\"WebSite\",\"@id\":\"https:\\\/\\\/teslafm.net\\\/#website\",\"url\":\"https:\\\/\\\/teslafm.net\\\/\",\"name\":\"TeslaFM\",\"description\":\"An experimental and creative radio\",\"publisher\":{\"@id\":\"https:\\\/\\\/teslafm.net\\\/#organization\"},\"potentialAction\":[{\"@type\":\"SearchAction\",\"target\":{\"@type\":\"EntryPoint\",\"urlTemplate\":\"https:\\\/\\\/teslafm.net\\\/?s={search_term_string}\"},\"query-input\":{\"@type\":\"PropertyValueSpecification\",\"valueRequired\":true,\"valueName\":\"search_term_string\"}}],\"inLanguage\":\"en-US\"},{\"@type\":\"Organization\",\"@id\":\"https:\\\/\\\/teslafm.net\\\/#organization\",\"name\":\"TeslaFM\",\"url\":\"https:\\\/\\\/teslafm.net\\\/\",\"logo\":{\"@type\":\"ImageObject\",\"inLanguage\":\"en-US\",\"@id\":\"https:\\\/\\\/teslafm.net\\\/#\\\/schema\\\/logo\\\/image\\\/\",\"url\":\"https:\\\/\\\/teslafm.net\\\/wp-content\\\/uploads\\\/2020\\\/06\\\/logo-tesla.png\",\"contentUrl\":\"https:\\\/\\\/teslafm.net\\\/wp-content\\\/uploads\\\/2020\\\/06\\\/logo-tesla.png\",\"width\":512,\"height\":512,\"caption\":\"TeslaFM\"},\"image\":{\"@id\":\"https:\\\/\\\/teslafm.net\\\/#\\\/schema\\\/logo\\\/image\\\/\"},\"sameAs\":[\"https:\\\/\\\/www.facebook.com\\\/teslafm.net\",\"https:\\\/\\\/x.com\\\/teslafm\"]}]}<\/script>\n<!-- \/ Yoast SEO plugin. -->","yoast_head_json":{"title":"Digital Entropy #13 -","robots":{"index":"index","follow":"follow","max-snippet":"max-snippet:-1","max-image-preview":"max-image-preview:large","max-video-preview":"max-video-preview:-1"},"canonical":"https:\/\/teslafm.net\/en\/digital-entropy-13\/","og_locale":"en_US","og_type":"article","og_title":"Digital Entropy #13 -","og_description":"Digital Entropy #13 Luz N\u00f3rdica Luz n\u00f3rdica, \u00bfqu\u00e9 es? Si miras a trav\u00e9s del mar, durante las noches de Junio, desde el faro de H\u00f6gbonden en el famoso H\u00f6ga kusten (costa alta) del norte de Suecia, descubrir\u00e1s que la luz aparece en un momento de transici\u00f3n cuando el horizonte y el mar, se fusionan en [&hellip;]","og_url":"https:\/\/teslafm.net\/en\/digital-entropy-13\/","article_publisher":"https:\/\/www.facebook.com\/teslafm.net","article_modified_time":"2022-01-05T14:32:25+00:00","og_image":[{"url":"https:\/\/teslafm.net\/wp-content\/uploads\/2022\/01\/SoundArt-TheSwedishScene.jpeg","type":"","width":"","height":""}],"twitter_card":"summary_large_image","twitter_site":"@teslafm","twitter_misc":{"Est. reading time":"1 minute"},"schema":{"@context":"https:\/\/schema.org","@graph":[{"@type":"WebPage","@id":"https:\/\/teslafm.net\/en\/digital-entropy-13\/","url":"https:\/\/teslafm.net\/en\/digital-entropy-13\/","name":"Digital Entropy #13 -","isPartOf":{"@id":"https:\/\/teslafm.net\/#website"},"primaryImageOfPage":{"@id":"https:\/\/teslafm.net\/en\/digital-entropy-13\/#primaryimage"},"image":{"@id":"https:\/\/teslafm.net\/en\/digital-entropy-13\/#primaryimage"},"thumbnailUrl":"https:\/\/teslafm.net\/wp-content\/uploads\/2022\/01\/SoundArt-TheSwedishScene.jpeg","datePublished":"2022-01-05T14:27:09+00:00","dateModified":"2022-01-05T14:32:25+00:00","breadcrumb":{"@id":"https:\/\/teslafm.net\/en\/digital-entropy-13\/#breadcrumb"},"inLanguage":"en-US","potentialAction":[{"@type":"ReadAction","target":["https:\/\/teslafm.net\/en\/digital-entropy-13\/"]}]},{"@type":"ImageObject","inLanguage":"en-US","@id":"https:\/\/teslafm.net\/en\/digital-entropy-13\/#primaryimage","url":"https:\/\/teslafm.net\/wp-content\/uploads\/2022\/01\/SoundArt-TheSwedishScene.jpeg","contentUrl":"https:\/\/teslafm.net\/wp-content\/uploads\/2022\/01\/SoundArt-TheSwedishScene.jpeg"},{"@type":"BreadcrumbList","@id":"https:\/\/teslafm.net\/en\/digital-entropy-13\/#breadcrumb","itemListElement":[{"@type":"ListItem","position":1,"name":"Portada","item":"https:\/\/teslafm.net\/"},{"@type":"ListItem","position":2,"name":"Digital Entropy #13"}]},{"@type":"WebSite","@id":"https:\/\/teslafm.net\/#website","url":"https:\/\/teslafm.net\/","name":"TeslaFM","description":"An experimental and creative radio","publisher":{"@id":"https:\/\/teslafm.net\/#organization"},"potentialAction":[{"@type":"SearchAction","target":{"@type":"EntryPoint","urlTemplate":"https:\/\/teslafm.net\/?s={search_term_string}"},"query-input":{"@type":"PropertyValueSpecification","valueRequired":true,"valueName":"search_term_string"}}],"inLanguage":"en-US"},{"@type":"Organization","@id":"https:\/\/teslafm.net\/#organization","name":"TeslaFM","url":"https:\/\/teslafm.net\/","logo":{"@type":"ImageObject","inLanguage":"en-US","@id":"https:\/\/teslafm.net\/#\/schema\/logo\/image\/","url":"https:\/\/teslafm.net\/wp-content\/uploads\/2020\/06\/logo-tesla.png","contentUrl":"https:\/\/teslafm.net\/wp-content\/uploads\/2020\/06\/logo-tesla.png","width":512,"height":512,"caption":"TeslaFM"},"image":{"@id":"https:\/\/teslafm.net\/#\/schema\/logo\/image\/"},"sameAs":["https:\/\/www.facebook.com\/teslafm.net","https:\/\/x.com\/teslafm"]}]}},"rttpg_featured_image_url":null,"rttpg_author":{"display_name":"Ishak","author_link":"https:\/\/teslafm.net\/en\/author\/cravan\/"},"rttpg_comment":0,"rttpg_category":null,"rttpg_excerpt":"Digital Entropy #13 Luz N\u00f3rdica Luz n\u00f3rdica, \u00bfqu\u00e9 es? Si miras a trav\u00e9s del mar, durante las noches de Junio, desde el faro de H\u00f6gbonden en el famoso H\u00f6ga kusten (costa alta) del norte de Suecia, descubrir\u00e1s que la luz aparece en un momento de transici\u00f3n cuando el horizonte y el mar, se fusionan en&hellip;","_links":{"self":[{"href":"https:\/\/teslafm.net\/en\/wp-json\/wp\/v2\/pages\/59251","targetHints":{"allow":["GET"]}}],"collection":[{"href":"https:\/\/teslafm.net\/en\/wp-json\/wp\/v2\/pages"}],"about":[{"href":"https:\/\/teslafm.net\/en\/wp-json\/wp\/v2\/types\/page"}],"author":[{"embeddable":true,"href":"https:\/\/teslafm.net\/en\/wp-json\/wp\/v2\/users\/19"}],"replies":[{"embeddable":true,"href":"https:\/\/teslafm.net\/en\/wp-json\/wp\/v2\/comments?post=59251"}],"version-history":[{"count":6,"href":"https:\/\/teslafm.net\/en\/wp-json\/wp\/v2\/pages\/59251\/revisions"}],"predecessor-version":[{"id":59258,"href":"https:\/\/teslafm.net\/en\/wp-json\/wp\/v2\/pages\/59251\/revisions\/59258"}],"wp:attachment":[{"href":"https:\/\/teslafm.net\/en\/wp-json\/wp\/v2\/media?parent=59251"}],"curies":[{"name":"wp","href":"https:\/\/api.w.org\/{rel}","templated":true}]}}