

{"id":59312,"date":"2022-01-20T15:09:01","date_gmt":"2022-01-20T14:09:01","guid":{"rendered":"https:\/\/teslafm.net\/?page_id=59312"},"modified":"2022-01-20T15:09:01","modified_gmt":"2022-01-20T14:09:01","slug":"rizoma-8","status":"publish","type":"page","link":"https:\/\/teslafm.net\/en\/rizoma-8\/","title":{"rendered":"Rizoma #8"},"content":{"rendered":"<h2><span style=\"color: #ffffff;\">Rizoma #8<\/span><\/h2>\n<p><span style=\"color: #808080;\"><em>January 2022<\/em><\/span><\/p>\n<p><iframe src=\"https:\/\/www.mixcloud.com\/widget\/iframe\/?hide_cover=1&amp;feed=%2FTeslafm_net%2Frizoma-8-vulkana%2F\" width=\"100%\" height=\"120\" frameborder=\"0\"><\/iframe><\/p>\n<p><span style=\"color: #808080;\">Rota. From Root to Noise (Part Two)<\/span><\/p>\n<p><span style=\"color: #808080;\">A festival of experimental music and sound art.<\/span><br \/>\n<span style=\"color: #808080;\">Direction and curatorship: <strong>Selu Herraiz<\/strong><\/span><br \/>\n<span style=\"color: #808080;\">Co-direction and curatorial assistance: <strong>Elena Azzedin<\/strong><\/span><br \/>\n<span style=\"color: #808080;\">Organized by AADK Spain in Blanca and Murcia on November 18, 19 and 20, 2021 in Blanca and Murcia.<\/span><\/p>\n<p><span style=\"color: #808080;\">00:00 \/ Intro of the program: soundtrack by <strong>Ceola Turnstal<\/strong> and <strong>Vulkana<\/strong><\/span><br \/>\n<span style=\"color: #808080;\">00:47-10:31 Performance with sound sculpture with harmonograph from the series \"Geomancies\"\/ <strong>Jorge Barco<\/strong><\/span><br \/>\n<span style=\"color: #808080;\">10:34-26:59 Live excerpts from the album Ansatz \/<strong> Nara is Neus<\/strong><\/span><br \/>\n<span style=\"color: #808080;\">27:00-41:00 Fragment of the live \/ <strong>AMAS<\/strong><\/span><br \/>\n<span style=\"color: #808080;\">41:00-47:10 Excerpt from the live album Ruda \/ <strong>Ruda<\/strong><\/span><br \/>\n<span style=\"color: #808080;\">47:00.59:59 Excerpt from live \/ <strong>Artificer<\/strong><\/span><br \/>\n<span style=\"color: #808080;\">Text: <strong>Vulkana<\/strong><\/span><\/p>","protected":false},"excerpt":{"rendered":"<p>Rizoma #8 Enero 2022 Rota. De la Ra\u00edz al Noise (Segunda parte) Un festival de m\u00fasica experimental y arte sonoro. Direcci\u00f3n y curadur\u00eda: Selu Herraiz Co-direcci\u00f3n y asistencia curatorial: Elena Azzedin Organizado por AADK Spain en Blanca y Murcia los d\u00edas 18, 19 y 20 de noviembre de 2021 en Blanca y Murcia. 00:00 \/ [&hellip;]<\/p>\n","protected":false},"author":19,"featured_media":0,"parent":0,"menu_order":0,"comment_status":"closed","ping_status":"closed","template":"","meta":{"footnotes":""},"class_list":["post-59312","page","type-page","status-publish","hentry"],"yoast_head":"<!-- This site is optimized with the Yoast SEO plugin v27.4 - https:\/\/yoast.com\/product\/yoast-seo-wordpress\/ -->\n<title>Rizoma #8 -<\/title>\n<meta name=\"robots\" content=\"index, follow, max-snippet:-1, max-image-preview:large, max-video-preview:-1\" \/>\n<link rel=\"canonical\" href=\"https:\/\/teslafm.net\/en\/rizoma-8\/\" \/>\n<meta property=\"og:locale\" content=\"en_US\" \/>\n<meta property=\"og:type\" content=\"article\" \/>\n<meta property=\"og:title\" content=\"Rizoma #8 -\" \/>\n<meta property=\"og:description\" content=\"Rizoma #8 Enero 2022 Rota. De la Ra\u00edz al Noise (Segunda parte) Un festival de m\u00fasica experimental y arte sonoro. Direcci\u00f3n y curadur\u00eda: Selu Herraiz Co-direcci\u00f3n y asistencia curatorial: Elena Azzedin Organizado por AADK Spain en Blanca y Murcia los d\u00edas 18, 19 y 20 de noviembre de 2021 en Blanca y Murcia. 00:00 \/ [&hellip;]\" \/>\n<meta property=\"og:url\" content=\"https:\/\/teslafm.net\/en\/rizoma-8\/\" \/>\n<meta property=\"article:publisher\" content=\"https:\/\/www.facebook.com\/teslafm.net\" \/>\n<meta property=\"og:image\" content=\"https:\/\/teslafm.net\/wp-content\/uploads\/2022\/09\/header-image-4-temp.png\" \/>\n\t<meta property=\"og:image:width\" content=\"1274\" \/>\n\t<meta property=\"og:image:height\" content=\"818\" \/>\n\t<meta property=\"og:image:type\" content=\"image\/png\" \/>\n<meta name=\"twitter:card\" content=\"summary_large_image\" \/>\n<meta name=\"twitter:site\" content=\"@teslafm\" \/>\n<meta name=\"twitter:label1\" content=\"Est. reading time\" \/>\n\t<meta name=\"twitter:data1\" content=\"1 minute\" \/>\n<script type=\"application\/ld+json\" class=\"yoast-schema-graph\">{\"@context\":\"https:\\\/\\\/schema.org\",\"@graph\":[{\"@type\":\"WebPage\",\"@id\":\"https:\\\/\\\/teslafm.net\\\/rizoma-8\\\/\",\"url\":\"https:\\\/\\\/teslafm.net\\\/rizoma-8\\\/\",\"name\":\"Rizoma #8 -\",\"isPartOf\":{\"@id\":\"https:\\\/\\\/teslafm.net\\\/#website\"},\"datePublished\":\"2022-01-20T14:09:01+00:00\",\"breadcrumb\":{\"@id\":\"https:\\\/\\\/teslafm.net\\\/rizoma-8\\\/#breadcrumb\"},\"inLanguage\":\"en-US\",\"potentialAction\":[{\"@type\":\"ReadAction\",\"target\":[\"https:\\\/\\\/teslafm.net\\\/rizoma-8\\\/\"]}]},{\"@type\":\"BreadcrumbList\",\"@id\":\"https:\\\/\\\/teslafm.net\\\/rizoma-8\\\/#breadcrumb\",\"itemListElement\":[{\"@type\":\"ListItem\",\"position\":1,\"name\":\"Portada\",\"item\":\"https:\\\/\\\/teslafm.net\\\/\"},{\"@type\":\"ListItem\",\"position\":2,\"name\":\"Rizoma #8\"}]},{\"@type\":\"WebSite\",\"@id\":\"https:\\\/\\\/teslafm.net\\\/#website\",\"url\":\"https:\\\/\\\/teslafm.net\\\/\",\"name\":\"TeslaFM\",\"description\":\"An experimental and creative radio\",\"publisher\":{\"@id\":\"https:\\\/\\\/teslafm.net\\\/#organization\"},\"potentialAction\":[{\"@type\":\"SearchAction\",\"target\":{\"@type\":\"EntryPoint\",\"urlTemplate\":\"https:\\\/\\\/teslafm.net\\\/?s={search_term_string}\"},\"query-input\":{\"@type\":\"PropertyValueSpecification\",\"valueRequired\":true,\"valueName\":\"search_term_string\"}}],\"inLanguage\":\"en-US\"},{\"@type\":\"Organization\",\"@id\":\"https:\\\/\\\/teslafm.net\\\/#organization\",\"name\":\"TeslaFM\",\"url\":\"https:\\\/\\\/teslafm.net\\\/\",\"logo\":{\"@type\":\"ImageObject\",\"inLanguage\":\"en-US\",\"@id\":\"https:\\\/\\\/teslafm.net\\\/#\\\/schema\\\/logo\\\/image\\\/\",\"url\":\"https:\\\/\\\/teslafm.net\\\/wp-content\\\/uploads\\\/2020\\\/06\\\/logo-tesla.png\",\"contentUrl\":\"https:\\\/\\\/teslafm.net\\\/wp-content\\\/uploads\\\/2020\\\/06\\\/logo-tesla.png\",\"width\":512,\"height\":512,\"caption\":\"TeslaFM\"},\"image\":{\"@id\":\"https:\\\/\\\/teslafm.net\\\/#\\\/schema\\\/logo\\\/image\\\/\"},\"sameAs\":[\"https:\\\/\\\/www.facebook.com\\\/teslafm.net\",\"https:\\\/\\\/x.com\\\/teslafm\"]}]}<\/script>\n<!-- \/ Yoast SEO plugin. -->","yoast_head_json":{"title":"Rizoma #8 -","robots":{"index":"index","follow":"follow","max-snippet":"max-snippet:-1","max-image-preview":"max-image-preview:large","max-video-preview":"max-video-preview:-1"},"canonical":"https:\/\/teslafm.net\/en\/rizoma-8\/","og_locale":"en_US","og_type":"article","og_title":"Rizoma #8 -","og_description":"Rizoma #8 Enero 2022 Rota. De la Ra\u00edz al Noise (Segunda parte) Un festival de m\u00fasica experimental y arte sonoro. Direcci\u00f3n y curadur\u00eda: Selu Herraiz Co-direcci\u00f3n y asistencia curatorial: Elena Azzedin Organizado por AADK Spain en Blanca y Murcia los d\u00edas 18, 19 y 20 de noviembre de 2021 en Blanca y Murcia. 00:00 \/ [&hellip;]","og_url":"https:\/\/teslafm.net\/en\/rizoma-8\/","article_publisher":"https:\/\/www.facebook.com\/teslafm.net","og_image":[{"width":1274,"height":818,"url":"https:\/\/teslafm.net\/wp-content\/uploads\/2022\/09\/header-image-4-temp.png","type":"image\/png"}],"twitter_card":"summary_large_image","twitter_site":"@teslafm","twitter_misc":{"Est. reading time":"1 minute"},"schema":{"@context":"https:\/\/schema.org","@graph":[{"@type":"WebPage","@id":"https:\/\/teslafm.net\/rizoma-8\/","url":"https:\/\/teslafm.net\/rizoma-8\/","name":"Rizoma #8 -","isPartOf":{"@id":"https:\/\/teslafm.net\/#website"},"datePublished":"2022-01-20T14:09:01+00:00","breadcrumb":{"@id":"https:\/\/teslafm.net\/rizoma-8\/#breadcrumb"},"inLanguage":"en-US","potentialAction":[{"@type":"ReadAction","target":["https:\/\/teslafm.net\/rizoma-8\/"]}]},{"@type":"BreadcrumbList","@id":"https:\/\/teslafm.net\/rizoma-8\/#breadcrumb","itemListElement":[{"@type":"ListItem","position":1,"name":"Portada","item":"https:\/\/teslafm.net\/"},{"@type":"ListItem","position":2,"name":"Rizoma #8"}]},{"@type":"WebSite","@id":"https:\/\/teslafm.net\/#website","url":"https:\/\/teslafm.net\/","name":"TeslaFM","description":"An experimental and creative radio","publisher":{"@id":"https:\/\/teslafm.net\/#organization"},"potentialAction":[{"@type":"SearchAction","target":{"@type":"EntryPoint","urlTemplate":"https:\/\/teslafm.net\/?s={search_term_string}"},"query-input":{"@type":"PropertyValueSpecification","valueRequired":true,"valueName":"search_term_string"}}],"inLanguage":"en-US"},{"@type":"Organization","@id":"https:\/\/teslafm.net\/#organization","name":"TeslaFM","url":"https:\/\/teslafm.net\/","logo":{"@type":"ImageObject","inLanguage":"en-US","@id":"https:\/\/teslafm.net\/#\/schema\/logo\/image\/","url":"https:\/\/teslafm.net\/wp-content\/uploads\/2020\/06\/logo-tesla.png","contentUrl":"https:\/\/teslafm.net\/wp-content\/uploads\/2020\/06\/logo-tesla.png","width":512,"height":512,"caption":"TeslaFM"},"image":{"@id":"https:\/\/teslafm.net\/#\/schema\/logo\/image\/"},"sameAs":["https:\/\/www.facebook.com\/teslafm.net","https:\/\/x.com\/teslafm"]}]}},"rttpg_featured_image_url":null,"rttpg_author":{"display_name":"Ishak","author_link":"https:\/\/teslafm.net\/en\/author\/cravan\/"},"rttpg_comment":0,"rttpg_category":null,"rttpg_excerpt":"Rizoma #8 Enero 2022 Rota. De la Ra\u00edz al Noise (Segunda parte) Un festival de m\u00fasica experimental y arte sonoro. Direcci\u00f3n y curadur\u00eda: Selu Herraiz Co-direcci\u00f3n y asistencia curatorial: Elena Azzedin Organizado por AADK Spain en Blanca y Murcia los d\u00edas 18, 19 y 20 de noviembre de 2021 en Blanca y Murcia. 00:00 \/&hellip;","_links":{"self":[{"href":"https:\/\/teslafm.net\/en\/wp-json\/wp\/v2\/pages\/59312","targetHints":{"allow":["GET"]}}],"collection":[{"href":"https:\/\/teslafm.net\/en\/wp-json\/wp\/v2\/pages"}],"about":[{"href":"https:\/\/teslafm.net\/en\/wp-json\/wp\/v2\/types\/page"}],"author":[{"embeddable":true,"href":"https:\/\/teslafm.net\/en\/wp-json\/wp\/v2\/users\/19"}],"replies":[{"embeddable":true,"href":"https:\/\/teslafm.net\/en\/wp-json\/wp\/v2\/comments?post=59312"}],"version-history":[{"count":1,"href":"https:\/\/teslafm.net\/en\/wp-json\/wp\/v2\/pages\/59312\/revisions"}],"predecessor-version":[{"id":59313,"href":"https:\/\/teslafm.net\/en\/wp-json\/wp\/v2\/pages\/59312\/revisions\/59313"}],"wp:attachment":[{"href":"https:\/\/teslafm.net\/en\/wp-json\/wp\/v2\/media?parent=59312"}],"curies":[{"name":"wp","href":"https:\/\/api.w.org\/{rel}","templated":true}]}}