

{"id":59333,"date":"2022-01-25T20:40:17","date_gmt":"2022-01-25T19:40:17","guid":{"rendered":"https:\/\/teslafm.net\/?page_id=59333"},"modified":"2022-01-25T20:40:17","modified_gmt":"2022-01-25T19:40:17","slug":"space-oddity-recollection-29","status":"publish","type":"page","link":"https:\/\/teslafm.net\/en\/space-oddity-recollection-29\/","title":{"rendered":"Space Oddity Recollection #29"},"content":{"rendered":"<h2><span style=\"color: #ffffff;\"><strong>Space Oddity Recollection #29<\/strong><\/span><\/h2>\n<p><span style=\"color: #808080;\"><em>January 2022<\/em><\/span><\/p>\n<p><iframe src=\"https:\/\/www.mixcloud.com\/widget\/iframe\/?hide_cover=1&amp;feed=%2FTeslafm_net%2Fspace-oddity-recollection-29-monika-pich%2F\" width=\"100%\" height=\"120\" frameborder=\"0\"><\/iframe><\/p>\n<p><img fetchpriority=\"high\" decoding=\"async\" class=\"alignnone size-full wp-image-59334\" src=\"https:\/\/teslafm.net\/wp-content\/uploads\/2022\/01\/avatar_Antenna-Non-Grata.jpg\" alt=\"\" width=\"709\" height=\"709\" srcset=\"https:\/\/teslafm.net\/wp-content\/uploads\/2022\/01\/avatar_Antenna-Non-Grata.jpg 709w, https:\/\/teslafm.net\/wp-content\/uploads\/2022\/01\/avatar_Antenna-Non-Grata-300x300.jpg 300w, https:\/\/teslafm.net\/wp-content\/uploads\/2022\/01\/avatar_Antenna-Non-Grata-150x150.jpg 150w\" sizes=\"(max-width: 709px) 100vw, 709px\" \/><\/p>\n<p><span style=\"color: #808080;\"><em>Antenna Non Grata_Piotr Me\u0142ech_ Wojtek Kurek_ Micha\u0142 Kasperek_ \u0141ukasz Kacperczyk<\/em><\/span><\/p>\n<p><span style=\"color: #808080;\">A mix of pieces of music from two albums released by the Polish label <strong>Antenna Non Grata<\/strong>. There will be excerpts of pieces by clarinetist <strong>Piotr Me\u0142ech<\/strong> and the drummer <strong>Wojtek Kurek<\/strong> From the album titled \"Split here\" recorded in February 2018 and released on November 25, 2019. The second album whose excerpts will be presented is \"Cukier Third Source\", which includes works by. <strong>Piotr Me\u0142ech<\/strong> playing several clarinets, <strong>Micha\u0142 Kasperek<\/strong> playing drums and <strong>\u0141ukasz Kacperczyk<\/strong> a modular synthesizer. The album was recorded in March 2018 and released on May 20, 2019. These two studio albums were preceded by rehearsals, sound walks and concerts. Process. The music we will hear ranges from blues through jazz to free improvisation.<\/span><\/p>\n<p>&nbsp;<\/p>\n<p><span style=\"color: #808080;\">Links:<\/span><\/p>\n<p><a href=\"https:\/\/antennanongrata.bandcamp.com\/album\/cukier-third-source\" target=\"_blank\" rel=\"noopener\">antennanongrata.bandcamp.com\/album\/cukier-third-source<\/a><\/p>\n<p><a href=\"\/en\/antennanongrata.bandcamp.com\/album\/piotr-me-ech-wojtek-kurek-split-here\/\" target=\"_blank\" rel=\"noopener\">antennanongrata.bandcamp.com\/album\/piotr-me-ech-wojtek-kurek-split-here<\/a><\/p>\n<p>&nbsp;<\/p>\n<p><span style=\"color: #808080;\">Enjoy the mix, January 2022', produced by monikapich<\/span><\/p>","protected":false},"excerpt":{"rendered":"<p>Space Oddity Recollection #29 Enero 2022 Antenna Non Grata_Piotr Me\u0142ech_ Wojtek Kurek_ Micha\u0142 Kasperek_ \u0141ukasz Kacperczyk Una mezcla de piezas musicales de dos \u00e1lbumes publicados por el sello discogr\u00e1fico polaco Antenna Non Grata. Habr\u00e1 extractos de piezas del clarinetista Piotr Me\u0142ech y del baterista Wojtek Kurek del \u00e1lbum titulado \u00abSplit here\u00bb grabado en febrero de [&hellip;]<\/p>\n","protected":false},"author":19,"featured_media":0,"parent":0,"menu_order":0,"comment_status":"closed","ping_status":"closed","template":"","meta":{"footnotes":""},"class_list":["post-59333","page","type-page","status-publish","hentry"],"yoast_head":"<!-- This site is optimized with the Yoast SEO plugin v27.2 - https:\/\/yoast.com\/product\/yoast-seo-wordpress\/ -->\n<title>Space Oddity Recollection #29 -<\/title>\n<meta name=\"robots\" content=\"index, follow, max-snippet:-1, max-image-preview:large, max-video-preview:-1\" \/>\n<link rel=\"canonical\" href=\"https:\/\/teslafm.net\/en\/space-oddity-recollection-29\/\" \/>\n<meta property=\"og:locale\" content=\"en_US\" \/>\n<meta property=\"og:type\" content=\"article\" \/>\n<meta property=\"og:title\" content=\"Space Oddity Recollection #29 -\" \/>\n<meta property=\"og:description\" content=\"Space Oddity Recollection #29 Enero 2022 Antenna Non Grata_Piotr Me\u0142ech_ Wojtek Kurek_ Micha\u0142 Kasperek_ \u0141ukasz Kacperczyk Una mezcla de piezas musicales de dos \u00e1lbumes publicados por el sello discogr\u00e1fico polaco Antenna Non Grata. Habr\u00e1 extractos de piezas del clarinetista Piotr Me\u0142ech y del baterista Wojtek Kurek del \u00e1lbum titulado \u00abSplit here\u00bb grabado en febrero de [&hellip;]\" \/>\n<meta property=\"og:url\" content=\"https:\/\/teslafm.net\/en\/space-oddity-recollection-29\/\" \/>\n<meta property=\"article:publisher\" content=\"https:\/\/www.facebook.com\/teslafm.net\" \/>\n<meta property=\"og:image\" content=\"https:\/\/teslafm.net\/wp-content\/uploads\/2022\/01\/avatar_Antenna-Non-Grata.jpg\" \/>\n<meta name=\"twitter:card\" content=\"summary_large_image\" \/>\n<meta name=\"twitter:site\" content=\"@teslafm\" \/>\n<meta name=\"twitter:label1\" content=\"Est. reading time\" \/>\n\t<meta name=\"twitter:data1\" content=\"1 minute\" \/>\n<script type=\"application\/ld+json\" class=\"yoast-schema-graph\">{\"@context\":\"https:\/\/schema.org\",\"@graph\":[{\"@type\":\"WebPage\",\"@id\":\"https:\/\/teslafm.net\/space-oddity-recollection-29\/\",\"url\":\"https:\/\/teslafm.net\/space-oddity-recollection-29\/\",\"name\":\"Space Oddity Recollection #29 -\",\"isPartOf\":{\"@id\":\"https:\/\/teslafm.net\/#website\"},\"primaryImageOfPage\":{\"@id\":\"https:\/\/teslafm.net\/space-oddity-recollection-29\/#primaryimage\"},\"image\":{\"@id\":\"https:\/\/teslafm.net\/space-oddity-recollection-29\/#primaryimage\"},\"thumbnailUrl\":\"https:\/\/teslafm.net\/wp-content\/uploads\/2022\/01\/avatar_Antenna-Non-Grata.jpg\",\"datePublished\":\"2022-01-25T19:40:17+00:00\",\"breadcrumb\":{\"@id\":\"https:\/\/teslafm.net\/space-oddity-recollection-29\/#breadcrumb\"},\"inLanguage\":\"en-US\",\"potentialAction\":[{\"@type\":\"ReadAction\",\"target\":[\"https:\/\/teslafm.net\/space-oddity-recollection-29\/\"]}]},{\"@type\":\"ImageObject\",\"inLanguage\":\"en-US\",\"@id\":\"https:\/\/teslafm.net\/space-oddity-recollection-29\/#primaryimage\",\"url\":\"https:\/\/teslafm.net\/wp-content\/uploads\/2022\/01\/avatar_Antenna-Non-Grata.jpg\",\"contentUrl\":\"https:\/\/teslafm.net\/wp-content\/uploads\/2022\/01\/avatar_Antenna-Non-Grata.jpg\"},{\"@type\":\"BreadcrumbList\",\"@id\":\"https:\/\/teslafm.net\/space-oddity-recollection-29\/#breadcrumb\",\"itemListElement\":[{\"@type\":\"ListItem\",\"position\":1,\"name\":\"Portada\",\"item\":\"https:\/\/teslafm.net\/\"},{\"@type\":\"ListItem\",\"position\":2,\"name\":\"Space Oddity Recollection #29\"}]},{\"@type\":\"WebSite\",\"@id\":\"https:\/\/teslafm.net\/#website\",\"url\":\"https:\/\/teslafm.net\/\",\"name\":\"TeslaFM\",\"description\":\"An experimental and creative radio\",\"publisher\":{\"@id\":\"https:\/\/teslafm.net\/#organization\"},\"potentialAction\":[{\"@type\":\"SearchAction\",\"target\":{\"@type\":\"EntryPoint\",\"urlTemplate\":\"https:\/\/teslafm.net\/?s={search_term_string}\"},\"query-input\":{\"@type\":\"PropertyValueSpecification\",\"valueRequired\":true,\"valueName\":\"search_term_string\"}}],\"inLanguage\":\"en-US\"},{\"@type\":\"Organization\",\"@id\":\"https:\/\/teslafm.net\/#organization\",\"name\":\"TeslaFM\",\"url\":\"https:\/\/teslafm.net\/\",\"logo\":{\"@type\":\"ImageObject\",\"inLanguage\":\"en-US\",\"@id\":\"https:\/\/teslafm.net\/#\/schema\/logo\/image\/\",\"url\":\"https:\/\/teslafm.net\/wp-content\/uploads\/2020\/06\/logo-tesla.png\",\"contentUrl\":\"https:\/\/teslafm.net\/wp-content\/uploads\/2020\/06\/logo-tesla.png\",\"width\":512,\"height\":512,\"caption\":\"TeslaFM\"},\"image\":{\"@id\":\"https:\/\/teslafm.net\/#\/schema\/logo\/image\/\"},\"sameAs\":[\"https:\/\/www.facebook.com\/teslafm.net\",\"https:\/\/x.com\/teslafm\"]}]}<\/script>\n<!-- \/ Yoast SEO plugin. -->","yoast_head_json":{"title":"Space Oddity Recollection #29 -","robots":{"index":"index","follow":"follow","max-snippet":"max-snippet:-1","max-image-preview":"max-image-preview:large","max-video-preview":"max-video-preview:-1"},"canonical":"https:\/\/teslafm.net\/en\/space-oddity-recollection-29\/","og_locale":"en_US","og_type":"article","og_title":"Space Oddity Recollection #29 -","og_description":"Space Oddity Recollection #29 Enero 2022 Antenna Non Grata_Piotr Me\u0142ech_ Wojtek Kurek_ Micha\u0142 Kasperek_ \u0141ukasz Kacperczyk Una mezcla de piezas musicales de dos \u00e1lbumes publicados por el sello discogr\u00e1fico polaco Antenna Non Grata. Habr\u00e1 extractos de piezas del clarinetista Piotr Me\u0142ech y del baterista Wojtek Kurek del \u00e1lbum titulado \u00abSplit here\u00bb grabado en febrero de [&hellip;]","og_url":"https:\/\/teslafm.net\/en\/space-oddity-recollection-29\/","article_publisher":"https:\/\/www.facebook.com\/teslafm.net","og_image":[{"url":"https:\/\/teslafm.net\/wp-content\/uploads\/2022\/01\/avatar_Antenna-Non-Grata.jpg","type":"","width":"","height":""}],"twitter_card":"summary_large_image","twitter_site":"@teslafm","twitter_misc":{"Est. reading time":"1 minute"},"schema":{"@context":"https:\/\/schema.org","@graph":[{"@type":"WebPage","@id":"https:\/\/teslafm.net\/space-oddity-recollection-29\/","url":"https:\/\/teslafm.net\/space-oddity-recollection-29\/","name":"Space Oddity Recollection #29 -","isPartOf":{"@id":"https:\/\/teslafm.net\/#website"},"primaryImageOfPage":{"@id":"https:\/\/teslafm.net\/space-oddity-recollection-29\/#primaryimage"},"image":{"@id":"https:\/\/teslafm.net\/space-oddity-recollection-29\/#primaryimage"},"thumbnailUrl":"https:\/\/teslafm.net\/wp-content\/uploads\/2022\/01\/avatar_Antenna-Non-Grata.jpg","datePublished":"2022-01-25T19:40:17+00:00","breadcrumb":{"@id":"https:\/\/teslafm.net\/space-oddity-recollection-29\/#breadcrumb"},"inLanguage":"en-US","potentialAction":[{"@type":"ReadAction","target":["https:\/\/teslafm.net\/space-oddity-recollection-29\/"]}]},{"@type":"ImageObject","inLanguage":"en-US","@id":"https:\/\/teslafm.net\/space-oddity-recollection-29\/#primaryimage","url":"https:\/\/teslafm.net\/wp-content\/uploads\/2022\/01\/avatar_Antenna-Non-Grata.jpg","contentUrl":"https:\/\/teslafm.net\/wp-content\/uploads\/2022\/01\/avatar_Antenna-Non-Grata.jpg"},{"@type":"BreadcrumbList","@id":"https:\/\/teslafm.net\/space-oddity-recollection-29\/#breadcrumb","itemListElement":[{"@type":"ListItem","position":1,"name":"Portada","item":"https:\/\/teslafm.net\/"},{"@type":"ListItem","position":2,"name":"Space Oddity Recollection #29"}]},{"@type":"WebSite","@id":"https:\/\/teslafm.net\/#website","url":"https:\/\/teslafm.net\/","name":"TeslaFM","description":"An experimental and creative radio","publisher":{"@id":"https:\/\/teslafm.net\/#organization"},"potentialAction":[{"@type":"SearchAction","target":{"@type":"EntryPoint","urlTemplate":"https:\/\/teslafm.net\/?s={search_term_string}"},"query-input":{"@type":"PropertyValueSpecification","valueRequired":true,"valueName":"search_term_string"}}],"inLanguage":"en-US"},{"@type":"Organization","@id":"https:\/\/teslafm.net\/#organization","name":"TeslaFM","url":"https:\/\/teslafm.net\/","logo":{"@type":"ImageObject","inLanguage":"en-US","@id":"https:\/\/teslafm.net\/#\/schema\/logo\/image\/","url":"https:\/\/teslafm.net\/wp-content\/uploads\/2020\/06\/logo-tesla.png","contentUrl":"https:\/\/teslafm.net\/wp-content\/uploads\/2020\/06\/logo-tesla.png","width":512,"height":512,"caption":"TeslaFM"},"image":{"@id":"https:\/\/teslafm.net\/#\/schema\/logo\/image\/"},"sameAs":["https:\/\/www.facebook.com\/teslafm.net","https:\/\/x.com\/teslafm"]}]}},"rttpg_featured_image_url":null,"rttpg_author":{"display_name":"Ishak","author_link":"https:\/\/teslafm.net\/en\/author\/cravan\/"},"rttpg_comment":0,"rttpg_category":null,"rttpg_excerpt":"Space Oddity Recollection #29 Enero 2022 Antenna Non Grata_Piotr Me\u0142ech_ Wojtek Kurek_ Micha\u0142 Kasperek_ \u0141ukasz Kacperczyk Una mezcla de piezas musicales de dos \u00e1lbumes publicados por el sello discogr\u00e1fico polaco Antenna Non Grata. Habr\u00e1 extractos de piezas del clarinetista Piotr Me\u0142ech y del baterista Wojtek Kurek del \u00e1lbum titulado \u00abSplit here\u00bb grabado en febrero de&hellip;","_links":{"self":[{"href":"https:\/\/teslafm.net\/en\/wp-json\/wp\/v2\/pages\/59333","targetHints":{"allow":["GET"]}}],"collection":[{"href":"https:\/\/teslafm.net\/en\/wp-json\/wp\/v2\/pages"}],"about":[{"href":"https:\/\/teslafm.net\/en\/wp-json\/wp\/v2\/types\/page"}],"author":[{"embeddable":true,"href":"https:\/\/teslafm.net\/en\/wp-json\/wp\/v2\/users\/19"}],"replies":[{"embeddable":true,"href":"https:\/\/teslafm.net\/en\/wp-json\/wp\/v2\/comments?post=59333"}],"version-history":[{"count":1,"href":"https:\/\/teslafm.net\/en\/wp-json\/wp\/v2\/pages\/59333\/revisions"}],"predecessor-version":[{"id":59336,"href":"https:\/\/teslafm.net\/en\/wp-json\/wp\/v2\/pages\/59333\/revisions\/59336"}],"wp:attachment":[{"href":"https:\/\/teslafm.net\/en\/wp-json\/wp\/v2\/media?parent=59333"}],"curies":[{"name":"wp","href":"https:\/\/api.w.org\/{rel}","templated":true}]}}