

{"id":59393,"date":"2022-02-08T16:56:05","date_gmt":"2022-02-08T15:56:05","guid":{"rendered":"https:\/\/teslafm.net\/?page_id=59393"},"modified":"2022-02-08T18:07:41","modified_gmt":"2022-02-08T17:07:41","slug":"ananke-34","status":"publish","type":"page","link":"https:\/\/teslafm.net\/en\/ananke-34\/","title":{"rendered":"Anank\u00e9 #34"},"content":{"rendered":"<h2><span style=\"color: #ffffff;\"><strong>Anank\u00e9 chapter XXXIV<\/strong><\/span><\/h2>\n<p><span style=\"color: #808080;\"><em>February 2022<\/em><\/span><\/p>\n<p><iframe src=\"https:\/\/www.mixcloud.com\/widget\/iframe\/?hide_cover=1&amp;feed=%2FTeslafm_net%2Fanank%C3%A9-34-jaco%2F\" width=\"100%\" height=\"120\" frameborder=\"0\"><\/iframe><\/p>\n<p><span style=\"color: #808080;\"> Mixed session with new songs, melodies and drones, proto-songs and ideas, bits and pieces and collaborations. All unreleased and mastered. Produced, mixed and composed by <strong>Jaco<\/strong>. Lyrics and voice of <strong>Larry Rodriguez<\/strong>. With the participation of <strong>Laia Arqueros Claramunt<\/strong>, <strong>Cyanide Sea<\/strong>, <strong>Dani Cardevore<\/strong>, <strong>Zozobra<\/strong>, <strong>Krapoola<\/strong> and <strong>Rafael Romero<\/strong>.<\/span><\/p>","protected":false},"excerpt":{"rendered":"<p>Anank\u00e9 chapter XXXIV February 2022 Mixed session with new songs, melodies and drones, proto-songs and ideas, pieces and collaborations. All unreleased and mastered. Produced, mixed and composed by Jaco. Lyrics and vocals by Larry Rodriguez. With the participation of Laia Arqueros Claramunt, Mar Cianuro, Dani Cardevore, Zozobra, Krapoola and Rafael Romero.<\/p>","protected":false},"author":19,"featured_media":0,"parent":0,"menu_order":0,"comment_status":"closed","ping_status":"closed","template":"","meta":{"footnotes":""},"class_list":["post-59393","page","type-page","status-publish","hentry"],"yoast_head":"<!-- This site is optimized with the Yoast SEO plugin v27.2 - https:\/\/yoast.com\/product\/yoast-seo-wordpress\/ -->\n<title>Anank\u00e9 #34 -<\/title>\n<meta name=\"robots\" content=\"index, follow, max-snippet:-1, max-image-preview:large, max-video-preview:-1\" \/>\n<link rel=\"canonical\" href=\"https:\/\/teslafm.net\/en\/ananke-34\/\" \/>\n<meta property=\"og:locale\" content=\"en_US\" \/>\n<meta property=\"og:type\" content=\"article\" \/>\n<meta property=\"og:title\" content=\"Anank\u00e9 #34 -\" \/>\n<meta property=\"og:description\" content=\"Anank\u00e9 cap\u00edtulo XXXIV Febrero 2022 Sesi\u00f3n mezclada con canciones nuevas, melod\u00edas y drones, proto-canciones e ideas, pedazos y colaboraciones. Todas in\u00e9ditas y masterizarada. Producido, mezclado y compuesto por Jaco. Letras y voz de Larry Rodr\u00edguez. Con la participaci\u00f3n de Laia Arqueros Claramunt, Mar Cianuro, Dani Cardevore, Zozobra, Krapoola y Rafael Romero.\" \/>\n<meta property=\"og:url\" content=\"https:\/\/teslafm.net\/en\/ananke-34\/\" \/>\n<meta property=\"article:publisher\" content=\"https:\/\/www.facebook.com\/teslafm.net\" \/>\n<meta property=\"article:modified_time\" content=\"2022-02-08T17:07:41+00:00\" \/>\n<meta property=\"og:image\" content=\"https:\/\/teslafm.net\/wp-content\/uploads\/2022\/09\/header-image-4-temp.png\" \/>\n\t<meta property=\"og:image:width\" content=\"1274\" \/>\n\t<meta property=\"og:image:height\" content=\"818\" \/>\n\t<meta property=\"og:image:type\" content=\"image\/png\" \/>\n<meta name=\"twitter:card\" content=\"summary_large_image\" \/>\n<meta name=\"twitter:site\" content=\"@teslafm\" \/>\n<meta name=\"twitter:label1\" content=\"Est. reading time\" \/>\n\t<meta name=\"twitter:data1\" content=\"1 minute\" \/>\n<script type=\"application\/ld+json\" class=\"yoast-schema-graph\">{\"@context\":\"https:\/\/schema.org\",\"@graph\":[{\"@type\":\"WebPage\",\"@id\":\"https:\/\/teslafm.net\/ananke-34\/\",\"url\":\"https:\/\/teslafm.net\/ananke-34\/\",\"name\":\"Anank\u00e9 #34 -\",\"isPartOf\":{\"@id\":\"https:\/\/teslafm.net\/#website\"},\"datePublished\":\"2022-02-08T15:56:05+00:00\",\"dateModified\":\"2022-02-08T17:07:41+00:00\",\"breadcrumb\":{\"@id\":\"https:\/\/teslafm.net\/ananke-34\/#breadcrumb\"},\"inLanguage\":\"en-US\",\"potentialAction\":[{\"@type\":\"ReadAction\",\"target\":[\"https:\/\/teslafm.net\/ananke-34\/\"]}]},{\"@type\":\"BreadcrumbList\",\"@id\":\"https:\/\/teslafm.net\/ananke-34\/#breadcrumb\",\"itemListElement\":[{\"@type\":\"ListItem\",\"position\":1,\"name\":\"Portada\",\"item\":\"https:\/\/teslafm.net\/\"},{\"@type\":\"ListItem\",\"position\":2,\"name\":\"Anank\u00e9 #34\"}]},{\"@type\":\"WebSite\",\"@id\":\"https:\/\/teslafm.net\/#website\",\"url\":\"https:\/\/teslafm.net\/\",\"name\":\"TeslaFM\",\"description\":\"An experimental and creative radio\",\"publisher\":{\"@id\":\"https:\/\/teslafm.net\/#organization\"},\"potentialAction\":[{\"@type\":\"SearchAction\",\"target\":{\"@type\":\"EntryPoint\",\"urlTemplate\":\"https:\/\/teslafm.net\/?s={search_term_string}\"},\"query-input\":{\"@type\":\"PropertyValueSpecification\",\"valueRequired\":true,\"valueName\":\"search_term_string\"}}],\"inLanguage\":\"en-US\"},{\"@type\":\"Organization\",\"@id\":\"https:\/\/teslafm.net\/#organization\",\"name\":\"TeslaFM\",\"url\":\"https:\/\/teslafm.net\/\",\"logo\":{\"@type\":\"ImageObject\",\"inLanguage\":\"en-US\",\"@id\":\"https:\/\/teslafm.net\/#\/schema\/logo\/image\/\",\"url\":\"https:\/\/teslafm.net\/wp-content\/uploads\/2020\/06\/logo-tesla.png\",\"contentUrl\":\"https:\/\/teslafm.net\/wp-content\/uploads\/2020\/06\/logo-tesla.png\",\"width\":512,\"height\":512,\"caption\":\"TeslaFM\"},\"image\":{\"@id\":\"https:\/\/teslafm.net\/#\/schema\/logo\/image\/\"},\"sameAs\":[\"https:\/\/www.facebook.com\/teslafm.net\",\"https:\/\/x.com\/teslafm\"]}]}<\/script>\n<!-- \/ Yoast SEO plugin. -->","yoast_head_json":{"title":"Anank\u00e9 #34 -","robots":{"index":"index","follow":"follow","max-snippet":"max-snippet:-1","max-image-preview":"max-image-preview:large","max-video-preview":"max-video-preview:-1"},"canonical":"https:\/\/teslafm.net\/en\/ananke-34\/","og_locale":"en_US","og_type":"article","og_title":"Anank\u00e9 #34 -","og_description":"Anank\u00e9 cap\u00edtulo XXXIV Febrero 2022 Sesi\u00f3n mezclada con canciones nuevas, melod\u00edas y drones, proto-canciones e ideas, pedazos y colaboraciones. Todas in\u00e9ditas y masterizarada. Producido, mezclado y compuesto por Jaco. Letras y voz de Larry Rodr\u00edguez. Con la participaci\u00f3n de Laia Arqueros Claramunt, Mar Cianuro, Dani Cardevore, Zozobra, Krapoola y Rafael Romero.","og_url":"https:\/\/teslafm.net\/en\/ananke-34\/","article_publisher":"https:\/\/www.facebook.com\/teslafm.net","article_modified_time":"2022-02-08T17:07:41+00:00","og_image":[{"width":1274,"height":818,"url":"https:\/\/teslafm.net\/wp-content\/uploads\/2022\/09\/header-image-4-temp.png","type":"image\/png"}],"twitter_card":"summary_large_image","twitter_site":"@teslafm","twitter_misc":{"Est. reading time":"1 minute"},"schema":{"@context":"https:\/\/schema.org","@graph":[{"@type":"WebPage","@id":"https:\/\/teslafm.net\/ananke-34\/","url":"https:\/\/teslafm.net\/ananke-34\/","name":"Anank\u00e9 #34 -","isPartOf":{"@id":"https:\/\/teslafm.net\/#website"},"datePublished":"2022-02-08T15:56:05+00:00","dateModified":"2022-02-08T17:07:41+00:00","breadcrumb":{"@id":"https:\/\/teslafm.net\/ananke-34\/#breadcrumb"},"inLanguage":"en-US","potentialAction":[{"@type":"ReadAction","target":["https:\/\/teslafm.net\/ananke-34\/"]}]},{"@type":"BreadcrumbList","@id":"https:\/\/teslafm.net\/ananke-34\/#breadcrumb","itemListElement":[{"@type":"ListItem","position":1,"name":"Portada","item":"https:\/\/teslafm.net\/"},{"@type":"ListItem","position":2,"name":"Anank\u00e9 #34"}]},{"@type":"WebSite","@id":"https:\/\/teslafm.net\/#website","url":"https:\/\/teslafm.net\/","name":"TeslaFM","description":"An experimental and creative radio","publisher":{"@id":"https:\/\/teslafm.net\/#organization"},"potentialAction":[{"@type":"SearchAction","target":{"@type":"EntryPoint","urlTemplate":"https:\/\/teslafm.net\/?s={search_term_string}"},"query-input":{"@type":"PropertyValueSpecification","valueRequired":true,"valueName":"search_term_string"}}],"inLanguage":"en-US"},{"@type":"Organization","@id":"https:\/\/teslafm.net\/#organization","name":"TeslaFM","url":"https:\/\/teslafm.net\/","logo":{"@type":"ImageObject","inLanguage":"en-US","@id":"https:\/\/teslafm.net\/#\/schema\/logo\/image\/","url":"https:\/\/teslafm.net\/wp-content\/uploads\/2020\/06\/logo-tesla.png","contentUrl":"https:\/\/teslafm.net\/wp-content\/uploads\/2020\/06\/logo-tesla.png","width":512,"height":512,"caption":"TeslaFM"},"image":{"@id":"https:\/\/teslafm.net\/#\/schema\/logo\/image\/"},"sameAs":["https:\/\/www.facebook.com\/teslafm.net","https:\/\/x.com\/teslafm"]}]}},"rttpg_featured_image_url":null,"rttpg_author":{"display_name":"Ishak","author_link":"https:\/\/teslafm.net\/en\/author\/cravan\/"},"rttpg_comment":0,"rttpg_category":null,"rttpg_excerpt":"Anank\u00e9 cap\u00edtulo XXXIV Febrero 2022 Sesi\u00f3n mezclada con canciones nuevas, melod\u00edas y drones, proto-canciones e ideas, pedazos y colaboraciones. Todas in\u00e9ditas y masterizarada. Producido, mezclado y compuesto por Jaco. Letras y voz de Larry Rodr\u00edguez. Con la participaci\u00f3n de Laia Arqueros Claramunt, Mar Cianuro, Dani Cardevore, Zozobra, Krapoola y Rafael Romero.","_links":{"self":[{"href":"https:\/\/teslafm.net\/en\/wp-json\/wp\/v2\/pages\/59393","targetHints":{"allow":["GET"]}}],"collection":[{"href":"https:\/\/teslafm.net\/en\/wp-json\/wp\/v2\/pages"}],"about":[{"href":"https:\/\/teslafm.net\/en\/wp-json\/wp\/v2\/types\/page"}],"author":[{"embeddable":true,"href":"https:\/\/teslafm.net\/en\/wp-json\/wp\/v2\/users\/19"}],"replies":[{"embeddable":true,"href":"https:\/\/teslafm.net\/en\/wp-json\/wp\/v2\/comments?post=59393"}],"version-history":[{"count":5,"href":"https:\/\/teslafm.net\/en\/wp-json\/wp\/v2\/pages\/59393\/revisions"}],"predecessor-version":[{"id":59399,"href":"https:\/\/teslafm.net\/en\/wp-json\/wp\/v2\/pages\/59393\/revisions\/59399"}],"wp:attachment":[{"href":"https:\/\/teslafm.net\/en\/wp-json\/wp\/v2\/media?parent=59393"}],"curies":[{"name":"wp","href":"https:\/\/api.w.org\/{rel}","templated":true}]}}