

{"id":59442,"date":"2022-02-17T19:19:33","date_gmt":"2022-02-17T18:19:33","guid":{"rendered":"https:\/\/teslafm.net\/?page_id=59442"},"modified":"2022-02-20T09:53:37","modified_gmt":"2022-02-20T08:53:37","slug":"luna-llena-19","status":"publish","type":"page","link":"https:\/\/teslafm.net\/en\/luna-llena-19\/","title":{"rendered":"Full Moon #19"},"content":{"rendered":"<h2><span style=\"color: #ffffff;\"><strong>Full Moon #19<\/strong><\/span><\/h2>\n<p><span style=\"color: #808080;\"><em>A place in the cemetery<\/em><\/span><\/p>\n<p><iframe src=\"https:\/\/www.mixcloud.com\/widget\/iframe\/?hide_cover=1&amp;feed=%2FTeslafm_net%2Fluna-llena-19-un-lugar-en-el-cementerio%2F\" width=\"100%\" height=\"120\" frameborder=\"0\"><\/iframe><\/p>\n<p><img fetchpriority=\"high\" decoding=\"async\" class=\"alignnone size-full wp-image-59443\" src=\"https:\/\/teslafm.net\/wp-content\/uploads\/2022\/02\/cementerio.jpg\" alt=\"\" width=\"1000\" height=\"750\" srcset=\"https:\/\/teslafm.net\/wp-content\/uploads\/2022\/02\/cementerio.jpg 1000w, https:\/\/teslafm.net\/wp-content\/uploads\/2022\/02\/cementerio-300x225.jpg 300w, https:\/\/teslafm.net\/wp-content\/uploads\/2022\/02\/cementerio-768x576.jpg 768w\" sizes=\"(max-width: 1000px) 100vw, 1000px\" \/><\/p>\n<p><span style=\"color: #808080;\">Today we stroll with the full moon through cemeteries and cemeteries. We reflect on these sites, more peaceful in some than in others, the resting place of our ancestors, the seed of culture and stories. Renowned cemeteries, battlefields, mass graves... The souls of the deceased crowd together. Sometimes they watch over us, sometimes they warn us, sometimes they ask for help and sometimes they are carried away by the wind in a whirlpool of electromagnetic fields, recycling their bones, slabs and eating their flesh with the famines.<\/span><\/p>\n<p>&nbsp;<\/p>\n<p><span style=\"color: #808080;\">Musical themes and sound recordings:<\/span><\/p>\n<p><span style=\"color: #808080;\">01. P\u00e8re-Lachaise Cemetery (Paris)<\/span><br \/>\n<span style=\"color: #808080;\">02. <strong>Fr\u00e9d\u00e9ric Fran\u00e7ois Chopin<\/strong> - Funeral March<\/span><br \/>\n<span style=\"color: #808080;\">03. The most spooky tables in Madrid<\/span><br \/>\n<span style=\"color: #808080;\">04. <strong>Lydia Mendoza<\/strong> - The Black Wedding<\/span><br \/>\n<span style=\"color: #808080;\">05. Highgate Cemetery (London)<\/span><br \/>\n<span style=\"color: #808080;\">06. <strong>The Smiths<\/strong> - Cemetry Gates<\/span><br \/>\n<span style=\"color: #808080;\">07. Cemetery of Staglieno (Genoa)<\/span><br \/>\n<span style=\"color: #808080;\">08. <strong>Gustavo Adolfo B\u00e9cquer<\/strong> - How lonely the dead are left alone<\/span><br \/>\n<span style=\"color: #808080;\">09. Toque y Repique a Muerto, Catedral Alcal\u00e1 de Henares.<\/span><br \/>\n<span style=\"color: #808080;\">10. <strong>Antonin Dvorak<\/strong> - Requiem<\/span><br \/>\n<span style=\"color: #808080;\">11. Personal recordings<\/span><br \/>\n<span style=\"color: #808080;\">12. Personal recordings<\/span><br \/>\n<span style=\"color: #808080;\">13. <strong>Benjamin Britten<\/strong> - War Requiem<\/span><br \/>\n<span style=\"color: #808080;\">14. Milenio 3 - Interview with <strong>Francesc Miralles<\/strong><\/span><br \/>\n<span style=\"color: #808080;\">15. <strong>Alberto del Arco<\/strong> and <strong>Clau Rizo<\/strong> - Visit to Indigenous Cemetery<\/span><br \/>\n<span style=\"color: #808080;\">16. <strong>Lakota Drums<\/strong> - Ethereal Blessing<\/span><br \/>\n<span style=\"color: #808080;\">17. <strong>Xabier Benguerel<\/strong> - Requiem<\/span><br \/>\n<span style=\"color: #808080;\">18. Tibetan Bowls<\/span><br \/>\n<span style=\"color: #808080;\">19. Drums of the Brotherhood of the Passion of the Lord, Guadalajara.<\/span><br \/>\n<span style=\"color: #808080;\">20. <strong>Fr\u00e9d\u00e9ric Fran\u00e7ois Chopin<\/strong> - Funeral March<\/span><br \/>\n<span style=\"color: #808080;\">21. Study 1 - Don Juan Tenorio, <strong>Zorrilla<\/strong><\/span><br \/>\n<span style=\"color: #808080;\">22. <strong>Michael Nyman<\/strong> -Twelve Years Since<\/span><\/p>","protected":false},"excerpt":{"rendered":"<p>Luna Llena #19 Un lugar en el cementerio Hoy paseamos con la luna llena por los cementerios y camposantos. Reflexionamos sobre estos sitios m\u00e1s llenos de paz en algunos que en otros, reposo de nuestros antepasados, germen de cultura y relatos. Cementerios de renombre, campos de batalla, fosas comunes&#8230; Las almas de los fallecidos se [&hellip;]<\/p>\n","protected":false},"author":19,"featured_media":0,"parent":0,"menu_order":0,"comment_status":"closed","ping_status":"closed","template":"","meta":{"footnotes":""},"class_list":["post-59442","page","type-page","status-publish","hentry"],"yoast_head":"<!-- This site is optimized with the Yoast SEO plugin v27.2 - https:\/\/yoast.com\/product\/yoast-seo-wordpress\/ -->\n<title>Luna llena #19 -<\/title>\n<meta name=\"robots\" content=\"index, follow, max-snippet:-1, max-image-preview:large, max-video-preview:-1\" \/>\n<link rel=\"canonical\" href=\"https:\/\/teslafm.net\/en\/luna-llena-19\/\" \/>\n<meta property=\"og:locale\" content=\"en_US\" \/>\n<meta property=\"og:type\" content=\"article\" \/>\n<meta property=\"og:title\" content=\"Luna llena #19 -\" \/>\n<meta property=\"og:description\" content=\"Luna Llena #19 Un lugar en el cementerio Hoy paseamos con la luna llena por los cementerios y camposantos. Reflexionamos sobre estos sitios m\u00e1s llenos de paz en algunos que en otros, reposo de nuestros antepasados, germen de cultura y relatos. Cementerios de renombre, campos de batalla, fosas comunes&#8230; Las almas de los fallecidos se [&hellip;]\" \/>\n<meta property=\"og:url\" content=\"https:\/\/teslafm.net\/en\/luna-llena-19\/\" \/>\n<meta property=\"article:publisher\" content=\"https:\/\/www.facebook.com\/teslafm.net\" \/>\n<meta property=\"article:modified_time\" content=\"2022-02-20T08:53:37+00:00\" \/>\n<meta property=\"og:image\" content=\"https:\/\/teslafm.net\/wp-content\/uploads\/2022\/02\/cementerio.jpg\" \/>\n<meta name=\"twitter:card\" content=\"summary_large_image\" \/>\n<meta name=\"twitter:site\" content=\"@teslafm\" \/>\n<meta name=\"twitter:label1\" content=\"Est. reading time\" \/>\n\t<meta name=\"twitter:data1\" content=\"1 minute\" \/>\n<script type=\"application\/ld+json\" class=\"yoast-schema-graph\">{\"@context\":\"https:\/\/schema.org\",\"@graph\":[{\"@type\":\"WebPage\",\"@id\":\"https:\/\/teslafm.net\/luna-llena-19\/\",\"url\":\"https:\/\/teslafm.net\/luna-llena-19\/\",\"name\":\"Luna llena #19 -\",\"isPartOf\":{\"@id\":\"https:\/\/teslafm.net\/#website\"},\"primaryImageOfPage\":{\"@id\":\"https:\/\/teslafm.net\/luna-llena-19\/#primaryimage\"},\"image\":{\"@id\":\"https:\/\/teslafm.net\/luna-llena-19\/#primaryimage\"},\"thumbnailUrl\":\"https:\/\/teslafm.net\/wp-content\/uploads\/2022\/02\/cementerio.jpg\",\"datePublished\":\"2022-02-17T18:19:33+00:00\",\"dateModified\":\"2022-02-20T08:53:37+00:00\",\"breadcrumb\":{\"@id\":\"https:\/\/teslafm.net\/luna-llena-19\/#breadcrumb\"},\"inLanguage\":\"en-US\",\"potentialAction\":[{\"@type\":\"ReadAction\",\"target\":[\"https:\/\/teslafm.net\/luna-llena-19\/\"]}]},{\"@type\":\"ImageObject\",\"inLanguage\":\"en-US\",\"@id\":\"https:\/\/teslafm.net\/luna-llena-19\/#primaryimage\",\"url\":\"https:\/\/teslafm.net\/wp-content\/uploads\/2022\/02\/cementerio.jpg\",\"contentUrl\":\"https:\/\/teslafm.net\/wp-content\/uploads\/2022\/02\/cementerio.jpg\"},{\"@type\":\"BreadcrumbList\",\"@id\":\"https:\/\/teslafm.net\/luna-llena-19\/#breadcrumb\",\"itemListElement\":[{\"@type\":\"ListItem\",\"position\":1,\"name\":\"Portada\",\"item\":\"https:\/\/teslafm.net\/\"},{\"@type\":\"ListItem\",\"position\":2,\"name\":\"Luna llena #19\"}]},{\"@type\":\"WebSite\",\"@id\":\"https:\/\/teslafm.net\/#website\",\"url\":\"https:\/\/teslafm.net\/\",\"name\":\"TeslaFM\",\"description\":\"An experimental and creative radio\",\"publisher\":{\"@id\":\"https:\/\/teslafm.net\/#organization\"},\"potentialAction\":[{\"@type\":\"SearchAction\",\"target\":{\"@type\":\"EntryPoint\",\"urlTemplate\":\"https:\/\/teslafm.net\/?s={search_term_string}\"},\"query-input\":{\"@type\":\"PropertyValueSpecification\",\"valueRequired\":true,\"valueName\":\"search_term_string\"}}],\"inLanguage\":\"en-US\"},{\"@type\":\"Organization\",\"@id\":\"https:\/\/teslafm.net\/#organization\",\"name\":\"TeslaFM\",\"url\":\"https:\/\/teslafm.net\/\",\"logo\":{\"@type\":\"ImageObject\",\"inLanguage\":\"en-US\",\"@id\":\"https:\/\/teslafm.net\/#\/schema\/logo\/image\/\",\"url\":\"https:\/\/teslafm.net\/wp-content\/uploads\/2020\/06\/logo-tesla.png\",\"contentUrl\":\"https:\/\/teslafm.net\/wp-content\/uploads\/2020\/06\/logo-tesla.png\",\"width\":512,\"height\":512,\"caption\":\"TeslaFM\"},\"image\":{\"@id\":\"https:\/\/teslafm.net\/#\/schema\/logo\/image\/\"},\"sameAs\":[\"https:\/\/www.facebook.com\/teslafm.net\",\"https:\/\/x.com\/teslafm\"]}]}<\/script>\n<!-- \/ Yoast SEO plugin. -->","yoast_head_json":{"title":"Full Moon #19 -","robots":{"index":"index","follow":"follow","max-snippet":"max-snippet:-1","max-image-preview":"max-image-preview:large","max-video-preview":"max-video-preview:-1"},"canonical":"https:\/\/teslafm.net\/en\/luna-llena-19\/","og_locale":"en_US","og_type":"article","og_title":"Luna llena #19 -","og_description":"Luna Llena #19 Un lugar en el cementerio Hoy paseamos con la luna llena por los cementerios y camposantos. Reflexionamos sobre estos sitios m\u00e1s llenos de paz en algunos que en otros, reposo de nuestros antepasados, germen de cultura y relatos. Cementerios de renombre, campos de batalla, fosas comunes&#8230; Las almas de los fallecidos se [&hellip;]","og_url":"https:\/\/teslafm.net\/en\/luna-llena-19\/","article_publisher":"https:\/\/www.facebook.com\/teslafm.net","article_modified_time":"2022-02-20T08:53:37+00:00","og_image":[{"url":"https:\/\/teslafm.net\/wp-content\/uploads\/2022\/02\/cementerio.jpg","type":"","width":"","height":""}],"twitter_card":"summary_large_image","twitter_site":"@teslafm","twitter_misc":{"Est. reading time":"1 minute"},"schema":{"@context":"https:\/\/schema.org","@graph":[{"@type":"WebPage","@id":"https:\/\/teslafm.net\/luna-llena-19\/","url":"https:\/\/teslafm.net\/luna-llena-19\/","name":"Full Moon #19 -","isPartOf":{"@id":"https:\/\/teslafm.net\/#website"},"primaryImageOfPage":{"@id":"https:\/\/teslafm.net\/luna-llena-19\/#primaryimage"},"image":{"@id":"https:\/\/teslafm.net\/luna-llena-19\/#primaryimage"},"thumbnailUrl":"https:\/\/teslafm.net\/wp-content\/uploads\/2022\/02\/cementerio.jpg","datePublished":"2022-02-17T18:19:33+00:00","dateModified":"2022-02-20T08:53:37+00:00","breadcrumb":{"@id":"https:\/\/teslafm.net\/luna-llena-19\/#breadcrumb"},"inLanguage":"en-US","potentialAction":[{"@type":"ReadAction","target":["https:\/\/teslafm.net\/luna-llena-19\/"]}]},{"@type":"ImageObject","inLanguage":"en-US","@id":"https:\/\/teslafm.net\/luna-llena-19\/#primaryimage","url":"https:\/\/teslafm.net\/wp-content\/uploads\/2022\/02\/cementerio.jpg","contentUrl":"https:\/\/teslafm.net\/wp-content\/uploads\/2022\/02\/cementerio.jpg"},{"@type":"BreadcrumbList","@id":"https:\/\/teslafm.net\/luna-llena-19\/#breadcrumb","itemListElement":[{"@type":"ListItem","position":1,"name":"Portada","item":"https:\/\/teslafm.net\/"},{"@type":"ListItem","position":2,"name":"Luna llena #19"}]},{"@type":"WebSite","@id":"https:\/\/teslafm.net\/#website","url":"https:\/\/teslafm.net\/","name":"TeslaFM","description":"An experimental and creative radio","publisher":{"@id":"https:\/\/teslafm.net\/#organization"},"potentialAction":[{"@type":"SearchAction","target":{"@type":"EntryPoint","urlTemplate":"https:\/\/teslafm.net\/?s={search_term_string}"},"query-input":{"@type":"PropertyValueSpecification","valueRequired":true,"valueName":"search_term_string"}}],"inLanguage":"en-US"},{"@type":"Organization","@id":"https:\/\/teslafm.net\/#organization","name":"TeslaFM","url":"https:\/\/teslafm.net\/","logo":{"@type":"ImageObject","inLanguage":"en-US","@id":"https:\/\/teslafm.net\/#\/schema\/logo\/image\/","url":"https:\/\/teslafm.net\/wp-content\/uploads\/2020\/06\/logo-tesla.png","contentUrl":"https:\/\/teslafm.net\/wp-content\/uploads\/2020\/06\/logo-tesla.png","width":512,"height":512,"caption":"TeslaFM"},"image":{"@id":"https:\/\/teslafm.net\/#\/schema\/logo\/image\/"},"sameAs":["https:\/\/www.facebook.com\/teslafm.net","https:\/\/x.com\/teslafm"]}]}},"rttpg_featured_image_url":null,"rttpg_author":{"display_name":"Ishak","author_link":"https:\/\/teslafm.net\/en\/author\/cravan\/"},"rttpg_comment":0,"rttpg_category":null,"rttpg_excerpt":"Luna Llena #19 Un lugar en el cementerio Hoy paseamos con la luna llena por los cementerios y camposantos. Reflexionamos sobre estos sitios m\u00e1s llenos de paz en algunos que en otros, reposo de nuestros antepasados, germen de cultura y relatos. Cementerios de renombre, campos de batalla, fosas comunes&#8230; Las almas de los fallecidos se&hellip;","_links":{"self":[{"href":"https:\/\/teslafm.net\/en\/wp-json\/wp\/v2\/pages\/59442","targetHints":{"allow":["GET"]}}],"collection":[{"href":"https:\/\/teslafm.net\/en\/wp-json\/wp\/v2\/pages"}],"about":[{"href":"https:\/\/teslafm.net\/en\/wp-json\/wp\/v2\/types\/page"}],"author":[{"embeddable":true,"href":"https:\/\/teslafm.net\/en\/wp-json\/wp\/v2\/users\/19"}],"replies":[{"embeddable":true,"href":"https:\/\/teslafm.net\/en\/wp-json\/wp\/v2\/comments?post=59442"}],"version-history":[{"count":2,"href":"https:\/\/teslafm.net\/en\/wp-json\/wp\/v2\/pages\/59442\/revisions"}],"predecessor-version":[{"id":59455,"href":"https:\/\/teslafm.net\/en\/wp-json\/wp\/v2\/pages\/59442\/revisions\/59455"}],"wp:attachment":[{"href":"https:\/\/teslafm.net\/en\/wp-json\/wp\/v2\/media?parent=59442"}],"curies":[{"name":"wp","href":"https:\/\/api.w.org\/{rel}","templated":true}]}}