

{"id":59451,"date":"2022-02-19T17:05:53","date_gmt":"2022-02-19T16:05:53","guid":{"rendered":"https:\/\/teslafm.net\/?page_id=59451"},"modified":"2022-02-19T17:05:53","modified_gmt":"2022-02-19T16:05:53","slug":"los-archivos-phonos-20","status":"publish","type":"page","link":"https:\/\/teslafm.net\/en\/los-archivos-phonos-20\/","title":{"rendered":"Phonos Files #20"},"content":{"rendered":"<h2><span style=\"color: #ffffff;\"><strong>Phonos Files #20<\/strong><\/span><\/h2>\n<p><span style=\"color: #808080;\"><em>February 2022<\/em><\/span><\/p>\n<p><iframe src=\"https:\/\/www.mixcloud.com\/widget\/iframe\/?hide_cover=1&amp;feed=%2FTeslafm_net%2Flos-archivos-phonos-20-%C3%A1ngel-faraldo%2F\" width=\"100%\" height=\"120\" frameborder=\"0\"><\/iframe><\/p>\n<p><span style=\"color: #808080;\">In the 20th issue of The Phonos Archives we continue the monographic on RSF Kobol started in the previous program. On this occasion, we present works generated around the exhibition \"Phonos, 40 years of electronic music in Barcelona\", presented at the Museum of Music of Barcelona, and in which <strong>Perfecto Herrera<\/strong> and <strong>Andr\u00e9s Lewin-Ricter<\/strong> presented works developed with the Kobol. In addition, we presented works for the Kobol de <strong>Estefania A.A.<\/strong> and <strong>R\u00f3c Jim\u00e9nez de Cisneros<\/strong>.<\/span><\/p>\n<p><span style=\"color: #808080;\">Content<\/span><\/p>\n<p><span style=\"color: #808080;\">(03'36\") Demo with the RSF Kobol by <strong>Perfecto Herrera<\/strong><\/span><br \/>\n<span style=\"color: #808080;\">02. (11'44\") <strong>Andr\u00e9s Lewin-Ricther<\/strong> (2014) Homage to Norman McLaren<\/span><br \/>\n<span style=\"color: #808080;\">03. (19'37\") <strong>Estefania A. A.<\/strong> (2014) Introspection<\/span><br \/>\n<span style=\"color: #808080;\">04. (32'47\") <strong>Roc Jim\u00e9nez de Cisneros<\/strong> (2014) Kobol-acid-Inflatable-Jump<\/span><\/p>","protected":false},"excerpt":{"rendered":"<p>Los Archivos Phonos #20 Febrero 2022 En la entrega n\u00famero 20 de Los Archivos Phonos continuamos el monogr\u00e1fico sobre el RSF Kobol iniciado en el programa anterior. En esta ocasi\u00f3n, presentamos obras generadas en torno a la exposici\u00f3n \u00abPhonos, 40 a\u00f1os de m\u00fasica electr\u00f3nica en Barcelona\u00bb, presentada en el Museo de la M\u00fasica de Barcelona, [&hellip;]<\/p>\n","protected":false},"author":19,"featured_media":0,"parent":0,"menu_order":0,"comment_status":"closed","ping_status":"closed","template":"","meta":{"footnotes":""},"class_list":["post-59451","page","type-page","status-publish","hentry"],"yoast_head":"<!-- This site is optimized with the Yoast SEO plugin v27.2 - https:\/\/yoast.com\/product\/yoast-seo-wordpress\/ -->\n<title>Los Archivos Phonos #20 -<\/title>\n<meta name=\"robots\" content=\"index, follow, max-snippet:-1, max-image-preview:large, max-video-preview:-1\" \/>\n<link rel=\"canonical\" href=\"https:\/\/teslafm.net\/en\/los-archivos-phonos-20\/\" \/>\n<meta property=\"og:locale\" content=\"en_US\" \/>\n<meta property=\"og:type\" content=\"article\" \/>\n<meta property=\"og:title\" content=\"Los Archivos Phonos #20 -\" \/>\n<meta property=\"og:description\" content=\"Los Archivos Phonos #20 Febrero 2022 En la entrega n\u00famero 20 de Los Archivos Phonos continuamos el monogr\u00e1fico sobre el RSF Kobol iniciado en el programa anterior. En esta ocasi\u00f3n, presentamos obras generadas en torno a la exposici\u00f3n \u00abPhonos, 40 a\u00f1os de m\u00fasica electr\u00f3nica en Barcelona\u00bb, presentada en el Museo de la M\u00fasica de Barcelona, [&hellip;]\" \/>\n<meta property=\"og:url\" content=\"https:\/\/teslafm.net\/en\/los-archivos-phonos-20\/\" \/>\n<meta property=\"article:publisher\" content=\"https:\/\/www.facebook.com\/teslafm.net\" \/>\n<meta property=\"og:image\" content=\"https:\/\/teslafm.net\/wp-content\/uploads\/2022\/09\/header-image-4-temp.png\" \/>\n\t<meta property=\"og:image:width\" content=\"1274\" \/>\n\t<meta property=\"og:image:height\" content=\"818\" \/>\n\t<meta property=\"og:image:type\" content=\"image\/png\" \/>\n<meta name=\"twitter:card\" content=\"summary_large_image\" \/>\n<meta name=\"twitter:site\" content=\"@teslafm\" \/>\n<meta name=\"twitter:label1\" content=\"Est. reading time\" \/>\n\t<meta name=\"twitter:data1\" content=\"1 minute\" \/>\n<script type=\"application\/ld+json\" class=\"yoast-schema-graph\">{\"@context\":\"https:\/\/schema.org\",\"@graph\":[{\"@type\":\"WebPage\",\"@id\":\"https:\/\/teslafm.net\/los-archivos-phonos-20\/\",\"url\":\"https:\/\/teslafm.net\/los-archivos-phonos-20\/\",\"name\":\"Los Archivos Phonos #20 -\",\"isPartOf\":{\"@id\":\"https:\/\/teslafm.net\/#website\"},\"datePublished\":\"2022-02-19T16:05:53+00:00\",\"breadcrumb\":{\"@id\":\"https:\/\/teslafm.net\/los-archivos-phonos-20\/#breadcrumb\"},\"inLanguage\":\"en-US\",\"potentialAction\":[{\"@type\":\"ReadAction\",\"target\":[\"https:\/\/teslafm.net\/los-archivos-phonos-20\/\"]}]},{\"@type\":\"BreadcrumbList\",\"@id\":\"https:\/\/teslafm.net\/los-archivos-phonos-20\/#breadcrumb\",\"itemListElement\":[{\"@type\":\"ListItem\",\"position\":1,\"name\":\"Portada\",\"item\":\"https:\/\/teslafm.net\/\"},{\"@type\":\"ListItem\",\"position\":2,\"name\":\"Los Archivos Phonos #20\"}]},{\"@type\":\"WebSite\",\"@id\":\"https:\/\/teslafm.net\/#website\",\"url\":\"https:\/\/teslafm.net\/\",\"name\":\"TeslaFM\",\"description\":\"An experimental and creative radio\",\"publisher\":{\"@id\":\"https:\/\/teslafm.net\/#organization\"},\"potentialAction\":[{\"@type\":\"SearchAction\",\"target\":{\"@type\":\"EntryPoint\",\"urlTemplate\":\"https:\/\/teslafm.net\/?s={search_term_string}\"},\"query-input\":{\"@type\":\"PropertyValueSpecification\",\"valueRequired\":true,\"valueName\":\"search_term_string\"}}],\"inLanguage\":\"en-US\"},{\"@type\":\"Organization\",\"@id\":\"https:\/\/teslafm.net\/#organization\",\"name\":\"TeslaFM\",\"url\":\"https:\/\/teslafm.net\/\",\"logo\":{\"@type\":\"ImageObject\",\"inLanguage\":\"en-US\",\"@id\":\"https:\/\/teslafm.net\/#\/schema\/logo\/image\/\",\"url\":\"https:\/\/teslafm.net\/wp-content\/uploads\/2020\/06\/logo-tesla.png\",\"contentUrl\":\"https:\/\/teslafm.net\/wp-content\/uploads\/2020\/06\/logo-tesla.png\",\"width\":512,\"height\":512,\"caption\":\"TeslaFM\"},\"image\":{\"@id\":\"https:\/\/teslafm.net\/#\/schema\/logo\/image\/\"},\"sameAs\":[\"https:\/\/www.facebook.com\/teslafm.net\",\"https:\/\/x.com\/teslafm\"]}]}<\/script>\n<!-- \/ Yoast SEO plugin. -->","yoast_head_json":{"title":"Los Archivos Phonos #20 -","robots":{"index":"index","follow":"follow","max-snippet":"max-snippet:-1","max-image-preview":"max-image-preview:large","max-video-preview":"max-video-preview:-1"},"canonical":"https:\/\/teslafm.net\/en\/los-archivos-phonos-20\/","og_locale":"en_US","og_type":"article","og_title":"Los Archivos Phonos #20 -","og_description":"Los Archivos Phonos #20 Febrero 2022 En la entrega n\u00famero 20 de Los Archivos Phonos continuamos el monogr\u00e1fico sobre el RSF Kobol iniciado en el programa anterior. En esta ocasi\u00f3n, presentamos obras generadas en torno a la exposici\u00f3n \u00abPhonos, 40 a\u00f1os de m\u00fasica electr\u00f3nica en Barcelona\u00bb, presentada en el Museo de la M\u00fasica de Barcelona, [&hellip;]","og_url":"https:\/\/teslafm.net\/en\/los-archivos-phonos-20\/","article_publisher":"https:\/\/www.facebook.com\/teslafm.net","og_image":[{"width":1274,"height":818,"url":"https:\/\/teslafm.net\/wp-content\/uploads\/2022\/09\/header-image-4-temp.png","type":"image\/png"}],"twitter_card":"summary_large_image","twitter_site":"@teslafm","twitter_misc":{"Est. reading time":"1 minute"},"schema":{"@context":"https:\/\/schema.org","@graph":[{"@type":"WebPage","@id":"https:\/\/teslafm.net\/los-archivos-phonos-20\/","url":"https:\/\/teslafm.net\/los-archivos-phonos-20\/","name":"Los Archivos Phonos #20 -","isPartOf":{"@id":"https:\/\/teslafm.net\/#website"},"datePublished":"2022-02-19T16:05:53+00:00","breadcrumb":{"@id":"https:\/\/teslafm.net\/los-archivos-phonos-20\/#breadcrumb"},"inLanguage":"en-US","potentialAction":[{"@type":"ReadAction","target":["https:\/\/teslafm.net\/los-archivos-phonos-20\/"]}]},{"@type":"BreadcrumbList","@id":"https:\/\/teslafm.net\/los-archivos-phonos-20\/#breadcrumb","itemListElement":[{"@type":"ListItem","position":1,"name":"Portada","item":"https:\/\/teslafm.net\/"},{"@type":"ListItem","position":2,"name":"Los Archivos Phonos #20"}]},{"@type":"WebSite","@id":"https:\/\/teslafm.net\/#website","url":"https:\/\/teslafm.net\/","name":"TeslaFM","description":"An experimental and creative radio","publisher":{"@id":"https:\/\/teslafm.net\/#organization"},"potentialAction":[{"@type":"SearchAction","target":{"@type":"EntryPoint","urlTemplate":"https:\/\/teslafm.net\/?s={search_term_string}"},"query-input":{"@type":"PropertyValueSpecification","valueRequired":true,"valueName":"search_term_string"}}],"inLanguage":"en-US"},{"@type":"Organization","@id":"https:\/\/teslafm.net\/#organization","name":"TeslaFM","url":"https:\/\/teslafm.net\/","logo":{"@type":"ImageObject","inLanguage":"en-US","@id":"https:\/\/teslafm.net\/#\/schema\/logo\/image\/","url":"https:\/\/teslafm.net\/wp-content\/uploads\/2020\/06\/logo-tesla.png","contentUrl":"https:\/\/teslafm.net\/wp-content\/uploads\/2020\/06\/logo-tesla.png","width":512,"height":512,"caption":"TeslaFM"},"image":{"@id":"https:\/\/teslafm.net\/#\/schema\/logo\/image\/"},"sameAs":["https:\/\/www.facebook.com\/teslafm.net","https:\/\/x.com\/teslafm"]}]}},"rttpg_featured_image_url":null,"rttpg_author":{"display_name":"Ishak","author_link":"https:\/\/teslafm.net\/en\/author\/cravan\/"},"rttpg_comment":0,"rttpg_category":null,"rttpg_excerpt":"Los Archivos Phonos #20 Febrero 2022 En la entrega n\u00famero 20 de Los Archivos Phonos continuamos el monogr\u00e1fico sobre el RSF Kobol iniciado en el programa anterior. En esta ocasi\u00f3n, presentamos obras generadas en torno a la exposici\u00f3n \u00abPhonos, 40 a\u00f1os de m\u00fasica electr\u00f3nica en Barcelona\u00bb, presentada en el Museo de la M\u00fasica de Barcelona,&hellip;","_links":{"self":[{"href":"https:\/\/teslafm.net\/en\/wp-json\/wp\/v2\/pages\/59451","targetHints":{"allow":["GET"]}}],"collection":[{"href":"https:\/\/teslafm.net\/en\/wp-json\/wp\/v2\/pages"}],"about":[{"href":"https:\/\/teslafm.net\/en\/wp-json\/wp\/v2\/types\/page"}],"author":[{"embeddable":true,"href":"https:\/\/teslafm.net\/en\/wp-json\/wp\/v2\/users\/19"}],"replies":[{"embeddable":true,"href":"https:\/\/teslafm.net\/en\/wp-json\/wp\/v2\/comments?post=59451"}],"version-history":[{"count":1,"href":"https:\/\/teslafm.net\/en\/wp-json\/wp\/v2\/pages\/59451\/revisions"}],"predecessor-version":[{"id":59452,"href":"https:\/\/teslafm.net\/en\/wp-json\/wp\/v2\/pages\/59451\/revisions\/59452"}],"wp:attachment":[{"href":"https:\/\/teslafm.net\/en\/wp-json\/wp\/v2\/media?parent=59451"}],"curies":[{"name":"wp","href":"https:\/\/api.w.org\/{rel}","templated":true}]}}