

{"id":59459,"date":"2022-02-22T17:06:05","date_gmt":"2022-02-22T16:06:05","guid":{"rendered":"https:\/\/teslafm.net\/?page_id=59459"},"modified":"2022-02-22T17:06:05","modified_gmt":"2022-02-22T16:06:05","slug":"space-oddity-recollection-30","status":"publish","type":"page","link":"https:\/\/teslafm.net\/en\/space-oddity-recollection-30\/","title":{"rendered":"Space Oddity Recollection #30"},"content":{"rendered":"<h2><span style=\"color: #ffffff;\"><strong>Space Oddity Recollection #30<\/strong><\/span><\/h2>\n<p><span style=\"color: #808080;\"><em>February 2022<\/em><\/span><\/p>\n<p><iframe src=\"https:\/\/www.mixcloud.com\/widget\/iframe\/?hide_cover=1&amp;feed=%2FTeslafm_net%2Fspace-oddity-recollection-30-monika-pich%2F\" width=\"100%\" height=\"120\" frameborder=\"0\"><\/iframe><\/p>\n<p><img fetchpriority=\"high\" decoding=\"async\" class=\"alignnone size-full wp-image-59460\" src=\"https:\/\/teslafm.net\/wp-content\/uploads\/2022\/02\/Rafal-Iwanski.jpg\" alt=\"\" width=\"591\" height=\"591\" srcset=\"https:\/\/teslafm.net\/wp-content\/uploads\/2022\/02\/Rafal-Iwanski.jpg 591w, https:\/\/teslafm.net\/wp-content\/uploads\/2022\/02\/Rafal-Iwanski-300x300.jpg 300w, https:\/\/teslafm.net\/wp-content\/uploads\/2022\/02\/Rafal-Iwanski-150x150.jpg 150w\" sizes=\"(max-width: 591px) 100vw, 591px\" \/><\/p>\n<p><span style=\"color: #808080;\"><em>Rafa\u0142 Iwa\u0144ski a.k.a X-NAVI:ET<\/em><\/span><\/p>\n<p><span style=\"color: #808080;\">A mantric sound show comprising pieces from various music albums, composed and recorded by <strong>Rafa\u0142 Iwa\u0144ski<\/strong> a.k.a <strong>X-NAVI:ET<\/strong>. This name belongs to one of the gods of the future and demon of chaos. <strong>Rafa\u0142 Iwa\u0144ski<\/strong> is a sound artist, percussionist and ethnologist by training. He creates electroacoustic music composed of sounds from electronic and acoustic instruments, as well as found sounds. His music resonates with drone sounds accompanied by delays\/loops, effects and layers of trance sounds made by live instruments. He also co-creates with groups such as: <strong>Kapital<\/strong>,<strong> Voices of the Cosmos<\/strong>,<strong> Hati<\/strong>,<strong> Innercity Ensemble <\/strong>and<strong> Alameda5<\/strong>.<\/span><\/p>\n<p><span style=\"color: #808080;\">The selected tracks used in the mix are as follows:<\/span><\/p>\n<ul>\n<li>\n<p lang=\"pl-PL\"><span lang=\"en-US\" style=\"color: #808080;\">X-Navi:Et - Technosis - Orient Melancholia<\/span><\/p>\n<\/li>\n<li>\n<p lang=\"pl-PL\"><span lang=\"en-US\" style=\"color: #808080;\">X-Navi:Et - Machina Nova Vox Paradox - Neo Primitiv<\/span><\/p>\n<\/li>\n<li>\n<p lang=\"pl-PL\"><span lang=\"en-US\" style=\"color: #808080;\">X-Navi:Et - Technosis - Pseudo-Ambient<\/span><\/p>\n<\/li>\n<li>\n<p lang=\"pl-PL\"><span lang=\"en-US\" style=\"color: #808080;\">X-Navi:Et - Dead City Voices - Garden Paradox<\/span><\/p>\n<\/li>\n<li>\n<p lang=\"pl-PL\"><span lang=\"en-US\" style=\"color: #808080;\">X-Navi:Et - Technosis - 08 - Alchemy of Sounds<\/span><\/p>\n<\/li>\n<li>\n<p lang=\"pl-PL\"><span lang=\"en-US\" style=\"color: #808080;\">X-Navi:Et - Machina Nova Vox Paradox - Vox Paradox<\/span><\/p>\n<\/li>\n<li>\n<p lang=\"pl-PL\"><span style=\"color: #808080;\">X-Navi:Et - Aurum II<\/span><\/p>\n<\/li>\n<li>\n<p lang=\"pl-PL\"><span style=\"color: #808080;\">X-Navi:Et - Aurum I<\/span><\/p>\n<\/li>\n<li>\n<p lang=\"pl-PL\"><span lang=\"en-US\" style=\"color: #808080;\">X-Navi:Et - Machina Nova Vox Paradox - Pseudo<\/span><\/p>\n<\/li>\n<li>\n<p lang=\"pl-PL\"><span style=\"color: #808080;\">X-Navi:Et - Technosis - Oto Technosis<\/span><\/p>\n<\/li>\n<li>\n<p lang=\"pl-PL\"><span lang=\"en-US\"><span style=\"color: #808080;\">X-Navi:Et - Untitled_track05\/0<\/span>3<\/span><\/p>\n<\/li>\n<\/ul>\n<p><span style=\"color: #808080;\">Links:<\/span><\/p>\n<p class=\"western\" lang=\"pl-PL\"><span style=\"color: #0000ff;\"><u><a href=\"https:\/\/xnaviet.bandcamp.com\/\"><span lang=\"en-US\">https:\/\/xnaviet.bandcamp.com\/<\/span><\/a><\/u><\/span><\/p>\n<p class=\"western\" lang=\"pl-PL\"><span style=\"color: #0000ff;\"><u><a href=\"https:\/\/www.youtube.com\/user\/xnaviet\"><span lang=\"en-US\">https:\/\/www.youtube.com\/user\/xnaviet<\/span><\/a><\/u><\/span><\/p>\n<p><span style=\"color: #808080;\">Enjoy the mix, February 2022\u2032, produced by monikapich.<\/span><\/p>","protected":false},"excerpt":{"rendered":"<p>Space Oddity Recollection #30 Febrero 2022 Rafa\u0142 Iwa\u0144ski a.k.a X-NAVI:ET Un espect\u00e1culo de sonido m\u00e1ntrico que comprende piezas de varios \u00e1lbumes de m\u00fasica, compuestas y grabadas por Rafa\u0142 Iwa\u0144ski a.k.a X-NAVI:ET. Este nombre pertenece a uno de los dioses del futuro y demonio del caos. Rafa\u0142 Iwa\u0144ski es artista sonoro, percusionista y etn\u00f3logo de formaci\u00f3n. [&hellip;]<\/p>\n","protected":false},"author":19,"featured_media":0,"parent":0,"menu_order":0,"comment_status":"closed","ping_status":"closed","template":"","meta":{"footnotes":""},"class_list":["post-59459","page","type-page","status-publish","hentry"],"yoast_head":"<!-- This site is optimized with the Yoast SEO plugin v27.4 - https:\/\/yoast.com\/product\/yoast-seo-wordpress\/ -->\n<title>Space Oddity Recollection #30 -<\/title>\n<meta name=\"robots\" content=\"index, follow, max-snippet:-1, max-image-preview:large, max-video-preview:-1\" \/>\n<link rel=\"canonical\" href=\"https:\/\/teslafm.net\/en\/space-oddity-recollection-30\/\" \/>\n<meta property=\"og:locale\" content=\"en_US\" \/>\n<meta property=\"og:type\" content=\"article\" \/>\n<meta property=\"og:title\" content=\"Space Oddity Recollection #30 -\" \/>\n<meta property=\"og:description\" content=\"Space Oddity Recollection #30 Febrero 2022 Rafa\u0142 Iwa\u0144ski a.k.a X-NAVI:ET Un espect\u00e1culo de sonido m\u00e1ntrico que comprende piezas de varios \u00e1lbumes de m\u00fasica, compuestas y grabadas por Rafa\u0142 Iwa\u0144ski a.k.a X-NAVI:ET. Este nombre pertenece a uno de los dioses del futuro y demonio del caos. Rafa\u0142 Iwa\u0144ski es artista sonoro, percusionista y etn\u00f3logo de formaci\u00f3n. [&hellip;]\" \/>\n<meta property=\"og:url\" content=\"https:\/\/teslafm.net\/en\/space-oddity-recollection-30\/\" \/>\n<meta property=\"article:publisher\" content=\"https:\/\/www.facebook.com\/teslafm.net\" \/>\n<meta property=\"og:image\" content=\"https:\/\/teslafm.net\/wp-content\/uploads\/2022\/02\/Rafal-Iwanski.jpg\" \/>\n<meta name=\"twitter:card\" content=\"summary_large_image\" \/>\n<meta name=\"twitter:site\" content=\"@teslafm\" \/>\n<meta name=\"twitter:label1\" content=\"Est. reading time\" \/>\n\t<meta name=\"twitter:data1\" content=\"1 minute\" \/>\n<script type=\"application\/ld+json\" class=\"yoast-schema-graph\">{\"@context\":\"https:\\\/\\\/schema.org\",\"@graph\":[{\"@type\":\"WebPage\",\"@id\":\"https:\\\/\\\/teslafm.net\\\/space-oddity-recollection-30\\\/\",\"url\":\"https:\\\/\\\/teslafm.net\\\/space-oddity-recollection-30\\\/\",\"name\":\"Space Oddity Recollection #30 -\",\"isPartOf\":{\"@id\":\"https:\\\/\\\/teslafm.net\\\/#website\"},\"primaryImageOfPage\":{\"@id\":\"https:\\\/\\\/teslafm.net\\\/space-oddity-recollection-30\\\/#primaryimage\"},\"image\":{\"@id\":\"https:\\\/\\\/teslafm.net\\\/space-oddity-recollection-30\\\/#primaryimage\"},\"thumbnailUrl\":\"https:\\\/\\\/teslafm.net\\\/wp-content\\\/uploads\\\/2022\\\/02\\\/Rafal-Iwanski.jpg\",\"datePublished\":\"2022-02-22T16:06:05+00:00\",\"breadcrumb\":{\"@id\":\"https:\\\/\\\/teslafm.net\\\/space-oddity-recollection-30\\\/#breadcrumb\"},\"inLanguage\":\"en-US\",\"potentialAction\":[{\"@type\":\"ReadAction\",\"target\":[\"https:\\\/\\\/teslafm.net\\\/space-oddity-recollection-30\\\/\"]}]},{\"@type\":\"ImageObject\",\"inLanguage\":\"en-US\",\"@id\":\"https:\\\/\\\/teslafm.net\\\/space-oddity-recollection-30\\\/#primaryimage\",\"url\":\"https:\\\/\\\/teslafm.net\\\/wp-content\\\/uploads\\\/2022\\\/02\\\/Rafal-Iwanski.jpg\",\"contentUrl\":\"https:\\\/\\\/teslafm.net\\\/wp-content\\\/uploads\\\/2022\\\/02\\\/Rafal-Iwanski.jpg\"},{\"@type\":\"BreadcrumbList\",\"@id\":\"https:\\\/\\\/teslafm.net\\\/space-oddity-recollection-30\\\/#breadcrumb\",\"itemListElement\":[{\"@type\":\"ListItem\",\"position\":1,\"name\":\"Portada\",\"item\":\"https:\\\/\\\/teslafm.net\\\/\"},{\"@type\":\"ListItem\",\"position\":2,\"name\":\"Space Oddity Recollection #30\"}]},{\"@type\":\"WebSite\",\"@id\":\"https:\\\/\\\/teslafm.net\\\/#website\",\"url\":\"https:\\\/\\\/teslafm.net\\\/\",\"name\":\"TeslaFM\",\"description\":\"An experimental and creative radio\",\"publisher\":{\"@id\":\"https:\\\/\\\/teslafm.net\\\/#organization\"},\"potentialAction\":[{\"@type\":\"SearchAction\",\"target\":{\"@type\":\"EntryPoint\",\"urlTemplate\":\"https:\\\/\\\/teslafm.net\\\/?s={search_term_string}\"},\"query-input\":{\"@type\":\"PropertyValueSpecification\",\"valueRequired\":true,\"valueName\":\"search_term_string\"}}],\"inLanguage\":\"en-US\"},{\"@type\":\"Organization\",\"@id\":\"https:\\\/\\\/teslafm.net\\\/#organization\",\"name\":\"TeslaFM\",\"url\":\"https:\\\/\\\/teslafm.net\\\/\",\"logo\":{\"@type\":\"ImageObject\",\"inLanguage\":\"en-US\",\"@id\":\"https:\\\/\\\/teslafm.net\\\/#\\\/schema\\\/logo\\\/image\\\/\",\"url\":\"https:\\\/\\\/teslafm.net\\\/wp-content\\\/uploads\\\/2020\\\/06\\\/logo-tesla.png\",\"contentUrl\":\"https:\\\/\\\/teslafm.net\\\/wp-content\\\/uploads\\\/2020\\\/06\\\/logo-tesla.png\",\"width\":512,\"height\":512,\"caption\":\"TeslaFM\"},\"image\":{\"@id\":\"https:\\\/\\\/teslafm.net\\\/#\\\/schema\\\/logo\\\/image\\\/\"},\"sameAs\":[\"https:\\\/\\\/www.facebook.com\\\/teslafm.net\",\"https:\\\/\\\/x.com\\\/teslafm\"]}]}<\/script>\n<!-- \/ Yoast SEO plugin. -->","yoast_head_json":{"title":"Space Oddity Recollection #30 -","robots":{"index":"index","follow":"follow","max-snippet":"max-snippet:-1","max-image-preview":"max-image-preview:large","max-video-preview":"max-video-preview:-1"},"canonical":"https:\/\/teslafm.net\/en\/space-oddity-recollection-30\/","og_locale":"en_US","og_type":"article","og_title":"Space Oddity Recollection #30 -","og_description":"Space Oddity Recollection #30 Febrero 2022 Rafa\u0142 Iwa\u0144ski a.k.a X-NAVI:ET Un espect\u00e1culo de sonido m\u00e1ntrico que comprende piezas de varios \u00e1lbumes de m\u00fasica, compuestas y grabadas por Rafa\u0142 Iwa\u0144ski a.k.a X-NAVI:ET. Este nombre pertenece a uno de los dioses del futuro y demonio del caos. Rafa\u0142 Iwa\u0144ski es artista sonoro, percusionista y etn\u00f3logo de formaci\u00f3n. [&hellip;]","og_url":"https:\/\/teslafm.net\/en\/space-oddity-recollection-30\/","article_publisher":"https:\/\/www.facebook.com\/teslafm.net","og_image":[{"url":"https:\/\/teslafm.net\/wp-content\/uploads\/2022\/02\/Rafal-Iwanski.jpg","type":"","width":"","height":""}],"twitter_card":"summary_large_image","twitter_site":"@teslafm","twitter_misc":{"Est. reading time":"1 minute"},"schema":{"@context":"https:\/\/schema.org","@graph":[{"@type":"WebPage","@id":"https:\/\/teslafm.net\/space-oddity-recollection-30\/","url":"https:\/\/teslafm.net\/space-oddity-recollection-30\/","name":"Space Oddity Recollection #30 -","isPartOf":{"@id":"https:\/\/teslafm.net\/#website"},"primaryImageOfPage":{"@id":"https:\/\/teslafm.net\/space-oddity-recollection-30\/#primaryimage"},"image":{"@id":"https:\/\/teslafm.net\/space-oddity-recollection-30\/#primaryimage"},"thumbnailUrl":"https:\/\/teslafm.net\/wp-content\/uploads\/2022\/02\/Rafal-Iwanski.jpg","datePublished":"2022-02-22T16:06:05+00:00","breadcrumb":{"@id":"https:\/\/teslafm.net\/space-oddity-recollection-30\/#breadcrumb"},"inLanguage":"en-US","potentialAction":[{"@type":"ReadAction","target":["https:\/\/teslafm.net\/space-oddity-recollection-30\/"]}]},{"@type":"ImageObject","inLanguage":"en-US","@id":"https:\/\/teslafm.net\/space-oddity-recollection-30\/#primaryimage","url":"https:\/\/teslafm.net\/wp-content\/uploads\/2022\/02\/Rafal-Iwanski.jpg","contentUrl":"https:\/\/teslafm.net\/wp-content\/uploads\/2022\/02\/Rafal-Iwanski.jpg"},{"@type":"BreadcrumbList","@id":"https:\/\/teslafm.net\/space-oddity-recollection-30\/#breadcrumb","itemListElement":[{"@type":"ListItem","position":1,"name":"Portada","item":"https:\/\/teslafm.net\/"},{"@type":"ListItem","position":2,"name":"Space Oddity Recollection #30"}]},{"@type":"WebSite","@id":"https:\/\/teslafm.net\/#website","url":"https:\/\/teslafm.net\/","name":"TeslaFM","description":"An experimental and creative radio","publisher":{"@id":"https:\/\/teslafm.net\/#organization"},"potentialAction":[{"@type":"SearchAction","target":{"@type":"EntryPoint","urlTemplate":"https:\/\/teslafm.net\/?s={search_term_string}"},"query-input":{"@type":"PropertyValueSpecification","valueRequired":true,"valueName":"search_term_string"}}],"inLanguage":"en-US"},{"@type":"Organization","@id":"https:\/\/teslafm.net\/#organization","name":"TeslaFM","url":"https:\/\/teslafm.net\/","logo":{"@type":"ImageObject","inLanguage":"en-US","@id":"https:\/\/teslafm.net\/#\/schema\/logo\/image\/","url":"https:\/\/teslafm.net\/wp-content\/uploads\/2020\/06\/logo-tesla.png","contentUrl":"https:\/\/teslafm.net\/wp-content\/uploads\/2020\/06\/logo-tesla.png","width":512,"height":512,"caption":"TeslaFM"},"image":{"@id":"https:\/\/teslafm.net\/#\/schema\/logo\/image\/"},"sameAs":["https:\/\/www.facebook.com\/teslafm.net","https:\/\/x.com\/teslafm"]}]}},"rttpg_featured_image_url":null,"rttpg_author":{"display_name":"Ishak","author_link":"https:\/\/teslafm.net\/en\/author\/cravan\/"},"rttpg_comment":0,"rttpg_category":null,"rttpg_excerpt":"Space Oddity Recollection #30 Febrero 2022 Rafa\u0142 Iwa\u0144ski a.k.a X-NAVI:ET Un espect\u00e1culo de sonido m\u00e1ntrico que comprende piezas de varios \u00e1lbumes de m\u00fasica, compuestas y grabadas por Rafa\u0142 Iwa\u0144ski a.k.a X-NAVI:ET. Este nombre pertenece a uno de los dioses del futuro y demonio del caos. Rafa\u0142 Iwa\u0144ski es artista sonoro, percusionista y etn\u00f3logo de formaci\u00f3n.&hellip;","_links":{"self":[{"href":"https:\/\/teslafm.net\/en\/wp-json\/wp\/v2\/pages\/59459","targetHints":{"allow":["GET"]}}],"collection":[{"href":"https:\/\/teslafm.net\/en\/wp-json\/wp\/v2\/pages"}],"about":[{"href":"https:\/\/teslafm.net\/en\/wp-json\/wp\/v2\/types\/page"}],"author":[{"embeddable":true,"href":"https:\/\/teslafm.net\/en\/wp-json\/wp\/v2\/users\/19"}],"replies":[{"embeddable":true,"href":"https:\/\/teslafm.net\/en\/wp-json\/wp\/v2\/comments?post=59459"}],"version-history":[{"count":1,"href":"https:\/\/teslafm.net\/en\/wp-json\/wp\/v2\/pages\/59459\/revisions"}],"predecessor-version":[{"id":59461,"href":"https:\/\/teslafm.net\/en\/wp-json\/wp\/v2\/pages\/59459\/revisions\/59461"}],"wp:attachment":[{"href":"https:\/\/teslafm.net\/en\/wp-json\/wp\/v2\/media?parent=59459"}],"curies":[{"name":"wp","href":"https:\/\/api.w.org\/{rel}","templated":true}]}}