

{"id":59578,"date":"2022-03-15T17:20:00","date_gmt":"2022-03-15T16:20:00","guid":{"rendered":"https:\/\/teslafm.net\/?page_id=59578"},"modified":"2022-03-15T17:23:30","modified_gmt":"2022-03-15T16:23:30","slug":"ones-de-crom-7","status":"publish","type":"page","link":"https:\/\/teslafm.net\/en\/ones-de-crom-7\/","title":{"rendered":"Ones de Crom #7"},"content":{"rendered":"<div data-elementor-type=\"wp-page\" data-elementor-id=\"59578\" class=\"elementor elementor-59578\">\n\t\t\t\t\t\t<section class=\"elementor-section elementor-top-section elementor-element elementor-element-6f53e898 elementor-section-boxed elementor-section-height-default elementor-section-height-default\" data-id=\"6f53e898\" data-element_type=\"section\" data-e-type=\"section\">\n\t\t\t\t\t\t<div class=\"elementor-container elementor-column-gap-default\">\n\t\t\t\t\t<div class=\"elementor-column elementor-col-100 elementor-top-column elementor-element elementor-element-4893f2f0\" data-id=\"4893f2f0\" data-element_type=\"column\" data-e-type=\"column\">\n\t\t\t<div class=\"elementor-widget-wrap elementor-element-populated\">\n\t\t\t\t\t\t<div class=\"elementor-element elementor-element-3a472abc elementor-widget elementor-widget-text-editor\" data-id=\"3a472abc\" data-element_type=\"widget\" data-e-type=\"widget\" data-widget_type=\"text-editor.default\">\n\t\t\t\t<div class=\"elementor-widget-container\">\n\t\t\t\t\t\t\t\t\t<h2><span style=\"color: #ffffff;\"><strong>Ones de Crom #7<\/strong><\/span><\/h2><p><span style=\"color: #808080;\"><em>Kevin Drumm<\/em><\/span><\/p><p><iframe src=\"https:\/\/www.mixcloud.com\/widget\/iframe\/?hide_cover=1&amp;feed=%2FTeslafm_net%2Fones-de-crom-7-emili-mir%C3%B3%2F\" width=\"100%\" height=\"120\" frameborder=\"0\"><\/iframe><\/p>\t\t\t\t\t\t\t\t<\/div>\n\t\t\t\t<\/div>\n\t\t\t\t\t<\/div>\n\t\t<\/div>\n\t\t\t\t\t<\/div>\n\t\t<\/section>\n\t\t\t\t<section class=\"elementor-section elementor-top-section elementor-element elementor-element-83044f9 elementor-section-boxed elementor-section-height-default elementor-section-height-default\" data-id=\"83044f9\" data-element_type=\"section\" data-e-type=\"section\">\n\t\t\t\t\t\t<div class=\"elementor-container elementor-column-gap-default\">\n\t\t\t\t\t<div class=\"elementor-column elementor-col-50 elementor-top-column elementor-element elementor-element-a1acb50\" data-id=\"a1acb50\" data-element_type=\"column\" data-e-type=\"column\">\n\t\t\t<div class=\"elementor-widget-wrap elementor-element-populated\">\n\t\t\t\t\t\t<div class=\"elementor-element elementor-element-a33d8ed elementor-widget elementor-widget-image\" data-id=\"a33d8ed\" data-element_type=\"widget\" data-e-type=\"widget\" data-widget_type=\"image.default\">\n\t\t\t\t<div class=\"elementor-widget-container\">\n\t\t\t\t\t\t\t\t\t\t\t\t\t\t\t<img decoding=\"async\" width=\"179\" height=\"269\" src=\"https:\/\/teslafm.net\/wp-content\/uploads\/2022\/03\/KEVIN-DRUMM.jpg\" class=\"attachment-large size-large wp-image-59581\" alt=\"\" \/>\t\t\t\t\t\t\t\t\t\t\t\t\t\t\t<\/div>\n\t\t\t\t<\/div>\n\t\t\t\t\t<\/div>\n\t\t<\/div>\n\t\t\t\t<div class=\"elementor-column elementor-col-50 elementor-top-column elementor-element elementor-element-cda5af7\" data-id=\"cda5af7\" data-element_type=\"column\" data-e-type=\"column\">\n\t\t\t<div class=\"elementor-widget-wrap elementor-element-populated\">\n\t\t\t\t\t\t<div class=\"elementor-element elementor-element-95a0e8b elementor-widget elementor-widget-text-editor\" data-id=\"95a0e8b\" data-element_type=\"widget\" data-e-type=\"widget\" data-widget_type=\"text-editor.default\">\n\t\t\t\t<div class=\"elementor-widget-container\">\n\t\t\t\t\t\t\t\t\t<p><span style=\"color: #808080;\">February 25, 2009<\/span><br \/><span style=\"color: #808080;\">The fascination for both electro-acoustic and black-metal and the repetitive drones have made of this musician from Chicago one of the referents of the electronic experimentation of manipulation of extreme guitar sounds. This is demonstrated by the review of his career since \"Comedy\" (1996), \"Kevin Drumm\" (1997) or \"Second\" (1999) in addition to the numerous contributions to collective projects such as the 1998 session with <strong>Dafeldecker<\/strong>, <strong>Kurzmann<\/strong> and <strong>Fennesz<\/strong>the free-jazz of <strong>Territory Band<\/strong> 2 to \"Atlas\" (2002) or the albums signed with<strong> Ralf Wehowsky<\/strong> \"Cases\" (2001) or with the Japanese guitarist <strong>Taku Sugimoto<\/strong> \"Den\" (2000). Also in solo we feel the cassette \"KD\" (2001), the intense and outstanding \"Sheer Hellish Miasma\" (2002) where he combined black-metal and electronic soroll and \"Land Of Lurches\" (2003) where he continued with sorollous electronics. From the released in the last years we feel the direct to Moscow \"Pure\" (2006) and the double ambient CD \"Imperial Distortion\" (2008).<\/span><\/p>\t\t\t\t\t\t\t\t<\/div>\n\t\t\t\t<\/div>\n\t\t\t\t\t<\/div>\n\t\t<\/div>\n\t\t\t\t\t<\/div>\n\t\t<\/section>\n\t\t\t\t<\/div>","protected":false},"excerpt":{"rendered":"<p>Ones de Crom #7 Kevin Drumm 25 de febrer 2009La fascinaci\u00f3 tant per l&#8217;electro-ac\u00fastica com pel black-metal i els drons repetitius han fet d&#8217;aquest m\u00fasic de Chicago un dels referents de l&#8217;experimentaci\u00f3 electr\u00f2nica de manipulaci\u00f3 de sons extrets de guitarres. Aix\u00ed ho demostra el rep\u00e0s a la seva traject\u00f2ria des de \u201cComedy\u201d (1996), \u201cKevin Drumm\u201d [&hellip;]<\/p>\n","protected":false},"author":19,"featured_media":0,"parent":0,"menu_order":0,"comment_status":"closed","ping_status":"closed","template":"","meta":{"footnotes":""},"class_list":["post-59578","page","type-page","status-publish","hentry"],"yoast_head":"<!-- This site is optimized with the Yoast SEO plugin v27.2 - https:\/\/yoast.com\/product\/yoast-seo-wordpress\/ -->\n<title>Ones de Crom #7 -<\/title>\n<meta name=\"robots\" content=\"index, follow, max-snippet:-1, max-image-preview:large, max-video-preview:-1\" \/>\n<link rel=\"canonical\" href=\"https:\/\/teslafm.net\/en\/ones-de-crom-7\/\" \/>\n<meta property=\"og:locale\" content=\"en_US\" \/>\n<meta property=\"og:type\" content=\"article\" \/>\n<meta property=\"og:title\" content=\"Ones de Crom #7 -\" \/>\n<meta property=\"og:description\" content=\"Ones de Crom #7 Kevin Drumm 25 de febrer 2009La fascinaci\u00f3 tant per l&#8217;electro-ac\u00fastica com pel black-metal i els drons repetitius han fet d&#8217;aquest m\u00fasic de Chicago un dels referents de l&#8217;experimentaci\u00f3 electr\u00f2nica de manipulaci\u00f3 de sons extrets de guitarres. Aix\u00ed ho demostra el rep\u00e0s a la seva traject\u00f2ria des de \u201cComedy\u201d (1996), \u201cKevin Drumm\u201d [&hellip;]\" \/>\n<meta property=\"og:url\" content=\"https:\/\/teslafm.net\/en\/ones-de-crom-7\/\" \/>\n<meta property=\"article:publisher\" content=\"https:\/\/www.facebook.com\/teslafm.net\" \/>\n<meta property=\"article:modified_time\" content=\"2022-03-15T16:23:30+00:00\" \/>\n<meta property=\"og:image\" content=\"https:\/\/teslafm.net\/wp-content\/uploads\/2022\/03\/KEVIN-DRUMM.jpg\" \/>\n<meta name=\"twitter:card\" content=\"summary_large_image\" \/>\n<meta name=\"twitter:site\" content=\"@teslafm\" \/>\n<meta name=\"twitter:label1\" content=\"Est. reading time\" \/>\n\t<meta name=\"twitter:data1\" content=\"1 minute\" \/>\n<script type=\"application\/ld+json\" class=\"yoast-schema-graph\">{\"@context\":\"https:\/\/schema.org\",\"@graph\":[{\"@type\":\"WebPage\",\"@id\":\"https:\/\/teslafm.net\/ones-de-crom-7\/\",\"url\":\"https:\/\/teslafm.net\/ones-de-crom-7\/\",\"name\":\"Ones de Crom #7 -\",\"isPartOf\":{\"@id\":\"https:\/\/teslafm.net\/#website\"},\"primaryImageOfPage\":{\"@id\":\"https:\/\/teslafm.net\/ones-de-crom-7\/#primaryimage\"},\"image\":{\"@id\":\"https:\/\/teslafm.net\/ones-de-crom-7\/#primaryimage\"},\"thumbnailUrl\":\"https:\/\/teslafm.net\/wp-content\/uploads\/2022\/03\/KEVIN-DRUMM.jpg\",\"datePublished\":\"2022-03-15T16:20:00+00:00\",\"dateModified\":\"2022-03-15T16:23:30+00:00\",\"breadcrumb\":{\"@id\":\"https:\/\/teslafm.net\/ones-de-crom-7\/#breadcrumb\"},\"inLanguage\":\"en-US\",\"potentialAction\":[{\"@type\":\"ReadAction\",\"target\":[\"https:\/\/teslafm.net\/ones-de-crom-7\/\"]}]},{\"@type\":\"ImageObject\",\"inLanguage\":\"en-US\",\"@id\":\"https:\/\/teslafm.net\/ones-de-crom-7\/#primaryimage\",\"url\":\"https:\/\/teslafm.net\/wp-content\/uploads\/2022\/03\/KEVIN-DRUMM.jpg\",\"contentUrl\":\"https:\/\/teslafm.net\/wp-content\/uploads\/2022\/03\/KEVIN-DRUMM.jpg\"},{\"@type\":\"BreadcrumbList\",\"@id\":\"https:\/\/teslafm.net\/ones-de-crom-7\/#breadcrumb\",\"itemListElement\":[{\"@type\":\"ListItem\",\"position\":1,\"name\":\"Portada\",\"item\":\"https:\/\/teslafm.net\/\"},{\"@type\":\"ListItem\",\"position\":2,\"name\":\"Ones de Crom #7\"}]},{\"@type\":\"WebSite\",\"@id\":\"https:\/\/teslafm.net\/#website\",\"url\":\"https:\/\/teslafm.net\/\",\"name\":\"TeslaFM\",\"description\":\"An experimental and creative radio\",\"publisher\":{\"@id\":\"https:\/\/teslafm.net\/#organization\"},\"potentialAction\":[{\"@type\":\"SearchAction\",\"target\":{\"@type\":\"EntryPoint\",\"urlTemplate\":\"https:\/\/teslafm.net\/?s={search_term_string}\"},\"query-input\":{\"@type\":\"PropertyValueSpecification\",\"valueRequired\":true,\"valueName\":\"search_term_string\"}}],\"inLanguage\":\"en-US\"},{\"@type\":\"Organization\",\"@id\":\"https:\/\/teslafm.net\/#organization\",\"name\":\"TeslaFM\",\"url\":\"https:\/\/teslafm.net\/\",\"logo\":{\"@type\":\"ImageObject\",\"inLanguage\":\"en-US\",\"@id\":\"https:\/\/teslafm.net\/#\/schema\/logo\/image\/\",\"url\":\"https:\/\/teslafm.net\/wp-content\/uploads\/2020\/06\/logo-tesla.png\",\"contentUrl\":\"https:\/\/teslafm.net\/wp-content\/uploads\/2020\/06\/logo-tesla.png\",\"width\":512,\"height\":512,\"caption\":\"TeslaFM\"},\"image\":{\"@id\":\"https:\/\/teslafm.net\/#\/schema\/logo\/image\/\"},\"sameAs\":[\"https:\/\/www.facebook.com\/teslafm.net\",\"https:\/\/x.com\/teslafm\"]}]}<\/script>\n<!-- \/ Yoast SEO plugin. -->","yoast_head_json":{"title":"Ones de Crom #7 -","robots":{"index":"index","follow":"follow","max-snippet":"max-snippet:-1","max-image-preview":"max-image-preview:large","max-video-preview":"max-video-preview:-1"},"canonical":"https:\/\/teslafm.net\/en\/ones-de-crom-7\/","og_locale":"en_US","og_type":"article","og_title":"Ones de Crom #7 -","og_description":"Ones de Crom #7 Kevin Drumm 25 de febrer 2009La fascinaci\u00f3 tant per l&#8217;electro-ac\u00fastica com pel black-metal i els drons repetitius han fet d&#8217;aquest m\u00fasic de Chicago un dels referents de l&#8217;experimentaci\u00f3 electr\u00f2nica de manipulaci\u00f3 de sons extrets de guitarres. Aix\u00ed ho demostra el rep\u00e0s a la seva traject\u00f2ria des de \u201cComedy\u201d (1996), \u201cKevin Drumm\u201d [&hellip;]","og_url":"https:\/\/teslafm.net\/en\/ones-de-crom-7\/","article_publisher":"https:\/\/www.facebook.com\/teslafm.net","article_modified_time":"2022-03-15T16:23:30+00:00","og_image":[{"url":"https:\/\/teslafm.net\/wp-content\/uploads\/2022\/03\/KEVIN-DRUMM.jpg","type":"","width":"","height":""}],"twitter_card":"summary_large_image","twitter_site":"@teslafm","twitter_misc":{"Est. reading time":"1 minute"},"schema":{"@context":"https:\/\/schema.org","@graph":[{"@type":"WebPage","@id":"https:\/\/teslafm.net\/ones-de-crom-7\/","url":"https:\/\/teslafm.net\/ones-de-crom-7\/","name":"Ones de Crom #7 -","isPartOf":{"@id":"https:\/\/teslafm.net\/#website"},"primaryImageOfPage":{"@id":"https:\/\/teslafm.net\/ones-de-crom-7\/#primaryimage"},"image":{"@id":"https:\/\/teslafm.net\/ones-de-crom-7\/#primaryimage"},"thumbnailUrl":"https:\/\/teslafm.net\/wp-content\/uploads\/2022\/03\/KEVIN-DRUMM.jpg","datePublished":"2022-03-15T16:20:00+00:00","dateModified":"2022-03-15T16:23:30+00:00","breadcrumb":{"@id":"https:\/\/teslafm.net\/ones-de-crom-7\/#breadcrumb"},"inLanguage":"en-US","potentialAction":[{"@type":"ReadAction","target":["https:\/\/teslafm.net\/ones-de-crom-7\/"]}]},{"@type":"ImageObject","inLanguage":"en-US","@id":"https:\/\/teslafm.net\/ones-de-crom-7\/#primaryimage","url":"https:\/\/teslafm.net\/wp-content\/uploads\/2022\/03\/KEVIN-DRUMM.jpg","contentUrl":"https:\/\/teslafm.net\/wp-content\/uploads\/2022\/03\/KEVIN-DRUMM.jpg"},{"@type":"BreadcrumbList","@id":"https:\/\/teslafm.net\/ones-de-crom-7\/#breadcrumb","itemListElement":[{"@type":"ListItem","position":1,"name":"Portada","item":"https:\/\/teslafm.net\/"},{"@type":"ListItem","position":2,"name":"Ones de Crom #7"}]},{"@type":"WebSite","@id":"https:\/\/teslafm.net\/#website","url":"https:\/\/teslafm.net\/","name":"TeslaFM","description":"An experimental and creative radio","publisher":{"@id":"https:\/\/teslafm.net\/#organization"},"potentialAction":[{"@type":"SearchAction","target":{"@type":"EntryPoint","urlTemplate":"https:\/\/teslafm.net\/?s={search_term_string}"},"query-input":{"@type":"PropertyValueSpecification","valueRequired":true,"valueName":"search_term_string"}}],"inLanguage":"en-US"},{"@type":"Organization","@id":"https:\/\/teslafm.net\/#organization","name":"TeslaFM","url":"https:\/\/teslafm.net\/","logo":{"@type":"ImageObject","inLanguage":"en-US","@id":"https:\/\/teslafm.net\/#\/schema\/logo\/image\/","url":"https:\/\/teslafm.net\/wp-content\/uploads\/2020\/06\/logo-tesla.png","contentUrl":"https:\/\/teslafm.net\/wp-content\/uploads\/2020\/06\/logo-tesla.png","width":512,"height":512,"caption":"TeslaFM"},"image":{"@id":"https:\/\/teslafm.net\/#\/schema\/logo\/image\/"},"sameAs":["https:\/\/www.facebook.com\/teslafm.net","https:\/\/x.com\/teslafm"]}]}},"rttpg_featured_image_url":null,"rttpg_author":{"display_name":"Ishak","author_link":"https:\/\/teslafm.net\/en\/author\/cravan\/"},"rttpg_comment":0,"rttpg_category":null,"rttpg_excerpt":"Ones de Crom #7 Kevin Drumm 25 de febrer 2009La fascinaci\u00f3 tant per l&#8217;electro-ac\u00fastica com pel black-metal i els drons repetitius han fet d&#8217;aquest m\u00fasic de Chicago un dels referents de l&#8217;experimentaci\u00f3 electr\u00f2nica de manipulaci\u00f3 de sons extrets de guitarres. Aix\u00ed ho demostra el rep\u00e0s a la seva traject\u00f2ria des de \u201cComedy\u201d (1996), \u201cKevin Drumm\u201d&hellip;","_links":{"self":[{"href":"https:\/\/teslafm.net\/en\/wp-json\/wp\/v2\/pages\/59578","targetHints":{"allow":["GET"]}}],"collection":[{"href":"https:\/\/teslafm.net\/en\/wp-json\/wp\/v2\/pages"}],"about":[{"href":"https:\/\/teslafm.net\/en\/wp-json\/wp\/v2\/types\/page"}],"author":[{"embeddable":true,"href":"https:\/\/teslafm.net\/en\/wp-json\/wp\/v2\/users\/19"}],"replies":[{"embeddable":true,"href":"https:\/\/teslafm.net\/en\/wp-json\/wp\/v2\/comments?post=59578"}],"version-history":[{"count":6,"href":"https:\/\/teslafm.net\/en\/wp-json\/wp\/v2\/pages\/59578\/revisions"}],"predecessor-version":[{"id":59586,"href":"https:\/\/teslafm.net\/en\/wp-json\/wp\/v2\/pages\/59578\/revisions\/59586"}],"wp:attachment":[{"href":"https:\/\/teslafm.net\/en\/wp-json\/wp\/v2\/media?parent=59578"}],"curies":[{"name":"wp","href":"https:\/\/api.w.org\/{rel}","templated":true}]}}