

{"id":59614,"date":"2022-03-22T16:13:33","date_gmt":"2022-03-22T15:13:33","guid":{"rendered":"https:\/\/teslafm.net\/?page_id=59614"},"modified":"2022-03-22T16:14:36","modified_gmt":"2022-03-22T15:14:36","slug":"space-oddity-recollection-31","status":"publish","type":"page","link":"https:\/\/teslafm.net\/en\/space-oddity-recollection-31\/","title":{"rendered":"Space Oddity Recollection #31"},"content":{"rendered":"<h2><span style=\"color: #ffffff;\"><strong>Space Oddity Recollection #31<\/strong><\/span><\/h2>\n<p><span style=\"color: #808080;\"><em>March 2022<\/em><\/span><\/p>\n<p><iframe src=\"https:\/\/www.mixcloud.com\/widget\/iframe\/?hide_cover=1&amp;feed=%2FTeslafm_net%2Fspace-oddity-recollection-31-monika-pich%2F\" width=\"100%\" height=\"120\" frameborder=\"0\"><\/iframe><\/p>\n<p><img fetchpriority=\"high\" decoding=\"async\" class=\"alignnone size-full wp-image-59615\" src=\"https:\/\/teslafm.net\/wp-content\/uploads\/2022\/03\/Dimitris-Tsironis1.jpg\" alt=\"\" width=\"472\" height=\"472\" srcset=\"https:\/\/teslafm.net\/wp-content\/uploads\/2022\/03\/Dimitris-Tsironis1.jpg 472w, https:\/\/teslafm.net\/wp-content\/uploads\/2022\/03\/Dimitris-Tsironis1-300x300.jpg 300w, https:\/\/teslafm.net\/wp-content\/uploads\/2022\/03\/Dimitris-Tsironis1-150x150.jpg 150w\" sizes=\"(max-width: 472px) 100vw, 472px\" \/><\/p>\n<p><span style=\"color: #808080;\"><em>Melophobia_Dimitris Tsironis<\/em><\/span><\/p>\n<p><span style=\"color: #808080;\">Melophobia - an experimental project launched in Greece in 2001 by <strong>Dimitris Tsironis<\/strong> (\u0394\u03b7\u03bc\u03ae\u03c4\u03c1\u03b7\u03c2 \u03a4\u03c3\u03b9\u03c1\u03ce\u03bd\u03b7\u03c2). It is a sonic diary of electroacoustic, drone music, improvisation, sound art, avant garde, concrete music, ambient and field recordings. All sounds are elaborated and assembled through various analog sources. Dimitris Tsironis also operates <strong>1tracktape<\/strong> &amp; <strong>Default Standard Records<\/strong>. He curates compilations with multinational artists and collaborates with musicians from all over the world. He explores the past to reconstruct and disseminate music created over a hundred years ago through his label. He explores the past by reconstructing and releasing music created more than a hundred years ago through his label 1tracktape, but also brings together new contemporary artists for the series <strong>New Moon<\/strong>when a different artist each time launches a new work under the influence of a new moon.<\/span><\/p>\n<p>&nbsp;<\/p>\n<p><span style=\"color: #808080;\">The selected tracks used in the mix are as follows:<\/span><\/p>\n<p><span style=\"color: #808080;\">*Spare Chance X melophobia - Olympus Cosmos (\u2609) - 03 (\u2609) (\u2609) (\u2609) (\u2609)<\/span><\/p>\n<p><span style=\"color: #808080;\">*Los Melomiedos - Endless Dream - 01 in the middle of the night (\u0399)<\/span><\/p>\n<p><span style=\"color: #808080;\">*Spare Chance X melophobia - Olympus Cosmos (\u2609) - 06 (\u2609) (\u2609)<\/span><\/p>\n<p><span style=\"color: #808080;\">*BroodingSideOfMadness &amp; melophobia - Serpent Noir - Rouge - 01 Serpent Noir (\u039a\u0391\u0394\u039c\u039f\u03a3)<\/span><\/p>\n<p><span style=\"color: #808080;\">*melophobia - Words, Words, Words (The Living Lie) - 12 Hsyhia<\/span><\/p>\n<p><span style=\"color: #808080;\">*melophobia - eurus - 06 disc e_02- Plagiarhyme.X (edit)<\/span><\/p>\n<p><span style=\"color: #808080;\">*melophobia - eurus - 09 disc e_05- \u00e6ther \u0399, a sonic haiku -Spare Chance-<\/span><\/p>\n<p><span style=\"color: #808080;\">\u03bc\u03b5\u03bb\u03c9\u03c6\u03bf\u03b2\u03af\u03b1 - \u0395\u03bb\u03bb\u03bb\u03b7\u03bd\u03b9\u03ba\u03ae \u0391\u03b5\u03c1\u03bf\u03bd\u03b1\u03c5\u03c0\u03b7\u03b3\u03b9 - 02 \u03c4\u03bf \u03b1\u03bc\u03ac\u03c1\u03c4\u03b7\u03bc\u03b1 \u03c4\u03bf\u03c5 \u0393\u03b9\u03ac\u03bd\u03bd\u03bd\u03b7<\/span><\/p>\n<p><span style=\"color: #808080;\">*melophobia - eurus - 12 disc e_08- (church love)<\/span><\/p>\n<p><span style=\"color: #808080;\">*\u03b4(\u03bd) - rd17-18.10.15trp<\/span><\/p>\n<p><span style=\"color: #808080;\">*\u03bc\u03b5\u03bb\u03c9\u03c6\u03bf\u03b2\u03af\u03b1 - \u0395\u03bb\u03bb\u03bb\u03b7\u03bd\u03b9\u03ba\u03ae \u0391\u03b5\u03c1\u03bf\u03bd\u03b1\u03c5\u03c0\u03b7\u03b3\u03b9 - 01 \u03c3\u03c4\u03b1 \u03cc\u03c1\u03b7; \u03c3\u03c4\u03b1 \u03b2\u03bf\u03c5\u03bd\u03ac<\/span><\/p>\n<p><span style=\"color: #808080;\">*melophobia - eurus - 25 disc o_04- HitchHiker AL (n.d. edit)<\/span><\/p>\n<p><span style=\"color: #808080;\">*c\u0305 Fernando Bocadillos - REC GEE NEAT GRAIN II - 04 birthday b\u00e9ton<\/span><\/p>\n<p><span style=\"color: #808080;\">*melophobia c\u0305 Fernando Bocadillos - REC GEE NEAT GRAIN I - 05 mmmmhhhh . the lonely murmuring of two<\/span><\/p>\n<p>&nbsp;<\/p>\n<p><span style=\"color: #808080;\">Links:<\/span><\/p>\n<p><a href=\"https:\/\/melophobia.bandcamp.com\/\"><span lang=\"en-US\">https:\/\/melophobia.bandcamp.com\/<\/span><\/a><\/p>\n<p><a href=\"https:\/\/linktr.ee\/1tracktape\"><span lang=\"en-US\">https:\/\/linktr.ee\/1tracktape<\/span><\/a><\/p>\n<p><span style=\"color: #808080;\">Enjoy the mix, March 2022\u2032, produced by monikapich.<\/span><\/p>","protected":false},"excerpt":{"rendered":"<p>Space Oddity Recollection #31 Marzo 2022 Melophobia_Dimitris Tsironis Melophobia &#8211; un proyecto experimental iniciado en Grecia en 2001 por Dimitris Tsironis (\u0394\u03b7\u03bc\u03ae\u03c4\u03c1\u03b7\u03c2 \u03a4\u03c3\u03b9\u03c1\u03ce\u03bd\u03b7\u03c2). Es un diario s\u00f3nico de electroac\u00fastica, drone music, improvisaci\u00f3n, arte sonoro, avant garde, m\u00fasica concreta, ambient y grabaciones de campo. Todos los sonidos se elaboran y ensamblan a trav\u00e9s de varias fuentes [&hellip;]<\/p>\n","protected":false},"author":19,"featured_media":0,"parent":0,"menu_order":0,"comment_status":"closed","ping_status":"closed","template":"","meta":{"footnotes":""},"class_list":["post-59614","page","type-page","status-publish","hentry"],"yoast_head":"<!-- This site is optimized with the Yoast SEO plugin v27.4 - https:\/\/yoast.com\/product\/yoast-seo-wordpress\/ -->\n<title>Space Oddity Recollection #31 -<\/title>\n<meta name=\"robots\" content=\"index, follow, max-snippet:-1, max-image-preview:large, max-video-preview:-1\" \/>\n<link rel=\"canonical\" href=\"https:\/\/teslafm.net\/en\/space-oddity-recollection-31\/\" \/>\n<meta property=\"og:locale\" content=\"en_US\" \/>\n<meta property=\"og:type\" content=\"article\" \/>\n<meta property=\"og:title\" content=\"Space Oddity Recollection #31 -\" \/>\n<meta property=\"og:description\" content=\"Space Oddity Recollection #31 Marzo 2022 Melophobia_Dimitris Tsironis Melophobia &#8211; un proyecto experimental iniciado en Grecia en 2001 por Dimitris Tsironis (\u0394\u03b7\u03bc\u03ae\u03c4\u03c1\u03b7\u03c2 \u03a4\u03c3\u03b9\u03c1\u03ce\u03bd\u03b7\u03c2). Es un diario s\u00f3nico de electroac\u00fastica, drone music, improvisaci\u00f3n, arte sonoro, avant garde, m\u00fasica concreta, ambient y grabaciones de campo. Todos los sonidos se elaboran y ensamblan a trav\u00e9s de varias fuentes [&hellip;]\" \/>\n<meta property=\"og:url\" content=\"https:\/\/teslafm.net\/en\/space-oddity-recollection-31\/\" \/>\n<meta property=\"article:publisher\" content=\"https:\/\/www.facebook.com\/teslafm.net\" \/>\n<meta property=\"article:modified_time\" content=\"2022-03-22T15:14:36+00:00\" \/>\n<meta property=\"og:image\" content=\"https:\/\/teslafm.net\/wp-content\/uploads\/2022\/03\/Dimitris-Tsironis1.jpg\" \/>\n<meta name=\"twitter:card\" content=\"summary_large_image\" \/>\n<meta name=\"twitter:site\" content=\"@teslafm\" \/>\n<meta name=\"twitter:label1\" content=\"Est. reading time\" \/>\n\t<meta name=\"twitter:data1\" content=\"2 minutes\" \/>\n<script type=\"application\/ld+json\" class=\"yoast-schema-graph\">{\"@context\":\"https:\\\/\\\/schema.org\",\"@graph\":[{\"@type\":\"WebPage\",\"@id\":\"https:\\\/\\\/teslafm.net\\\/space-oddity-recollection-31\\\/\",\"url\":\"https:\\\/\\\/teslafm.net\\\/space-oddity-recollection-31\\\/\",\"name\":\"Space Oddity Recollection #31 -\",\"isPartOf\":{\"@id\":\"https:\\\/\\\/teslafm.net\\\/#website\"},\"primaryImageOfPage\":{\"@id\":\"https:\\\/\\\/teslafm.net\\\/space-oddity-recollection-31\\\/#primaryimage\"},\"image\":{\"@id\":\"https:\\\/\\\/teslafm.net\\\/space-oddity-recollection-31\\\/#primaryimage\"},\"thumbnailUrl\":\"https:\\\/\\\/teslafm.net\\\/wp-content\\\/uploads\\\/2022\\\/03\\\/Dimitris-Tsironis1.jpg\",\"datePublished\":\"2022-03-22T15:13:33+00:00\",\"dateModified\":\"2022-03-22T15:14:36+00:00\",\"breadcrumb\":{\"@id\":\"https:\\\/\\\/teslafm.net\\\/space-oddity-recollection-31\\\/#breadcrumb\"},\"inLanguage\":\"en-US\",\"potentialAction\":[{\"@type\":\"ReadAction\",\"target\":[\"https:\\\/\\\/teslafm.net\\\/space-oddity-recollection-31\\\/\"]}]},{\"@type\":\"ImageObject\",\"inLanguage\":\"en-US\",\"@id\":\"https:\\\/\\\/teslafm.net\\\/space-oddity-recollection-31\\\/#primaryimage\",\"url\":\"https:\\\/\\\/teslafm.net\\\/wp-content\\\/uploads\\\/2022\\\/03\\\/Dimitris-Tsironis1.jpg\",\"contentUrl\":\"https:\\\/\\\/teslafm.net\\\/wp-content\\\/uploads\\\/2022\\\/03\\\/Dimitris-Tsironis1.jpg\"},{\"@type\":\"BreadcrumbList\",\"@id\":\"https:\\\/\\\/teslafm.net\\\/space-oddity-recollection-31\\\/#breadcrumb\",\"itemListElement\":[{\"@type\":\"ListItem\",\"position\":1,\"name\":\"Portada\",\"item\":\"https:\\\/\\\/teslafm.net\\\/\"},{\"@type\":\"ListItem\",\"position\":2,\"name\":\"Space Oddity Recollection #31\"}]},{\"@type\":\"WebSite\",\"@id\":\"https:\\\/\\\/teslafm.net\\\/#website\",\"url\":\"https:\\\/\\\/teslafm.net\\\/\",\"name\":\"TeslaFM\",\"description\":\"An experimental and creative radio\",\"publisher\":{\"@id\":\"https:\\\/\\\/teslafm.net\\\/#organization\"},\"potentialAction\":[{\"@type\":\"SearchAction\",\"target\":{\"@type\":\"EntryPoint\",\"urlTemplate\":\"https:\\\/\\\/teslafm.net\\\/?s={search_term_string}\"},\"query-input\":{\"@type\":\"PropertyValueSpecification\",\"valueRequired\":true,\"valueName\":\"search_term_string\"}}],\"inLanguage\":\"en-US\"},{\"@type\":\"Organization\",\"@id\":\"https:\\\/\\\/teslafm.net\\\/#organization\",\"name\":\"TeslaFM\",\"url\":\"https:\\\/\\\/teslafm.net\\\/\",\"logo\":{\"@type\":\"ImageObject\",\"inLanguage\":\"en-US\",\"@id\":\"https:\\\/\\\/teslafm.net\\\/#\\\/schema\\\/logo\\\/image\\\/\",\"url\":\"https:\\\/\\\/teslafm.net\\\/wp-content\\\/uploads\\\/2020\\\/06\\\/logo-tesla.png\",\"contentUrl\":\"https:\\\/\\\/teslafm.net\\\/wp-content\\\/uploads\\\/2020\\\/06\\\/logo-tesla.png\",\"width\":512,\"height\":512,\"caption\":\"TeslaFM\"},\"image\":{\"@id\":\"https:\\\/\\\/teslafm.net\\\/#\\\/schema\\\/logo\\\/image\\\/\"},\"sameAs\":[\"https:\\\/\\\/www.facebook.com\\\/teslafm.net\",\"https:\\\/\\\/x.com\\\/teslafm\"]}]}<\/script>\n<!-- \/ Yoast SEO plugin. -->","yoast_head_json":{"title":"Space Oddity Recollection #31 -","robots":{"index":"index","follow":"follow","max-snippet":"max-snippet:-1","max-image-preview":"max-image-preview:large","max-video-preview":"max-video-preview:-1"},"canonical":"https:\/\/teslafm.net\/en\/space-oddity-recollection-31\/","og_locale":"en_US","og_type":"article","og_title":"Space Oddity Recollection #31 -","og_description":"Space Oddity Recollection #31 Marzo 2022 Melophobia_Dimitris Tsironis Melophobia &#8211; un proyecto experimental iniciado en Grecia en 2001 por Dimitris Tsironis (\u0394\u03b7\u03bc\u03ae\u03c4\u03c1\u03b7\u03c2 \u03a4\u03c3\u03b9\u03c1\u03ce\u03bd\u03b7\u03c2). Es un diario s\u00f3nico de electroac\u00fastica, drone music, improvisaci\u00f3n, arte sonoro, avant garde, m\u00fasica concreta, ambient y grabaciones de campo. Todos los sonidos se elaboran y ensamblan a trav\u00e9s de varias fuentes [&hellip;]","og_url":"https:\/\/teslafm.net\/en\/space-oddity-recollection-31\/","article_publisher":"https:\/\/www.facebook.com\/teslafm.net","article_modified_time":"2022-03-22T15:14:36+00:00","og_image":[{"url":"https:\/\/teslafm.net\/wp-content\/uploads\/2022\/03\/Dimitris-Tsironis1.jpg","type":"","width":"","height":""}],"twitter_card":"summary_large_image","twitter_site":"@teslafm","twitter_misc":{"Est. reading time":"2 minutes"},"schema":{"@context":"https:\/\/schema.org","@graph":[{"@type":"WebPage","@id":"https:\/\/teslafm.net\/space-oddity-recollection-31\/","url":"https:\/\/teslafm.net\/space-oddity-recollection-31\/","name":"Space Oddity Recollection #31 -","isPartOf":{"@id":"https:\/\/teslafm.net\/#website"},"primaryImageOfPage":{"@id":"https:\/\/teslafm.net\/space-oddity-recollection-31\/#primaryimage"},"image":{"@id":"https:\/\/teslafm.net\/space-oddity-recollection-31\/#primaryimage"},"thumbnailUrl":"https:\/\/teslafm.net\/wp-content\/uploads\/2022\/03\/Dimitris-Tsironis1.jpg","datePublished":"2022-03-22T15:13:33+00:00","dateModified":"2022-03-22T15:14:36+00:00","breadcrumb":{"@id":"https:\/\/teslafm.net\/space-oddity-recollection-31\/#breadcrumb"},"inLanguage":"en-US","potentialAction":[{"@type":"ReadAction","target":["https:\/\/teslafm.net\/space-oddity-recollection-31\/"]}]},{"@type":"ImageObject","inLanguage":"en-US","@id":"https:\/\/teslafm.net\/space-oddity-recollection-31\/#primaryimage","url":"https:\/\/teslafm.net\/wp-content\/uploads\/2022\/03\/Dimitris-Tsironis1.jpg","contentUrl":"https:\/\/teslafm.net\/wp-content\/uploads\/2022\/03\/Dimitris-Tsironis1.jpg"},{"@type":"BreadcrumbList","@id":"https:\/\/teslafm.net\/space-oddity-recollection-31\/#breadcrumb","itemListElement":[{"@type":"ListItem","position":1,"name":"Portada","item":"https:\/\/teslafm.net\/"},{"@type":"ListItem","position":2,"name":"Space Oddity Recollection #31"}]},{"@type":"WebSite","@id":"https:\/\/teslafm.net\/#website","url":"https:\/\/teslafm.net\/","name":"TeslaFM","description":"An experimental and creative radio","publisher":{"@id":"https:\/\/teslafm.net\/#organization"},"potentialAction":[{"@type":"SearchAction","target":{"@type":"EntryPoint","urlTemplate":"https:\/\/teslafm.net\/?s={search_term_string}"},"query-input":{"@type":"PropertyValueSpecification","valueRequired":true,"valueName":"search_term_string"}}],"inLanguage":"en-US"},{"@type":"Organization","@id":"https:\/\/teslafm.net\/#organization","name":"TeslaFM","url":"https:\/\/teslafm.net\/","logo":{"@type":"ImageObject","inLanguage":"en-US","@id":"https:\/\/teslafm.net\/#\/schema\/logo\/image\/","url":"https:\/\/teslafm.net\/wp-content\/uploads\/2020\/06\/logo-tesla.png","contentUrl":"https:\/\/teslafm.net\/wp-content\/uploads\/2020\/06\/logo-tesla.png","width":512,"height":512,"caption":"TeslaFM"},"image":{"@id":"https:\/\/teslafm.net\/#\/schema\/logo\/image\/"},"sameAs":["https:\/\/www.facebook.com\/teslafm.net","https:\/\/x.com\/teslafm"]}]}},"rttpg_featured_image_url":null,"rttpg_author":{"display_name":"Ishak","author_link":"https:\/\/teslafm.net\/en\/author\/cravan\/"},"rttpg_comment":0,"rttpg_category":null,"rttpg_excerpt":"Space Oddity Recollection #31 Marzo 2022 Melophobia_Dimitris Tsironis Melophobia &#8211; un proyecto experimental iniciado en Grecia en 2001 por Dimitris Tsironis (\u0394\u03b7\u03bc\u03ae\u03c4\u03c1\u03b7\u03c2 \u03a4\u03c3\u03b9\u03c1\u03ce\u03bd\u03b7\u03c2). Es un diario s\u00f3nico de electroac\u00fastica, drone music, improvisaci\u00f3n, arte sonoro, avant garde, m\u00fasica concreta, ambient y grabaciones de campo. Todos los sonidos se elaboran y ensamblan a trav\u00e9s de varias fuentes&hellip;","_links":{"self":[{"href":"https:\/\/teslafm.net\/en\/wp-json\/wp\/v2\/pages\/59614","targetHints":{"allow":["GET"]}}],"collection":[{"href":"https:\/\/teslafm.net\/en\/wp-json\/wp\/v2\/pages"}],"about":[{"href":"https:\/\/teslafm.net\/en\/wp-json\/wp\/v2\/types\/page"}],"author":[{"embeddable":true,"href":"https:\/\/teslafm.net\/en\/wp-json\/wp\/v2\/users\/19"}],"replies":[{"embeddable":true,"href":"https:\/\/teslafm.net\/en\/wp-json\/wp\/v2\/comments?post=59614"}],"version-history":[{"count":1,"href":"https:\/\/teslafm.net\/en\/wp-json\/wp\/v2\/pages\/59614\/revisions"}],"predecessor-version":[{"id":59616,"href":"https:\/\/teslafm.net\/en\/wp-json\/wp\/v2\/pages\/59614\/revisions\/59616"}],"wp:attachment":[{"href":"https:\/\/teslafm.net\/en\/wp-json\/wp\/v2\/media?parent=59614"}],"curies":[{"name":"wp","href":"https:\/\/api.w.org\/{rel}","templated":true}]}}