

{"id":59678,"date":"2022-04-05T15:39:41","date_gmt":"2022-04-05T13:39:41","guid":{"rendered":"https:\/\/teslafm.net\/?page_id=59678"},"modified":"2022-04-05T15:44:53","modified_gmt":"2022-04-05T13:44:53","slug":"ananke-36","status":"publish","type":"page","link":"https:\/\/teslafm.net\/en\/ananke-36\/","title":{"rendered":"Anank\u00e9 #36"},"content":{"rendered":"<h2><span style=\"color: #ffffff;\"><strong>Anank\u00e9 Chapter XXXVI<\/strong><\/span><\/h2>\n<p><span style=\"color: #808080;\"><em>April 2022<\/em><\/span><\/p>\n<p><iframe src=\"https:\/\/www.mixcloud.com\/widget\/iframe\/?hide_cover=1&amp;feed=%2FTeslafm_net%2Fanank%C3%A9-36-jaco%2F\" width=\"100%\" height=\"120\" frameborder=\"0\"><\/iframe><\/p>\n<p><span style=\"color: #808080;\">01. <strong>Shida Shahabi<\/strong> - Low Land - Alvaret (130701, 2021)<\/span><br \/>\n<span style=\"color: #808080;\">02. <strong>Dawuna<\/strong> - The Lighthouse - Glass Lit Dream (Self-released, 2020)<\/span><br \/>\n<span style=\"color: #808080;\">03. <strong>Uwalmassa<\/strong> - Rantas - Malar (Mana, 2022)<\/span><br \/>\n<span style=\"color: #808080;\">04. <strong>Hidden Horse<\/strong> - Magnetic Levitation - Opala (Holuzam, 2022)<\/span><br \/>\n<span style=\"color: #808080;\">05. <strong>Rainforest Spiritual Enslavement<\/strong> - Jellyfish Reproduce Black Magic - Jellyfish Reproduce Black Magic (Hospital, 2021)<\/span><br \/>\n<span style=\"color: #808080;\">06. <strong>Carmen Villain<\/strong> - Subtle Bodies - Only Love From Now On (Smalltown Supersound, 2022)<\/span><br \/>\n<span style=\"color: #808080;\">07. <strong>Oil Torture<\/strong> - A Horse for Mandy, pt 4 - A Horse for Mandy (Self-published, 2022)<\/span><br \/>\n<span style=\"color: #808080;\">08. <strong>Anadol<\/strong> - Gizli Duygular - Felicita (Pingipung, 2022)<\/span><br \/>\n<span style=\"color: #808080;\">09. <strong>Conway the Machine<\/strong> - Babas (with Keisha Plum) - God Don't Make Mistakes (Shady Records, 2022)<\/span><br \/>\n<span style=\"color: #808080;\">10. <strong>The Bug<\/strong> - Vexed (feat. Moor Mother) - Fire (Ninja Tune, 2021)<\/span><br \/>\n<span style=\"color: #808080;\">11. <strong>Ecko Bazz<\/strong> - Mugulu e'yo - Mmaso (Hakuna Kulala, 2022)<\/span><br \/>\n<span style=\"color: #808080;\">12. <strong>Nahi Mitti<\/strong> - Vision(s) of Sabheda - Aisaund Sings (Mutualism, 2022)<\/span><br \/>\n<span style=\"color: #808080;\">13. <strong>Shelley Parker<\/strong> - Shimmer - Wisteria (Hypercolour, 2022)<\/span><br \/>\n<span style=\"color: #808080;\">14. <strong>Autechre<\/strong> - Arch Carrier - LP5 (Warp, 1998\/2021)<\/span><\/p>","protected":false},"excerpt":{"rendered":"<p>Anank\u00e9 Cap\u00edtulo XXXVI Abril 2022 01. Shida Shahabi &#8211; Low Land &#8211; Alvaret (130701, 2021) 02. Dawuna &#8211; The Lighthouse &#8211; Glass Lit Dream (Autoeditado, 2020) 03. Uwalmassa &#8211; Rantas &#8211; Malar (Mana, 2022) 04. Hidden Horse &#8211; Levita\u00e7ao magn\u00e9tica &#8211; Opala (Holuzam, 2022) 05. Rainforest Spiritual Enslavement &#8211; Jellyfish Reproduce Black Magic &#8211; Jellyfish [&hellip;]<\/p>\n","protected":false},"author":19,"featured_media":0,"parent":0,"menu_order":0,"comment_status":"closed","ping_status":"closed","template":"","meta":{"footnotes":""},"class_list":["post-59678","page","type-page","status-publish","hentry"],"yoast_head":"<!-- This site is optimized with the Yoast SEO plugin v27.4 - https:\/\/yoast.com\/product\/yoast-seo-wordpress\/ -->\n<title>Anank\u00e9 #36 -<\/title>\n<meta name=\"robots\" content=\"index, follow, max-snippet:-1, max-image-preview:large, max-video-preview:-1\" \/>\n<link rel=\"canonical\" href=\"https:\/\/teslafm.net\/en\/ananke-36\/\" \/>\n<meta property=\"og:locale\" content=\"en_US\" \/>\n<meta property=\"og:type\" content=\"article\" \/>\n<meta property=\"og:title\" content=\"Anank\u00e9 #36 -\" \/>\n<meta property=\"og:description\" content=\"Anank\u00e9 Cap\u00edtulo XXXVI Abril 2022 01. Shida Shahabi &#8211; Low Land &#8211; Alvaret (130701, 2021) 02. Dawuna &#8211; The Lighthouse &#8211; Glass Lit Dream (Autoeditado, 2020) 03. Uwalmassa &#8211; Rantas &#8211; Malar (Mana, 2022) 04. Hidden Horse &#8211; Levita\u00e7ao magn\u00e9tica &#8211; Opala (Holuzam, 2022) 05. Rainforest Spiritual Enslavement &#8211; Jellyfish Reproduce Black Magic &#8211; Jellyfish [&hellip;]\" \/>\n<meta property=\"og:url\" content=\"https:\/\/teslafm.net\/en\/ananke-36\/\" \/>\n<meta property=\"article:publisher\" content=\"https:\/\/www.facebook.com\/teslafm.net\" \/>\n<meta property=\"article:modified_time\" content=\"2022-04-05T13:44:53+00:00\" \/>\n<meta property=\"og:image\" content=\"https:\/\/teslafm.net\/wp-content\/uploads\/2022\/09\/header-image-4-temp.png\" \/>\n\t<meta property=\"og:image:width\" content=\"1274\" \/>\n\t<meta property=\"og:image:height\" content=\"818\" \/>\n\t<meta property=\"og:image:type\" content=\"image\/png\" \/>\n<meta name=\"twitter:card\" content=\"summary_large_image\" \/>\n<meta name=\"twitter:site\" content=\"@teslafm\" \/>\n<meta name=\"twitter:label1\" content=\"Est. reading time\" \/>\n\t<meta name=\"twitter:data1\" content=\"1 minute\" \/>\n<script type=\"application\/ld+json\" class=\"yoast-schema-graph\">{\"@context\":\"https:\\\/\\\/schema.org\",\"@graph\":[{\"@type\":\"WebPage\",\"@id\":\"https:\\\/\\\/teslafm.net\\\/ananke-36\\\/\",\"url\":\"https:\\\/\\\/teslafm.net\\\/ananke-36\\\/\",\"name\":\"Anank\u00e9 #36 -\",\"isPartOf\":{\"@id\":\"https:\\\/\\\/teslafm.net\\\/#website\"},\"datePublished\":\"2022-04-05T13:39:41+00:00\",\"dateModified\":\"2022-04-05T13:44:53+00:00\",\"breadcrumb\":{\"@id\":\"https:\\\/\\\/teslafm.net\\\/ananke-36\\\/#breadcrumb\"},\"inLanguage\":\"en-US\",\"potentialAction\":[{\"@type\":\"ReadAction\",\"target\":[\"https:\\\/\\\/teslafm.net\\\/ananke-36\\\/\"]}]},{\"@type\":\"BreadcrumbList\",\"@id\":\"https:\\\/\\\/teslafm.net\\\/ananke-36\\\/#breadcrumb\",\"itemListElement\":[{\"@type\":\"ListItem\",\"position\":1,\"name\":\"Portada\",\"item\":\"https:\\\/\\\/teslafm.net\\\/\"},{\"@type\":\"ListItem\",\"position\":2,\"name\":\"Anank\u00e9 #36\"}]},{\"@type\":\"WebSite\",\"@id\":\"https:\\\/\\\/teslafm.net\\\/#website\",\"url\":\"https:\\\/\\\/teslafm.net\\\/\",\"name\":\"TeslaFM\",\"description\":\"An experimental and creative radio\",\"publisher\":{\"@id\":\"https:\\\/\\\/teslafm.net\\\/#organization\"},\"potentialAction\":[{\"@type\":\"SearchAction\",\"target\":{\"@type\":\"EntryPoint\",\"urlTemplate\":\"https:\\\/\\\/teslafm.net\\\/?s={search_term_string}\"},\"query-input\":{\"@type\":\"PropertyValueSpecification\",\"valueRequired\":true,\"valueName\":\"search_term_string\"}}],\"inLanguage\":\"en-US\"},{\"@type\":\"Organization\",\"@id\":\"https:\\\/\\\/teslafm.net\\\/#organization\",\"name\":\"TeslaFM\",\"url\":\"https:\\\/\\\/teslafm.net\\\/\",\"logo\":{\"@type\":\"ImageObject\",\"inLanguage\":\"en-US\",\"@id\":\"https:\\\/\\\/teslafm.net\\\/#\\\/schema\\\/logo\\\/image\\\/\",\"url\":\"https:\\\/\\\/teslafm.net\\\/wp-content\\\/uploads\\\/2020\\\/06\\\/logo-tesla.png\",\"contentUrl\":\"https:\\\/\\\/teslafm.net\\\/wp-content\\\/uploads\\\/2020\\\/06\\\/logo-tesla.png\",\"width\":512,\"height\":512,\"caption\":\"TeslaFM\"},\"image\":{\"@id\":\"https:\\\/\\\/teslafm.net\\\/#\\\/schema\\\/logo\\\/image\\\/\"},\"sameAs\":[\"https:\\\/\\\/www.facebook.com\\\/teslafm.net\",\"https:\\\/\\\/x.com\\\/teslafm\"]}]}<\/script>\n<!-- \/ Yoast SEO plugin. -->","yoast_head_json":{"title":"Anank\u00e9 #36 -","robots":{"index":"index","follow":"follow","max-snippet":"max-snippet:-1","max-image-preview":"max-image-preview:large","max-video-preview":"max-video-preview:-1"},"canonical":"https:\/\/teslafm.net\/en\/ananke-36\/","og_locale":"en_US","og_type":"article","og_title":"Anank\u00e9 #36 -","og_description":"Anank\u00e9 Cap\u00edtulo XXXVI Abril 2022 01. Shida Shahabi &#8211; Low Land &#8211; Alvaret (130701, 2021) 02. Dawuna &#8211; The Lighthouse &#8211; Glass Lit Dream (Autoeditado, 2020) 03. Uwalmassa &#8211; Rantas &#8211; Malar (Mana, 2022) 04. Hidden Horse &#8211; Levita\u00e7ao magn\u00e9tica &#8211; Opala (Holuzam, 2022) 05. Rainforest Spiritual Enslavement &#8211; Jellyfish Reproduce Black Magic &#8211; Jellyfish [&hellip;]","og_url":"https:\/\/teslafm.net\/en\/ananke-36\/","article_publisher":"https:\/\/www.facebook.com\/teslafm.net","article_modified_time":"2022-04-05T13:44:53+00:00","og_image":[{"width":1274,"height":818,"url":"https:\/\/teslafm.net\/wp-content\/uploads\/2022\/09\/header-image-4-temp.png","type":"image\/png"}],"twitter_card":"summary_large_image","twitter_site":"@teslafm","twitter_misc":{"Est. reading time":"1 minute"},"schema":{"@context":"https:\/\/schema.org","@graph":[{"@type":"WebPage","@id":"https:\/\/teslafm.net\/ananke-36\/","url":"https:\/\/teslafm.net\/ananke-36\/","name":"Anank\u00e9 #36 -","isPartOf":{"@id":"https:\/\/teslafm.net\/#website"},"datePublished":"2022-04-05T13:39:41+00:00","dateModified":"2022-04-05T13:44:53+00:00","breadcrumb":{"@id":"https:\/\/teslafm.net\/ananke-36\/#breadcrumb"},"inLanguage":"en-US","potentialAction":[{"@type":"ReadAction","target":["https:\/\/teslafm.net\/ananke-36\/"]}]},{"@type":"BreadcrumbList","@id":"https:\/\/teslafm.net\/ananke-36\/#breadcrumb","itemListElement":[{"@type":"ListItem","position":1,"name":"Portada","item":"https:\/\/teslafm.net\/"},{"@type":"ListItem","position":2,"name":"Anank\u00e9 #36"}]},{"@type":"WebSite","@id":"https:\/\/teslafm.net\/#website","url":"https:\/\/teslafm.net\/","name":"TeslaFM","description":"An experimental and creative radio","publisher":{"@id":"https:\/\/teslafm.net\/#organization"},"potentialAction":[{"@type":"SearchAction","target":{"@type":"EntryPoint","urlTemplate":"https:\/\/teslafm.net\/?s={search_term_string}"},"query-input":{"@type":"PropertyValueSpecification","valueRequired":true,"valueName":"search_term_string"}}],"inLanguage":"en-US"},{"@type":"Organization","@id":"https:\/\/teslafm.net\/#organization","name":"TeslaFM","url":"https:\/\/teslafm.net\/","logo":{"@type":"ImageObject","inLanguage":"en-US","@id":"https:\/\/teslafm.net\/#\/schema\/logo\/image\/","url":"https:\/\/teslafm.net\/wp-content\/uploads\/2020\/06\/logo-tesla.png","contentUrl":"https:\/\/teslafm.net\/wp-content\/uploads\/2020\/06\/logo-tesla.png","width":512,"height":512,"caption":"TeslaFM"},"image":{"@id":"https:\/\/teslafm.net\/#\/schema\/logo\/image\/"},"sameAs":["https:\/\/www.facebook.com\/teslafm.net","https:\/\/x.com\/teslafm"]}]}},"rttpg_featured_image_url":null,"rttpg_author":{"display_name":"Ishak","author_link":"https:\/\/teslafm.net\/en\/author\/cravan\/"},"rttpg_comment":0,"rttpg_category":null,"rttpg_excerpt":"Anank\u00e9 Cap\u00edtulo XXXVI Abril 2022 01. Shida Shahabi &#8211; Low Land &#8211; Alvaret (130701, 2021) 02. Dawuna &#8211; The Lighthouse &#8211; Glass Lit Dream (Autoeditado, 2020) 03. Uwalmassa &#8211; Rantas &#8211; Malar (Mana, 2022) 04. Hidden Horse &#8211; Levita\u00e7ao magn\u00e9tica &#8211; Opala (Holuzam, 2022) 05. Rainforest Spiritual Enslavement &#8211; Jellyfish Reproduce Black Magic &#8211; Jellyfish&hellip;","_links":{"self":[{"href":"https:\/\/teslafm.net\/en\/wp-json\/wp\/v2\/pages\/59678","targetHints":{"allow":["GET"]}}],"collection":[{"href":"https:\/\/teslafm.net\/en\/wp-json\/wp\/v2\/pages"}],"about":[{"href":"https:\/\/teslafm.net\/en\/wp-json\/wp\/v2\/types\/page"}],"author":[{"embeddable":true,"href":"https:\/\/teslafm.net\/en\/wp-json\/wp\/v2\/users\/19"}],"replies":[{"embeddable":true,"href":"https:\/\/teslafm.net\/en\/wp-json\/wp\/v2\/comments?post=59678"}],"version-history":[{"count":6,"href":"https:\/\/teslafm.net\/en\/wp-json\/wp\/v2\/pages\/59678\/revisions"}],"predecessor-version":[{"id":59685,"href":"https:\/\/teslafm.net\/en\/wp-json\/wp\/v2\/pages\/59678\/revisions\/59685"}],"wp:attachment":[{"href":"https:\/\/teslafm.net\/en\/wp-json\/wp\/v2\/media?parent=59678"}],"curies":[{"name":"wp","href":"https:\/\/api.w.org\/{rel}","templated":true}]}}