

{"id":59717,"date":"2022-04-19T17:07:01","date_gmt":"2022-04-19T15:07:01","guid":{"rendered":"https:\/\/teslafm.net\/?page_id=59717"},"modified":"2022-04-19T17:10:26","modified_gmt":"2022-04-19T15:10:26","slug":"ones-de-crom-8","status":"publish","type":"page","link":"https:\/\/teslafm.net\/en\/ones-de-crom-8\/","title":{"rendered":"Ones de Crom #8"},"content":{"rendered":"<div data-elementor-type=\"wp-page\" data-elementor-id=\"59717\" class=\"elementor elementor-59717\">\n\t\t\t\t\t\t<section class=\"elementor-section elementor-top-section elementor-element elementor-element-3007b5d6 elementor-section-boxed elementor-section-height-default elementor-section-height-default\" data-id=\"3007b5d6\" data-element_type=\"section\" data-e-type=\"section\">\n\t\t\t\t\t\t<div class=\"elementor-container elementor-column-gap-default\">\n\t\t\t\t\t<div class=\"elementor-column elementor-col-100 elementor-top-column elementor-element elementor-element-444536c\" data-id=\"444536c\" data-element_type=\"column\" data-e-type=\"column\">\n\t\t\t<div class=\"elementor-widget-wrap elementor-element-populated\">\n\t\t\t\t\t\t<div class=\"elementor-element elementor-element-60e107b9 elementor-widget elementor-widget-text-editor\" data-id=\"60e107b9\" data-element_type=\"widget\" data-e-type=\"widget\" data-widget_type=\"text-editor.default\">\n\t\t\t\t<div class=\"elementor-widget-container\">\n\t\t\t\t\t\t\t\t\t<h2><span style=\"color: #ffffff;\"><strong>Ones de Crom #8<\/strong><\/span><\/h2><p><span style=\"color: #808080;\"><em>Vagina Dentata Organ<\/em><\/span><\/p><p><iframe src=\"https:\/\/www.mixcloud.com\/widget\/iframe\/?hide_cover=1&amp;feed=%2FTeslafm_net%2Fones-de-crom-8-emili-mir%C3%B3%2F\" width=\"100%\" height=\"120\" frameborder=\"0\"><\/iframe><\/p>\t\t\t\t\t\t\t\t<\/div>\n\t\t\t\t<\/div>\n\t\t\t\t\t<\/div>\n\t\t<\/div>\n\t\t\t\t\t<\/div>\n\t\t<\/section>\n\t\t\t\t<section class=\"elementor-section elementor-top-section elementor-element elementor-element-a567f81 elementor-section-boxed elementor-section-height-default elementor-section-height-default\" data-id=\"a567f81\" data-element_type=\"section\" data-e-type=\"section\">\n\t\t\t\t\t\t<div class=\"elementor-container elementor-column-gap-default\">\n\t\t\t\t\t<div class=\"elementor-column elementor-col-50 elementor-top-column elementor-element elementor-element-161700a\" data-id=\"161700a\" data-element_type=\"column\" data-e-type=\"column\">\n\t\t\t<div class=\"elementor-widget-wrap elementor-element-populated\">\n\t\t\t\t\t\t<div class=\"elementor-element elementor-element-3d86fae elementor-widget elementor-widget-spacer\" data-id=\"3d86fae\" data-element_type=\"widget\" data-e-type=\"widget\" data-widget_type=\"spacer.default\">\n\t\t\t\t<div class=\"elementor-widget-container\">\n\t\t\t\t\t\t\t<div class=\"elementor-spacer\">\n\t\t\t<div class=\"elementor-spacer-inner\"><\/div>\n\t\t<\/div>\n\t\t\t\t\t\t<\/div>\n\t\t\t\t<\/div>\n\t\t\t\t<div class=\"elementor-element elementor-element-d0f7483 elementor-widget elementor-widget-image\" data-id=\"d0f7483\" data-element_type=\"widget\" data-e-type=\"widget\" data-widget_type=\"image.default\">\n\t\t\t\t<div class=\"elementor-widget-container\">\n\t\t\t\t\t\t\t\t\t\t\t\t\t\t\t<img fetchpriority=\"high\" decoding=\"async\" width=\"340\" height=\"217\" src=\"https:\/\/teslafm.net\/wp-content\/uploads\/2022\/04\/VAGINA-DENTATA-ORGAN.jpg\" class=\"attachment-large size-large wp-image-59719\" alt=\"\" srcset=\"https:\/\/teslafm.net\/wp-content\/uploads\/2022\/04\/VAGINA-DENTATA-ORGAN.jpg 340w, https:\/\/teslafm.net\/wp-content\/uploads\/2022\/04\/VAGINA-DENTATA-ORGAN-300x191.jpg 300w\" sizes=\"(max-width: 340px) 100vw, 340px\" \/>\t\t\t\t\t\t\t\t\t\t\t\t\t\t\t<\/div>\n\t\t\t\t<\/div>\n\t\t\t\t\t<\/div>\n\t\t<\/div>\n\t\t\t\t<div class=\"elementor-column elementor-col-50 elementor-top-column elementor-element elementor-element-4deaff2\" data-id=\"4deaff2\" data-element_type=\"column\" data-e-type=\"column\">\n\t\t\t<div class=\"elementor-widget-wrap elementor-element-populated\">\n\t\t\t\t\t\t<div class=\"elementor-element elementor-element-6fd1be8 elementor-widget elementor-widget-text-editor\" data-id=\"6fd1be8\" data-element_type=\"widget\" data-e-type=\"widget\" data-widget_type=\"text-editor.default\">\n\t\t\t\t<div class=\"elementor-widget-container\">\n\t\t\t\t\t\t\t\t\t<p class=\"western\" lang=\"ca-ES\"><span style=\"color: #808080;\">June 29, 2008<\/span><\/p><p class=\"western\" lang=\"ca-ES\"><span style=\"color: #808080;\">The project of <strong>Jordi Valls<\/strong>. He is one of the most daring, provocative, surrealistic and violent in the field of art and experimental Catalan and international music. He settled in London at the end of the 70's,<strong> Valls<\/strong> will create <strong>Vagina Dentata Organ<\/strong> in 1982 and was surrounded by some of the most important names in the British industrial experimentation of those years, such as <strong>Throbbing Gristle<\/strong>, <strong>Psychic TV<\/strong>, <strong>Whitehouse<\/strong>, <strong>Konstruktivists<\/strong> o <strong>Nurse with Wound<\/strong>. We feel his discs edited with his own label World Satanic Network System (WSNS) as \"Music For The Hashasins\" (1983), with recordings of looser cats, \"The Last Supper\" (1984), with electronic sounds and the Reverend Jim Jones, \"The Pagan Drums of Calanda\" (1984), with the timbals of Calanda, and \"Cold Meat\" (1986), with sounds of orgasms treated electronically. We select two contributions from the industrial music compilations \"Ohrenschrauben\" (1985) and \"NKVD Compilation\" (1989) and we also feel two of the essential works of the surrealism of this project such as the Harley-Davidson sounds of \"Un Chien Catalan\" (1994) and the bells in tribute to <strong>Dal\u00ed<\/strong> of \"The Great Masturbator\" (2004). We finish with two collaborations of <strong>Valls<\/strong> 1982: \"Catalan\" with the <strong>Psychic TV<\/strong> i el \"Psychopathia Sexualis\" dels sorollosos <strong>Whitehouse<\/strong>.<\/span><\/p>\t\t\t\t\t\t\t\t<\/div>\n\t\t\t\t<\/div>\n\t\t\t\t\t<\/div>\n\t\t<\/div>\n\t\t\t\t\t<\/div>\n\t\t<\/section>\n\t\t\t\t<\/div>","protected":false},"excerpt":{"rendered":"<p>Ones de Crom #8 Vagina Dentata Organ 29 de juny 2008 El projecte de Jordi Valls. \u00c8s un dels m\u00e9s arriscats, provocadors, surrealistes i violents en el camp de l&#8217;art i de la m\u00fasica experimental catalana i internacional. Afincat a Londres a finals dels 70, Valls va crear Vagina Dentata Organ al 1982 i es [&hellip;]<\/p>\n","protected":false},"author":19,"featured_media":0,"parent":0,"menu_order":0,"comment_status":"closed","ping_status":"closed","template":"","meta":{"footnotes":""},"class_list":["post-59717","page","type-page","status-publish","hentry"],"yoast_head":"<!-- This site is optimized with the Yoast SEO plugin v27.2 - https:\/\/yoast.com\/product\/yoast-seo-wordpress\/ -->\n<title>Ones de Crom #8 -<\/title>\n<meta name=\"robots\" content=\"index, follow, max-snippet:-1, max-image-preview:large, max-video-preview:-1\" \/>\n<link rel=\"canonical\" href=\"https:\/\/teslafm.net\/en\/ones-de-crom-8\/\" \/>\n<meta property=\"og:locale\" content=\"en_US\" \/>\n<meta property=\"og:type\" content=\"article\" \/>\n<meta property=\"og:title\" content=\"Ones de Crom #8 -\" \/>\n<meta property=\"og:description\" content=\"Ones de Crom #8 Vagina Dentata Organ 29 de juny 2008 El projecte de Jordi Valls. \u00c8s un dels m\u00e9s arriscats, provocadors, surrealistes i violents en el camp de l&#8217;art i de la m\u00fasica experimental catalana i internacional. Afincat a Londres a finals dels 70, Valls va crear Vagina Dentata Organ al 1982 i es [&hellip;]\" \/>\n<meta property=\"og:url\" content=\"https:\/\/teslafm.net\/en\/ones-de-crom-8\/\" \/>\n<meta property=\"article:publisher\" content=\"https:\/\/www.facebook.com\/teslafm.net\" \/>\n<meta property=\"article:modified_time\" content=\"2022-04-19T15:10:26+00:00\" \/>\n<meta property=\"og:image\" content=\"https:\/\/teslafm.net\/wp-content\/uploads\/2022\/04\/VAGINA-DENTATA-ORGAN.jpg\" \/>\n<meta name=\"twitter:card\" content=\"summary_large_image\" \/>\n<meta name=\"twitter:site\" content=\"@teslafm\" \/>\n<meta name=\"twitter:label1\" content=\"Est. reading time\" \/>\n\t<meta name=\"twitter:data1\" content=\"2 minutes\" \/>\n<script type=\"application\/ld+json\" class=\"yoast-schema-graph\">{\"@context\":\"https:\/\/schema.org\",\"@graph\":[{\"@type\":\"WebPage\",\"@id\":\"https:\/\/teslafm.net\/ones-de-crom-8\/\",\"url\":\"https:\/\/teslafm.net\/ones-de-crom-8\/\",\"name\":\"Ones de Crom #8 -\",\"isPartOf\":{\"@id\":\"https:\/\/teslafm.net\/#website\"},\"primaryImageOfPage\":{\"@id\":\"https:\/\/teslafm.net\/ones-de-crom-8\/#primaryimage\"},\"image\":{\"@id\":\"https:\/\/teslafm.net\/ones-de-crom-8\/#primaryimage\"},\"thumbnailUrl\":\"https:\/\/teslafm.net\/wp-content\/uploads\/2022\/04\/VAGINA-DENTATA-ORGAN.jpg\",\"datePublished\":\"2022-04-19T15:07:01+00:00\",\"dateModified\":\"2022-04-19T15:10:26+00:00\",\"breadcrumb\":{\"@id\":\"https:\/\/teslafm.net\/ones-de-crom-8\/#breadcrumb\"},\"inLanguage\":\"en-US\",\"potentialAction\":[{\"@type\":\"ReadAction\",\"target\":[\"https:\/\/teslafm.net\/ones-de-crom-8\/\"]}]},{\"@type\":\"ImageObject\",\"inLanguage\":\"en-US\",\"@id\":\"https:\/\/teslafm.net\/ones-de-crom-8\/#primaryimage\",\"url\":\"https:\/\/teslafm.net\/wp-content\/uploads\/2022\/04\/VAGINA-DENTATA-ORGAN.jpg\",\"contentUrl\":\"https:\/\/teslafm.net\/wp-content\/uploads\/2022\/04\/VAGINA-DENTATA-ORGAN.jpg\"},{\"@type\":\"BreadcrumbList\",\"@id\":\"https:\/\/teslafm.net\/ones-de-crom-8\/#breadcrumb\",\"itemListElement\":[{\"@type\":\"ListItem\",\"position\":1,\"name\":\"Portada\",\"item\":\"https:\/\/teslafm.net\/\"},{\"@type\":\"ListItem\",\"position\":2,\"name\":\"Ones de Crom #8\"}]},{\"@type\":\"WebSite\",\"@id\":\"https:\/\/teslafm.net\/#website\",\"url\":\"https:\/\/teslafm.net\/\",\"name\":\"TeslaFM\",\"description\":\"An experimental and creative radio\",\"publisher\":{\"@id\":\"https:\/\/teslafm.net\/#organization\"},\"potentialAction\":[{\"@type\":\"SearchAction\",\"target\":{\"@type\":\"EntryPoint\",\"urlTemplate\":\"https:\/\/teslafm.net\/?s={search_term_string}\"},\"query-input\":{\"@type\":\"PropertyValueSpecification\",\"valueRequired\":true,\"valueName\":\"search_term_string\"}}],\"inLanguage\":\"en-US\"},{\"@type\":\"Organization\",\"@id\":\"https:\/\/teslafm.net\/#organization\",\"name\":\"TeslaFM\",\"url\":\"https:\/\/teslafm.net\/\",\"logo\":{\"@type\":\"ImageObject\",\"inLanguage\":\"en-US\",\"@id\":\"https:\/\/teslafm.net\/#\/schema\/logo\/image\/\",\"url\":\"https:\/\/teslafm.net\/wp-content\/uploads\/2020\/06\/logo-tesla.png\",\"contentUrl\":\"https:\/\/teslafm.net\/wp-content\/uploads\/2020\/06\/logo-tesla.png\",\"width\":512,\"height\":512,\"caption\":\"TeslaFM\"},\"image\":{\"@id\":\"https:\/\/teslafm.net\/#\/schema\/logo\/image\/\"},\"sameAs\":[\"https:\/\/www.facebook.com\/teslafm.net\",\"https:\/\/x.com\/teslafm\"]}]}<\/script>\n<!-- \/ Yoast SEO plugin. -->","yoast_head_json":{"title":"Ones de Crom #8 -","robots":{"index":"index","follow":"follow","max-snippet":"max-snippet:-1","max-image-preview":"max-image-preview:large","max-video-preview":"max-video-preview:-1"},"canonical":"https:\/\/teslafm.net\/en\/ones-de-crom-8\/","og_locale":"en_US","og_type":"article","og_title":"Ones de Crom #8 -","og_description":"Ones de Crom #8 Vagina Dentata Organ 29 de juny 2008 El projecte de Jordi Valls. \u00c8s un dels m\u00e9s arriscats, provocadors, surrealistes i violents en el camp de l&#8217;art i de la m\u00fasica experimental catalana i internacional. Afincat a Londres a finals dels 70, Valls va crear Vagina Dentata Organ al 1982 i es [&hellip;]","og_url":"https:\/\/teslafm.net\/en\/ones-de-crom-8\/","article_publisher":"https:\/\/www.facebook.com\/teslafm.net","article_modified_time":"2022-04-19T15:10:26+00:00","og_image":[{"url":"https:\/\/teslafm.net\/wp-content\/uploads\/2022\/04\/VAGINA-DENTATA-ORGAN.jpg","type":"","width":"","height":""}],"twitter_card":"summary_large_image","twitter_site":"@teslafm","twitter_misc":{"Est. reading time":"2 minutes"},"schema":{"@context":"https:\/\/schema.org","@graph":[{"@type":"WebPage","@id":"https:\/\/teslafm.net\/ones-de-crom-8\/","url":"https:\/\/teslafm.net\/ones-de-crom-8\/","name":"Ones de Crom #8 -","isPartOf":{"@id":"https:\/\/teslafm.net\/#website"},"primaryImageOfPage":{"@id":"https:\/\/teslafm.net\/ones-de-crom-8\/#primaryimage"},"image":{"@id":"https:\/\/teslafm.net\/ones-de-crom-8\/#primaryimage"},"thumbnailUrl":"https:\/\/teslafm.net\/wp-content\/uploads\/2022\/04\/VAGINA-DENTATA-ORGAN.jpg","datePublished":"2022-04-19T15:07:01+00:00","dateModified":"2022-04-19T15:10:26+00:00","breadcrumb":{"@id":"https:\/\/teslafm.net\/ones-de-crom-8\/#breadcrumb"},"inLanguage":"en-US","potentialAction":[{"@type":"ReadAction","target":["https:\/\/teslafm.net\/ones-de-crom-8\/"]}]},{"@type":"ImageObject","inLanguage":"en-US","@id":"https:\/\/teslafm.net\/ones-de-crom-8\/#primaryimage","url":"https:\/\/teslafm.net\/wp-content\/uploads\/2022\/04\/VAGINA-DENTATA-ORGAN.jpg","contentUrl":"https:\/\/teslafm.net\/wp-content\/uploads\/2022\/04\/VAGINA-DENTATA-ORGAN.jpg"},{"@type":"BreadcrumbList","@id":"https:\/\/teslafm.net\/ones-de-crom-8\/#breadcrumb","itemListElement":[{"@type":"ListItem","position":1,"name":"Portada","item":"https:\/\/teslafm.net\/"},{"@type":"ListItem","position":2,"name":"Ones de Crom #8"}]},{"@type":"WebSite","@id":"https:\/\/teslafm.net\/#website","url":"https:\/\/teslafm.net\/","name":"TeslaFM","description":"An experimental and creative radio","publisher":{"@id":"https:\/\/teslafm.net\/#organization"},"potentialAction":[{"@type":"SearchAction","target":{"@type":"EntryPoint","urlTemplate":"https:\/\/teslafm.net\/?s={search_term_string}"},"query-input":{"@type":"PropertyValueSpecification","valueRequired":true,"valueName":"search_term_string"}}],"inLanguage":"en-US"},{"@type":"Organization","@id":"https:\/\/teslafm.net\/#organization","name":"TeslaFM","url":"https:\/\/teslafm.net\/","logo":{"@type":"ImageObject","inLanguage":"en-US","@id":"https:\/\/teslafm.net\/#\/schema\/logo\/image\/","url":"https:\/\/teslafm.net\/wp-content\/uploads\/2020\/06\/logo-tesla.png","contentUrl":"https:\/\/teslafm.net\/wp-content\/uploads\/2020\/06\/logo-tesla.png","width":512,"height":512,"caption":"TeslaFM"},"image":{"@id":"https:\/\/teslafm.net\/#\/schema\/logo\/image\/"},"sameAs":["https:\/\/www.facebook.com\/teslafm.net","https:\/\/x.com\/teslafm"]}]}},"rttpg_featured_image_url":null,"rttpg_author":{"display_name":"Ishak","author_link":"https:\/\/teslafm.net\/en\/author\/cravan\/"},"rttpg_comment":0,"rttpg_category":null,"rttpg_excerpt":"Ones de Crom #8 Vagina Dentata Organ 29 de juny 2008 El projecte de Jordi Valls. \u00c8s un dels m\u00e9s arriscats, provocadors, surrealistes i violents en el camp de l&#8217;art i de la m\u00fasica experimental catalana i internacional. Afincat a Londres a finals dels 70, Valls va crear Vagina Dentata Organ al 1982 i es&hellip;","_links":{"self":[{"href":"https:\/\/teslafm.net\/en\/wp-json\/wp\/v2\/pages\/59717","targetHints":{"allow":["GET"]}}],"collection":[{"href":"https:\/\/teslafm.net\/en\/wp-json\/wp\/v2\/pages"}],"about":[{"href":"https:\/\/teslafm.net\/en\/wp-json\/wp\/v2\/types\/page"}],"author":[{"embeddable":true,"href":"https:\/\/teslafm.net\/en\/wp-json\/wp\/v2\/users\/19"}],"replies":[{"embeddable":true,"href":"https:\/\/teslafm.net\/en\/wp-json\/wp\/v2\/comments?post=59717"}],"version-history":[{"count":5,"href":"https:\/\/teslafm.net\/en\/wp-json\/wp\/v2\/pages\/59717\/revisions"}],"predecessor-version":[{"id":59723,"href":"https:\/\/teslafm.net\/en\/wp-json\/wp\/v2\/pages\/59717\/revisions\/59723"}],"wp:attachment":[{"href":"https:\/\/teslafm.net\/en\/wp-json\/wp\/v2\/media?parent=59717"}],"curies":[{"name":"wp","href":"https:\/\/api.w.org\/{rel}","templated":true}]}}