

{"id":59738,"date":"2022-04-23T09:57:44","date_gmt":"2022-04-23T07:57:44","guid":{"rendered":"https:\/\/teslafm.net\/?page_id=59738"},"modified":"2022-04-23T09:57:44","modified_gmt":"2022-04-23T07:57:44","slug":"los-archivos-phonos-22","status":"publish","type":"page","link":"https:\/\/teslafm.net\/en\/los-archivos-phonos-22\/","title":{"rendered":"Phonos Files #22"},"content":{"rendered":"<h2><span style=\"color: #ffffff;\"><strong>Phonos Files #22<\/strong><\/span><\/h2>\n<p><span style=\"color: #808080;\"><em>April 2022<\/em><\/span><\/p>\n<p><iframe src=\"https:\/\/www.mixcloud.com\/widget\/iframe\/?hide_cover=1&amp;feed=%2FTeslafm_net%2Flos-archivos-phonos-22-%C3%A1ngel-faraldo%2F\" width=\"100%\" height=\"120\" frameborder=\"0\"><\/iframe><\/p>\n<p><span style=\"color: #808080;\">In the 22nd issue of The Phonos Archives, we go back to April 2006, month in which a Phonos concert was held in the now defunct <strong>Metr\u00f2nom Room<\/strong> of Barcelona, in which electroacoustic works by members of the <strong>AMEE<\/strong> (Electroacoustic Music Association of Spain). In this program, we recover the complete concert, which included works by <strong>Stefano Scarani <\/strong>and<strong> Alberto Morelli<\/strong>,<strong> Ramon Humet<\/strong>,<strong> Gregorio Gim\u00e9nez<\/strong>, <strong>Miguel Molina Alarc\u00f3n<\/strong>,<strong> Jos\u00e9 L\u00f3pez Montes<\/strong>,<strong> Guillermo Lorenzo<\/strong>,<strong> Diana Perez Custodio<\/strong>,<strong> Oriol Graus <\/strong>and<strong> Elsa Justel.<\/strong><\/span><\/p>\n<p><span style=\"color: #808080;\">Content<\/span><\/p>\n<p><span style=\"color: #808080;\">01. (00'00\") <strong>Stefano Scarani <\/strong>and<strong> Alberto Morelli<\/strong> - Megalopoli (2000)<\/span><br \/>\n<span style=\"color: #808080;\">02. (08'37\")<strong> Ramon Humet<\/strong> - Sea and Moon (2004)<\/span><br \/>\n<span style=\"color: #808080;\">03. (15'30\") <strong>Gregorio Gim\u00e9nez<\/strong> - Clicking (2005)<\/span><br \/>\n<span style=\"color: #808080;\">04. (22'14\") <strong>Miguel Molina Alarc\u00f3n<\/strong> - Political Show (1996)<\/span><br \/>\n<span style=\"color: #808080;\">05. (29'34\") <strong>Jos\u00e9 L\u00f3pez Montes<\/strong> - Autoparaphrasis Nach \u00c1tanos (2005)<\/span><br \/>\n<span style=\"color: #808080;\">06. (36'20\") <strong>Guillermo Lorenzo<\/strong> - Zenando (2005)<\/span><br \/>\n<span style=\"color: #808080;\">07. (39'32\") <strong>Diana Perez Custodio<\/strong> - Like a Forest without Roots (2005)<\/span><br \/>\n<span style=\"color: #808080;\">08. (44'31\") <strong>Oriol Graus<\/strong> - Contacts (2006)<\/span><br \/>\n<span style=\"color: #808080;\">09. (60'01\") BONUS TRACK - <strong>Elsa Justel<\/strong> - Moure el Mon (2005)<\/span><\/p>","protected":false},"excerpt":{"rendered":"<p>Los Archivos Phonos #22 Abril 2022 En la entrega 22 de Los Archivos Phonos, nos retrotraemos al mes de abril de 2006, mes en que se celebr\u00f3 un concierto Phonos en la desaparecida Sala Metr\u00f2nom de Barcelona en la que se proyectaron obras electroac\u00fasticas de socios de la AMEE (Asociaci\u00f3n de M\u00fasica Electroac\u00fastica de Espa\u00f1a). [&hellip;]<\/p>\n","protected":false},"author":19,"featured_media":0,"parent":0,"menu_order":0,"comment_status":"closed","ping_status":"closed","template":"","meta":{"footnotes":""},"class_list":["post-59738","page","type-page","status-publish","hentry"],"yoast_head":"<!-- This site is optimized with the Yoast SEO plugin v27.2 - https:\/\/yoast.com\/product\/yoast-seo-wordpress\/ -->\n<title>Los Archivos Phonos #22 -<\/title>\n<meta name=\"robots\" content=\"index, follow, max-snippet:-1, max-image-preview:large, max-video-preview:-1\" \/>\n<link rel=\"canonical\" href=\"https:\/\/teslafm.net\/en\/los-archivos-phonos-22\/\" \/>\n<meta property=\"og:locale\" content=\"en_US\" \/>\n<meta property=\"og:type\" content=\"article\" \/>\n<meta property=\"og:title\" content=\"Los Archivos Phonos #22 -\" \/>\n<meta property=\"og:description\" content=\"Los Archivos Phonos #22 Abril 2022 En la entrega 22 de Los Archivos Phonos, nos retrotraemos al mes de abril de 2006, mes en que se celebr\u00f3 un concierto Phonos en la desaparecida Sala Metr\u00f2nom de Barcelona en la que se proyectaron obras electroac\u00fasticas de socios de la AMEE (Asociaci\u00f3n de M\u00fasica Electroac\u00fastica de Espa\u00f1a). [&hellip;]\" \/>\n<meta property=\"og:url\" content=\"https:\/\/teslafm.net\/en\/los-archivos-phonos-22\/\" \/>\n<meta property=\"article:publisher\" content=\"https:\/\/www.facebook.com\/teslafm.net\" \/>\n<meta property=\"og:image\" content=\"https:\/\/teslafm.net\/wp-content\/uploads\/2022\/09\/header-image-4-temp.png\" \/>\n\t<meta property=\"og:image:width\" content=\"1274\" \/>\n\t<meta property=\"og:image:height\" content=\"818\" \/>\n\t<meta property=\"og:image:type\" content=\"image\/png\" \/>\n<meta name=\"twitter:card\" content=\"summary_large_image\" \/>\n<meta name=\"twitter:site\" content=\"@teslafm\" \/>\n<meta name=\"twitter:label1\" content=\"Est. reading time\" \/>\n\t<meta name=\"twitter:data1\" content=\"1 minute\" \/>\n<script type=\"application\/ld+json\" class=\"yoast-schema-graph\">{\"@context\":\"https:\/\/schema.org\",\"@graph\":[{\"@type\":\"WebPage\",\"@id\":\"https:\/\/teslafm.net\/los-archivos-phonos-22\/\",\"url\":\"https:\/\/teslafm.net\/los-archivos-phonos-22\/\",\"name\":\"Los Archivos Phonos #22 -\",\"isPartOf\":{\"@id\":\"https:\/\/teslafm.net\/#website\"},\"datePublished\":\"2022-04-23T07:57:44+00:00\",\"breadcrumb\":{\"@id\":\"https:\/\/teslafm.net\/los-archivos-phonos-22\/#breadcrumb\"},\"inLanguage\":\"en-US\",\"potentialAction\":[{\"@type\":\"ReadAction\",\"target\":[\"https:\/\/teslafm.net\/los-archivos-phonos-22\/\"]}]},{\"@type\":\"BreadcrumbList\",\"@id\":\"https:\/\/teslafm.net\/los-archivos-phonos-22\/#breadcrumb\",\"itemListElement\":[{\"@type\":\"ListItem\",\"position\":1,\"name\":\"Portada\",\"item\":\"https:\/\/teslafm.net\/\"},{\"@type\":\"ListItem\",\"position\":2,\"name\":\"Los Archivos Phonos #22\"}]},{\"@type\":\"WebSite\",\"@id\":\"https:\/\/teslafm.net\/#website\",\"url\":\"https:\/\/teslafm.net\/\",\"name\":\"TeslaFM\",\"description\":\"An experimental and creative radio\",\"publisher\":{\"@id\":\"https:\/\/teslafm.net\/#organization\"},\"potentialAction\":[{\"@type\":\"SearchAction\",\"target\":{\"@type\":\"EntryPoint\",\"urlTemplate\":\"https:\/\/teslafm.net\/?s={search_term_string}\"},\"query-input\":{\"@type\":\"PropertyValueSpecification\",\"valueRequired\":true,\"valueName\":\"search_term_string\"}}],\"inLanguage\":\"en-US\"},{\"@type\":\"Organization\",\"@id\":\"https:\/\/teslafm.net\/#organization\",\"name\":\"TeslaFM\",\"url\":\"https:\/\/teslafm.net\/\",\"logo\":{\"@type\":\"ImageObject\",\"inLanguage\":\"en-US\",\"@id\":\"https:\/\/teslafm.net\/#\/schema\/logo\/image\/\",\"url\":\"https:\/\/teslafm.net\/wp-content\/uploads\/2020\/06\/logo-tesla.png\",\"contentUrl\":\"https:\/\/teslafm.net\/wp-content\/uploads\/2020\/06\/logo-tesla.png\",\"width\":512,\"height\":512,\"caption\":\"TeslaFM\"},\"image\":{\"@id\":\"https:\/\/teslafm.net\/#\/schema\/logo\/image\/\"},\"sameAs\":[\"https:\/\/www.facebook.com\/teslafm.net\",\"https:\/\/x.com\/teslafm\"]}]}<\/script>\n<!-- \/ Yoast SEO plugin. -->","yoast_head_json":{"title":"Phonos Files #22 -","robots":{"index":"index","follow":"follow","max-snippet":"max-snippet:-1","max-image-preview":"max-image-preview:large","max-video-preview":"max-video-preview:-1"},"canonical":"https:\/\/teslafm.net\/en\/los-archivos-phonos-22\/","og_locale":"en_US","og_type":"article","og_title":"Los Archivos Phonos #22 -","og_description":"Los Archivos Phonos #22 Abril 2022 En la entrega 22 de Los Archivos Phonos, nos retrotraemos al mes de abril de 2006, mes en que se celebr\u00f3 un concierto Phonos en la desaparecida Sala Metr\u00f2nom de Barcelona en la que se proyectaron obras electroac\u00fasticas de socios de la AMEE (Asociaci\u00f3n de M\u00fasica Electroac\u00fastica de Espa\u00f1a). [&hellip;]","og_url":"https:\/\/teslafm.net\/en\/los-archivos-phonos-22\/","article_publisher":"https:\/\/www.facebook.com\/teslafm.net","og_image":[{"width":1274,"height":818,"url":"https:\/\/teslafm.net\/wp-content\/uploads\/2022\/09\/header-image-4-temp.png","type":"image\/png"}],"twitter_card":"summary_large_image","twitter_site":"@teslafm","twitter_misc":{"Est. reading time":"1 minute"},"schema":{"@context":"https:\/\/schema.org","@graph":[{"@type":"WebPage","@id":"https:\/\/teslafm.net\/los-archivos-phonos-22\/","url":"https:\/\/teslafm.net\/los-archivos-phonos-22\/","name":"Phonos Files #22 -","isPartOf":{"@id":"https:\/\/teslafm.net\/#website"},"datePublished":"2022-04-23T07:57:44+00:00","breadcrumb":{"@id":"https:\/\/teslafm.net\/los-archivos-phonos-22\/#breadcrumb"},"inLanguage":"en-US","potentialAction":[{"@type":"ReadAction","target":["https:\/\/teslafm.net\/los-archivos-phonos-22\/"]}]},{"@type":"BreadcrumbList","@id":"https:\/\/teslafm.net\/los-archivos-phonos-22\/#breadcrumb","itemListElement":[{"@type":"ListItem","position":1,"name":"Portada","item":"https:\/\/teslafm.net\/"},{"@type":"ListItem","position":2,"name":"Los Archivos Phonos #22"}]},{"@type":"WebSite","@id":"https:\/\/teslafm.net\/#website","url":"https:\/\/teslafm.net\/","name":"TeslaFM","description":"An experimental and creative radio","publisher":{"@id":"https:\/\/teslafm.net\/#organization"},"potentialAction":[{"@type":"SearchAction","target":{"@type":"EntryPoint","urlTemplate":"https:\/\/teslafm.net\/?s={search_term_string}"},"query-input":{"@type":"PropertyValueSpecification","valueRequired":true,"valueName":"search_term_string"}}],"inLanguage":"en-US"},{"@type":"Organization","@id":"https:\/\/teslafm.net\/#organization","name":"TeslaFM","url":"https:\/\/teslafm.net\/","logo":{"@type":"ImageObject","inLanguage":"en-US","@id":"https:\/\/teslafm.net\/#\/schema\/logo\/image\/","url":"https:\/\/teslafm.net\/wp-content\/uploads\/2020\/06\/logo-tesla.png","contentUrl":"https:\/\/teslafm.net\/wp-content\/uploads\/2020\/06\/logo-tesla.png","width":512,"height":512,"caption":"TeslaFM"},"image":{"@id":"https:\/\/teslafm.net\/#\/schema\/logo\/image\/"},"sameAs":["https:\/\/www.facebook.com\/teslafm.net","https:\/\/x.com\/teslafm"]}]}},"rttpg_featured_image_url":null,"rttpg_author":{"display_name":"Ishak","author_link":"https:\/\/teslafm.net\/en\/author\/cravan\/"},"rttpg_comment":0,"rttpg_category":null,"rttpg_excerpt":"Los Archivos Phonos #22 Abril 2022 En la entrega 22 de Los Archivos Phonos, nos retrotraemos al mes de abril de 2006, mes en que se celebr\u00f3 un concierto Phonos en la desaparecida Sala Metr\u00f2nom de Barcelona en la que se proyectaron obras electroac\u00fasticas de socios de la AMEE (Asociaci\u00f3n de M\u00fasica Electroac\u00fastica de Espa\u00f1a).&hellip;","_links":{"self":[{"href":"https:\/\/teslafm.net\/en\/wp-json\/wp\/v2\/pages\/59738","targetHints":{"allow":["GET"]}}],"collection":[{"href":"https:\/\/teslafm.net\/en\/wp-json\/wp\/v2\/pages"}],"about":[{"href":"https:\/\/teslafm.net\/en\/wp-json\/wp\/v2\/types\/page"}],"author":[{"embeddable":true,"href":"https:\/\/teslafm.net\/en\/wp-json\/wp\/v2\/users\/19"}],"replies":[{"embeddable":true,"href":"https:\/\/teslafm.net\/en\/wp-json\/wp\/v2\/comments?post=59738"}],"version-history":[{"count":1,"href":"https:\/\/teslafm.net\/en\/wp-json\/wp\/v2\/pages\/59738\/revisions"}],"predecessor-version":[{"id":59739,"href":"https:\/\/teslafm.net\/en\/wp-json\/wp\/v2\/pages\/59738\/revisions\/59739"}],"wp:attachment":[{"href":"https:\/\/teslafm.net\/en\/wp-json\/wp\/v2\/media?parent=59738"}],"curies":[{"name":"wp","href":"https:\/\/api.w.org\/{rel}","templated":true}]}}