

{"id":59741,"date":"2022-04-26T17:26:28","date_gmt":"2022-04-26T15:26:28","guid":{"rendered":"https:\/\/teslafm.net\/?page_id=59741"},"modified":"2022-04-26T17:27:00","modified_gmt":"2022-04-26T15:27:00","slug":"space-oddity-recollection-32","status":"publish","type":"page","link":"https:\/\/teslafm.net\/en\/space-oddity-recollection-32\/","title":{"rendered":"Space Oddity Recollection #32"},"content":{"rendered":"<h2><span style=\"color: #ffffff;\"><strong>Space Oditty Recollection #32<\/strong><\/span><\/h2>\n<p><span style=\"color: #808080;\"><em>April 2022<\/em><\/span><\/p>\n<p><iframe src=\"https:\/\/www.mixcloud.com\/widget\/iframe\/?hide_cover=1&amp;feed=%2FTeslafm_net%2Fspace-oddity-recollection-32-monika-pich%2F\" width=\"100%\" height=\"120\" frameborder=\"0\"><\/iframe><\/p>\n<p><img fetchpriority=\"high\" decoding=\"async\" class=\"alignnone size-full wp-image-59742\" src=\"https:\/\/teslafm.net\/wp-content\/uploads\/2022\/04\/cover-art-based-on-Cityscape.-Kiev.-by-Oleksandr-Bogomazov-public-domain-1913.jpg\" alt=\"\" width=\"472\" height=\"472\" srcset=\"https:\/\/teslafm.net\/wp-content\/uploads\/2022\/04\/cover-art-based-on-Cityscape.-Kiev.-by-Oleksandr-Bogomazov-public-domain-1913.jpg 472w, https:\/\/teslafm.net\/wp-content\/uploads\/2022\/04\/cover-art-based-on-Cityscape.-Kiev.-by-Oleksandr-Bogomazov-public-domain-1913-300x300.jpg 300w, https:\/\/teslafm.net\/wp-content\/uploads\/2022\/04\/cover-art-based-on-Cityscape.-Kiev.-by-Oleksandr-Bogomazov-public-domain-1913-150x150.jpg 150w\" sizes=\"(max-width: 472px) 100vw, 472px\" \/><\/p>\n<p lang=\"pl-PL\"><span style=\"color: #808080;\"><em><span lang=\"en-US\">Na pohybel _Music Against War_ Green Fairy Records<\/span><\/em><\/span><\/p>\n<p><span style=\"color: #808080;\">\"Na pohybel\" the compilation released by Green Fairy Records on March 13, 2022. It is a collection of contemporary and experimental electronic and electroacoustic music, which is a voice against the war in Ukraine. The compilation consists of 38 pieces of ambient, noise and acousmatic music composed by international artists. I present you a small part of the material that you can listen to in full on the bandcamp website of Green Fairy Records. You can also buy the music to support Unicef Ukraine.<\/span><\/p>\n<p><a href=\"\/en\/greenfairyrec.bandcamp.com\/album\/na-pohybel-contemporary-experimental-music-against-war\/\" target=\"_blank\" rel=\"noopener\">greenfairyrec.bandcamp.com\/album\/na-pohybel-contemporary-experimental-music-against-war<\/a><\/p>\n<p class=\"western\" lang=\"pl-PL\"><span style=\"font-size: small; color: #808080;\"><i>* Na pohybel\" means \"Death to our enemy\", translated from an old Polish toast.<\/i><\/span><\/p>\n<p class=\"western\" lang=\"pl-PL\"><span style=\"color: #808080;\">Complete tracks and fragments used in the mix:<\/span><\/p>\n<p><span style=\"color: #808080;\">* Green Fairy Records - na pohybel - Contemporary &amp; Experimental Music Against War - 20 <strong>T. Jervell<\/strong> - Hypnagogia<\/span><br \/>\n<span style=\"color: #808080;\">* Green Fairy Records - na pohybel - Contemporary &amp; Experimental Music Against War - 38 <strong>Struktural<\/strong> - Bela<\/span><br \/>\n<span style=\"color: #808080;\">* Green Fairy Records - na pohybel - Contemporary &amp; Experimental Music Against War - 11 <strong>SqrtSgl<\/strong> - Proxy War<\/span><br \/>\n<span style=\"color: #808080;\">* Green Fairy Records - na pohybel - Contemporary &amp; Experimental Music Against War - 24 <strong>Detektto<\/strong> - Aftermath reflections<\/span><br \/>\n<span style=\"color: #808080;\">* Green Fairy Records - na pohybel - Contemporary &amp; Experimental Music Against War - 35 <strong>Jotka<\/strong> - U\u015aB -Fragment With Variation<\/span><br \/>\n<span style=\"color: #808080;\">* Green Fairy Records - na pohybel - Contemporary &amp; Experimental Music Against War - 17 <strong>Darkness_io-Madison Rose<\/strong> - EAUAEarth<\/span><br \/>\n<span style=\"color: #808080;\">* Green Fairy Records - na pohybel - Contemporary &amp; Experimental Music Against War - 03 <strong>Bruno Liberda<\/strong> - Kadath<\/span><br \/>\n<span style=\"color: #808080;\">* Green Fairy Records - na pohybel - Contemporary &amp; Experimental Music Against War - 16 <strong>MichaAngi<\/strong> - eject<\/span><br \/>\n<span style=\"color: #808080;\">* Green Fairy Records - na pohybel - Contemporary &amp; Experimental Music Against War - 04 <strong>Daktyle<\/strong> - SystemDown<\/span><br \/>\n<span style=\"color: #808080;\">* Green Fairy Records - na pohybel - Contemporary &amp; Experimental Music Against War - 31 <strong>Zamarte<\/strong> - Sabat<\/span><br \/>\n<span style=\"color: #808080;\">* Green Fairy Records - na pohybel - Contemporary &amp; Experimental Music Against War - 26 <strong>Mountains Of Pixels<\/strong> - Walking Out The Door, Leaving Everything, Endlessly<\/span><\/p>\n<p><span style=\"color: #808080;\">* Green Fairy Records - na pohybel - Contemporary &amp; Experimental Music Against War - 13 <strong>Piotr D\u0105browski<\/strong> - \u0416\u0438\u0442\u043e\u043c\u0438\u0440<\/span><br \/>\n<span style=\"color: #808080;\">* Green Fairy Records - na pohybel - Contemporary &amp; Experimental Music Against War - 23 <strong>The New Emphatic<\/strong> - Never follow Blindy<\/span><br \/>\n<span style=\"color: #808080;\">* Green Fairy Records - na pohybel - Contemporary &amp; Experimental Music Against War - 32<strong> Ohms Dot Arc<\/strong> - Humus<\/span><br \/>\n<span style=\"color: #808080;\">* Green Fairy Records - na pohybel - Contemporary &amp; Experimental Music Against War - 02 <strong>Giorgio Magnanensi<\/strong> - MES3<\/span><br \/>\n<span style=\"color: #808080;\">* Green Fairy Records - na pohybel - Contemporary &amp; Experimental Music Against War - 27 <strong>AR.MA.<\/strong> - Ukraina<\/span><br \/>\n<span style=\"color: #808080;\">* Green Fairy Records - na pohybel - Contemporary &amp; Experimental Music Against War - 01<strong> Jerzy Mazzoll-Micha\u0142 Szturomski<\/strong> - Latarnik<\/span><\/p>","protected":false},"excerpt":{"rendered":"<p>Space Oditty Recollection #32 Abril 2022 Na pohybel _Music Against War_ Green Fairy Records \u00abNa pohybel\u00bb la compilaci\u00f3n lanzada por Green Fairy Records el 13 de marzo de 2022. Es una colecci\u00f3n de m\u00fasica electr\u00f3nica y electroac\u00fastica, contempor\u00e1nea y experimental, que es una voz contra la guerra en Ucrania. La compilaci\u00f3n consta de 38 piezas [&hellip;]<\/p>\n","protected":false},"author":19,"featured_media":0,"parent":0,"menu_order":0,"comment_status":"closed","ping_status":"closed","template":"","meta":{"footnotes":""},"class_list":["post-59741","page","type-page","status-publish","hentry"],"yoast_head":"<!-- This site is optimized with the Yoast SEO plugin v27.2 - https:\/\/yoast.com\/product\/yoast-seo-wordpress\/ -->\n<title>Space Oddity Recollection #32 -<\/title>\n<meta name=\"robots\" content=\"index, follow, max-snippet:-1, max-image-preview:large, max-video-preview:-1\" \/>\n<link rel=\"canonical\" href=\"https:\/\/teslafm.net\/en\/space-oddity-recollection-32\/\" \/>\n<meta property=\"og:locale\" content=\"en_US\" \/>\n<meta property=\"og:type\" content=\"article\" \/>\n<meta property=\"og:title\" content=\"Space Oddity Recollection #32 -\" \/>\n<meta property=\"og:description\" content=\"Space Oditty Recollection #32 Abril 2022 Na pohybel _Music Against War_ Green Fairy Records \u00abNa pohybel\u00bb la compilaci\u00f3n lanzada por Green Fairy Records el 13 de marzo de 2022. Es una colecci\u00f3n de m\u00fasica electr\u00f3nica y electroac\u00fastica, contempor\u00e1nea y experimental, que es una voz contra la guerra en Ucrania. La compilaci\u00f3n consta de 38 piezas [&hellip;]\" \/>\n<meta property=\"og:url\" content=\"https:\/\/teslafm.net\/en\/space-oddity-recollection-32\/\" \/>\n<meta property=\"article:publisher\" content=\"https:\/\/www.facebook.com\/teslafm.net\" \/>\n<meta property=\"article:modified_time\" content=\"2022-04-26T15:27:00+00:00\" \/>\n<meta property=\"og:image\" content=\"https:\/\/teslafm.net\/wp-content\/uploads\/2022\/04\/cover-art-based-on-Cityscape.-Kiev.-by-Oleksandr-Bogomazov-public-domain-1913.jpg\" \/>\n<meta name=\"twitter:card\" content=\"summary_large_image\" \/>\n<meta name=\"twitter:site\" content=\"@teslafm\" \/>\n<meta name=\"twitter:label1\" content=\"Est. reading time\" \/>\n\t<meta name=\"twitter:data1\" content=\"3 minutes\" \/>\n<script type=\"application\/ld+json\" class=\"yoast-schema-graph\">{\"@context\":\"https:\/\/schema.org\",\"@graph\":[{\"@type\":\"WebPage\",\"@id\":\"https:\/\/teslafm.net\/space-oddity-recollection-32\/\",\"url\":\"https:\/\/teslafm.net\/space-oddity-recollection-32\/\",\"name\":\"Space Oddity Recollection #32 -\",\"isPartOf\":{\"@id\":\"https:\/\/teslafm.net\/#website\"},\"primaryImageOfPage\":{\"@id\":\"https:\/\/teslafm.net\/space-oddity-recollection-32\/#primaryimage\"},\"image\":{\"@id\":\"https:\/\/teslafm.net\/space-oddity-recollection-32\/#primaryimage\"},\"thumbnailUrl\":\"https:\/\/teslafm.net\/wp-content\/uploads\/2022\/04\/cover-art-based-on-Cityscape.-Kiev.-by-Oleksandr-Bogomazov-public-domain-1913.jpg\",\"datePublished\":\"2022-04-26T15:26:28+00:00\",\"dateModified\":\"2022-04-26T15:27:00+00:00\",\"breadcrumb\":{\"@id\":\"https:\/\/teslafm.net\/space-oddity-recollection-32\/#breadcrumb\"},\"inLanguage\":\"en-US\",\"potentialAction\":[{\"@type\":\"ReadAction\",\"target\":[\"https:\/\/teslafm.net\/space-oddity-recollection-32\/\"]}]},{\"@type\":\"ImageObject\",\"inLanguage\":\"en-US\",\"@id\":\"https:\/\/teslafm.net\/space-oddity-recollection-32\/#primaryimage\",\"url\":\"https:\/\/teslafm.net\/wp-content\/uploads\/2022\/04\/cover-art-based-on-Cityscape.-Kiev.-by-Oleksandr-Bogomazov-public-domain-1913.jpg\",\"contentUrl\":\"https:\/\/teslafm.net\/wp-content\/uploads\/2022\/04\/cover-art-based-on-Cityscape.-Kiev.-by-Oleksandr-Bogomazov-public-domain-1913.jpg\"},{\"@type\":\"BreadcrumbList\",\"@id\":\"https:\/\/teslafm.net\/space-oddity-recollection-32\/#breadcrumb\",\"itemListElement\":[{\"@type\":\"ListItem\",\"position\":1,\"name\":\"Portada\",\"item\":\"https:\/\/teslafm.net\/\"},{\"@type\":\"ListItem\",\"position\":2,\"name\":\"Space Oddity Recollection #32\"}]},{\"@type\":\"WebSite\",\"@id\":\"https:\/\/teslafm.net\/#website\",\"url\":\"https:\/\/teslafm.net\/\",\"name\":\"TeslaFM\",\"description\":\"An experimental and creative radio\",\"publisher\":{\"@id\":\"https:\/\/teslafm.net\/#organization\"},\"potentialAction\":[{\"@type\":\"SearchAction\",\"target\":{\"@type\":\"EntryPoint\",\"urlTemplate\":\"https:\/\/teslafm.net\/?s={search_term_string}\"},\"query-input\":{\"@type\":\"PropertyValueSpecification\",\"valueRequired\":true,\"valueName\":\"search_term_string\"}}],\"inLanguage\":\"en-US\"},{\"@type\":\"Organization\",\"@id\":\"https:\/\/teslafm.net\/#organization\",\"name\":\"TeslaFM\",\"url\":\"https:\/\/teslafm.net\/\",\"logo\":{\"@type\":\"ImageObject\",\"inLanguage\":\"en-US\",\"@id\":\"https:\/\/teslafm.net\/#\/schema\/logo\/image\/\",\"url\":\"https:\/\/teslafm.net\/wp-content\/uploads\/2020\/06\/logo-tesla.png\",\"contentUrl\":\"https:\/\/teslafm.net\/wp-content\/uploads\/2020\/06\/logo-tesla.png\",\"width\":512,\"height\":512,\"caption\":\"TeslaFM\"},\"image\":{\"@id\":\"https:\/\/teslafm.net\/#\/schema\/logo\/image\/\"},\"sameAs\":[\"https:\/\/www.facebook.com\/teslafm.net\",\"https:\/\/x.com\/teslafm\"]}]}<\/script>\n<!-- \/ Yoast SEO plugin. -->","yoast_head_json":{"title":"Space Oddity Recollection #32 -","robots":{"index":"index","follow":"follow","max-snippet":"max-snippet:-1","max-image-preview":"max-image-preview:large","max-video-preview":"max-video-preview:-1"},"canonical":"https:\/\/teslafm.net\/en\/space-oddity-recollection-32\/","og_locale":"en_US","og_type":"article","og_title":"Space Oddity Recollection #32 -","og_description":"Space Oditty Recollection #32 Abril 2022 Na pohybel _Music Against War_ Green Fairy Records \u00abNa pohybel\u00bb la compilaci\u00f3n lanzada por Green Fairy Records el 13 de marzo de 2022. Es una colecci\u00f3n de m\u00fasica electr\u00f3nica y electroac\u00fastica, contempor\u00e1nea y experimental, que es una voz contra la guerra en Ucrania. La compilaci\u00f3n consta de 38 piezas [&hellip;]","og_url":"https:\/\/teslafm.net\/en\/space-oddity-recollection-32\/","article_publisher":"https:\/\/www.facebook.com\/teslafm.net","article_modified_time":"2022-04-26T15:27:00+00:00","og_image":[{"url":"https:\/\/teslafm.net\/wp-content\/uploads\/2022\/04\/cover-art-based-on-Cityscape.-Kiev.-by-Oleksandr-Bogomazov-public-domain-1913.jpg","type":"","width":"","height":""}],"twitter_card":"summary_large_image","twitter_site":"@teslafm","twitter_misc":{"Est. reading time":"3 minutes"},"schema":{"@context":"https:\/\/schema.org","@graph":[{"@type":"WebPage","@id":"https:\/\/teslafm.net\/space-oddity-recollection-32\/","url":"https:\/\/teslafm.net\/space-oddity-recollection-32\/","name":"Space Oddity Recollection #32 -","isPartOf":{"@id":"https:\/\/teslafm.net\/#website"},"primaryImageOfPage":{"@id":"https:\/\/teslafm.net\/space-oddity-recollection-32\/#primaryimage"},"image":{"@id":"https:\/\/teslafm.net\/space-oddity-recollection-32\/#primaryimage"},"thumbnailUrl":"https:\/\/teslafm.net\/wp-content\/uploads\/2022\/04\/cover-art-based-on-Cityscape.-Kiev.-by-Oleksandr-Bogomazov-public-domain-1913.jpg","datePublished":"2022-04-26T15:26:28+00:00","dateModified":"2022-04-26T15:27:00+00:00","breadcrumb":{"@id":"https:\/\/teslafm.net\/space-oddity-recollection-32\/#breadcrumb"},"inLanguage":"en-US","potentialAction":[{"@type":"ReadAction","target":["https:\/\/teslafm.net\/space-oddity-recollection-32\/"]}]},{"@type":"ImageObject","inLanguage":"en-US","@id":"https:\/\/teslafm.net\/space-oddity-recollection-32\/#primaryimage","url":"https:\/\/teslafm.net\/wp-content\/uploads\/2022\/04\/cover-art-based-on-Cityscape.-Kiev.-by-Oleksandr-Bogomazov-public-domain-1913.jpg","contentUrl":"https:\/\/teslafm.net\/wp-content\/uploads\/2022\/04\/cover-art-based-on-Cityscape.-Kiev.-by-Oleksandr-Bogomazov-public-domain-1913.jpg"},{"@type":"BreadcrumbList","@id":"https:\/\/teslafm.net\/space-oddity-recollection-32\/#breadcrumb","itemListElement":[{"@type":"ListItem","position":1,"name":"Portada","item":"https:\/\/teslafm.net\/"},{"@type":"ListItem","position":2,"name":"Space Oddity Recollection #32"}]},{"@type":"WebSite","@id":"https:\/\/teslafm.net\/#website","url":"https:\/\/teslafm.net\/","name":"TeslaFM","description":"An experimental and creative radio","publisher":{"@id":"https:\/\/teslafm.net\/#organization"},"potentialAction":[{"@type":"SearchAction","target":{"@type":"EntryPoint","urlTemplate":"https:\/\/teslafm.net\/?s={search_term_string}"},"query-input":{"@type":"PropertyValueSpecification","valueRequired":true,"valueName":"search_term_string"}}],"inLanguage":"en-US"},{"@type":"Organization","@id":"https:\/\/teslafm.net\/#organization","name":"TeslaFM","url":"https:\/\/teslafm.net\/","logo":{"@type":"ImageObject","inLanguage":"en-US","@id":"https:\/\/teslafm.net\/#\/schema\/logo\/image\/","url":"https:\/\/teslafm.net\/wp-content\/uploads\/2020\/06\/logo-tesla.png","contentUrl":"https:\/\/teslafm.net\/wp-content\/uploads\/2020\/06\/logo-tesla.png","width":512,"height":512,"caption":"TeslaFM"},"image":{"@id":"https:\/\/teslafm.net\/#\/schema\/logo\/image\/"},"sameAs":["https:\/\/www.facebook.com\/teslafm.net","https:\/\/x.com\/teslafm"]}]}},"rttpg_featured_image_url":null,"rttpg_author":{"display_name":"Ishak","author_link":"https:\/\/teslafm.net\/en\/author\/cravan\/"},"rttpg_comment":0,"rttpg_category":null,"rttpg_excerpt":"Space Oditty Recollection #32 Abril 2022 Na pohybel _Music Against War_ Green Fairy Records \u00abNa pohybel\u00bb la compilaci\u00f3n lanzada por Green Fairy Records el 13 de marzo de 2022. Es una colecci\u00f3n de m\u00fasica electr\u00f3nica y electroac\u00fastica, contempor\u00e1nea y experimental, que es una voz contra la guerra en Ucrania. La compilaci\u00f3n consta de 38 piezas&hellip;","_links":{"self":[{"href":"https:\/\/teslafm.net\/en\/wp-json\/wp\/v2\/pages\/59741","targetHints":{"allow":["GET"]}}],"collection":[{"href":"https:\/\/teslafm.net\/en\/wp-json\/wp\/v2\/pages"}],"about":[{"href":"https:\/\/teslafm.net\/en\/wp-json\/wp\/v2\/types\/page"}],"author":[{"embeddable":true,"href":"https:\/\/teslafm.net\/en\/wp-json\/wp\/v2\/users\/19"}],"replies":[{"embeddable":true,"href":"https:\/\/teslafm.net\/en\/wp-json\/wp\/v2\/comments?post=59741"}],"version-history":[{"count":2,"href":"https:\/\/teslafm.net\/en\/wp-json\/wp\/v2\/pages\/59741\/revisions"}],"predecessor-version":[{"id":59744,"href":"https:\/\/teslafm.net\/en\/wp-json\/wp\/v2\/pages\/59741\/revisions\/59744"}],"wp:attachment":[{"href":"https:\/\/teslafm.net\/en\/wp-json\/wp\/v2\/media?parent=59741"}],"curies":[{"name":"wp","href":"https:\/\/api.w.org\/{rel}","templated":true}]}}