

{"id":59783,"date":"2022-05-10T15:10:24","date_gmt":"2022-05-10T13:10:24","guid":{"rendered":"https:\/\/teslafm.net\/?page_id=59783"},"modified":"2022-05-10T15:10:24","modified_gmt":"2022-05-10T13:10:24","slug":"ananke-37","status":"publish","type":"page","link":"https:\/\/teslafm.net\/en\/ananke-37\/","title":{"rendered":"Anank\u00e9 #37"},"content":{"rendered":"<h2><span style=\"color: #ffffff;\"><strong>Anank\u00e9 Chapter XXXVII<\/strong><\/span><\/h2>\n<p><span style=\"color: #808080;\"><em>May 2022<\/em><\/span><\/p>\n<p><iframe src=\"https:\/\/www.mixcloud.com\/widget\/iframe\/?hide_cover=1&amp;feed=%2FTeslafm_net%2Fanank%C3%A9-37-jaco%2F\" width=\"100%\" height=\"120\" frameborder=\"0\"><\/iframe><br \/>\n<span style=\"color: #808080;\">01. <strong>Seefeel<\/strong> - Meol - Succour (Warp, 1995\/2021)<\/span><br \/>\n<span style=\"color: #808080;\">02. <strong>Joseph Shabason<\/strong> &amp; <strong>Vibrant Matter<\/strong> - Rust - Fly Me to the Moon (S\u00e9ance Centre, 2022)<\/span><br \/>\n<span style=\"color: #808080;\">03. <strong>Jiyoung Wi<\/strong> - White on White - Spring Snow (Mirae Arts, 2022)<\/span><br \/>\n<span style=\"color: #808080;\">04. <strong>Vigliensoni<\/strong> - Claystone - Clastic Music (Chez Kito Kat, 2022)<\/span><br \/>\n<span style=\"color: #808080;\">05. <strong>Keeley Forsyth<\/strong> - Fires - Limbs (Leaf, 2022)<\/span><br \/>\n<span style=\"color: #808080;\">06. <strong>Amsia<\/strong> - Umbrella - Kukuherri (Watusa Zone - Black Series, 2021)<\/span><br \/>\n<span style=\"color: #808080;\">07. <strong>Oil Torture<\/strong> - A Horse for Mandy, pt 4 - A Horse for Mandy (Self-published, 2022)<\/span><br \/>\n<span style=\"color: #808080;\">08. <strong>Fatima Al Qadiri<\/strong> - Chin Up - Grandma (Quartet Records, 2022)<\/span><br \/>\n<span style=\"color: #808080;\">09. <strong>Abdullah Miniawy<\/strong> &amp; <strong>HVAD<\/strong> - Meanwhile the Survivors Are Shamefully Arriving (King of Rome) - Notice a Tiny Scratch for the Blue Behind (ULLLU, 2022)<\/span><br \/>\n<span style=\"color: #808080;\">10. <strong>Shackleton<\/strong> - One of Us Escaped - Departing Like Rivers (Woe to the Septic Heart!, 2021)<\/span><br \/>\n<span style=\"color: #808080;\">11. <strong>Gav<\/strong> &amp; <strong>Jord<\/strong> - Childish House Mafia - Writings ov Tomato (MAL, 2022)<\/span><br \/>\n<span style=\"color: #808080;\">12. <strong>Grove<\/strong> - Fuck Ur Landlord - Queer + Black (Memorials of Distinction, 2021)<\/span><br \/>\n<span style=\"color: #808080;\">13. <strong>Billy Woods<\/strong> - NYNEX - Aethiopes (Backwoodz, 2022)<\/span><br \/>\n<span style=\"color: #808080;\">14. <strong>700 Bliss<\/strong> - Candace Parker - Nothing to Declare (Hyperdub, 2022)<\/span><br \/>\n<span style=\"color: #808080;\">15. <strong>Dopplereffekt<\/strong> - Cerebral to Cerebral Interface - Neurotelepathy (Leisure System, 2022)<\/span><\/p>","protected":false},"excerpt":{"rendered":"<p>Anank\u00e9 Cap\u00edtulo XXXVII Mayo 2022 01. Seefeel &#8211; Meol &#8211; Succour (Warp, 1995\/2021) 02. Joseph Shabason &amp; Vibrant Matter &#8211; Rust &#8211; Fly Me to the Moon (S\u00e9ance Centre, 2022) 03. Jiyoung Wi &#8211; White on White &#8211; Spring Snow (Mirae Arts, 2022) 04. Vigliensoni &#8211; Claystone &#8211; Clastic Music (Chez Kito Kat, 2022) 05. [&hellip;]<\/p>\n","protected":false},"author":19,"featured_media":0,"parent":0,"menu_order":0,"comment_status":"closed","ping_status":"closed","template":"","meta":{"footnotes":""},"class_list":["post-59783","page","type-page","status-publish","hentry"],"yoast_head":"<!-- This site is optimized with the Yoast SEO plugin v27.4 - https:\/\/yoast.com\/product\/yoast-seo-wordpress\/ -->\n<title>Anank\u00e9 #37 -<\/title>\n<meta name=\"robots\" content=\"index, follow, max-snippet:-1, max-image-preview:large, max-video-preview:-1\" \/>\n<link rel=\"canonical\" href=\"https:\/\/teslafm.net\/en\/ananke-37\/\" \/>\n<meta property=\"og:locale\" content=\"en_US\" \/>\n<meta property=\"og:type\" content=\"article\" \/>\n<meta property=\"og:title\" content=\"Anank\u00e9 #37 -\" \/>\n<meta property=\"og:description\" content=\"Anank\u00e9 Cap\u00edtulo XXXVII Mayo 2022 01. Seefeel &#8211; Meol &#8211; Succour (Warp, 1995\/2021) 02. Joseph Shabason &amp; Vibrant Matter &#8211; Rust &#8211; Fly Me to the Moon (S\u00e9ance Centre, 2022) 03. Jiyoung Wi &#8211; White on White &#8211; Spring Snow (Mirae Arts, 2022) 04. Vigliensoni &#8211; Claystone &#8211; Clastic Music (Chez Kito Kat, 2022) 05. [&hellip;]\" \/>\n<meta property=\"og:url\" content=\"https:\/\/teslafm.net\/en\/ananke-37\/\" \/>\n<meta property=\"article:publisher\" content=\"https:\/\/www.facebook.com\/teslafm.net\" \/>\n<meta property=\"og:image\" content=\"https:\/\/teslafm.net\/wp-content\/uploads\/2022\/09\/header-image-4-temp.png\" \/>\n\t<meta property=\"og:image:width\" content=\"1274\" \/>\n\t<meta property=\"og:image:height\" content=\"818\" \/>\n\t<meta property=\"og:image:type\" content=\"image\/png\" \/>\n<meta name=\"twitter:card\" content=\"summary_large_image\" \/>\n<meta name=\"twitter:site\" content=\"@teslafm\" \/>\n<meta name=\"twitter:label1\" content=\"Est. reading time\" \/>\n\t<meta name=\"twitter:data1\" content=\"1 minute\" \/>\n<script type=\"application\/ld+json\" class=\"yoast-schema-graph\">{\"@context\":\"https:\\\/\\\/schema.org\",\"@graph\":[{\"@type\":\"WebPage\",\"@id\":\"https:\\\/\\\/teslafm.net\\\/ananke-37\\\/\",\"url\":\"https:\\\/\\\/teslafm.net\\\/ananke-37\\\/\",\"name\":\"Anank\u00e9 #37 -\",\"isPartOf\":{\"@id\":\"https:\\\/\\\/teslafm.net\\\/#website\"},\"datePublished\":\"2022-05-10T13:10:24+00:00\",\"breadcrumb\":{\"@id\":\"https:\\\/\\\/teslafm.net\\\/ananke-37\\\/#breadcrumb\"},\"inLanguage\":\"en-US\",\"potentialAction\":[{\"@type\":\"ReadAction\",\"target\":[\"https:\\\/\\\/teslafm.net\\\/ananke-37\\\/\"]}]},{\"@type\":\"BreadcrumbList\",\"@id\":\"https:\\\/\\\/teslafm.net\\\/ananke-37\\\/#breadcrumb\",\"itemListElement\":[{\"@type\":\"ListItem\",\"position\":1,\"name\":\"Portada\",\"item\":\"https:\\\/\\\/teslafm.net\\\/\"},{\"@type\":\"ListItem\",\"position\":2,\"name\":\"Anank\u00e9 #37\"}]},{\"@type\":\"WebSite\",\"@id\":\"https:\\\/\\\/teslafm.net\\\/#website\",\"url\":\"https:\\\/\\\/teslafm.net\\\/\",\"name\":\"TeslaFM\",\"description\":\"An experimental and creative radio\",\"publisher\":{\"@id\":\"https:\\\/\\\/teslafm.net\\\/#organization\"},\"potentialAction\":[{\"@type\":\"SearchAction\",\"target\":{\"@type\":\"EntryPoint\",\"urlTemplate\":\"https:\\\/\\\/teslafm.net\\\/?s={search_term_string}\"},\"query-input\":{\"@type\":\"PropertyValueSpecification\",\"valueRequired\":true,\"valueName\":\"search_term_string\"}}],\"inLanguage\":\"en-US\"},{\"@type\":\"Organization\",\"@id\":\"https:\\\/\\\/teslafm.net\\\/#organization\",\"name\":\"TeslaFM\",\"url\":\"https:\\\/\\\/teslafm.net\\\/\",\"logo\":{\"@type\":\"ImageObject\",\"inLanguage\":\"en-US\",\"@id\":\"https:\\\/\\\/teslafm.net\\\/#\\\/schema\\\/logo\\\/image\\\/\",\"url\":\"https:\\\/\\\/teslafm.net\\\/wp-content\\\/uploads\\\/2020\\\/06\\\/logo-tesla.png\",\"contentUrl\":\"https:\\\/\\\/teslafm.net\\\/wp-content\\\/uploads\\\/2020\\\/06\\\/logo-tesla.png\",\"width\":512,\"height\":512,\"caption\":\"TeslaFM\"},\"image\":{\"@id\":\"https:\\\/\\\/teslafm.net\\\/#\\\/schema\\\/logo\\\/image\\\/\"},\"sameAs\":[\"https:\\\/\\\/www.facebook.com\\\/teslafm.net\",\"https:\\\/\\\/x.com\\\/teslafm\"]}]}<\/script>\n<!-- \/ Yoast SEO plugin. -->","yoast_head_json":{"title":"Anank\u00e9 #37 -","robots":{"index":"index","follow":"follow","max-snippet":"max-snippet:-1","max-image-preview":"max-image-preview:large","max-video-preview":"max-video-preview:-1"},"canonical":"https:\/\/teslafm.net\/en\/ananke-37\/","og_locale":"en_US","og_type":"article","og_title":"Anank\u00e9 #37 -","og_description":"Anank\u00e9 Cap\u00edtulo XXXVII Mayo 2022 01. Seefeel &#8211; Meol &#8211; Succour (Warp, 1995\/2021) 02. Joseph Shabason &amp; Vibrant Matter &#8211; Rust &#8211; Fly Me to the Moon (S\u00e9ance Centre, 2022) 03. Jiyoung Wi &#8211; White on White &#8211; Spring Snow (Mirae Arts, 2022) 04. Vigliensoni &#8211; Claystone &#8211; Clastic Music (Chez Kito Kat, 2022) 05. [&hellip;]","og_url":"https:\/\/teslafm.net\/en\/ananke-37\/","article_publisher":"https:\/\/www.facebook.com\/teslafm.net","og_image":[{"width":1274,"height":818,"url":"https:\/\/teslafm.net\/wp-content\/uploads\/2022\/09\/header-image-4-temp.png","type":"image\/png"}],"twitter_card":"summary_large_image","twitter_site":"@teslafm","twitter_misc":{"Est. reading time":"1 minute"},"schema":{"@context":"https:\/\/schema.org","@graph":[{"@type":"WebPage","@id":"https:\/\/teslafm.net\/ananke-37\/","url":"https:\/\/teslafm.net\/ananke-37\/","name":"Anank\u00e9 #37 -","isPartOf":{"@id":"https:\/\/teslafm.net\/#website"},"datePublished":"2022-05-10T13:10:24+00:00","breadcrumb":{"@id":"https:\/\/teslafm.net\/ananke-37\/#breadcrumb"},"inLanguage":"en-US","potentialAction":[{"@type":"ReadAction","target":["https:\/\/teslafm.net\/ananke-37\/"]}]},{"@type":"BreadcrumbList","@id":"https:\/\/teslafm.net\/ananke-37\/#breadcrumb","itemListElement":[{"@type":"ListItem","position":1,"name":"Portada","item":"https:\/\/teslafm.net\/"},{"@type":"ListItem","position":2,"name":"Anank\u00e9 #37"}]},{"@type":"WebSite","@id":"https:\/\/teslafm.net\/#website","url":"https:\/\/teslafm.net\/","name":"TeslaFM","description":"An experimental and creative radio","publisher":{"@id":"https:\/\/teslafm.net\/#organization"},"potentialAction":[{"@type":"SearchAction","target":{"@type":"EntryPoint","urlTemplate":"https:\/\/teslafm.net\/?s={search_term_string}"},"query-input":{"@type":"PropertyValueSpecification","valueRequired":true,"valueName":"search_term_string"}}],"inLanguage":"en-US"},{"@type":"Organization","@id":"https:\/\/teslafm.net\/#organization","name":"TeslaFM","url":"https:\/\/teslafm.net\/","logo":{"@type":"ImageObject","inLanguage":"en-US","@id":"https:\/\/teslafm.net\/#\/schema\/logo\/image\/","url":"https:\/\/teslafm.net\/wp-content\/uploads\/2020\/06\/logo-tesla.png","contentUrl":"https:\/\/teslafm.net\/wp-content\/uploads\/2020\/06\/logo-tesla.png","width":512,"height":512,"caption":"TeslaFM"},"image":{"@id":"https:\/\/teslafm.net\/#\/schema\/logo\/image\/"},"sameAs":["https:\/\/www.facebook.com\/teslafm.net","https:\/\/x.com\/teslafm"]}]}},"rttpg_featured_image_url":null,"rttpg_author":{"display_name":"Ishak","author_link":"https:\/\/teslafm.net\/en\/author\/cravan\/"},"rttpg_comment":0,"rttpg_category":null,"rttpg_excerpt":"Anank\u00e9 Cap\u00edtulo XXXVII Mayo 2022 01. Seefeel &#8211; Meol &#8211; Succour (Warp, 1995\/2021) 02. Joseph Shabason &amp; Vibrant Matter &#8211; Rust &#8211; Fly Me to the Moon (S\u00e9ance Centre, 2022) 03. Jiyoung Wi &#8211; White on White &#8211; Spring Snow (Mirae Arts, 2022) 04. Vigliensoni &#8211; Claystone &#8211; Clastic Music (Chez Kito Kat, 2022) 05.&hellip;","_links":{"self":[{"href":"https:\/\/teslafm.net\/en\/wp-json\/wp\/v2\/pages\/59783","targetHints":{"allow":["GET"]}}],"collection":[{"href":"https:\/\/teslafm.net\/en\/wp-json\/wp\/v2\/pages"}],"about":[{"href":"https:\/\/teslafm.net\/en\/wp-json\/wp\/v2\/types\/page"}],"author":[{"embeddable":true,"href":"https:\/\/teslafm.net\/en\/wp-json\/wp\/v2\/users\/19"}],"replies":[{"embeddable":true,"href":"https:\/\/teslafm.net\/en\/wp-json\/wp\/v2\/comments?post=59783"}],"version-history":[{"count":1,"href":"https:\/\/teslafm.net\/en\/wp-json\/wp\/v2\/pages\/59783\/revisions"}],"predecessor-version":[{"id":59784,"href":"https:\/\/teslafm.net\/en\/wp-json\/wp\/v2\/pages\/59783\/revisions\/59784"}],"wp:attachment":[{"href":"https:\/\/teslafm.net\/en\/wp-json\/wp\/v2\/media?parent=59783"}],"curies":[{"name":"wp","href":"https:\/\/api.w.org\/{rel}","templated":true}]}}