

{"id":59787,"date":"2022-05-11T16:30:36","date_gmt":"2022-05-11T14:30:36","guid":{"rendered":"https:\/\/teslafm.net\/?page_id=59787"},"modified":"2022-06-03T17:13:35","modified_gmt":"2022-06-03T15:13:35","slug":"voces-muertas-2","status":"publish","type":"page","link":"https:\/\/teslafm.net\/en\/voces-muertas-2\/","title":{"rendered":"Dead Voices #2"},"content":{"rendered":"<div data-elementor-type=\"wp-page\" data-elementor-id=\"59787\" class=\"elementor elementor-59787\">\n\t\t\t\t\t\t<section class=\"elementor-section elementor-top-section elementor-element elementor-element-2760b27 elementor-section-boxed elementor-section-height-default elementor-section-height-default\" data-id=\"2760b27\" data-element_type=\"section\" data-e-type=\"section\">\n\t\t\t\t\t\t<div class=\"elementor-container elementor-column-gap-default\">\n\t\t\t\t\t<div class=\"elementor-column elementor-col-100 elementor-top-column elementor-element elementor-element-20627402\" data-id=\"20627402\" data-element_type=\"column\" data-e-type=\"column\">\n\t\t\t<div class=\"elementor-widget-wrap elementor-element-populated\">\n\t\t\t\t\t\t<div class=\"elementor-element elementor-element-5daf9342 elementor-widget elementor-widget-text-editor\" data-id=\"5daf9342\" data-element_type=\"widget\" data-e-type=\"widget\" data-widget_type=\"text-editor.default\">\n\t\t\t\t<div class=\"elementor-widget-container\">\n\t\t\t\t\t\t\t\t\t<h2><span style=\"color: #ffffff;\"><strong>Dead Voices #2<\/strong><\/span><\/h2><p><span style=\"color: #808080;\"><em>N 40\u00b0 23\u2032 9.614\u2033 O 3\u00b0 45\u2032 30.455\u2033 O 3\u00b0 45\u2032 30.455\u2033.<\/em><\/span><\/p><p><iframe src=\"https:\/\/www.mixcloud.com\/widget\/iframe\/?hide_cover=1&amp;feed=%2FTeslafm_net%2Fvoces-muertas-2-jose-tena%2F\" width=\"100%\" height=\"120\" frameborder=\"0\"><\/iframe><\/p>\t\t\t\t\t\t\t\t<\/div>\n\t\t\t\t<\/div>\n\t\t\t\t\t<\/div>\n\t\t<\/div>\n\t\t\t\t\t<\/div>\n\t\t<\/section>\n\t\t\t\t<section class=\"elementor-section elementor-top-section elementor-element elementor-element-d3fdf76 elementor-section-boxed elementor-section-height-default elementor-section-height-default\" data-id=\"d3fdf76\" data-element_type=\"section\" data-e-type=\"section\">\n\t\t\t\t\t\t<div class=\"elementor-container elementor-column-gap-default\">\n\t\t\t\t\t<div class=\"elementor-column elementor-col-50 elementor-top-column elementor-element elementor-element-6e2117a\" data-id=\"6e2117a\" data-element_type=\"column\" data-e-type=\"column\">\n\t\t\t<div class=\"elementor-widget-wrap elementor-element-populated\">\n\t\t\t\t\t\t<div class=\"elementor-element elementor-element-f1e69f8 elementor-widget elementor-widget-image\" data-id=\"f1e69f8\" data-element_type=\"widget\" data-e-type=\"widget\" data-widget_type=\"image.default\">\n\t\t\t\t<div class=\"elementor-widget-container\">\n\t\t\t\t\t\t\t\t\t\t\t\t\t\t\t<img fetchpriority=\"high\" decoding=\"async\" width=\"800\" height=\"419\" src=\"https:\/\/teslafm.net\/wp-content\/uploads\/2022\/06\/carabanchel.jpeg\" class=\"attachment-large size-large wp-image-59901\" alt=\"\" srcset=\"https:\/\/teslafm.net\/wp-content\/uploads\/2022\/06\/carabanchel.jpeg 800w, https:\/\/teslafm.net\/wp-content\/uploads\/2022\/06\/carabanchel-300x157.jpeg 300w, https:\/\/teslafm.net\/wp-content\/uploads\/2022\/06\/carabanchel-768x402.jpeg 768w\" sizes=\"(max-width: 800px) 100vw, 800px\" \/>\t\t\t\t\t\t\t\t\t\t\t\t\t\t\t<\/div>\n\t\t\t\t<\/div>\n\t\t\t\t\t<\/div>\n\t\t<\/div>\n\t\t\t\t<div class=\"elementor-column elementor-col-50 elementor-top-column elementor-element elementor-element-4bec422\" data-id=\"4bec422\" data-element_type=\"column\" data-e-type=\"column\">\n\t\t\t<div class=\"elementor-widget-wrap elementor-element-populated\">\n\t\t\t\t\t\t<div class=\"elementor-element elementor-element-8db7330 elementor-widget elementor-widget-text-editor\" data-id=\"8db7330\" data-element_type=\"widget\" data-e-type=\"widget\" data-widget_type=\"text-editor.default\">\n\t\t\t\t<div class=\"elementor-widget-container\">\n\t\t\t\t\t\t\t\t\t<p class=\"western\" lang=\"es-ES\" align=\"justify\"><span style=\"color: #808080;\">The Carabanchel prison, one of the greatest symbols of the repression of the dictatorship, was demolished in 2008 with the agreement of the Ministry of the Interior and the Madrid City Council to build 650 apartments, green areas and a hospital. Today there is only a police complex consisting of the Provincial Alien Brigade, a police station and the Alien Detention Center of Madrid.<\/span><\/p>\t\t\t\t\t\t\t\t<\/div>\n\t\t\t\t<\/div>\n\t\t\t\t\t<\/div>\n\t\t<\/div>\n\t\t\t\t\t<\/div>\n\t\t<\/section>\n\t\t\t\t<\/div>","protected":false},"excerpt":{"rendered":"<p>Voces Muertas #2 N 40\u00b0 23&#8242; 9.614&#8243; O 3\u00b0 45&#8242; 30.455&#8243; La c\u00e1rcel de Carabanchel, uno de los mayores s\u00edmbolos de la represi\u00f3n de la dictadura, fue derribada en 2008 con el acuerdo por parte del Ministerio del Interior y del Ayuntamiento de Madrid de construir 650 pisos, zonas verdes y un hospital. A d\u00eda [&hellip;]<\/p>\n","protected":false},"author":19,"featured_media":0,"parent":0,"menu_order":0,"comment_status":"closed","ping_status":"closed","template":"","meta":{"footnotes":""},"class_list":["post-59787","page","type-page","status-publish","hentry"],"yoast_head":"<!-- This site is optimized with the Yoast SEO plugin v27.2 - https:\/\/yoast.com\/product\/yoast-seo-wordpress\/ -->\n<title>Voces Muertas #2 -<\/title>\n<meta name=\"robots\" content=\"index, follow, max-snippet:-1, max-image-preview:large, max-video-preview:-1\" \/>\n<link rel=\"canonical\" href=\"https:\/\/teslafm.net\/en\/voces-muertas-2\/\" \/>\n<meta property=\"og:locale\" content=\"en_US\" \/>\n<meta property=\"og:type\" content=\"article\" \/>\n<meta property=\"og:title\" content=\"Voces Muertas #2 -\" \/>\n<meta property=\"og:description\" content=\"Voces Muertas #2 N 40\u00b0 23&#8242; 9.614&#8243; O 3\u00b0 45&#8242; 30.455&#8243; La c\u00e1rcel de Carabanchel, uno de los mayores s\u00edmbolos de la represi\u00f3n de la dictadura, fue derribada en 2008 con el acuerdo por parte del Ministerio del Interior y del Ayuntamiento de Madrid de construir 650 pisos, zonas verdes y un hospital. A d\u00eda [&hellip;]\" \/>\n<meta property=\"og:url\" content=\"https:\/\/teslafm.net\/en\/voces-muertas-2\/\" \/>\n<meta property=\"article:publisher\" content=\"https:\/\/www.facebook.com\/teslafm.net\" \/>\n<meta property=\"article:modified_time\" content=\"2022-06-03T15:13:35+00:00\" \/>\n<meta property=\"og:image\" content=\"https:\/\/teslafm.net\/wp-content\/uploads\/2022\/06\/carabanchel.jpeg\" \/>\n<meta name=\"twitter:card\" content=\"summary_large_image\" \/>\n<meta name=\"twitter:site\" content=\"@teslafm\" \/>\n<meta name=\"twitter:label1\" content=\"Est. reading time\" \/>\n\t<meta name=\"twitter:data1\" content=\"1 minute\" \/>\n<script type=\"application\/ld+json\" class=\"yoast-schema-graph\">{\"@context\":\"https:\/\/schema.org\",\"@graph\":[{\"@type\":\"WebPage\",\"@id\":\"https:\/\/teslafm.net\/voces-muertas-2\/\",\"url\":\"https:\/\/teslafm.net\/voces-muertas-2\/\",\"name\":\"Voces Muertas #2 -\",\"isPartOf\":{\"@id\":\"https:\/\/teslafm.net\/#website\"},\"primaryImageOfPage\":{\"@id\":\"https:\/\/teslafm.net\/voces-muertas-2\/#primaryimage\"},\"image\":{\"@id\":\"https:\/\/teslafm.net\/voces-muertas-2\/#primaryimage\"},\"thumbnailUrl\":\"https:\/\/teslafm.net\/wp-content\/uploads\/2022\/06\/carabanchel.jpeg\",\"datePublished\":\"2022-05-11T14:30:36+00:00\",\"dateModified\":\"2022-06-03T15:13:35+00:00\",\"breadcrumb\":{\"@id\":\"https:\/\/teslafm.net\/voces-muertas-2\/#breadcrumb\"},\"inLanguage\":\"en-US\",\"potentialAction\":[{\"@type\":\"ReadAction\",\"target\":[\"https:\/\/teslafm.net\/voces-muertas-2\/\"]}]},{\"@type\":\"ImageObject\",\"inLanguage\":\"en-US\",\"@id\":\"https:\/\/teslafm.net\/voces-muertas-2\/#primaryimage\",\"url\":\"https:\/\/teslafm.net\/wp-content\/uploads\/2022\/06\/carabanchel.jpeg\",\"contentUrl\":\"https:\/\/teslafm.net\/wp-content\/uploads\/2022\/06\/carabanchel.jpeg\"},{\"@type\":\"BreadcrumbList\",\"@id\":\"https:\/\/teslafm.net\/voces-muertas-2\/#breadcrumb\",\"itemListElement\":[{\"@type\":\"ListItem\",\"position\":1,\"name\":\"Portada\",\"item\":\"https:\/\/teslafm.net\/\"},{\"@type\":\"ListItem\",\"position\":2,\"name\":\"Voces Muertas #2\"}]},{\"@type\":\"WebSite\",\"@id\":\"https:\/\/teslafm.net\/#website\",\"url\":\"https:\/\/teslafm.net\/\",\"name\":\"TeslaFM\",\"description\":\"An experimental and creative radio\",\"publisher\":{\"@id\":\"https:\/\/teslafm.net\/#organization\"},\"potentialAction\":[{\"@type\":\"SearchAction\",\"target\":{\"@type\":\"EntryPoint\",\"urlTemplate\":\"https:\/\/teslafm.net\/?s={search_term_string}\"},\"query-input\":{\"@type\":\"PropertyValueSpecification\",\"valueRequired\":true,\"valueName\":\"search_term_string\"}}],\"inLanguage\":\"en-US\"},{\"@type\":\"Organization\",\"@id\":\"https:\/\/teslafm.net\/#organization\",\"name\":\"TeslaFM\",\"url\":\"https:\/\/teslafm.net\/\",\"logo\":{\"@type\":\"ImageObject\",\"inLanguage\":\"en-US\",\"@id\":\"https:\/\/teslafm.net\/#\/schema\/logo\/image\/\",\"url\":\"https:\/\/teslafm.net\/wp-content\/uploads\/2020\/06\/logo-tesla.png\",\"contentUrl\":\"https:\/\/teslafm.net\/wp-content\/uploads\/2020\/06\/logo-tesla.png\",\"width\":512,\"height\":512,\"caption\":\"TeslaFM\"},\"image\":{\"@id\":\"https:\/\/teslafm.net\/#\/schema\/logo\/image\/\"},\"sameAs\":[\"https:\/\/www.facebook.com\/teslafm.net\",\"https:\/\/x.com\/teslafm\"]}]}<\/script>\n<!-- \/ Yoast SEO plugin. -->","yoast_head_json":{"title":"Dead Voices #2 -","robots":{"index":"index","follow":"follow","max-snippet":"max-snippet:-1","max-image-preview":"max-image-preview:large","max-video-preview":"max-video-preview:-1"},"canonical":"https:\/\/teslafm.net\/en\/voces-muertas-2\/","og_locale":"en_US","og_type":"article","og_title":"Voces Muertas #2 -","og_description":"Voces Muertas #2 N 40\u00b0 23&#8242; 9.614&#8243; O 3\u00b0 45&#8242; 30.455&#8243; La c\u00e1rcel de Carabanchel, uno de los mayores s\u00edmbolos de la represi\u00f3n de la dictadura, fue derribada en 2008 con el acuerdo por parte del Ministerio del Interior y del Ayuntamiento de Madrid de construir 650 pisos, zonas verdes y un hospital. A d\u00eda [&hellip;]","og_url":"https:\/\/teslafm.net\/en\/voces-muertas-2\/","article_publisher":"https:\/\/www.facebook.com\/teslafm.net","article_modified_time":"2022-06-03T15:13:35+00:00","og_image":[{"url":"https:\/\/teslafm.net\/wp-content\/uploads\/2022\/06\/carabanchel.jpeg","type":"","width":"","height":""}],"twitter_card":"summary_large_image","twitter_site":"@teslafm","twitter_misc":{"Est. reading time":"1 minute"},"schema":{"@context":"https:\/\/schema.org","@graph":[{"@type":"WebPage","@id":"https:\/\/teslafm.net\/voces-muertas-2\/","url":"https:\/\/teslafm.net\/voces-muertas-2\/","name":"Dead Voices #2 -","isPartOf":{"@id":"https:\/\/teslafm.net\/#website"},"primaryImageOfPage":{"@id":"https:\/\/teslafm.net\/voces-muertas-2\/#primaryimage"},"image":{"@id":"https:\/\/teslafm.net\/voces-muertas-2\/#primaryimage"},"thumbnailUrl":"https:\/\/teslafm.net\/wp-content\/uploads\/2022\/06\/carabanchel.jpeg","datePublished":"2022-05-11T14:30:36+00:00","dateModified":"2022-06-03T15:13:35+00:00","breadcrumb":{"@id":"https:\/\/teslafm.net\/voces-muertas-2\/#breadcrumb"},"inLanguage":"en-US","potentialAction":[{"@type":"ReadAction","target":["https:\/\/teslafm.net\/voces-muertas-2\/"]}]},{"@type":"ImageObject","inLanguage":"en-US","@id":"https:\/\/teslafm.net\/voces-muertas-2\/#primaryimage","url":"https:\/\/teslafm.net\/wp-content\/uploads\/2022\/06\/carabanchel.jpeg","contentUrl":"https:\/\/teslafm.net\/wp-content\/uploads\/2022\/06\/carabanchel.jpeg"},{"@type":"BreadcrumbList","@id":"https:\/\/teslafm.net\/voces-muertas-2\/#breadcrumb","itemListElement":[{"@type":"ListItem","position":1,"name":"Portada","item":"https:\/\/teslafm.net\/"},{"@type":"ListItem","position":2,"name":"Voces Muertas #2"}]},{"@type":"WebSite","@id":"https:\/\/teslafm.net\/#website","url":"https:\/\/teslafm.net\/","name":"TeslaFM","description":"An experimental and creative radio","publisher":{"@id":"https:\/\/teslafm.net\/#organization"},"potentialAction":[{"@type":"SearchAction","target":{"@type":"EntryPoint","urlTemplate":"https:\/\/teslafm.net\/?s={search_term_string}"},"query-input":{"@type":"PropertyValueSpecification","valueRequired":true,"valueName":"search_term_string"}}],"inLanguage":"en-US"},{"@type":"Organization","@id":"https:\/\/teslafm.net\/#organization","name":"TeslaFM","url":"https:\/\/teslafm.net\/","logo":{"@type":"ImageObject","inLanguage":"en-US","@id":"https:\/\/teslafm.net\/#\/schema\/logo\/image\/","url":"https:\/\/teslafm.net\/wp-content\/uploads\/2020\/06\/logo-tesla.png","contentUrl":"https:\/\/teslafm.net\/wp-content\/uploads\/2020\/06\/logo-tesla.png","width":512,"height":512,"caption":"TeslaFM"},"image":{"@id":"https:\/\/teslafm.net\/#\/schema\/logo\/image\/"},"sameAs":["https:\/\/www.facebook.com\/teslafm.net","https:\/\/x.com\/teslafm"]}]}},"rttpg_featured_image_url":null,"rttpg_author":{"display_name":"Ishak","author_link":"https:\/\/teslafm.net\/en\/author\/cravan\/"},"rttpg_comment":0,"rttpg_category":null,"rttpg_excerpt":"Voces Muertas #2 N 40\u00b0 23&#8242; 9.614&#8243; O 3\u00b0 45&#8242; 30.455&#8243; La c\u00e1rcel de Carabanchel, uno de los mayores s\u00edmbolos de la represi\u00f3n de la dictadura, fue derribada en 2008 con el acuerdo por parte del Ministerio del Interior y del Ayuntamiento de Madrid de construir 650 pisos, zonas verdes y un hospital. A d\u00eda&hellip;","_links":{"self":[{"href":"https:\/\/teslafm.net\/en\/wp-json\/wp\/v2\/pages\/59787","targetHints":{"allow":["GET"]}}],"collection":[{"href":"https:\/\/teslafm.net\/en\/wp-json\/wp\/v2\/pages"}],"about":[{"href":"https:\/\/teslafm.net\/en\/wp-json\/wp\/v2\/types\/page"}],"author":[{"embeddable":true,"href":"https:\/\/teslafm.net\/en\/wp-json\/wp\/v2\/users\/19"}],"replies":[{"embeddable":true,"href":"https:\/\/teslafm.net\/en\/wp-json\/wp\/v2\/comments?post=59787"}],"version-history":[{"count":4,"href":"https:\/\/teslafm.net\/en\/wp-json\/wp\/v2\/pages\/59787\/revisions"}],"predecessor-version":[{"id":59902,"href":"https:\/\/teslafm.net\/en\/wp-json\/wp\/v2\/pages\/59787\/revisions\/59902"}],"wp:attachment":[{"href":"https:\/\/teslafm.net\/en\/wp-json\/wp\/v2\/media?parent=59787"}],"curies":[{"name":"wp","href":"https:\/\/api.w.org\/{rel}","templated":true}]}}