

{"id":59819,"date":"2022-05-17T17:33:06","date_gmt":"2022-05-17T15:33:06","guid":{"rendered":"https:\/\/teslafm.net\/?page_id=59819"},"modified":"2022-05-17T17:38:56","modified_gmt":"2022-05-17T15:38:56","slug":"ones-de-crom-9","status":"publish","type":"page","link":"https:\/\/teslafm.net\/en\/ones-de-crom-9\/","title":{"rendered":"Ones de Crom #9"},"content":{"rendered":"<div data-elementor-type=\"wp-page\" data-elementor-id=\"59819\" class=\"elementor elementor-59819\">\n\t\t\t\t\t\t<section class=\"elementor-section elementor-top-section elementor-element elementor-element-58c56e2c elementor-section-boxed elementor-section-height-default elementor-section-height-default\" data-id=\"58c56e2c\" data-element_type=\"section\" data-e-type=\"section\">\n\t\t\t\t\t\t<div class=\"elementor-container elementor-column-gap-default\">\n\t\t\t\t\t<div class=\"elementor-column elementor-col-100 elementor-top-column elementor-element elementor-element-5d5aad56\" data-id=\"5d5aad56\" data-element_type=\"column\" data-e-type=\"column\">\n\t\t\t<div class=\"elementor-widget-wrap elementor-element-populated\">\n\t\t\t\t\t\t<div class=\"elementor-element elementor-element-55709cb7 elementor-widget elementor-widget-text-editor\" data-id=\"55709cb7\" data-element_type=\"widget\" data-e-type=\"widget\" data-widget_type=\"text-editor.default\">\n\t\t\t\t<div class=\"elementor-widget-container\">\n\t\t\t\t\t\t\t\t\t<h2><span style=\"color: #ffffff;\"><strong>Ones de Crom #9<\/strong><\/span><\/h2><p><span style=\"color: #808080;\"><em>Nova Psicod\u00e8lia Underground<\/em><\/span><\/p><p><iframe src=\"https:\/\/www.mixcloud.com\/widget\/iframe\/?hide_cover=1&amp;feed=%2FTeslafm_net%2Fones-de-crom-9-emili-mir%C3%B3%2F\" width=\"100%\" height=\"120\" frameborder=\"0\"><\/iframe><\/p>\t\t\t\t\t\t\t\t<\/div>\n\t\t\t\t<\/div>\n\t\t\t\t\t<\/div>\n\t\t<\/div>\n\t\t\t\t\t<\/div>\n\t\t<\/section>\n\t\t\t\t<section class=\"elementor-section elementor-top-section elementor-element elementor-element-85f9fa0 elementor-section-boxed elementor-section-height-default elementor-section-height-default\" data-id=\"85f9fa0\" data-element_type=\"section\" data-e-type=\"section\">\n\t\t\t\t\t\t<div class=\"elementor-container elementor-column-gap-default\">\n\t\t\t\t\t<div class=\"elementor-column elementor-col-50 elementor-top-column elementor-element elementor-element-a62e2ae\" data-id=\"a62e2ae\" data-element_type=\"column\" data-e-type=\"column\">\n\t\t\t<div class=\"elementor-widget-wrap elementor-element-populated\">\n\t\t\t\t\t\t<div class=\"elementor-element elementor-element-4e5648d elementor-widget elementor-widget-image\" data-id=\"4e5648d\" data-element_type=\"widget\" data-e-type=\"widget\" data-widget_type=\"image.default\">\n\t\t\t\t<div class=\"elementor-widget-container\">\n\t\t\t\t\t\t\t\t\t\t\t\t\t\t\t<img fetchpriority=\"high\" decoding=\"async\" width=\"567\" height=\"227\" src=\"https:\/\/teslafm.net\/wp-content\/uploads\/2022\/05\/NOVA-PSICODELIA-UNDERGROUND.jpg\" class=\"attachment-large size-large wp-image-59822\" alt=\"\" srcset=\"https:\/\/teslafm.net\/wp-content\/uploads\/2022\/05\/NOVA-PSICODELIA-UNDERGROUND.jpg 567w, https:\/\/teslafm.net\/wp-content\/uploads\/2022\/05\/NOVA-PSICODELIA-UNDERGROUND-300x120.jpg 300w\" sizes=\"(max-width: 567px) 100vw, 567px\" \/>\t\t\t\t\t\t\t\t\t\t\t\t\t\t\t<\/div>\n\t\t\t\t<\/div>\n\t\t\t\t\t<\/div>\n\t\t<\/div>\n\t\t\t\t<div class=\"elementor-column elementor-col-50 elementor-top-column elementor-element elementor-element-25b99ac\" data-id=\"25b99ac\" data-element_type=\"column\" data-e-type=\"column\">\n\t\t\t<div class=\"elementor-widget-wrap elementor-element-populated\">\n\t\t\t\t\t\t<div class=\"elementor-element elementor-element-a2c940b elementor-widget elementor-widget-text-editor\" data-id=\"a2c940b\" data-element_type=\"widget\" data-e-type=\"widget\" data-widget_type=\"text-editor.default\">\n\t\t\t\t<div class=\"elementor-widget-container\">\n\t\t\t\t\t\t\t\t\t<p><span style=\"color: #808080;\">October 15, 2009<\/span><br \/><span style=\"color: #808080;\">Recent groups and musicians have practiced a new psychedelia based on styles such as repetitive minimalism, deep electronic elements or the experimental free folk of previous North American bands. With works on CDRs, cassettes and limited edition vinyls, we start with North American bands like <strong>Barn Owl<\/strong> and his mixture of raga and folk of \"Bridge To The Clouds\" (2007), the dramatic psychodelia of <strong>Magic Lantern<\/strong> a \"Magic Lantern\" (2008) or <strong>Sun Araw<\/strong> a \"Beach Head\" (2008), <strong>Huaraches<\/strong> and their American-primitive folk of \"S\/T\" (2009) and the female duo <strong>Pocahaunted<\/strong> with a theme of repetitive and lo-fi exotic psychedelia from \"Island Diamonds\" (2008). From France <strong>High Wolf<\/strong> combine minimalism and tropical psychedelia in \"High Wolf\" (2009) and the americans <strong>Master Musicians of Bukkakke<\/strong> a \"Totem One\" (2009) recovers the style of the <strong>Sun City Girls<\/strong> in joining American folk and desert blues to Hindu, gamelan, exotic and psychedelic music from the 70s. In Finland we find two electro-acoustic projects, music with toys, samplers and percussions by <strong>Jan Anderz\u00e9n<\/strong>. First els <strong>Kemialliset Yst\u00e4v\u00e4t<\/strong> with \"Alkuharka\" (2004) and after that <strong>Tomutonttu<\/strong> with \"Ehdottelee\" (2005). We finish with the improvisation between two Finnish musicians and an American from <strong>Aan Meet Eyes Like Saucers<\/strong> with \"Kristallivirta\" (2008). The good state of the current underground psychedelia today in the program!<\/span><\/p>\t\t\t\t\t\t\t\t<\/div>\n\t\t\t\t<\/div>\n\t\t\t\t\t<\/div>\n\t\t<\/div>\n\t\t\t\t\t<\/div>\n\t\t<\/section>\n\t\t\t\t<\/div>","protected":false},"excerpt":{"rendered":"<p>Ones de Crom #9 Nova Psicod\u00e8lia Underground 15 d&#8217;octubre 2009Grups i m\u00fasics recents han practicat una nova psicod\u00e8lia partint d&#8217;estils com el minimalisme repetitiu, elements d&#8217;electr\u00f2nica profunda o el folk lliure experimental de bandes previes nord- americanes. Amb treballs en CDRs, cassets i vinils d&#8217;edici\u00f3 limitada, comencem amb bandes nord- americanes com Barn Owl i [&hellip;]<\/p>\n","protected":false},"author":19,"featured_media":0,"parent":0,"menu_order":0,"comment_status":"closed","ping_status":"closed","template":"","meta":{"footnotes":""},"class_list":["post-59819","page","type-page","status-publish","hentry"],"yoast_head":"<!-- This site is optimized with the Yoast SEO plugin v27.5 - https:\/\/yoast.com\/product\/yoast-seo-wordpress\/ -->\n<title>Ones de Crom #9 -<\/title>\n<meta name=\"robots\" content=\"index, follow, max-snippet:-1, max-image-preview:large, max-video-preview:-1\" \/>\n<link rel=\"canonical\" href=\"https:\/\/teslafm.net\/en\/ones-de-crom-9\/\" \/>\n<meta property=\"og:locale\" content=\"en_US\" \/>\n<meta property=\"og:type\" content=\"article\" \/>\n<meta property=\"og:title\" content=\"Ones de Crom #9 -\" \/>\n<meta property=\"og:description\" content=\"Ones de Crom #9 Nova Psicod\u00e8lia Underground 15 d&#8217;octubre 2009Grups i m\u00fasics recents han practicat una nova psicod\u00e8lia partint d&#8217;estils com el minimalisme repetitiu, elements d&#8217;electr\u00f2nica profunda o el folk lliure experimental de bandes previes nord- americanes. Amb treballs en CDRs, cassets i vinils d&#8217;edici\u00f3 limitada, comencem amb bandes nord- americanes com Barn Owl i [&hellip;]\" \/>\n<meta property=\"og:url\" content=\"https:\/\/teslafm.net\/en\/ones-de-crom-9\/\" \/>\n<meta property=\"article:publisher\" content=\"https:\/\/www.facebook.com\/teslafm.net\" \/>\n<meta property=\"article:modified_time\" content=\"2022-05-17T15:38:56+00:00\" \/>\n<meta property=\"og:image\" content=\"https:\/\/teslafm.net\/wp-content\/uploads\/2022\/05\/NOVA-PSICODELIA-UNDERGROUND.jpg\" \/>\n<meta name=\"twitter:card\" content=\"summary_large_image\" \/>\n<meta name=\"twitter:site\" content=\"@teslafm\" \/>\n<meta name=\"twitter:label1\" content=\"Est. reading time\" \/>\n\t<meta name=\"twitter:data1\" content=\"2 minutes\" \/>\n<script type=\"application\/ld+json\" class=\"yoast-schema-graph\">{\"@context\":\"https:\\\/\\\/schema.org\",\"@graph\":[{\"@type\":\"WebPage\",\"@id\":\"https:\\\/\\\/teslafm.net\\\/ones-de-crom-9\\\/\",\"url\":\"https:\\\/\\\/teslafm.net\\\/ones-de-crom-9\\\/\",\"name\":\"Ones de Crom #9 -\",\"isPartOf\":{\"@id\":\"https:\\\/\\\/teslafm.net\\\/#website\"},\"primaryImageOfPage\":{\"@id\":\"https:\\\/\\\/teslafm.net\\\/ones-de-crom-9\\\/#primaryimage\"},\"image\":{\"@id\":\"https:\\\/\\\/teslafm.net\\\/ones-de-crom-9\\\/#primaryimage\"},\"thumbnailUrl\":\"https:\\\/\\\/teslafm.net\\\/wp-content\\\/uploads\\\/2022\\\/05\\\/NOVA-PSICODELIA-UNDERGROUND.jpg\",\"datePublished\":\"2022-05-17T15:33:06+00:00\",\"dateModified\":\"2022-05-17T15:38:56+00:00\",\"breadcrumb\":{\"@id\":\"https:\\\/\\\/teslafm.net\\\/ones-de-crom-9\\\/#breadcrumb\"},\"inLanguage\":\"en-US\",\"potentialAction\":[{\"@type\":\"ReadAction\",\"target\":[\"https:\\\/\\\/teslafm.net\\\/ones-de-crom-9\\\/\"]}]},{\"@type\":\"ImageObject\",\"inLanguage\":\"en-US\",\"@id\":\"https:\\\/\\\/teslafm.net\\\/ones-de-crom-9\\\/#primaryimage\",\"url\":\"https:\\\/\\\/teslafm.net\\\/wp-content\\\/uploads\\\/2022\\\/05\\\/NOVA-PSICODELIA-UNDERGROUND.jpg\",\"contentUrl\":\"https:\\\/\\\/teslafm.net\\\/wp-content\\\/uploads\\\/2022\\\/05\\\/NOVA-PSICODELIA-UNDERGROUND.jpg\"},{\"@type\":\"BreadcrumbList\",\"@id\":\"https:\\\/\\\/teslafm.net\\\/ones-de-crom-9\\\/#breadcrumb\",\"itemListElement\":[{\"@type\":\"ListItem\",\"position\":1,\"name\":\"Portada\",\"item\":\"https:\\\/\\\/teslafm.net\\\/\"},{\"@type\":\"ListItem\",\"position\":2,\"name\":\"Ones de Crom #9\"}]},{\"@type\":\"WebSite\",\"@id\":\"https:\\\/\\\/teslafm.net\\\/#website\",\"url\":\"https:\\\/\\\/teslafm.net\\\/\",\"name\":\"TeslaFM\",\"description\":\"An experimental and creative radio\",\"publisher\":{\"@id\":\"https:\\\/\\\/teslafm.net\\\/#organization\"},\"potentialAction\":[{\"@type\":\"SearchAction\",\"target\":{\"@type\":\"EntryPoint\",\"urlTemplate\":\"https:\\\/\\\/teslafm.net\\\/?s={search_term_string}\"},\"query-input\":{\"@type\":\"PropertyValueSpecification\",\"valueRequired\":true,\"valueName\":\"search_term_string\"}}],\"inLanguage\":\"en-US\"},{\"@type\":\"Organization\",\"@id\":\"https:\\\/\\\/teslafm.net\\\/#organization\",\"name\":\"TeslaFM\",\"url\":\"https:\\\/\\\/teslafm.net\\\/\",\"logo\":{\"@type\":\"ImageObject\",\"inLanguage\":\"en-US\",\"@id\":\"https:\\\/\\\/teslafm.net\\\/#\\\/schema\\\/logo\\\/image\\\/\",\"url\":\"https:\\\/\\\/teslafm.net\\\/wp-content\\\/uploads\\\/2020\\\/06\\\/logo-tesla.png\",\"contentUrl\":\"https:\\\/\\\/teslafm.net\\\/wp-content\\\/uploads\\\/2020\\\/06\\\/logo-tesla.png\",\"width\":512,\"height\":512,\"caption\":\"TeslaFM\"},\"image\":{\"@id\":\"https:\\\/\\\/teslafm.net\\\/#\\\/schema\\\/logo\\\/image\\\/\"},\"sameAs\":[\"https:\\\/\\\/www.facebook.com\\\/teslafm.net\",\"https:\\\/\\\/x.com\\\/teslafm\"]}]}<\/script>\n<!-- \/ Yoast SEO plugin. -->","yoast_head_json":{"title":"Ones de Crom #9 -","robots":{"index":"index","follow":"follow","max-snippet":"max-snippet:-1","max-image-preview":"max-image-preview:large","max-video-preview":"max-video-preview:-1"},"canonical":"https:\/\/teslafm.net\/en\/ones-de-crom-9\/","og_locale":"en_US","og_type":"article","og_title":"Ones de Crom #9 -","og_description":"Ones de Crom #9 Nova Psicod\u00e8lia Underground 15 d&#8217;octubre 2009Grups i m\u00fasics recents han practicat una nova psicod\u00e8lia partint d&#8217;estils com el minimalisme repetitiu, elements d&#8217;electr\u00f2nica profunda o el folk lliure experimental de bandes previes nord- americanes. Amb treballs en CDRs, cassets i vinils d&#8217;edici\u00f3 limitada, comencem amb bandes nord- americanes com Barn Owl i [&hellip;]","og_url":"https:\/\/teslafm.net\/en\/ones-de-crom-9\/","article_publisher":"https:\/\/www.facebook.com\/teslafm.net","article_modified_time":"2022-05-17T15:38:56+00:00","og_image":[{"url":"https:\/\/teslafm.net\/wp-content\/uploads\/2022\/05\/NOVA-PSICODELIA-UNDERGROUND.jpg","type":"","width":"","height":""}],"twitter_card":"summary_large_image","twitter_site":"@teslafm","twitter_misc":{"Est. reading time":"2 minutes"},"schema":{"@context":"https:\/\/schema.org","@graph":[{"@type":"WebPage","@id":"https:\/\/teslafm.net\/ones-de-crom-9\/","url":"https:\/\/teslafm.net\/ones-de-crom-9\/","name":"Ones de Crom #9 -","isPartOf":{"@id":"https:\/\/teslafm.net\/#website"},"primaryImageOfPage":{"@id":"https:\/\/teslafm.net\/ones-de-crom-9\/#primaryimage"},"image":{"@id":"https:\/\/teslafm.net\/ones-de-crom-9\/#primaryimage"},"thumbnailUrl":"https:\/\/teslafm.net\/wp-content\/uploads\/2022\/05\/NOVA-PSICODELIA-UNDERGROUND.jpg","datePublished":"2022-05-17T15:33:06+00:00","dateModified":"2022-05-17T15:38:56+00:00","breadcrumb":{"@id":"https:\/\/teslafm.net\/ones-de-crom-9\/#breadcrumb"},"inLanguage":"en-US","potentialAction":[{"@type":"ReadAction","target":["https:\/\/teslafm.net\/ones-de-crom-9\/"]}]},{"@type":"ImageObject","inLanguage":"en-US","@id":"https:\/\/teslafm.net\/ones-de-crom-9\/#primaryimage","url":"https:\/\/teslafm.net\/wp-content\/uploads\/2022\/05\/NOVA-PSICODELIA-UNDERGROUND.jpg","contentUrl":"https:\/\/teslafm.net\/wp-content\/uploads\/2022\/05\/NOVA-PSICODELIA-UNDERGROUND.jpg"},{"@type":"BreadcrumbList","@id":"https:\/\/teslafm.net\/ones-de-crom-9\/#breadcrumb","itemListElement":[{"@type":"ListItem","position":1,"name":"Portada","item":"https:\/\/teslafm.net\/"},{"@type":"ListItem","position":2,"name":"Ones de Crom #9"}]},{"@type":"WebSite","@id":"https:\/\/teslafm.net\/#website","url":"https:\/\/teslafm.net\/","name":"TeslaFM","description":"An experimental and creative radio","publisher":{"@id":"https:\/\/teslafm.net\/#organization"},"potentialAction":[{"@type":"SearchAction","target":{"@type":"EntryPoint","urlTemplate":"https:\/\/teslafm.net\/?s={search_term_string}"},"query-input":{"@type":"PropertyValueSpecification","valueRequired":true,"valueName":"search_term_string"}}],"inLanguage":"en-US"},{"@type":"Organization","@id":"https:\/\/teslafm.net\/#organization","name":"TeslaFM","url":"https:\/\/teslafm.net\/","logo":{"@type":"ImageObject","inLanguage":"en-US","@id":"https:\/\/teslafm.net\/#\/schema\/logo\/image\/","url":"https:\/\/teslafm.net\/wp-content\/uploads\/2020\/06\/logo-tesla.png","contentUrl":"https:\/\/teslafm.net\/wp-content\/uploads\/2020\/06\/logo-tesla.png","width":512,"height":512,"caption":"TeslaFM"},"image":{"@id":"https:\/\/teslafm.net\/#\/schema\/logo\/image\/"},"sameAs":["https:\/\/www.facebook.com\/teslafm.net","https:\/\/x.com\/teslafm"]}]}},"rttpg_featured_image_url":null,"rttpg_author":{"display_name":"Ishak","author_link":"https:\/\/teslafm.net\/en\/author\/cravan\/"},"rttpg_comment":0,"rttpg_category":null,"rttpg_excerpt":"Ones de Crom #9 Nova Psicod\u00e8lia Underground 15 d&#8217;octubre 2009Grups i m\u00fasics recents han practicat una nova psicod\u00e8lia partint d&#8217;estils com el minimalisme repetitiu, elements d&#8217;electr\u00f2nica profunda o el folk lliure experimental de bandes previes nord- americanes. Amb treballs en CDRs, cassets i vinils d&#8217;edici\u00f3 limitada, comencem amb bandes nord- americanes com Barn Owl i&hellip;","_links":{"self":[{"href":"https:\/\/teslafm.net\/en\/wp-json\/wp\/v2\/pages\/59819","targetHints":{"allow":["GET"]}}],"collection":[{"href":"https:\/\/teslafm.net\/en\/wp-json\/wp\/v2\/pages"}],"about":[{"href":"https:\/\/teslafm.net\/en\/wp-json\/wp\/v2\/types\/page"}],"author":[{"embeddable":true,"href":"https:\/\/teslafm.net\/en\/wp-json\/wp\/v2\/users\/19"}],"replies":[{"embeddable":true,"href":"https:\/\/teslafm.net\/en\/wp-json\/wp\/v2\/comments?post=59819"}],"version-history":[{"count":4,"href":"https:\/\/teslafm.net\/en\/wp-json\/wp\/v2\/pages\/59819\/revisions"}],"predecessor-version":[{"id":59825,"href":"https:\/\/teslafm.net\/en\/wp-json\/wp\/v2\/pages\/59819\/revisions\/59825"}],"wp:attachment":[{"href":"https:\/\/teslafm.net\/en\/wp-json\/wp\/v2\/media?parent=59819"}],"curies":[{"name":"wp","href":"https:\/\/api.w.org\/{rel}","templated":true}]}}