

{"id":59844,"date":"2022-05-24T16:50:05","date_gmt":"2022-05-24T14:50:05","guid":{"rendered":"https:\/\/teslafm.net\/?page_id=59844"},"modified":"2022-05-24T16:55:08","modified_gmt":"2022-05-24T14:55:08","slug":"space-oddity-recollection-33","status":"publish","type":"page","link":"https:\/\/teslafm.net\/en\/space-oddity-recollection-33\/","title":{"rendered":"Space Oddity Recollection #33"},"content":{"rendered":"<div data-elementor-type=\"wp-page\" data-elementor-id=\"59844\" class=\"elementor elementor-59844\">\n\t\t\t\t\t\t<section class=\"elementor-section elementor-top-section elementor-element elementor-element-37e971a2 elementor-section-boxed elementor-section-height-default elementor-section-height-default\" data-id=\"37e971a2\" data-element_type=\"section\" data-e-type=\"section\">\n\t\t\t\t\t\t<div class=\"elementor-container elementor-column-gap-default\">\n\t\t\t\t\t<div class=\"elementor-column elementor-col-100 elementor-top-column elementor-element elementor-element-513083be\" data-id=\"513083be\" data-element_type=\"column\" data-e-type=\"column\">\n\t\t\t<div class=\"elementor-widget-wrap elementor-element-populated\">\n\t\t\t\t\t\t<div class=\"elementor-element elementor-element-5ff71a87 elementor-widget elementor-widget-text-editor\" data-id=\"5ff71a87\" data-element_type=\"widget\" data-e-type=\"widget\" data-widget_type=\"text-editor.default\">\n\t\t\t\t<div class=\"elementor-widget-container\">\n\t\t\t\t\t\t\t\t\t<h2><span style=\"color: #ffffff;\"><strong>Space Oddity Recollection #33<\/strong><\/span><\/h2><p><span style=\"color: #808080;\"><em>May 2022<\/em><\/span><\/p><p><iframe src=\"https:\/\/www.mixcloud.com\/widget\/iframe\/?hide_cover=1&amp;feed=%2FTeslafm_net%2Fspace-oddity-recollection-33-monika-pich%2F\" width=\"100%\" height=\"120\" frameborder=\"0\"><\/iframe><\/p>\t\t\t\t\t\t\t\t<\/div>\n\t\t\t\t<\/div>\n\t\t\t\t\t<\/div>\n\t\t<\/div>\n\t\t\t\t\t<\/div>\n\t\t<\/section>\n\t\t\t\t<section class=\"elementor-section elementor-top-section elementor-element elementor-element-843055f elementor-section-boxed elementor-section-height-default elementor-section-height-default\" data-id=\"843055f\" data-element_type=\"section\" data-e-type=\"section\">\n\t\t\t\t\t\t<div class=\"elementor-container elementor-column-gap-default\">\n\t\t\t\t\t<div class=\"elementor-column elementor-col-50 elementor-top-column elementor-element elementor-element-20139b7\" data-id=\"20139b7\" data-element_type=\"column\" data-e-type=\"column\">\n\t\t\t<div class=\"elementor-widget-wrap elementor-element-populated\">\n\t\t\t\t\t\t<div class=\"elementor-element elementor-element-0696837 elementor-widget elementor-widget-image\" data-id=\"0696837\" data-element_type=\"widget\" data-e-type=\"widget\" data-widget_type=\"image.default\">\n\t\t\t\t<div class=\"elementor-widget-container\">\n\t\t\t\t\t\t\t\t\t\t\t\t\t\t\t<img fetchpriority=\"high\" decoding=\"async\" width=\"472\" height=\"472\" src=\"https:\/\/teslafm.net\/wp-content\/uploads\/2022\/05\/21_11_26_Spectaculare_CAMP_Libor-Galia_26_Ciro-Berenguer.jpg\" class=\"attachment-large size-large wp-image-59846\" alt=\"\" srcset=\"https:\/\/teslafm.net\/wp-content\/uploads\/2022\/05\/21_11_26_Spectaculare_CAMP_Libor-Galia_26_Ciro-Berenguer.jpg 472w, https:\/\/teslafm.net\/wp-content\/uploads\/2022\/05\/21_11_26_Spectaculare_CAMP_Libor-Galia_26_Ciro-Berenguer-300x300.jpg 300w, https:\/\/teslafm.net\/wp-content\/uploads\/2022\/05\/21_11_26_Spectaculare_CAMP_Libor-Galia_26_Ciro-Berenguer-150x150.jpg 150w\" sizes=\"(max-width: 472px) 100vw, 472px\" \/>\t\t\t\t\t\t\t\t\t\t\t\t\t\t\t<\/div>\n\t\t\t\t<\/div>\n\t\t\t\t\t<\/div>\n\t\t<\/div>\n\t\t\t\t<div class=\"elementor-column elementor-col-50 elementor-top-column elementor-element elementor-element-99eb349\" data-id=\"99eb349\" data-element_type=\"column\" data-e-type=\"column\">\n\t\t\t<div class=\"elementor-widget-wrap elementor-element-populated\">\n\t\t\t\t\t\t<div class=\"elementor-element elementor-element-3c913b6 elementor-widget elementor-widget-text-editor\" data-id=\"3c913b6\" data-element_type=\"widget\" data-e-type=\"widget\" data-widget_type=\"text-editor.default\">\n\t\t\t\t<div class=\"elementor-widget-container\">\n\t\t\t\t\t\t\t\t\t<p><span style=\"color: #808080;\"><strong>Ciro Berenguer<\/strong> a composer from Argentina, who lives in Barcelona. His inspirations come from diverse musical traditions and genres ranging from contemporary European music, through jazz and folk, to South American and African rhythms. He creates his own compositions for live instruments, found objects and electronics, and adds field recordings to his music. In addition to his solo music, mainly improvised, he collaborates with other artists, including the project <strong>Sokky\u014d<\/strong> with <strong>Heine Christensen<\/strong>. This mix contains excerpts from their joint album \"Long Forgotten Memories\" and several of Ciro's solo tracks, including those that are part of an ongoing project of improvised live sessions aimed at combining the meditative and introspective world of yoga with ambient music.<\/span><\/p><p>\u00a0<\/p><p><span style=\"color: #808080;\">Links:<\/span><\/p><p class=\"western\"><a href=\"https:\/\/ciroberenguer.bandcamp.com\/\" target=\"_blank\" rel=\"noopener\"><u>https:\/\/ciroberenguer.bandcamp.com\/<\/u><\/a><\/p><p class=\"western\"><a href=\"https:\/\/dauw.bandcamp.com\/album\/long-forgotten-memories\" target=\"_blank\" rel=\"noopener\"><u>https:\/\/dauw.bandcamp.com\/album\/long-forgotten-memories<\/u><\/a><\/p><p><span style=\"color: #808080;\">Enjoy the mix, 'May 2022', produced by <strong>monikapich<\/strong><\/span><\/p>\t\t\t\t\t\t\t\t<\/div>\n\t\t\t\t<\/div>\n\t\t\t\t\t<\/div>\n\t\t<\/div>\n\t\t\t\t\t<\/div>\n\t\t<\/section>\n\t\t\t\t<section class=\"elementor-section elementor-top-section elementor-element elementor-element-4d172f3 elementor-section-boxed elementor-section-height-default elementor-section-height-default\" data-id=\"4d172f3\" data-element_type=\"section\" data-e-type=\"section\">\n\t\t\t\t\t\t<div class=\"elementor-container elementor-column-gap-default\">\n\t\t\t\t\t<div class=\"elementor-column elementor-col-100 elementor-top-column elementor-element elementor-element-4dc1923\" data-id=\"4dc1923\" data-element_type=\"column\" data-e-type=\"column\">\n\t\t\t<div class=\"elementor-widget-wrap elementor-element-populated\">\n\t\t\t\t\t\t<div class=\"elementor-element elementor-element-5e7aae7 elementor-widget elementor-widget-text-editor\" data-id=\"5e7aae7\" data-element_type=\"widget\" data-e-type=\"widget\" data-widget_type=\"text-editor.default\">\n\t\t\t\t<div class=\"elementor-widget-container\">\n\t\t\t\t\t\t\t\t\t<p><span style=\"color: #808080;\">The selected tracks used in the mix are as follows:<\/span><\/p><p><span style=\"color: #808080;\">* The morning without artifice<\/span><br \/><span style=\"color: #808080;\">* Yoga and sounds 5th anniversary<\/span><br \/><span style=\"color: #808080;\">* Yoga and healing sounds spring 2020<\/span><br \/><span style=\"color: #808080;\">* Yoga and sounds VII<\/span><br \/><span style=\"color: #808080;\">* The night before sleep I<\/span><br \/><span style=\"color: #808080;\">* Live impro 230122<\/span><br \/><span style=\"color: #808080;\">* Long Forgotten Memories:<\/span><br \/><span style=\"color: #808080;\">01 Meadow<\/span><br \/><span style=\"color: #808080;\">02 Watermarks<\/span><br \/><span style=\"color: #808080;\">03 Night at Carol<\/span><\/p>\t\t\t\t\t\t\t\t<\/div>\n\t\t\t\t<\/div>\n\t\t\t\t\t<\/div>\n\t\t<\/div>\n\t\t\t\t\t<\/div>\n\t\t<\/section>\n\t\t\t\t<\/div>","protected":false},"excerpt":{"rendered":"<p>Space Oddity Recollection #33 Mayo 2022 Ciro Berenguer un compositor de Argentina, que vive en Barcelona. Sus inspiraciones provienen de diversas tradiciones y g\u00e9neros musicales que van desde la m\u00fasica contempor\u00e1nea europea, pasando por el jazz y el folk, hasta los ritmos sudamericanos y africanos. Crea sus propias composiciones para instrumentos en vivo, objetos encontrados [&hellip;]<\/p>\n","protected":false},"author":19,"featured_media":0,"parent":0,"menu_order":0,"comment_status":"closed","ping_status":"closed","template":"","meta":{"footnotes":""},"class_list":["post-59844","page","type-page","status-publish","hentry"],"yoast_head":"<!-- This site is optimized with the Yoast SEO plugin v27.2 - https:\/\/yoast.com\/product\/yoast-seo-wordpress\/ -->\n<title>Space Oddity Recollection #33 -<\/title>\n<meta name=\"robots\" content=\"index, follow, max-snippet:-1, max-image-preview:large, max-video-preview:-1\" \/>\n<link rel=\"canonical\" href=\"https:\/\/teslafm.net\/en\/space-oddity-recollection-33\/\" \/>\n<meta property=\"og:locale\" content=\"en_US\" \/>\n<meta property=\"og:type\" content=\"article\" \/>\n<meta property=\"og:title\" content=\"Space Oddity Recollection #33 -\" \/>\n<meta property=\"og:description\" content=\"Space Oddity Recollection #33 Mayo 2022 Ciro Berenguer un compositor de Argentina, que vive en Barcelona. Sus inspiraciones provienen de diversas tradiciones y g\u00e9neros musicales que van desde la m\u00fasica contempor\u00e1nea europea, pasando por el jazz y el folk, hasta los ritmos sudamericanos y africanos. Crea sus propias composiciones para instrumentos en vivo, objetos encontrados [&hellip;]\" \/>\n<meta property=\"og:url\" content=\"https:\/\/teslafm.net\/en\/space-oddity-recollection-33\/\" \/>\n<meta property=\"article:publisher\" content=\"https:\/\/www.facebook.com\/teslafm.net\" \/>\n<meta property=\"article:modified_time\" content=\"2022-05-24T14:55:08+00:00\" \/>\n<meta property=\"og:image\" content=\"https:\/\/teslafm.net\/wp-content\/uploads\/2022\/05\/21_11_26_Spectaculare_CAMP_Libor-Galia_26_Ciro-Berenguer.jpg\" \/>\n<meta name=\"twitter:card\" content=\"summary_large_image\" \/>\n<meta name=\"twitter:site\" content=\"@teslafm\" \/>\n<meta name=\"twitter:label1\" content=\"Est. reading time\" \/>\n\t<meta name=\"twitter:data1\" content=\"2 minutes\" \/>\n<script type=\"application\/ld+json\" class=\"yoast-schema-graph\">{\"@context\":\"https:\/\/schema.org\",\"@graph\":[{\"@type\":\"WebPage\",\"@id\":\"https:\/\/teslafm.net\/space-oddity-recollection-33\/\",\"url\":\"https:\/\/teslafm.net\/space-oddity-recollection-33\/\",\"name\":\"Space Oddity Recollection #33 -\",\"isPartOf\":{\"@id\":\"https:\/\/teslafm.net\/#website\"},\"primaryImageOfPage\":{\"@id\":\"https:\/\/teslafm.net\/space-oddity-recollection-33\/#primaryimage\"},\"image\":{\"@id\":\"https:\/\/teslafm.net\/space-oddity-recollection-33\/#primaryimage\"},\"thumbnailUrl\":\"https:\/\/teslafm.net\/wp-content\/uploads\/2022\/05\/21_11_26_Spectaculare_CAMP_Libor-Galia_26_Ciro-Berenguer.jpg\",\"datePublished\":\"2022-05-24T14:50:05+00:00\",\"dateModified\":\"2022-05-24T14:55:08+00:00\",\"breadcrumb\":{\"@id\":\"https:\/\/teslafm.net\/space-oddity-recollection-33\/#breadcrumb\"},\"inLanguage\":\"en-US\",\"potentialAction\":[{\"@type\":\"ReadAction\",\"target\":[\"https:\/\/teslafm.net\/space-oddity-recollection-33\/\"]}]},{\"@type\":\"ImageObject\",\"inLanguage\":\"en-US\",\"@id\":\"https:\/\/teslafm.net\/space-oddity-recollection-33\/#primaryimage\",\"url\":\"https:\/\/teslafm.net\/wp-content\/uploads\/2022\/05\/21_11_26_Spectaculare_CAMP_Libor-Galia_26_Ciro-Berenguer.jpg\",\"contentUrl\":\"https:\/\/teslafm.net\/wp-content\/uploads\/2022\/05\/21_11_26_Spectaculare_CAMP_Libor-Galia_26_Ciro-Berenguer.jpg\"},{\"@type\":\"BreadcrumbList\",\"@id\":\"https:\/\/teslafm.net\/space-oddity-recollection-33\/#breadcrumb\",\"itemListElement\":[{\"@type\":\"ListItem\",\"position\":1,\"name\":\"Portada\",\"item\":\"https:\/\/teslafm.net\/\"},{\"@type\":\"ListItem\",\"position\":2,\"name\":\"Space Oddity Recollection #33\"}]},{\"@type\":\"WebSite\",\"@id\":\"https:\/\/teslafm.net\/#website\",\"url\":\"https:\/\/teslafm.net\/\",\"name\":\"TeslaFM\",\"description\":\"An experimental and creative radio\",\"publisher\":{\"@id\":\"https:\/\/teslafm.net\/#organization\"},\"potentialAction\":[{\"@type\":\"SearchAction\",\"target\":{\"@type\":\"EntryPoint\",\"urlTemplate\":\"https:\/\/teslafm.net\/?s={search_term_string}\"},\"query-input\":{\"@type\":\"PropertyValueSpecification\",\"valueRequired\":true,\"valueName\":\"search_term_string\"}}],\"inLanguage\":\"en-US\"},{\"@type\":\"Organization\",\"@id\":\"https:\/\/teslafm.net\/#organization\",\"name\":\"TeslaFM\",\"url\":\"https:\/\/teslafm.net\/\",\"logo\":{\"@type\":\"ImageObject\",\"inLanguage\":\"en-US\",\"@id\":\"https:\/\/teslafm.net\/#\/schema\/logo\/image\/\",\"url\":\"https:\/\/teslafm.net\/wp-content\/uploads\/2020\/06\/logo-tesla.png\",\"contentUrl\":\"https:\/\/teslafm.net\/wp-content\/uploads\/2020\/06\/logo-tesla.png\",\"width\":512,\"height\":512,\"caption\":\"TeslaFM\"},\"image\":{\"@id\":\"https:\/\/teslafm.net\/#\/schema\/logo\/image\/\"},\"sameAs\":[\"https:\/\/www.facebook.com\/teslafm.net\",\"https:\/\/x.com\/teslafm\"]}]}<\/script>\n<!-- \/ Yoast SEO plugin. -->","yoast_head_json":{"title":"Space Oddity Recollection #33 -","robots":{"index":"index","follow":"follow","max-snippet":"max-snippet:-1","max-image-preview":"max-image-preview:large","max-video-preview":"max-video-preview:-1"},"canonical":"https:\/\/teslafm.net\/en\/space-oddity-recollection-33\/","og_locale":"en_US","og_type":"article","og_title":"Space Oddity Recollection #33 -","og_description":"Space Oddity Recollection #33 Mayo 2022 Ciro Berenguer un compositor de Argentina, que vive en Barcelona. Sus inspiraciones provienen de diversas tradiciones y g\u00e9neros musicales que van desde la m\u00fasica contempor\u00e1nea europea, pasando por el jazz y el folk, hasta los ritmos sudamericanos y africanos. Crea sus propias composiciones para instrumentos en vivo, objetos encontrados [&hellip;]","og_url":"https:\/\/teslafm.net\/en\/space-oddity-recollection-33\/","article_publisher":"https:\/\/www.facebook.com\/teslafm.net","article_modified_time":"2022-05-24T14:55:08+00:00","og_image":[{"url":"https:\/\/teslafm.net\/wp-content\/uploads\/2022\/05\/21_11_26_Spectaculare_CAMP_Libor-Galia_26_Ciro-Berenguer.jpg","type":"","width":"","height":""}],"twitter_card":"summary_large_image","twitter_site":"@teslafm","twitter_misc":{"Est. reading time":"2 minutes"},"schema":{"@context":"https:\/\/schema.org","@graph":[{"@type":"WebPage","@id":"https:\/\/teslafm.net\/space-oddity-recollection-33\/","url":"https:\/\/teslafm.net\/space-oddity-recollection-33\/","name":"Space Oddity Recollection #33 -","isPartOf":{"@id":"https:\/\/teslafm.net\/#website"},"primaryImageOfPage":{"@id":"https:\/\/teslafm.net\/space-oddity-recollection-33\/#primaryimage"},"image":{"@id":"https:\/\/teslafm.net\/space-oddity-recollection-33\/#primaryimage"},"thumbnailUrl":"https:\/\/teslafm.net\/wp-content\/uploads\/2022\/05\/21_11_26_Spectaculare_CAMP_Libor-Galia_26_Ciro-Berenguer.jpg","datePublished":"2022-05-24T14:50:05+00:00","dateModified":"2022-05-24T14:55:08+00:00","breadcrumb":{"@id":"https:\/\/teslafm.net\/space-oddity-recollection-33\/#breadcrumb"},"inLanguage":"en-US","potentialAction":[{"@type":"ReadAction","target":["https:\/\/teslafm.net\/space-oddity-recollection-33\/"]}]},{"@type":"ImageObject","inLanguage":"en-US","@id":"https:\/\/teslafm.net\/space-oddity-recollection-33\/#primaryimage","url":"https:\/\/teslafm.net\/wp-content\/uploads\/2022\/05\/21_11_26_Spectaculare_CAMP_Libor-Galia_26_Ciro-Berenguer.jpg","contentUrl":"https:\/\/teslafm.net\/wp-content\/uploads\/2022\/05\/21_11_26_Spectaculare_CAMP_Libor-Galia_26_Ciro-Berenguer.jpg"},{"@type":"BreadcrumbList","@id":"https:\/\/teslafm.net\/space-oddity-recollection-33\/#breadcrumb","itemListElement":[{"@type":"ListItem","position":1,"name":"Portada","item":"https:\/\/teslafm.net\/"},{"@type":"ListItem","position":2,"name":"Space Oddity Recollection #33"}]},{"@type":"WebSite","@id":"https:\/\/teslafm.net\/#website","url":"https:\/\/teslafm.net\/","name":"TeslaFM","description":"An experimental and creative radio","publisher":{"@id":"https:\/\/teslafm.net\/#organization"},"potentialAction":[{"@type":"SearchAction","target":{"@type":"EntryPoint","urlTemplate":"https:\/\/teslafm.net\/?s={search_term_string}"},"query-input":{"@type":"PropertyValueSpecification","valueRequired":true,"valueName":"search_term_string"}}],"inLanguage":"en-US"},{"@type":"Organization","@id":"https:\/\/teslafm.net\/#organization","name":"TeslaFM","url":"https:\/\/teslafm.net\/","logo":{"@type":"ImageObject","inLanguage":"en-US","@id":"https:\/\/teslafm.net\/#\/schema\/logo\/image\/","url":"https:\/\/teslafm.net\/wp-content\/uploads\/2020\/06\/logo-tesla.png","contentUrl":"https:\/\/teslafm.net\/wp-content\/uploads\/2020\/06\/logo-tesla.png","width":512,"height":512,"caption":"TeslaFM"},"image":{"@id":"https:\/\/teslafm.net\/#\/schema\/logo\/image\/"},"sameAs":["https:\/\/www.facebook.com\/teslafm.net","https:\/\/x.com\/teslafm"]}]}},"rttpg_featured_image_url":null,"rttpg_author":{"display_name":"Ishak","author_link":"https:\/\/teslafm.net\/en\/author\/cravan\/"},"rttpg_comment":0,"rttpg_category":null,"rttpg_excerpt":"Space Oddity Recollection #33 Mayo 2022 Ciro Berenguer un compositor de Argentina, que vive en Barcelona. Sus inspiraciones provienen de diversas tradiciones y g\u00e9neros musicales que van desde la m\u00fasica contempor\u00e1nea europea, pasando por el jazz y el folk, hasta los ritmos sudamericanos y africanos. Crea sus propias composiciones para instrumentos en vivo, objetos encontrados&hellip;","_links":{"self":[{"href":"https:\/\/teslafm.net\/en\/wp-json\/wp\/v2\/pages\/59844","targetHints":{"allow":["GET"]}}],"collection":[{"href":"https:\/\/teslafm.net\/en\/wp-json\/wp\/v2\/pages"}],"about":[{"href":"https:\/\/teslafm.net\/en\/wp-json\/wp\/v2\/types\/page"}],"author":[{"embeddable":true,"href":"https:\/\/teslafm.net\/en\/wp-json\/wp\/v2\/users\/19"}],"replies":[{"embeddable":true,"href":"https:\/\/teslafm.net\/en\/wp-json\/wp\/v2\/comments?post=59844"}],"version-history":[{"count":6,"href":"https:\/\/teslafm.net\/en\/wp-json\/wp\/v2\/pages\/59844\/revisions"}],"predecessor-version":[{"id":59851,"href":"https:\/\/teslafm.net\/en\/wp-json\/wp\/v2\/pages\/59844\/revisions\/59851"}],"wp:attachment":[{"href":"https:\/\/teslafm.net\/en\/wp-json\/wp\/v2\/media?parent=59844"}],"curies":[{"name":"wp","href":"https:\/\/api.w.org\/{rel}","templated":true}]}}