

{"id":59856,"date":"2022-05-26T15:41:34","date_gmt":"2022-05-26T13:41:34","guid":{"rendered":"https:\/\/teslafm.net\/?page_id=59856"},"modified":"2023-02-06T14:45:31","modified_gmt":"2023-02-06T13:45:31","slug":"el-ruido-es-el-mensaje-17","status":"publish","type":"page","link":"https:\/\/teslafm.net\/en\/el-ruido-es-el-mensaje-17\/","title":{"rendered":"The NOISE is Message #17"},"content":{"rendered":"<h2><span style=\"color: #ffffff;\"><strong>The NOISE is Message #17<\/strong><\/span><\/h2>\n<p><span style=\"color: #808080;\"><em>May 2022<\/em><\/span><\/p>\n<p><iframe src=\"https:\/\/www.mixcloud.com\/widget\/iframe\/?hide_cover=1&amp;feed=%2FTeslafm_net%2Fel-ruido-es-el-mensaje-17-franco-falistoco%2F\" width=\"100%\" height=\"120\" frameborder=\"0\"><\/iframe><\/p>\n<p><span style=\"color: #808080;\">\"<span style=\"font-family: Calibri Light, serif;\"><span style=\"font-size: medium;\"><span lang=\"es-AR\"><i>The word is indiscreet; it comes to seek you out, it solicits attention....\"<\/i><\/span><\/span><\/span><span style=\"font-family: Calibri Light, serif;\"><span style=\"font-size: medium;\"><span lang=\"es-AR\"><br \/>\n<\/span><\/span><\/span><span style=\"font-family: Calibri Light, serif;\"><span style=\"font-size: medium;\"><span lang=\"es-AR\"><b>-| Eug\u00e8ne Delacroix.<\/b><\/span><\/span><\/span><\/span><\/p>\n<p><span style=\"color: #808080;\">\u2500\u2500\u2500\u2500\u2500\u2500\u2500\u2500\u2500\u2500\u2500\u2500\u2500<span style=\"font-family: Calibri Light, serif;\"><span style=\"font-size: medium;\"><span lang=\"es-AR\"><br \/>\n<\/span><\/span><\/span><span style=\"font-family: Calibri Light, serif;\"><span style=\"font-size: medium;\"><span lang=\"es-AR\"><b>Signal Flow<\/b><\/span><\/span><\/span><span style=\"font-family: Calibri Light, serif;\"><span style=\"font-size: medium;\"><span lang=\"es-AR\">\u00a0<\/span><\/span><\/span><span style=\"font-family: Arial, serif;\"><span style=\"font-size: medium;\"><span lang=\"es-AR\">\ua78a<\/span><\/span><\/span><span style=\"font-family: Cambria Math, serif;\"><span style=\"font-size: medium;\"><span lang=\"es-AR\">\u2af8<\/span><\/span><\/span><span style=\"font-family: Calibri Light, serif;\"><span style=\"font-size: medium;\"><span lang=\"es-AR\"><br \/>\n<\/span><\/span><\/span><span style=\"font-family: Arial, serif;\"><span style=\"font-size: medium;\"><span lang=\"es-AR\"><b>\u2588<\/b><\/span><\/span><\/span><span style=\"font-family: Calibri Light, serif;\"><span style=\"font-size: medium;\"><span lang=\"es-AR\"><b> Conversation<\/b><\/span><\/span><\/span><span style=\"font-family: Calibri Light, serif;\"><span style=\"font-size: medium;\"><span lang=\"es-AR\"><b>\u00f3<\/b><\/span><\/span><\/span><span style=\"font-family: Calibri Light, serif;\"><span style=\"font-size: medium;\"><span lang=\"es-AR\"><b>n TRIPLE:<\/b><\/span><\/span><\/span><span style=\"font-family: Calibri Light, serif;\"><span style=\"font-size: medium;\"><span lang=\"es-AR\"><b>\u00a0<\/b><\/span><\/span><\/span><span style=\"font-family: Calibri Light, serif;\"><span style=\"font-size: medium;\"><span lang=\"es-AR\">NOISE v3.14<br \/>\n<\/span><\/span><\/span><span style=\"font-family: Arial, serif;\"><span style=\"font-size: medium;\"><span lang=\"es-AR\"><b>\u2588<\/b><\/span><\/span><\/span><span style=\"font-family: Calibri Light, serif;\"><span style=\"font-size: medium;\"><span lang=\"es-AR\"><b> #PrensAUDIO:<\/b><\/span><\/span><\/span><span style=\"font-family: Calibri Light, serif;\"><span style=\"font-size: medium;\"><span lang=\"es-AR\"><b>\u00a0<\/b><\/span><\/span><\/span><span style=\"font-family: Calibri Light, serif;\"><span style=\"font-size: medium;\"><span lang=\"es-AR\">We receive it, we listen to it and we promote it. Everything to this\u00a0<\/span><\/span><\/span><span style=\"font-family: Calibri Light, serif;\"><span style=\"font-size: medium;\"><span lang=\"es-AR\"><b>&gt;<\/b><\/span><\/span><\/span><\/span><span style=\"color: #0563c1;\"><u><a href=\"mailto:prensa@elruidoeselmensaje.com\/\" target=\"_blank\" rel=\"noopener\"><span style=\"font-family: Calibri Light, serif;\"><span style=\"font-size: medium;\"><span lang=\"es-AR\"><b>E-Mail<\/b><\/span><\/span><\/span><\/a><\/u><\/span><span style=\"color: #808080;\"><span style=\"font-family: Calibri Light, serif;\"><span style=\"font-size: medium;\"><span lang=\"es-AR\"><b>&lt;<\/b><\/span><\/span><\/span><span style=\"font-family: Calibri Light, serif;\"><span style=\"font-size: medium;\"><span lang=\"es-AR\">.<\/span><\/span><\/span><\/span><\/p>\n<p><span style=\"color: #0563c1;\"><u><a href=\"https:\/\/francopellini.com.ar\/\" target=\"_blank\" rel=\"noopener\"><span style=\"font-family: Calibri Light, serif;\"><span style=\"font-size: medium;\"><span lang=\"es-AR\">Franco Pellini<\/span><\/span><\/span><\/a><\/u><\/span><span style=\"color: #262626;\"><span style=\"font-family: Calibri Light, serif;\"><span style=\"font-size: medium;\"><span lang=\"es-AR\">\u00a0<span style=\"color: #808080;\">presents<\/span>\u00a0<\/span><\/span><\/span><\/span><span style=\"color: #0563c1;\"><u><a href=\"https:\/\/sonidoatmosfericoediciones.bandcamp.com\/album\/pinball\" target=\"_blank\" rel=\"noopener\"><span style=\"font-family: Calibri Light, serif;\"><span style=\"font-size: medium;\"><span lang=\"es-AR\"><b>Pinball<\/b><\/span><\/span><\/span><\/a><\/u><\/span><span style=\"color: #262626;\"><span style=\"font-family: Calibri Light, serif;\"><span style=\"font-size: medium;\"><span lang=\"es-AR\">.<\/span><\/span><\/span><\/span><\/p>\n<p><span style=\"color: #808080;\">\u2588 <span style=\"font-family: Calibri Light, serif;\"><span style=\"font-size: medium;\"><span lang=\"es-AR\"><b>8<\/b><\/span><\/span><\/span><span style=\"font-family: Calibri Light, serif;\"><span style=\"font-size: medium;\"><span lang=\"es-AR\"><b>\u00ba<\/b><\/span><\/span><\/span><span style=\"font-family: Calibri Light, serif;\"><span style=\"font-size: medium;\"><span lang=\"es-AR\"><b> Festival CAJA NEGRA:<\/b><\/span><\/span><\/span><span style=\"font-family: Calibri Light, serif;\"><span style=\"font-size: medium;\"><span lang=\"es-AR\">\u00a0Presentation and excerpts of the transmission from San Juan, Argentina.<\/span><\/span><\/span><\/span><\/p>\n<p><span style=\"color: #808080;\"><span style=\"font-family: Calibri Light, serif;\"><span style=\"font-size: medium;\"><span lang=\"es-AR\"><b>We listened to Los Payasos Muertos Live from the San Juan Theater.<\/b><\/span><\/span><\/span><\/span><\/p>\n<p><span style=\"color: #808080;\">\u2588\u00a0<span style=\"font-family: Calibri Light, serif;\"><span style=\"font-size: medium;\"><span lang=\"en-GB\"><b>Shaun Robert<\/b><\/span><\/span><\/span><span style=\"font-family: Calibri Light, serif;\"><span style=\"font-size: medium;\"><span lang=\"en-GB\"><b>\u2019<\/b><\/span><\/span><\/span><span style=\"font-family: Calibri Light, serif;\"><span style=\"font-size: medium;\"><span lang=\"en-GB\"><b>s Sound Adventures:<\/b><\/span><\/span><\/span><span style=\"font-family: Calibri Light, serif;\"><span style=\"font-size: medium;\"><span lang=\"en-GB\">\u00a0Tape Recorder Swan Song (1997).<br \/>\n<\/span><\/span><\/span><span style=\"font-family: Calibri Light, serif;\"><span style=\"font-size: medium;\"><span lang=\"es-AR\">\u2500\u2500\u2500\u2500\u2500\u2500\u2500\u2500\u2500\u2500<\/span><\/span><\/span><\/span><\/p>\n<p><span style=\"color: #808080;\">Be part of listening in the vast landscape of Sounds.<br \/>\n<i>We recommend the\u00a0<\/i><i><b>Usage<\/b><\/i><i>\u00a0from\u00a0<\/i><i><b>HEADPHONES<\/b><\/i>.<br \/>\nIntegral Production: Franco Falistoco A. with The\u00a0<b>NOISE<\/b>\u00a0is the\u00a0<b>M<\/b>ensage and collaborators.<br \/>\n<u><a style=\"color: #808080;\" href=\"https:\/\/www.elruidoeselmensaje.com\/\" target=\"El RUIDO es el Mensaje\" rel=\"noopener\">https:\/\/www.elruidoeselmensaje.com\/<\/a><\/u><br \/>\n\u2500\u2500\u2500\u2500\u2500\u2500\u2500\u2500\u2500\u2500\u2500\u2500\u2500<\/span><\/p>\n<p align=\"center\"><span style=\"color: #808080;\"><span style=\"font-family: Calibri Light, serif;\"><span style=\"font-size: medium;\">The\u00a0<\/span><\/span><span style=\"font-family: Calibri Light, serif;\"><span style=\"font-size: medium;\"><b>Sound<\/b><\/span><\/span><span style=\"font-family: Calibri Light, serif;\"><span style=\"font-size: medium;\">is El\u00a0<\/span><\/span><span style=\"font-family: Calibri Light, serif;\"><span style=\"font-size: medium;\"><b>NOISE<\/b><\/span><\/span><span style=\"font-family: Calibri Light, serif;\"><span style=\"font-size: medium;\">\u00a0from\u00a0<\/span><\/span><span style=\"font-family: Calibri Light, serif;\"><span style=\"font-size: medium;\"><b>Message<\/b><\/span><\/span><span style=\"font-family: Calibri Light, serif;\"><span style=\"font-size: medium;\">.<\/span><\/span><\/span><\/p>","protected":false},"excerpt":{"rendered":"<p>El RUIDO es el Mensaje #17 Mayo 2022 \u201cLa palabra es indiscreta; viene a buscarte, solicita la atenci\u00f3n\u2026\u201d \u2014| Eug\u00e8ne Delacroix. \u2500\u2500\u2500\u2500\u2500\u2500\u2500\u2500\u2500\u2500\u2500\u2500\u2500 Signal Flow\u00a0\ua78a\u2af8 \u2588 Conversaci\u00f3n TRIPLE:\u00a0RUIDO v3,14 \u2588 #PrensAUDIO:\u00a0difusi\u00f3n y promoci\u00f3n de nuevos trabajos, lo recibimos, lo escuchamos y lo promocionamos. Todo a \u00e9ste\u00a0&gt;E-Mail&lt;. Franco Pellini\u00a0presenta\u00a0Pinball. \u2588 8\u00ba Festival CAJA NEGRA:\u00a0Presentaci\u00f3n y fragmentos de [&hellip;]<\/p>\n","protected":false},"author":19,"featured_media":0,"parent":0,"menu_order":0,"comment_status":"closed","ping_status":"closed","template":"","meta":{"footnotes":""},"class_list":["post-59856","page","type-page","status-publish","hentry"],"yoast_head":"<!-- This site is optimized with the Yoast SEO plugin v27.4 - https:\/\/yoast.com\/product\/yoast-seo-wordpress\/ -->\n<title>El RUIDO es el Mensaje #17 -<\/title>\n<meta name=\"robots\" content=\"index, follow, max-snippet:-1, max-image-preview:large, max-video-preview:-1\" \/>\n<link rel=\"canonical\" href=\"https:\/\/teslafm.net\/en\/el-ruido-es-el-mensaje-17\/\" \/>\n<meta property=\"og:locale\" content=\"en_US\" \/>\n<meta property=\"og:type\" content=\"article\" \/>\n<meta property=\"og:title\" content=\"El RUIDO es el Mensaje #17 -\" \/>\n<meta property=\"og:description\" content=\"El RUIDO es el Mensaje #17 Mayo 2022 \u201cLa palabra es indiscreta; viene a buscarte, solicita la atenci\u00f3n\u2026\u201d \u2014| Eug\u00e8ne Delacroix. \u2500\u2500\u2500\u2500\u2500\u2500\u2500\u2500\u2500\u2500\u2500\u2500\u2500 Signal Flow\u00a0\ua78a\u2af8 \u2588 Conversaci\u00f3n TRIPLE:\u00a0RUIDO v3,14 \u2588 #PrensAUDIO:\u00a0difusi\u00f3n y promoci\u00f3n de nuevos trabajos, lo recibimos, lo escuchamos y lo promocionamos. Todo a \u00e9ste\u00a0&gt;E-Mail&lt;. Franco Pellini\u00a0presenta\u00a0Pinball. \u2588 8\u00ba Festival CAJA NEGRA:\u00a0Presentaci\u00f3n y fragmentos de [&hellip;]\" \/>\n<meta property=\"og:url\" content=\"https:\/\/teslafm.net\/en\/el-ruido-es-el-mensaje-17\/\" \/>\n<meta property=\"article:publisher\" content=\"https:\/\/www.facebook.com\/teslafm.net\" \/>\n<meta property=\"article:modified_time\" content=\"2023-02-06T13:45:31+00:00\" \/>\n<meta property=\"og:image\" content=\"https:\/\/teslafm.net\/wp-content\/uploads\/2022\/09\/header-image-4-temp.png\" \/>\n\t<meta property=\"og:image:width\" content=\"1274\" \/>\n\t<meta property=\"og:image:height\" content=\"818\" \/>\n\t<meta property=\"og:image:type\" content=\"image\/png\" \/>\n<meta name=\"twitter:card\" content=\"summary_large_image\" \/>\n<meta name=\"twitter:site\" content=\"@teslafm\" \/>\n<meta name=\"twitter:label1\" content=\"Est. reading time\" \/>\n\t<meta name=\"twitter:data1\" content=\"1 minute\" \/>\n<script type=\"application\/ld+json\" class=\"yoast-schema-graph\">{\"@context\":\"https:\\\/\\\/schema.org\",\"@graph\":[{\"@type\":\"WebPage\",\"@id\":\"https:\\\/\\\/teslafm.net\\\/el-ruido-es-el-mensaje-17\\\/\",\"url\":\"https:\\\/\\\/teslafm.net\\\/el-ruido-es-el-mensaje-17\\\/\",\"name\":\"El RUIDO es el Mensaje #17 -\",\"isPartOf\":{\"@id\":\"https:\\\/\\\/teslafm.net\\\/#website\"},\"datePublished\":\"2022-05-26T13:41:34+00:00\",\"dateModified\":\"2023-02-06T13:45:31+00:00\",\"breadcrumb\":{\"@id\":\"https:\\\/\\\/teslafm.net\\\/el-ruido-es-el-mensaje-17\\\/#breadcrumb\"},\"inLanguage\":\"en-US\",\"potentialAction\":[{\"@type\":\"ReadAction\",\"target\":[\"https:\\\/\\\/teslafm.net\\\/el-ruido-es-el-mensaje-17\\\/\"]}]},{\"@type\":\"BreadcrumbList\",\"@id\":\"https:\\\/\\\/teslafm.net\\\/el-ruido-es-el-mensaje-17\\\/#breadcrumb\",\"itemListElement\":[{\"@type\":\"ListItem\",\"position\":1,\"name\":\"Portada\",\"item\":\"https:\\\/\\\/teslafm.net\\\/\"},{\"@type\":\"ListItem\",\"position\":2,\"name\":\"El RUIDO es el Mensaje #17\"}]},{\"@type\":\"WebSite\",\"@id\":\"https:\\\/\\\/teslafm.net\\\/#website\",\"url\":\"https:\\\/\\\/teslafm.net\\\/\",\"name\":\"TeslaFM\",\"description\":\"An experimental and creative radio\",\"publisher\":{\"@id\":\"https:\\\/\\\/teslafm.net\\\/#organization\"},\"potentialAction\":[{\"@type\":\"SearchAction\",\"target\":{\"@type\":\"EntryPoint\",\"urlTemplate\":\"https:\\\/\\\/teslafm.net\\\/?s={search_term_string}\"},\"query-input\":{\"@type\":\"PropertyValueSpecification\",\"valueRequired\":true,\"valueName\":\"search_term_string\"}}],\"inLanguage\":\"en-US\"},{\"@type\":\"Organization\",\"@id\":\"https:\\\/\\\/teslafm.net\\\/#organization\",\"name\":\"TeslaFM\",\"url\":\"https:\\\/\\\/teslafm.net\\\/\",\"logo\":{\"@type\":\"ImageObject\",\"inLanguage\":\"en-US\",\"@id\":\"https:\\\/\\\/teslafm.net\\\/#\\\/schema\\\/logo\\\/image\\\/\",\"url\":\"https:\\\/\\\/teslafm.net\\\/wp-content\\\/uploads\\\/2020\\\/06\\\/logo-tesla.png\",\"contentUrl\":\"https:\\\/\\\/teslafm.net\\\/wp-content\\\/uploads\\\/2020\\\/06\\\/logo-tesla.png\",\"width\":512,\"height\":512,\"caption\":\"TeslaFM\"},\"image\":{\"@id\":\"https:\\\/\\\/teslafm.net\\\/#\\\/schema\\\/logo\\\/image\\\/\"},\"sameAs\":[\"https:\\\/\\\/www.facebook.com\\\/teslafm.net\",\"https:\\\/\\\/x.com\\\/teslafm\"]}]}<\/script>\n<!-- \/ Yoast SEO plugin. -->","yoast_head_json":{"title":"El RUIDO es el Mensaje #17 -","robots":{"index":"index","follow":"follow","max-snippet":"max-snippet:-1","max-image-preview":"max-image-preview:large","max-video-preview":"max-video-preview:-1"},"canonical":"https:\/\/teslafm.net\/en\/el-ruido-es-el-mensaje-17\/","og_locale":"en_US","og_type":"article","og_title":"El RUIDO es el Mensaje #17 -","og_description":"El RUIDO es el Mensaje #17 Mayo 2022 \u201cLa palabra es indiscreta; viene a buscarte, solicita la atenci\u00f3n\u2026\u201d \u2014| Eug\u00e8ne Delacroix. \u2500\u2500\u2500\u2500\u2500\u2500\u2500\u2500\u2500\u2500\u2500\u2500\u2500 Signal Flow\u00a0\ua78a\u2af8 \u2588 Conversaci\u00f3n TRIPLE:\u00a0RUIDO v3,14 \u2588 #PrensAUDIO:\u00a0difusi\u00f3n y promoci\u00f3n de nuevos trabajos, lo recibimos, lo escuchamos y lo promocionamos. Todo a \u00e9ste\u00a0&gt;E-Mail&lt;. Franco Pellini\u00a0presenta\u00a0Pinball. \u2588 8\u00ba Festival CAJA NEGRA:\u00a0Presentaci\u00f3n y fragmentos de [&hellip;]","og_url":"https:\/\/teslafm.net\/en\/el-ruido-es-el-mensaje-17\/","article_publisher":"https:\/\/www.facebook.com\/teslafm.net","article_modified_time":"2023-02-06T13:45:31+00:00","og_image":[{"width":1274,"height":818,"url":"https:\/\/teslafm.net\/wp-content\/uploads\/2022\/09\/header-image-4-temp.png","type":"image\/png"}],"twitter_card":"summary_large_image","twitter_site":"@teslafm","twitter_misc":{"Est. reading time":"1 minute"},"schema":{"@context":"https:\/\/schema.org","@graph":[{"@type":"WebPage","@id":"https:\/\/teslafm.net\/el-ruido-es-el-mensaje-17\/","url":"https:\/\/teslafm.net\/el-ruido-es-el-mensaje-17\/","name":"El RUIDO es el Mensaje #17 -","isPartOf":{"@id":"https:\/\/teslafm.net\/#website"},"datePublished":"2022-05-26T13:41:34+00:00","dateModified":"2023-02-06T13:45:31+00:00","breadcrumb":{"@id":"https:\/\/teslafm.net\/el-ruido-es-el-mensaje-17\/#breadcrumb"},"inLanguage":"en-US","potentialAction":[{"@type":"ReadAction","target":["https:\/\/teslafm.net\/el-ruido-es-el-mensaje-17\/"]}]},{"@type":"BreadcrumbList","@id":"https:\/\/teslafm.net\/el-ruido-es-el-mensaje-17\/#breadcrumb","itemListElement":[{"@type":"ListItem","position":1,"name":"Portada","item":"https:\/\/teslafm.net\/"},{"@type":"ListItem","position":2,"name":"El RUIDO es el Mensaje #17"}]},{"@type":"WebSite","@id":"https:\/\/teslafm.net\/#website","url":"https:\/\/teslafm.net\/","name":"TeslaFM","description":"An experimental and creative radio","publisher":{"@id":"https:\/\/teslafm.net\/#organization"},"potentialAction":[{"@type":"SearchAction","target":{"@type":"EntryPoint","urlTemplate":"https:\/\/teslafm.net\/?s={search_term_string}"},"query-input":{"@type":"PropertyValueSpecification","valueRequired":true,"valueName":"search_term_string"}}],"inLanguage":"en-US"},{"@type":"Organization","@id":"https:\/\/teslafm.net\/#organization","name":"TeslaFM","url":"https:\/\/teslafm.net\/","logo":{"@type":"ImageObject","inLanguage":"en-US","@id":"https:\/\/teslafm.net\/#\/schema\/logo\/image\/","url":"https:\/\/teslafm.net\/wp-content\/uploads\/2020\/06\/logo-tesla.png","contentUrl":"https:\/\/teslafm.net\/wp-content\/uploads\/2020\/06\/logo-tesla.png","width":512,"height":512,"caption":"TeslaFM"},"image":{"@id":"https:\/\/teslafm.net\/#\/schema\/logo\/image\/"},"sameAs":["https:\/\/www.facebook.com\/teslafm.net","https:\/\/x.com\/teslafm"]}]}},"rttpg_featured_image_url":null,"rttpg_author":{"display_name":"Ishak","author_link":"https:\/\/teslafm.net\/en\/author\/cravan\/"},"rttpg_comment":0,"rttpg_category":null,"rttpg_excerpt":"El RUIDO es el Mensaje #17 Mayo 2022 \u201cLa palabra es indiscreta; viene a buscarte, solicita la atenci\u00f3n\u2026\u201d \u2014| Eug\u00e8ne Delacroix. \u2500\u2500\u2500\u2500\u2500\u2500\u2500\u2500\u2500\u2500\u2500\u2500\u2500 Signal Flow\u00a0\ua78a\u2af8 \u2588 Conversaci\u00f3n TRIPLE:\u00a0RUIDO v3,14 \u2588 #PrensAUDIO:\u00a0difusi\u00f3n y promoci\u00f3n de nuevos trabajos, lo recibimos, lo escuchamos y lo promocionamos. Todo a \u00e9ste\u00a0&gt;E-Mail&lt;. Franco Pellini\u00a0presenta\u00a0Pinball. \u2588 8\u00ba Festival CAJA NEGRA:\u00a0Presentaci\u00f3n y fragmentos de&hellip;","_links":{"self":[{"href":"https:\/\/teslafm.net\/en\/wp-json\/wp\/v2\/pages\/59856","targetHints":{"allow":["GET"]}}],"collection":[{"href":"https:\/\/teslafm.net\/en\/wp-json\/wp\/v2\/pages"}],"about":[{"href":"https:\/\/teslafm.net\/en\/wp-json\/wp\/v2\/types\/page"}],"author":[{"embeddable":true,"href":"https:\/\/teslafm.net\/en\/wp-json\/wp\/v2\/users\/19"}],"replies":[{"embeddable":true,"href":"https:\/\/teslafm.net\/en\/wp-json\/wp\/v2\/comments?post=59856"}],"version-history":[{"count":2,"href":"https:\/\/teslafm.net\/en\/wp-json\/wp\/v2\/pages\/59856\/revisions"}],"predecessor-version":[{"id":61404,"href":"https:\/\/teslafm.net\/en\/wp-json\/wp\/v2\/pages\/59856\/revisions\/61404"}],"wp:attachment":[{"href":"https:\/\/teslafm.net\/en\/wp-json\/wp\/v2\/media?parent=59856"}],"curies":[{"name":"wp","href":"https:\/\/api.w.org\/{rel}","templated":true}]}}