

{"id":59896,"date":"2022-06-03T16:40:43","date_gmt":"2022-06-03T14:40:43","guid":{"rendered":"https:\/\/teslafm.net\/?page_id=59896"},"modified":"2022-07-01T16:32:23","modified_gmt":"2022-07-01T14:32:23","slug":"cachichi-40","status":"publish","type":"page","link":"https:\/\/teslafm.net\/en\/cachichi-40\/","title":{"rendered":"Cachichi #40"},"content":{"rendered":"<h2><span style=\"color: #ffffff;\"><strong>Cachichi #40<\/strong><\/span><\/h2>\n<p><span style=\"color: #808080;\"><em>June 2, 2022<\/em><\/span><\/p>\n<p><iframe src=\"https:\/\/www.mixcloud.com\/widget\/iframe\/?hide_cover=1&amp;feed=%2FTeslafm_net%2Fcachichi-40-%C5%9Fhi%E0%BA%96s%C3%AAk%C7%9Fi%2F\" width=\"100%\" height=\"120\" frameborder=\"0\"><\/iframe><\/p>\n<p><span style=\"color: #808080;\"><strong>\u015ehi\u0e96S\u00eak\u01dfi .<\/strong> (\u65b0\u4e16\u754c \"New World\") is a musical project that focuses on abstract sci-fi sounds and fast-changing electronic music. As a genre Shapeshifter, his goal is to investigate more possibilities in the art of DJing to break the limitation of genres. As a DJ, he likes to play fast-changing Electronic Dance Music (EDM) to induce feelings of acceleration, just as the world became faster and more complex in recent years. Inspired by the changing experiences of everyday life and uncertainty towards the future, the musical project is characterized by its diversity of sounds, containing improvisation and deconstruction of original tracks and mixing contrasting elements to create complex soundscapes.<\/span><\/p>","protected":false},"excerpt":{"rendered":"<p>Cachichi #40 2 de Junio 2022 \u015ehi\u0e96S\u00eak\u01dfi (\u65b0\u4e16\u754c\u201eNew World\u201c) es un proyecto musical que se centra en sonidos abstractos de ciencia ficci\u00f3n y m\u00fasica electr\u00f3nica que cambia r\u00e1pidamente. Como Shapeshifter de g\u00e9neros, su objetivo es investigar m\u00e1s posibilidades en el arte de pinchar para romper la limitaci\u00f3n de los g\u00e9neros. Como DJ, le gusta pinchar [&hellip;]<\/p>\n","protected":false},"author":19,"featured_media":0,"parent":0,"menu_order":0,"comment_status":"closed","ping_status":"closed","template":"","meta":{"footnotes":""},"class_list":["post-59896","page","type-page","status-publish","hentry"],"yoast_head":"<!-- This site is optimized with the Yoast SEO plugin v27.2 - https:\/\/yoast.com\/product\/yoast-seo-wordpress\/ -->\n<title>Cachichi #40 -<\/title>\n<meta name=\"robots\" content=\"index, follow, max-snippet:-1, max-image-preview:large, max-video-preview:-1\" \/>\n<link rel=\"canonical\" href=\"https:\/\/teslafm.net\/en\/cachichi-40\/\" \/>\n<meta property=\"og:locale\" content=\"en_US\" \/>\n<meta property=\"og:type\" content=\"article\" \/>\n<meta property=\"og:title\" content=\"Cachichi #40 -\" \/>\n<meta property=\"og:description\" content=\"Cachichi #40 2 de Junio 2022 \u015ehi\u0e96S\u00eak\u01dfi (\u65b0\u4e16\u754c\u201eNew World\u201c) es un proyecto musical que se centra en sonidos abstractos de ciencia ficci\u00f3n y m\u00fasica electr\u00f3nica que cambia r\u00e1pidamente. Como Shapeshifter de g\u00e9neros, su objetivo es investigar m\u00e1s posibilidades en el arte de pinchar para romper la limitaci\u00f3n de los g\u00e9neros. Como DJ, le gusta pinchar [&hellip;]\" \/>\n<meta property=\"og:url\" content=\"https:\/\/teslafm.net\/en\/cachichi-40\/\" \/>\n<meta property=\"article:publisher\" content=\"https:\/\/www.facebook.com\/teslafm.net\" \/>\n<meta property=\"article:modified_time\" content=\"2022-07-01T14:32:23+00:00\" \/>\n<meta property=\"og:image\" content=\"https:\/\/teslafm.net\/wp-content\/uploads\/2022\/09\/header-image-4-temp.png\" \/>\n\t<meta property=\"og:image:width\" content=\"1274\" \/>\n\t<meta property=\"og:image:height\" content=\"818\" \/>\n\t<meta property=\"og:image:type\" content=\"image\/png\" \/>\n<meta name=\"twitter:card\" content=\"summary_large_image\" \/>\n<meta name=\"twitter:site\" content=\"@teslafm\" \/>\n<meta name=\"twitter:label1\" content=\"Est. reading time\" \/>\n\t<meta name=\"twitter:data1\" content=\"1 minute\" \/>\n<script type=\"application\/ld+json\" class=\"yoast-schema-graph\">{\"@context\":\"https:\/\/schema.org\",\"@graph\":[{\"@type\":\"WebPage\",\"@id\":\"https:\/\/teslafm.net\/cachichi-40\/\",\"url\":\"https:\/\/teslafm.net\/cachichi-40\/\",\"name\":\"Cachichi #40 -\",\"isPartOf\":{\"@id\":\"https:\/\/teslafm.net\/#website\"},\"datePublished\":\"2022-06-03T14:40:43+00:00\",\"dateModified\":\"2022-07-01T14:32:23+00:00\",\"breadcrumb\":{\"@id\":\"https:\/\/teslafm.net\/cachichi-40\/#breadcrumb\"},\"inLanguage\":\"en-US\",\"potentialAction\":[{\"@type\":\"ReadAction\",\"target\":[\"https:\/\/teslafm.net\/cachichi-40\/\"]}]},{\"@type\":\"BreadcrumbList\",\"@id\":\"https:\/\/teslafm.net\/cachichi-40\/#breadcrumb\",\"itemListElement\":[{\"@type\":\"ListItem\",\"position\":1,\"name\":\"Portada\",\"item\":\"https:\/\/teslafm.net\/\"},{\"@type\":\"ListItem\",\"position\":2,\"name\":\"Cachichi #40\"}]},{\"@type\":\"WebSite\",\"@id\":\"https:\/\/teslafm.net\/#website\",\"url\":\"https:\/\/teslafm.net\/\",\"name\":\"TeslaFM\",\"description\":\"An experimental and creative radio\",\"publisher\":{\"@id\":\"https:\/\/teslafm.net\/#organization\"},\"potentialAction\":[{\"@type\":\"SearchAction\",\"target\":{\"@type\":\"EntryPoint\",\"urlTemplate\":\"https:\/\/teslafm.net\/?s={search_term_string}\"},\"query-input\":{\"@type\":\"PropertyValueSpecification\",\"valueRequired\":true,\"valueName\":\"search_term_string\"}}],\"inLanguage\":\"en-US\"},{\"@type\":\"Organization\",\"@id\":\"https:\/\/teslafm.net\/#organization\",\"name\":\"TeslaFM\",\"url\":\"https:\/\/teslafm.net\/\",\"logo\":{\"@type\":\"ImageObject\",\"inLanguage\":\"en-US\",\"@id\":\"https:\/\/teslafm.net\/#\/schema\/logo\/image\/\",\"url\":\"https:\/\/teslafm.net\/wp-content\/uploads\/2020\/06\/logo-tesla.png\",\"contentUrl\":\"https:\/\/teslafm.net\/wp-content\/uploads\/2020\/06\/logo-tesla.png\",\"width\":512,\"height\":512,\"caption\":\"TeslaFM\"},\"image\":{\"@id\":\"https:\/\/teslafm.net\/#\/schema\/logo\/image\/\"},\"sameAs\":[\"https:\/\/www.facebook.com\/teslafm.net\",\"https:\/\/x.com\/teslafm\"]}]}<\/script>\n<!-- \/ Yoast SEO plugin. -->","yoast_head_json":{"title":"Cachichi #40 -","robots":{"index":"index","follow":"follow","max-snippet":"max-snippet:-1","max-image-preview":"max-image-preview:large","max-video-preview":"max-video-preview:-1"},"canonical":"https:\/\/teslafm.net\/en\/cachichi-40\/","og_locale":"en_US","og_type":"article","og_title":"Cachichi #40 -","og_description":"Cachichi #40 2 de Junio 2022 \u015ehi\u0e96S\u00eak\u01dfi (\u65b0\u4e16\u754c\u201eNew World\u201c) es un proyecto musical que se centra en sonidos abstractos de ciencia ficci\u00f3n y m\u00fasica electr\u00f3nica que cambia r\u00e1pidamente. Como Shapeshifter de g\u00e9neros, su objetivo es investigar m\u00e1s posibilidades en el arte de pinchar para romper la limitaci\u00f3n de los g\u00e9neros. Como DJ, le gusta pinchar [&hellip;]","og_url":"https:\/\/teslafm.net\/en\/cachichi-40\/","article_publisher":"https:\/\/www.facebook.com\/teslafm.net","article_modified_time":"2022-07-01T14:32:23+00:00","og_image":[{"width":1274,"height":818,"url":"https:\/\/teslafm.net\/wp-content\/uploads\/2022\/09\/header-image-4-temp.png","type":"image\/png"}],"twitter_card":"summary_large_image","twitter_site":"@teslafm","twitter_misc":{"Est. reading time":"1 minute"},"schema":{"@context":"https:\/\/schema.org","@graph":[{"@type":"WebPage","@id":"https:\/\/teslafm.net\/cachichi-40\/","url":"https:\/\/teslafm.net\/cachichi-40\/","name":"Cachichi #40 -","isPartOf":{"@id":"https:\/\/teslafm.net\/#website"},"datePublished":"2022-06-03T14:40:43+00:00","dateModified":"2022-07-01T14:32:23+00:00","breadcrumb":{"@id":"https:\/\/teslafm.net\/cachichi-40\/#breadcrumb"},"inLanguage":"en-US","potentialAction":[{"@type":"ReadAction","target":["https:\/\/teslafm.net\/cachichi-40\/"]}]},{"@type":"BreadcrumbList","@id":"https:\/\/teslafm.net\/cachichi-40\/#breadcrumb","itemListElement":[{"@type":"ListItem","position":1,"name":"Portada","item":"https:\/\/teslafm.net\/"},{"@type":"ListItem","position":2,"name":"Cachichi #40"}]},{"@type":"WebSite","@id":"https:\/\/teslafm.net\/#website","url":"https:\/\/teslafm.net\/","name":"TeslaFM","description":"An experimental and creative radio","publisher":{"@id":"https:\/\/teslafm.net\/#organization"},"potentialAction":[{"@type":"SearchAction","target":{"@type":"EntryPoint","urlTemplate":"https:\/\/teslafm.net\/?s={search_term_string}"},"query-input":{"@type":"PropertyValueSpecification","valueRequired":true,"valueName":"search_term_string"}}],"inLanguage":"en-US"},{"@type":"Organization","@id":"https:\/\/teslafm.net\/#organization","name":"TeslaFM","url":"https:\/\/teslafm.net\/","logo":{"@type":"ImageObject","inLanguage":"en-US","@id":"https:\/\/teslafm.net\/#\/schema\/logo\/image\/","url":"https:\/\/teslafm.net\/wp-content\/uploads\/2020\/06\/logo-tesla.png","contentUrl":"https:\/\/teslafm.net\/wp-content\/uploads\/2020\/06\/logo-tesla.png","width":512,"height":512,"caption":"TeslaFM"},"image":{"@id":"https:\/\/teslafm.net\/#\/schema\/logo\/image\/"},"sameAs":["https:\/\/www.facebook.com\/teslafm.net","https:\/\/x.com\/teslafm"]}]}},"rttpg_featured_image_url":null,"rttpg_author":{"display_name":"Ishak","author_link":"https:\/\/teslafm.net\/en\/author\/cravan\/"},"rttpg_comment":0,"rttpg_category":null,"rttpg_excerpt":"Cachichi #40 2 de Junio 2022 \u015ehi\u0e96S\u00eak\u01dfi (\u65b0\u4e16\u754c\u201eNew World\u201c) es un proyecto musical que se centra en sonidos abstractos de ciencia ficci\u00f3n y m\u00fasica electr\u00f3nica que cambia r\u00e1pidamente. Como Shapeshifter de g\u00e9neros, su objetivo es investigar m\u00e1s posibilidades en el arte de pinchar para romper la limitaci\u00f3n de los g\u00e9neros. Como DJ, le gusta pinchar&hellip;","_links":{"self":[{"href":"https:\/\/teslafm.net\/en\/wp-json\/wp\/v2\/pages\/59896","targetHints":{"allow":["GET"]}}],"collection":[{"href":"https:\/\/teslafm.net\/en\/wp-json\/wp\/v2\/pages"}],"about":[{"href":"https:\/\/teslafm.net\/en\/wp-json\/wp\/v2\/types\/page"}],"author":[{"embeddable":true,"href":"https:\/\/teslafm.net\/en\/wp-json\/wp\/v2\/users\/19"}],"replies":[{"embeddable":true,"href":"https:\/\/teslafm.net\/en\/wp-json\/wp\/v2\/comments?post=59896"}],"version-history":[{"count":3,"href":"https:\/\/teslafm.net\/en\/wp-json\/wp\/v2\/pages\/59896\/revisions"}],"predecessor-version":[{"id":60023,"href":"https:\/\/teslafm.net\/en\/wp-json\/wp\/v2\/pages\/59896\/revisions\/60023"}],"wp:attachment":[{"href":"https:\/\/teslafm.net\/en\/wp-json\/wp\/v2\/media?parent=59896"}],"curies":[{"name":"wp","href":"https:\/\/api.w.org\/{rel}","templated":true}]}}