

{"id":59906,"date":"2022-06-07T15:11:25","date_gmt":"2022-06-07T13:11:25","guid":{"rendered":"https:\/\/teslafm.net\/?page_id=59906"},"modified":"2022-06-08T17:19:40","modified_gmt":"2022-06-08T15:19:40","slug":"ananke-38","status":"publish","type":"page","link":"https:\/\/teslafm.net\/en\/ananke-38\/","title":{"rendered":"Anank\u00e9 #38"},"content":{"rendered":"<h2><span style=\"color: #ffffff;\"><strong>Anank\u00e9 Chapter XXXVIII<\/strong><\/span><\/h2>\n<p><span style=\"color: #808080;\"><em>June 2022<\/em><\/span><\/p>\n<p><iframe src=\"https:\/\/www.mixcloud.com\/widget\/iframe\/?hide_cover=1&amp;feed=%2FTeslafm_net%2Fanank%C3%A9-38-jaco%2F\" width=\"100%\" height=\"120\" frameborder=\"0\"><\/iframe><\/p>\n<p><span style=\"color: #808080;\">01. <strong>William Basinski <\/strong>&amp;<strong> Janek Schaefer<\/strong> - ... on reflection (five) - \"... on reflection\" (Temporary Residence, 2022)<\/span><br \/>\n<span style=\"color: #808080;\">02. <strong>Grouper<\/strong> - Call Across Rooms - Ruins (Kranky, 2014)<\/span><br \/>\n<span style=\"color: #808080;\">03. <strong>Broadcast<\/strong> - The Aphid Sleeps - Mother Is the Milky Way (Self-released, 2009\/Warp, 2022)<\/span><br \/>\n<span style=\"color: #808080;\">04. <strong>Svitlana Nianio<\/strong> &amp; <strong>Oleksandr Yurchenko<\/strong> - Untitled 6 - Znayesh Yak? Rozkazhy (Skire, 2017\/2020)<\/span><br \/>\n<span style=\"color: #808080;\">05. <strong>Cerrero and La Marea<\/strong> - Lament (sings <strong>Lizeth Micolta<\/strong>) (Pacific Discs, 2022)<\/span><br \/>\n<span style=\"color: #808080;\">06. <strong>Pan-American<\/strong> - Swimming in a Western Hotel - The Patience Fader (Kranky, 2022)<\/span><br \/>\n<span style=\"color: #808080;\">07. <strong>Vashti Bunyan<\/strong> - Across the Water - Heartleap (FatCat, 2014)<\/span><br \/>\n<span style=\"color: #808080;\">08. <strong>Josephine Foster<\/strong> - Gold Entwine - Godmother (Fire, 2022)<\/span><br \/>\n<span style=\"color: #808080;\">09. <strong>Ethel Cain<\/strong> - Dust Bowl (demo) (Self-published, 2022)<\/span><br \/>\n<span style=\"color: #808080;\">10. <strong>Daniel Rossen<\/strong> - It's a Passage - You Belong There (Warp, 2022)<\/span><br \/>\n<span style=\"color: #808080;\">11. <strong>\u00d3scar Barras<\/strong> - Passing Clouds - The Time of Flowers (Discos Mascarpone, 2022)<\/span><br \/>\n<span style=\"color: #808080;\">12. <strong>\u00d3scar Barras<\/strong> - Wild drift - The time of flowers (Mascarpone Discs, 2022)<\/span><br \/>\n<span style=\"color: #808080;\">13. <strong>The Humble Bee<\/strong> - With Answers - A Miscellany For the Quiet Hours (Cotton Goods, 2009\/Astral Industries, 2021)<\/span><br \/>\n<span style=\"color: #808080;\">14. <strong>H\u00fcma Utku<\/strong> - Fuel for the Flames - The Psychologist (Mego, 2022)<\/span><br \/>\n<span style=\"color: #808080;\">15. <strong>Depeche Mode<\/strong> - Blasphemous Rumours - Some Great Reward (Mute, 1984)<\/span><\/p>","protected":false},"excerpt":{"rendered":"<p>Anank\u00e9 Cap\u00edtulo XXXVIII Junio 2022 01. William Basinski &amp; Janek Schaefer &#8211; \u2026 on reflection (five) &#8211; \u201c&#8230; on reflection\u201d (Temporary Residence, 2022) 02. Grouper &#8211; Call Across Rooms &#8211; Ruins (Kranky, 2014) 03. Broadcast &#8211; The Aphid Sleeps &#8211; Mother Is the Milky Way (Autoeditado, 2009\/Warp, 2022) 04. Svitlana Nianio &amp; Oleksandr Yurchenko &#8211; [&hellip;]<\/p>\n","protected":false},"author":19,"featured_media":0,"parent":0,"menu_order":0,"comment_status":"closed","ping_status":"closed","template":"","meta":{"footnotes":""},"class_list":["post-59906","page","type-page","status-publish","hentry"],"yoast_head":"<!-- This site is optimized with the Yoast SEO plugin v27.4 - https:\/\/yoast.com\/product\/yoast-seo-wordpress\/ -->\n<title>Anank\u00e9 #38 -<\/title>\n<meta name=\"robots\" content=\"index, follow, max-snippet:-1, max-image-preview:large, max-video-preview:-1\" \/>\n<link rel=\"canonical\" href=\"https:\/\/teslafm.net\/en\/ananke-38\/\" \/>\n<meta property=\"og:locale\" content=\"en_US\" \/>\n<meta property=\"og:type\" content=\"article\" \/>\n<meta property=\"og:title\" content=\"Anank\u00e9 #38 -\" \/>\n<meta property=\"og:description\" content=\"Anank\u00e9 Cap\u00edtulo XXXVIII Junio 2022 01. William Basinski &amp; Janek Schaefer &#8211; \u2026 on reflection (five) &#8211; \u201c&#8230; on reflection\u201d (Temporary Residence, 2022) 02. Grouper &#8211; Call Across Rooms &#8211; Ruins (Kranky, 2014) 03. Broadcast &#8211; The Aphid Sleeps &#8211; Mother Is the Milky Way (Autoeditado, 2009\/Warp, 2022) 04. Svitlana Nianio &amp; Oleksandr Yurchenko &#8211; [&hellip;]\" \/>\n<meta property=\"og:url\" content=\"https:\/\/teslafm.net\/en\/ananke-38\/\" \/>\n<meta property=\"article:publisher\" content=\"https:\/\/www.facebook.com\/teslafm.net\" \/>\n<meta property=\"article:modified_time\" content=\"2022-06-08T15:19:40+00:00\" \/>\n<meta property=\"og:image\" content=\"https:\/\/teslafm.net\/wp-content\/uploads\/2022\/09\/header-image-4-temp.png\" \/>\n\t<meta property=\"og:image:width\" content=\"1274\" \/>\n\t<meta property=\"og:image:height\" content=\"818\" \/>\n\t<meta property=\"og:image:type\" content=\"image\/png\" \/>\n<meta name=\"twitter:card\" content=\"summary_large_image\" \/>\n<meta name=\"twitter:site\" content=\"@teslafm\" \/>\n<meta name=\"twitter:label1\" content=\"Est. reading time\" \/>\n\t<meta name=\"twitter:data1\" content=\"1 minute\" \/>\n<script type=\"application\/ld+json\" class=\"yoast-schema-graph\">{\"@context\":\"https:\\\/\\\/schema.org\",\"@graph\":[{\"@type\":\"WebPage\",\"@id\":\"https:\\\/\\\/teslafm.net\\\/ananke-38\\\/\",\"url\":\"https:\\\/\\\/teslafm.net\\\/ananke-38\\\/\",\"name\":\"Anank\u00e9 #38 -\",\"isPartOf\":{\"@id\":\"https:\\\/\\\/teslafm.net\\\/#website\"},\"datePublished\":\"2022-06-07T13:11:25+00:00\",\"dateModified\":\"2022-06-08T15:19:40+00:00\",\"breadcrumb\":{\"@id\":\"https:\\\/\\\/teslafm.net\\\/ananke-38\\\/#breadcrumb\"},\"inLanguage\":\"en-US\",\"potentialAction\":[{\"@type\":\"ReadAction\",\"target\":[\"https:\\\/\\\/teslafm.net\\\/ananke-38\\\/\"]}]},{\"@type\":\"BreadcrumbList\",\"@id\":\"https:\\\/\\\/teslafm.net\\\/ananke-38\\\/#breadcrumb\",\"itemListElement\":[{\"@type\":\"ListItem\",\"position\":1,\"name\":\"Portada\",\"item\":\"https:\\\/\\\/teslafm.net\\\/\"},{\"@type\":\"ListItem\",\"position\":2,\"name\":\"Anank\u00e9 #38\"}]},{\"@type\":\"WebSite\",\"@id\":\"https:\\\/\\\/teslafm.net\\\/#website\",\"url\":\"https:\\\/\\\/teslafm.net\\\/\",\"name\":\"TeslaFM\",\"description\":\"An experimental and creative radio\",\"publisher\":{\"@id\":\"https:\\\/\\\/teslafm.net\\\/#organization\"},\"potentialAction\":[{\"@type\":\"SearchAction\",\"target\":{\"@type\":\"EntryPoint\",\"urlTemplate\":\"https:\\\/\\\/teslafm.net\\\/?s={search_term_string}\"},\"query-input\":{\"@type\":\"PropertyValueSpecification\",\"valueRequired\":true,\"valueName\":\"search_term_string\"}}],\"inLanguage\":\"en-US\"},{\"@type\":\"Organization\",\"@id\":\"https:\\\/\\\/teslafm.net\\\/#organization\",\"name\":\"TeslaFM\",\"url\":\"https:\\\/\\\/teslafm.net\\\/\",\"logo\":{\"@type\":\"ImageObject\",\"inLanguage\":\"en-US\",\"@id\":\"https:\\\/\\\/teslafm.net\\\/#\\\/schema\\\/logo\\\/image\\\/\",\"url\":\"https:\\\/\\\/teslafm.net\\\/wp-content\\\/uploads\\\/2020\\\/06\\\/logo-tesla.png\",\"contentUrl\":\"https:\\\/\\\/teslafm.net\\\/wp-content\\\/uploads\\\/2020\\\/06\\\/logo-tesla.png\",\"width\":512,\"height\":512,\"caption\":\"TeslaFM\"},\"image\":{\"@id\":\"https:\\\/\\\/teslafm.net\\\/#\\\/schema\\\/logo\\\/image\\\/\"},\"sameAs\":[\"https:\\\/\\\/www.facebook.com\\\/teslafm.net\",\"https:\\\/\\\/x.com\\\/teslafm\"]}]}<\/script>\n<!-- \/ Yoast SEO plugin. -->","yoast_head_json":{"title":"Anank\u00e9 #38 -","robots":{"index":"index","follow":"follow","max-snippet":"max-snippet:-1","max-image-preview":"max-image-preview:large","max-video-preview":"max-video-preview:-1"},"canonical":"https:\/\/teslafm.net\/en\/ananke-38\/","og_locale":"en_US","og_type":"article","og_title":"Anank\u00e9 #38 -","og_description":"Anank\u00e9 Cap\u00edtulo XXXVIII Junio 2022 01. William Basinski &amp; Janek Schaefer &#8211; \u2026 on reflection (five) &#8211; \u201c&#8230; on reflection\u201d (Temporary Residence, 2022) 02. Grouper &#8211; Call Across Rooms &#8211; Ruins (Kranky, 2014) 03. Broadcast &#8211; The Aphid Sleeps &#8211; Mother Is the Milky Way (Autoeditado, 2009\/Warp, 2022) 04. Svitlana Nianio &amp; Oleksandr Yurchenko &#8211; [&hellip;]","og_url":"https:\/\/teslafm.net\/en\/ananke-38\/","article_publisher":"https:\/\/www.facebook.com\/teslafm.net","article_modified_time":"2022-06-08T15:19:40+00:00","og_image":[{"width":1274,"height":818,"url":"https:\/\/teslafm.net\/wp-content\/uploads\/2022\/09\/header-image-4-temp.png","type":"image\/png"}],"twitter_card":"summary_large_image","twitter_site":"@teslafm","twitter_misc":{"Est. reading time":"1 minute"},"schema":{"@context":"https:\/\/schema.org","@graph":[{"@type":"WebPage","@id":"https:\/\/teslafm.net\/ananke-38\/","url":"https:\/\/teslafm.net\/ananke-38\/","name":"Anank\u00e9 #38 -","isPartOf":{"@id":"https:\/\/teslafm.net\/#website"},"datePublished":"2022-06-07T13:11:25+00:00","dateModified":"2022-06-08T15:19:40+00:00","breadcrumb":{"@id":"https:\/\/teslafm.net\/ananke-38\/#breadcrumb"},"inLanguage":"en-US","potentialAction":[{"@type":"ReadAction","target":["https:\/\/teslafm.net\/ananke-38\/"]}]},{"@type":"BreadcrumbList","@id":"https:\/\/teslafm.net\/ananke-38\/#breadcrumb","itemListElement":[{"@type":"ListItem","position":1,"name":"Portada","item":"https:\/\/teslafm.net\/"},{"@type":"ListItem","position":2,"name":"Anank\u00e9 #38"}]},{"@type":"WebSite","@id":"https:\/\/teslafm.net\/#website","url":"https:\/\/teslafm.net\/","name":"TeslaFM","description":"An experimental and creative radio","publisher":{"@id":"https:\/\/teslafm.net\/#organization"},"potentialAction":[{"@type":"SearchAction","target":{"@type":"EntryPoint","urlTemplate":"https:\/\/teslafm.net\/?s={search_term_string}"},"query-input":{"@type":"PropertyValueSpecification","valueRequired":true,"valueName":"search_term_string"}}],"inLanguage":"en-US"},{"@type":"Organization","@id":"https:\/\/teslafm.net\/#organization","name":"TeslaFM","url":"https:\/\/teslafm.net\/","logo":{"@type":"ImageObject","inLanguage":"en-US","@id":"https:\/\/teslafm.net\/#\/schema\/logo\/image\/","url":"https:\/\/teslafm.net\/wp-content\/uploads\/2020\/06\/logo-tesla.png","contentUrl":"https:\/\/teslafm.net\/wp-content\/uploads\/2020\/06\/logo-tesla.png","width":512,"height":512,"caption":"TeslaFM"},"image":{"@id":"https:\/\/teslafm.net\/#\/schema\/logo\/image\/"},"sameAs":["https:\/\/www.facebook.com\/teslafm.net","https:\/\/x.com\/teslafm"]}]}},"rttpg_featured_image_url":null,"rttpg_author":{"display_name":"Ishak","author_link":"https:\/\/teslafm.net\/en\/author\/cravan\/"},"rttpg_comment":0,"rttpg_category":null,"rttpg_excerpt":"Anank\u00e9 Cap\u00edtulo XXXVIII Junio 2022 01. William Basinski &amp; Janek Schaefer &#8211; \u2026 on reflection (five) &#8211; \u201c&#8230; on reflection\u201d (Temporary Residence, 2022) 02. Grouper &#8211; Call Across Rooms &#8211; Ruins (Kranky, 2014) 03. Broadcast &#8211; The Aphid Sleeps &#8211; Mother Is the Milky Way (Autoeditado, 2009\/Warp, 2022) 04. Svitlana Nianio &amp; Oleksandr Yurchenko &#8211;&hellip;","_links":{"self":[{"href":"https:\/\/teslafm.net\/en\/wp-json\/wp\/v2\/pages\/59906","targetHints":{"allow":["GET"]}}],"collection":[{"href":"https:\/\/teslafm.net\/en\/wp-json\/wp\/v2\/pages"}],"about":[{"href":"https:\/\/teslafm.net\/en\/wp-json\/wp\/v2\/types\/page"}],"author":[{"embeddable":true,"href":"https:\/\/teslafm.net\/en\/wp-json\/wp\/v2\/users\/19"}],"replies":[{"embeddable":true,"href":"https:\/\/teslafm.net\/en\/wp-json\/wp\/v2\/comments?post=59906"}],"version-history":[{"count":4,"href":"https:\/\/teslafm.net\/en\/wp-json\/wp\/v2\/pages\/59906\/revisions"}],"predecessor-version":[{"id":59914,"href":"https:\/\/teslafm.net\/en\/wp-json\/wp\/v2\/pages\/59906\/revisions\/59914"}],"wp:attachment":[{"href":"https:\/\/teslafm.net\/en\/wp-json\/wp\/v2\/media?parent=59906"}],"curies":[{"name":"wp","href":"https:\/\/api.w.org\/{rel}","templated":true}]}}