

{"id":59915,"date":"2022-06-08T17:26:49","date_gmt":"2022-06-08T15:26:49","guid":{"rendered":"https:\/\/teslafm.net\/?page_id=59915"},"modified":"2022-06-08T17:28:20","modified_gmt":"2022-06-08T15:28:20","slug":"voces-muertas-3","status":"publish","type":"page","link":"https:\/\/teslafm.net\/en\/voces-muertas-3\/","title":{"rendered":"Dead Voices #3"},"content":{"rendered":"<div data-elementor-type=\"wp-page\" data-elementor-id=\"59915\" class=\"elementor elementor-59915\">\n\t\t\t\t\t\t<section class=\"elementor-section elementor-top-section elementor-element elementor-element-722e2c54 elementor-section-boxed elementor-section-height-default elementor-section-height-default\" data-id=\"722e2c54\" data-element_type=\"section\" data-e-type=\"section\">\n\t\t\t\t\t\t<div class=\"elementor-container elementor-column-gap-default\">\n\t\t\t\t\t<div class=\"elementor-column elementor-col-100 elementor-top-column elementor-element elementor-element-3e2176c9\" data-id=\"3e2176c9\" data-element_type=\"column\" data-e-type=\"column\">\n\t\t\t<div class=\"elementor-widget-wrap elementor-element-populated\">\n\t\t\t\t\t\t<div class=\"elementor-element elementor-element-59b72b87 elementor-widget elementor-widget-text-editor\" data-id=\"59b72b87\" data-element_type=\"widget\" data-e-type=\"widget\" data-widget_type=\"text-editor.default\">\n\t\t\t\t<div class=\"elementor-widget-container\">\n\t\t\t\t\t\t\t\t\t<h2><span style=\"color: #ffffff;\"><strong>Dead Voices #3<\/strong><\/span><\/h2>\r\n<p align=\"justify\"><span style=\"color: #808080;\"><em>N 40\u00ba 24'22.765\u2033 O 3\u00ba 42\u2032 10.999\u2033 O 3\u00ba 42\u2032 10.999\u2033.<\/em><\/span><\/p>\r\n<iframe src=\"https:\/\/www.mixcloud.com\/widget\/iframe\/?hide_cover=1&amp;feed=%2FTeslafm_net%2Fvoces-muertas-3-jose-tena%2F\" width=\"100%\" height=\"120\" frameborder=\"0\"><\/iframe>\r\n\r\n&nbsp;\t\t\t\t\t\t\t\t<\/div>\n\t\t\t\t<\/div>\n\t\t\t\t\t<\/div>\n\t\t<\/div>\n\t\t\t\t\t<\/div>\n\t\t<\/section>\n\t\t\t\t<section class=\"elementor-section elementor-top-section elementor-element elementor-element-abcdcb3 elementor-section-boxed elementor-section-height-default elementor-section-height-default\" data-id=\"abcdcb3\" data-element_type=\"section\" data-e-type=\"section\">\n\t\t\t\t\t\t<div class=\"elementor-container elementor-column-gap-default\">\n\t\t\t\t\t<div class=\"elementor-column elementor-col-50 elementor-top-column elementor-element elementor-element-48fba9e\" data-id=\"48fba9e\" data-element_type=\"column\" data-e-type=\"column\">\n\t\t\t<div class=\"elementor-widget-wrap elementor-element-populated\">\n\t\t\t\t\t\t<div class=\"elementor-element elementor-element-d115fdf elementor-widget elementor-widget-image\" data-id=\"d115fdf\" data-element_type=\"widget\" data-e-type=\"widget\" data-widget_type=\"image.default\">\n\t\t\t\t<div class=\"elementor-widget-container\">\n\t\t\t\t\t\t\t\t\t\t\t\t\t\t\t<img fetchpriority=\"high\" decoding=\"async\" width=\"995\" height=\"589\" src=\"https:\/\/teslafm.net\/wp-content\/uploads\/2022\/06\/cigarreras_1930-16.jpeg\" class=\"attachment-large size-large wp-image-59917\" alt=\"\" srcset=\"https:\/\/teslafm.net\/wp-content\/uploads\/2022\/06\/cigarreras_1930-16.jpeg 995w, https:\/\/teslafm.net\/wp-content\/uploads\/2022\/06\/cigarreras_1930-16-300x178.jpeg 300w, https:\/\/teslafm.net\/wp-content\/uploads\/2022\/06\/cigarreras_1930-16-768x455.jpeg 768w\" sizes=\"(max-width: 995px) 100vw, 995px\" \/>\t\t\t\t\t\t\t\t\t\t\t\t\t\t\t<\/div>\n\t\t\t\t<\/div>\n\t\t\t\t\t<\/div>\n\t\t<\/div>\n\t\t\t\t<div class=\"elementor-column elementor-col-50 elementor-top-column elementor-element elementor-element-33d30a7\" data-id=\"33d30a7\" data-element_type=\"column\" data-e-type=\"column\">\n\t\t\t<div class=\"elementor-widget-wrap elementor-element-populated\">\n\t\t\t\t\t\t<div class=\"elementor-element elementor-element-443266f elementor-widget elementor-widget-text-editor\" data-id=\"443266f\" data-element_type=\"widget\" data-e-type=\"widget\" data-widget_type=\"text-editor.default\">\n\t\t\t\t<div class=\"elementor-widget-container\">\n\t\t\t\t\t\t\t\t\t<p align=\"justify\"><span style=\"color: #808080;\">Cigarette makers were workers at the <strong>Royal Tobacco Factory<\/strong> in Madrid's Lavapi\u00e9s district. When their work was undermined by the introduction of machinery, by ever-longer working hours and by ever-increasing production demands in the face of ever-lower wages, they took to the streets, staging numerous riots and strikes, becoming pioneers of the workers' struggle.<\/span><\/p>\t\t\t\t\t\t\t\t<\/div>\n\t\t\t\t<\/div>\n\t\t\t\t\t<\/div>\n\t\t<\/div>\n\t\t\t\t\t<\/div>\n\t\t<\/section>\n\t\t\t\t<\/div>","protected":false},"excerpt":{"rendered":"<p>Voces Muertas #3 N 40\u00ba 24&#8217;22.765&#8243; O 3\u00ba 42&#8242; 10.999&#8243; &nbsp; Las cigarreras fueron obreras de la Real F\u00e1brica de Tabacos de Madrid en el barrio de Lavapi\u00e9s. Cuando vieron amernazado su trabajo por la introducci\u00f3n de la maqu inaria, por jornada s cada vez m\u00e1s largas y por unas exigencias de producci\u00f3n cada vez [&hellip;]<\/p>\n","protected":false},"author":19,"featured_media":0,"parent":0,"menu_order":0,"comment_status":"closed","ping_status":"closed","template":"","meta":{"footnotes":""},"class_list":["post-59915","page","type-page","status-publish","hentry"],"yoast_head":"<!-- This site is optimized with the Yoast SEO plugin v27.4 - https:\/\/yoast.com\/product\/yoast-seo-wordpress\/ -->\n<title>Voces Muertas #3 -<\/title>\n<meta name=\"robots\" content=\"index, follow, max-snippet:-1, max-image-preview:large, max-video-preview:-1\" \/>\n<link rel=\"canonical\" href=\"https:\/\/teslafm.net\/en\/voces-muertas-3\/\" \/>\n<meta property=\"og:locale\" content=\"en_US\" \/>\n<meta property=\"og:type\" content=\"article\" \/>\n<meta property=\"og:title\" content=\"Voces Muertas #3 -\" \/>\n<meta property=\"og:description\" content=\"Voces Muertas #3 N 40\u00ba 24&#8217;22.765&#8243; O 3\u00ba 42&#8242; 10.999&#8243; &nbsp; Las cigarreras fueron obreras de la Real F\u00e1brica de Tabacos de Madrid en el barrio de Lavapi\u00e9s. Cuando vieron amernazado su trabajo por la introducci\u00f3n de la maqu inaria, por jornada s cada vez m\u00e1s largas y por unas exigencias de producci\u00f3n cada vez [&hellip;]\" \/>\n<meta property=\"og:url\" content=\"https:\/\/teslafm.net\/en\/voces-muertas-3\/\" \/>\n<meta property=\"article:publisher\" content=\"https:\/\/www.facebook.com\/teslafm.net\" \/>\n<meta property=\"article:modified_time\" content=\"2022-06-08T15:28:20+00:00\" \/>\n<meta property=\"og:image\" content=\"https:\/\/teslafm.net\/wp-content\/uploads\/2022\/06\/cigarreras_1930-16.jpeg\" \/>\n<meta name=\"twitter:card\" content=\"summary_large_image\" \/>\n<meta name=\"twitter:site\" content=\"@teslafm\" \/>\n<meta name=\"twitter:label1\" content=\"Est. reading time\" \/>\n\t<meta name=\"twitter:data1\" content=\"1 minute\" \/>\n<script type=\"application\/ld+json\" class=\"yoast-schema-graph\">{\"@context\":\"https:\\\/\\\/schema.org\",\"@graph\":[{\"@type\":\"WebPage\",\"@id\":\"https:\\\/\\\/teslafm.net\\\/voces-muertas-3\\\/\",\"url\":\"https:\\\/\\\/teslafm.net\\\/voces-muertas-3\\\/\",\"name\":\"Voces Muertas #3 -\",\"isPartOf\":{\"@id\":\"https:\\\/\\\/teslafm.net\\\/#website\"},\"primaryImageOfPage\":{\"@id\":\"https:\\\/\\\/teslafm.net\\\/voces-muertas-3\\\/#primaryimage\"},\"image\":{\"@id\":\"https:\\\/\\\/teslafm.net\\\/voces-muertas-3\\\/#primaryimage\"},\"thumbnailUrl\":\"https:\\\/\\\/teslafm.net\\\/wp-content\\\/uploads\\\/2022\\\/06\\\/cigarreras_1930-16.jpeg\",\"datePublished\":\"2022-06-08T15:26:49+00:00\",\"dateModified\":\"2022-06-08T15:28:20+00:00\",\"breadcrumb\":{\"@id\":\"https:\\\/\\\/teslafm.net\\\/voces-muertas-3\\\/#breadcrumb\"},\"inLanguage\":\"en-US\",\"potentialAction\":[{\"@type\":\"ReadAction\",\"target\":[\"https:\\\/\\\/teslafm.net\\\/voces-muertas-3\\\/\"]}]},{\"@type\":\"ImageObject\",\"inLanguage\":\"en-US\",\"@id\":\"https:\\\/\\\/teslafm.net\\\/voces-muertas-3\\\/#primaryimage\",\"url\":\"https:\\\/\\\/teslafm.net\\\/wp-content\\\/uploads\\\/2022\\\/06\\\/cigarreras_1930-16.jpeg\",\"contentUrl\":\"https:\\\/\\\/teslafm.net\\\/wp-content\\\/uploads\\\/2022\\\/06\\\/cigarreras_1930-16.jpeg\"},{\"@type\":\"BreadcrumbList\",\"@id\":\"https:\\\/\\\/teslafm.net\\\/voces-muertas-3\\\/#breadcrumb\",\"itemListElement\":[{\"@type\":\"ListItem\",\"position\":1,\"name\":\"Portada\",\"item\":\"https:\\\/\\\/teslafm.net\\\/\"},{\"@type\":\"ListItem\",\"position\":2,\"name\":\"Voces Muertas #3\"}]},{\"@type\":\"WebSite\",\"@id\":\"https:\\\/\\\/teslafm.net\\\/#website\",\"url\":\"https:\\\/\\\/teslafm.net\\\/\",\"name\":\"TeslaFM\",\"description\":\"An experimental and creative radio\",\"publisher\":{\"@id\":\"https:\\\/\\\/teslafm.net\\\/#organization\"},\"potentialAction\":[{\"@type\":\"SearchAction\",\"target\":{\"@type\":\"EntryPoint\",\"urlTemplate\":\"https:\\\/\\\/teslafm.net\\\/?s={search_term_string}\"},\"query-input\":{\"@type\":\"PropertyValueSpecification\",\"valueRequired\":true,\"valueName\":\"search_term_string\"}}],\"inLanguage\":\"en-US\"},{\"@type\":\"Organization\",\"@id\":\"https:\\\/\\\/teslafm.net\\\/#organization\",\"name\":\"TeslaFM\",\"url\":\"https:\\\/\\\/teslafm.net\\\/\",\"logo\":{\"@type\":\"ImageObject\",\"inLanguage\":\"en-US\",\"@id\":\"https:\\\/\\\/teslafm.net\\\/#\\\/schema\\\/logo\\\/image\\\/\",\"url\":\"https:\\\/\\\/teslafm.net\\\/wp-content\\\/uploads\\\/2020\\\/06\\\/logo-tesla.png\",\"contentUrl\":\"https:\\\/\\\/teslafm.net\\\/wp-content\\\/uploads\\\/2020\\\/06\\\/logo-tesla.png\",\"width\":512,\"height\":512,\"caption\":\"TeslaFM\"},\"image\":{\"@id\":\"https:\\\/\\\/teslafm.net\\\/#\\\/schema\\\/logo\\\/image\\\/\"},\"sameAs\":[\"https:\\\/\\\/www.facebook.com\\\/teslafm.net\",\"https:\\\/\\\/x.com\\\/teslafm\"]}]}<\/script>\n<!-- \/ Yoast SEO plugin. -->","yoast_head_json":{"title":"Dead Voices #3 -","robots":{"index":"index","follow":"follow","max-snippet":"max-snippet:-1","max-image-preview":"max-image-preview:large","max-video-preview":"max-video-preview:-1"},"canonical":"https:\/\/teslafm.net\/en\/voces-muertas-3\/","og_locale":"en_US","og_type":"article","og_title":"Voces Muertas #3 -","og_description":"Voces Muertas #3 N 40\u00ba 24&#8217;22.765&#8243; O 3\u00ba 42&#8242; 10.999&#8243; &nbsp; Las cigarreras fueron obreras de la Real F\u00e1brica de Tabacos de Madrid en el barrio de Lavapi\u00e9s. Cuando vieron amernazado su trabajo por la introducci\u00f3n de la maqu inaria, por jornada s cada vez m\u00e1s largas y por unas exigencias de producci\u00f3n cada vez [&hellip;]","og_url":"https:\/\/teslafm.net\/en\/voces-muertas-3\/","article_publisher":"https:\/\/www.facebook.com\/teslafm.net","article_modified_time":"2022-06-08T15:28:20+00:00","og_image":[{"url":"https:\/\/teslafm.net\/wp-content\/uploads\/2022\/06\/cigarreras_1930-16.jpeg","type":"","width":"","height":""}],"twitter_card":"summary_large_image","twitter_site":"@teslafm","twitter_misc":{"Est. reading time":"1 minute"},"schema":{"@context":"https:\/\/schema.org","@graph":[{"@type":"WebPage","@id":"https:\/\/teslafm.net\/voces-muertas-3\/","url":"https:\/\/teslafm.net\/voces-muertas-3\/","name":"Dead Voices #3 -","isPartOf":{"@id":"https:\/\/teslafm.net\/#website"},"primaryImageOfPage":{"@id":"https:\/\/teslafm.net\/voces-muertas-3\/#primaryimage"},"image":{"@id":"https:\/\/teslafm.net\/voces-muertas-3\/#primaryimage"},"thumbnailUrl":"https:\/\/teslafm.net\/wp-content\/uploads\/2022\/06\/cigarreras_1930-16.jpeg","datePublished":"2022-06-08T15:26:49+00:00","dateModified":"2022-06-08T15:28:20+00:00","breadcrumb":{"@id":"https:\/\/teslafm.net\/voces-muertas-3\/#breadcrumb"},"inLanguage":"en-US","potentialAction":[{"@type":"ReadAction","target":["https:\/\/teslafm.net\/voces-muertas-3\/"]}]},{"@type":"ImageObject","inLanguage":"en-US","@id":"https:\/\/teslafm.net\/voces-muertas-3\/#primaryimage","url":"https:\/\/teslafm.net\/wp-content\/uploads\/2022\/06\/cigarreras_1930-16.jpeg","contentUrl":"https:\/\/teslafm.net\/wp-content\/uploads\/2022\/06\/cigarreras_1930-16.jpeg"},{"@type":"BreadcrumbList","@id":"https:\/\/teslafm.net\/voces-muertas-3\/#breadcrumb","itemListElement":[{"@type":"ListItem","position":1,"name":"Portada","item":"https:\/\/teslafm.net\/"},{"@type":"ListItem","position":2,"name":"Voces Muertas #3"}]},{"@type":"WebSite","@id":"https:\/\/teslafm.net\/#website","url":"https:\/\/teslafm.net\/","name":"TeslaFM","description":"An experimental and creative radio","publisher":{"@id":"https:\/\/teslafm.net\/#organization"},"potentialAction":[{"@type":"SearchAction","target":{"@type":"EntryPoint","urlTemplate":"https:\/\/teslafm.net\/?s={search_term_string}"},"query-input":{"@type":"PropertyValueSpecification","valueRequired":true,"valueName":"search_term_string"}}],"inLanguage":"en-US"},{"@type":"Organization","@id":"https:\/\/teslafm.net\/#organization","name":"TeslaFM","url":"https:\/\/teslafm.net\/","logo":{"@type":"ImageObject","inLanguage":"en-US","@id":"https:\/\/teslafm.net\/#\/schema\/logo\/image\/","url":"https:\/\/teslafm.net\/wp-content\/uploads\/2020\/06\/logo-tesla.png","contentUrl":"https:\/\/teslafm.net\/wp-content\/uploads\/2020\/06\/logo-tesla.png","width":512,"height":512,"caption":"TeslaFM"},"image":{"@id":"https:\/\/teslafm.net\/#\/schema\/logo\/image\/"},"sameAs":["https:\/\/www.facebook.com\/teslafm.net","https:\/\/x.com\/teslafm"]}]}},"rttpg_featured_image_url":null,"rttpg_author":{"display_name":"Ishak","author_link":"https:\/\/teslafm.net\/en\/author\/cravan\/"},"rttpg_comment":0,"rttpg_category":null,"rttpg_excerpt":"Voces Muertas #3 N 40\u00ba 24&#8217;22.765&#8243; O 3\u00ba 42&#8242; 10.999&#8243; &nbsp; Las cigarreras fueron obreras de la Real F\u00e1brica de Tabacos de Madrid en el barrio de Lavapi\u00e9s. Cuando vieron amernazado su trabajo por la introducci\u00f3n de la maqu inaria, por jornada s cada vez m\u00e1s largas y por unas exigencias de producci\u00f3n cada vez&hellip;","_links":{"self":[{"href":"https:\/\/teslafm.net\/en\/wp-json\/wp\/v2\/pages\/59915","targetHints":{"allow":["GET"]}}],"collection":[{"href":"https:\/\/teslafm.net\/en\/wp-json\/wp\/v2\/pages"}],"about":[{"href":"https:\/\/teslafm.net\/en\/wp-json\/wp\/v2\/types\/page"}],"author":[{"embeddable":true,"href":"https:\/\/teslafm.net\/en\/wp-json\/wp\/v2\/users\/19"}],"replies":[{"embeddable":true,"href":"https:\/\/teslafm.net\/en\/wp-json\/wp\/v2\/comments?post=59915"}],"version-history":[{"count":2,"href":"https:\/\/teslafm.net\/en\/wp-json\/wp\/v2\/pages\/59915\/revisions"}],"predecessor-version":[{"id":59918,"href":"https:\/\/teslafm.net\/en\/wp-json\/wp\/v2\/pages\/59915\/revisions\/59918"}],"wp:attachment":[{"href":"https:\/\/teslafm.net\/en\/wp-json\/wp\/v2\/media?parent=59915"}],"curies":[{"name":"wp","href":"https:\/\/api.w.org\/{rel}","templated":true}]}}