

{"id":59951,"date":"2022-06-15T17:53:14","date_gmt":"2022-06-15T15:53:14","guid":{"rendered":"https:\/\/teslafm.net\/?page_id=59951"},"modified":"2022-12-07T14:06:05","modified_gmt":"2022-12-07T13:06:05","slug":"luna-llena-21","status":"publish","type":"page","link":"https:\/\/teslafm.net\/en\/luna-llena-21\/","title":{"rendered":"Full Moon #21"},"content":{"rendered":"<div data-elementor-type=\"wp-page\" data-elementor-id=\"59951\" class=\"elementor elementor-59951\">\n\t\t\t\t\t\t<section class=\"elementor-section elementor-top-section elementor-element elementor-element-aa3ba29 elementor-section-boxed elementor-section-height-default elementor-section-height-default\" data-id=\"aa3ba29\" data-element_type=\"section\" data-e-type=\"section\">\n\t\t\t\t\t\t<div class=\"elementor-container elementor-column-gap-default\">\n\t\t\t\t\t<div class=\"elementor-column elementor-col-100 elementor-top-column elementor-element elementor-element-d3f99f7\" data-id=\"d3f99f7\" data-element_type=\"column\" data-e-type=\"column\">\n\t\t\t<div class=\"elementor-widget-wrap elementor-element-populated\">\n\t\t\t\t\t\t<div class=\"elementor-element elementor-element-4155a6b2 elementor-widget elementor-widget-text-editor\" data-id=\"4155a6b2\" data-element_type=\"widget\" data-e-type=\"widget\" data-widget_type=\"text-editor.default\">\n\t\t\t\t<div class=\"elementor-widget-container\">\n\t\t\t\t\t\t\t\t\t<h2><span style=\"color: #ffffff;\"><strong>Full Moon #21<\/strong><\/span><\/h2><p><span style=\"color: #808080;\"><em>The moon of Verne and M\u00e9li\u00e8s<\/em><\/span><\/p><p><iframe src=\"https:\/\/www.mixcloud.com\/widget\/iframe\/?hide_cover=1&amp;feed=%2FTeslafm_net%2Fluna-llena-21-la-luna-de-verne-y-m%C3%A9li%C3%A8s%2F\" width=\"100%\" height=\"120\" frameborder=\"0\"><\/iframe><\/p>\t\t\t\t\t\t\t\t<\/div>\n\t\t\t\t<\/div>\n\t\t\t\t\t<\/div>\n\t\t<\/div>\n\t\t\t\t\t<\/div>\n\t\t<\/section>\n\t\t\t\t<section class=\"elementor-section elementor-top-section elementor-element elementor-element-1a8046e elementor-section-boxed elementor-section-height-default elementor-section-height-default\" data-id=\"1a8046e\" data-element_type=\"section\" data-e-type=\"section\">\n\t\t\t\t\t\t<div class=\"elementor-container elementor-column-gap-default\">\n\t\t\t\t\t<div class=\"elementor-column elementor-col-50 elementor-top-column elementor-element elementor-element-bc99c40\" data-id=\"bc99c40\" data-element_type=\"column\" data-e-type=\"column\">\n\t\t\t<div class=\"elementor-widget-wrap elementor-element-populated\">\n\t\t\t\t\t\t<div class=\"elementor-element elementor-element-0b75a8f elementor-widget elementor-widget-image\" data-id=\"0b75a8f\" data-element_type=\"widget\" data-e-type=\"widget\" data-widget_type=\"image.default\">\n\t\t\t\t<div class=\"elementor-widget-container\">\n\t\t\t\t\t\t\t\t\t\t\t\t\t\t\t<img fetchpriority=\"high\" decoding=\"async\" width=\"1000\" height=\"1000\" src=\"https:\/\/teslafm.net\/wp-content\/uploads\/2022\/06\/verne-y-melies.jpg\" class=\"attachment-large size-large wp-image-59956\" alt=\"\" srcset=\"https:\/\/teslafm.net\/wp-content\/uploads\/2022\/06\/verne-y-melies.jpg 1000w, https:\/\/teslafm.net\/wp-content\/uploads\/2022\/06\/verne-y-melies-300x300.jpg 300w, https:\/\/teslafm.net\/wp-content\/uploads\/2022\/06\/verne-y-melies-150x150.jpg 150w, https:\/\/teslafm.net\/wp-content\/uploads\/2022\/06\/verne-y-melies-768x768.jpg 768w\" sizes=\"(max-width: 1000px) 100vw, 1000px\" \/>\t\t\t\t\t\t\t\t\t\t\t\t\t\t\t<\/div>\n\t\t\t\t<\/div>\n\t\t\t\t<div class=\"elementor-element elementor-element-e0588d8 elementor-widget elementor-widget-text-editor\" data-id=\"e0588d8\" data-element_type=\"widget\" data-e-type=\"widget\" data-widget_type=\"text-editor.default\">\n\t\t\t\t<div class=\"elementor-widget-container\">\n\t\t\t\t\t\t\t\t\t<p><span style=\"color: #808080;\">Photo credits<\/span><\/p><p><span style=\"color: #808080;\">J. Verne: <strong>Roger Viollet<\/strong><\/span><br \/><span style=\"color: #808080;\">G. M\u00e9li\u00e8s: <strong>Getty images \/ Hulton Archive<\/strong><\/span><\/p><p><span style=\"color: #808080;\">Produced by <strong>Ishak Benavides<\/strong><\/span><\/p>\t\t\t\t\t\t\t\t<\/div>\n\t\t\t\t<\/div>\n\t\t\t\t\t<\/div>\n\t\t<\/div>\n\t\t\t\t<div class=\"elementor-column elementor-col-50 elementor-top-column elementor-element elementor-element-244be01\" data-id=\"244be01\" data-element_type=\"column\" data-e-type=\"column\">\n\t\t\t<div class=\"elementor-widget-wrap elementor-element-populated\">\n\t\t\t\t\t\t<div class=\"elementor-element elementor-element-b782573 elementor-widget elementor-widget-text-editor\" data-id=\"b782573\" data-element_type=\"widget\" data-e-type=\"widget\" data-widget_type=\"text-editor.default\">\n\t\t\t\t<div class=\"elementor-widget-container\">\n\t\t\t\t\t\t\t\t\t<p><span style=\"color: #808080;\"><em>The moon of Verne and M\u00e9li\u00e8s<\/em><\/span><\/p><p><span style=\"color: #808080;\">Today, on a full moon, we pay tribute to two great French visionaries, one inspired by the other and the dream of landing on the moon. <strong>Jules Verne<\/strong> and <strong>Georges M\u00e9li\u00e8s<\/strong>. The first, an adventure writer and visionary of future progress, enjoyed success during his lifetime. And the second, an illusionist and filmmaker famous for leading many technical and narrative developments at the dawn of cinematography. The common thread between the work of one and the other is the novel From the Earth to the Moon written by Verne in 1865, which inspired M\u00e9li\u00e8s to film Voyage to the Moon in 1902, one of the most influential films of science fiction cinema.<\/span><\/p><p><span style=\"color: #808080;\">01. <strong>La P\u00eache<\/strong> - Ouverture A Great Expedition (Journey through the impossible, 2016)<\/span><br \/><span style=\"color: #808080;\">02. <strong>La P\u00eache<\/strong> - The Factory The Foundry (Journey through the impossible, 2016)<\/span><br \/><span style=\"color: #808080;\">03. Through the abysses of imagination I, <strong>Jules Verne<\/strong><\/span><br \/><span style=\"color: #808080;\">04.<strong> Offenbach<\/strong> - Voyage dans la Lune (1875) Ballet des flocons des neige, Introduction<\/span><br \/><span style=\"color: #808080;\">05. <strong>Offenbach<\/strong> - Voyage dans la Lune (1875) Ballet des flocons des neige, Les hirondelles bleues<\/span><br \/><span style=\"color: #808080;\">06. <strong>Air<\/strong> - Moon fever (Le voyage dans la Lune, 2012)<\/span><br \/><span style=\"color: #808080;\">07. History of movie and <strong>Georges M\u00e9li\u00e8s<\/strong>Hugo (<strong>Martin Scorsese<\/strong>, 2011)<\/span><br \/><span style=\"color: #808080;\">08. <strong>Offenbach<\/strong> - Voyage dans la Lune (1875) Ballet des flocons des neige, Le bonhomme de neige<\/span><br \/><span style=\"color: #808080;\">09. <strong>Offenbach<\/strong> - Voyage dans la Lune (1875) Ballet des flocons des neige, Les flocons anim\u00e9s<\/span><br \/><span style=\"color: #808080;\">10. The fascination of adventure II, <strong>Jules Verne<\/strong><\/span><br \/><span style=\"color: #808080;\">11.<strong> Offenbach<\/strong> - Voyage dans la Lune (1875) Ballet des flocons des neige, Overture<\/span><br \/><span style=\"color: #808080;\">12. <strong>Jules Verne<\/strong> - From the Earth to the Moon, chapter 24<\/span><br \/><span style=\"color: #808080;\">13. Voyage dans la Lune (Operetta Grand Theatre de Geneve, 1985), <strong>Jacques Offenbach<\/strong><\/span><br \/><span style=\"color: #808080;\">14. Music for Excursion on the Moon by <strong>Segundo de Chom\u00f3n<\/strong><\/span><br \/><span style=\"color: #808080;\">15. Analysis of the narrative structure of Journey to the moon of <strong>Georges M\u00e9li\u00e8s<\/strong><\/span><br \/><span style=\"color: #808080;\">16. Extraordinary journeys: The songs of <strong>Jules Verne<\/strong> and <strong>Aristide Hignard<\/strong>. <strong>Andres Jimenez<\/strong> (bass-baritone), <strong>Laurence Verna<\/strong> (piano).<\/span><br \/><span style=\"color: #808080;\">17. Reading of an excerpt from El se\u00f1or Re-Sostenido y la se\u00f1orita Mi-Bemol (<strong>Jules Vernes<\/strong>, 1893)<\/span><\/p>\t\t\t\t\t\t\t\t<\/div>\n\t\t\t\t<\/div>\n\t\t\t\t\t<\/div>\n\t\t<\/div>\n\t\t\t\t\t<\/div>\n\t\t<\/section>\n\t\t\t\t<\/div>","protected":false},"excerpt":{"rendered":"<p>Luna llena #21 La luna de Verne y M\u00e9li\u00e8s Cr\u00e9ditos fotografias J. Verne: Roger ViolletG. M\u00e9li\u00e8s: Getty images \/ Hulton Archive Producido por Ishak Benavides La luna de Verne y M\u00e9li\u00e8s Hoy en luna llena, homenajeamos a dos grandes visionarios franceses, uno inspirado en el otro y en el sue\u00f1o de la llegada a la [&hellip;]<\/p>\n","protected":false},"author":19,"featured_media":0,"parent":0,"menu_order":0,"comment_status":"closed","ping_status":"closed","template":"","meta":{"footnotes":""},"class_list":["post-59951","page","type-page","status-publish","hentry"],"yoast_head":"<!-- This site is optimized with the Yoast SEO plugin v27.2 - https:\/\/yoast.com\/product\/yoast-seo-wordpress\/ -->\n<title>Luna llena #21 -<\/title>\n<meta name=\"robots\" content=\"index, follow, max-snippet:-1, max-image-preview:large, max-video-preview:-1\" \/>\n<link rel=\"canonical\" href=\"https:\/\/teslafm.net\/en\/luna-llena-21\/\" \/>\n<meta property=\"og:locale\" content=\"en_US\" \/>\n<meta property=\"og:type\" content=\"article\" \/>\n<meta property=\"og:title\" content=\"Luna llena #21 -\" \/>\n<meta property=\"og:description\" content=\"Luna llena #21 La luna de Verne y M\u00e9li\u00e8s Cr\u00e9ditos fotografias J. Verne: Roger ViolletG. M\u00e9li\u00e8s: Getty images \/ Hulton Archive Producido por Ishak Benavides La luna de Verne y M\u00e9li\u00e8s Hoy en luna llena, homenajeamos a dos grandes visionarios franceses, uno inspirado en el otro y en el sue\u00f1o de la llegada a la [&hellip;]\" \/>\n<meta property=\"og:url\" content=\"https:\/\/teslafm.net\/en\/luna-llena-21\/\" \/>\n<meta property=\"article:publisher\" content=\"https:\/\/www.facebook.com\/teslafm.net\" \/>\n<meta property=\"article:modified_time\" content=\"2022-12-07T13:06:05+00:00\" \/>\n<meta property=\"og:image\" content=\"https:\/\/teslafm.net\/wp-content\/uploads\/2022\/06\/verne-y-melies.jpg\" \/>\n<meta name=\"twitter:card\" content=\"summary_large_image\" \/>\n<meta name=\"twitter:site\" content=\"@teslafm\" \/>\n<meta name=\"twitter:label1\" content=\"Est. reading time\" \/>\n\t<meta name=\"twitter:data1\" content=\"2 minutes\" \/>\n<script type=\"application\/ld+json\" class=\"yoast-schema-graph\">{\"@context\":\"https:\/\/schema.org\",\"@graph\":[{\"@type\":\"WebPage\",\"@id\":\"https:\/\/teslafm.net\/luna-llena-21\/\",\"url\":\"https:\/\/teslafm.net\/luna-llena-21\/\",\"name\":\"Luna llena #21 -\",\"isPartOf\":{\"@id\":\"https:\/\/teslafm.net\/#website\"},\"primaryImageOfPage\":{\"@id\":\"https:\/\/teslafm.net\/luna-llena-21\/#primaryimage\"},\"image\":{\"@id\":\"https:\/\/teslafm.net\/luna-llena-21\/#primaryimage\"},\"thumbnailUrl\":\"https:\/\/teslafm.net\/wp-content\/uploads\/2022\/06\/verne-y-melies.jpg\",\"datePublished\":\"2022-06-15T15:53:14+00:00\",\"dateModified\":\"2022-12-07T13:06:05+00:00\",\"breadcrumb\":{\"@id\":\"https:\/\/teslafm.net\/luna-llena-21\/#breadcrumb\"},\"inLanguage\":\"en-US\",\"potentialAction\":[{\"@type\":\"ReadAction\",\"target\":[\"https:\/\/teslafm.net\/luna-llena-21\/\"]}]},{\"@type\":\"ImageObject\",\"inLanguage\":\"en-US\",\"@id\":\"https:\/\/teslafm.net\/luna-llena-21\/#primaryimage\",\"url\":\"https:\/\/teslafm.net\/wp-content\/uploads\/2022\/06\/verne-y-melies.jpg\",\"contentUrl\":\"https:\/\/teslafm.net\/wp-content\/uploads\/2022\/06\/verne-y-melies.jpg\"},{\"@type\":\"BreadcrumbList\",\"@id\":\"https:\/\/teslafm.net\/luna-llena-21\/#breadcrumb\",\"itemListElement\":[{\"@type\":\"ListItem\",\"position\":1,\"name\":\"Portada\",\"item\":\"https:\/\/teslafm.net\/\"},{\"@type\":\"ListItem\",\"position\":2,\"name\":\"Luna llena #21\"}]},{\"@type\":\"WebSite\",\"@id\":\"https:\/\/teslafm.net\/#website\",\"url\":\"https:\/\/teslafm.net\/\",\"name\":\"TeslaFM\",\"description\":\"An experimental and creative radio\",\"publisher\":{\"@id\":\"https:\/\/teslafm.net\/#organization\"},\"potentialAction\":[{\"@type\":\"SearchAction\",\"target\":{\"@type\":\"EntryPoint\",\"urlTemplate\":\"https:\/\/teslafm.net\/?s={search_term_string}\"},\"query-input\":{\"@type\":\"PropertyValueSpecification\",\"valueRequired\":true,\"valueName\":\"search_term_string\"}}],\"inLanguage\":\"en-US\"},{\"@type\":\"Organization\",\"@id\":\"https:\/\/teslafm.net\/#organization\",\"name\":\"TeslaFM\",\"url\":\"https:\/\/teslafm.net\/\",\"logo\":{\"@type\":\"ImageObject\",\"inLanguage\":\"en-US\",\"@id\":\"https:\/\/teslafm.net\/#\/schema\/logo\/image\/\",\"url\":\"https:\/\/teslafm.net\/wp-content\/uploads\/2020\/06\/logo-tesla.png\",\"contentUrl\":\"https:\/\/teslafm.net\/wp-content\/uploads\/2020\/06\/logo-tesla.png\",\"width\":512,\"height\":512,\"caption\":\"TeslaFM\"},\"image\":{\"@id\":\"https:\/\/teslafm.net\/#\/schema\/logo\/image\/\"},\"sameAs\":[\"https:\/\/www.facebook.com\/teslafm.net\",\"https:\/\/x.com\/teslafm\"]}]}<\/script>\n<!-- \/ Yoast SEO plugin. -->","yoast_head_json":{"title":"Full Moon #21 -","robots":{"index":"index","follow":"follow","max-snippet":"max-snippet:-1","max-image-preview":"max-image-preview:large","max-video-preview":"max-video-preview:-1"},"canonical":"https:\/\/teslafm.net\/en\/luna-llena-21\/","og_locale":"en_US","og_type":"article","og_title":"Luna llena #21 -","og_description":"Luna llena #21 La luna de Verne y M\u00e9li\u00e8s Cr\u00e9ditos fotografias J. Verne: Roger ViolletG. M\u00e9li\u00e8s: Getty images \/ Hulton Archive Producido por Ishak Benavides La luna de Verne y M\u00e9li\u00e8s Hoy en luna llena, homenajeamos a dos grandes visionarios franceses, uno inspirado en el otro y en el sue\u00f1o de la llegada a la [&hellip;]","og_url":"https:\/\/teslafm.net\/en\/luna-llena-21\/","article_publisher":"https:\/\/www.facebook.com\/teslafm.net","article_modified_time":"2022-12-07T13:06:05+00:00","og_image":[{"url":"https:\/\/teslafm.net\/wp-content\/uploads\/2022\/06\/verne-y-melies.jpg","type":"","width":"","height":""}],"twitter_card":"summary_large_image","twitter_site":"@teslafm","twitter_misc":{"Est. reading time":"2 minutes"},"schema":{"@context":"https:\/\/schema.org","@graph":[{"@type":"WebPage","@id":"https:\/\/teslafm.net\/luna-llena-21\/","url":"https:\/\/teslafm.net\/luna-llena-21\/","name":"Full Moon #21 -","isPartOf":{"@id":"https:\/\/teslafm.net\/#website"},"primaryImageOfPage":{"@id":"https:\/\/teslafm.net\/luna-llena-21\/#primaryimage"},"image":{"@id":"https:\/\/teslafm.net\/luna-llena-21\/#primaryimage"},"thumbnailUrl":"https:\/\/teslafm.net\/wp-content\/uploads\/2022\/06\/verne-y-melies.jpg","datePublished":"2022-06-15T15:53:14+00:00","dateModified":"2022-12-07T13:06:05+00:00","breadcrumb":{"@id":"https:\/\/teslafm.net\/luna-llena-21\/#breadcrumb"},"inLanguage":"en-US","potentialAction":[{"@type":"ReadAction","target":["https:\/\/teslafm.net\/luna-llena-21\/"]}]},{"@type":"ImageObject","inLanguage":"en-US","@id":"https:\/\/teslafm.net\/luna-llena-21\/#primaryimage","url":"https:\/\/teslafm.net\/wp-content\/uploads\/2022\/06\/verne-y-melies.jpg","contentUrl":"https:\/\/teslafm.net\/wp-content\/uploads\/2022\/06\/verne-y-melies.jpg"},{"@type":"BreadcrumbList","@id":"https:\/\/teslafm.net\/luna-llena-21\/#breadcrumb","itemListElement":[{"@type":"ListItem","position":1,"name":"Portada","item":"https:\/\/teslafm.net\/"},{"@type":"ListItem","position":2,"name":"Luna llena #21"}]},{"@type":"WebSite","@id":"https:\/\/teslafm.net\/#website","url":"https:\/\/teslafm.net\/","name":"TeslaFM","description":"An experimental and creative radio","publisher":{"@id":"https:\/\/teslafm.net\/#organization"},"potentialAction":[{"@type":"SearchAction","target":{"@type":"EntryPoint","urlTemplate":"https:\/\/teslafm.net\/?s={search_term_string}"},"query-input":{"@type":"PropertyValueSpecification","valueRequired":true,"valueName":"search_term_string"}}],"inLanguage":"en-US"},{"@type":"Organization","@id":"https:\/\/teslafm.net\/#organization","name":"TeslaFM","url":"https:\/\/teslafm.net\/","logo":{"@type":"ImageObject","inLanguage":"en-US","@id":"https:\/\/teslafm.net\/#\/schema\/logo\/image\/","url":"https:\/\/teslafm.net\/wp-content\/uploads\/2020\/06\/logo-tesla.png","contentUrl":"https:\/\/teslafm.net\/wp-content\/uploads\/2020\/06\/logo-tesla.png","width":512,"height":512,"caption":"TeslaFM"},"image":{"@id":"https:\/\/teslafm.net\/#\/schema\/logo\/image\/"},"sameAs":["https:\/\/www.facebook.com\/teslafm.net","https:\/\/x.com\/teslafm"]}]}},"rttpg_featured_image_url":null,"rttpg_author":{"display_name":"Ishak","author_link":"https:\/\/teslafm.net\/en\/author\/cravan\/"},"rttpg_comment":0,"rttpg_category":null,"rttpg_excerpt":"Luna llena #21 La luna de Verne y M\u00e9li\u00e8s Cr\u00e9ditos fotografias J. Verne: Roger ViolletG. M\u00e9li\u00e8s: Getty images \/ Hulton Archive Producido por Ishak Benavides La luna de Verne y M\u00e9li\u00e8s Hoy en luna llena, homenajeamos a dos grandes visionarios franceses, uno inspirado en el otro y en el sue\u00f1o de la llegada a la&hellip;","_links":{"self":[{"href":"https:\/\/teslafm.net\/en\/wp-json\/wp\/v2\/pages\/59951","targetHints":{"allow":["GET"]}}],"collection":[{"href":"https:\/\/teslafm.net\/en\/wp-json\/wp\/v2\/pages"}],"about":[{"href":"https:\/\/teslafm.net\/en\/wp-json\/wp\/v2\/types\/page"}],"author":[{"embeddable":true,"href":"https:\/\/teslafm.net\/en\/wp-json\/wp\/v2\/users\/19"}],"replies":[{"embeddable":true,"href":"https:\/\/teslafm.net\/en\/wp-json\/wp\/v2\/comments?post=59951"}],"version-history":[{"count":7,"href":"https:\/\/teslafm.net\/en\/wp-json\/wp\/v2\/pages\/59951\/revisions"}],"predecessor-version":[{"id":60977,"href":"https:\/\/teslafm.net\/en\/wp-json\/wp\/v2\/pages\/59951\/revisions\/60977"}],"wp:attachment":[{"href":"https:\/\/teslafm.net\/en\/wp-json\/wp\/v2\/media?parent=59951"}],"curies":[{"name":"wp","href":"https:\/\/api.w.org\/{rel}","templated":true}]}}