

{"id":59972,"date":"2022-06-21T17:04:18","date_gmt":"2022-06-21T15:04:18","guid":{"rendered":"https:\/\/teslafm.net\/?page_id=59972"},"modified":"2022-06-21T17:07:29","modified_gmt":"2022-06-21T15:07:29","slug":"space-oddity-recollection-34","status":"publish","type":"page","link":"https:\/\/teslafm.net\/en\/space-oddity-recollection-34\/","title":{"rendered":"Space Oddity Recollection #34"},"content":{"rendered":"<h2><span style=\"color: #ffffff;\"><strong>Space Oddity Recollection #34<\/strong><\/span><\/h2>\n<p><span style=\"color: #808080;\"><em>June 2022<\/em><\/span><\/p>\n<p><iframe src=\"https:\/\/www.mixcloud.com\/widget\/iframe\/?hide_cover=1&amp;feed=%2FTeslafm_net%2Fspace-oddity-recollection-34-monika-pich%2F\" width=\"100%\" height=\"120\" frameborder=\"0\"><\/iframe><\/p>\n<p><img fetchpriority=\"high\" decoding=\"async\" class=\"alignnone size-full wp-image-59973\" src=\"https:\/\/teslafm.net\/wp-content\/uploads\/2022\/06\/Chra.jpg\" alt=\"\" width=\"957\" height=\"957\" srcset=\"https:\/\/teslafm.net\/wp-content\/uploads\/2022\/06\/Chra.jpg 957w, https:\/\/teslafm.net\/wp-content\/uploads\/2022\/06\/Chra-300x300.jpg 300w, https:\/\/teslafm.net\/wp-content\/uploads\/2022\/06\/Chra-150x150.jpg 150w, https:\/\/teslafm.net\/wp-content\/uploads\/2022\/06\/Chra-768x768.jpg 768w\" sizes=\"(max-width: 957px) 100vw, 957px\" \/><\/p>\n<p><span style=\"color: #808080;\"><strong>Christina Chra Nemec<\/strong> - an Austrian music and radio producer, bassist, theater specialist, TV presenter and DJ. Christina Nemec has been creating music since the 1980s, in the areas of metal\/noise and experimental sounds. She performs her music under the pseudonym Chra and as Dark Passenger alongside a musician known as Irradiation. She has released many solo music albums and also co-creates several projects, including the queer-feminist performance group SV Damenkraft and the drone-noise group Shampoo Boy. Christina Nemec runs the queer-feminist label Comfortzone together with <strong>Konstantin Drobil<\/strong>. He creates the Outro podcast for Radio Orange and the Ghost Sounds Wood Noise podcast for TeslaFM.<\/span><\/p>\n<p>&nbsp;<\/p>\n<p><span style=\"color: #808080;\">The songs and excerpts presented in this mix come from several of their original albums:<\/span><\/p>\n<p><span style=\"color: #808080;\">* SEAMONS, 2020<\/span><br \/>\n<span lang=\"en-US\" style=\"color: #808080;\">* On a fateful morning, 2017<\/span><br \/>\n<span lang=\"en-US\" style=\"color: #808080;\">* Empty Airport, 2015 <\/span><br \/>\n<span lang=\"en-US\" style=\"color: #808080;\">* Shirley M EP (split), 2013<\/span><\/p>\n<p>&nbsp;<\/p>\n<p><span style=\"color: #808080;\">Links:<\/span><br \/>\n<span style=\"color: #0000ff;\"><u><a href=\"https:\/\/chraemego.bandcamp.com\/\">https:\/\/chraemego.bandcamp.com\/<\/a><\/u><\/span><br \/>\n<span style=\"color: #0000ff;\"><u><a href=\"https:\/\/soundcloud.com\/chra\">https:\/\/soundcloud.com\/chra<\/a><\/u><\/span><\/p>\n<p><span style=\"color: #808080;\">Enjoy the mix, June'22, produced by monikapich<\/span><\/p>","protected":false},"excerpt":{"rendered":"<p>Space Oddity Recollection #34 Junio 2022 Christina Chra Nemec &#8211; una productora de m\u00fasica y radio austriaca, bajista, especialista en teatro, presentadora de televisi\u00f3n y DJ. Christina Nemec ha estado creando m\u00fasica desde la d\u00e9cada de 1980, en las \u00e1reas de metal\/noise y sonidos experimentales. Interpreta su m\u00fasica bajo el seud\u00f3nimo de Chra y como [&hellip;]<\/p>\n","protected":false},"author":19,"featured_media":0,"parent":0,"menu_order":0,"comment_status":"closed","ping_status":"closed","template":"","meta":{"footnotes":""},"class_list":["post-59972","page","type-page","status-publish","hentry"],"yoast_head":"<!-- This site is optimized with the Yoast SEO plugin v27.4 - https:\/\/yoast.com\/product\/yoast-seo-wordpress\/ -->\n<title>Space Oddity Recollection #34 -<\/title>\n<meta name=\"robots\" content=\"index, follow, max-snippet:-1, max-image-preview:large, max-video-preview:-1\" \/>\n<link rel=\"canonical\" href=\"https:\/\/teslafm.net\/en\/space-oddity-recollection-34\/\" \/>\n<meta property=\"og:locale\" content=\"en_US\" \/>\n<meta property=\"og:type\" content=\"article\" \/>\n<meta property=\"og:title\" content=\"Space Oddity Recollection #34 -\" \/>\n<meta property=\"og:description\" content=\"Space Oddity Recollection #34 Junio 2022 Christina Chra Nemec &#8211; una productora de m\u00fasica y radio austriaca, bajista, especialista en teatro, presentadora de televisi\u00f3n y DJ. Christina Nemec ha estado creando m\u00fasica desde la d\u00e9cada de 1980, en las \u00e1reas de metal\/noise y sonidos experimentales. Interpreta su m\u00fasica bajo el seud\u00f3nimo de Chra y como [&hellip;]\" \/>\n<meta property=\"og:url\" content=\"https:\/\/teslafm.net\/en\/space-oddity-recollection-34\/\" \/>\n<meta property=\"article:publisher\" content=\"https:\/\/www.facebook.com\/teslafm.net\" \/>\n<meta property=\"article:modified_time\" content=\"2022-06-21T15:07:29+00:00\" \/>\n<meta property=\"og:image\" content=\"https:\/\/teslafm.net\/wp-content\/uploads\/2022\/06\/Chra.jpg\" \/>\n<meta name=\"twitter:card\" content=\"summary_large_image\" \/>\n<meta name=\"twitter:site\" content=\"@teslafm\" \/>\n<meta name=\"twitter:label1\" content=\"Est. reading time\" \/>\n\t<meta name=\"twitter:data1\" content=\"1 minute\" \/>\n<script type=\"application\/ld+json\" class=\"yoast-schema-graph\">{\"@context\":\"https:\\\/\\\/schema.org\",\"@graph\":[{\"@type\":\"WebPage\",\"@id\":\"https:\\\/\\\/teslafm.net\\\/space-oddity-recollection-34\\\/\",\"url\":\"https:\\\/\\\/teslafm.net\\\/space-oddity-recollection-34\\\/\",\"name\":\"Space Oddity Recollection #34 -\",\"isPartOf\":{\"@id\":\"https:\\\/\\\/teslafm.net\\\/#website\"},\"primaryImageOfPage\":{\"@id\":\"https:\\\/\\\/teslafm.net\\\/space-oddity-recollection-34\\\/#primaryimage\"},\"image\":{\"@id\":\"https:\\\/\\\/teslafm.net\\\/space-oddity-recollection-34\\\/#primaryimage\"},\"thumbnailUrl\":\"https:\\\/\\\/teslafm.net\\\/wp-content\\\/uploads\\\/2022\\\/06\\\/Chra.jpg\",\"datePublished\":\"2022-06-21T15:04:18+00:00\",\"dateModified\":\"2022-06-21T15:07:29+00:00\",\"breadcrumb\":{\"@id\":\"https:\\\/\\\/teslafm.net\\\/space-oddity-recollection-34\\\/#breadcrumb\"},\"inLanguage\":\"en-US\",\"potentialAction\":[{\"@type\":\"ReadAction\",\"target\":[\"https:\\\/\\\/teslafm.net\\\/space-oddity-recollection-34\\\/\"]}]},{\"@type\":\"ImageObject\",\"inLanguage\":\"en-US\",\"@id\":\"https:\\\/\\\/teslafm.net\\\/space-oddity-recollection-34\\\/#primaryimage\",\"url\":\"https:\\\/\\\/teslafm.net\\\/wp-content\\\/uploads\\\/2022\\\/06\\\/Chra.jpg\",\"contentUrl\":\"https:\\\/\\\/teslafm.net\\\/wp-content\\\/uploads\\\/2022\\\/06\\\/Chra.jpg\"},{\"@type\":\"BreadcrumbList\",\"@id\":\"https:\\\/\\\/teslafm.net\\\/space-oddity-recollection-34\\\/#breadcrumb\",\"itemListElement\":[{\"@type\":\"ListItem\",\"position\":1,\"name\":\"Portada\",\"item\":\"https:\\\/\\\/teslafm.net\\\/\"},{\"@type\":\"ListItem\",\"position\":2,\"name\":\"Space Oddity Recollection #34\"}]},{\"@type\":\"WebSite\",\"@id\":\"https:\\\/\\\/teslafm.net\\\/#website\",\"url\":\"https:\\\/\\\/teslafm.net\\\/\",\"name\":\"TeslaFM\",\"description\":\"An experimental and creative radio\",\"publisher\":{\"@id\":\"https:\\\/\\\/teslafm.net\\\/#organization\"},\"potentialAction\":[{\"@type\":\"SearchAction\",\"target\":{\"@type\":\"EntryPoint\",\"urlTemplate\":\"https:\\\/\\\/teslafm.net\\\/?s={search_term_string}\"},\"query-input\":{\"@type\":\"PropertyValueSpecification\",\"valueRequired\":true,\"valueName\":\"search_term_string\"}}],\"inLanguage\":\"en-US\"},{\"@type\":\"Organization\",\"@id\":\"https:\\\/\\\/teslafm.net\\\/#organization\",\"name\":\"TeslaFM\",\"url\":\"https:\\\/\\\/teslafm.net\\\/\",\"logo\":{\"@type\":\"ImageObject\",\"inLanguage\":\"en-US\",\"@id\":\"https:\\\/\\\/teslafm.net\\\/#\\\/schema\\\/logo\\\/image\\\/\",\"url\":\"https:\\\/\\\/teslafm.net\\\/wp-content\\\/uploads\\\/2020\\\/06\\\/logo-tesla.png\",\"contentUrl\":\"https:\\\/\\\/teslafm.net\\\/wp-content\\\/uploads\\\/2020\\\/06\\\/logo-tesla.png\",\"width\":512,\"height\":512,\"caption\":\"TeslaFM\"},\"image\":{\"@id\":\"https:\\\/\\\/teslafm.net\\\/#\\\/schema\\\/logo\\\/image\\\/\"},\"sameAs\":[\"https:\\\/\\\/www.facebook.com\\\/teslafm.net\",\"https:\\\/\\\/x.com\\\/teslafm\"]}]}<\/script>\n<!-- \/ Yoast SEO plugin. -->","yoast_head_json":{"title":"Space Oddity Recollection #34 -","robots":{"index":"index","follow":"follow","max-snippet":"max-snippet:-1","max-image-preview":"max-image-preview:large","max-video-preview":"max-video-preview:-1"},"canonical":"https:\/\/teslafm.net\/en\/space-oddity-recollection-34\/","og_locale":"en_US","og_type":"article","og_title":"Space Oddity Recollection #34 -","og_description":"Space Oddity Recollection #34 Junio 2022 Christina Chra Nemec &#8211; una productora de m\u00fasica y radio austriaca, bajista, especialista en teatro, presentadora de televisi\u00f3n y DJ. Christina Nemec ha estado creando m\u00fasica desde la d\u00e9cada de 1980, en las \u00e1reas de metal\/noise y sonidos experimentales. Interpreta su m\u00fasica bajo el seud\u00f3nimo de Chra y como [&hellip;]","og_url":"https:\/\/teslafm.net\/en\/space-oddity-recollection-34\/","article_publisher":"https:\/\/www.facebook.com\/teslafm.net","article_modified_time":"2022-06-21T15:07:29+00:00","og_image":[{"url":"https:\/\/teslafm.net\/wp-content\/uploads\/2022\/06\/Chra.jpg","type":"","width":"","height":""}],"twitter_card":"summary_large_image","twitter_site":"@teslafm","twitter_misc":{"Est. reading time":"1 minute"},"schema":{"@context":"https:\/\/schema.org","@graph":[{"@type":"WebPage","@id":"https:\/\/teslafm.net\/space-oddity-recollection-34\/","url":"https:\/\/teslafm.net\/space-oddity-recollection-34\/","name":"Space Oddity Recollection #34 -","isPartOf":{"@id":"https:\/\/teslafm.net\/#website"},"primaryImageOfPage":{"@id":"https:\/\/teslafm.net\/space-oddity-recollection-34\/#primaryimage"},"image":{"@id":"https:\/\/teslafm.net\/space-oddity-recollection-34\/#primaryimage"},"thumbnailUrl":"https:\/\/teslafm.net\/wp-content\/uploads\/2022\/06\/Chra.jpg","datePublished":"2022-06-21T15:04:18+00:00","dateModified":"2022-06-21T15:07:29+00:00","breadcrumb":{"@id":"https:\/\/teslafm.net\/space-oddity-recollection-34\/#breadcrumb"},"inLanguage":"en-US","potentialAction":[{"@type":"ReadAction","target":["https:\/\/teslafm.net\/space-oddity-recollection-34\/"]}]},{"@type":"ImageObject","inLanguage":"en-US","@id":"https:\/\/teslafm.net\/space-oddity-recollection-34\/#primaryimage","url":"https:\/\/teslafm.net\/wp-content\/uploads\/2022\/06\/Chra.jpg","contentUrl":"https:\/\/teslafm.net\/wp-content\/uploads\/2022\/06\/Chra.jpg"},{"@type":"BreadcrumbList","@id":"https:\/\/teslafm.net\/space-oddity-recollection-34\/#breadcrumb","itemListElement":[{"@type":"ListItem","position":1,"name":"Portada","item":"https:\/\/teslafm.net\/"},{"@type":"ListItem","position":2,"name":"Space Oddity Recollection #34"}]},{"@type":"WebSite","@id":"https:\/\/teslafm.net\/#website","url":"https:\/\/teslafm.net\/","name":"TeslaFM","description":"An experimental and creative radio","publisher":{"@id":"https:\/\/teslafm.net\/#organization"},"potentialAction":[{"@type":"SearchAction","target":{"@type":"EntryPoint","urlTemplate":"https:\/\/teslafm.net\/?s={search_term_string}"},"query-input":{"@type":"PropertyValueSpecification","valueRequired":true,"valueName":"search_term_string"}}],"inLanguage":"en-US"},{"@type":"Organization","@id":"https:\/\/teslafm.net\/#organization","name":"TeslaFM","url":"https:\/\/teslafm.net\/","logo":{"@type":"ImageObject","inLanguage":"en-US","@id":"https:\/\/teslafm.net\/#\/schema\/logo\/image\/","url":"https:\/\/teslafm.net\/wp-content\/uploads\/2020\/06\/logo-tesla.png","contentUrl":"https:\/\/teslafm.net\/wp-content\/uploads\/2020\/06\/logo-tesla.png","width":512,"height":512,"caption":"TeslaFM"},"image":{"@id":"https:\/\/teslafm.net\/#\/schema\/logo\/image\/"},"sameAs":["https:\/\/www.facebook.com\/teslafm.net","https:\/\/x.com\/teslafm"]}]}},"rttpg_featured_image_url":null,"rttpg_author":{"display_name":"Ishak","author_link":"https:\/\/teslafm.net\/en\/author\/cravan\/"},"rttpg_comment":0,"rttpg_category":null,"rttpg_excerpt":"Space Oddity Recollection #34 Junio 2022 Christina Chra Nemec &#8211; una productora de m\u00fasica y radio austriaca, bajista, especialista en teatro, presentadora de televisi\u00f3n y DJ. Christina Nemec ha estado creando m\u00fasica desde la d\u00e9cada de 1980, en las \u00e1reas de metal\/noise y sonidos experimentales. Interpreta su m\u00fasica bajo el seud\u00f3nimo de Chra y como&hellip;","_links":{"self":[{"href":"https:\/\/teslafm.net\/en\/wp-json\/wp\/v2\/pages\/59972","targetHints":{"allow":["GET"]}}],"collection":[{"href":"https:\/\/teslafm.net\/en\/wp-json\/wp\/v2\/pages"}],"about":[{"href":"https:\/\/teslafm.net\/en\/wp-json\/wp\/v2\/types\/page"}],"author":[{"embeddable":true,"href":"https:\/\/teslafm.net\/en\/wp-json\/wp\/v2\/users\/19"}],"replies":[{"embeddable":true,"href":"https:\/\/teslafm.net\/en\/wp-json\/wp\/v2\/comments?post=59972"}],"version-history":[{"count":5,"href":"https:\/\/teslafm.net\/en\/wp-json\/wp\/v2\/pages\/59972\/revisions"}],"predecessor-version":[{"id":59978,"href":"https:\/\/teslafm.net\/en\/wp-json\/wp\/v2\/pages\/59972\/revisions\/59978"}],"wp:attachment":[{"href":"https:\/\/teslafm.net\/en\/wp-json\/wp\/v2\/media?parent=59972"}],"curies":[{"name":"wp","href":"https:\/\/api.w.org\/{rel}","templated":true}]}}