

{"id":60007,"date":"2022-06-29T12:40:08","date_gmt":"2022-06-29T10:40:08","guid":{"rendered":"https:\/\/teslafm.net\/?page_id=60007"},"modified":"2022-09-17T13:15:13","modified_gmt":"2022-09-17T11:15:13","slug":"frau-diamanda","status":"publish","type":"page","link":"https:\/\/teslafm.net\/en\/frau-diamanda\/","title":{"rendered":"Frau Diamanda"},"content":{"rendered":"<div data-elementor-type=\"wp-page\" data-elementor-id=\"60007\" class=\"elementor elementor-60007\">\n\t\t\t\t\t\t<section class=\"elementor-section elementor-top-section elementor-element elementor-element-8df22e3 elementor-section-boxed elementor-section-height-default elementor-section-height-default\" data-id=\"8df22e3\" data-element_type=\"section\" data-e-type=\"section\">\n\t\t\t\t\t\t<div class=\"elementor-container elementor-column-gap-default\">\n\t\t\t\t\t<div class=\"elementor-column elementor-col-33 elementor-top-column elementor-element elementor-element-dd8d158\" data-id=\"dd8d158\" data-element_type=\"column\" data-e-type=\"column\">\n\t\t\t<div class=\"elementor-widget-wrap elementor-element-populated\">\n\t\t\t\t\t\t<div class=\"elementor-element elementor-element-6c31eab elementor-widget elementor-widget-image\" data-id=\"6c31eab\" data-element_type=\"widget\" data-e-type=\"widget\" data-widget_type=\"image.default\">\n\t\t\t\t<div class=\"elementor-widget-container\">\n\t\t\t\t\t\t\t\t\t\t\t\t\t\t\t<img fetchpriority=\"high\" decoding=\"async\" width=\"300\" height=\"300\" src=\"https:\/\/teslafm.net\/wp-content\/uploads\/2022\/06\/dj-frau-300x300.png\" class=\"attachment-medium size-medium wp-image-60011\" alt=\"\" srcset=\"https:\/\/teslafm.net\/wp-content\/uploads\/2022\/06\/dj-frau-300x300.png 300w, https:\/\/teslafm.net\/wp-content\/uploads\/2022\/06\/dj-frau-150x150.png 150w, https:\/\/teslafm.net\/wp-content\/uploads\/2022\/06\/dj-frau-768x768.png 768w, https:\/\/teslafm.net\/wp-content\/uploads\/2022\/06\/dj-frau.png 1000w\" sizes=\"(max-width: 300px) 100vw, 300px\" \/>\t\t\t\t\t\t\t\t\t\t\t\t\t\t\t<\/div>\n\t\t\t\t<\/div>\n\t\t\t\t\t<\/div>\n\t\t<\/div>\n\t\t\t\t<div class=\"elementor-column elementor-col-33 elementor-top-column elementor-element elementor-element-508b215\" data-id=\"508b215\" data-element_type=\"column\" data-e-type=\"column\" data-settings=\"{&quot;background_background&quot;:&quot;classic&quot;}\">\n\t\t\t<div class=\"elementor-widget-wrap elementor-element-populated\">\n\t\t\t\t\t\t<div class=\"elementor-element elementor-element-8e235d4 elementor-widget elementor-widget-heading\" data-id=\"8e235d4\" data-element_type=\"widget\" data-e-type=\"widget\" data-widget_type=\"heading.default\">\n\t\t\t\t<div class=\"elementor-widget-container\">\n\t\t\t\t\t<h2 class=\"elementor-heading-title elementor-size-default\">FRAU DIAMOND<\/h2>\t\t\t\t<\/div>\n\t\t\t\t<\/div>\n\t\t\t\t<div class=\"elementor-element elementor-element-87c89c1 elementor-widget elementor-widget-text-editor\" data-id=\"87c89c1\" data-element_type=\"widget\" data-e-type=\"widget\" data-widget_type=\"text-editor.default\">\n\t\t\t\t<div class=\"elementor-widget-container\">\n\t\t\t\t\t\t\t\t\t<p>She is a transvestite audiovisual artist, drag performer, cultural agent and has a long trajectory from her country Peru, in Latin America and Europe. In addition, she is part of the <strong>Futuristic Sonic Front<\/strong>a collective of audiovisual artists and musicians who organized the <strong>Cyberpunk Festival<\/strong> every year and several collaborations with artistic projects in Barcelona and other cities in Spain.<\/p><p>\u00a0<\/p>\t\t\t\t\t\t\t\t<\/div>\n\t\t\t\t<\/div>\n\t\t\t\t\t<\/div>\n\t\t<\/div>\n\t\t\t\t<div class=\"elementor-column elementor-col-33 elementor-top-column elementor-element elementor-element-6315cd6\" data-id=\"6315cd6\" data-element_type=\"column\" data-e-type=\"column\" data-settings=\"{&quot;background_background&quot;:&quot;classic&quot;}\">\n\t\t\t<div class=\"elementor-widget-wrap elementor-element-populated\">\n\t\t\t\t\t\t<div class=\"elementor-element elementor-element-e7623e4 elementor-widget elementor-widget-heading\" data-id=\"e7623e4\" data-element_type=\"widget\" data-e-type=\"widget\" data-widget_type=\"heading.default\">\n\t\t\t\t<div class=\"elementor-widget-container\">\n\t\t\t\t\t<h2 class=\"elementor-heading-title elementor-size-default\">A SELECTION FOR TESLAFM<\/h2>\t\t\t\t<\/div>\n\t\t\t\t<\/div>\n\t\t\t\t<div class=\"elementor-element elementor-element-d477a18 elementor-widget elementor-widget-text-editor\" data-id=\"d477a18\" data-element_type=\"widget\" data-e-type=\"widget\" data-widget_type=\"text-editor.default\">\n\t\t\t\t<div class=\"elementor-widget-container\">\n\t\t\t\t\t\t\t\t\t<p><a href=\"https:\/\/www.instagram.com\/dj_frau_travesti_residente\/\" target=\"_blank\" rel=\"noopener\"><strong>Dj Frau Resident Transvestite<\/strong><\/a><span style=\"color: #808080;\">. His musical interests are quite broad focusing mainly on electronic music in all its spectrum from industrial, EBM, gabber, drum and bass, noise and experimental to witchhouse and trap noise always seeking to confront the viewer with non-commercial proposals.<\/span><\/p>\t\t\t\t\t\t\t\t<\/div>\n\t\t\t\t<\/div>\n\t\t\t\t\t<\/div>\n\t\t<\/div>\n\t\t\t\t\t<\/div>\n\t\t<\/section>\n\t\t\t\t<section class=\"elementor-section elementor-top-section elementor-element elementor-element-5315b1c elementor-section-boxed elementor-section-height-default elementor-section-height-default\" data-id=\"5315b1c\" data-element_type=\"section\" data-e-type=\"section\">\n\t\t\t\t\t\t<div class=\"elementor-container elementor-column-gap-default\">\n\t\t\t\t\t<div class=\"elementor-column elementor-col-100 elementor-top-column elementor-element elementor-element-7a341f2\" data-id=\"7a341f2\" data-element_type=\"column\" data-e-type=\"column\">\n\t\t\t<div class=\"elementor-widget-wrap elementor-element-populated\">\n\t\t\t\t\t\t<div class=\"elementor-element elementor-element-3c6a806 elementor-widget elementor-widget-spacer\" data-id=\"3c6a806\" data-element_type=\"widget\" data-e-type=\"widget\" data-widget_type=\"spacer.default\">\n\t\t\t\t<div class=\"elementor-widget-container\">\n\t\t\t\t\t\t\t<div class=\"elementor-spacer\">\n\t\t\t<div class=\"elementor-spacer-inner\"><\/div>\n\t\t<\/div>\n\t\t\t\t\t\t<\/div>\n\t\t\t\t<\/div>\n\t\t\t\t\t<\/div>\n\t\t<\/div>\n\t\t\t\t\t<\/div>\n\t\t<\/section>\n\t\t\t\t<section class=\"elementor-section elementor-top-section elementor-element elementor-element-eb73c48 elementor-section-boxed elementor-section-height-default elementor-section-height-default\" data-id=\"eb73c48\" data-element_type=\"section\" data-e-type=\"section\">\n\t\t\t\t\t\t<div class=\"elementor-container elementor-column-gap-default\">\n\t\t\t\t\t<div class=\"elementor-column elementor-col-100 elementor-top-column elementor-element elementor-element-2b130b4\" data-id=\"2b130b4\" data-element_type=\"column\" data-e-type=\"column\">\n\t\t\t<div class=\"elementor-widget-wrap elementor-element-populated\">\n\t\t\t\t\t\t<div class=\"elementor-element elementor-element-027b99a elementor-widget elementor-widget-text-editor\" data-id=\"027b99a\" data-element_type=\"widget\" data-e-type=\"widget\" data-widget_type=\"text-editor.default\">\n\t\t\t\t<div class=\"elementor-widget-container\">\n\t\t\t\t\t\t\t\t\t<iframe src=\"https:\/\/www.mixcloud.com\/widget\/iframe\/?hide_cover=1&amp;feed=%2FTeslafm_net%2Fdj-frau-travesti-residente-a-selection-for-teslafm-1%2F\" width=\"100%\" height=\"120\" frameborder=\"0\"><\/iframe>\n\n<iframe src=\"https:\/\/www.mixcloud.com\/widget\/iframe\/?hide_cover=1&amp;feed=%2FTeslafm_net%2Fdj-frau-travesti-residente-a-selection-for-teslafm-2%2F\" width=\"100%\" height=\"120\" frameborder=\"0\"><\/iframe>\n\n<iframe src=\"https:\/\/www.mixcloud.com\/widget\/iframe\/?hide_cover=1&amp;feed=%2FTeslafm_net%2Fdj-frau-travesti-residente-a-selection-for-teslafm-3%2F\" width=\"100%\" height=\"120\" frameborder=\"0\"><\/iframe>\n\n<iframe src=\"https:\/\/www.mixcloud.com\/widget\/iframe\/?hide_cover=1&amp;feed=%2FTeslafm_net%2Fdj-frau-travesti-residente-a-selection-for-teslafm-4%2F\" width=\"100%\" height=\"120\" frameborder=\"0\"><\/iframe>\n\n<iframe src=\"https:\/\/www.mixcloud.com\/widget\/iframe\/?hide_cover=1&amp;feed=%2FTeslafm_net%2Fdj-frau-travesti-residente-a-selection-for-teslafm-5%2F\" width=\"100%\" height=\"120\" frameborder=\"0\"><\/iframe>\n\n<iframe width=\"100%\" height=\"120\" src=\"https:\/\/www.mixcloud.com\/widget\/iframe\/?hide_cover=1&#038;feed=%2FTeslafm_net%2Fdj-frau-travesti-residente-a-selection-for-teslafm-6%2F\" frameborder=\"0\" ><\/iframe>\t\t\t\t\t\t\t\t<\/div>\n\t\t\t\t<\/div>\n\t\t\t\t\t<\/div>\n\t\t<\/div>\n\t\t\t\t\t<\/div>\n\t\t<\/section>\n\t\t\t\t<\/div>","protected":false},"excerpt":{"rendered":"<p>FRAU DIAMANDA Es artista audiovisual travesti, drag performer, agente cultural y tiene una larga trayectoria desde su pa\u00eds Per\u00fa, en Latinoam\u00e9rica y Europa. Adem\u00e1s, forma parte del Frente S\u00f3nico Futurista, colectivo de artistas audiovisuales y m\u00fasicos que organizan el Cyberpunk Festival cada a\u00f1o y diversas colaboraciones con proyectos art\u00edsticos de Barcelona y otras ciudades de [&hellip;]<\/p>\n","protected":false},"author":19,"featured_media":0,"parent":0,"menu_order":0,"comment_status":"closed","ping_status":"closed","template":"","meta":{"footnotes":""},"class_list":["post-60007","page","type-page","status-publish","hentry"],"yoast_head":"<!-- This site is optimized with the Yoast SEO plugin v27.4 - https:\/\/yoast.com\/product\/yoast-seo-wordpress\/ -->\n<title>Frau Diamanda -<\/title>\n<meta name=\"robots\" content=\"index, follow, max-snippet:-1, max-image-preview:large, max-video-preview:-1\" \/>\n<link rel=\"canonical\" href=\"https:\/\/teslafm.net\/en\/frau-diamanda\/\" \/>\n<meta property=\"og:locale\" content=\"en_US\" \/>\n<meta property=\"og:type\" content=\"article\" \/>\n<meta property=\"og:title\" content=\"Frau Diamanda -\" \/>\n<meta property=\"og:description\" content=\"FRAU DIAMANDA Es artista audiovisual travesti, drag performer, agente cultural y tiene una larga trayectoria desde su pa\u00eds Per\u00fa, en Latinoam\u00e9rica y Europa. Adem\u00e1s, forma parte del Frente S\u00f3nico Futurista, colectivo de artistas audiovisuales y m\u00fasicos que organizan el Cyberpunk Festival cada a\u00f1o y diversas colaboraciones con proyectos art\u00edsticos de Barcelona y otras ciudades de [&hellip;]\" \/>\n<meta property=\"og:url\" content=\"https:\/\/teslafm.net\/en\/frau-diamanda\/\" \/>\n<meta property=\"article:publisher\" content=\"https:\/\/www.facebook.com\/teslafm.net\" \/>\n<meta property=\"article:modified_time\" content=\"2022-09-17T11:15:13+00:00\" \/>\n<meta property=\"og:image\" content=\"https:\/\/teslafm.net\/wp-content\/uploads\/2022\/06\/dj-frau-300x300.png\" \/>\n<meta name=\"twitter:card\" content=\"summary_large_image\" \/>\n<meta name=\"twitter:site\" content=\"@teslafm\" \/>\n<meta name=\"twitter:label1\" content=\"Est. reading time\" \/>\n\t<meta name=\"twitter:data1\" content=\"1 minute\" \/>\n<script type=\"application\/ld+json\" class=\"yoast-schema-graph\">{\"@context\":\"https:\\\/\\\/schema.org\",\"@graph\":[{\"@type\":\"WebPage\",\"@id\":\"https:\\\/\\\/teslafm.net\\\/frau-diamanda\\\/\",\"url\":\"https:\\\/\\\/teslafm.net\\\/frau-diamanda\\\/\",\"name\":\"Frau Diamanda -\",\"isPartOf\":{\"@id\":\"https:\\\/\\\/teslafm.net\\\/#website\"},\"primaryImageOfPage\":{\"@id\":\"https:\\\/\\\/teslafm.net\\\/frau-diamanda\\\/#primaryimage\"},\"image\":{\"@id\":\"https:\\\/\\\/teslafm.net\\\/frau-diamanda\\\/#primaryimage\"},\"thumbnailUrl\":\"https:\\\/\\\/teslafm.net\\\/wp-content\\\/uploads\\\/2022\\\/06\\\/dj-frau-300x300.png\",\"datePublished\":\"2022-06-29T10:40:08+00:00\",\"dateModified\":\"2022-09-17T11:15:13+00:00\",\"breadcrumb\":{\"@id\":\"https:\\\/\\\/teslafm.net\\\/frau-diamanda\\\/#breadcrumb\"},\"inLanguage\":\"en-US\",\"potentialAction\":[{\"@type\":\"ReadAction\",\"target\":[\"https:\\\/\\\/teslafm.net\\\/frau-diamanda\\\/\"]}]},{\"@type\":\"ImageObject\",\"inLanguage\":\"en-US\",\"@id\":\"https:\\\/\\\/teslafm.net\\\/frau-diamanda\\\/#primaryimage\",\"url\":\"https:\\\/\\\/teslafm.net\\\/wp-content\\\/uploads\\\/2022\\\/06\\\/dj-frau-300x300.png\",\"contentUrl\":\"https:\\\/\\\/teslafm.net\\\/wp-content\\\/uploads\\\/2022\\\/06\\\/dj-frau-300x300.png\"},{\"@type\":\"BreadcrumbList\",\"@id\":\"https:\\\/\\\/teslafm.net\\\/frau-diamanda\\\/#breadcrumb\",\"itemListElement\":[{\"@type\":\"ListItem\",\"position\":1,\"name\":\"Portada\",\"item\":\"https:\\\/\\\/teslafm.net\\\/\"},{\"@type\":\"ListItem\",\"position\":2,\"name\":\"Frau Diamanda\"}]},{\"@type\":\"WebSite\",\"@id\":\"https:\\\/\\\/teslafm.net\\\/#website\",\"url\":\"https:\\\/\\\/teslafm.net\\\/\",\"name\":\"TeslaFM\",\"description\":\"An experimental and creative radio\",\"publisher\":{\"@id\":\"https:\\\/\\\/teslafm.net\\\/#organization\"},\"potentialAction\":[{\"@type\":\"SearchAction\",\"target\":{\"@type\":\"EntryPoint\",\"urlTemplate\":\"https:\\\/\\\/teslafm.net\\\/?s={search_term_string}\"},\"query-input\":{\"@type\":\"PropertyValueSpecification\",\"valueRequired\":true,\"valueName\":\"search_term_string\"}}],\"inLanguage\":\"en-US\"},{\"@type\":\"Organization\",\"@id\":\"https:\\\/\\\/teslafm.net\\\/#organization\",\"name\":\"TeslaFM\",\"url\":\"https:\\\/\\\/teslafm.net\\\/\",\"logo\":{\"@type\":\"ImageObject\",\"inLanguage\":\"en-US\",\"@id\":\"https:\\\/\\\/teslafm.net\\\/#\\\/schema\\\/logo\\\/image\\\/\",\"url\":\"https:\\\/\\\/teslafm.net\\\/wp-content\\\/uploads\\\/2020\\\/06\\\/logo-tesla.png\",\"contentUrl\":\"https:\\\/\\\/teslafm.net\\\/wp-content\\\/uploads\\\/2020\\\/06\\\/logo-tesla.png\",\"width\":512,\"height\":512,\"caption\":\"TeslaFM\"},\"image\":{\"@id\":\"https:\\\/\\\/teslafm.net\\\/#\\\/schema\\\/logo\\\/image\\\/\"},\"sameAs\":[\"https:\\\/\\\/www.facebook.com\\\/teslafm.net\",\"https:\\\/\\\/x.com\\\/teslafm\"]}]}<\/script>\n<!-- \/ Yoast SEO plugin. -->","yoast_head_json":{"title":"Frau Diamanda -","robots":{"index":"index","follow":"follow","max-snippet":"max-snippet:-1","max-image-preview":"max-image-preview:large","max-video-preview":"max-video-preview:-1"},"canonical":"https:\/\/teslafm.net\/en\/frau-diamanda\/","og_locale":"en_US","og_type":"article","og_title":"Frau Diamanda -","og_description":"FRAU DIAMANDA Es artista audiovisual travesti, drag performer, agente cultural y tiene una larga trayectoria desde su pa\u00eds Per\u00fa, en Latinoam\u00e9rica y Europa. Adem\u00e1s, forma parte del Frente S\u00f3nico Futurista, colectivo de artistas audiovisuales y m\u00fasicos que organizan el Cyberpunk Festival cada a\u00f1o y diversas colaboraciones con proyectos art\u00edsticos de Barcelona y otras ciudades de [&hellip;]","og_url":"https:\/\/teslafm.net\/en\/frau-diamanda\/","article_publisher":"https:\/\/www.facebook.com\/teslafm.net","article_modified_time":"2022-09-17T11:15:13+00:00","og_image":[{"url":"https:\/\/teslafm.net\/wp-content\/uploads\/2022\/06\/dj-frau-300x300.png","type":"","width":"","height":""}],"twitter_card":"summary_large_image","twitter_site":"@teslafm","twitter_misc":{"Est. reading time":"1 minute"},"schema":{"@context":"https:\/\/schema.org","@graph":[{"@type":"WebPage","@id":"https:\/\/teslafm.net\/frau-diamanda\/","url":"https:\/\/teslafm.net\/frau-diamanda\/","name":"Frau Diamanda -","isPartOf":{"@id":"https:\/\/teslafm.net\/#website"},"primaryImageOfPage":{"@id":"https:\/\/teslafm.net\/frau-diamanda\/#primaryimage"},"image":{"@id":"https:\/\/teslafm.net\/frau-diamanda\/#primaryimage"},"thumbnailUrl":"https:\/\/teslafm.net\/wp-content\/uploads\/2022\/06\/dj-frau-300x300.png","datePublished":"2022-06-29T10:40:08+00:00","dateModified":"2022-09-17T11:15:13+00:00","breadcrumb":{"@id":"https:\/\/teslafm.net\/frau-diamanda\/#breadcrumb"},"inLanguage":"en-US","potentialAction":[{"@type":"ReadAction","target":["https:\/\/teslafm.net\/frau-diamanda\/"]}]},{"@type":"ImageObject","inLanguage":"en-US","@id":"https:\/\/teslafm.net\/frau-diamanda\/#primaryimage","url":"https:\/\/teslafm.net\/wp-content\/uploads\/2022\/06\/dj-frau-300x300.png","contentUrl":"https:\/\/teslafm.net\/wp-content\/uploads\/2022\/06\/dj-frau-300x300.png"},{"@type":"BreadcrumbList","@id":"https:\/\/teslafm.net\/frau-diamanda\/#breadcrumb","itemListElement":[{"@type":"ListItem","position":1,"name":"Portada","item":"https:\/\/teslafm.net\/"},{"@type":"ListItem","position":2,"name":"Frau Diamanda"}]},{"@type":"WebSite","@id":"https:\/\/teslafm.net\/#website","url":"https:\/\/teslafm.net\/","name":"TeslaFM","description":"An experimental and creative radio","publisher":{"@id":"https:\/\/teslafm.net\/#organization"},"potentialAction":[{"@type":"SearchAction","target":{"@type":"EntryPoint","urlTemplate":"https:\/\/teslafm.net\/?s={search_term_string}"},"query-input":{"@type":"PropertyValueSpecification","valueRequired":true,"valueName":"search_term_string"}}],"inLanguage":"en-US"},{"@type":"Organization","@id":"https:\/\/teslafm.net\/#organization","name":"TeslaFM","url":"https:\/\/teslafm.net\/","logo":{"@type":"ImageObject","inLanguage":"en-US","@id":"https:\/\/teslafm.net\/#\/schema\/logo\/image\/","url":"https:\/\/teslafm.net\/wp-content\/uploads\/2020\/06\/logo-tesla.png","contentUrl":"https:\/\/teslafm.net\/wp-content\/uploads\/2020\/06\/logo-tesla.png","width":512,"height":512,"caption":"TeslaFM"},"image":{"@id":"https:\/\/teslafm.net\/#\/schema\/logo\/image\/"},"sameAs":["https:\/\/www.facebook.com\/teslafm.net","https:\/\/x.com\/teslafm"]}]}},"rttpg_featured_image_url":null,"rttpg_author":{"display_name":"Ishak","author_link":"https:\/\/teslafm.net\/en\/author\/cravan\/"},"rttpg_comment":0,"rttpg_category":null,"rttpg_excerpt":"FRAU DIAMANDA Es artista audiovisual travesti, drag performer, agente cultural y tiene una larga trayectoria desde su pa\u00eds Per\u00fa, en Latinoam\u00e9rica y Europa. Adem\u00e1s, forma parte del Frente S\u00f3nico Futurista, colectivo de artistas audiovisuales y m\u00fasicos que organizan el Cyberpunk Festival cada a\u00f1o y diversas colaboraciones con proyectos art\u00edsticos de Barcelona y otras ciudades de&hellip;","_links":{"self":[{"href":"https:\/\/teslafm.net\/en\/wp-json\/wp\/v2\/pages\/60007","targetHints":{"allow":["GET"]}}],"collection":[{"href":"https:\/\/teslafm.net\/en\/wp-json\/wp\/v2\/pages"}],"about":[{"href":"https:\/\/teslafm.net\/en\/wp-json\/wp\/v2\/types\/page"}],"author":[{"embeddable":true,"href":"https:\/\/teslafm.net\/en\/wp-json\/wp\/v2\/users\/19"}],"replies":[{"embeddable":true,"href":"https:\/\/teslafm.net\/en\/wp-json\/wp\/v2\/comments?post=60007"}],"version-history":[{"count":11,"href":"https:\/\/teslafm.net\/en\/wp-json\/wp\/v2\/pages\/60007\/revisions"}],"predecessor-version":[{"id":60266,"href":"https:\/\/teslafm.net\/en\/wp-json\/wp\/v2\/pages\/60007\/revisions\/60266"}],"wp:attachment":[{"href":"https:\/\/teslafm.net\/en\/wp-json\/wp\/v2\/media?parent=60007"}],"curies":[{"name":"wp","href":"https:\/\/api.w.org\/{rel}","templated":true}]}}