

{"id":60013,"date":"2022-06-29T13:37:59","date_gmt":"2022-06-29T11:37:59","guid":{"rendered":"https:\/\/teslafm.net\/?page_id=60013"},"modified":"2022-06-29T13:37:59","modified_gmt":"2022-06-29T11:37:59","slug":"espace-plein-24","status":"publish","type":"page","link":"https:\/\/teslafm.net\/en\/espace-plein-24\/","title":{"rendered":"Espace Plein #24"},"content":{"rendered":"<h2><span style=\"color: #ffffff;\"><strong>Espace Plein #24<\/strong><\/span><\/h2>\n<p><span style=\"color: #808080;\"><em>June 2022<\/em><\/span><\/p>\n<p><iframe src=\"https:\/\/www.mixcloud.com\/widget\/iframe\/?hide_cover=1&amp;feed=%2FTeslafm_net%2Fespace-plein-24-%C3%BArsula-bravo%2F\" width=\"100%\" height=\"120\" frameborder=\"0\"><\/iframe><\/p>\n<p><img fetchpriority=\"high\" decoding=\"async\" class=\"alignnone size-full wp-image-60014\" src=\"https:\/\/teslafm.net\/wp-content\/uploads\/2022\/06\/ep-24.png\" alt=\"\" width=\"1000\" height=\"1000\" srcset=\"https:\/\/teslafm.net\/wp-content\/uploads\/2022\/06\/ep-24.png 1000w, https:\/\/teslafm.net\/wp-content\/uploads\/2022\/06\/ep-24-300x300.png 300w, https:\/\/teslafm.net\/wp-content\/uploads\/2022\/06\/ep-24-150x150.png 150w, https:\/\/teslafm.net\/wp-content\/uploads\/2022\/06\/ep-24-768x768.png 768w\" sizes=\"(max-width: 1000px) 100vw, 1000px\" \/><\/p>\n<p><span style=\"color: #808080;\">Welcome to Espace Plein, a territory of experimental sound documentaries. Spectralist games to navigate the experience of reality.<\/span><\/p>\n<p><span style=\"color: #808080;\">Espace Plein number 24 tells the story of a seasonal transit. From one territory to another from the daily life of art, as the only way to find ourselves. <\/span><br \/>\n<span style=\"color: #808080;\">A living journey that speaks of a body in translation, which inhabits two simultaneous places. The French Pyrenees and the Catalan Pyrenees.<\/span><\/p>\n<p><span style=\"color: #808080;\">Thanks to the matter of reality for sheltering all these manifestations. Thanks to the ecologists for defending our atmosphere, and to be able to continue to receive its physical properties and to make it possible for sound to still exist.<\/span><\/p>\n<p><span style=\"color: #808080;\">This program has been made possible by the people of <strong>San Girons<\/strong>to the species that inhabit the French Pyrenees, to all the presences that, by the <strong>Konvent<\/strong> pass and their resonances that permeate all layers of reality. Thanks to <strong>Elsa Guerra<\/strong> and to the assembly, for welcoming me with so much love.<\/span><br \/>\n<span style=\"color: #808080;\">At the end we can listen to the music of <strong>Portal<\/strong>.<\/span><\/p>","protected":false},"excerpt":{"rendered":"<p>Espace Plein #24 Junio 2022 Bienvenidas a Espace Plein, un territorio de documentales sonoros experimentales. Juegos espectralistas para navegar la experiencia de realidad. Espace Plein n\u00famero 24 relata un tr\u00e1nsito estacional. De un territorio a otro desde la vida cotidiana del arte, como \u00fanica forma de encontrarnos con nosotras mismas. Un trayecto vivo que habla [&hellip;]<\/p>\n","protected":false},"author":19,"featured_media":0,"parent":0,"menu_order":0,"comment_status":"closed","ping_status":"closed","template":"","meta":{"footnotes":""},"class_list":["post-60013","page","type-page","status-publish","hentry"],"yoast_head":"<!-- This site is optimized with the Yoast SEO plugin v27.4 - https:\/\/yoast.com\/product\/yoast-seo-wordpress\/ -->\n<title>Espace Plein #24 -<\/title>\n<meta name=\"robots\" content=\"index, follow, max-snippet:-1, max-image-preview:large, max-video-preview:-1\" \/>\n<link rel=\"canonical\" href=\"https:\/\/teslafm.net\/en\/espace-plein-24\/\" \/>\n<meta property=\"og:locale\" content=\"en_US\" \/>\n<meta property=\"og:type\" content=\"article\" \/>\n<meta property=\"og:title\" content=\"Espace Plein #24 -\" \/>\n<meta property=\"og:description\" content=\"Espace Plein #24 Junio 2022 Bienvenidas a Espace Plein, un territorio de documentales sonoros experimentales. Juegos espectralistas para navegar la experiencia de realidad. Espace Plein n\u00famero 24 relata un tr\u00e1nsito estacional. De un territorio a otro desde la vida cotidiana del arte, como \u00fanica forma de encontrarnos con nosotras mismas. Un trayecto vivo que habla [&hellip;]\" \/>\n<meta property=\"og:url\" content=\"https:\/\/teslafm.net\/en\/espace-plein-24\/\" \/>\n<meta property=\"article:publisher\" content=\"https:\/\/www.facebook.com\/teslafm.net\" \/>\n<meta property=\"og:image\" content=\"https:\/\/teslafm.net\/wp-content\/uploads\/2022\/06\/ep-24.png\" \/>\n<meta name=\"twitter:card\" content=\"summary_large_image\" \/>\n<meta name=\"twitter:site\" content=\"@teslafm\" \/>\n<meta name=\"twitter:label1\" content=\"Est. reading time\" \/>\n\t<meta name=\"twitter:data1\" content=\"1 minute\" \/>\n<script type=\"application\/ld+json\" class=\"yoast-schema-graph\">{\"@context\":\"https:\\\/\\\/schema.org\",\"@graph\":[{\"@type\":\"WebPage\",\"@id\":\"https:\\\/\\\/teslafm.net\\\/espace-plein-24\\\/\",\"url\":\"https:\\\/\\\/teslafm.net\\\/espace-plein-24\\\/\",\"name\":\"Espace Plein #24 -\",\"isPartOf\":{\"@id\":\"https:\\\/\\\/teslafm.net\\\/#website\"},\"primaryImageOfPage\":{\"@id\":\"https:\\\/\\\/teslafm.net\\\/espace-plein-24\\\/#primaryimage\"},\"image\":{\"@id\":\"https:\\\/\\\/teslafm.net\\\/espace-plein-24\\\/#primaryimage\"},\"thumbnailUrl\":\"https:\\\/\\\/teslafm.net\\\/wp-content\\\/uploads\\\/2022\\\/06\\\/ep-24.png\",\"datePublished\":\"2022-06-29T11:37:59+00:00\",\"breadcrumb\":{\"@id\":\"https:\\\/\\\/teslafm.net\\\/espace-plein-24\\\/#breadcrumb\"},\"inLanguage\":\"en-US\",\"potentialAction\":[{\"@type\":\"ReadAction\",\"target\":[\"https:\\\/\\\/teslafm.net\\\/espace-plein-24\\\/\"]}]},{\"@type\":\"ImageObject\",\"inLanguage\":\"en-US\",\"@id\":\"https:\\\/\\\/teslafm.net\\\/espace-plein-24\\\/#primaryimage\",\"url\":\"https:\\\/\\\/teslafm.net\\\/wp-content\\\/uploads\\\/2022\\\/06\\\/ep-24.png\",\"contentUrl\":\"https:\\\/\\\/teslafm.net\\\/wp-content\\\/uploads\\\/2022\\\/06\\\/ep-24.png\"},{\"@type\":\"BreadcrumbList\",\"@id\":\"https:\\\/\\\/teslafm.net\\\/espace-plein-24\\\/#breadcrumb\",\"itemListElement\":[{\"@type\":\"ListItem\",\"position\":1,\"name\":\"Portada\",\"item\":\"https:\\\/\\\/teslafm.net\\\/\"},{\"@type\":\"ListItem\",\"position\":2,\"name\":\"Espace Plein #24\"}]},{\"@type\":\"WebSite\",\"@id\":\"https:\\\/\\\/teslafm.net\\\/#website\",\"url\":\"https:\\\/\\\/teslafm.net\\\/\",\"name\":\"TeslaFM\",\"description\":\"An experimental and creative radio\",\"publisher\":{\"@id\":\"https:\\\/\\\/teslafm.net\\\/#organization\"},\"potentialAction\":[{\"@type\":\"SearchAction\",\"target\":{\"@type\":\"EntryPoint\",\"urlTemplate\":\"https:\\\/\\\/teslafm.net\\\/?s={search_term_string}\"},\"query-input\":{\"@type\":\"PropertyValueSpecification\",\"valueRequired\":true,\"valueName\":\"search_term_string\"}}],\"inLanguage\":\"en-US\"},{\"@type\":\"Organization\",\"@id\":\"https:\\\/\\\/teslafm.net\\\/#organization\",\"name\":\"TeslaFM\",\"url\":\"https:\\\/\\\/teslafm.net\\\/\",\"logo\":{\"@type\":\"ImageObject\",\"inLanguage\":\"en-US\",\"@id\":\"https:\\\/\\\/teslafm.net\\\/#\\\/schema\\\/logo\\\/image\\\/\",\"url\":\"https:\\\/\\\/teslafm.net\\\/wp-content\\\/uploads\\\/2020\\\/06\\\/logo-tesla.png\",\"contentUrl\":\"https:\\\/\\\/teslafm.net\\\/wp-content\\\/uploads\\\/2020\\\/06\\\/logo-tesla.png\",\"width\":512,\"height\":512,\"caption\":\"TeslaFM\"},\"image\":{\"@id\":\"https:\\\/\\\/teslafm.net\\\/#\\\/schema\\\/logo\\\/image\\\/\"},\"sameAs\":[\"https:\\\/\\\/www.facebook.com\\\/teslafm.net\",\"https:\\\/\\\/x.com\\\/teslafm\"]}]}<\/script>\n<!-- \/ Yoast SEO plugin. -->","yoast_head_json":{"title":"Espace Plein #24 -","robots":{"index":"index","follow":"follow","max-snippet":"max-snippet:-1","max-image-preview":"max-image-preview:large","max-video-preview":"max-video-preview:-1"},"canonical":"https:\/\/teslafm.net\/en\/espace-plein-24\/","og_locale":"en_US","og_type":"article","og_title":"Espace Plein #24 -","og_description":"Espace Plein #24 Junio 2022 Bienvenidas a Espace Plein, un territorio de documentales sonoros experimentales. Juegos espectralistas para navegar la experiencia de realidad. Espace Plein n\u00famero 24 relata un tr\u00e1nsito estacional. De un territorio a otro desde la vida cotidiana del arte, como \u00fanica forma de encontrarnos con nosotras mismas. Un trayecto vivo que habla [&hellip;]","og_url":"https:\/\/teslafm.net\/en\/espace-plein-24\/","article_publisher":"https:\/\/www.facebook.com\/teslafm.net","og_image":[{"url":"https:\/\/teslafm.net\/wp-content\/uploads\/2022\/06\/ep-24.png","type":"","width":"","height":""}],"twitter_card":"summary_large_image","twitter_site":"@teslafm","twitter_misc":{"Est. reading time":"1 minute"},"schema":{"@context":"https:\/\/schema.org","@graph":[{"@type":"WebPage","@id":"https:\/\/teslafm.net\/espace-plein-24\/","url":"https:\/\/teslafm.net\/espace-plein-24\/","name":"Espace Plein #24 -","isPartOf":{"@id":"https:\/\/teslafm.net\/#website"},"primaryImageOfPage":{"@id":"https:\/\/teslafm.net\/espace-plein-24\/#primaryimage"},"image":{"@id":"https:\/\/teslafm.net\/espace-plein-24\/#primaryimage"},"thumbnailUrl":"https:\/\/teslafm.net\/wp-content\/uploads\/2022\/06\/ep-24.png","datePublished":"2022-06-29T11:37:59+00:00","breadcrumb":{"@id":"https:\/\/teslafm.net\/espace-plein-24\/#breadcrumb"},"inLanguage":"en-US","potentialAction":[{"@type":"ReadAction","target":["https:\/\/teslafm.net\/espace-plein-24\/"]}]},{"@type":"ImageObject","inLanguage":"en-US","@id":"https:\/\/teslafm.net\/espace-plein-24\/#primaryimage","url":"https:\/\/teslafm.net\/wp-content\/uploads\/2022\/06\/ep-24.png","contentUrl":"https:\/\/teslafm.net\/wp-content\/uploads\/2022\/06\/ep-24.png"},{"@type":"BreadcrumbList","@id":"https:\/\/teslafm.net\/espace-plein-24\/#breadcrumb","itemListElement":[{"@type":"ListItem","position":1,"name":"Portada","item":"https:\/\/teslafm.net\/"},{"@type":"ListItem","position":2,"name":"Espace Plein #24"}]},{"@type":"WebSite","@id":"https:\/\/teslafm.net\/#website","url":"https:\/\/teslafm.net\/","name":"TeslaFM","description":"An experimental and creative radio","publisher":{"@id":"https:\/\/teslafm.net\/#organization"},"potentialAction":[{"@type":"SearchAction","target":{"@type":"EntryPoint","urlTemplate":"https:\/\/teslafm.net\/?s={search_term_string}"},"query-input":{"@type":"PropertyValueSpecification","valueRequired":true,"valueName":"search_term_string"}}],"inLanguage":"en-US"},{"@type":"Organization","@id":"https:\/\/teslafm.net\/#organization","name":"TeslaFM","url":"https:\/\/teslafm.net\/","logo":{"@type":"ImageObject","inLanguage":"en-US","@id":"https:\/\/teslafm.net\/#\/schema\/logo\/image\/","url":"https:\/\/teslafm.net\/wp-content\/uploads\/2020\/06\/logo-tesla.png","contentUrl":"https:\/\/teslafm.net\/wp-content\/uploads\/2020\/06\/logo-tesla.png","width":512,"height":512,"caption":"TeslaFM"},"image":{"@id":"https:\/\/teslafm.net\/#\/schema\/logo\/image\/"},"sameAs":["https:\/\/www.facebook.com\/teslafm.net","https:\/\/x.com\/teslafm"]}]}},"rttpg_featured_image_url":null,"rttpg_author":{"display_name":"Ishak","author_link":"https:\/\/teslafm.net\/en\/author\/cravan\/"},"rttpg_comment":0,"rttpg_category":null,"rttpg_excerpt":"Espace Plein #24 Junio 2022 Bienvenidas a Espace Plein, un territorio de documentales sonoros experimentales. Juegos espectralistas para navegar la experiencia de realidad. Espace Plein n\u00famero 24 relata un tr\u00e1nsito estacional. De un territorio a otro desde la vida cotidiana del arte, como \u00fanica forma de encontrarnos con nosotras mismas. Un trayecto vivo que habla&hellip;","_links":{"self":[{"href":"https:\/\/teslafm.net\/en\/wp-json\/wp\/v2\/pages\/60013","targetHints":{"allow":["GET"]}}],"collection":[{"href":"https:\/\/teslafm.net\/en\/wp-json\/wp\/v2\/pages"}],"about":[{"href":"https:\/\/teslafm.net\/en\/wp-json\/wp\/v2\/types\/page"}],"author":[{"embeddable":true,"href":"https:\/\/teslafm.net\/en\/wp-json\/wp\/v2\/users\/19"}],"replies":[{"embeddable":true,"href":"https:\/\/teslafm.net\/en\/wp-json\/wp\/v2\/comments?post=60013"}],"version-history":[{"count":1,"href":"https:\/\/teslafm.net\/en\/wp-json\/wp\/v2\/pages\/60013\/revisions"}],"predecessor-version":[{"id":60015,"href":"https:\/\/teslafm.net\/en\/wp-json\/wp\/v2\/pages\/60013\/revisions\/60015"}],"wp:attachment":[{"href":"https:\/\/teslafm.net\/en\/wp-json\/wp\/v2\/media?parent=60013"}],"curies":[{"name":"wp","href":"https:\/\/api.w.org\/{rel}","templated":true}]}}