

{"id":60021,"date":"2022-07-01T16:35:21","date_gmt":"2022-07-01T14:35:21","guid":{"rendered":"https:\/\/teslafm.net\/?page_id=60021"},"modified":"2022-07-01T16:35:21","modified_gmt":"2022-07-01T14:35:21","slug":"cachichi-41","status":"publish","type":"page","link":"https:\/\/teslafm.net\/en\/cachichi-41\/","title":{"rendered":"Cachichi #41"},"content":{"rendered":"<h2><span style=\"color: #ffffff;\"><strong>Cachichi #41<\/strong><\/span><\/h2>\n<p><span style=\"color: #808080;\"><em>June 30, 2022<\/em><\/span><\/p>\n<p><iframe src=\"https:\/\/www.mixcloud.com\/widget\/iframe\/?hide_cover=1&amp;feed=%2FTeslafm_net%2Fcachichi-41-abby-lee-tee%2F\" width=\"100%\" height=\"120\" frameborder=\"0\"><\/iframe><\/p>\n<p><span style=\"color: #808080;\">In addition to his work in numerous collaborations and bands, the Austrian musician <strong>Abby Lee Tee<\/strong> has released a steady stream of constantly evolving solo material since 2009, fueling his passion for field recordings and unusual instruments. His fascination with the divisions and crossovers between noise and music, as well as between nature and culture, is reflected in his work with installations, sound walks, sound design for theater and audio-visual projects, as well as records on labels like <em>Shash<\/em>,<em> Czaszka<\/em>, <em>Never Anything<\/em>,<em> Dinzu Artefacts and Accidental<\/em>.<\/span><\/p>","protected":false},"excerpt":{"rendered":"<p>Cachichi #41 30 de Junio 2022 Junto a su trabajo en numerosas colaboraciones y bandas, el m\u00fasico austriaco Abby Lee Tee ha lanzado un flujo constante de material en solitario en constante evoluci\u00f3n desde 2009, alimentando su pasi\u00f3n por las grabaciones de campo y los instrumentos inusuales. Su fascinaci\u00f3n por las divisiones y cruces entre [&hellip;]<\/p>\n","protected":false},"author":19,"featured_media":0,"parent":0,"menu_order":0,"comment_status":"closed","ping_status":"closed","template":"","meta":{"footnotes":""},"class_list":["post-60021","page","type-page","status-publish","hentry"],"yoast_head":"<!-- This site is optimized with the Yoast SEO plugin v27.2 - https:\/\/yoast.com\/product\/yoast-seo-wordpress\/ -->\n<title>Cachichi #41 -<\/title>\n<meta name=\"robots\" content=\"index, follow, max-snippet:-1, max-image-preview:large, max-video-preview:-1\" \/>\n<link rel=\"canonical\" href=\"https:\/\/teslafm.net\/en\/cachichi-41\/\" \/>\n<meta property=\"og:locale\" content=\"en_US\" \/>\n<meta property=\"og:type\" content=\"article\" \/>\n<meta property=\"og:title\" content=\"Cachichi #41 -\" \/>\n<meta property=\"og:description\" content=\"Cachichi #41 30 de Junio 2022 Junto a su trabajo en numerosas colaboraciones y bandas, el m\u00fasico austriaco Abby Lee Tee ha lanzado un flujo constante de material en solitario en constante evoluci\u00f3n desde 2009, alimentando su pasi\u00f3n por las grabaciones de campo y los instrumentos inusuales. Su fascinaci\u00f3n por las divisiones y cruces entre [&hellip;]\" \/>\n<meta property=\"og:url\" content=\"https:\/\/teslafm.net\/en\/cachichi-41\/\" \/>\n<meta property=\"article:publisher\" content=\"https:\/\/www.facebook.com\/teslafm.net\" \/>\n<meta property=\"og:image\" content=\"https:\/\/teslafm.net\/wp-content\/uploads\/2022\/09\/header-image-4-temp.png\" \/>\n\t<meta property=\"og:image:width\" content=\"1274\" \/>\n\t<meta property=\"og:image:height\" content=\"818\" \/>\n\t<meta property=\"og:image:type\" content=\"image\/png\" \/>\n<meta name=\"twitter:card\" content=\"summary_large_image\" \/>\n<meta name=\"twitter:site\" content=\"@teslafm\" \/>\n<meta name=\"twitter:label1\" content=\"Est. reading time\" \/>\n\t<meta name=\"twitter:data1\" content=\"1 minute\" \/>\n<script type=\"application\/ld+json\" class=\"yoast-schema-graph\">{\"@context\":\"https:\/\/schema.org\",\"@graph\":[{\"@type\":\"WebPage\",\"@id\":\"https:\/\/teslafm.net\/cachichi-41\/\",\"url\":\"https:\/\/teslafm.net\/cachichi-41\/\",\"name\":\"Cachichi #41 -\",\"isPartOf\":{\"@id\":\"https:\/\/teslafm.net\/#website\"},\"datePublished\":\"2022-07-01T14:35:21+00:00\",\"breadcrumb\":{\"@id\":\"https:\/\/teslafm.net\/cachichi-41\/#breadcrumb\"},\"inLanguage\":\"en-US\",\"potentialAction\":[{\"@type\":\"ReadAction\",\"target\":[\"https:\/\/teslafm.net\/cachichi-41\/\"]}]},{\"@type\":\"BreadcrumbList\",\"@id\":\"https:\/\/teslafm.net\/cachichi-41\/#breadcrumb\",\"itemListElement\":[{\"@type\":\"ListItem\",\"position\":1,\"name\":\"Portada\",\"item\":\"https:\/\/teslafm.net\/\"},{\"@type\":\"ListItem\",\"position\":2,\"name\":\"Cachichi #41\"}]},{\"@type\":\"WebSite\",\"@id\":\"https:\/\/teslafm.net\/#website\",\"url\":\"https:\/\/teslafm.net\/\",\"name\":\"TeslaFM\",\"description\":\"An experimental and creative radio\",\"publisher\":{\"@id\":\"https:\/\/teslafm.net\/#organization\"},\"potentialAction\":[{\"@type\":\"SearchAction\",\"target\":{\"@type\":\"EntryPoint\",\"urlTemplate\":\"https:\/\/teslafm.net\/?s={search_term_string}\"},\"query-input\":{\"@type\":\"PropertyValueSpecification\",\"valueRequired\":true,\"valueName\":\"search_term_string\"}}],\"inLanguage\":\"en-US\"},{\"@type\":\"Organization\",\"@id\":\"https:\/\/teslafm.net\/#organization\",\"name\":\"TeslaFM\",\"url\":\"https:\/\/teslafm.net\/\",\"logo\":{\"@type\":\"ImageObject\",\"inLanguage\":\"en-US\",\"@id\":\"https:\/\/teslafm.net\/#\/schema\/logo\/image\/\",\"url\":\"https:\/\/teslafm.net\/wp-content\/uploads\/2020\/06\/logo-tesla.png\",\"contentUrl\":\"https:\/\/teslafm.net\/wp-content\/uploads\/2020\/06\/logo-tesla.png\",\"width\":512,\"height\":512,\"caption\":\"TeslaFM\"},\"image\":{\"@id\":\"https:\/\/teslafm.net\/#\/schema\/logo\/image\/\"},\"sameAs\":[\"https:\/\/www.facebook.com\/teslafm.net\",\"https:\/\/x.com\/teslafm\"]}]}<\/script>\n<!-- \/ Yoast SEO plugin. -->","yoast_head_json":{"title":"Cachichi #41 -","robots":{"index":"index","follow":"follow","max-snippet":"max-snippet:-1","max-image-preview":"max-image-preview:large","max-video-preview":"max-video-preview:-1"},"canonical":"https:\/\/teslafm.net\/en\/cachichi-41\/","og_locale":"en_US","og_type":"article","og_title":"Cachichi #41 -","og_description":"Cachichi #41 30 de Junio 2022 Junto a su trabajo en numerosas colaboraciones y bandas, el m\u00fasico austriaco Abby Lee Tee ha lanzado un flujo constante de material en solitario en constante evoluci\u00f3n desde 2009, alimentando su pasi\u00f3n por las grabaciones de campo y los instrumentos inusuales. Su fascinaci\u00f3n por las divisiones y cruces entre [&hellip;]","og_url":"https:\/\/teslafm.net\/en\/cachichi-41\/","article_publisher":"https:\/\/www.facebook.com\/teslafm.net","og_image":[{"width":1274,"height":818,"url":"https:\/\/teslafm.net\/wp-content\/uploads\/2022\/09\/header-image-4-temp.png","type":"image\/png"}],"twitter_card":"summary_large_image","twitter_site":"@teslafm","twitter_misc":{"Est. reading time":"1 minute"},"schema":{"@context":"https:\/\/schema.org","@graph":[{"@type":"WebPage","@id":"https:\/\/teslafm.net\/cachichi-41\/","url":"https:\/\/teslafm.net\/cachichi-41\/","name":"Cachichi #41 -","isPartOf":{"@id":"https:\/\/teslafm.net\/#website"},"datePublished":"2022-07-01T14:35:21+00:00","breadcrumb":{"@id":"https:\/\/teslafm.net\/cachichi-41\/#breadcrumb"},"inLanguage":"en-US","potentialAction":[{"@type":"ReadAction","target":["https:\/\/teslafm.net\/cachichi-41\/"]}]},{"@type":"BreadcrumbList","@id":"https:\/\/teslafm.net\/cachichi-41\/#breadcrumb","itemListElement":[{"@type":"ListItem","position":1,"name":"Portada","item":"https:\/\/teslafm.net\/"},{"@type":"ListItem","position":2,"name":"Cachichi #41"}]},{"@type":"WebSite","@id":"https:\/\/teslafm.net\/#website","url":"https:\/\/teslafm.net\/","name":"TeslaFM","description":"An experimental and creative radio","publisher":{"@id":"https:\/\/teslafm.net\/#organization"},"potentialAction":[{"@type":"SearchAction","target":{"@type":"EntryPoint","urlTemplate":"https:\/\/teslafm.net\/?s={search_term_string}"},"query-input":{"@type":"PropertyValueSpecification","valueRequired":true,"valueName":"search_term_string"}}],"inLanguage":"en-US"},{"@type":"Organization","@id":"https:\/\/teslafm.net\/#organization","name":"TeslaFM","url":"https:\/\/teslafm.net\/","logo":{"@type":"ImageObject","inLanguage":"en-US","@id":"https:\/\/teslafm.net\/#\/schema\/logo\/image\/","url":"https:\/\/teslafm.net\/wp-content\/uploads\/2020\/06\/logo-tesla.png","contentUrl":"https:\/\/teslafm.net\/wp-content\/uploads\/2020\/06\/logo-tesla.png","width":512,"height":512,"caption":"TeslaFM"},"image":{"@id":"https:\/\/teslafm.net\/#\/schema\/logo\/image\/"},"sameAs":["https:\/\/www.facebook.com\/teslafm.net","https:\/\/x.com\/teslafm"]}]}},"rttpg_featured_image_url":null,"rttpg_author":{"display_name":"Ishak","author_link":"https:\/\/teslafm.net\/en\/author\/cravan\/"},"rttpg_comment":0,"rttpg_category":null,"rttpg_excerpt":"Cachichi #41 30 de Junio 2022 Junto a su trabajo en numerosas colaboraciones y bandas, el m\u00fasico austriaco Abby Lee Tee ha lanzado un flujo constante de material en solitario en constante evoluci\u00f3n desde 2009, alimentando su pasi\u00f3n por las grabaciones de campo y los instrumentos inusuales. Su fascinaci\u00f3n por las divisiones y cruces entre&hellip;","_links":{"self":[{"href":"https:\/\/teslafm.net\/en\/wp-json\/wp\/v2\/pages\/60021","targetHints":{"allow":["GET"]}}],"collection":[{"href":"https:\/\/teslafm.net\/en\/wp-json\/wp\/v2\/pages"}],"about":[{"href":"https:\/\/teslafm.net\/en\/wp-json\/wp\/v2\/types\/page"}],"author":[{"embeddable":true,"href":"https:\/\/teslafm.net\/en\/wp-json\/wp\/v2\/users\/19"}],"replies":[{"embeddable":true,"href":"https:\/\/teslafm.net\/en\/wp-json\/wp\/v2\/comments?post=60021"}],"version-history":[{"count":1,"href":"https:\/\/teslafm.net\/en\/wp-json\/wp\/v2\/pages\/60021\/revisions"}],"predecessor-version":[{"id":60025,"href":"https:\/\/teslafm.net\/en\/wp-json\/wp\/v2\/pages\/60021\/revisions\/60025"}],"wp:attachment":[{"href":"https:\/\/teslafm.net\/en\/wp-json\/wp\/v2\/media?parent=60021"}],"curies":[{"name":"wp","href":"https:\/\/api.w.org\/{rel}","templated":true}]}}