

{"id":60032,"date":"2022-07-05T13:15:28","date_gmt":"2022-07-05T11:15:28","guid":{"rendered":"https:\/\/teslafm.net\/?page_id=60032"},"modified":"2022-07-05T13:45:49","modified_gmt":"2022-07-05T11:45:49","slug":"ananke-39","status":"publish","type":"page","link":"https:\/\/teslafm.net\/en\/ananke-39\/","title":{"rendered":"Ananke #39"},"content":{"rendered":"<h2><span style=\"color: #ffffff;\"><strong>Anank\u00e9 Chapter XXXIX<\/strong><\/span><\/h2>\n<p><span style=\"color: #808080;\"><em>July 2022<\/em><\/span><\/p>\n<p><iframe src=\"https:\/\/www.mixcloud.com\/widget\/iframe\/?hide_cover=1&amp;feed=%2FTeslafm_net%2Fanank%C3%A9-39-jaco%2F\" width=\"100%\" height=\"120\" frameborder=\"0\"><\/iframe><\/p>\n<p><span style=\"color: #808080;\">The third installment of Sonido Ficci\u00f3n, the series in which science fiction and alien music live in symbiosis. The first rehearsal-session was this one: <\/span><a href=\"https:\/\/teslafm.net\/en\/ananke-21\/\" target=\"_blank\" rel=\"noopener\">Anank\u00e9 #21<\/a><span style=\"color: #808080;\"> in which some of my favorite authors commented on their work, and at the same time, they <strong>Black Quantum Futurism<\/strong> were omniscient narrators.<\/span><br \/>\n<span style=\"color: #808080;\">For the second, <\/span><a href=\"https:\/\/teslafm.net\/en\/ananke-29\/\" target=\"_blank\" rel=\"noopener\">Anank\u00e9 #29<\/a><span style=\"color: #808080;\"> where the leading role was played by <em>More brilliant than the sun<\/em>the book of <strong>Kodwo Eshun<\/strong> and some of the music discussed in it as well as other related ones.<\/span><br \/>\n<span style=\"color: #808080;\">This time it is the movies, their sounds and soundtracks, music, effects and silences. Iconic scenes like songs that remain engraved in the psychic archives, another \"hallucinatory trip to the back of the mind\" among cataracts of rhythms, noise and interferences transmitted from the ansible.<\/span><\/p>\n<p>&nbsp;<\/p>\n<p><span style=\"color: #808080;\">01. Scene from The Thing - <strong>John Carpenter<\/strong>, 1982<\/span><br \/>\n<span style=\"color: #808080;\">02. <strong>Tangerine Dream<\/strong> - Car Drive \/ Phone Call - Miracle Mile (Private, 1989)<\/span><br \/>\n<span style=\"color: #808080;\">03. Scene from Alien - <strong>Ridley Scott<\/strong>, 1979<\/span><br \/>\n<span style=\"color: #808080;\">04. <strong>Michael Convertino<\/strong> - Final Transference - The Hidden (Var\u00e8se Sarabande, 1987)<\/span><br \/>\n<span style=\"color: #808080;\">05. <strong>Armand Hammer<\/strong> - Hunter (Instrumental) (Prod. Elucid) - Paraffin Deluxe w Instrumentals (Backwoodz, 2020)<\/span><br \/>\n<span style=\"color: #808080;\">06. <strong>Leonard Rosenman<\/strong> - Main Title Sound Effects Suite - Fantastic Voyage (Film Score Monthly, 1998)<\/span><br \/>\n<span style=\"color: #808080;\">07. <strong>Armand Hammer<\/strong> &amp; <strong>The Alchemist<\/strong> - Chicharrones feat Quelle Chris - Haram + Instrumentals (Backwoodz, 2021)<\/span><br \/>\n<span style=\"color: #808080;\">08. Scene from La Jet\u00e9e - <strong>Chris Marker<\/strong>, 1962<\/span><br \/>\n<span style=\"color: #808080;\">09. <strong>Howard Shore<\/strong> - Accident... Accident... - Crash (Milan, 1996)<\/span><br \/>\n<span style=\"color: #808080;\">10. <strong>John Corigliano<\/strong> - Main Title and First Hallucination (Ritual Sacrifice and Religious Memories) - Altered States (RCA, 1980)<\/span><br \/>\n<span style=\"color: #808080;\">11. Scene from Stalker - <strong>Andrei Tarkovsky<\/strong>, 1979<\/span><br \/>\n<span style=\"color: #808080;\">12. <strong>Clint Mansell<\/strong> - \"Somehow the High-Rise Played Into the Hands of the Most Petty Impulses\" - High-Rise (Silva Screen, 2016).<\/span><br \/>\n<span style=\"color: #808080;\">13. <strong>Marina Herlop<\/strong> - ubuntu - Pripyat (PAN, 2022)<\/span><br \/>\n<span style=\"color: #808080;\">14. <strong>John Corigliano<\/strong> - The Laboratory Experiment - Altered States (RCA, 1980)<\/span><br \/>\n<span style=\"color: #808080;\">15. <strong>Radioactive Man<\/strong> - Uranium - Radioactive Man (Rotters Golf Club, 2001)<\/span><br \/>\n<span style=\"color: #808080;\">16. Scene from The Thing - <strong>John Carpenter<\/strong>, 1982<\/span><br \/>\n<span style=\"color: #808080;\">17. <strong>Two Lone Swordsmen<\/strong> - Machine Maid - Tiny Reminders (Warp, 2000)<\/span><br \/>\n<span style=\"color: #808080;\">18. Scene from Dune - <strong>David Lynch<\/strong>, 1984<\/span><br \/>\n<span style=\"color: #808080;\">19. <strong>The Future Sound of London<\/strong> - My Kingdom - Dead Cities (Virgin, 1996)<\/span><br \/>\n<span style=\"color: #808080;\">20. <strong>Monolake<\/strong> - Mass Transit Railway - Hongkong (Chain Reaction, 1997)<\/span><br \/>\n<span style=\"color: #808080;\">21. Scene from 2001: A Space Odyssey - <strong>Stanley Kubrick<\/strong>, 1968<\/span><br \/>\n<span style=\"color: #808080;\">22. <strong>DJ Spooky That Subliminal Kid<\/strong> <strong>&amp; The Blue Series Continuum<\/strong> - Absentia Absentia (Dialectical Triangulation III) - Optometry (Thirsty Ear, 2002)<\/span><br \/>\n<span style=\"color: #808080;\">23. <strong>Basil Poledouris<\/strong> - Robo Lives - RoboCop (Var\u00e8se Sarabande, 1987)<\/span><br \/>\n<span style=\"color: #808080;\">24. <strong>Zeroh<\/strong> - Hydro - BLQLYTE (Leaving Records, 2020)<\/span><br \/>\n<span style=\"color: #808080;\">25. <strong>John Corigliano<\/strong> - Final Transformation - Altered States (RCA, 1980)<\/span><br \/>\n<span style=\"color: #808080;\">26. <strong>Claude Foisy<\/strong> - Pontypool - Pontypool (Terror Vision, 2019).<\/span><br \/>\n<span style=\"color: #808080;\">27. Words of <strong>Ursula K. Le Guin<\/strong><\/span><br \/>\n<span style=\"color: #808080;\">28. Scene from Blade Runner - <strong>Ridley Scott<\/strong>, 1982<\/span><br \/>\n<span style=\"color: #808080;\">29. <strong>Jean-Jacques Perrey<\/strong> - Pr\u00e9lude Au Sommeil - Pr\u00e9lude Au Sommeil (Institut Dormiphone, 1958)<\/span><br \/>\n<span style=\"color: #808080;\">30. <strong>Howard Shore<\/strong> - Body is Reality - Crimes of the Future (Decca, 2022)<\/span><\/p>","protected":false},"excerpt":{"rendered":"<p>Anank\u00e9 Cap\u00edtulo XXXIX Julio 2022 La tercera entrega de Sonido Ficci\u00f3n, la serie en la que ciencia ficci\u00f3n y m\u00fasica alien\u00edgena viven en simbiosis. El primer ensayo-sesi\u00f3n fue \u00e9ste: Anank\u00e9 #21 en el que algunas de mis autoras y autores favoritos comentaban su obra, a la vez que Black Quantum Futurism ejerc\u00edan de narradoras omniscientes. [&hellip;]<\/p>\n","protected":false},"author":19,"featured_media":0,"parent":0,"menu_order":0,"comment_status":"closed","ping_status":"closed","template":"","meta":{"footnotes":""},"class_list":["post-60032","page","type-page","status-publish","hentry"],"yoast_head":"<!-- This site is optimized with the Yoast SEO plugin v27.4 - https:\/\/yoast.com\/product\/yoast-seo-wordpress\/ -->\n<title>Ananke #39 -<\/title>\n<meta name=\"robots\" content=\"index, follow, max-snippet:-1, max-image-preview:large, max-video-preview:-1\" \/>\n<link rel=\"canonical\" href=\"https:\/\/teslafm.net\/en\/ananke-39\/\" \/>\n<meta property=\"og:locale\" content=\"en_US\" \/>\n<meta property=\"og:type\" content=\"article\" \/>\n<meta property=\"og:title\" content=\"Ananke #39 -\" \/>\n<meta property=\"og:description\" content=\"Anank\u00e9 Cap\u00edtulo XXXIX Julio 2022 La tercera entrega de Sonido Ficci\u00f3n, la serie en la que ciencia ficci\u00f3n y m\u00fasica alien\u00edgena viven en simbiosis. El primer ensayo-sesi\u00f3n fue \u00e9ste: Anank\u00e9 #21 en el que algunas de mis autoras y autores favoritos comentaban su obra, a la vez que Black Quantum Futurism ejerc\u00edan de narradoras omniscientes. [&hellip;]\" \/>\n<meta property=\"og:url\" content=\"https:\/\/teslafm.net\/en\/ananke-39\/\" \/>\n<meta property=\"article:publisher\" content=\"https:\/\/www.facebook.com\/teslafm.net\" \/>\n<meta property=\"article:modified_time\" content=\"2022-07-05T11:45:49+00:00\" \/>\n<meta property=\"og:image\" content=\"https:\/\/teslafm.net\/wp-content\/uploads\/2022\/09\/header-image-4-temp.png\" \/>\n\t<meta property=\"og:image:width\" content=\"1274\" \/>\n\t<meta property=\"og:image:height\" content=\"818\" \/>\n\t<meta property=\"og:image:type\" content=\"image\/png\" \/>\n<meta name=\"twitter:card\" content=\"summary_large_image\" \/>\n<meta name=\"twitter:site\" content=\"@teslafm\" \/>\n<meta name=\"twitter:label1\" content=\"Est. reading time\" \/>\n\t<meta name=\"twitter:data1\" content=\"1 minute\" \/>\n<script type=\"application\/ld+json\" class=\"yoast-schema-graph\">{\"@context\":\"https:\\\/\\\/schema.org\",\"@graph\":[{\"@type\":\"WebPage\",\"@id\":\"https:\\\/\\\/teslafm.net\\\/ananke-39\\\/\",\"url\":\"https:\\\/\\\/teslafm.net\\\/ananke-39\\\/\",\"name\":\"Ananke #39 -\",\"isPartOf\":{\"@id\":\"https:\\\/\\\/teslafm.net\\\/#website\"},\"datePublished\":\"2022-07-05T11:15:28+00:00\",\"dateModified\":\"2022-07-05T11:45:49+00:00\",\"breadcrumb\":{\"@id\":\"https:\\\/\\\/teslafm.net\\\/ananke-39\\\/#breadcrumb\"},\"inLanguage\":\"en-US\",\"potentialAction\":[{\"@type\":\"ReadAction\",\"target\":[\"https:\\\/\\\/teslafm.net\\\/ananke-39\\\/\"]}]},{\"@type\":\"BreadcrumbList\",\"@id\":\"https:\\\/\\\/teslafm.net\\\/ananke-39\\\/#breadcrumb\",\"itemListElement\":[{\"@type\":\"ListItem\",\"position\":1,\"name\":\"Portada\",\"item\":\"https:\\\/\\\/teslafm.net\\\/\"},{\"@type\":\"ListItem\",\"position\":2,\"name\":\"Ananke #39\"}]},{\"@type\":\"WebSite\",\"@id\":\"https:\\\/\\\/teslafm.net\\\/#website\",\"url\":\"https:\\\/\\\/teslafm.net\\\/\",\"name\":\"TeslaFM\",\"description\":\"An experimental and creative radio\",\"publisher\":{\"@id\":\"https:\\\/\\\/teslafm.net\\\/#organization\"},\"potentialAction\":[{\"@type\":\"SearchAction\",\"target\":{\"@type\":\"EntryPoint\",\"urlTemplate\":\"https:\\\/\\\/teslafm.net\\\/?s={search_term_string}\"},\"query-input\":{\"@type\":\"PropertyValueSpecification\",\"valueRequired\":true,\"valueName\":\"search_term_string\"}}],\"inLanguage\":\"en-US\"},{\"@type\":\"Organization\",\"@id\":\"https:\\\/\\\/teslafm.net\\\/#organization\",\"name\":\"TeslaFM\",\"url\":\"https:\\\/\\\/teslafm.net\\\/\",\"logo\":{\"@type\":\"ImageObject\",\"inLanguage\":\"en-US\",\"@id\":\"https:\\\/\\\/teslafm.net\\\/#\\\/schema\\\/logo\\\/image\\\/\",\"url\":\"https:\\\/\\\/teslafm.net\\\/wp-content\\\/uploads\\\/2020\\\/06\\\/logo-tesla.png\",\"contentUrl\":\"https:\\\/\\\/teslafm.net\\\/wp-content\\\/uploads\\\/2020\\\/06\\\/logo-tesla.png\",\"width\":512,\"height\":512,\"caption\":\"TeslaFM\"},\"image\":{\"@id\":\"https:\\\/\\\/teslafm.net\\\/#\\\/schema\\\/logo\\\/image\\\/\"},\"sameAs\":[\"https:\\\/\\\/www.facebook.com\\\/teslafm.net\",\"https:\\\/\\\/x.com\\\/teslafm\"]}]}<\/script>\n<!-- \/ Yoast SEO plugin. -->","yoast_head_json":{"title":"Ananke #39 -","robots":{"index":"index","follow":"follow","max-snippet":"max-snippet:-1","max-image-preview":"max-image-preview:large","max-video-preview":"max-video-preview:-1"},"canonical":"https:\/\/teslafm.net\/en\/ananke-39\/","og_locale":"en_US","og_type":"article","og_title":"Ananke #39 -","og_description":"Anank\u00e9 Cap\u00edtulo XXXIX Julio 2022 La tercera entrega de Sonido Ficci\u00f3n, la serie en la que ciencia ficci\u00f3n y m\u00fasica alien\u00edgena viven en simbiosis. El primer ensayo-sesi\u00f3n fue \u00e9ste: Anank\u00e9 #21 en el que algunas de mis autoras y autores favoritos comentaban su obra, a la vez que Black Quantum Futurism ejerc\u00edan de narradoras omniscientes. [&hellip;]","og_url":"https:\/\/teslafm.net\/en\/ananke-39\/","article_publisher":"https:\/\/www.facebook.com\/teslafm.net","article_modified_time":"2022-07-05T11:45:49+00:00","og_image":[{"width":1274,"height":818,"url":"https:\/\/teslafm.net\/wp-content\/uploads\/2022\/09\/header-image-4-temp.png","type":"image\/png"}],"twitter_card":"summary_large_image","twitter_site":"@teslafm","twitter_misc":{"Est. reading time":"1 minute"},"schema":{"@context":"https:\/\/schema.org","@graph":[{"@type":"WebPage","@id":"https:\/\/teslafm.net\/ananke-39\/","url":"https:\/\/teslafm.net\/ananke-39\/","name":"Ananke #39 -","isPartOf":{"@id":"https:\/\/teslafm.net\/#website"},"datePublished":"2022-07-05T11:15:28+00:00","dateModified":"2022-07-05T11:45:49+00:00","breadcrumb":{"@id":"https:\/\/teslafm.net\/ananke-39\/#breadcrumb"},"inLanguage":"en-US","potentialAction":[{"@type":"ReadAction","target":["https:\/\/teslafm.net\/ananke-39\/"]}]},{"@type":"BreadcrumbList","@id":"https:\/\/teslafm.net\/ananke-39\/#breadcrumb","itemListElement":[{"@type":"ListItem","position":1,"name":"Portada","item":"https:\/\/teslafm.net\/"},{"@type":"ListItem","position":2,"name":"Ananke #39"}]},{"@type":"WebSite","@id":"https:\/\/teslafm.net\/#website","url":"https:\/\/teslafm.net\/","name":"TeslaFM","description":"An experimental and creative radio","publisher":{"@id":"https:\/\/teslafm.net\/#organization"},"potentialAction":[{"@type":"SearchAction","target":{"@type":"EntryPoint","urlTemplate":"https:\/\/teslafm.net\/?s={search_term_string}"},"query-input":{"@type":"PropertyValueSpecification","valueRequired":true,"valueName":"search_term_string"}}],"inLanguage":"en-US"},{"@type":"Organization","@id":"https:\/\/teslafm.net\/#organization","name":"TeslaFM","url":"https:\/\/teslafm.net\/","logo":{"@type":"ImageObject","inLanguage":"en-US","@id":"https:\/\/teslafm.net\/#\/schema\/logo\/image\/","url":"https:\/\/teslafm.net\/wp-content\/uploads\/2020\/06\/logo-tesla.png","contentUrl":"https:\/\/teslafm.net\/wp-content\/uploads\/2020\/06\/logo-tesla.png","width":512,"height":512,"caption":"TeslaFM"},"image":{"@id":"https:\/\/teslafm.net\/#\/schema\/logo\/image\/"},"sameAs":["https:\/\/www.facebook.com\/teslafm.net","https:\/\/x.com\/teslafm"]}]}},"rttpg_featured_image_url":null,"rttpg_author":{"display_name":"Ishak","author_link":"https:\/\/teslafm.net\/en\/author\/cravan\/"},"rttpg_comment":0,"rttpg_category":null,"rttpg_excerpt":"Anank\u00e9 Cap\u00edtulo XXXIX Julio 2022 La tercera entrega de Sonido Ficci\u00f3n, la serie en la que ciencia ficci\u00f3n y m\u00fasica alien\u00edgena viven en simbiosis. El primer ensayo-sesi\u00f3n fue \u00e9ste: Anank\u00e9 #21 en el que algunas de mis autoras y autores favoritos comentaban su obra, a la vez que Black Quantum Futurism ejerc\u00edan de narradoras omniscientes.&hellip;","_links":{"self":[{"href":"https:\/\/teslafm.net\/en\/wp-json\/wp\/v2\/pages\/60032","targetHints":{"allow":["GET"]}}],"collection":[{"href":"https:\/\/teslafm.net\/en\/wp-json\/wp\/v2\/pages"}],"about":[{"href":"https:\/\/teslafm.net\/en\/wp-json\/wp\/v2\/types\/page"}],"author":[{"embeddable":true,"href":"https:\/\/teslafm.net\/en\/wp-json\/wp\/v2\/users\/19"}],"replies":[{"embeddable":true,"href":"https:\/\/teslafm.net\/en\/wp-json\/wp\/v2\/comments?post=60032"}],"version-history":[{"count":8,"href":"https:\/\/teslafm.net\/en\/wp-json\/wp\/v2\/pages\/60032\/revisions"}],"predecessor-version":[{"id":60041,"href":"https:\/\/teslafm.net\/en\/wp-json\/wp\/v2\/pages\/60032\/revisions\/60041"}],"wp:attachment":[{"href":"https:\/\/teslafm.net\/en\/wp-json\/wp\/v2\/media?parent=60032"}],"curies":[{"name":"wp","href":"https:\/\/api.w.org\/{rel}","templated":true}]}}