

{"id":60053,"date":"2022-07-08T15:41:02","date_gmt":"2022-07-08T13:41:02","guid":{"rendered":"https:\/\/teslafm.net\/?page_id=60053"},"modified":"2022-07-08T16:15:32","modified_gmt":"2022-07-08T14:15:32","slug":"eftos-42","status":"publish","type":"page","link":"https:\/\/teslafm.net\/en\/eftos-42\/","title":{"rendered":"EFTOS #42"},"content":{"rendered":"<div data-elementor-type=\"wp-page\" data-elementor-id=\"60053\" class=\"elementor elementor-60053\">\n\t\t\t\t\t\t<section class=\"elementor-section elementor-top-section elementor-element elementor-element-1ce68718 elementor-section-boxed elementor-section-height-default elementor-section-height-default\" data-id=\"1ce68718\" data-element_type=\"section\" data-e-type=\"section\">\n\t\t\t\t\t\t<div class=\"elementor-container elementor-column-gap-default\">\n\t\t\t\t\t<div class=\"elementor-column elementor-col-100 elementor-top-column elementor-element elementor-element-32ec54d4\" data-id=\"32ec54d4\" data-element_type=\"column\" data-e-type=\"column\">\n\t\t\t<div class=\"elementor-widget-wrap elementor-element-populated\">\n\t\t\t\t\t\t<div class=\"elementor-element elementor-element-6a0ed6ec elementor-widget elementor-widget-text-editor\" data-id=\"6a0ed6ec\" data-element_type=\"widget\" data-e-type=\"widget\" data-widget_type=\"text-editor.default\">\n\t\t\t\t<div class=\"elementor-widget-container\">\n\t\t\t\t\t\t\t\t\t<h2><span style=\"color: #ffffff;\"><strong>EFTOS #42<\/strong><\/span><\/h2><p><span style=\"color: #808080;\"><em>July 2022<\/em><\/span><\/p><p><iframe src=\"https:\/\/www.mixcloud.com\/widget\/iframe\/?hide_cover=1&amp;feed=%2FTeslafm_net%2Femissions-from-the-other-side-42-gonzo%2F\" width=\"100%\" height=\"120\" frameborder=\"0\"><\/iframe><\/p>\t\t\t\t\t\t\t\t<\/div>\n\t\t\t\t<\/div>\n\t\t\t\t\t<\/div>\n\t\t<\/div>\n\t\t\t\t\t<\/div>\n\t\t<\/section>\n\t\t\t\t<section class=\"elementor-section elementor-top-section elementor-element elementor-element-93a3e05 elementor-section-boxed elementor-section-height-default elementor-section-height-default\" data-id=\"93a3e05\" data-element_type=\"section\" data-e-type=\"section\">\n\t\t\t\t\t\t<div class=\"elementor-container elementor-column-gap-default\">\n\t\t\t\t\t<div class=\"elementor-column elementor-col-50 elementor-top-column elementor-element elementor-element-909fe72\" data-id=\"909fe72\" data-element_type=\"column\" data-e-type=\"column\">\n\t\t\t<div class=\"elementor-widget-wrap elementor-element-populated\">\n\t\t\t\t\t\t<div class=\"elementor-element elementor-element-03583c7 elementor-widget elementor-widget-image\" data-id=\"03583c7\" data-element_type=\"widget\" data-e-type=\"widget\" data-widget_type=\"image.default\">\n\t\t\t\t<div class=\"elementor-widget-container\">\n\t\t\t\t\t\t\t\t\t\t\t\t\t\t\t<img fetchpriority=\"high\" decoding=\"async\" width=\"800\" height=\"800\" src=\"https:\/\/teslafm.net\/wp-content\/uploads\/2022\/07\/EFTOS-42.jpg\" class=\"attachment-large size-large wp-image-60057\" alt=\"\" srcset=\"https:\/\/teslafm.net\/wp-content\/uploads\/2022\/07\/EFTOS-42.jpg 800w, https:\/\/teslafm.net\/wp-content\/uploads\/2022\/07\/EFTOS-42-300x300.jpg 300w, https:\/\/teslafm.net\/wp-content\/uploads\/2022\/07\/EFTOS-42-150x150.jpg 150w, https:\/\/teslafm.net\/wp-content\/uploads\/2022\/07\/EFTOS-42-768x768.jpg 768w\" sizes=\"(max-width: 800px) 100vw, 800px\" \/>\t\t\t\t\t\t\t\t\t\t\t\t\t\t\t<\/div>\n\t\t\t\t<\/div>\n\t\t\t\t\t<\/div>\n\t\t<\/div>\n\t\t\t\t<div class=\"elementor-column elementor-col-50 elementor-top-column elementor-element elementor-element-27d0d40\" data-id=\"27d0d40\" data-element_type=\"column\" data-e-type=\"column\">\n\t\t\t<div class=\"elementor-widget-wrap elementor-element-populated\">\n\t\t\t\t\t\t<div class=\"elementor-element elementor-element-d308423 elementor-widget elementor-widget-text-editor\" data-id=\"d308423\" data-element_type=\"widget\" data-e-type=\"widget\" data-widget_type=\"text-editor.default\">\n\t\t\t\t<div class=\"elementor-widget-container\">\n\t\t\t\t\t\t\t\t\t<p><span style=\"color: #808080;\">01. <strong>Ex Ponto<\/strong> - In A Quarry...Far, Far Away<\/span><br \/><span style=\"color: #808080;\">02. <strong>Holy Tongue<\/strong> - Between The Vessel And The Light<\/span><br \/><span style=\"color: #808080;\">03. <strong>The Rootsman vs Muslimgauze<\/strong> - Hebron<\/span><br \/><span style=\"color: #808080;\">04. <strong>Best Available Technology<\/strong> - Nickel Plated<\/span><br \/><span style=\"color: #808080;\">05. <strong>Steve Pepe<\/strong> - Arabia per Delfina<\/span><br \/><span style=\"color: #808080;\">06. <strong>Cabaret Du Ciel<\/strong> - A New Day<\/span><br \/><span style=\"color: #808080;\">07. <strong>Anatolian Weapons<\/strong> - We Travel The Spaceways<\/span><br \/><span style=\"color: #808080;\">08. <strong>St\u00e5\u00e5lf\u00e5gel<\/strong> - Svarta H\u00e5l<\/span><br \/><span style=\"color: #808080;\">09. <strong>Bill Laswell &amp; Opening Performance Orchestra<\/strong> feat. <strong>William S. Burroughs<\/strong> - Naming the Seven Souls (Mix-Translation)<\/span><br \/><span style=\"color: #808080;\">10. <strong>Ex Ponto<\/strong> - Karst Plateau<\/span><br \/><span style=\"color: #808080;\">11. <strong>Kot Kot<\/strong> - \u043a\u0430\u0440\u0430\u043d\u0434\u0430\u0448\u043e\u043c<\/span><\/p>\t\t\t\t\t\t\t\t<\/div>\n\t\t\t\t<\/div>\n\t\t\t\t\t<\/div>\n\t\t<\/div>\n\t\t\t\t\t<\/div>\n\t\t<\/section>\n\t\t\t\t<\/div>","protected":false},"excerpt":{"rendered":"<p>EFTOS #42 Julio 2022 01. Ex Ponto &#8211; In A Quarry&#8230;Far, Far Away02. Holy Tongue &#8211; Between The Vessel And The Light03. The Rootsman vs Muslimgauze &#8211; Hebron04. Best Available Technology &#8211; Nickel Plated05. Steve Pepe &#8211; Arabia per Delfina06. Cabaret Du Ciel &#8211; A New Day07. Anatolian Weapons &#8211; We Travel The Spaceways08. St\u00e5\u00e5lf\u00e5gel [&hellip;]<\/p>\n","protected":false},"author":19,"featured_media":0,"parent":0,"menu_order":0,"comment_status":"closed","ping_status":"closed","template":"","meta":{"footnotes":""},"class_list":["post-60053","page","type-page","status-publish","hentry"],"yoast_head":"<!-- This site is optimized with the Yoast SEO plugin v27.4 - https:\/\/yoast.com\/product\/yoast-seo-wordpress\/ -->\n<title>EFTOS #42 -<\/title>\n<meta name=\"robots\" content=\"index, follow, max-snippet:-1, max-image-preview:large, max-video-preview:-1\" \/>\n<link rel=\"canonical\" href=\"https:\/\/teslafm.net\/en\/eftos-42\/\" \/>\n<meta property=\"og:locale\" content=\"en_US\" \/>\n<meta property=\"og:type\" content=\"article\" \/>\n<meta property=\"og:title\" content=\"EFTOS #42 -\" \/>\n<meta property=\"og:description\" content=\"EFTOS #42 Julio 2022 01. Ex Ponto &#8211; In A Quarry&#8230;Far, Far Away02. Holy Tongue &#8211; Between The Vessel And The Light03. The Rootsman vs Muslimgauze &#8211; Hebron04. Best Available Technology &#8211; Nickel Plated05. Steve Pepe &#8211; Arabia per Delfina06. Cabaret Du Ciel &#8211; A New Day07. Anatolian Weapons &#8211; We Travel The Spaceways08. St\u00e5\u00e5lf\u00e5gel [&hellip;]\" \/>\n<meta property=\"og:url\" content=\"https:\/\/teslafm.net\/en\/eftos-42\/\" \/>\n<meta property=\"article:publisher\" content=\"https:\/\/www.facebook.com\/teslafm.net\" \/>\n<meta property=\"article:modified_time\" content=\"2022-07-08T14:15:32+00:00\" \/>\n<meta property=\"og:image\" content=\"https:\/\/teslafm.net\/wp-content\/uploads\/2022\/07\/EFTOS-42.jpg\" \/>\n<meta name=\"twitter:card\" content=\"summary_large_image\" \/>\n<meta name=\"twitter:site\" content=\"@teslafm\" \/>\n<meta name=\"twitter:label1\" content=\"Est. reading time\" \/>\n\t<meta name=\"twitter:data1\" content=\"1 minute\" \/>\n<script type=\"application\/ld+json\" class=\"yoast-schema-graph\">{\"@context\":\"https:\\\/\\\/schema.org\",\"@graph\":[{\"@type\":\"WebPage\",\"@id\":\"https:\\\/\\\/teslafm.net\\\/eftos-42\\\/\",\"url\":\"https:\\\/\\\/teslafm.net\\\/eftos-42\\\/\",\"name\":\"EFTOS #42 -\",\"isPartOf\":{\"@id\":\"https:\\\/\\\/teslafm.net\\\/#website\"},\"primaryImageOfPage\":{\"@id\":\"https:\\\/\\\/teslafm.net\\\/eftos-42\\\/#primaryimage\"},\"image\":{\"@id\":\"https:\\\/\\\/teslafm.net\\\/eftos-42\\\/#primaryimage\"},\"thumbnailUrl\":\"https:\\\/\\\/teslafm.net\\\/wp-content\\\/uploads\\\/2022\\\/07\\\/EFTOS-42.jpg\",\"datePublished\":\"2022-07-08T13:41:02+00:00\",\"dateModified\":\"2022-07-08T14:15:32+00:00\",\"breadcrumb\":{\"@id\":\"https:\\\/\\\/teslafm.net\\\/eftos-42\\\/#breadcrumb\"},\"inLanguage\":\"en-US\",\"potentialAction\":[{\"@type\":\"ReadAction\",\"target\":[\"https:\\\/\\\/teslafm.net\\\/eftos-42\\\/\"]}]},{\"@type\":\"ImageObject\",\"inLanguage\":\"en-US\",\"@id\":\"https:\\\/\\\/teslafm.net\\\/eftos-42\\\/#primaryimage\",\"url\":\"https:\\\/\\\/teslafm.net\\\/wp-content\\\/uploads\\\/2022\\\/07\\\/EFTOS-42.jpg\",\"contentUrl\":\"https:\\\/\\\/teslafm.net\\\/wp-content\\\/uploads\\\/2022\\\/07\\\/EFTOS-42.jpg\"},{\"@type\":\"BreadcrumbList\",\"@id\":\"https:\\\/\\\/teslafm.net\\\/eftos-42\\\/#breadcrumb\",\"itemListElement\":[{\"@type\":\"ListItem\",\"position\":1,\"name\":\"Portada\",\"item\":\"https:\\\/\\\/teslafm.net\\\/\"},{\"@type\":\"ListItem\",\"position\":2,\"name\":\"EFTOS #42\"}]},{\"@type\":\"WebSite\",\"@id\":\"https:\\\/\\\/teslafm.net\\\/#website\",\"url\":\"https:\\\/\\\/teslafm.net\\\/\",\"name\":\"TeslaFM\",\"description\":\"An experimental and creative radio\",\"publisher\":{\"@id\":\"https:\\\/\\\/teslafm.net\\\/#organization\"},\"potentialAction\":[{\"@type\":\"SearchAction\",\"target\":{\"@type\":\"EntryPoint\",\"urlTemplate\":\"https:\\\/\\\/teslafm.net\\\/?s={search_term_string}\"},\"query-input\":{\"@type\":\"PropertyValueSpecification\",\"valueRequired\":true,\"valueName\":\"search_term_string\"}}],\"inLanguage\":\"en-US\"},{\"@type\":\"Organization\",\"@id\":\"https:\\\/\\\/teslafm.net\\\/#organization\",\"name\":\"TeslaFM\",\"url\":\"https:\\\/\\\/teslafm.net\\\/\",\"logo\":{\"@type\":\"ImageObject\",\"inLanguage\":\"en-US\",\"@id\":\"https:\\\/\\\/teslafm.net\\\/#\\\/schema\\\/logo\\\/image\\\/\",\"url\":\"https:\\\/\\\/teslafm.net\\\/wp-content\\\/uploads\\\/2020\\\/06\\\/logo-tesla.png\",\"contentUrl\":\"https:\\\/\\\/teslafm.net\\\/wp-content\\\/uploads\\\/2020\\\/06\\\/logo-tesla.png\",\"width\":512,\"height\":512,\"caption\":\"TeslaFM\"},\"image\":{\"@id\":\"https:\\\/\\\/teslafm.net\\\/#\\\/schema\\\/logo\\\/image\\\/\"},\"sameAs\":[\"https:\\\/\\\/www.facebook.com\\\/teslafm.net\",\"https:\\\/\\\/x.com\\\/teslafm\"]}]}<\/script>\n<!-- \/ Yoast SEO plugin. -->","yoast_head_json":{"title":"EFTOS #42 -","robots":{"index":"index","follow":"follow","max-snippet":"max-snippet:-1","max-image-preview":"max-image-preview:large","max-video-preview":"max-video-preview:-1"},"canonical":"https:\/\/teslafm.net\/en\/eftos-42\/","og_locale":"en_US","og_type":"article","og_title":"EFTOS #42 -","og_description":"EFTOS #42 Julio 2022 01. Ex Ponto &#8211; In A Quarry&#8230;Far, Far Away02. Holy Tongue &#8211; Between The Vessel And The Light03. The Rootsman vs Muslimgauze &#8211; Hebron04. Best Available Technology &#8211; Nickel Plated05. Steve Pepe &#8211; Arabia per Delfina06. Cabaret Du Ciel &#8211; A New Day07. Anatolian Weapons &#8211; We Travel The Spaceways08. St\u00e5\u00e5lf\u00e5gel [&hellip;]","og_url":"https:\/\/teslafm.net\/en\/eftos-42\/","article_publisher":"https:\/\/www.facebook.com\/teslafm.net","article_modified_time":"2022-07-08T14:15:32+00:00","og_image":[{"url":"https:\/\/teslafm.net\/wp-content\/uploads\/2022\/07\/EFTOS-42.jpg","type":"","width":"","height":""}],"twitter_card":"summary_large_image","twitter_site":"@teslafm","twitter_misc":{"Est. reading time":"1 minute"},"schema":{"@context":"https:\/\/schema.org","@graph":[{"@type":"WebPage","@id":"https:\/\/teslafm.net\/eftos-42\/","url":"https:\/\/teslafm.net\/eftos-42\/","name":"EFTOS #42 -","isPartOf":{"@id":"https:\/\/teslafm.net\/#website"},"primaryImageOfPage":{"@id":"https:\/\/teslafm.net\/eftos-42\/#primaryimage"},"image":{"@id":"https:\/\/teslafm.net\/eftos-42\/#primaryimage"},"thumbnailUrl":"https:\/\/teslafm.net\/wp-content\/uploads\/2022\/07\/EFTOS-42.jpg","datePublished":"2022-07-08T13:41:02+00:00","dateModified":"2022-07-08T14:15:32+00:00","breadcrumb":{"@id":"https:\/\/teslafm.net\/eftos-42\/#breadcrumb"},"inLanguage":"en-US","potentialAction":[{"@type":"ReadAction","target":["https:\/\/teslafm.net\/eftos-42\/"]}]},{"@type":"ImageObject","inLanguage":"en-US","@id":"https:\/\/teslafm.net\/eftos-42\/#primaryimage","url":"https:\/\/teslafm.net\/wp-content\/uploads\/2022\/07\/EFTOS-42.jpg","contentUrl":"https:\/\/teslafm.net\/wp-content\/uploads\/2022\/07\/EFTOS-42.jpg"},{"@type":"BreadcrumbList","@id":"https:\/\/teslafm.net\/eftos-42\/#breadcrumb","itemListElement":[{"@type":"ListItem","position":1,"name":"Portada","item":"https:\/\/teslafm.net\/"},{"@type":"ListItem","position":2,"name":"EFTOS #42"}]},{"@type":"WebSite","@id":"https:\/\/teslafm.net\/#website","url":"https:\/\/teslafm.net\/","name":"TeslaFM","description":"An experimental and creative radio","publisher":{"@id":"https:\/\/teslafm.net\/#organization"},"potentialAction":[{"@type":"SearchAction","target":{"@type":"EntryPoint","urlTemplate":"https:\/\/teslafm.net\/?s={search_term_string}"},"query-input":{"@type":"PropertyValueSpecification","valueRequired":true,"valueName":"search_term_string"}}],"inLanguage":"en-US"},{"@type":"Organization","@id":"https:\/\/teslafm.net\/#organization","name":"TeslaFM","url":"https:\/\/teslafm.net\/","logo":{"@type":"ImageObject","inLanguage":"en-US","@id":"https:\/\/teslafm.net\/#\/schema\/logo\/image\/","url":"https:\/\/teslafm.net\/wp-content\/uploads\/2020\/06\/logo-tesla.png","contentUrl":"https:\/\/teslafm.net\/wp-content\/uploads\/2020\/06\/logo-tesla.png","width":512,"height":512,"caption":"TeslaFM"},"image":{"@id":"https:\/\/teslafm.net\/#\/schema\/logo\/image\/"},"sameAs":["https:\/\/www.facebook.com\/teslafm.net","https:\/\/x.com\/teslafm"]}]}},"rttpg_featured_image_url":null,"rttpg_author":{"display_name":"Ishak","author_link":"https:\/\/teslafm.net\/en\/author\/cravan\/"},"rttpg_comment":0,"rttpg_category":null,"rttpg_excerpt":"EFTOS #42 Julio 2022 01. Ex Ponto &#8211; In A Quarry&#8230;Far, Far Away02. Holy Tongue &#8211; Between The Vessel And The Light03. The Rootsman vs Muslimgauze &#8211; Hebron04. Best Available Technology &#8211; Nickel Plated05. Steve Pepe &#8211; Arabia per Delfina06. Cabaret Du Ciel &#8211; A New Day07. Anatolian Weapons &#8211; We Travel The Spaceways08. St\u00e5\u00e5lf\u00e5gel&hellip;","_links":{"self":[{"href":"https:\/\/teslafm.net\/en\/wp-json\/wp\/v2\/pages\/60053","targetHints":{"allow":["GET"]}}],"collection":[{"href":"https:\/\/teslafm.net\/en\/wp-json\/wp\/v2\/pages"}],"about":[{"href":"https:\/\/teslafm.net\/en\/wp-json\/wp\/v2\/types\/page"}],"author":[{"embeddable":true,"href":"https:\/\/teslafm.net\/en\/wp-json\/wp\/v2\/users\/19"}],"replies":[{"embeddable":true,"href":"https:\/\/teslafm.net\/en\/wp-json\/wp\/v2\/comments?post=60053"}],"version-history":[{"count":4,"href":"https:\/\/teslafm.net\/en\/wp-json\/wp\/v2\/pages\/60053\/revisions"}],"predecessor-version":[{"id":60060,"href":"https:\/\/teslafm.net\/en\/wp-json\/wp\/v2\/pages\/60053\/revisions\/60060"}],"wp:attachment":[{"href":"https:\/\/teslafm.net\/en\/wp-json\/wp\/v2\/media?parent=60053"}],"curies":[{"name":"wp","href":"https:\/\/api.w.org\/{rel}","templated":true}]}}