

{"id":60068,"date":"2022-07-12T15:53:47","date_gmt":"2022-07-12T13:53:47","guid":{"rendered":"https:\/\/teslafm.net\/?page_id=60068"},"modified":"2022-07-12T16:09:42","modified_gmt":"2022-07-12T14:09:42","slug":"ones-de-crom-11","status":"publish","type":"page","link":"https:\/\/teslafm.net\/en\/ones-de-crom-11\/","title":{"rendered":"Ones de Crom #11"},"content":{"rendered":"<div data-elementor-type=\"wp-page\" data-elementor-id=\"60068\" class=\"elementor elementor-60068\">\n\t\t\t\t\t\t<section class=\"elementor-section elementor-top-section elementor-element elementor-element-31605a3b elementor-section-boxed elementor-section-height-default elementor-section-height-default\" data-id=\"31605a3b\" data-element_type=\"section\" data-e-type=\"section\">\n\t\t\t\t\t\t<div class=\"elementor-container elementor-column-gap-default\">\n\t\t\t\t\t<div class=\"elementor-column elementor-col-100 elementor-top-column elementor-element elementor-element-3a1d204d\" data-id=\"3a1d204d\" data-element_type=\"column\" data-e-type=\"column\">\n\t\t\t<div class=\"elementor-widget-wrap elementor-element-populated\">\n\t\t\t\t\t\t<div class=\"elementor-element elementor-element-7d45b97b elementor-widget elementor-widget-text-editor\" data-id=\"7d45b97b\" data-element_type=\"widget\" data-e-type=\"widget\" data-widget_type=\"text-editor.default\">\n\t\t\t\t<div class=\"elementor-widget-container\">\n\t\t\t\t\t\t\t\t\t<h2><span style=\"color: #ffffff;\"><strong>Ones de Crom #11<\/strong><\/span><\/h2><p><span style=\"color: #808080;\"><em>Three<\/em><\/span><\/p><p><iframe src=\"https:\/\/www.mixcloud.com\/widget\/iframe\/?hide_cover=1&amp;feed=%2FTeslafm_net%2Fones-de-crom-11-emili-mir%C3%B3%2F\" width=\"100%\" height=\"120\" frameborder=\"0\"><\/iframe><\/p>\t\t\t\t\t\t\t\t<\/div>\n\t\t\t\t<\/div>\n\t\t\t\t\t<\/div>\n\t\t<\/div>\n\t\t\t\t\t<\/div>\n\t\t<\/section>\n\t\t\t\t<section class=\"elementor-section elementor-top-section elementor-element elementor-element-7dad9bb elementor-section-boxed elementor-section-height-default elementor-section-height-default\" data-id=\"7dad9bb\" data-element_type=\"section\" data-e-type=\"section\">\n\t\t\t\t\t\t<div class=\"elementor-container elementor-column-gap-default\">\n\t\t\t\t\t<div class=\"elementor-column elementor-col-50 elementor-top-column elementor-element elementor-element-a29bd79\" data-id=\"a29bd79\" data-element_type=\"column\" data-e-type=\"column\">\n\t\t\t<div class=\"elementor-widget-wrap elementor-element-populated\">\n\t\t\t\t\t\t<div class=\"elementor-element elementor-element-a17ab1f elementor-widget elementor-widget-image\" data-id=\"a17ab1f\" data-element_type=\"widget\" data-e-type=\"widget\" data-widget_type=\"image.default\">\n\t\t\t\t<div class=\"elementor-widget-container\">\n\t\t\t\t\t\t\t\t\t\t\t\t\t\t\t<img fetchpriority=\"high\" decoding=\"async\" width=\"425\" height=\"310\" src=\"https:\/\/teslafm.net\/wp-content\/uploads\/2022\/07\/TRES.jpg\" class=\"attachment-large size-large wp-image-60071\" alt=\"\" srcset=\"https:\/\/teslafm.net\/wp-content\/uploads\/2022\/07\/TRES.jpg 425w, https:\/\/teslafm.net\/wp-content\/uploads\/2022\/07\/TRES-300x219.jpg 300w\" sizes=\"(max-width: 425px) 100vw, 425px\" \/>\t\t\t\t\t\t\t\t\t\t\t\t\t\t\t<\/div>\n\t\t\t\t<\/div>\n\t\t\t\t\t<\/div>\n\t\t<\/div>\n\t\t\t\t<div class=\"elementor-column elementor-col-50 elementor-top-column elementor-element elementor-element-0c217fc\" data-id=\"0c217fc\" data-element_type=\"column\" data-e-type=\"column\">\n\t\t\t<div class=\"elementor-widget-wrap elementor-element-populated\">\n\t\t\t\t\t\t<div class=\"elementor-element elementor-element-8e88adc elementor-widget elementor-widget-text-editor\" data-id=\"8e88adc\" data-element_type=\"widget\" data-e-type=\"widget\" data-widget_type=\"text-editor.default\">\n\t\t\t\t<div class=\"elementor-widget-container\">\n\t\t\t\t\t\t\t\t\t<p><span style=\"color: #808080;\">19 d'octubre 2016<\/span><\/p><p><span style=\"color: #808080;\">Emission in tribute to <strong>Three<\/strong>who left us on October 5, 2016. A musician who apart from participating in catalan formations of progressive and electronic experimentation in the 80's, he has been recognized for his activism around the concept of silence in sound. Let's choose the groups where he contributed his views: <strong>Klamm<\/strong> since \"Red Africa\" (1983) with its progressive funk and post-punk hereus de <strong>King Crimson<\/strong> and <strong>Van Der Graaf Generator<\/strong> or the work \"Dark Fields\" (1983) with <strong>T<\/strong>They were influenced by industrial and electronic music and experimented with field recordings and sound manipulation. Together with the musician and visual artist <strong>Zush<\/strong> will release \"Evrugo Mental State\" (1989) on it showed new-wave, electronica, rock and sampledelia.<\/span><\/p><p lang=\"ca-ES\"><span style=\"color: #808080;\">From his trajectory of the last few years around the concept of silence in sound creation, we add the works \"67\u2032 of S.I.L.E.N.C.E by 3\" (1999), offering recorded sounds created with the idea of interfering with silence, \"Dodecamut\" (2002) on silencing concerts of the Municipal Band of Barcelona and \"The Conceptual High Volume Silence\" (1999) where we listen to recordings made to musicians and DJs to offer their vision of silence in a theme, from which we have chosen <strong>Surgeon<\/strong>, <strong>Ian Pooley<\/strong> and <strong>Angel Molina<\/strong>.<\/span><\/p>\t\t\t\t\t\t\t\t<\/div>\n\t\t\t\t<\/div>\n\t\t\t\t\t<\/div>\n\t\t<\/div>\n\t\t\t\t\t<\/div>\n\t\t<\/section>\n\t\t\t\t<\/div>","protected":false},"excerpt":{"rendered":"<p>Ones de Crom #11 Tres 19 d&#8217;octubre 2016 Emissi\u00f3 en homenatge a Tres, que ens va deixar el 5 d&#8217;octubre d&#8217;aquest 2016. Un m\u00fasic que apart de participar en formacions catalanes d&#8217;experimentaci\u00f3 progressiva i electr\u00f2nica als anys 80, se l&#8217;ha reconegut pel seu activisme entorn el concepte del silenci en el so. Escoltem els grups [&hellip;]<\/p>\n","protected":false},"author":19,"featured_media":0,"parent":0,"menu_order":0,"comment_status":"closed","ping_status":"closed","template":"","meta":{"footnotes":""},"class_list":["post-60068","page","type-page","status-publish","hentry"],"yoast_head":"<!-- This site is optimized with the Yoast SEO plugin v27.2 - https:\/\/yoast.com\/product\/yoast-seo-wordpress\/ -->\n<title>Ones de Crom #11 -<\/title>\n<meta name=\"robots\" content=\"index, follow, max-snippet:-1, max-image-preview:large, max-video-preview:-1\" \/>\n<link rel=\"canonical\" href=\"https:\/\/teslafm.net\/en\/ones-de-crom-11\/\" \/>\n<meta property=\"og:locale\" content=\"en_US\" \/>\n<meta property=\"og:type\" content=\"article\" \/>\n<meta property=\"og:title\" content=\"Ones de Crom #11 -\" \/>\n<meta property=\"og:description\" content=\"Ones de Crom #11 Tres 19 d&#8217;octubre 2016 Emissi\u00f3 en homenatge a Tres, que ens va deixar el 5 d&#8217;octubre d&#8217;aquest 2016. Un m\u00fasic que apart de participar en formacions catalanes d&#8217;experimentaci\u00f3 progressiva i electr\u00f2nica als anys 80, se l&#8217;ha reconegut pel seu activisme entorn el concepte del silenci en el so. Escoltem els grups [&hellip;]\" \/>\n<meta property=\"og:url\" content=\"https:\/\/teslafm.net\/en\/ones-de-crom-11\/\" \/>\n<meta property=\"article:publisher\" content=\"https:\/\/www.facebook.com\/teslafm.net\" \/>\n<meta property=\"article:modified_time\" content=\"2022-07-12T14:09:42+00:00\" \/>\n<meta property=\"og:image\" content=\"https:\/\/teslafm.net\/wp-content\/uploads\/2022\/07\/TRES.jpg\" \/>\n<meta name=\"twitter:card\" content=\"summary_large_image\" \/>\n<meta name=\"twitter:site\" content=\"@teslafm\" \/>\n<meta name=\"twitter:label1\" content=\"Est. reading time\" \/>\n\t<meta name=\"twitter:data1\" content=\"2 minutes\" \/>\n<script type=\"application\/ld+json\" class=\"yoast-schema-graph\">{\"@context\":\"https:\/\/schema.org\",\"@graph\":[{\"@type\":\"WebPage\",\"@id\":\"https:\/\/teslafm.net\/ones-de-crom-11\/\",\"url\":\"https:\/\/teslafm.net\/ones-de-crom-11\/\",\"name\":\"Ones de Crom #11 -\",\"isPartOf\":{\"@id\":\"https:\/\/teslafm.net\/#website\"},\"primaryImageOfPage\":{\"@id\":\"https:\/\/teslafm.net\/ones-de-crom-11\/#primaryimage\"},\"image\":{\"@id\":\"https:\/\/teslafm.net\/ones-de-crom-11\/#primaryimage\"},\"thumbnailUrl\":\"https:\/\/teslafm.net\/wp-content\/uploads\/2022\/07\/TRES.jpg\",\"datePublished\":\"2022-07-12T13:53:47+00:00\",\"dateModified\":\"2022-07-12T14:09:42+00:00\",\"breadcrumb\":{\"@id\":\"https:\/\/teslafm.net\/ones-de-crom-11\/#breadcrumb\"},\"inLanguage\":\"en-US\",\"potentialAction\":[{\"@type\":\"ReadAction\",\"target\":[\"https:\/\/teslafm.net\/ones-de-crom-11\/\"]}]},{\"@type\":\"ImageObject\",\"inLanguage\":\"en-US\",\"@id\":\"https:\/\/teslafm.net\/ones-de-crom-11\/#primaryimage\",\"url\":\"https:\/\/teslafm.net\/wp-content\/uploads\/2022\/07\/TRES.jpg\",\"contentUrl\":\"https:\/\/teslafm.net\/wp-content\/uploads\/2022\/07\/TRES.jpg\"},{\"@type\":\"BreadcrumbList\",\"@id\":\"https:\/\/teslafm.net\/ones-de-crom-11\/#breadcrumb\",\"itemListElement\":[{\"@type\":\"ListItem\",\"position\":1,\"name\":\"Portada\",\"item\":\"https:\/\/teslafm.net\/\"},{\"@type\":\"ListItem\",\"position\":2,\"name\":\"Ones de Crom #11\"}]},{\"@type\":\"WebSite\",\"@id\":\"https:\/\/teslafm.net\/#website\",\"url\":\"https:\/\/teslafm.net\/\",\"name\":\"TeslaFM\",\"description\":\"An experimental and creative radio\",\"publisher\":{\"@id\":\"https:\/\/teslafm.net\/#organization\"},\"potentialAction\":[{\"@type\":\"SearchAction\",\"target\":{\"@type\":\"EntryPoint\",\"urlTemplate\":\"https:\/\/teslafm.net\/?s={search_term_string}\"},\"query-input\":{\"@type\":\"PropertyValueSpecification\",\"valueRequired\":true,\"valueName\":\"search_term_string\"}}],\"inLanguage\":\"en-US\"},{\"@type\":\"Organization\",\"@id\":\"https:\/\/teslafm.net\/#organization\",\"name\":\"TeslaFM\",\"url\":\"https:\/\/teslafm.net\/\",\"logo\":{\"@type\":\"ImageObject\",\"inLanguage\":\"en-US\",\"@id\":\"https:\/\/teslafm.net\/#\/schema\/logo\/image\/\",\"url\":\"https:\/\/teslafm.net\/wp-content\/uploads\/2020\/06\/logo-tesla.png\",\"contentUrl\":\"https:\/\/teslafm.net\/wp-content\/uploads\/2020\/06\/logo-tesla.png\",\"width\":512,\"height\":512,\"caption\":\"TeslaFM\"},\"image\":{\"@id\":\"https:\/\/teslafm.net\/#\/schema\/logo\/image\/\"},\"sameAs\":[\"https:\/\/www.facebook.com\/teslafm.net\",\"https:\/\/x.com\/teslafm\"]}]}<\/script>\n<!-- \/ Yoast SEO plugin. -->","yoast_head_json":{"title":"Ones de Crom #11 -","robots":{"index":"index","follow":"follow","max-snippet":"max-snippet:-1","max-image-preview":"max-image-preview:large","max-video-preview":"max-video-preview:-1"},"canonical":"https:\/\/teslafm.net\/en\/ones-de-crom-11\/","og_locale":"en_US","og_type":"article","og_title":"Ones de Crom #11 -","og_description":"Ones de Crom #11 Tres 19 d&#8217;octubre 2016 Emissi\u00f3 en homenatge a Tres, que ens va deixar el 5 d&#8217;octubre d&#8217;aquest 2016. Un m\u00fasic que apart de participar en formacions catalanes d&#8217;experimentaci\u00f3 progressiva i electr\u00f2nica als anys 80, se l&#8217;ha reconegut pel seu activisme entorn el concepte del silenci en el so. Escoltem els grups [&hellip;]","og_url":"https:\/\/teslafm.net\/en\/ones-de-crom-11\/","article_publisher":"https:\/\/www.facebook.com\/teslafm.net","article_modified_time":"2022-07-12T14:09:42+00:00","og_image":[{"url":"https:\/\/teslafm.net\/wp-content\/uploads\/2022\/07\/TRES.jpg","type":"","width":"","height":""}],"twitter_card":"summary_large_image","twitter_site":"@teslafm","twitter_misc":{"Est. reading time":"2 minutes"},"schema":{"@context":"https:\/\/schema.org","@graph":[{"@type":"WebPage","@id":"https:\/\/teslafm.net\/ones-de-crom-11\/","url":"https:\/\/teslafm.net\/ones-de-crom-11\/","name":"Ones de Crom #11 -","isPartOf":{"@id":"https:\/\/teslafm.net\/#website"},"primaryImageOfPage":{"@id":"https:\/\/teslafm.net\/ones-de-crom-11\/#primaryimage"},"image":{"@id":"https:\/\/teslafm.net\/ones-de-crom-11\/#primaryimage"},"thumbnailUrl":"https:\/\/teslafm.net\/wp-content\/uploads\/2022\/07\/TRES.jpg","datePublished":"2022-07-12T13:53:47+00:00","dateModified":"2022-07-12T14:09:42+00:00","breadcrumb":{"@id":"https:\/\/teslafm.net\/ones-de-crom-11\/#breadcrumb"},"inLanguage":"en-US","potentialAction":[{"@type":"ReadAction","target":["https:\/\/teslafm.net\/ones-de-crom-11\/"]}]},{"@type":"ImageObject","inLanguage":"en-US","@id":"https:\/\/teslafm.net\/ones-de-crom-11\/#primaryimage","url":"https:\/\/teslafm.net\/wp-content\/uploads\/2022\/07\/TRES.jpg","contentUrl":"https:\/\/teslafm.net\/wp-content\/uploads\/2022\/07\/TRES.jpg"},{"@type":"BreadcrumbList","@id":"https:\/\/teslafm.net\/ones-de-crom-11\/#breadcrumb","itemListElement":[{"@type":"ListItem","position":1,"name":"Portada","item":"https:\/\/teslafm.net\/"},{"@type":"ListItem","position":2,"name":"Ones de Crom #11"}]},{"@type":"WebSite","@id":"https:\/\/teslafm.net\/#website","url":"https:\/\/teslafm.net\/","name":"TeslaFM","description":"An experimental and creative radio","publisher":{"@id":"https:\/\/teslafm.net\/#organization"},"potentialAction":[{"@type":"SearchAction","target":{"@type":"EntryPoint","urlTemplate":"https:\/\/teslafm.net\/?s={search_term_string}"},"query-input":{"@type":"PropertyValueSpecification","valueRequired":true,"valueName":"search_term_string"}}],"inLanguage":"en-US"},{"@type":"Organization","@id":"https:\/\/teslafm.net\/#organization","name":"TeslaFM","url":"https:\/\/teslafm.net\/","logo":{"@type":"ImageObject","inLanguage":"en-US","@id":"https:\/\/teslafm.net\/#\/schema\/logo\/image\/","url":"https:\/\/teslafm.net\/wp-content\/uploads\/2020\/06\/logo-tesla.png","contentUrl":"https:\/\/teslafm.net\/wp-content\/uploads\/2020\/06\/logo-tesla.png","width":512,"height":512,"caption":"TeslaFM"},"image":{"@id":"https:\/\/teslafm.net\/#\/schema\/logo\/image\/"},"sameAs":["https:\/\/www.facebook.com\/teslafm.net","https:\/\/x.com\/teslafm"]}]}},"rttpg_featured_image_url":null,"rttpg_author":{"display_name":"Ishak","author_link":"https:\/\/teslafm.net\/en\/author\/cravan\/"},"rttpg_comment":0,"rttpg_category":null,"rttpg_excerpt":"Ones de Crom #11 Tres 19 d&#8217;octubre 2016 Emissi\u00f3 en homenatge a Tres, que ens va deixar el 5 d&#8217;octubre d&#8217;aquest 2016. Un m\u00fasic que apart de participar en formacions catalanes d&#8217;experimentaci\u00f3 progressiva i electr\u00f2nica als anys 80, se l&#8217;ha reconegut pel seu activisme entorn el concepte del silenci en el so. Escoltem els grups&hellip;","_links":{"self":[{"href":"https:\/\/teslafm.net\/en\/wp-json\/wp\/v2\/pages\/60068","targetHints":{"allow":["GET"]}}],"collection":[{"href":"https:\/\/teslafm.net\/en\/wp-json\/wp\/v2\/pages"}],"about":[{"href":"https:\/\/teslafm.net\/en\/wp-json\/wp\/v2\/types\/page"}],"author":[{"embeddable":true,"href":"https:\/\/teslafm.net\/en\/wp-json\/wp\/v2\/users\/19"}],"replies":[{"embeddable":true,"href":"https:\/\/teslafm.net\/en\/wp-json\/wp\/v2\/comments?post=60068"}],"version-history":[{"count":4,"href":"https:\/\/teslafm.net\/en\/wp-json\/wp\/v2\/pages\/60068\/revisions"}],"predecessor-version":[{"id":60074,"href":"https:\/\/teslafm.net\/en\/wp-json\/wp\/v2\/pages\/60068\/revisions\/60074"}],"wp:attachment":[{"href":"https:\/\/teslafm.net\/en\/wp-json\/wp\/v2\/media?parent=60068"}],"curies":[{"name":"wp","href":"https:\/\/api.w.org\/{rel}","templated":true}]}}