

{"id":60098,"date":"2022-07-19T16:29:46","date_gmt":"2022-07-19T14:29:46","guid":{"rendered":"https:\/\/teslafm.net\/?page_id=60098"},"modified":"2022-07-19T16:41:29","modified_gmt":"2022-07-19T14:41:29","slug":"space-oddity-recollection-35","status":"publish","type":"page","link":"https:\/\/teslafm.net\/en\/space-oddity-recollection-35\/","title":{"rendered":"Space Oddity Recollection #35"},"content":{"rendered":"<div data-elementor-type=\"wp-page\" data-elementor-id=\"60098\" class=\"elementor elementor-60098\">\n\t\t\t\t\t\t<section class=\"elementor-section elementor-top-section elementor-element elementor-element-29692172 elementor-section-boxed elementor-section-height-default elementor-section-height-default\" data-id=\"29692172\" data-element_type=\"section\" data-e-type=\"section\">\n\t\t\t\t\t\t<div class=\"elementor-container elementor-column-gap-default\">\n\t\t\t\t\t<div class=\"elementor-column elementor-col-100 elementor-top-column elementor-element elementor-element-518c8285\" data-id=\"518c8285\" data-element_type=\"column\" data-e-type=\"column\">\n\t\t\t<div class=\"elementor-widget-wrap elementor-element-populated\">\n\t\t\t\t\t\t<div class=\"elementor-element elementor-element-445cf9c0 elementor-widget elementor-widget-text-editor\" data-id=\"445cf9c0\" data-element_type=\"widget\" data-e-type=\"widget\" data-widget_type=\"text-editor.default\">\n\t\t\t\t<div class=\"elementor-widget-container\">\n\t\t\t\t\t\t\t\t\t<h2><span style=\"color: #ffffff;\"><strong>Space Oddity Recollection #35<\/strong><\/span><\/h2><p><span style=\"color: #808080;\"><em>July 2022<\/em><\/span><\/p><p><iframe src=\"https:\/\/www.mixcloud.com\/widget\/iframe\/?hide_cover=1&amp;feed=%2FTeslafm_net%2Fspace-oddity-recollection-35-monika-pich%2F\" width=\"100%\" height=\"120\" frameborder=\"0\"><\/iframe><\/p>\t\t\t\t\t\t\t\t<\/div>\n\t\t\t\t<\/div>\n\t\t\t\t\t<\/div>\n\t\t<\/div>\n\t\t\t\t\t<\/div>\n\t\t<\/section>\n\t\t\t\t<section class=\"elementor-section elementor-top-section elementor-element elementor-element-50dc673 elementor-section-boxed elementor-section-height-default elementor-section-height-default\" data-id=\"50dc673\" data-element_type=\"section\" data-e-type=\"section\">\n\t\t\t\t\t\t<div class=\"elementor-container elementor-column-gap-default\">\n\t\t\t\t\t<div class=\"elementor-column elementor-col-50 elementor-top-column elementor-element elementor-element-caa45d6\" data-id=\"caa45d6\" data-element_type=\"column\" data-e-type=\"column\">\n\t\t\t<div class=\"elementor-widget-wrap elementor-element-populated\">\n\t\t\t\t\t\t<div class=\"elementor-element elementor-element-7190501 elementor-widget elementor-widget-image\" data-id=\"7190501\" data-element_type=\"widget\" data-e-type=\"widget\" data-widget_type=\"image.default\">\n\t\t\t\t<div class=\"elementor-widget-container\">\n\t\t\t\t\t\t\t\t\t\t\t\t\t\t\t<img fetchpriority=\"high\" decoding=\"async\" width=\"472\" height=\"472\" src=\"https:\/\/teslafm.net\/wp-content\/uploads\/2022\/07\/Rachel-Margetts.jpg\" class=\"attachment-large size-large wp-image-60099\" alt=\"\" srcset=\"https:\/\/teslafm.net\/wp-content\/uploads\/2022\/07\/Rachel-Margetts.jpg 472w, https:\/\/teslafm.net\/wp-content\/uploads\/2022\/07\/Rachel-Margetts-300x300.jpg 300w, https:\/\/teslafm.net\/wp-content\/uploads\/2022\/07\/Rachel-Margetts-150x150.jpg 150w\" sizes=\"(max-width: 472px) 100vw, 472px\" \/>\t\t\t\t\t\t\t\t\t\t\t\t\t\t\t<\/div>\n\t\t\t\t<\/div>\n\t\t\t\t\t<\/div>\n\t\t<\/div>\n\t\t\t\t<div class=\"elementor-column elementor-col-50 elementor-top-column elementor-element elementor-element-1540e5b\" data-id=\"1540e5b\" data-element_type=\"column\" data-e-type=\"column\">\n\t\t\t<div class=\"elementor-widget-wrap elementor-element-populated\">\n\t\t\t\t\t\t<div class=\"elementor-element elementor-element-80eb724 elementor-widget elementor-widget-text-editor\" data-id=\"80eb724\" data-element_type=\"widget\" data-e-type=\"widget\" data-widget_type=\"text-editor.default\">\n\t\t\t\t<div class=\"elementor-widget-container\">\n\t\t\t\t\t\t\t\t\t<p><span style=\"color: #808080;\"><em>Rachel Margetts - Yr Lovely Dead Moon<\/em><\/span><\/p><p><span style=\"color: #808080;\"><em>Yr Lovely Dead Moon<\/em> created by the writer, singer, producer, multi-instrumentalist and performer <strong>Rachel Margetts<\/strong>an artist from the northeast of England who lives in Berlin. We will hear some excerpts from her first full-length album, \"Yr Lovely Dead Moon\", released on October 16, 2020, and also six tracks from the second album, \"Don't Look Now!\" released on June 17, 2022. The albums offer a melodic yet unpredictable journey, a spoken word mosaic of electronic experimentation, post-punk, electro, jazz and concrete music. Unlike their 2020 debut, compiling years of recordings, 'Don't Look Now' was written exclusively in Berlin. Here, even during the onset of the international pandemic, Margetts watched his adopted city mutate out of shape under the pressure of the oppressive forces of modernity. A world in which hypercapitalism, vicious regeneration and political misinformation threaten more than just creativity.<\/span><\/p>\t\t\t\t\t\t\t\t<\/div>\n\t\t\t\t<\/div>\n\t\t\t\t\t<\/div>\n\t\t<\/div>\n\t\t\t\t\t<\/div>\n\t\t<\/section>\n\t\t\t\t<section class=\"elementor-section elementor-top-section elementor-element elementor-element-597dae8 elementor-section-boxed elementor-section-height-default elementor-section-height-default\" data-id=\"597dae8\" data-element_type=\"section\" data-e-type=\"section\">\n\t\t\t\t\t\t<div class=\"elementor-container elementor-column-gap-default\">\n\t\t\t\t\t<div class=\"elementor-column elementor-col-50 elementor-top-column elementor-element elementor-element-6acfa3e\" data-id=\"6acfa3e\" data-element_type=\"column\" data-e-type=\"column\">\n\t\t\t<div class=\"elementor-widget-wrap elementor-element-populated\">\n\t\t\t\t\t\t<div class=\"elementor-element elementor-element-f3f1b3c elementor-widget elementor-widget-text-editor\" data-id=\"f3f1b3c\" data-element_type=\"widget\" data-e-type=\"widget\" data-widget_type=\"text-editor.default\">\n\t\t\t\t<div class=\"elementor-widget-container\">\n\t\t\t\t\t\t\t\t\t<p><span style=\"color: #808080;\">Credits of the first album<\/span><\/p><p><span style=\"color: #808080;\">Text and music written and composed by <strong>Rachel Margetts<\/strong><\/span><br \/><span style=\"color: #808080;\">Co-produced by <strong>Rachel Margetts<\/strong> and <strong>Joseph Campbell<\/strong><\/span><\/p><p><span style=\"color: #808080;\">Voice, electronics, clarinet and guitar: <strong>Rachel Margetts<\/strong><\/span><br \/><span style=\"color: #808080;\">Low: <strong>Joseph Campbell<\/strong><\/span><br \/><span style=\"color: #808080;\">Voice: <strong>Odie Ji Ghast<\/strong><\/span><br \/><span style=\"color: #808080;\">Guitar: <strong>Ben Osborn<\/strong><\/span><\/p><p><span style=\"color: #808080;\">Mixed by <strong>Joseph Campbell<\/strong><\/span><\/p>\t\t\t\t\t\t\t\t<\/div>\n\t\t\t\t<\/div>\n\t\t\t\t\t<\/div>\n\t\t<\/div>\n\t\t\t\t<div class=\"elementor-column elementor-col-50 elementor-top-column elementor-element elementor-element-52c6082\" data-id=\"52c6082\" data-element_type=\"column\" data-e-type=\"column\">\n\t\t\t<div class=\"elementor-widget-wrap elementor-element-populated\">\n\t\t\t\t\t\t<div class=\"elementor-element elementor-element-8871781 elementor-widget elementor-widget-text-editor\" data-id=\"8871781\" data-element_type=\"widget\" data-e-type=\"widget\" data-widget_type=\"text-editor.default\">\n\t\t\t\t<div class=\"elementor-widget-container\">\n\t\t\t\t\t\t\t\t\t<p><span style=\"color: #808080;\">Second album credits:<\/span><\/p><p><span style=\"color: #808080;\">Written, recorded and produced by <strong>Rachel Margetts<\/strong>.<\/span><br \/><span style=\"color: #808080;\">Voice, electronics, clarinet, piano and bass by <strong>Rachel Margetts<\/strong><\/span><br \/><span style=\"color: #808080;\">Piano: <strong>Andreas Werner<\/strong><\/span><br \/><span style=\"color: #808080;\">Guitar and bass: <strong>Susanna Risberg<\/strong><\/span><br \/><span style=\"color: #808080;\">Voice: <strong>Odie Ji Ghast<\/strong><\/span><br \/><span style=\"color: #808080;\">Violin: <strong>Alice Colley<\/strong><\/span><\/p><p><span style=\"color: #808080;\">Mixed by <strong>Isa Bassi<\/strong><\/span><br \/><span style=\"color: #808080;\">Mastered by <strong>Rupert Clervaux<\/strong><\/span><\/p>\t\t\t\t\t\t\t\t<\/div>\n\t\t\t\t<\/div>\n\t\t\t\t\t<\/div>\n\t\t<\/div>\n\t\t\t\t\t<\/div>\n\t\t<\/section>\n\t\t\t\t<section class=\"elementor-section elementor-top-section elementor-element elementor-element-3d505cf elementor-section-boxed elementor-section-height-default elementor-section-height-default\" data-id=\"3d505cf\" data-element_type=\"section\" data-e-type=\"section\">\n\t\t\t\t\t\t<div class=\"elementor-container elementor-column-gap-default\">\n\t\t\t\t\t<div class=\"elementor-column elementor-col-100 elementor-top-column elementor-element elementor-element-afcbafe\" data-id=\"afcbafe\" data-element_type=\"column\" data-e-type=\"column\">\n\t\t\t<div class=\"elementor-widget-wrap elementor-element-populated\">\n\t\t\t\t\t\t<div class=\"elementor-element elementor-element-f17aaac elementor-widget elementor-widget-text-editor\" data-id=\"f17aaac\" data-element_type=\"widget\" data-e-type=\"widget\" data-widget_type=\"text-editor.default\">\n\t\t\t\t<div class=\"elementor-widget-container\">\n\t\t\t\t\t\t\t\t\t<p><span style=\"color: #808080;\">Links:<\/span><\/p><p class=\"western\"><span style=\"color: #0000ff;\"><u><a href=\"https:\/\/lnk.to\/dontlooknow\" target=\"_blank\" rel=\"noopener\"><span style=\"font-family: Times New Roman, serif;\">https:\/\/lnk.to\/dontlooknow<\/span><\/a><\/u><\/span><\/p><p class=\"western\"><u><a href=\"https:\/\/www.factmag.com\/2021\/01\/16\/yr-lovely-dead-moon-le-tempestaire\/?fbclid=IwAR1_bqeDK4iGeFD4LPMDgJjhU9WvfwFMvX2VBiFC5QJ2Izbd9XrQF7_Lq5M\" target=\"_blank\" rel=\"noopener\"><span style=\"font-family: Times New Roman, serif;\"><span style=\"color: #0000ff;\">https:\/\/www.factmag.com\/2021\/01\/16\/yr-lovely-dead-moon-le-tempestaire\/<\/span><\/span><\/a><\/u><\/p><p class=\"western\"><span style=\"color: #0000ff;\"><u><a href=\"https:\/\/www.instagram.com\/yrlovelydeadmoon\/\" target=\"_blank\" rel=\"noopener\"><span style=\"font-family: Times New Roman, serif;\">https:\/\/www.instagram.com\/yrlovelydeadmoon\/<\/span><\/a><\/u><\/span><\/p><p><span style=\"color: #808080;\">Enjoy the mixtrack, July 2022', produced by <strong>monikapich<\/strong><\/span><\/p>\t\t\t\t\t\t\t\t<\/div>\n\t\t\t\t<\/div>\n\t\t\t\t\t<\/div>\n\t\t<\/div>\n\t\t\t\t\t<\/div>\n\t\t<\/section>\n\t\t\t\t<\/div>","protected":false},"excerpt":{"rendered":"<p>Space Oddity Recollection #35 Julio 2022 Rachel Margetts &#8211; Yr Lovely Dead Moon Yr Lovely Dead Moon creado por la escritora, cantante, productora, multiinstrumentista e int\u00e9rprete Rachel Margetts, una artista del noreste de Inglaterra que vive en Berl\u00edn. Escucharemos algunos extractos de su primer \u00e1lbum de larga duraci\u00f3n, \u00abYr Lovely Dead Moon\u00bb, lanzado el 16 [&hellip;]<\/p>\n","protected":false},"author":19,"featured_media":0,"parent":0,"menu_order":0,"comment_status":"closed","ping_status":"closed","template":"","meta":{"footnotes":""},"class_list":["post-60098","page","type-page","status-publish","hentry"],"yoast_head":"<!-- This site is optimized with the Yoast SEO plugin v27.4 - https:\/\/yoast.com\/product\/yoast-seo-wordpress\/ -->\n<title>Space Oddity Recollection #35 -<\/title>\n<meta name=\"robots\" content=\"index, follow, max-snippet:-1, max-image-preview:large, max-video-preview:-1\" \/>\n<link rel=\"canonical\" href=\"https:\/\/teslafm.net\/en\/space-oddity-recollection-35\/\" \/>\n<meta property=\"og:locale\" content=\"en_US\" \/>\n<meta property=\"og:type\" content=\"article\" \/>\n<meta property=\"og:title\" content=\"Space Oddity Recollection #35 -\" \/>\n<meta property=\"og:description\" content=\"Space Oddity Recollection #35 Julio 2022 Rachel Margetts &#8211; Yr Lovely Dead Moon Yr Lovely Dead Moon creado por la escritora, cantante, productora, multiinstrumentista e int\u00e9rprete Rachel Margetts, una artista del noreste de Inglaterra que vive en Berl\u00edn. Escucharemos algunos extractos de su primer \u00e1lbum de larga duraci\u00f3n, \u00abYr Lovely Dead Moon\u00bb, lanzado el 16 [&hellip;]\" \/>\n<meta property=\"og:url\" content=\"https:\/\/teslafm.net\/en\/space-oddity-recollection-35\/\" \/>\n<meta property=\"article:publisher\" content=\"https:\/\/www.facebook.com\/teslafm.net\" \/>\n<meta property=\"article:modified_time\" content=\"2022-07-19T14:41:29+00:00\" \/>\n<meta property=\"og:image\" content=\"https:\/\/teslafm.net\/wp-content\/uploads\/2022\/07\/Rachel-Margetts.jpg\" \/>\n<meta name=\"twitter:card\" content=\"summary_large_image\" \/>\n<meta name=\"twitter:site\" content=\"@teslafm\" \/>\n<meta name=\"twitter:label1\" content=\"Est. reading time\" \/>\n\t<meta name=\"twitter:data1\" content=\"2 minutes\" \/>\n<script type=\"application\/ld+json\" class=\"yoast-schema-graph\">{\"@context\":\"https:\\\/\\\/schema.org\",\"@graph\":[{\"@type\":\"WebPage\",\"@id\":\"https:\\\/\\\/teslafm.net\\\/space-oddity-recollection-35\\\/\",\"url\":\"https:\\\/\\\/teslafm.net\\\/space-oddity-recollection-35\\\/\",\"name\":\"Space Oddity Recollection #35 -\",\"isPartOf\":{\"@id\":\"https:\\\/\\\/teslafm.net\\\/#website\"},\"primaryImageOfPage\":{\"@id\":\"https:\\\/\\\/teslafm.net\\\/space-oddity-recollection-35\\\/#primaryimage\"},\"image\":{\"@id\":\"https:\\\/\\\/teslafm.net\\\/space-oddity-recollection-35\\\/#primaryimage\"},\"thumbnailUrl\":\"https:\\\/\\\/teslafm.net\\\/wp-content\\\/uploads\\\/2022\\\/07\\\/Rachel-Margetts.jpg\",\"datePublished\":\"2022-07-19T14:29:46+00:00\",\"dateModified\":\"2022-07-19T14:41:29+00:00\",\"breadcrumb\":{\"@id\":\"https:\\\/\\\/teslafm.net\\\/space-oddity-recollection-35\\\/#breadcrumb\"},\"inLanguage\":\"en-US\",\"potentialAction\":[{\"@type\":\"ReadAction\",\"target\":[\"https:\\\/\\\/teslafm.net\\\/space-oddity-recollection-35\\\/\"]}]},{\"@type\":\"ImageObject\",\"inLanguage\":\"en-US\",\"@id\":\"https:\\\/\\\/teslafm.net\\\/space-oddity-recollection-35\\\/#primaryimage\",\"url\":\"https:\\\/\\\/teslafm.net\\\/wp-content\\\/uploads\\\/2022\\\/07\\\/Rachel-Margetts.jpg\",\"contentUrl\":\"https:\\\/\\\/teslafm.net\\\/wp-content\\\/uploads\\\/2022\\\/07\\\/Rachel-Margetts.jpg\"},{\"@type\":\"BreadcrumbList\",\"@id\":\"https:\\\/\\\/teslafm.net\\\/space-oddity-recollection-35\\\/#breadcrumb\",\"itemListElement\":[{\"@type\":\"ListItem\",\"position\":1,\"name\":\"Portada\",\"item\":\"https:\\\/\\\/teslafm.net\\\/\"},{\"@type\":\"ListItem\",\"position\":2,\"name\":\"Space Oddity Recollection #35\"}]},{\"@type\":\"WebSite\",\"@id\":\"https:\\\/\\\/teslafm.net\\\/#website\",\"url\":\"https:\\\/\\\/teslafm.net\\\/\",\"name\":\"TeslaFM\",\"description\":\"An experimental and creative radio\",\"publisher\":{\"@id\":\"https:\\\/\\\/teslafm.net\\\/#organization\"},\"potentialAction\":[{\"@type\":\"SearchAction\",\"target\":{\"@type\":\"EntryPoint\",\"urlTemplate\":\"https:\\\/\\\/teslafm.net\\\/?s={search_term_string}\"},\"query-input\":{\"@type\":\"PropertyValueSpecification\",\"valueRequired\":true,\"valueName\":\"search_term_string\"}}],\"inLanguage\":\"en-US\"},{\"@type\":\"Organization\",\"@id\":\"https:\\\/\\\/teslafm.net\\\/#organization\",\"name\":\"TeslaFM\",\"url\":\"https:\\\/\\\/teslafm.net\\\/\",\"logo\":{\"@type\":\"ImageObject\",\"inLanguage\":\"en-US\",\"@id\":\"https:\\\/\\\/teslafm.net\\\/#\\\/schema\\\/logo\\\/image\\\/\",\"url\":\"https:\\\/\\\/teslafm.net\\\/wp-content\\\/uploads\\\/2020\\\/06\\\/logo-tesla.png\",\"contentUrl\":\"https:\\\/\\\/teslafm.net\\\/wp-content\\\/uploads\\\/2020\\\/06\\\/logo-tesla.png\",\"width\":512,\"height\":512,\"caption\":\"TeslaFM\"},\"image\":{\"@id\":\"https:\\\/\\\/teslafm.net\\\/#\\\/schema\\\/logo\\\/image\\\/\"},\"sameAs\":[\"https:\\\/\\\/www.facebook.com\\\/teslafm.net\",\"https:\\\/\\\/x.com\\\/teslafm\"]}]}<\/script>\n<!-- \/ Yoast SEO plugin. -->","yoast_head_json":{"title":"Space Oddity Recollection #35 -","robots":{"index":"index","follow":"follow","max-snippet":"max-snippet:-1","max-image-preview":"max-image-preview:large","max-video-preview":"max-video-preview:-1"},"canonical":"https:\/\/teslafm.net\/en\/space-oddity-recollection-35\/","og_locale":"en_US","og_type":"article","og_title":"Space Oddity Recollection #35 -","og_description":"Space Oddity Recollection #35 Julio 2022 Rachel Margetts &#8211; Yr Lovely Dead Moon Yr Lovely Dead Moon creado por la escritora, cantante, productora, multiinstrumentista e int\u00e9rprete Rachel Margetts, una artista del noreste de Inglaterra que vive en Berl\u00edn. Escucharemos algunos extractos de su primer \u00e1lbum de larga duraci\u00f3n, \u00abYr Lovely Dead Moon\u00bb, lanzado el 16 [&hellip;]","og_url":"https:\/\/teslafm.net\/en\/space-oddity-recollection-35\/","article_publisher":"https:\/\/www.facebook.com\/teslafm.net","article_modified_time":"2022-07-19T14:41:29+00:00","og_image":[{"url":"https:\/\/teslafm.net\/wp-content\/uploads\/2022\/07\/Rachel-Margetts.jpg","type":"","width":"","height":""}],"twitter_card":"summary_large_image","twitter_site":"@teslafm","twitter_misc":{"Est. reading time":"2 minutes"},"schema":{"@context":"https:\/\/schema.org","@graph":[{"@type":"WebPage","@id":"https:\/\/teslafm.net\/space-oddity-recollection-35\/","url":"https:\/\/teslafm.net\/space-oddity-recollection-35\/","name":"Space Oddity Recollection #35 -","isPartOf":{"@id":"https:\/\/teslafm.net\/#website"},"primaryImageOfPage":{"@id":"https:\/\/teslafm.net\/space-oddity-recollection-35\/#primaryimage"},"image":{"@id":"https:\/\/teslafm.net\/space-oddity-recollection-35\/#primaryimage"},"thumbnailUrl":"https:\/\/teslafm.net\/wp-content\/uploads\/2022\/07\/Rachel-Margetts.jpg","datePublished":"2022-07-19T14:29:46+00:00","dateModified":"2022-07-19T14:41:29+00:00","breadcrumb":{"@id":"https:\/\/teslafm.net\/space-oddity-recollection-35\/#breadcrumb"},"inLanguage":"en-US","potentialAction":[{"@type":"ReadAction","target":["https:\/\/teslafm.net\/space-oddity-recollection-35\/"]}]},{"@type":"ImageObject","inLanguage":"en-US","@id":"https:\/\/teslafm.net\/space-oddity-recollection-35\/#primaryimage","url":"https:\/\/teslafm.net\/wp-content\/uploads\/2022\/07\/Rachel-Margetts.jpg","contentUrl":"https:\/\/teslafm.net\/wp-content\/uploads\/2022\/07\/Rachel-Margetts.jpg"},{"@type":"BreadcrumbList","@id":"https:\/\/teslafm.net\/space-oddity-recollection-35\/#breadcrumb","itemListElement":[{"@type":"ListItem","position":1,"name":"Portada","item":"https:\/\/teslafm.net\/"},{"@type":"ListItem","position":2,"name":"Space Oddity Recollection #35"}]},{"@type":"WebSite","@id":"https:\/\/teslafm.net\/#website","url":"https:\/\/teslafm.net\/","name":"TeslaFM","description":"An experimental and creative radio","publisher":{"@id":"https:\/\/teslafm.net\/#organization"},"potentialAction":[{"@type":"SearchAction","target":{"@type":"EntryPoint","urlTemplate":"https:\/\/teslafm.net\/?s={search_term_string}"},"query-input":{"@type":"PropertyValueSpecification","valueRequired":true,"valueName":"search_term_string"}}],"inLanguage":"en-US"},{"@type":"Organization","@id":"https:\/\/teslafm.net\/#organization","name":"TeslaFM","url":"https:\/\/teslafm.net\/","logo":{"@type":"ImageObject","inLanguage":"en-US","@id":"https:\/\/teslafm.net\/#\/schema\/logo\/image\/","url":"https:\/\/teslafm.net\/wp-content\/uploads\/2020\/06\/logo-tesla.png","contentUrl":"https:\/\/teslafm.net\/wp-content\/uploads\/2020\/06\/logo-tesla.png","width":512,"height":512,"caption":"TeslaFM"},"image":{"@id":"https:\/\/teslafm.net\/#\/schema\/logo\/image\/"},"sameAs":["https:\/\/www.facebook.com\/teslafm.net","https:\/\/x.com\/teslafm"]}]}},"rttpg_featured_image_url":null,"rttpg_author":{"display_name":"Ishak","author_link":"https:\/\/teslafm.net\/en\/author\/cravan\/"},"rttpg_comment":0,"rttpg_category":null,"rttpg_excerpt":"Space Oddity Recollection #35 Julio 2022 Rachel Margetts &#8211; Yr Lovely Dead Moon Yr Lovely Dead Moon creado por la escritora, cantante, productora, multiinstrumentista e int\u00e9rprete Rachel Margetts, una artista del noreste de Inglaterra que vive en Berl\u00edn. Escucharemos algunos extractos de su primer \u00e1lbum de larga duraci\u00f3n, \u00abYr Lovely Dead Moon\u00bb, lanzado el 16&hellip;","_links":{"self":[{"href":"https:\/\/teslafm.net\/en\/wp-json\/wp\/v2\/pages\/60098","targetHints":{"allow":["GET"]}}],"collection":[{"href":"https:\/\/teslafm.net\/en\/wp-json\/wp\/v2\/pages"}],"about":[{"href":"https:\/\/teslafm.net\/en\/wp-json\/wp\/v2\/types\/page"}],"author":[{"embeddable":true,"href":"https:\/\/teslafm.net\/en\/wp-json\/wp\/v2\/users\/19"}],"replies":[{"embeddable":true,"href":"https:\/\/teslafm.net\/en\/wp-json\/wp\/v2\/comments?post=60098"}],"version-history":[{"count":4,"href":"https:\/\/teslafm.net\/en\/wp-json\/wp\/v2\/pages\/60098\/revisions"}],"predecessor-version":[{"id":60104,"href":"https:\/\/teslafm.net\/en\/wp-json\/wp\/v2\/pages\/60098\/revisions\/60104"}],"wp:attachment":[{"href":"https:\/\/teslafm.net\/en\/wp-json\/wp\/v2\/media?parent=60098"}],"curies":[{"name":"wp","href":"https:\/\/api.w.org\/{rel}","templated":true}]}}