

{"id":60140,"date":"2022-08-06T11:54:34","date_gmt":"2022-08-06T09:54:34","guid":{"rendered":"https:\/\/teslafm.net\/?page_id=60140"},"modified":"2023-12-18T18:06:05","modified_gmt":"2023-12-18T17:06:05","slug":"modulisme","status":"publish","type":"page","link":"https:\/\/teslafm.net\/en\/modulisme\/","title":{"rendered":"Modulisme"},"content":{"rendered":"<div data-elementor-type=\"wp-page\" data-elementor-id=\"60140\" class=\"elementor elementor-60140\">\n\t\t\t\t\t\t<section class=\"elementor-section elementor-top-section elementor-element elementor-element-560c44c elementor-section-boxed elementor-section-height-default elementor-section-height-default\" data-id=\"560c44c\" data-element_type=\"section\" data-e-type=\"section\">\n\t\t\t\t\t\t<div class=\"elementor-container elementor-column-gap-default\">\n\t\t\t\t\t<div class=\"elementor-column elementor-col-33 elementor-top-column elementor-element elementor-element-160e8de\" data-id=\"160e8de\" data-element_type=\"column\" data-e-type=\"column\">\n\t\t\t<div class=\"elementor-widget-wrap elementor-element-populated\">\n\t\t\t\t\t\t<div class=\"elementor-element elementor-element-677f484 elementor-widget elementor-widget-image\" data-id=\"677f484\" data-element_type=\"widget\" data-e-type=\"widget\" data-widget_type=\"image.default\">\n\t\t\t\t<div class=\"elementor-widget-container\">\n\t\t\t\t\t\t\t\t\t\t\t\t\t\t\t<img fetchpriority=\"high\" decoding=\"async\" width=\"300\" height=\"300\" src=\"https:\/\/teslafm.net\/wp-content\/uploads\/2022\/08\/philippe-petit-300x300.jpg\" class=\"attachment-medium size-medium wp-image-60135\" alt=\"\" srcset=\"https:\/\/teslafm.net\/wp-content\/uploads\/2022\/08\/philippe-petit-300x300.jpg 300w, https:\/\/teslafm.net\/wp-content\/uploads\/2022\/08\/philippe-petit-150x150.jpg 150w, https:\/\/teslafm.net\/wp-content\/uploads\/2022\/08\/philippe-petit-768x768.jpg 768w, https:\/\/teslafm.net\/wp-content\/uploads\/2022\/08\/philippe-petit.jpg 1000w\" sizes=\"(max-width: 300px) 100vw, 300px\" \/>\t\t\t\t\t\t\t\t\t\t\t\t\t\t\t<\/div>\n\t\t\t\t<\/div>\n\t\t\t\t\t<\/div>\n\t\t<\/div>\n\t\t\t\t<div class=\"elementor-column elementor-col-33 elementor-top-column elementor-element elementor-element-64ce6e2\" data-id=\"64ce6e2\" data-element_type=\"column\" data-e-type=\"column\" data-settings=\"{&quot;background_background&quot;:&quot;classic&quot;}\">\n\t\t\t<div class=\"elementor-widget-wrap elementor-element-populated\">\n\t\t\t\t\t\t<div class=\"elementor-element elementor-element-1e2ea5f elementor-widget elementor-widget-heading\" data-id=\"1e2ea5f\" data-element_type=\"widget\" data-e-type=\"widget\" data-widget_type=\"heading.default\">\n\t\t\t\t<div class=\"elementor-widget-container\">\n\t\t\t\t\t<h2 class=\"elementor-heading-title elementor-size-default\">PHILIPPE PETIT<\/h2>\t\t\t\t<\/div>\n\t\t\t\t<\/div>\n\t\t\t\t<div class=\"elementor-element elementor-element-e85f8d3 elementor-widget elementor-widget-text-editor\" data-id=\"e85f8d3\" data-element_type=\"widget\" data-e-type=\"widget\" data-widget_type=\"text-editor.default\">\n\t\t\t\t<div class=\"elementor-widget-container\">\n\t\t\t\t\t\t\t\t\t<p>Journalist for several magazines and radio DJ since 1983, as well as music activist, <a href=\"http:\/\/www.philippepetit.info\/\" target=\"_blank\" rel=\"noopener\">Philippe Petit<\/a> has celebrated more than 35 years of sharing and transmitting his musical passions. Since the early 2000s, Petit has worked as a \"music travel agent and has been performing all over the world\". He feels fortunate to release on several international labels such as Opa-Loka, Oscillations, Aagoo, Southern UK, Monotype, B\u00f6lt, Beta Lactam Ring, Sub Rosa, Important, Public Eyesore, and Staubgold....<\/p>\t\t\t\t\t\t\t\t<\/div>\n\t\t\t\t<\/div>\n\t\t\t\t\t<\/div>\n\t\t<\/div>\n\t\t\t\t<div class=\"elementor-column elementor-col-33 elementor-top-column elementor-element elementor-element-ccd2914\" data-id=\"ccd2914\" data-element_type=\"column\" data-e-type=\"column\" data-settings=\"{&quot;background_background&quot;:&quot;classic&quot;}\">\n\t\t\t<div class=\"elementor-widget-wrap elementor-element-populated\">\n\t\t\t\t\t\t<div class=\"elementor-element elementor-element-bfb8e0a elementor-widget elementor-widget-heading\" data-id=\"bfb8e0a\" data-element_type=\"widget\" data-e-type=\"widget\" data-widget_type=\"heading.default\">\n\t\t\t\t<div class=\"elementor-widget-container\">\n\t\t\t\t\t<h2 class=\"elementor-heading-title elementor-size-default\">MODULISME<\/h2>\t\t\t\t<\/div>\n\t\t\t\t<\/div>\n\t\t\t\t<div class=\"elementor-element elementor-element-cb2ba1f elementor-widget elementor-widget-text-editor\" data-id=\"cb2ba1f\" data-element_type=\"widget\" data-e-type=\"widget\" data-widget_type=\"text-editor.default\">\n\t\t\t\t<div class=\"elementor-widget-container\">\n\t\t\t\t\t\t\t\t\t<p><span style=\"color: #808080;\"><a href=\"https:\/\/modular-station.com\/modulisme\/\" target=\"_blank\" rel=\"noopener\">Modulisme<\/a> is a medium that aims to support the original composition by analog modular systems.<\/span><br \/><span style=\"color: #808080;\">Providing resources\/interviews, weekly radio programs and a label for...<\/span><\/p><p><span style=\"color: #808080;\">Produced by Philippe Petit.<\/span><\/p>\t\t\t\t\t\t\t\t<\/div>\n\t\t\t\t<\/div>\n\t\t\t\t\t<\/div>\n\t\t<\/div>\n\t\t\t\t\t<\/div>\n\t\t<\/section>\n\t\t\t\t<section class=\"elementor-section elementor-top-section elementor-element elementor-element-fa952f2 elementor-section-boxed elementor-section-height-default elementor-section-height-default\" data-id=\"fa952f2\" data-element_type=\"section\" data-e-type=\"section\">\n\t\t\t\t\t\t<div class=\"elementor-container elementor-column-gap-default\">\n\t\t\t\t\t<div class=\"elementor-column elementor-col-25 elementor-top-column elementor-element elementor-element-74a3125\" data-id=\"74a3125\" data-element_type=\"column\" data-e-type=\"column\">\n\t\t\t<div class=\"elementor-widget-wrap elementor-element-populated\">\n\t\t\t\t\t\t<div class=\"elementor-element elementor-element-e59d086 elementor-widget elementor-widget-testimonial\" data-id=\"e59d086\" data-element_type=\"widget\" data-e-type=\"widget\" data-widget_type=\"testimonial.default\">\n\t\t\t\t<div class=\"elementor-widget-container\">\n\t\t\t\t\t\t\t<div class=\"elementor-testimonial-wrapper\">\n\t\t\t\t\t\t\t<div class=\"elementor-testimonial-content\">If you like Modulisme, we recommend you:<\/div>\n\t\t\t\n\t\t\t\t\t<\/div>\n\t\t\t\t\t\t<\/div>\n\t\t\t\t<\/div>\n\t\t\t\t\t<\/div>\n\t\t<\/div>\n\t\t\t\t<div class=\"elementor-column elementor-col-25 elementor-top-column elementor-element elementor-element-13b5e23\" data-id=\"13b5e23\" data-element_type=\"column\" data-e-type=\"column\">\n\t\t\t<div class=\"elementor-widget-wrap elementor-element-populated\">\n\t\t\t\t\t\t<div class=\"elementor-element elementor-element-7a58986 elementor-widget elementor-widget-testimonial\" data-id=\"7a58986\" data-element_type=\"widget\" data-e-type=\"widget\" data-widget_type=\"testimonial.default\">\n\t\t\t\t<div class=\"elementor-widget-container\">\n\t\t\t\t\t\t\t<div class=\"elementor-testimonial-wrapper\">\n\t\t\t\t\t\t\t<div class=\"elementor-testimonial-content\">If you like TeslaFM, we recommend:<\/div>\n\t\t\t\n\t\t\t\t\t<\/div>\n\t\t\t\t\t\t<\/div>\n\t\t\t\t<\/div>\n\t\t\t\t\t<\/div>\n\t\t<\/div>\n\t\t\t\t<div class=\"elementor-column elementor-col-25 elementor-top-column elementor-element elementor-element-411ca05\" data-id=\"411ca05\" data-element_type=\"column\" data-e-type=\"column\">\n\t\t\t<div class=\"elementor-widget-wrap elementor-element-populated\">\n\t\t\t\t\t\t<div class=\"elementor-element elementor-element-f9e6397 elementor-widget elementor-widget-testimonial\" data-id=\"f9e6397\" data-element_type=\"widget\" data-e-type=\"widget\" data-widget_type=\"testimonial.default\">\n\t\t\t\t<div class=\"elementor-widget-container\">\n\t\t\t\t\t\t\t<div class=\"elementor-testimonial-wrapper\">\n\t\t\t\t\t\t\t<div class=\"elementor-testimonial-content\">If you like TeslaFM, we recommend:<\/div>\n\t\t\t\n\t\t\t\t\t<\/div>\n\t\t\t\t\t\t<\/div>\n\t\t\t\t<\/div>\n\t\t\t\t\t<\/div>\n\t\t<\/div>\n\t\t\t\t<div class=\"elementor-column elementor-col-25 elementor-top-column elementor-element elementor-element-8684414\" data-id=\"8684414\" data-element_type=\"column\" data-e-type=\"column\">\n\t\t\t<div class=\"elementor-widget-wrap\">\n\t\t\t\t\t\t\t<\/div>\n\t\t<\/div>\n\t\t\t\t\t<\/div>\n\t\t<\/section>\n\t\t\t\t<section class=\"elementor-section elementor-top-section elementor-element elementor-element-226c254 elementor-section-boxed elementor-section-height-default elementor-section-height-default\" data-id=\"226c254\" data-element_type=\"section\" data-e-type=\"section\">\n\t\t\t\t\t\t<div class=\"elementor-container elementor-column-gap-default\">\n\t\t\t\t\t<div class=\"elementor-column elementor-col-100 elementor-top-column elementor-element elementor-element-42ad1a9\" data-id=\"42ad1a9\" data-element_type=\"column\" data-e-type=\"column\">\n\t\t\t<div class=\"elementor-widget-wrap elementor-element-populated\">\n\t\t\t\t\t\t<div class=\"elementor-element elementor-element-fda6e22 elementor-widget elementor-widget-spacer\" data-id=\"fda6e22\" data-element_type=\"widget\" data-e-type=\"widget\" data-widget_type=\"spacer.default\">\n\t\t\t\t<div class=\"elementor-widget-container\">\n\t\t\t\t\t\t\t<div class=\"elementor-spacer\">\n\t\t\t<div class=\"elementor-spacer-inner\"><\/div>\n\t\t<\/div>\n\t\t\t\t\t\t<\/div>\n\t\t\t\t<\/div>\n\t\t\t\t\t<\/div>\n\t\t<\/div>\n\t\t\t\t\t<\/div>\n\t\t<\/section>\n\t\t\t\t<section class=\"elementor-section elementor-top-section elementor-element elementor-element-060bf9f elementor-section-boxed elementor-section-height-default elementor-section-height-default\" data-id=\"060bf9f\" data-element_type=\"section\" data-e-type=\"section\">\n\t\t\t\t\t\t<div class=\"elementor-container elementor-column-gap-default\">\n\t\t\t\t\t<div class=\"elementor-column elementor-col-100 elementor-top-column elementor-element elementor-element-06ca8b9\" data-id=\"06ca8b9\" data-element_type=\"column\" data-e-type=\"column\">\n\t\t\t<div class=\"elementor-widget-wrap elementor-element-populated\">\n\t\t\t\t\t\t<div class=\"elementor-element elementor-element-eaf4003 elementor-widget elementor-widget-text-editor\" data-id=\"eaf4003\" data-element_type=\"widget\" data-e-type=\"widget\" data-widget_type=\"text-editor.default\">\n\t\t\t\t<div class=\"elementor-widget-container\">\n\t\t\t\t\t\t\t\t\t<p><a href=\"https:\/\/teslafm.net\/en\/modulisme-15\/\"><strong>Modulisme #15 \/ + info<\/strong><\/a> <span style=\"color: #808080;\"><em>Palle Dahlstedt<\/em><\/span><\/p><p><iframe src=\"https:\/\/player-widget.mixcloud.com\/widget\/iframe\/?hide_cover=1&amp;feed=%2FTeslafm_net%2Fmodulisme-15-philippe-petit%2F\" width=\"100%\" height=\"120\" frameborder=\"0\"><\/iframe><\/p><p><a href=\"https:\/\/teslafm.net\/en\/modulisme-14\/\"><strong>Modulisme #14 \/ + info<\/strong><\/a> <span style=\"color: #808080;\"><em>Antonio Russek Mart\u00ednez<\/em><\/span><\/p><p><iframe src=\"https:\/\/player-widget.mixcloud.com\/widget\/iframe\/?hide_cover=1&amp;feed=%2FTeslafm_net%2Fmodulisme-14-philip-petit%2F\" width=\"100%\" height=\"120\" frameborder=\"0\"><\/iframe><\/p><p><a href=\"https:\/\/teslafm.net\/en\/modulisme-13\/\"><strong>Modulisme #13 \/ + info<\/strong><\/a> <span style=\"color: #808080;\"><em>Reciprocess 05 &gt; Doug Lynner &amp; Philippe Petit<\/em><\/span><\/p><p><iframe src=\"https:\/\/player-widget.mixcloud.com\/widget\/iframe\/?hide_cover=1&amp;feed=%2FTeslafm_net%2Fmodulisme-13-philippe-petit%2F\" width=\"100%\" height=\"120\" frameborder=\"0\"><\/iframe><\/p><p><a href=\"https:\/\/teslafm.net\/en\/modulisme-12\/\"><strong>Modulisme #12 \/ + info<\/strong><\/a> <span style=\"color: #808080;\"><em>Special transmission dedicated to the music of Philippe Petit<\/em><\/span><\/p><p><iframe src=\"https:\/\/player-widget.mixcloud.com\/widget\/iframe\/?hide_cover=1&amp;feed=%2FTeslafm_net%2Fmodulisme-12-philippe-petit%2F\" width=\"100%\" height=\"120\" frameborder=\"0\"><\/iframe><\/p><p><a href=\"https:\/\/teslafm.net\/en\/modulisme-11\/\"><strong>Modulisme #11 \/ + info<\/strong><\/a> <span style=\"color: #808080;\"><em>Serge-O-Voxes 5.2, part 1<\/em><\/span><\/p><p><iframe src=\"https:\/\/www.mixcloud.com\/widget\/iframe\/?hide_cover=1&amp;feed=%2FTeslafm_net%2Fmodulisme-11-philippe-petit%2F\" width=\"100%\" height=\"120\" frameborder=\"0\"><\/iframe><\/p><p><a href=\"https:\/\/teslafm.net\/en\/modulisme-10\/\"><strong>Modulisme #10 \/ + info<\/strong><\/a> <span style=\"color: #808080;\"><em>Serge-O-Voxes 5.1, part 2<\/em><\/span><\/p><p><iframe src=\"https:\/\/www.mixcloud.com\/widget\/iframe\/?hide_cover=1&amp;feed=%2FTeslafm_net%2Fmodulisme-10-philippe-petit%2F\" width=\"100%\" height=\"120\" frameborder=\"0\"><\/iframe><\/p><p><a href=\"https:\/\/teslafm.net\/en\/modulisme-9\/\"><strong>Modulisme #9 \/ + info<\/strong><\/a> <span style=\"color: #808080;\"><em>Serge-O-Voxes 5.1, part 1<\/em><\/span><\/p><p><iframe src=\"https:\/\/www.mixcloud.com\/widget\/iframe\/?hide_cover=1&amp;feed=%2FTeslafm_net%2Fmodulisme-9-philippe-petit%2F\" width=\"100%\" height=\"120\" frameborder=\"0\"><\/iframe><\/p><p><a href=\"https:\/\/teslafm.net\/en\/modulisme-8\/\"><strong>Modulisme #8 \/ + info<\/strong><\/a> <span style=\"color: #808080;\"><em>3 Year Itch Birthday Session volume 5, 1 part<\/em><\/span><\/p><p><iframe src=\"https:\/\/www.mixcloud.com\/widget\/iframe\/?hide_cover=1&amp;feed=%2FTeslafm_net%2Fmodulisme-8-philippe-petit%2F\" width=\"100%\" height=\"120\" frameborder=\"0\"><\/iframe><\/p><p><a href=\"https:\/\/teslafm.net\/en\/modulisme-7\/\"><strong>Modulisme #7 \/+ info<\/strong><\/a> <span style=\"color: #808080;\"><em>3 Year Itch Birthday Session volume 4, part 2<\/em><\/span><\/p><p><iframe src=\"https:\/\/www.mixcloud.com\/widget\/iframe\/?hide_cover=1&amp;feed=%2FTeslafm_net%2Fmodulisme-7-philippe-petit%2F\" width=\"100%\" height=\"120\" frameborder=\"0\"><\/iframe><\/p><p><a href=\"https:\/\/teslafm.net\/en\/modulisme-6\/\"><strong>Modulisme #6 \/ + info<\/strong><\/a> <span style=\"color: #808080;\"><em>3 Year Itch Birthday Session volume 4, 1 part<\/em><\/span><\/p><p><iframe src=\"https:\/\/www.mixcloud.com\/widget\/iframe\/?hide_cover=1&amp;feed=%2FTeslafm_net%2Fmodulisme-6-phillipe-petit%2F\" width=\"100%\" height=\"120\" frameborder=\"0\"><\/iframe><\/p><p><a href=\"https:\/\/teslafm.net\/en\/modulisme-5\/\"><strong>Modulisme #5 \/ + info<\/strong><\/a> <span style=\"color: #808080;\"><em>3 Year Itch Birthday Session Volume 3<\/em><\/span><\/p><p><iframe src=\"https:\/\/www.mixcloud.com\/widget\/iframe\/?hide_cover=1&amp;feed=%2FTeslafm_net%2Fmodulisme-5-philippe-petit%2F\" width=\"100%\" height=\"120\" frameborder=\"0\"><\/iframe><\/p><p><a href=\"https:\/\/teslafm.net\/en\/modulisme-4\/\"><strong>Modulisme #4 \/ + info<\/strong><\/a> <span style=\"color: #808080;\"><em>3 Year Itch Birthday Session volume 2<\/em><\/span><\/p><p><iframe src=\"https:\/\/www.mixcloud.com\/widget\/iframe\/?hide_cover=1&amp;feed=%2FTeslafm_net%2Fmodulisme-4-philippe-petit%2F\" width=\"100%\" height=\"120\" frameborder=\"0\"><\/iframe><\/p><p><a href=\"https:\/\/teslafm.net\/en\/modulisme-3\/\"><strong>Modulisme #3 \/ + info<\/strong><\/a><span style=\"color: #808080;\"> <em>3 Year Itch Birthday Session volume 1<\/em><\/span><\/p><p><iframe src=\"https:\/\/www.mixcloud.com\/widget\/iframe\/?hide_cover=1&amp;feed=%2FTeslafm_net%2Fmodulisme-3-philippe-petit%2F\" width=\"100%\" height=\"120\" frameborder=\"0\"><\/iframe><\/p><p><a href=\"https:\/\/teslafm.net\/en\/modulisme-2\/\"><strong>Modulisme #2 \/ + info<\/strong><\/a> <span style=\"color: #808080;\"><em>Serge-O-Voxes \/voices for the Serge I<\/em><\/span><\/p><p><iframe src=\"https:\/\/www.mixcloud.com\/widget\/iframe\/?hide_cover=1&amp;feed=%2FTeslafm_net%2Fmodulisme-2-philippe-petit%2F\" width=\"100%\" height=\"120\" frameborder=\"0\"><\/iframe><\/p><p><a href=\"https:\/\/teslafm.net\/en\/modulisme-1\/\"><strong>Modulisme #1 \/ + info<\/strong><\/a> <span style=\"color: #808080;\"><em>Synthisis Sonoris, part 1<br \/><\/em><\/span><\/p><p><iframe src=\"https:\/\/www.mixcloud.com\/widget\/iframe\/?hide_cover=1&amp;feed=%2FTeslafm_net%2Fmodulisme-1-philippe-petit%2F\" width=\"100%\" height=\"120\" frameborder=\"0\"><\/iframe><\/p>\t\t\t\t\t\t\t\t<\/div>\n\t\t\t\t<\/div>\n\t\t\t\t\t<\/div>\n\t\t<\/div>\n\t\t\t\t\t<\/div>\n\t\t<\/section>\n\t\t\t\t<\/div>","protected":false},"excerpt":{"rendered":"<p>PHILIPPE PETIT Periodista en varias revistas y DJ de radio desde 1983, adem\u00e1s de activista musical, Philippe Petit ha celebrado m\u00e1s de 35 a\u00f1os compartiendo y transmitiendo sus pasiones musicales. Desde principios de la d\u00e9cada de 2000, Petit ha trabajado como \u00abagente de viajes musicales y ha estado actuando en todo el mundo\u00bb. Se siente [&hellip;]<\/p>\n","protected":false},"author":19,"featured_media":0,"parent":0,"menu_order":0,"comment_status":"closed","ping_status":"closed","template":"","meta":{"footnotes":""},"class_list":["post-60140","page","type-page","status-publish","hentry"],"yoast_head":"<!-- This site is optimized with the Yoast SEO plugin v27.2 - https:\/\/yoast.com\/product\/yoast-seo-wordpress\/ -->\n<title>Modulisme -<\/title>\n<meta name=\"robots\" content=\"index, follow, max-snippet:-1, max-image-preview:large, max-video-preview:-1\" \/>\n<link rel=\"canonical\" href=\"https:\/\/teslafm.net\/en\/modulisme\/\" \/>\n<meta property=\"og:locale\" content=\"en_US\" \/>\n<meta property=\"og:type\" content=\"article\" \/>\n<meta property=\"og:title\" content=\"Modulisme -\" \/>\n<meta property=\"og:description\" content=\"PHILIPPE PETIT Periodista en varias revistas y DJ de radio desde 1983, adem\u00e1s de activista musical, Philippe Petit ha celebrado m\u00e1s de 35 a\u00f1os compartiendo y transmitiendo sus pasiones musicales. Desde principios de la d\u00e9cada de 2000, Petit ha trabajado como \u00abagente de viajes musicales y ha estado actuando en todo el mundo\u00bb. Se siente [&hellip;]\" \/>\n<meta property=\"og:url\" content=\"https:\/\/teslafm.net\/en\/modulisme\/\" \/>\n<meta property=\"article:publisher\" content=\"https:\/\/www.facebook.com\/teslafm.net\" \/>\n<meta property=\"article:modified_time\" content=\"2023-12-18T17:06:05+00:00\" \/>\n<meta property=\"og:image\" content=\"http:\/\/teslafm.net\/wp-content\/uploads\/2022\/08\/philippe-petit-300x300.jpg\" \/>\n<meta name=\"twitter:card\" content=\"summary_large_image\" \/>\n<meta name=\"twitter:site\" content=\"@teslafm\" \/>\n<meta name=\"twitter:label1\" content=\"Est. reading time\" \/>\n\t<meta name=\"twitter:data1\" content=\"2 minutes\" \/>\n<script type=\"application\/ld+json\" class=\"yoast-schema-graph\">{\"@context\":\"https:\/\/schema.org\",\"@graph\":[{\"@type\":\"WebPage\",\"@id\":\"https:\/\/teslafm.net\/modulisme\/\",\"url\":\"https:\/\/teslafm.net\/modulisme\/\",\"name\":\"Modulisme -\",\"isPartOf\":{\"@id\":\"https:\/\/teslafm.net\/#website\"},\"primaryImageOfPage\":{\"@id\":\"https:\/\/teslafm.net\/modulisme\/#primaryimage\"},\"image\":{\"@id\":\"https:\/\/teslafm.net\/modulisme\/#primaryimage\"},\"thumbnailUrl\":\"http:\/\/teslafm.net\/wp-content\/uploads\/2022\/08\/philippe-petit-300x300.jpg\",\"datePublished\":\"2022-08-06T09:54:34+00:00\",\"dateModified\":\"2023-12-18T17:06:05+00:00\",\"breadcrumb\":{\"@id\":\"https:\/\/teslafm.net\/modulisme\/#breadcrumb\"},\"inLanguage\":\"en-US\",\"potentialAction\":[{\"@type\":\"ReadAction\",\"target\":[\"https:\/\/teslafm.net\/modulisme\/\"]}]},{\"@type\":\"ImageObject\",\"inLanguage\":\"en-US\",\"@id\":\"https:\/\/teslafm.net\/modulisme\/#primaryimage\",\"url\":\"http:\/\/teslafm.net\/wp-content\/uploads\/2022\/08\/philippe-petit-300x300.jpg\",\"contentUrl\":\"http:\/\/teslafm.net\/wp-content\/uploads\/2022\/08\/philippe-petit-300x300.jpg\"},{\"@type\":\"BreadcrumbList\",\"@id\":\"https:\/\/teslafm.net\/modulisme\/#breadcrumb\",\"itemListElement\":[{\"@type\":\"ListItem\",\"position\":1,\"name\":\"Portada\",\"item\":\"https:\/\/teslafm.net\/\"},{\"@type\":\"ListItem\",\"position\":2,\"name\":\"Modulisme\"}]},{\"@type\":\"WebSite\",\"@id\":\"https:\/\/teslafm.net\/#website\",\"url\":\"https:\/\/teslafm.net\/\",\"name\":\"TeslaFM\",\"description\":\"An experimental and creative radio\",\"publisher\":{\"@id\":\"https:\/\/teslafm.net\/#organization\"},\"potentialAction\":[{\"@type\":\"SearchAction\",\"target\":{\"@type\":\"EntryPoint\",\"urlTemplate\":\"https:\/\/teslafm.net\/?s={search_term_string}\"},\"query-input\":{\"@type\":\"PropertyValueSpecification\",\"valueRequired\":true,\"valueName\":\"search_term_string\"}}],\"inLanguage\":\"en-US\"},{\"@type\":\"Organization\",\"@id\":\"https:\/\/teslafm.net\/#organization\",\"name\":\"TeslaFM\",\"url\":\"https:\/\/teslafm.net\/\",\"logo\":{\"@type\":\"ImageObject\",\"inLanguage\":\"en-US\",\"@id\":\"https:\/\/teslafm.net\/#\/schema\/logo\/image\/\",\"url\":\"https:\/\/teslafm.net\/wp-content\/uploads\/2020\/06\/logo-tesla.png\",\"contentUrl\":\"https:\/\/teslafm.net\/wp-content\/uploads\/2020\/06\/logo-tesla.png\",\"width\":512,\"height\":512,\"caption\":\"TeslaFM\"},\"image\":{\"@id\":\"https:\/\/teslafm.net\/#\/schema\/logo\/image\/\"},\"sameAs\":[\"https:\/\/www.facebook.com\/teslafm.net\",\"https:\/\/x.com\/teslafm\"]}]}<\/script>\n<!-- \/ Yoast SEO plugin. -->","yoast_head_json":{"title":"Modulisme -","robots":{"index":"index","follow":"follow","max-snippet":"max-snippet:-1","max-image-preview":"max-image-preview:large","max-video-preview":"max-video-preview:-1"},"canonical":"https:\/\/teslafm.net\/en\/modulisme\/","og_locale":"en_US","og_type":"article","og_title":"Modulisme -","og_description":"PHILIPPE PETIT Periodista en varias revistas y DJ de radio desde 1983, adem\u00e1s de activista musical, Philippe Petit ha celebrado m\u00e1s de 35 a\u00f1os compartiendo y transmitiendo sus pasiones musicales. Desde principios de la d\u00e9cada de 2000, Petit ha trabajado como \u00abagente de viajes musicales y ha estado actuando en todo el mundo\u00bb. Se siente [&hellip;]","og_url":"https:\/\/teslafm.net\/en\/modulisme\/","article_publisher":"https:\/\/www.facebook.com\/teslafm.net","article_modified_time":"2023-12-18T17:06:05+00:00","og_image":[{"url":"http:\/\/teslafm.net\/wp-content\/uploads\/2022\/08\/philippe-petit-300x300.jpg","type":"","width":"","height":""}],"twitter_card":"summary_large_image","twitter_site":"@teslafm","twitter_misc":{"Est. reading time":"2 minutes"},"schema":{"@context":"https:\/\/schema.org","@graph":[{"@type":"WebPage","@id":"https:\/\/teslafm.net\/modulisme\/","url":"https:\/\/teslafm.net\/modulisme\/","name":"Modulisme -","isPartOf":{"@id":"https:\/\/teslafm.net\/#website"},"primaryImageOfPage":{"@id":"https:\/\/teslafm.net\/modulisme\/#primaryimage"},"image":{"@id":"https:\/\/teslafm.net\/modulisme\/#primaryimage"},"thumbnailUrl":"http:\/\/teslafm.net\/wp-content\/uploads\/2022\/08\/philippe-petit-300x300.jpg","datePublished":"2022-08-06T09:54:34+00:00","dateModified":"2023-12-18T17:06:05+00:00","breadcrumb":{"@id":"https:\/\/teslafm.net\/modulisme\/#breadcrumb"},"inLanguage":"en-US","potentialAction":[{"@type":"ReadAction","target":["https:\/\/teslafm.net\/modulisme\/"]}]},{"@type":"ImageObject","inLanguage":"en-US","@id":"https:\/\/teslafm.net\/modulisme\/#primaryimage","url":"http:\/\/teslafm.net\/wp-content\/uploads\/2022\/08\/philippe-petit-300x300.jpg","contentUrl":"http:\/\/teslafm.net\/wp-content\/uploads\/2022\/08\/philippe-petit-300x300.jpg"},{"@type":"BreadcrumbList","@id":"https:\/\/teslafm.net\/modulisme\/#breadcrumb","itemListElement":[{"@type":"ListItem","position":1,"name":"Portada","item":"https:\/\/teslafm.net\/"},{"@type":"ListItem","position":2,"name":"Modulisme"}]},{"@type":"WebSite","@id":"https:\/\/teslafm.net\/#website","url":"https:\/\/teslafm.net\/","name":"TeslaFM","description":"An experimental and creative radio","publisher":{"@id":"https:\/\/teslafm.net\/#organization"},"potentialAction":[{"@type":"SearchAction","target":{"@type":"EntryPoint","urlTemplate":"https:\/\/teslafm.net\/?s={search_term_string}"},"query-input":{"@type":"PropertyValueSpecification","valueRequired":true,"valueName":"search_term_string"}}],"inLanguage":"en-US"},{"@type":"Organization","@id":"https:\/\/teslafm.net\/#organization","name":"TeslaFM","url":"https:\/\/teslafm.net\/","logo":{"@type":"ImageObject","inLanguage":"en-US","@id":"https:\/\/teslafm.net\/#\/schema\/logo\/image\/","url":"https:\/\/teslafm.net\/wp-content\/uploads\/2020\/06\/logo-tesla.png","contentUrl":"https:\/\/teslafm.net\/wp-content\/uploads\/2020\/06\/logo-tesla.png","width":512,"height":512,"caption":"TeslaFM"},"image":{"@id":"https:\/\/teslafm.net\/#\/schema\/logo\/image\/"},"sameAs":["https:\/\/www.facebook.com\/teslafm.net","https:\/\/x.com\/teslafm"]}]}},"rttpg_featured_image_url":null,"rttpg_author":{"display_name":"Ishak","author_link":"https:\/\/teslafm.net\/en\/author\/cravan\/"},"rttpg_comment":0,"rttpg_category":null,"rttpg_excerpt":"PHILIPPE PETIT Periodista en varias revistas y DJ de radio desde 1983, adem\u00e1s de activista musical, Philippe Petit ha celebrado m\u00e1s de 35 a\u00f1os compartiendo y transmitiendo sus pasiones musicales. Desde principios de la d\u00e9cada de 2000, Petit ha trabajado como \u00abagente de viajes musicales y ha estado actuando en todo el mundo\u00bb. Se siente&hellip;","_links":{"self":[{"href":"https:\/\/teslafm.net\/en\/wp-json\/wp\/v2\/pages\/60140","targetHints":{"allow":["GET"]}}],"collection":[{"href":"https:\/\/teslafm.net\/en\/wp-json\/wp\/v2\/pages"}],"about":[{"href":"https:\/\/teslafm.net\/en\/wp-json\/wp\/v2\/types\/page"}],"author":[{"embeddable":true,"href":"https:\/\/teslafm.net\/en\/wp-json\/wp\/v2\/users\/19"}],"replies":[{"embeddable":true,"href":"https:\/\/teslafm.net\/en\/wp-json\/wp\/v2\/comments?post=60140"}],"version-history":[{"count":71,"href":"https:\/\/teslafm.net\/en\/wp-json\/wp\/v2\/pages\/60140\/revisions"}],"predecessor-version":[{"id":64095,"href":"https:\/\/teslafm.net\/en\/wp-json\/wp\/v2\/pages\/60140\/revisions\/64095"}],"wp:attachment":[{"href":"https:\/\/teslafm.net\/en\/wp-json\/wp\/v2\/media?parent=60140"}],"curies":[{"name":"wp","href":"https:\/\/api.w.org\/{rel}","templated":true}]}}