

{"id":60176,"date":"2022-09-04T16:13:12","date_gmt":"2022-09-04T14:13:12","guid":{"rendered":"https:\/\/teslafm.net\/?page_id=60176"},"modified":"2023-12-06T15:25:19","modified_gmt":"2023-12-06T14:25:19","slug":"no-statik-at-all","status":"publish","type":"page","link":"https:\/\/teslafm.net\/en\/no-statik-at-all\/","title":{"rendered":"No Statik At All"},"content":{"rendered":"<div data-elementor-type=\"wp-page\" data-elementor-id=\"60176\" class=\"elementor elementor-60176\">\n\t\t\t\t\t\t<section class=\"elementor-section elementor-top-section elementor-element elementor-element-b21be7d elementor-section-boxed elementor-section-height-default elementor-section-height-default\" data-id=\"b21be7d\" data-element_type=\"section\" data-e-type=\"section\">\n\t\t\t\t\t\t<div class=\"elementor-container elementor-column-gap-default\">\n\t\t\t\t\t<div class=\"elementor-column elementor-col-33 elementor-top-column elementor-element elementor-element-9f368f2\" data-id=\"9f368f2\" data-element_type=\"column\" data-e-type=\"column\">\n\t\t\t<div class=\"elementor-widget-wrap elementor-element-populated\">\n\t\t\t\t\t\t<div class=\"elementor-element elementor-element-c277a2a elementor-widget elementor-widget-image\" data-id=\"c277a2a\" data-element_type=\"widget\" data-e-type=\"widget\" data-widget_type=\"image.default\">\n\t\t\t\t<div class=\"elementor-widget-container\">\n\t\t\t\t\t\t\t\t\t\t\t\t\t\t\t<img fetchpriority=\"high\" decoding=\"async\" width=\"300\" height=\"300\" src=\"https:\/\/teslafm.net\/wp-content\/uploads\/2022\/09\/Pic-by-Marco-Microbi-300x300.png\" class=\"attachment-medium size-medium wp-image-60182\" alt=\"\" srcset=\"https:\/\/teslafm.net\/wp-content\/uploads\/2022\/09\/Pic-by-Marco-Microbi-300x300.png 300w, https:\/\/teslafm.net\/wp-content\/uploads\/2022\/09\/Pic-by-Marco-Microbi-150x150.png 150w, https:\/\/teslafm.net\/wp-content\/uploads\/2022\/09\/Pic-by-Marco-Microbi-768x768.png 768w, https:\/\/teslafm.net\/wp-content\/uploads\/2022\/09\/Pic-by-Marco-Microbi.png 1000w\" sizes=\"(max-width: 300px) 100vw, 300px\" \/>\t\t\t\t\t\t\t\t\t\t\t\t\t\t\t<\/div>\n\t\t\t\t<\/div>\n\t\t\t\t\t<\/div>\n\t\t<\/div>\n\t\t\t\t<div class=\"elementor-column elementor-col-33 elementor-top-column elementor-element elementor-element-f726189\" data-id=\"f726189\" data-element_type=\"column\" data-e-type=\"column\" data-settings=\"{&quot;background_background&quot;:&quot;classic&quot;}\">\n\t\t\t<div class=\"elementor-widget-wrap elementor-element-populated\">\n\t\t\t\t\t\t<div class=\"elementor-element elementor-element-e02c102 elementor-widget elementor-widget-heading\" data-id=\"e02c102\" data-element_type=\"widget\" data-e-type=\"widget\" data-widget_type=\"heading.default\">\n\t\t\t\t<div class=\"elementor-widget-container\">\n\t\t\t\t\t<h2 class=\"elementor-heading-title elementor-size-default\">PAULA SCHOPF<\/h2>\t\t\t\t<\/div>\n\t\t\t\t<\/div>\n\t\t\t\t<div class=\"elementor-element elementor-element-56e2dce elementor-widget elementor-widget-text-editor\" data-id=\"56e2dce\" data-element_type=\"widget\" data-e-type=\"widget\" data-widget_type=\"text-editor.default\">\n\t\t\t\t<div class=\"elementor-widget-container\">\n\t\t\t\t\t\t\t\t\t<p class=\"western\">Chica Paula is the pseudonym of Chilean DJ, musician and sound artist Paula Schopf, who has been a strong voice in Berlin's thriving music community and Chile's electronic music scene for several decades.<\/p><p class=\"western\">more info: <a href=\"https:\/\/paulaschopf.de\/\" target=\"_blank\" rel=\"noopener\">Paula Schopf<\/a><\/p><p>(photo: Marco Microbi)<\/p><p>\u00a0<\/p>\t\t\t\t\t\t\t\t<\/div>\n\t\t\t\t<\/div>\n\t\t\t\t\t<\/div>\n\t\t<\/div>\n\t\t\t\t<div class=\"elementor-column elementor-col-33 elementor-top-column elementor-element elementor-element-d0bd065\" data-id=\"d0bd065\" data-element_type=\"column\" data-e-type=\"column\" data-settings=\"{&quot;background_background&quot;:&quot;classic&quot;}\">\n\t\t\t<div class=\"elementor-widget-wrap elementor-element-populated\">\n\t\t\t\t\t\t<div class=\"elementor-element elementor-element-00ddaa6 elementor-widget elementor-widget-heading\" data-id=\"00ddaa6\" data-element_type=\"widget\" data-e-type=\"widget\" data-widget_type=\"heading.default\">\n\t\t\t\t<div class=\"elementor-widget-container\">\n\t\t\t\t\t<h2 class=\"elementor-heading-title elementor-size-default\">NO STATIK AT ALL<\/h2>\t\t\t\t<\/div>\n\t\t\t\t<\/div>\n\t\t\t\t<div class=\"elementor-element elementor-element-09bbc0d elementor-widget elementor-widget-text-editor\" data-id=\"09bbc0d\" data-element_type=\"widget\" data-e-type=\"widget\" data-widget_type=\"text-editor.default\">\n\t\t\t\t<div class=\"elementor-widget-container\">\n\t\t\t\t\t\t\t\t\t<p><span style=\"color: #808080;\">Rarely heard music and some songs from another space.<br \/><\/span><\/p><p><span style=\"color: #808080;\">Produced by <b>Chica Paula.<\/b><\/span><\/p>\t\t\t\t\t\t\t\t<\/div>\n\t\t\t\t<\/div>\n\t\t\t\t\t<\/div>\n\t\t<\/div>\n\t\t\t\t\t<\/div>\n\t\t<\/section>\n\t\t\t\t<section class=\"elementor-section elementor-top-section elementor-element elementor-element-210ea30 elementor-section-boxed elementor-section-height-default elementor-section-height-default\" data-id=\"210ea30\" data-element_type=\"section\" data-e-type=\"section\">\n\t\t\t\t\t\t<div class=\"elementor-container elementor-column-gap-default\">\n\t\t\t\t\t<div class=\"elementor-column elementor-col-25 elementor-top-column elementor-element elementor-element-c897e99\" data-id=\"c897e99\" data-element_type=\"column\" data-e-type=\"column\">\n\t\t\t<div class=\"elementor-widget-wrap elementor-element-populated\">\n\t\t\t\t\t\t<div class=\"elementor-element elementor-element-12b41fa elementor-widget elementor-widget-testimonial\" data-id=\"12b41fa\" data-element_type=\"widget\" data-e-type=\"widget\" data-widget_type=\"testimonial.default\">\n\t\t\t\t<div class=\"elementor-widget-container\">\n\t\t\t\t\t\t\t<div class=\"elementor-testimonial-wrapper\">\n\t\t\t\t\t\t\t<div class=\"elementor-testimonial-content\">If you like No Statik At All, we recommend:<\/div>\n\t\t\t\n\t\t\t\t\t<\/div>\n\t\t\t\t\t\t<\/div>\n\t\t\t\t<\/div>\n\t\t\t\t\t<\/div>\n\t\t<\/div>\n\t\t\t\t<div class=\"elementor-column elementor-col-25 elementor-top-column elementor-element elementor-element-995f075\" data-id=\"995f075\" data-element_type=\"column\" data-e-type=\"column\">\n\t\t\t<div class=\"elementor-widget-wrap\">\n\t\t\t\t\t\t\t<\/div>\n\t\t<\/div>\n\t\t\t\t<div class=\"elementor-column elementor-col-25 elementor-top-column elementor-element elementor-element-b540458\" data-id=\"b540458\" data-element_type=\"column\" data-e-type=\"column\">\n\t\t\t<div class=\"elementor-widget-wrap\">\n\t\t\t\t\t\t\t<\/div>\n\t\t<\/div>\n\t\t\t\t<div class=\"elementor-column elementor-col-25 elementor-top-column elementor-element elementor-element-e240185\" data-id=\"e240185\" data-element_type=\"column\" data-e-type=\"column\">\n\t\t\t<div class=\"elementor-widget-wrap\">\n\t\t\t\t\t\t\t<\/div>\n\t\t<\/div>\n\t\t\t\t\t<\/div>\n\t\t<\/section>\n\t\t\t\t<section class=\"elementor-section elementor-top-section elementor-element elementor-element-875c55e elementor-section-boxed elementor-section-height-default elementor-section-height-default\" data-id=\"875c55e\" data-element_type=\"section\" data-e-type=\"section\">\n\t\t\t\t\t\t<div class=\"elementor-container elementor-column-gap-default\">\n\t\t\t\t\t<div class=\"elementor-column elementor-col-100 elementor-top-column elementor-element elementor-element-99afe76\" data-id=\"99afe76\" data-element_type=\"column\" data-e-type=\"column\">\n\t\t\t<div class=\"elementor-widget-wrap elementor-element-populated\">\n\t\t\t\t\t\t<div class=\"elementor-element elementor-element-232f85a elementor-widget elementor-widget-spacer\" data-id=\"232f85a\" data-element_type=\"widget\" data-e-type=\"widget\" data-widget_type=\"spacer.default\">\n\t\t\t\t<div class=\"elementor-widget-container\">\n\t\t\t\t\t\t\t<div class=\"elementor-spacer\">\n\t\t\t<div class=\"elementor-spacer-inner\"><\/div>\n\t\t<\/div>\n\t\t\t\t\t\t<\/div>\n\t\t\t\t<\/div>\n\t\t\t\t\t<\/div>\n\t\t<\/div>\n\t\t\t\t\t<\/div>\n\t\t<\/section>\n\t\t\t\t<section class=\"elementor-section elementor-top-section elementor-element elementor-element-5e10007 elementor-section-boxed elementor-section-height-default elementor-section-height-default\" data-id=\"5e10007\" data-element_type=\"section\" data-e-type=\"section\">\n\t\t\t\t\t\t<div class=\"elementor-container elementor-column-gap-default\">\n\t\t\t\t\t<div class=\"elementor-column elementor-col-100 elementor-top-column elementor-element elementor-element-cbdfa78\" data-id=\"cbdfa78\" data-element_type=\"column\" data-e-type=\"column\">\n\t\t\t<div class=\"elementor-widget-wrap elementor-element-populated\">\n\t\t\t\t\t\t<div class=\"elementor-element elementor-element-cad7c4a elementor-widget elementor-widget-text-editor\" data-id=\"cad7c4a\" data-element_type=\"widget\" data-e-type=\"widget\" data-widget_type=\"text-editor.default\">\n\t\t\t\t<div class=\"elementor-widget-container\">\n\t\t\t\t\t\t\t\t\t<p><a href=\"https:\/\/teslafm.net\/en\/no-statik-at-all-14\/\"><strong>No Statik At All #14 \/ + info<\/strong><\/a> <span style=\"color: #808080;\"><em>December 2023<\/em><\/span><\/p><p><iframe src=\"https:\/\/player-widget.mixcloud.com\/widget\/iframe\/?hide_cover=1&amp;feed=%2FTeslafm_net%2Fno-statik-at-all-14-chica-paula%2F\" width=\"100%\" height=\"120\" frameborder=\"0\"><\/iframe><\/p><p><a href=\"https:\/\/teslafm.net\/en\/no-statik-at-all-13\/\"><strong>No Statik At All #13 \/ + info<\/strong><\/a> <span style=\"color: #808080;\"><em>October 2023<\/em><\/span><\/p><p><iframe src=\"https:\/\/player-widget.mixcloud.com\/widget\/iframe\/?hide_cover=1&amp;feed=%2FTeslafm_net%2Fno-statik-at-all-13-chica-paula%2F\" width=\"100%\" height=\"120\" frameborder=\"0\"><\/iframe><\/p><p><a href=\"https:\/\/teslafm.net\/en\/no-statik-at-all-12\/\"><strong>No Statik At All #12 \/ + info<\/strong><\/a> <span style=\"color: #808080;\"><em>September 2023<\/em><\/span><\/p><p><iframe src=\"https:\/\/player-widget.mixcloud.com\/widget\/iframe\/?hide_cover=1&amp;feed=%2FTeslafm_net%2Fno-statik-at-all-12-chica-paula%2F\" width=\"100%\" height=\"120\" frameborder=\"0\"><\/iframe><\/p><p><a href=\"https:\/\/teslafm.net\/en\/no-statik-at-all-11\/\"><strong>No Statik At All #11 \/ + info<\/strong><\/a> <span style=\"color: #808080;\"><em>July 2023<\/em><\/span><\/p><p><iframe src=\"https:\/\/www.mixcloud.com\/widget\/iframe\/?hide_cover=1&amp;feed=%2FTeslafm_net%2Fno-statik-at-all-11-chica-paula%2F\" width=\"100%\" height=\"120\" frameborder=\"0\"><\/iframe><\/p><p><a href=\"https:\/\/teslafm.net\/en\/no-statik-at-all-10\/\"><strong>No Statik At All #10 \/ + info<\/strong><\/a> <span style=\"color: #808080;\"><em>June 2023<\/em><\/span><\/p><p><iframe src=\"https:\/\/www.mixcloud.com\/widget\/iframe\/?hide_cover=1&amp;feed=%2FTeslafm_net%2Fno-statik-at-all-10-chica-paula%2F\" width=\"100%\" height=\"120\" frameborder=\"0\"><\/iframe><\/p><p><a href=\"https:\/\/teslafm.net\/en\/no-statik-at-all-9\/\"><strong>No Statik At All #9 \/ + info<\/strong><\/a> <span style=\"color: #808080;\"><em>May 2023<\/em><\/span><\/p><p><iframe src=\"https:\/\/www.mixcloud.com\/widget\/iframe\/?hide_cover=1&amp;feed=%2FTeslafm_net%2Fno-statik-at-all-9-chica-paula%2F\" width=\"100%\" height=\"120\" frameborder=\"0\"><\/iframe><\/p><p><a href=\"https:\/\/teslafm.net\/en\/no-statik-at-all-8\/\"><strong>No Statik At All #8 \/ + info<\/strong><\/a> <span style=\"color: #808080;\"><em>April 2023<\/em><\/span><\/p><p><iframe src=\"https:\/\/www.mixcloud.com\/widget\/iframe\/?hide_cover=1&amp;feed=%2FTeslafm_net%2Fno-statik-at-all-8-chica-paula%2F\" width=\"100%\" height=\"120\" frameborder=\"0\"><\/iframe><\/p><p><a href=\"https:\/\/teslafm.net\/en\/no-statik-at-all-7\/\"><strong>No Statik At All #7 \/ + info<\/strong><\/a> <span style=\"color: #808080;\"><em>March 2023<\/em><\/span><\/p><p><iframe src=\"https:\/\/www.mixcloud.com\/widget\/iframe\/?hide_cover=1&amp;feed=%2FTeslafm_net%2Fno-statik-at-all-7-chica-paula%2F\" width=\"100%\" height=\"120\" frameborder=\"0\"><\/iframe><\/p><p><a href=\"https:\/\/teslafm.net\/en\/no-statik-at-all-6\/\"><strong>No Statik At All #6 \/ info<\/strong><\/a> <span style=\"color: #808080;\"><em>February 2023<\/em><\/span><\/p><p><iframe src=\"https:\/\/www.mixcloud.com\/widget\/iframe\/?hide_cover=1&amp;feed=%2FTeslafm_net%2Fno-statik-at-all-6-chica-paula%2F\" width=\"100%\" height=\"120\" frameborder=\"0\"><\/iframe><\/p><p><a href=\"https:\/\/teslafm.net\/en\/no-statik-at-all-5\/\"><strong>No Statik At All #5 \/ + info<\/strong><\/a> <span style=\"color: #808080;\"><em>January 2023<\/em><\/span><\/p><p><iframe src=\"https:\/\/www.mixcloud.com\/widget\/iframe\/?hide_cover=1&amp;feed=%2FTeslafm_net%2Fno-statik-at-all-5-chica-paula%2F\" width=\"100%\" height=\"120\" frameborder=\"0\"><\/iframe><\/p><p><a href=\"https:\/\/teslafm.net\/en\/no-statik-at-all-4\/\"><strong>No Statik At All #4 \/ + info<\/strong><\/a> <span style=\"color: #808080;\"><em>December 2022<\/em><\/span><\/p><p><iframe src=\"https:\/\/www.mixcloud.com\/widget\/iframe\/?hide_cover=1&amp;feed=%2FTeslafm_net%2Fno-statik-at-all-4-chica-paula%2F\" width=\"100%\" height=\"120\" frameborder=\"0\"><\/iframe><\/p><p><a href=\"https:\/\/teslafm.net\/en\/no-statik-at-all-3\/\"><strong>No Statik At All #3 \/ + info<\/strong><\/a> <span style=\"color: #808080;\"><em>November 2022<\/em><\/span><\/p><p><iframe src=\"https:\/\/www.mixcloud.com\/widget\/iframe\/?hide_cover=1&amp;feed=%2FTeslafm_net%2Fno-statik-at-all-3-chica-paula%2F\" width=\"100%\" height=\"120\" frameborder=\"0\"><\/iframe><\/p><p><a href=\"https:\/\/teslafm.net\/en\/no-statik-at-all-2\/\"><strong>No Statik At All #2 \/ + info<\/strong> <\/a><span style=\"color: #808080;\"><em>October 2022<\/em><\/span><\/p><p><iframe src=\"https:\/\/www.mixcloud.com\/widget\/iframe\/?hide_cover=1&amp;feed=%2FTeslafm_net%2Fno-statik-at-all-2-chica-paula%2F\" width=\"100%\" height=\"120\" frameborder=\"0\"><\/iframe><\/p><p><a href=\"https:\/\/teslafm.net\/en\/no-statik-at-all-1\/\"><strong>No Statik At All #1 \/ + info<\/strong><\/a> <span style=\"color: #808080;\"><em>September 2022<\/em><\/span><\/p><p><iframe src=\"https:\/\/www.mixcloud.com\/widget\/iframe\/?hide_cover=1&amp;feed=%2FTeslafm_net%2Fno-statik-at-all-1-chica-paula%2F\" width=\"100%\" height=\"120\" frameborder=\"0\"><\/iframe><\/p>\t\t\t\t\t\t\t\t<\/div>\n\t\t\t\t<\/div>\n\t\t\t\t\t<\/div>\n\t\t<\/div>\n\t\t\t\t\t<\/div>\n\t\t<\/section>\n\t\t\t\t<\/div>","protected":false},"excerpt":{"rendered":"<p>PAULA SCHOPF Chica Paula es el seud\u00f3nimo de la DJ, m\u00fasico y artista sonora chilena Paula Schopf, que lleva varias d\u00e9cadas siendo una voz de peso en la pr\u00f3spera comunidad musical de Berl\u00edn y en la escena electr\u00f3nica chilena. mas info: Paula Schopf (foto: Marco Microbi) \u00a0 NO STATIK AT ALL M\u00fasica pocas veces escuchada [&hellip;]<\/p>\n","protected":false},"author":19,"featured_media":0,"parent":0,"menu_order":0,"comment_status":"closed","ping_status":"closed","template":"","meta":{"footnotes":""},"class_list":["post-60176","page","type-page","status-publish","hentry"],"yoast_head":"<!-- This site is optimized with the Yoast SEO plugin v27.4 - https:\/\/yoast.com\/product\/yoast-seo-wordpress\/ -->\n<title>No Statik At All -<\/title>\n<meta name=\"robots\" content=\"index, follow, max-snippet:-1, max-image-preview:large, max-video-preview:-1\" \/>\n<link rel=\"canonical\" href=\"https:\/\/teslafm.net\/en\/no-statik-at-all\/\" \/>\n<meta property=\"og:locale\" content=\"en_US\" \/>\n<meta property=\"og:type\" content=\"article\" \/>\n<meta property=\"og:title\" content=\"No Statik At All -\" \/>\n<meta property=\"og:description\" content=\"PAULA SCHOPF Chica Paula es el seud\u00f3nimo de la DJ, m\u00fasico y artista sonora chilena Paula Schopf, que lleva varias d\u00e9cadas siendo una voz de peso en la pr\u00f3spera comunidad musical de Berl\u00edn y en la escena electr\u00f3nica chilena. mas info: Paula Schopf (foto: Marco Microbi) \u00a0 NO STATIK AT ALL M\u00fasica pocas veces escuchada [&hellip;]\" \/>\n<meta property=\"og:url\" content=\"https:\/\/teslafm.net\/en\/no-statik-at-all\/\" \/>\n<meta property=\"article:publisher\" content=\"https:\/\/www.facebook.com\/teslafm.net\" \/>\n<meta property=\"article:modified_time\" content=\"2023-12-06T14:25:19+00:00\" \/>\n<meta property=\"og:image\" content=\"http:\/\/teslafm.net\/wp-content\/uploads\/2022\/09\/Pic-by-Marco-Microbi-300x300.png\" \/>\n<meta name=\"twitter:card\" content=\"summary_large_image\" \/>\n<meta name=\"twitter:site\" content=\"@teslafm\" \/>\n<meta name=\"twitter:label1\" content=\"Est. reading time\" \/>\n\t<meta name=\"twitter:data1\" content=\"2 minutes\" \/>\n<script type=\"application\/ld+json\" class=\"yoast-schema-graph\">{\"@context\":\"https:\\\/\\\/schema.org\",\"@graph\":[{\"@type\":\"WebPage\",\"@id\":\"https:\\\/\\\/teslafm.net\\\/no-statik-at-all\\\/\",\"url\":\"https:\\\/\\\/teslafm.net\\\/no-statik-at-all\\\/\",\"name\":\"No Statik At All -\",\"isPartOf\":{\"@id\":\"https:\\\/\\\/teslafm.net\\\/#website\"},\"primaryImageOfPage\":{\"@id\":\"https:\\\/\\\/teslafm.net\\\/no-statik-at-all\\\/#primaryimage\"},\"image\":{\"@id\":\"https:\\\/\\\/teslafm.net\\\/no-statik-at-all\\\/#primaryimage\"},\"thumbnailUrl\":\"http:\\\/\\\/teslafm.net\\\/wp-content\\\/uploads\\\/2022\\\/09\\\/Pic-by-Marco-Microbi-300x300.png\",\"datePublished\":\"2022-09-04T14:13:12+00:00\",\"dateModified\":\"2023-12-06T14:25:19+00:00\",\"breadcrumb\":{\"@id\":\"https:\\\/\\\/teslafm.net\\\/no-statik-at-all\\\/#breadcrumb\"},\"inLanguage\":\"en-US\",\"potentialAction\":[{\"@type\":\"ReadAction\",\"target\":[\"https:\\\/\\\/teslafm.net\\\/no-statik-at-all\\\/\"]}]},{\"@type\":\"ImageObject\",\"inLanguage\":\"en-US\",\"@id\":\"https:\\\/\\\/teslafm.net\\\/no-statik-at-all\\\/#primaryimage\",\"url\":\"http:\\\/\\\/teslafm.net\\\/wp-content\\\/uploads\\\/2022\\\/09\\\/Pic-by-Marco-Microbi-300x300.png\",\"contentUrl\":\"http:\\\/\\\/teslafm.net\\\/wp-content\\\/uploads\\\/2022\\\/09\\\/Pic-by-Marco-Microbi-300x300.png\"},{\"@type\":\"BreadcrumbList\",\"@id\":\"https:\\\/\\\/teslafm.net\\\/no-statik-at-all\\\/#breadcrumb\",\"itemListElement\":[{\"@type\":\"ListItem\",\"position\":1,\"name\":\"Portada\",\"item\":\"https:\\\/\\\/teslafm.net\\\/\"},{\"@type\":\"ListItem\",\"position\":2,\"name\":\"No Statik At All\"}]},{\"@type\":\"WebSite\",\"@id\":\"https:\\\/\\\/teslafm.net\\\/#website\",\"url\":\"https:\\\/\\\/teslafm.net\\\/\",\"name\":\"TeslaFM\",\"description\":\"An experimental and creative radio\",\"publisher\":{\"@id\":\"https:\\\/\\\/teslafm.net\\\/#organization\"},\"potentialAction\":[{\"@type\":\"SearchAction\",\"target\":{\"@type\":\"EntryPoint\",\"urlTemplate\":\"https:\\\/\\\/teslafm.net\\\/?s={search_term_string}\"},\"query-input\":{\"@type\":\"PropertyValueSpecification\",\"valueRequired\":true,\"valueName\":\"search_term_string\"}}],\"inLanguage\":\"en-US\"},{\"@type\":\"Organization\",\"@id\":\"https:\\\/\\\/teslafm.net\\\/#organization\",\"name\":\"TeslaFM\",\"url\":\"https:\\\/\\\/teslafm.net\\\/\",\"logo\":{\"@type\":\"ImageObject\",\"inLanguage\":\"en-US\",\"@id\":\"https:\\\/\\\/teslafm.net\\\/#\\\/schema\\\/logo\\\/image\\\/\",\"url\":\"https:\\\/\\\/teslafm.net\\\/wp-content\\\/uploads\\\/2020\\\/06\\\/logo-tesla.png\",\"contentUrl\":\"https:\\\/\\\/teslafm.net\\\/wp-content\\\/uploads\\\/2020\\\/06\\\/logo-tesla.png\",\"width\":512,\"height\":512,\"caption\":\"TeslaFM\"},\"image\":{\"@id\":\"https:\\\/\\\/teslafm.net\\\/#\\\/schema\\\/logo\\\/image\\\/\"},\"sameAs\":[\"https:\\\/\\\/www.facebook.com\\\/teslafm.net\",\"https:\\\/\\\/x.com\\\/teslafm\"]}]}<\/script>\n<!-- \/ Yoast SEO plugin. -->","yoast_head_json":{"title":"No Statik At All -","robots":{"index":"index","follow":"follow","max-snippet":"max-snippet:-1","max-image-preview":"max-image-preview:large","max-video-preview":"max-video-preview:-1"},"canonical":"https:\/\/teslafm.net\/en\/no-statik-at-all\/","og_locale":"en_US","og_type":"article","og_title":"No Statik At All -","og_description":"PAULA SCHOPF Chica Paula es el seud\u00f3nimo de la DJ, m\u00fasico y artista sonora chilena Paula Schopf, que lleva varias d\u00e9cadas siendo una voz de peso en la pr\u00f3spera comunidad musical de Berl\u00edn y en la escena electr\u00f3nica chilena. mas info: Paula Schopf (foto: Marco Microbi) \u00a0 NO STATIK AT ALL M\u00fasica pocas veces escuchada [&hellip;]","og_url":"https:\/\/teslafm.net\/en\/no-statik-at-all\/","article_publisher":"https:\/\/www.facebook.com\/teslafm.net","article_modified_time":"2023-12-06T14:25:19+00:00","og_image":[{"url":"http:\/\/teslafm.net\/wp-content\/uploads\/2022\/09\/Pic-by-Marco-Microbi-300x300.png","type":"","width":"","height":""}],"twitter_card":"summary_large_image","twitter_site":"@teslafm","twitter_misc":{"Est. reading time":"2 minutes"},"schema":{"@context":"https:\/\/schema.org","@graph":[{"@type":"WebPage","@id":"https:\/\/teslafm.net\/no-statik-at-all\/","url":"https:\/\/teslafm.net\/no-statik-at-all\/","name":"No Statik At All -","isPartOf":{"@id":"https:\/\/teslafm.net\/#website"},"primaryImageOfPage":{"@id":"https:\/\/teslafm.net\/no-statik-at-all\/#primaryimage"},"image":{"@id":"https:\/\/teslafm.net\/no-statik-at-all\/#primaryimage"},"thumbnailUrl":"http:\/\/teslafm.net\/wp-content\/uploads\/2022\/09\/Pic-by-Marco-Microbi-300x300.png","datePublished":"2022-09-04T14:13:12+00:00","dateModified":"2023-12-06T14:25:19+00:00","breadcrumb":{"@id":"https:\/\/teslafm.net\/no-statik-at-all\/#breadcrumb"},"inLanguage":"en-US","potentialAction":[{"@type":"ReadAction","target":["https:\/\/teslafm.net\/no-statik-at-all\/"]}]},{"@type":"ImageObject","inLanguage":"en-US","@id":"https:\/\/teslafm.net\/no-statik-at-all\/#primaryimage","url":"http:\/\/teslafm.net\/wp-content\/uploads\/2022\/09\/Pic-by-Marco-Microbi-300x300.png","contentUrl":"http:\/\/teslafm.net\/wp-content\/uploads\/2022\/09\/Pic-by-Marco-Microbi-300x300.png"},{"@type":"BreadcrumbList","@id":"https:\/\/teslafm.net\/no-statik-at-all\/#breadcrumb","itemListElement":[{"@type":"ListItem","position":1,"name":"Portada","item":"https:\/\/teslafm.net\/"},{"@type":"ListItem","position":2,"name":"No Statik At All"}]},{"@type":"WebSite","@id":"https:\/\/teslafm.net\/#website","url":"https:\/\/teslafm.net\/","name":"TeslaFM","description":"An experimental and creative radio","publisher":{"@id":"https:\/\/teslafm.net\/#organization"},"potentialAction":[{"@type":"SearchAction","target":{"@type":"EntryPoint","urlTemplate":"https:\/\/teslafm.net\/?s={search_term_string}"},"query-input":{"@type":"PropertyValueSpecification","valueRequired":true,"valueName":"search_term_string"}}],"inLanguage":"en-US"},{"@type":"Organization","@id":"https:\/\/teslafm.net\/#organization","name":"TeslaFM","url":"https:\/\/teslafm.net\/","logo":{"@type":"ImageObject","inLanguage":"en-US","@id":"https:\/\/teslafm.net\/#\/schema\/logo\/image\/","url":"https:\/\/teslafm.net\/wp-content\/uploads\/2020\/06\/logo-tesla.png","contentUrl":"https:\/\/teslafm.net\/wp-content\/uploads\/2020\/06\/logo-tesla.png","width":512,"height":512,"caption":"TeslaFM"},"image":{"@id":"https:\/\/teslafm.net\/#\/schema\/logo\/image\/"},"sameAs":["https:\/\/www.facebook.com\/teslafm.net","https:\/\/x.com\/teslafm"]}]}},"rttpg_featured_image_url":null,"rttpg_author":{"display_name":"Ishak","author_link":"https:\/\/teslafm.net\/en\/author\/cravan\/"},"rttpg_comment":0,"rttpg_category":null,"rttpg_excerpt":"PAULA SCHOPF Chica Paula es el seud\u00f3nimo de la DJ, m\u00fasico y artista sonora chilena Paula Schopf, que lleva varias d\u00e9cadas siendo una voz de peso en la pr\u00f3spera comunidad musical de Berl\u00edn y en la escena electr\u00f3nica chilena. mas info: Paula Schopf (foto: Marco Microbi) \u00a0 NO STATIK AT ALL M\u00fasica pocas veces escuchada&hellip;","_links":{"self":[{"href":"https:\/\/teslafm.net\/en\/wp-json\/wp\/v2\/pages\/60176","targetHints":{"allow":["GET"]}}],"collection":[{"href":"https:\/\/teslafm.net\/en\/wp-json\/wp\/v2\/pages"}],"about":[{"href":"https:\/\/teslafm.net\/en\/wp-json\/wp\/v2\/types\/page"}],"author":[{"embeddable":true,"href":"https:\/\/teslafm.net\/en\/wp-json\/wp\/v2\/users\/19"}],"replies":[{"embeddable":true,"href":"https:\/\/teslafm.net\/en\/wp-json\/wp\/v2\/comments?post=60176"}],"version-history":[{"count":49,"href":"https:\/\/teslafm.net\/en\/wp-json\/wp\/v2\/pages\/60176\/revisions"}],"predecessor-version":[{"id":64016,"href":"https:\/\/teslafm.net\/en\/wp-json\/wp\/v2\/pages\/60176\/revisions\/64016"}],"wp:attachment":[{"href":"https:\/\/teslafm.net\/en\/wp-json\/wp\/v2\/media?parent=60176"}],"curies":[{"name":"wp","href":"https:\/\/api.w.org\/{rel}","templated":true}]}}