

{"id":60205,"date":"2022-09-06T17:08:09","date_gmt":"2022-09-06T15:08:09","guid":{"rendered":"https:\/\/teslafm.net\/?page_id=60205"},"modified":"2022-09-06T17:10:46","modified_gmt":"2022-09-06T15:10:46","slug":"maracalab-11","status":"publish","type":"page","link":"https:\/\/teslafm.net\/en\/maracalab-11\/","title":{"rendered":"MaracaLab #11"},"content":{"rendered":"<div data-elementor-type=\"wp-page\" data-elementor-id=\"60205\" class=\"elementor elementor-60205\">\n\t\t\t\t\t\t<section class=\"elementor-section elementor-top-section elementor-element elementor-element-40af817 elementor-section-boxed elementor-section-height-default elementor-section-height-default\" data-id=\"40af817\" data-element_type=\"section\" data-e-type=\"section\">\n\t\t\t\t\t\t<div class=\"elementor-container elementor-column-gap-default\">\n\t\t\t\t\t<div class=\"elementor-column elementor-col-100 elementor-top-column elementor-element elementor-element-6cd6d7fc\" data-id=\"6cd6d7fc\" data-element_type=\"column\" data-e-type=\"column\">\n\t\t\t<div class=\"elementor-widget-wrap elementor-element-populated\">\n\t\t\t\t\t\t<div class=\"elementor-element elementor-element-2b7c376b elementor-widget elementor-widget-text-editor\" data-id=\"2b7c376b\" data-element_type=\"widget\" data-e-type=\"widget\" data-widget_type=\"text-editor.default\">\n\t\t\t\t<div class=\"elementor-widget-container\">\n\t\t\t\t\t\t\t\t\t<h2><span style=\"color: #ffffff;\"><strong>MaracaLab #11<\/strong><\/span><\/h2>\n<span style=\"color: #808080;\"><em>September 2022<\/em><\/span>\n\n<iframe src=\"https:\/\/www.mixcloud.com\/widget\/iframe\/?hide_cover=1&amp;feed=%2FTeslafm_net%2Fmaracalab-11-frud%C3%A0-merino-pou%2F\" width=\"100%\" height=\"120\" frameborder=\"0\"><\/iframe>\n<div>\n\n<span style=\"color: #808080;\">A return to the future through a leap into the past (and the present) through film, music and the words of poets, activists, musicians and performers who speak of culture (and not only culture) precarious, of struggles and claims against injustices and social inequalities, of anesthetizing routine and misguided ambitions, of social and institutional violence, of the chains that stultify us and keep us with our heads down. A not at all linear, epiphanic journey, to scratch the possibility to tell us, to think us, to act us, to free us, if it is possible: <strong>Susan Sontag<\/strong>,<strong> Fruit<\/strong>,<strong> Angela Davis<\/strong>,<strong> Kike Bela<\/strong>,<strong> Anna Pantinat<\/strong>,<strong> Tanit Cobas<\/strong>,<strong> Enric Casasses<\/strong>,<strong> N\u00faria Mart\u00ednez-Vernis<\/strong>,<strong> Paloma Mu\u00f1oz<\/strong>,<strong> Geyser<\/strong>,<strong> Anonymous<\/strong>,<strong> Jane Godall<\/strong>.<\/span>\t\t\t\t\t\t\t\t<\/div>\n\t\t\t\t<\/div>\n\t\t\t\t\t<\/div>\n\t\t<\/div>\n\t\t\t\t\t<\/div>\n\t\t<\/section>\n\t\t\t\t<section class=\"elementor-section elementor-top-section elementor-element elementor-element-c92b5cb elementor-section-boxed elementor-section-height-default elementor-section-height-default\" data-id=\"c92b5cb\" data-element_type=\"section\" data-e-type=\"section\">\n\t\t\t\t\t\t<div class=\"elementor-container elementor-column-gap-default\">\n\t\t\t\t\t<div class=\"elementor-column elementor-col-50 elementor-top-column elementor-element elementor-element-a9f0300\" data-id=\"a9f0300\" data-element_type=\"column\" data-e-type=\"column\">\n\t\t\t<div class=\"elementor-widget-wrap elementor-element-populated\">\n\t\t\t\t\t\t<div class=\"elementor-element elementor-element-9ef104b elementor-widget elementor-widget-text-editor\" data-id=\"9ef104b\" data-element_type=\"widget\" data-e-type=\"widget\" data-widget_type=\"text-editor.default\">\n\t\t\t\t<div class=\"elementor-widget-container\">\n\t\t\t\t\t\t\t\t\t<p dir=\"ltr\"><span style=\"color: #808080;\">Movies (in no particular order):<\/span><\/p><p><span style=\"color: #808080;\">01. Amanece que no es poco - <strong>Jos\u00e9 Luis Cuerda<\/strong><\/span><br \/><span style=\"color: #808080;\">02. Encounters in the third phase - <strong>Stephen Spielberg<\/strong><\/span><br \/><span style=\"color: #808080;\">03. Patti Smith. Electric Poet. - <strong>Sophie Peyrard<\/strong><\/span><br \/><span style=\"color: #808080;\">04. Red telephone to Moscow - <strong>Stanley Kubrick<\/strong><\/span><br \/><span style=\"color: #808080;\">05. Back to the future II - <strong>Robert Zemeckis<\/strong><\/span><br \/><span style=\"color: #808080;\">06. God is a woman and her name is Petrunya - <strong>Teona Strugar Mitevska<\/strong><\/span><br \/><span style=\"color: #808080;\">07. The Cabin - <strong>Antonio Mercero<\/strong><\/span><br \/><span style=\"color: #808080;\">08. The shining world - <strong>Carlston Young<\/strong><\/span><br \/><span style=\"color: #808080;\">09. A corpse in the dessert - <strong>Robery Moore<\/strong><\/span><br \/><span style=\"color: #808080;\">10. Stories to keep you awake: The TV set - <strong>Chicho Ib\u00e1\u00f1ez Serrador<\/strong><\/span><br \/><span style=\"color: #808080;\">11. Truman's Show - <strong>Peter Weir<\/strong><\/span><br \/><span style=\"color: #808080;\">12. Shirley - <strong>Gustav Deusch<\/strong><\/span><br \/><span style=\"color: #808080;\">13. I want to talk about Duras - <strong>Claire Simon<\/strong><\/span><br \/><span style=\"color: #808080;\">14. The flower of my secret - <strong>Pedro Almod\u00f3var<\/strong><\/span><br \/><span style=\"color: #808080;\">15. Fear and Loathing in Las Vegas - <strong>Terry William<\/strong><\/span><br \/><span style=\"color: #808080;\">16. Pepy, Lucy, Bom and the girls of the bunch -\u00a0 <strong>Pedro Almod\u00f3var<\/strong><\/span><br \/><span style=\"color: #808080;\">17. Pink Flamingos - <strong>John Waters<\/strong><\/span><br \/><span style=\"color: #808080;\">18. John was trying to contact aliens - <strong>Matthew Killip<\/strong><\/span><br \/><span style=\"color: #808080;\">19. Cow - <strong>Andrea Arnold<\/strong><\/span><br \/><span style=\"color: #808080;\">20. The Journey to Nowhere - <strong>Fernando Fern\u00e1n G\u00f3mez<\/strong><\/span><\/p>\t\t\t\t\t\t\t\t<\/div>\n\t\t\t\t<\/div>\n\t\t\t\t\t<\/div>\n\t\t<\/div>\n\t\t\t\t<div class=\"elementor-column elementor-col-50 elementor-top-column elementor-element elementor-element-439552c\" data-id=\"439552c\" data-element_type=\"column\" data-e-type=\"column\">\n\t\t\t<div class=\"elementor-widget-wrap elementor-element-populated\">\n\t\t\t\t\t\t<div class=\"elementor-element elementor-element-be69e3c elementor-widget elementor-widget-text-editor\" data-id=\"be69e3c\" data-element_type=\"widget\" data-e-type=\"widget\" data-widget_type=\"text-editor.default\">\n\t\t\t\t<div class=\"elementor-widget-container\">\n\t\t\t\t\t\t\t\t\t<p><span style=\"color: #808080;\">Music:<\/span><\/p><p><span style=\"color: #808080;\">01. <strong>Neural Circus<\/strong> - Exit<\/span><br \/><span style=\"color: #808080;\">02. <strong>Little Simz<\/strong> - Venom<\/span><br \/><span style=\"color: #808080;\">03. <strong>NNHMN<\/strong> - Magic Man<\/span><br \/><span style=\"color: #808080;\">04. <strong>Geometric Splendor<\/strong> - Moscow is frozen<\/span><br \/><span style=\"color: #808080;\">05. <strong>Sophie Tucker<\/strong> - I ain't taking orders from no one<\/span><br \/><span style=\"color: #808080;\">06. <strong>Yowie<\/strong> - Absurdly Ineffective Barricade<\/span><br \/><span style=\"color: #808080;\">07. <strong>Arkanoid<\/strong> - Time to Die<\/span><br \/><span style=\"color: #808080;\">08. <strong>Cult 48<\/strong> - Counter Dream<\/span><br \/><span style=\"color: #808080;\">09. <strong>Sound Synthesis<\/strong> - Planet Hope<\/span><\/p>\t\t\t\t\t\t\t\t<\/div>\n\t\t\t\t<\/div>\n\t\t\t\t\t<\/div>\n\t\t<\/div>\n\t\t\t\t\t<\/div>\n\t\t<\/section>\n\t\t\t\t<\/div>","protected":false},"excerpt":{"rendered":"<p>MaracaLab #11 Septiembre 2022 Un regreso al futuro mediante un salto al pasado (y al presente) a trav\u00e9s del cine, la m\u00fasica y las palabras de poetas, activistas, m\u00fasicos y performers que nos hablan de cultura (y no solo de cultura) precarizada, de luchas y reivindicaciones contra las injusticias y las desigualdades sociales, de rutina [&hellip;]<\/p>\n","protected":false},"author":19,"featured_media":0,"parent":0,"menu_order":0,"comment_status":"closed","ping_status":"closed","template":"","meta":{"footnotes":""},"class_list":["post-60205","page","type-page","status-publish","hentry"],"yoast_head":"<!-- This site is optimized with the Yoast SEO plugin v27.4 - https:\/\/yoast.com\/product\/yoast-seo-wordpress\/ -->\n<title>MaracaLab #11 -<\/title>\n<meta name=\"robots\" content=\"index, follow, max-snippet:-1, max-image-preview:large, max-video-preview:-1\" \/>\n<link rel=\"canonical\" href=\"https:\/\/teslafm.net\/en\/maracalab-11\/\" \/>\n<meta property=\"og:locale\" content=\"en_US\" \/>\n<meta property=\"og:type\" content=\"article\" \/>\n<meta property=\"og:title\" content=\"MaracaLab #11 -\" \/>\n<meta property=\"og:description\" content=\"MaracaLab #11 Septiembre 2022 Un regreso al futuro mediante un salto al pasado (y al presente) a trav\u00e9s del cine, la m\u00fasica y las palabras de poetas, activistas, m\u00fasicos y performers que nos hablan de cultura (y no solo de cultura) precarizada, de luchas y reivindicaciones contra las injusticias y las desigualdades sociales, de rutina [&hellip;]\" \/>\n<meta property=\"og:url\" content=\"https:\/\/teslafm.net\/en\/maracalab-11\/\" \/>\n<meta property=\"article:publisher\" content=\"https:\/\/www.facebook.com\/teslafm.net\" \/>\n<meta property=\"article:modified_time\" content=\"2022-09-06T15:10:46+00:00\" \/>\n<meta property=\"og:image\" content=\"https:\/\/teslafm.net\/wp-content\/uploads\/2022\/09\/header-image-4-temp.png\" \/>\n\t<meta property=\"og:image:width\" content=\"1274\" \/>\n\t<meta property=\"og:image:height\" content=\"818\" \/>\n\t<meta property=\"og:image:type\" content=\"image\/png\" \/>\n<meta name=\"twitter:card\" content=\"summary_large_image\" \/>\n<meta name=\"twitter:site\" content=\"@teslafm\" \/>\n<meta name=\"twitter:label1\" content=\"Est. reading time\" \/>\n\t<meta name=\"twitter:data1\" content=\"2 minutes\" \/>\n<script type=\"application\/ld+json\" class=\"yoast-schema-graph\">{\"@context\":\"https:\\\/\\\/schema.org\",\"@graph\":[{\"@type\":\"WebPage\",\"@id\":\"https:\\\/\\\/teslafm.net\\\/maracalab-11\\\/\",\"url\":\"https:\\\/\\\/teslafm.net\\\/maracalab-11\\\/\",\"name\":\"MaracaLab #11 -\",\"isPartOf\":{\"@id\":\"https:\\\/\\\/teslafm.net\\\/#website\"},\"datePublished\":\"2022-09-06T15:08:09+00:00\",\"dateModified\":\"2022-09-06T15:10:46+00:00\",\"breadcrumb\":{\"@id\":\"https:\\\/\\\/teslafm.net\\\/maracalab-11\\\/#breadcrumb\"},\"inLanguage\":\"en-US\",\"potentialAction\":[{\"@type\":\"ReadAction\",\"target\":[\"https:\\\/\\\/teslafm.net\\\/maracalab-11\\\/\"]}]},{\"@type\":\"BreadcrumbList\",\"@id\":\"https:\\\/\\\/teslafm.net\\\/maracalab-11\\\/#breadcrumb\",\"itemListElement\":[{\"@type\":\"ListItem\",\"position\":1,\"name\":\"Portada\",\"item\":\"https:\\\/\\\/teslafm.net\\\/\"},{\"@type\":\"ListItem\",\"position\":2,\"name\":\"MaracaLab #11\"}]},{\"@type\":\"WebSite\",\"@id\":\"https:\\\/\\\/teslafm.net\\\/#website\",\"url\":\"https:\\\/\\\/teslafm.net\\\/\",\"name\":\"TeslaFM\",\"description\":\"An experimental and creative radio\",\"publisher\":{\"@id\":\"https:\\\/\\\/teslafm.net\\\/#organization\"},\"potentialAction\":[{\"@type\":\"SearchAction\",\"target\":{\"@type\":\"EntryPoint\",\"urlTemplate\":\"https:\\\/\\\/teslafm.net\\\/?s={search_term_string}\"},\"query-input\":{\"@type\":\"PropertyValueSpecification\",\"valueRequired\":true,\"valueName\":\"search_term_string\"}}],\"inLanguage\":\"en-US\"},{\"@type\":\"Organization\",\"@id\":\"https:\\\/\\\/teslafm.net\\\/#organization\",\"name\":\"TeslaFM\",\"url\":\"https:\\\/\\\/teslafm.net\\\/\",\"logo\":{\"@type\":\"ImageObject\",\"inLanguage\":\"en-US\",\"@id\":\"https:\\\/\\\/teslafm.net\\\/#\\\/schema\\\/logo\\\/image\\\/\",\"url\":\"https:\\\/\\\/teslafm.net\\\/wp-content\\\/uploads\\\/2020\\\/06\\\/logo-tesla.png\",\"contentUrl\":\"https:\\\/\\\/teslafm.net\\\/wp-content\\\/uploads\\\/2020\\\/06\\\/logo-tesla.png\",\"width\":512,\"height\":512,\"caption\":\"TeslaFM\"},\"image\":{\"@id\":\"https:\\\/\\\/teslafm.net\\\/#\\\/schema\\\/logo\\\/image\\\/\"},\"sameAs\":[\"https:\\\/\\\/www.facebook.com\\\/teslafm.net\",\"https:\\\/\\\/x.com\\\/teslafm\"]}]}<\/script>\n<!-- \/ Yoast SEO plugin. -->","yoast_head_json":{"title":"MaracaLab #11 -","robots":{"index":"index","follow":"follow","max-snippet":"max-snippet:-1","max-image-preview":"max-image-preview:large","max-video-preview":"max-video-preview:-1"},"canonical":"https:\/\/teslafm.net\/en\/maracalab-11\/","og_locale":"en_US","og_type":"article","og_title":"MaracaLab #11 -","og_description":"MaracaLab #11 Septiembre 2022 Un regreso al futuro mediante un salto al pasado (y al presente) a trav\u00e9s del cine, la m\u00fasica y las palabras de poetas, activistas, m\u00fasicos y performers que nos hablan de cultura (y no solo de cultura) precarizada, de luchas y reivindicaciones contra las injusticias y las desigualdades sociales, de rutina [&hellip;]","og_url":"https:\/\/teslafm.net\/en\/maracalab-11\/","article_publisher":"https:\/\/www.facebook.com\/teslafm.net","article_modified_time":"2022-09-06T15:10:46+00:00","og_image":[{"width":1274,"height":818,"url":"https:\/\/teslafm.net\/wp-content\/uploads\/2022\/09\/header-image-4-temp.png","type":"image\/png"}],"twitter_card":"summary_large_image","twitter_site":"@teslafm","twitter_misc":{"Est. reading time":"2 minutes"},"schema":{"@context":"https:\/\/schema.org","@graph":[{"@type":"WebPage","@id":"https:\/\/teslafm.net\/maracalab-11\/","url":"https:\/\/teslafm.net\/maracalab-11\/","name":"MaracaLab #11 -","isPartOf":{"@id":"https:\/\/teslafm.net\/#website"},"datePublished":"2022-09-06T15:08:09+00:00","dateModified":"2022-09-06T15:10:46+00:00","breadcrumb":{"@id":"https:\/\/teslafm.net\/maracalab-11\/#breadcrumb"},"inLanguage":"en-US","potentialAction":[{"@type":"ReadAction","target":["https:\/\/teslafm.net\/maracalab-11\/"]}]},{"@type":"BreadcrumbList","@id":"https:\/\/teslafm.net\/maracalab-11\/#breadcrumb","itemListElement":[{"@type":"ListItem","position":1,"name":"Portada","item":"https:\/\/teslafm.net\/"},{"@type":"ListItem","position":2,"name":"MaracaLab #11"}]},{"@type":"WebSite","@id":"https:\/\/teslafm.net\/#website","url":"https:\/\/teslafm.net\/","name":"TeslaFM","description":"An experimental and creative radio","publisher":{"@id":"https:\/\/teslafm.net\/#organization"},"potentialAction":[{"@type":"SearchAction","target":{"@type":"EntryPoint","urlTemplate":"https:\/\/teslafm.net\/?s={search_term_string}"},"query-input":{"@type":"PropertyValueSpecification","valueRequired":true,"valueName":"search_term_string"}}],"inLanguage":"en-US"},{"@type":"Organization","@id":"https:\/\/teslafm.net\/#organization","name":"TeslaFM","url":"https:\/\/teslafm.net\/","logo":{"@type":"ImageObject","inLanguage":"en-US","@id":"https:\/\/teslafm.net\/#\/schema\/logo\/image\/","url":"https:\/\/teslafm.net\/wp-content\/uploads\/2020\/06\/logo-tesla.png","contentUrl":"https:\/\/teslafm.net\/wp-content\/uploads\/2020\/06\/logo-tesla.png","width":512,"height":512,"caption":"TeslaFM"},"image":{"@id":"https:\/\/teslafm.net\/#\/schema\/logo\/image\/"},"sameAs":["https:\/\/www.facebook.com\/teslafm.net","https:\/\/x.com\/teslafm"]}]}},"rttpg_featured_image_url":null,"rttpg_author":{"display_name":"Ishak","author_link":"https:\/\/teslafm.net\/en\/author\/cravan\/"},"rttpg_comment":0,"rttpg_category":null,"rttpg_excerpt":"MaracaLab #11 Septiembre 2022 Un regreso al futuro mediante un salto al pasado (y al presente) a trav\u00e9s del cine, la m\u00fasica y las palabras de poetas, activistas, m\u00fasicos y performers que nos hablan de cultura (y no solo de cultura) precarizada, de luchas y reivindicaciones contra las injusticias y las desigualdades sociales, de rutina&hellip;","_links":{"self":[{"href":"https:\/\/teslafm.net\/en\/wp-json\/wp\/v2\/pages\/60205","targetHints":{"allow":["GET"]}}],"collection":[{"href":"https:\/\/teslafm.net\/en\/wp-json\/wp\/v2\/pages"}],"about":[{"href":"https:\/\/teslafm.net\/en\/wp-json\/wp\/v2\/types\/page"}],"author":[{"embeddable":true,"href":"https:\/\/teslafm.net\/en\/wp-json\/wp\/v2\/users\/19"}],"replies":[{"embeddable":true,"href":"https:\/\/teslafm.net\/en\/wp-json\/wp\/v2\/comments?post=60205"}],"version-history":[{"count":2,"href":"https:\/\/teslafm.net\/en\/wp-json\/wp\/v2\/pages\/60205\/revisions"}],"predecessor-version":[{"id":60207,"href":"https:\/\/teslafm.net\/en\/wp-json\/wp\/v2\/pages\/60205\/revisions\/60207"}],"wp:attachment":[{"href":"https:\/\/teslafm.net\/en\/wp-json\/wp\/v2\/media?parent=60205"}],"curies":[{"name":"wp","href":"https:\/\/api.w.org\/{rel}","templated":true}]}}