

{"id":60223,"date":"2022-09-13T17:39:42","date_gmt":"2022-09-13T15:39:42","guid":{"rendered":"https:\/\/teslafm.net\/?page_id=60223"},"modified":"2022-09-13T17:39:42","modified_gmt":"2022-09-13T15:39:42","slug":"ananke-40","status":"publish","type":"page","link":"https:\/\/teslafm.net\/en\/ananke-40\/","title":{"rendered":"Anank\u00e9 #40"},"content":{"rendered":"<h2><strong><span style=\"color: #ffffff;\">Anank\u00e9 Chapter XL<\/span><br \/>\n<\/strong><\/h2>\n<p><span style=\"color: #808080;\"><em>September 2022<\/em><\/span><\/p>\n<p><iframe src=\"https:\/\/www.mixcloud.com\/widget\/iframe\/?hide_cover=1&amp;feed=%2FTeslafm_net%2Fanank%C3%A9-40-jaco%2F\" width=\"100%\" height=\"120\" frameborder=\"0\"><\/iframe><\/p>\n<p><span style=\"color: #808080;\">01. <strong>Ekstasis<\/strong> - Angelicea Keys - Avon Attorla\u00f0e (Avon Terror Corps, 2022)<\/span><br \/>\n<span style=\"color: #808080;\">02. <strong>Mama Matrix<\/strong> - Blue Water Lily - Avon Attorla\u00f0e (Avon Terror Corps, 2022)<\/span><br \/>\n<span style=\"color: #808080;\">03. <strong>The Healers<\/strong> - We Are Your Healers - Avon Attorla\u00f0e (Avon Terror Corps, 2022)<\/span><br \/>\n<span style=\"color: #808080;\">04. <strong>F\u00e9licia Atkinson<\/strong> - The World is Full of Abandoned Meanings - Image Langage (Shelter Press, 2022)<\/span><br \/>\n<span style=\"color: #808080;\">05. <strong>Cucina Povera<\/strong> &amp; <strong>Ben Vince<\/strong> - Sumu Puistossa - There i See Everything (Ecstatic, 2022)<\/span><br \/>\n<span style=\"color: #808080;\">06. <strong>Kode9<\/strong> - Toxic Foam - Escapology (Hyperdub, 2022)<\/span><br \/>\n<span style=\"color: #808080;\">07. <strong>Kaitlyn Aurelia Smith<\/strong> - There is Something - Let's Turn It Into Sound (Ghostly International, 2022)<\/span><br \/>\n<span style=\"color: #808080;\">08. <strong>Shackleton<\/strong> - The Overwhelming Yes - The Majestic Yes (Honest Jon's, 2022)<\/span><br \/>\n<span style=\"color: #808080;\">09. <strong>Sub Dub<\/strong> - Soundcheck - Sub Dub EP's \/ Original Masters 1993-1995 (theAgriculture, 2001)<\/span><br \/>\n<span style=\"color: #808080;\">10. <strong>Princess Difficult<\/strong> - Plant Mutilation - Avon Attorla\u00f0e (Avon Terror Corps, 2022)<\/span><br \/>\n<span style=\"color: #808080;\">11. <strong>Eros<\/strong> - A Southern Code - A Southern Code (Downwards, 2022)<\/span><br \/>\n<span style=\"color: #808080;\">12. <strong>DJ Slon<\/strong> - Z80 - Album N\u00ba1 (Gost Zvuk, 2022)<\/span><br \/>\n<span style=\"color: #808080;\">13. <strong>Pyrolator<\/strong> - Der Raum - Niemandsland (Bureau B, 2022)<\/span><br \/>\n<span style=\"color: #808080;\">14. <strong>Charles Cohen<\/strong> - Dance of the Spirit Catchers - A Retrospective (Morphine, 2014)<\/span><\/p>","protected":false},"excerpt":{"rendered":"<p>Anank\u00e9 Cap\u00edtulo XL Septiembre 2022 01. Ekstasis &#8211; Claves Angelicea &#8211; Avon Attorla\u00f0e (Avon Terror Corps, 2022) 02. Mama Matrix &#8211; Blue Water Lily &#8211; Avon Attorla\u00f0e (Avon Terror Corps, 2022) 03. The Healers &#8211; We Are Your Healers &#8211; Avon Attorla\u00f0e (Avon Terror Corps, 2022) 04. F\u00e9licia Atkinson &#8211; The World is Full of [&hellip;]<\/p>\n","protected":false},"author":19,"featured_media":0,"parent":0,"menu_order":0,"comment_status":"closed","ping_status":"closed","template":"","meta":{"footnotes":""},"class_list":["post-60223","page","type-page","status-publish","hentry"],"yoast_head":"<!-- This site is optimized with the Yoast SEO plugin v27.2 - https:\/\/yoast.com\/product\/yoast-seo-wordpress\/ -->\n<title>Anank\u00e9 #40 -<\/title>\n<meta name=\"robots\" content=\"index, follow, max-snippet:-1, max-image-preview:large, max-video-preview:-1\" \/>\n<link rel=\"canonical\" href=\"https:\/\/teslafm.net\/en\/ananke-40\/\" \/>\n<meta property=\"og:locale\" content=\"en_US\" \/>\n<meta property=\"og:type\" content=\"article\" \/>\n<meta property=\"og:title\" content=\"Anank\u00e9 #40 -\" \/>\n<meta property=\"og:description\" content=\"Anank\u00e9 Cap\u00edtulo XL Septiembre 2022 01. Ekstasis &#8211; Claves Angelicea &#8211; Avon Attorla\u00f0e (Avon Terror Corps, 2022) 02. Mama Matrix &#8211; Blue Water Lily &#8211; Avon Attorla\u00f0e (Avon Terror Corps, 2022) 03. The Healers &#8211; We Are Your Healers &#8211; Avon Attorla\u00f0e (Avon Terror Corps, 2022) 04. F\u00e9licia Atkinson &#8211; The World is Full of [&hellip;]\" \/>\n<meta property=\"og:url\" content=\"https:\/\/teslafm.net\/en\/ananke-40\/\" \/>\n<meta property=\"article:publisher\" content=\"https:\/\/www.facebook.com\/teslafm.net\" \/>\n<meta property=\"og:image\" content=\"https:\/\/teslafm.net\/wp-content\/uploads\/2022\/09\/header-image-4-temp.png\" \/>\n\t<meta property=\"og:image:width\" content=\"1274\" \/>\n\t<meta property=\"og:image:height\" content=\"818\" \/>\n\t<meta property=\"og:image:type\" content=\"image\/png\" \/>\n<meta name=\"twitter:card\" content=\"summary_large_image\" \/>\n<meta name=\"twitter:site\" content=\"@teslafm\" \/>\n<meta name=\"twitter:label1\" content=\"Est. reading time\" \/>\n\t<meta name=\"twitter:data1\" content=\"1 minute\" \/>\n<script type=\"application\/ld+json\" class=\"yoast-schema-graph\">{\"@context\":\"https:\/\/schema.org\",\"@graph\":[{\"@type\":\"WebPage\",\"@id\":\"https:\/\/teslafm.net\/ananke-40\/\",\"url\":\"https:\/\/teslafm.net\/ananke-40\/\",\"name\":\"Anank\u00e9 #40 -\",\"isPartOf\":{\"@id\":\"https:\/\/teslafm.net\/#website\"},\"datePublished\":\"2022-09-13T15:39:42+00:00\",\"breadcrumb\":{\"@id\":\"https:\/\/teslafm.net\/ananke-40\/#breadcrumb\"},\"inLanguage\":\"en-US\",\"potentialAction\":[{\"@type\":\"ReadAction\",\"target\":[\"https:\/\/teslafm.net\/ananke-40\/\"]}]},{\"@type\":\"BreadcrumbList\",\"@id\":\"https:\/\/teslafm.net\/ananke-40\/#breadcrumb\",\"itemListElement\":[{\"@type\":\"ListItem\",\"position\":1,\"name\":\"Portada\",\"item\":\"https:\/\/teslafm.net\/\"},{\"@type\":\"ListItem\",\"position\":2,\"name\":\"Anank\u00e9 #40\"}]},{\"@type\":\"WebSite\",\"@id\":\"https:\/\/teslafm.net\/#website\",\"url\":\"https:\/\/teslafm.net\/\",\"name\":\"TeslaFM\",\"description\":\"An experimental and creative radio\",\"publisher\":{\"@id\":\"https:\/\/teslafm.net\/#organization\"},\"potentialAction\":[{\"@type\":\"SearchAction\",\"target\":{\"@type\":\"EntryPoint\",\"urlTemplate\":\"https:\/\/teslafm.net\/?s={search_term_string}\"},\"query-input\":{\"@type\":\"PropertyValueSpecification\",\"valueRequired\":true,\"valueName\":\"search_term_string\"}}],\"inLanguage\":\"en-US\"},{\"@type\":\"Organization\",\"@id\":\"https:\/\/teslafm.net\/#organization\",\"name\":\"TeslaFM\",\"url\":\"https:\/\/teslafm.net\/\",\"logo\":{\"@type\":\"ImageObject\",\"inLanguage\":\"en-US\",\"@id\":\"https:\/\/teslafm.net\/#\/schema\/logo\/image\/\",\"url\":\"https:\/\/teslafm.net\/wp-content\/uploads\/2020\/06\/logo-tesla.png\",\"contentUrl\":\"https:\/\/teslafm.net\/wp-content\/uploads\/2020\/06\/logo-tesla.png\",\"width\":512,\"height\":512,\"caption\":\"TeslaFM\"},\"image\":{\"@id\":\"https:\/\/teslafm.net\/#\/schema\/logo\/image\/\"},\"sameAs\":[\"https:\/\/www.facebook.com\/teslafm.net\",\"https:\/\/x.com\/teslafm\"]}]}<\/script>\n<!-- \/ Yoast SEO plugin. -->","yoast_head_json":{"title":"Anank\u00e9 #40 -","robots":{"index":"index","follow":"follow","max-snippet":"max-snippet:-1","max-image-preview":"max-image-preview:large","max-video-preview":"max-video-preview:-1"},"canonical":"https:\/\/teslafm.net\/en\/ananke-40\/","og_locale":"en_US","og_type":"article","og_title":"Anank\u00e9 #40 -","og_description":"Anank\u00e9 Cap\u00edtulo XL Septiembre 2022 01. Ekstasis &#8211; Claves Angelicea &#8211; Avon Attorla\u00f0e (Avon Terror Corps, 2022) 02. Mama Matrix &#8211; Blue Water Lily &#8211; Avon Attorla\u00f0e (Avon Terror Corps, 2022) 03. The Healers &#8211; We Are Your Healers &#8211; Avon Attorla\u00f0e (Avon Terror Corps, 2022) 04. F\u00e9licia Atkinson &#8211; The World is Full of [&hellip;]","og_url":"https:\/\/teslafm.net\/en\/ananke-40\/","article_publisher":"https:\/\/www.facebook.com\/teslafm.net","og_image":[{"width":1274,"height":818,"url":"https:\/\/teslafm.net\/wp-content\/uploads\/2022\/09\/header-image-4-temp.png","type":"image\/png"}],"twitter_card":"summary_large_image","twitter_site":"@teslafm","twitter_misc":{"Est. reading time":"1 minute"},"schema":{"@context":"https:\/\/schema.org","@graph":[{"@type":"WebPage","@id":"https:\/\/teslafm.net\/ananke-40\/","url":"https:\/\/teslafm.net\/ananke-40\/","name":"Anank\u00e9 #40 -","isPartOf":{"@id":"https:\/\/teslafm.net\/#website"},"datePublished":"2022-09-13T15:39:42+00:00","breadcrumb":{"@id":"https:\/\/teslafm.net\/ananke-40\/#breadcrumb"},"inLanguage":"en-US","potentialAction":[{"@type":"ReadAction","target":["https:\/\/teslafm.net\/ananke-40\/"]}]},{"@type":"BreadcrumbList","@id":"https:\/\/teslafm.net\/ananke-40\/#breadcrumb","itemListElement":[{"@type":"ListItem","position":1,"name":"Portada","item":"https:\/\/teslafm.net\/"},{"@type":"ListItem","position":2,"name":"Anank\u00e9 #40"}]},{"@type":"WebSite","@id":"https:\/\/teslafm.net\/#website","url":"https:\/\/teslafm.net\/","name":"TeslaFM","description":"An experimental and creative radio","publisher":{"@id":"https:\/\/teslafm.net\/#organization"},"potentialAction":[{"@type":"SearchAction","target":{"@type":"EntryPoint","urlTemplate":"https:\/\/teslafm.net\/?s={search_term_string}"},"query-input":{"@type":"PropertyValueSpecification","valueRequired":true,"valueName":"search_term_string"}}],"inLanguage":"en-US"},{"@type":"Organization","@id":"https:\/\/teslafm.net\/#organization","name":"TeslaFM","url":"https:\/\/teslafm.net\/","logo":{"@type":"ImageObject","inLanguage":"en-US","@id":"https:\/\/teslafm.net\/#\/schema\/logo\/image\/","url":"https:\/\/teslafm.net\/wp-content\/uploads\/2020\/06\/logo-tesla.png","contentUrl":"https:\/\/teslafm.net\/wp-content\/uploads\/2020\/06\/logo-tesla.png","width":512,"height":512,"caption":"TeslaFM"},"image":{"@id":"https:\/\/teslafm.net\/#\/schema\/logo\/image\/"},"sameAs":["https:\/\/www.facebook.com\/teslafm.net","https:\/\/x.com\/teslafm"]}]}},"rttpg_featured_image_url":null,"rttpg_author":{"display_name":"Ishak","author_link":"https:\/\/teslafm.net\/en\/author\/cravan\/"},"rttpg_comment":0,"rttpg_category":null,"rttpg_excerpt":"Anank\u00e9 Cap\u00edtulo XL Septiembre 2022 01. Ekstasis &#8211; Claves Angelicea &#8211; Avon Attorla\u00f0e (Avon Terror Corps, 2022) 02. Mama Matrix &#8211; Blue Water Lily &#8211; Avon Attorla\u00f0e (Avon Terror Corps, 2022) 03. The Healers &#8211; We Are Your Healers &#8211; Avon Attorla\u00f0e (Avon Terror Corps, 2022) 04. F\u00e9licia Atkinson &#8211; The World is Full of&hellip;","_links":{"self":[{"href":"https:\/\/teslafm.net\/en\/wp-json\/wp\/v2\/pages\/60223","targetHints":{"allow":["GET"]}}],"collection":[{"href":"https:\/\/teslafm.net\/en\/wp-json\/wp\/v2\/pages"}],"about":[{"href":"https:\/\/teslafm.net\/en\/wp-json\/wp\/v2\/types\/page"}],"author":[{"embeddable":true,"href":"https:\/\/teslafm.net\/en\/wp-json\/wp\/v2\/users\/19"}],"replies":[{"embeddable":true,"href":"https:\/\/teslafm.net\/en\/wp-json\/wp\/v2\/comments?post=60223"}],"version-history":[{"count":1,"href":"https:\/\/teslafm.net\/en\/wp-json\/wp\/v2\/pages\/60223\/revisions"}],"predecessor-version":[{"id":60224,"href":"https:\/\/teslafm.net\/en\/wp-json\/wp\/v2\/pages\/60223\/revisions\/60224"}],"wp:attachment":[{"href":"https:\/\/teslafm.net\/en\/wp-json\/wp\/v2\/media?parent=60223"}],"curies":[{"name":"wp","href":"https:\/\/api.w.org\/{rel}","templated":true}]}}