

{"id":60236,"date":"2022-09-15T17:39:53","date_gmt":"2022-09-15T15:39:53","guid":{"rendered":"https:\/\/teslafm.net\/?page_id=60236"},"modified":"2022-09-15T17:45:12","modified_gmt":"2022-09-15T15:45:12","slug":"resonancias-43","status":"publish","type":"page","link":"https:\/\/teslafm.net\/en\/resonancias-43\/","title":{"rendered":"Resonances #43"},"content":{"rendered":"<h2><span style=\"color: #ffffff;\"><strong>Resonances #43<\/strong><\/span><\/h2>\n<p><span style=\"color: #808080;\"><em>Javier Hernando Reverse Electronics 2022-1985<\/em><\/span><\/p>\n<p><iframe src=\"https:\/\/www.mixcloud.com\/widget\/iframe\/?hide_cover=1&amp;feed=%2FTeslafm_net%2Fresonancias-43-dani-blue%2F\" width=\"100%\" height=\"120\" frameborder=\"0\"><\/iframe><\/p>\n<p><span style=\"color: #808080;\">Resonancias is back, starting its fifth season with a very special program. It is a retrospective on the work of the pioneer musician of experimental electronic music.<\/span><br \/>\n<span style=\"color: #808080;\"><strong>Javier Hernando<\/strong> (post XEEROX era) where he himself will present and comment on the pieces, some of them unpublished, chosen by yours truly.<\/span><\/p>\n<p><span style=\"color: #808080;\">01. P\u00e1lpito - Vacuola (Javier Hernando+Angel Lalinde) - 2022<\/span><br \/>\n<span style=\"color: #808080;\">02. Coma 0041 - VVAA The future is now: THX 7121 - 2021(fragment)<\/span><br \/>\n<span style=\"color: #808080;\">03. Bottomless Night 1 - The Sidereal Archipelago - 2020<\/span><br \/>\n<span style=\"color: #808080;\">04. Octo tornasolado - Castaway Garden - 2020<\/span><br \/>\n<span style=\"color: #808080;\">05. Fl\u00e0neur radiom\u00e9trico - A Maelstrom Walk (Javier Hernando+Adri\u00e0 Bofarull) - 2017.<\/span><br \/>\n<span style=\"color: #808080;\">06. Penumbra auricular - Penumbra Auricular - 2013 (fragment)<\/span><br \/>\n<span style=\"color: #808080;\">07. Intero Azurina - Radioblue Limit - 2013<\/span><br \/>\n<span style=\"color: #808080;\">08. Erased Light - Quebrantos - 2009<\/span><br \/>\n<span style=\"color: #808080;\">09. Tupidos - Hydro Parhelia - 2002<\/span><br \/>\n<span style=\"color: #808080;\">10. Efluvia - Luz Nacarina - 1999<\/span><br \/>\n<span style=\"color: #808080;\">11. Radial - Metalepsis 90-96 (comp) - 2017<\/span><br \/>\n<span style=\"color: #808080;\">12. Magneto Bex - Unpublished ( As MELODINAMIKA SENSOR ) - 1985 (fragment)<\/span><\/p>","protected":false},"excerpt":{"rendered":"<p>Resonancias #43 Javier Hernando \u00a0Electr\u00f3nica Inversa 2022-1985 Vuelve Resonancias comenzando la quinta temporada con un programa muy especial. Se trata de una retrospectiva sobre el trabajo del m\u00fasico pionero de la electr\u00f3nica experimental Javier Hernando (\u00e9poca post XEEROX) donde \u00e9l mismo presentar\u00e1 y comentar\u00e1 las piezas, algunas in\u00e9ditas, escogidas por un servidor. 01. P\u00e1lpito &#8211;\u00a0\u00a0Vacuola [&hellip;]<\/p>\n","protected":false},"author":19,"featured_media":0,"parent":0,"menu_order":0,"comment_status":"closed","ping_status":"closed","template":"","meta":{"footnotes":""},"class_list":["post-60236","page","type-page","status-publish","hentry"],"yoast_head":"<!-- This site is optimized with the Yoast SEO plugin v27.2 - https:\/\/yoast.com\/product\/yoast-seo-wordpress\/ -->\n<title>Resonancias #43 -<\/title>\n<meta name=\"robots\" content=\"index, follow, max-snippet:-1, max-image-preview:large, max-video-preview:-1\" \/>\n<link rel=\"canonical\" href=\"https:\/\/teslafm.net\/en\/resonancias-43\/\" \/>\n<meta property=\"og:locale\" content=\"en_US\" \/>\n<meta property=\"og:type\" content=\"article\" \/>\n<meta property=\"og:title\" content=\"Resonancias #43 -\" \/>\n<meta property=\"og:description\" content=\"Resonancias #43 Javier Hernando \u00a0Electr\u00f3nica Inversa 2022-1985 Vuelve Resonancias comenzando la quinta temporada con un programa muy especial. Se trata de una retrospectiva sobre el trabajo del m\u00fasico pionero de la electr\u00f3nica experimental Javier Hernando (\u00e9poca post XEEROX) donde \u00e9l mismo presentar\u00e1 y comentar\u00e1 las piezas, algunas in\u00e9ditas, escogidas por un servidor. 01. P\u00e1lpito &#8211;\u00a0\u00a0Vacuola [&hellip;]\" \/>\n<meta property=\"og:url\" content=\"https:\/\/teslafm.net\/en\/resonancias-43\/\" \/>\n<meta property=\"article:publisher\" content=\"https:\/\/www.facebook.com\/teslafm.net\" \/>\n<meta property=\"article:modified_time\" content=\"2022-09-15T15:45:12+00:00\" \/>\n<meta property=\"og:image\" content=\"https:\/\/teslafm.net\/wp-content\/uploads\/2022\/09\/header-image-4-temp.png\" \/>\n\t<meta property=\"og:image:width\" content=\"1274\" \/>\n\t<meta property=\"og:image:height\" content=\"818\" \/>\n\t<meta property=\"og:image:type\" content=\"image\/png\" \/>\n<meta name=\"twitter:card\" content=\"summary_large_image\" \/>\n<meta name=\"twitter:site\" content=\"@teslafm\" \/>\n<meta name=\"twitter:label1\" content=\"Est. reading time\" \/>\n\t<meta name=\"twitter:data1\" content=\"1 minute\" \/>\n<script type=\"application\/ld+json\" class=\"yoast-schema-graph\">{\"@context\":\"https:\/\/schema.org\",\"@graph\":[{\"@type\":\"WebPage\",\"@id\":\"https:\/\/teslafm.net\/resonancias-43\/\",\"url\":\"https:\/\/teslafm.net\/resonancias-43\/\",\"name\":\"Resonancias #43 -\",\"isPartOf\":{\"@id\":\"https:\/\/teslafm.net\/#website\"},\"datePublished\":\"2022-09-15T15:39:53+00:00\",\"dateModified\":\"2022-09-15T15:45:12+00:00\",\"breadcrumb\":{\"@id\":\"https:\/\/teslafm.net\/resonancias-43\/#breadcrumb\"},\"inLanguage\":\"en-US\",\"potentialAction\":[{\"@type\":\"ReadAction\",\"target\":[\"https:\/\/teslafm.net\/resonancias-43\/\"]}]},{\"@type\":\"BreadcrumbList\",\"@id\":\"https:\/\/teslafm.net\/resonancias-43\/#breadcrumb\",\"itemListElement\":[{\"@type\":\"ListItem\",\"position\":1,\"name\":\"Portada\",\"item\":\"https:\/\/teslafm.net\/\"},{\"@type\":\"ListItem\",\"position\":2,\"name\":\"Resonancias #43\"}]},{\"@type\":\"WebSite\",\"@id\":\"https:\/\/teslafm.net\/#website\",\"url\":\"https:\/\/teslafm.net\/\",\"name\":\"TeslaFM\",\"description\":\"An experimental and creative radio\",\"publisher\":{\"@id\":\"https:\/\/teslafm.net\/#organization\"},\"potentialAction\":[{\"@type\":\"SearchAction\",\"target\":{\"@type\":\"EntryPoint\",\"urlTemplate\":\"https:\/\/teslafm.net\/?s={search_term_string}\"},\"query-input\":{\"@type\":\"PropertyValueSpecification\",\"valueRequired\":true,\"valueName\":\"search_term_string\"}}],\"inLanguage\":\"en-US\"},{\"@type\":\"Organization\",\"@id\":\"https:\/\/teslafm.net\/#organization\",\"name\":\"TeslaFM\",\"url\":\"https:\/\/teslafm.net\/\",\"logo\":{\"@type\":\"ImageObject\",\"inLanguage\":\"en-US\",\"@id\":\"https:\/\/teslafm.net\/#\/schema\/logo\/image\/\",\"url\":\"https:\/\/teslafm.net\/wp-content\/uploads\/2020\/06\/logo-tesla.png\",\"contentUrl\":\"https:\/\/teslafm.net\/wp-content\/uploads\/2020\/06\/logo-tesla.png\",\"width\":512,\"height\":512,\"caption\":\"TeslaFM\"},\"image\":{\"@id\":\"https:\/\/teslafm.net\/#\/schema\/logo\/image\/\"},\"sameAs\":[\"https:\/\/www.facebook.com\/teslafm.net\",\"https:\/\/x.com\/teslafm\"]}]}<\/script>\n<!-- \/ Yoast SEO plugin. -->","yoast_head_json":{"title":"Resonances #43 -","robots":{"index":"index","follow":"follow","max-snippet":"max-snippet:-1","max-image-preview":"max-image-preview:large","max-video-preview":"max-video-preview:-1"},"canonical":"https:\/\/teslafm.net\/en\/resonancias-43\/","og_locale":"en_US","og_type":"article","og_title":"Resonancias #43 -","og_description":"Resonancias #43 Javier Hernando \u00a0Electr\u00f3nica Inversa 2022-1985 Vuelve Resonancias comenzando la quinta temporada con un programa muy especial. Se trata de una retrospectiva sobre el trabajo del m\u00fasico pionero de la electr\u00f3nica experimental Javier Hernando (\u00e9poca post XEEROX) donde \u00e9l mismo presentar\u00e1 y comentar\u00e1 las piezas, algunas in\u00e9ditas, escogidas por un servidor. 01. P\u00e1lpito &#8211;\u00a0\u00a0Vacuola [&hellip;]","og_url":"https:\/\/teslafm.net\/en\/resonancias-43\/","article_publisher":"https:\/\/www.facebook.com\/teslafm.net","article_modified_time":"2022-09-15T15:45:12+00:00","og_image":[{"width":1274,"height":818,"url":"https:\/\/teslafm.net\/wp-content\/uploads\/2022\/09\/header-image-4-temp.png","type":"image\/png"}],"twitter_card":"summary_large_image","twitter_site":"@teslafm","twitter_misc":{"Est. reading time":"1 minute"},"schema":{"@context":"https:\/\/schema.org","@graph":[{"@type":"WebPage","@id":"https:\/\/teslafm.net\/resonancias-43\/","url":"https:\/\/teslafm.net\/resonancias-43\/","name":"Resonances #43 -","isPartOf":{"@id":"https:\/\/teslafm.net\/#website"},"datePublished":"2022-09-15T15:39:53+00:00","dateModified":"2022-09-15T15:45:12+00:00","breadcrumb":{"@id":"https:\/\/teslafm.net\/resonancias-43\/#breadcrumb"},"inLanguage":"en-US","potentialAction":[{"@type":"ReadAction","target":["https:\/\/teslafm.net\/resonancias-43\/"]}]},{"@type":"BreadcrumbList","@id":"https:\/\/teslafm.net\/resonancias-43\/#breadcrumb","itemListElement":[{"@type":"ListItem","position":1,"name":"Portada","item":"https:\/\/teslafm.net\/"},{"@type":"ListItem","position":2,"name":"Resonancias #43"}]},{"@type":"WebSite","@id":"https:\/\/teslafm.net\/#website","url":"https:\/\/teslafm.net\/","name":"TeslaFM","description":"An experimental and creative radio","publisher":{"@id":"https:\/\/teslafm.net\/#organization"},"potentialAction":[{"@type":"SearchAction","target":{"@type":"EntryPoint","urlTemplate":"https:\/\/teslafm.net\/?s={search_term_string}"},"query-input":{"@type":"PropertyValueSpecification","valueRequired":true,"valueName":"search_term_string"}}],"inLanguage":"en-US"},{"@type":"Organization","@id":"https:\/\/teslafm.net\/#organization","name":"TeslaFM","url":"https:\/\/teslafm.net\/","logo":{"@type":"ImageObject","inLanguage":"en-US","@id":"https:\/\/teslafm.net\/#\/schema\/logo\/image\/","url":"https:\/\/teslafm.net\/wp-content\/uploads\/2020\/06\/logo-tesla.png","contentUrl":"https:\/\/teslafm.net\/wp-content\/uploads\/2020\/06\/logo-tesla.png","width":512,"height":512,"caption":"TeslaFM"},"image":{"@id":"https:\/\/teslafm.net\/#\/schema\/logo\/image\/"},"sameAs":["https:\/\/www.facebook.com\/teslafm.net","https:\/\/x.com\/teslafm"]}]}},"rttpg_featured_image_url":null,"rttpg_author":{"display_name":"Ishak","author_link":"https:\/\/teslafm.net\/en\/author\/cravan\/"},"rttpg_comment":0,"rttpg_category":null,"rttpg_excerpt":"Resonancias #43 Javier Hernando \u00a0Electr\u00f3nica Inversa 2022-1985 Vuelve Resonancias comenzando la quinta temporada con un programa muy especial. Se trata de una retrospectiva sobre el trabajo del m\u00fasico pionero de la electr\u00f3nica experimental Javier Hernando (\u00e9poca post XEEROX) donde \u00e9l mismo presentar\u00e1 y comentar\u00e1 las piezas, algunas in\u00e9ditas, escogidas por un servidor. 01. P\u00e1lpito &#8211;\u00a0\u00a0Vacuola&hellip;","_links":{"self":[{"href":"https:\/\/teslafm.net\/en\/wp-json\/wp\/v2\/pages\/60236","targetHints":{"allow":["GET"]}}],"collection":[{"href":"https:\/\/teslafm.net\/en\/wp-json\/wp\/v2\/pages"}],"about":[{"href":"https:\/\/teslafm.net\/en\/wp-json\/wp\/v2\/types\/page"}],"author":[{"embeddable":true,"href":"https:\/\/teslafm.net\/en\/wp-json\/wp\/v2\/users\/19"}],"replies":[{"embeddable":true,"href":"https:\/\/teslafm.net\/en\/wp-json\/wp\/v2\/comments?post=60236"}],"version-history":[{"count":6,"href":"https:\/\/teslafm.net\/en\/wp-json\/wp\/v2\/pages\/60236\/revisions"}],"predecessor-version":[{"id":60244,"href":"https:\/\/teslafm.net\/en\/wp-json\/wp\/v2\/pages\/60236\/revisions\/60244"}],"wp:attachment":[{"href":"https:\/\/teslafm.net\/en\/wp-json\/wp\/v2\/media?parent=60236"}],"curies":[{"name":"wp","href":"https:\/\/api.w.org\/{rel}","templated":true}]}}