

{"id":60247,"date":"2022-09-16T15:11:20","date_gmt":"2022-09-16T13:11:20","guid":{"rendered":"https:\/\/teslafm.net\/?page_id=60247"},"modified":"2022-09-16T18:12:17","modified_gmt":"2022-09-16T16:12:17","slug":"eftos-43","status":"publish","type":"page","link":"https:\/\/teslafm.net\/en\/eftos-43\/","title":{"rendered":"EFTOS #43"},"content":{"rendered":"<div data-elementor-type=\"wp-page\" data-elementor-id=\"60247\" class=\"elementor elementor-60247\">\n\t\t\t\t\t\t<section class=\"elementor-section elementor-top-section elementor-element elementor-element-383aa036 elementor-section-boxed elementor-section-height-default elementor-section-height-default\" data-id=\"383aa036\" data-element_type=\"section\" data-e-type=\"section\">\n\t\t\t\t\t\t<div class=\"elementor-container elementor-column-gap-default\">\n\t\t\t\t\t<div class=\"elementor-column elementor-col-100 elementor-top-column elementor-element elementor-element-2c3c6157\" data-id=\"2c3c6157\" data-element_type=\"column\" data-e-type=\"column\">\n\t\t\t<div class=\"elementor-widget-wrap elementor-element-populated\">\n\t\t\t\t\t\t<div class=\"elementor-element elementor-element-6640fdb7 elementor-widget elementor-widget-text-editor\" data-id=\"6640fdb7\" data-element_type=\"widget\" data-e-type=\"widget\" data-widget_type=\"text-editor.default\">\n\t\t\t\t<div class=\"elementor-widget-container\">\n\t\t\t\t\t\t\t\t\t<h2><span style=\"color: #ffffff;\"><strong>EFTOS #43<\/strong><\/span><\/h2>\n<span style=\"color: #808080;\"><em>September 2022<\/em><\/span>\n\n<iframe width=\"100%\" height=\"120\" src=\"https:\/\/www.mixcloud.com\/widget\/iframe\/?hide_cover=1&#038;feed=%2FTeslafm_net%2Femissions-from-the-othes-side-43-gonzo%2F\" frameborder=\"0\" ><\/iframe>\t\t\t\t\t\t\t\t<\/div>\n\t\t\t\t<\/div>\n\t\t\t\t\t<\/div>\n\t\t<\/div>\n\t\t\t\t\t<\/div>\n\t\t<\/section>\n\t\t\t\t<section class=\"elementor-section elementor-top-section elementor-element elementor-element-94b928d elementor-section-boxed elementor-section-height-default elementor-section-height-default\" data-id=\"94b928d\" data-element_type=\"section\" data-e-type=\"section\">\n\t\t\t\t\t\t<div class=\"elementor-container elementor-column-gap-default\">\n\t\t\t\t\t<div class=\"elementor-column elementor-col-50 elementor-top-column elementor-element elementor-element-d5c307a\" data-id=\"d5c307a\" data-element_type=\"column\" data-e-type=\"column\">\n\t\t\t<div class=\"elementor-widget-wrap elementor-element-populated\">\n\t\t\t\t\t\t<div class=\"elementor-element elementor-element-d9b0d4c elementor-widget elementor-widget-image\" data-id=\"d9b0d4c\" data-element_type=\"widget\" data-e-type=\"widget\" data-widget_type=\"image.default\">\n\t\t\t\t<div class=\"elementor-widget-container\">\n\t\t\t\t\t\t\t\t\t\t\t\t\t\t\t<img fetchpriority=\"high\" decoding=\"async\" width=\"1000\" height=\"1000\" src=\"https:\/\/teslafm.net\/wp-content\/uploads\/2022\/09\/eftos-43.png\" class=\"attachment-large size-large wp-image-60249\" alt=\"\" srcset=\"https:\/\/teslafm.net\/wp-content\/uploads\/2022\/09\/eftos-43.png 1000w, https:\/\/teslafm.net\/wp-content\/uploads\/2022\/09\/eftos-43-300x300.png 300w, https:\/\/teslafm.net\/wp-content\/uploads\/2022\/09\/eftos-43-150x150.png 150w, https:\/\/teslafm.net\/wp-content\/uploads\/2022\/09\/eftos-43-768x768.png 768w\" sizes=\"(max-width: 1000px) 100vw, 1000px\" \/>\t\t\t\t\t\t\t\t\t\t\t\t\t\t\t<\/div>\n\t\t\t\t<\/div>\n\t\t\t\t\t<\/div>\n\t\t<\/div>\n\t\t\t\t<div class=\"elementor-column elementor-col-50 elementor-top-column elementor-element elementor-element-d49324b\" data-id=\"d49324b\" data-element_type=\"column\" data-e-type=\"column\">\n\t\t\t<div class=\"elementor-widget-wrap elementor-element-populated\">\n\t\t\t\t\t\t<div class=\"elementor-element elementor-element-5b59183 elementor-widget elementor-widget-text-editor\" data-id=\"5b59183\" data-element_type=\"widget\" data-e-type=\"widget\" data-widget_type=\"text-editor.default\">\n\t\t\t\t<div class=\"elementor-widget-container\">\n\t\t\t\t\t\t\t\t\t<p><span style=\"color: #808080;\">01. <strong>Vlad Dobrovolski<\/strong> - Far Above the Ground<\/span><br \/><span style=\"color: #808080;\">02. <strong>F\u00e9licia Atkinson<\/strong> - The House That Agnes Built<\/span><br \/><span style=\"color: #808080;\">03. <strong>D.K.<\/strong> - Enlightenment Process<\/span><br \/><span style=\"color: #808080;\">04. <strong>Open Graves Style<\/strong> - She Comes<\/span><br \/><span style=\"color: #808080;\">05. <strong>Genetic Factor<\/strong> - Virus in the Blood<\/span><br \/><span style=\"color: #808080;\">06. <strong>Teddy Rok<\/strong> - Empty<\/span><br \/><span style=\"color: #808080;\">07. <strong>Jo\u00e3o De Bru\u00e7\u00f3 <\/strong>&amp;<strong> R.H. Jackson<\/strong> - Pequena Dan\u00e7a<\/span><br \/><span style=\"color: #808080;\">08. <strong>Emeka Ogboh<\/strong> - Ayilara<\/span><br \/><span style=\"color: #808080;\">09. <strong>Emmanuelle Parrenin<\/strong> - Topaze<\/span><br \/><span style=\"color: #808080;\">10. <strong>Razen<\/strong> - Regression Wood<\/span><br \/><span style=\"color: #808080;\">11. <strong>Valentina Goncharova<\/strong> - Ocean<\/span><br \/><span style=\"color: #808080;\">12. <strong>Hoshina Anniversary<\/strong> - Rakka<\/span><br \/><span style=\"color: #808080;\">13. <strong>Victor Nubla<\/strong> - 20000 Languages<\/span><br \/><span style=\"color: #808080;\">14. <strong>Sunfear<\/strong> - Dokun<\/span><br \/><span style=\"color: #808080;\">15. Unknown Artist - Untitled<\/span><\/p>\t\t\t\t\t\t\t\t<\/div>\n\t\t\t\t<\/div>\n\t\t\t\t\t<\/div>\n\t\t<\/div>\n\t\t\t\t\t<\/div>\n\t\t<\/section>\n\t\t\t\t<\/div>","protected":false},"excerpt":{"rendered":"<p>EFTOS #43 Septiembre 2022 01. Vlad Dobrovolski &#8211; Far Above the Ground02. F\u00e9licia Atkinson &#8211; The House That Agnes Built03. D.K. &#8211; Enlightenment Process04. Open Graves Style &#8211; She Comes05. Genetic Factor &#8211; Virus in the Blood06. Teddy Rok &#8211; Empty07. Jo\u00e3o De Bru\u00e7\u00f3 &amp; R.H. Jackson &#8211; Pequena Dan\u00e7a08. Emeka Ogboh &#8211; Ayilara09. Emmanuelle [&hellip;]<\/p>\n","protected":false},"author":19,"featured_media":0,"parent":0,"menu_order":0,"comment_status":"closed","ping_status":"closed","template":"","meta":{"footnotes":""},"class_list":["post-60247","page","type-page","status-publish","hentry"],"yoast_head":"<!-- This site is optimized with the Yoast SEO plugin v27.4 - https:\/\/yoast.com\/product\/yoast-seo-wordpress\/ -->\n<title>EFTOS #43 -<\/title>\n<meta name=\"robots\" content=\"index, follow, max-snippet:-1, max-image-preview:large, max-video-preview:-1\" \/>\n<link rel=\"canonical\" href=\"https:\/\/teslafm.net\/en\/eftos-43\/\" \/>\n<meta property=\"og:locale\" content=\"en_US\" \/>\n<meta property=\"og:type\" content=\"article\" \/>\n<meta property=\"og:title\" content=\"EFTOS #43 -\" \/>\n<meta property=\"og:description\" content=\"EFTOS #43 Septiembre 2022 01. Vlad Dobrovolski &#8211; Far Above the Ground02. F\u00e9licia Atkinson &#8211; The House That Agnes Built03. D.K. &#8211; Enlightenment Process04. Open Graves Style &#8211; She Comes05. Genetic Factor &#8211; Virus in the Blood06. Teddy Rok &#8211; Empty07. Jo\u00e3o De Bru\u00e7\u00f3 &amp; R.H. Jackson &#8211; Pequena Dan\u00e7a08. Emeka Ogboh &#8211; Ayilara09. Emmanuelle [&hellip;]\" \/>\n<meta property=\"og:url\" content=\"https:\/\/teslafm.net\/en\/eftos-43\/\" \/>\n<meta property=\"article:publisher\" content=\"https:\/\/www.facebook.com\/teslafm.net\" \/>\n<meta property=\"article:modified_time\" content=\"2022-09-16T16:12:17+00:00\" \/>\n<meta property=\"og:image\" content=\"https:\/\/teslafm.net\/wp-content\/uploads\/2022\/09\/eftos-43.png\" \/>\n<meta name=\"twitter:card\" content=\"summary_large_image\" \/>\n<meta name=\"twitter:site\" content=\"@teslafm\" \/>\n<meta name=\"twitter:label1\" content=\"Est. reading time\" \/>\n\t<meta name=\"twitter:data1\" content=\"1 minute\" \/>\n<script type=\"application\/ld+json\" class=\"yoast-schema-graph\">{\"@context\":\"https:\\\/\\\/schema.org\",\"@graph\":[{\"@type\":\"WebPage\",\"@id\":\"https:\\\/\\\/teslafm.net\\\/eftos-43\\\/\",\"url\":\"https:\\\/\\\/teslafm.net\\\/eftos-43\\\/\",\"name\":\"EFTOS #43 -\",\"isPartOf\":{\"@id\":\"https:\\\/\\\/teslafm.net\\\/#website\"},\"primaryImageOfPage\":{\"@id\":\"https:\\\/\\\/teslafm.net\\\/eftos-43\\\/#primaryimage\"},\"image\":{\"@id\":\"https:\\\/\\\/teslafm.net\\\/eftos-43\\\/#primaryimage\"},\"thumbnailUrl\":\"https:\\\/\\\/teslafm.net\\\/wp-content\\\/uploads\\\/2022\\\/09\\\/eftos-43.png\",\"datePublished\":\"2022-09-16T13:11:20+00:00\",\"dateModified\":\"2022-09-16T16:12:17+00:00\",\"breadcrumb\":{\"@id\":\"https:\\\/\\\/teslafm.net\\\/eftos-43\\\/#breadcrumb\"},\"inLanguage\":\"en-US\",\"potentialAction\":[{\"@type\":\"ReadAction\",\"target\":[\"https:\\\/\\\/teslafm.net\\\/eftos-43\\\/\"]}]},{\"@type\":\"ImageObject\",\"inLanguage\":\"en-US\",\"@id\":\"https:\\\/\\\/teslafm.net\\\/eftos-43\\\/#primaryimage\",\"url\":\"https:\\\/\\\/teslafm.net\\\/wp-content\\\/uploads\\\/2022\\\/09\\\/eftos-43.png\",\"contentUrl\":\"https:\\\/\\\/teslafm.net\\\/wp-content\\\/uploads\\\/2022\\\/09\\\/eftos-43.png\"},{\"@type\":\"BreadcrumbList\",\"@id\":\"https:\\\/\\\/teslafm.net\\\/eftos-43\\\/#breadcrumb\",\"itemListElement\":[{\"@type\":\"ListItem\",\"position\":1,\"name\":\"Portada\",\"item\":\"https:\\\/\\\/teslafm.net\\\/\"},{\"@type\":\"ListItem\",\"position\":2,\"name\":\"EFTOS #43\"}]},{\"@type\":\"WebSite\",\"@id\":\"https:\\\/\\\/teslafm.net\\\/#website\",\"url\":\"https:\\\/\\\/teslafm.net\\\/\",\"name\":\"TeslaFM\",\"description\":\"An experimental and creative radio\",\"publisher\":{\"@id\":\"https:\\\/\\\/teslafm.net\\\/#organization\"},\"potentialAction\":[{\"@type\":\"SearchAction\",\"target\":{\"@type\":\"EntryPoint\",\"urlTemplate\":\"https:\\\/\\\/teslafm.net\\\/?s={search_term_string}\"},\"query-input\":{\"@type\":\"PropertyValueSpecification\",\"valueRequired\":true,\"valueName\":\"search_term_string\"}}],\"inLanguage\":\"en-US\"},{\"@type\":\"Organization\",\"@id\":\"https:\\\/\\\/teslafm.net\\\/#organization\",\"name\":\"TeslaFM\",\"url\":\"https:\\\/\\\/teslafm.net\\\/\",\"logo\":{\"@type\":\"ImageObject\",\"inLanguage\":\"en-US\",\"@id\":\"https:\\\/\\\/teslafm.net\\\/#\\\/schema\\\/logo\\\/image\\\/\",\"url\":\"https:\\\/\\\/teslafm.net\\\/wp-content\\\/uploads\\\/2020\\\/06\\\/logo-tesla.png\",\"contentUrl\":\"https:\\\/\\\/teslafm.net\\\/wp-content\\\/uploads\\\/2020\\\/06\\\/logo-tesla.png\",\"width\":512,\"height\":512,\"caption\":\"TeslaFM\"},\"image\":{\"@id\":\"https:\\\/\\\/teslafm.net\\\/#\\\/schema\\\/logo\\\/image\\\/\"},\"sameAs\":[\"https:\\\/\\\/www.facebook.com\\\/teslafm.net\",\"https:\\\/\\\/x.com\\\/teslafm\"]}]}<\/script>\n<!-- \/ Yoast SEO plugin. -->","yoast_head_json":{"title":"EFTOS #43 -","robots":{"index":"index","follow":"follow","max-snippet":"max-snippet:-1","max-image-preview":"max-image-preview:large","max-video-preview":"max-video-preview:-1"},"canonical":"https:\/\/teslafm.net\/en\/eftos-43\/","og_locale":"en_US","og_type":"article","og_title":"EFTOS #43 -","og_description":"EFTOS #43 Septiembre 2022 01. Vlad Dobrovolski &#8211; Far Above the Ground02. F\u00e9licia Atkinson &#8211; The House That Agnes Built03. D.K. &#8211; Enlightenment Process04. Open Graves Style &#8211; She Comes05. Genetic Factor &#8211; Virus in the Blood06. Teddy Rok &#8211; Empty07. Jo\u00e3o De Bru\u00e7\u00f3 &amp; R.H. Jackson &#8211; Pequena Dan\u00e7a08. Emeka Ogboh &#8211; Ayilara09. Emmanuelle [&hellip;]","og_url":"https:\/\/teslafm.net\/en\/eftos-43\/","article_publisher":"https:\/\/www.facebook.com\/teslafm.net","article_modified_time":"2022-09-16T16:12:17+00:00","og_image":[{"url":"https:\/\/teslafm.net\/wp-content\/uploads\/2022\/09\/eftos-43.png","type":"","width":"","height":""}],"twitter_card":"summary_large_image","twitter_site":"@teslafm","twitter_misc":{"Est. reading time":"1 minute"},"schema":{"@context":"https:\/\/schema.org","@graph":[{"@type":"WebPage","@id":"https:\/\/teslafm.net\/eftos-43\/","url":"https:\/\/teslafm.net\/eftos-43\/","name":"EFTOS #43 -","isPartOf":{"@id":"https:\/\/teslafm.net\/#website"},"primaryImageOfPage":{"@id":"https:\/\/teslafm.net\/eftos-43\/#primaryimage"},"image":{"@id":"https:\/\/teslafm.net\/eftos-43\/#primaryimage"},"thumbnailUrl":"https:\/\/teslafm.net\/wp-content\/uploads\/2022\/09\/eftos-43.png","datePublished":"2022-09-16T13:11:20+00:00","dateModified":"2022-09-16T16:12:17+00:00","breadcrumb":{"@id":"https:\/\/teslafm.net\/eftos-43\/#breadcrumb"},"inLanguage":"en-US","potentialAction":[{"@type":"ReadAction","target":["https:\/\/teslafm.net\/eftos-43\/"]}]},{"@type":"ImageObject","inLanguage":"en-US","@id":"https:\/\/teslafm.net\/eftos-43\/#primaryimage","url":"https:\/\/teslafm.net\/wp-content\/uploads\/2022\/09\/eftos-43.png","contentUrl":"https:\/\/teslafm.net\/wp-content\/uploads\/2022\/09\/eftos-43.png"},{"@type":"BreadcrumbList","@id":"https:\/\/teslafm.net\/eftos-43\/#breadcrumb","itemListElement":[{"@type":"ListItem","position":1,"name":"Portada","item":"https:\/\/teslafm.net\/"},{"@type":"ListItem","position":2,"name":"EFTOS #43"}]},{"@type":"WebSite","@id":"https:\/\/teslafm.net\/#website","url":"https:\/\/teslafm.net\/","name":"TeslaFM","description":"An experimental and creative radio","publisher":{"@id":"https:\/\/teslafm.net\/#organization"},"potentialAction":[{"@type":"SearchAction","target":{"@type":"EntryPoint","urlTemplate":"https:\/\/teslafm.net\/?s={search_term_string}"},"query-input":{"@type":"PropertyValueSpecification","valueRequired":true,"valueName":"search_term_string"}}],"inLanguage":"en-US"},{"@type":"Organization","@id":"https:\/\/teslafm.net\/#organization","name":"TeslaFM","url":"https:\/\/teslafm.net\/","logo":{"@type":"ImageObject","inLanguage":"en-US","@id":"https:\/\/teslafm.net\/#\/schema\/logo\/image\/","url":"https:\/\/teslafm.net\/wp-content\/uploads\/2020\/06\/logo-tesla.png","contentUrl":"https:\/\/teslafm.net\/wp-content\/uploads\/2020\/06\/logo-tesla.png","width":512,"height":512,"caption":"TeslaFM"},"image":{"@id":"https:\/\/teslafm.net\/#\/schema\/logo\/image\/"},"sameAs":["https:\/\/www.facebook.com\/teslafm.net","https:\/\/x.com\/teslafm"]}]}},"rttpg_featured_image_url":null,"rttpg_author":{"display_name":"Ishak","author_link":"https:\/\/teslafm.net\/en\/author\/cravan\/"},"rttpg_comment":0,"rttpg_category":null,"rttpg_excerpt":"EFTOS #43 Septiembre 2022 01. Vlad Dobrovolski &#8211; Far Above the Ground02. F\u00e9licia Atkinson &#8211; The House That Agnes Built03. D.K. &#8211; Enlightenment Process04. Open Graves Style &#8211; She Comes05. Genetic Factor &#8211; Virus in the Blood06. Teddy Rok &#8211; Empty07. Jo\u00e3o De Bru\u00e7\u00f3 &amp; R.H. Jackson &#8211; Pequena Dan\u00e7a08. Emeka Ogboh &#8211; Ayilara09. Emmanuelle&hellip;","_links":{"self":[{"href":"https:\/\/teslafm.net\/en\/wp-json\/wp\/v2\/pages\/60247","targetHints":{"allow":["GET"]}}],"collection":[{"href":"https:\/\/teslafm.net\/en\/wp-json\/wp\/v2\/pages"}],"about":[{"href":"https:\/\/teslafm.net\/en\/wp-json\/wp\/v2\/types\/page"}],"author":[{"embeddable":true,"href":"https:\/\/teslafm.net\/en\/wp-json\/wp\/v2\/users\/19"}],"replies":[{"embeddable":true,"href":"https:\/\/teslafm.net\/en\/wp-json\/wp\/v2\/comments?post=60247"}],"version-history":[{"count":4,"href":"https:\/\/teslafm.net\/en\/wp-json\/wp\/v2\/pages\/60247\/revisions"}],"predecessor-version":[{"id":60254,"href":"https:\/\/teslafm.net\/en\/wp-json\/wp\/v2\/pages\/60247\/revisions\/60254"}],"wp:attachment":[{"href":"https:\/\/teslafm.net\/en\/wp-json\/wp\/v2\/media?parent=60247"}],"curies":[{"name":"wp","href":"https:\/\/api.w.org\/{rel}","templated":true}]}}