

{"id":60293,"date":"2022-09-20T15:59:22","date_gmt":"2022-09-20T13:59:22","guid":{"rendered":"https:\/\/teslafm.net\/?page_id=60293"},"modified":"2022-09-20T16:07:34","modified_gmt":"2022-09-20T14:07:34","slug":"ones-de-crom-12","status":"publish","type":"page","link":"https:\/\/teslafm.net\/en\/ones-de-crom-12\/","title":{"rendered":"Ones de Crom #12"},"content":{"rendered":"<div data-elementor-type=\"wp-page\" data-elementor-id=\"60293\" class=\"elementor elementor-60293\">\n\t\t\t\t\t\t<section class=\"elementor-section elementor-top-section elementor-element elementor-element-68736ebb elementor-section-boxed elementor-section-height-default elementor-section-height-default\" data-id=\"68736ebb\" data-element_type=\"section\" data-e-type=\"section\">\n\t\t\t\t\t\t<div class=\"elementor-container elementor-column-gap-default\">\n\t\t\t\t\t<div class=\"elementor-column elementor-col-100 elementor-top-column elementor-element elementor-element-71caa99b\" data-id=\"71caa99b\" data-element_type=\"column\" data-e-type=\"column\">\n\t\t\t<div class=\"elementor-widget-wrap elementor-element-populated\">\n\t\t\t\t\t\t<div class=\"elementor-element elementor-element-327cb593 elementor-widget elementor-widget-text-editor\" data-id=\"327cb593\" data-element_type=\"widget\" data-e-type=\"widget\" data-widget_type=\"text-editor.default\">\n\t\t\t\t<div class=\"elementor-widget-container\">\n\t\t\t\t\t\t\t\t\t<h2><span style=\"color: #ffffff;\"><strong>Ones de Crom #12<\/strong><\/span><\/h2><p><span style=\"color: #808080;\"><em>Birchville Cat Motel<\/em><\/span><\/p><p><iframe src=\"https:\/\/www.mixcloud.com\/widget\/iframe\/?hide_cover=1&amp;feed=%2FTeslafm_net%2Fones-de-crom-12-emili-mir%C3%B3%2F\" width=\"100%\" height=\"120\" frameborder=\"0\"><\/iframe><\/p>\t\t\t\t\t\t\t\t<\/div>\n\t\t\t\t<\/div>\n\t\t\t\t\t<\/div>\n\t\t<\/div>\n\t\t\t\t\t<\/div>\n\t\t<\/section>\n\t\t\t\t<section class=\"elementor-section elementor-top-section elementor-element elementor-element-7b60eef elementor-section-boxed elementor-section-height-default elementor-section-height-default\" data-id=\"7b60eef\" data-element_type=\"section\" data-e-type=\"section\">\n\t\t\t\t\t\t<div class=\"elementor-container elementor-column-gap-default\">\n\t\t\t\t\t<div class=\"elementor-column elementor-col-50 elementor-top-column elementor-element elementor-element-da402a6\" data-id=\"da402a6\" data-element_type=\"column\" data-e-type=\"column\">\n\t\t\t<div class=\"elementor-widget-wrap elementor-element-populated\">\n\t\t\t\t\t\t<div class=\"elementor-element elementor-element-b7a0373 elementor-widget elementor-widget-image\" data-id=\"b7a0373\" data-element_type=\"widget\" data-e-type=\"widget\" data-widget_type=\"image.default\">\n\t\t\t\t<div class=\"elementor-widget-container\">\n\t\t\t\t\t\t\t\t\t\t\t\t\t\t\t<img fetchpriority=\"high\" decoding=\"async\" width=\"213\" height=\"275\" src=\"https:\/\/teslafm.net\/wp-content\/uploads\/2022\/09\/BIRCHVILLE-CAT-MOTEL.jpg\" class=\"attachment-large size-large wp-image-60295\" alt=\"\" \/>\t\t\t\t\t\t\t\t\t\t\t\t\t\t\t<\/div>\n\t\t\t\t<\/div>\n\t\t\t\t\t<\/div>\n\t\t<\/div>\n\t\t\t\t<div class=\"elementor-column elementor-col-50 elementor-top-column elementor-element elementor-element-4531fdf\" data-id=\"4531fdf\" data-element_type=\"column\" data-e-type=\"column\">\n\t\t\t<div class=\"elementor-widget-wrap elementor-element-populated\">\n\t\t\t\t\t\t<div class=\"elementor-element elementor-element-af2d5e8 elementor-widget elementor-widget-text-editor\" data-id=\"af2d5e8\" data-element_type=\"widget\" data-e-type=\"widget\" data-widget_type=\"text-editor.default\">\n\t\t\t\t<div class=\"elementor-widget-container\">\n\t\t\t\t\t\t\t\t\t<p><span style=\"color: #808080;\">October 8, 2008<\/span><br \/><span style=\"color: #808080;\">The Australian's individual project <strong>Campbell Kneale<\/strong> has maintained an unstoppable rhythm of <\/span><span style=\"color: #808080;\">publications in his career. He practices an experimentation from the soroll\u00f2s minimalism, the <\/span><span style=\"color: #808080;\">concrete music, metal, punk and psychodelia. We review excerpts of long themes from his <\/span><span style=\"color: #808080;\">albums such as the initial \"Birchville Cat Motel\" (1997), \"Siberian Earth Curve\" (1998), a direct from the <\/span><span style=\"color: #808080;\">2000 together <strong>Bruce Russell<\/strong> by The Dead C, \"We Count These Prayers\" (2001) i \"Long <\/span><span style=\"color: #808080;\">Vanished Spirals\" (2002). Sentim tamb\u00e9 \"Supereclipse\" (2003) de <strong>Black Boned Angel<\/strong>the<\/span><br \/><span style=\"color: #808080;\">project where he adapts the black-metal and doom ambient, and we continue with other works of 2004 by <\/span><span style=\"color: #808080;\"><strong>Birchville Cat Motel<\/strong> com \"Chi Vampires\", \"Beautiful Speck Triumph\", \"With Maples <\/span><span style=\"color: #808080;\">Ablaze\" and \"30 Dec 2004\" together with <strong>Lee Ranaldo<\/strong>. The most recent includes \"Our Love Will Destroy\". <\/span><span style=\"color: #808080;\">(2006), \"Astro Catastrophies\" (2007) i \"Four Freckle Constellation\" i \"Gunpowder Temple of<\/span><br \/><span style=\"color: #808080;\">Heaven\" from 2008.<\/span><\/p>\t\t\t\t\t\t\t\t<\/div>\n\t\t\t\t<\/div>\n\t\t\t\t\t<\/div>\n\t\t<\/div>\n\t\t\t\t\t<\/div>\n\t\t<\/section>\n\t\t\t\t<\/div>","protected":false},"excerpt":{"rendered":"<p>Ones de Crom #12 Birchville Cat Motel 8 d&#8217;Octubre de 2008El projecte individual de l&#8217;australi\u00e0 Campbell Kneale ha mantingut un ritme imparable de publicacions en la seva carrera. Practica una experimentaci\u00f3 des del minimalisme soroll\u00f2s, la m\u00fasica concreta, el metal, el punk i la psicod\u00e8lia. Repassem extractes de temes llargs dels seus \u00e0lbums com l&#8217;inicial [&hellip;]<\/p>\n","protected":false},"author":19,"featured_media":0,"parent":0,"menu_order":0,"comment_status":"closed","ping_status":"closed","template":"","meta":{"footnotes":""},"class_list":["post-60293","page","type-page","status-publish","hentry"],"yoast_head":"<!-- This site is optimized with the Yoast SEO plugin v27.4 - https:\/\/yoast.com\/product\/yoast-seo-wordpress\/ -->\n<title>Ones de Crom #12 -<\/title>\n<meta name=\"robots\" content=\"index, follow, max-snippet:-1, max-image-preview:large, max-video-preview:-1\" \/>\n<link rel=\"canonical\" href=\"https:\/\/teslafm.net\/en\/ones-de-crom-12\/\" \/>\n<meta property=\"og:locale\" content=\"en_US\" \/>\n<meta property=\"og:type\" content=\"article\" \/>\n<meta property=\"og:title\" content=\"Ones de Crom #12 -\" \/>\n<meta property=\"og:description\" content=\"Ones de Crom #12 Birchville Cat Motel 8 d&#8217;Octubre de 2008El projecte individual de l&#8217;australi\u00e0 Campbell Kneale ha mantingut un ritme imparable de publicacions en la seva carrera. Practica una experimentaci\u00f3 des del minimalisme soroll\u00f2s, la m\u00fasica concreta, el metal, el punk i la psicod\u00e8lia. Repassem extractes de temes llargs dels seus \u00e0lbums com l&#8217;inicial [&hellip;]\" \/>\n<meta property=\"og:url\" content=\"https:\/\/teslafm.net\/en\/ones-de-crom-12\/\" \/>\n<meta property=\"article:publisher\" content=\"https:\/\/www.facebook.com\/teslafm.net\" \/>\n<meta property=\"article:modified_time\" content=\"2022-09-20T14:07:34+00:00\" \/>\n<meta property=\"og:image\" content=\"https:\/\/teslafm.net\/wp-content\/uploads\/2022\/09\/BIRCHVILLE-CAT-MOTEL.jpg\" \/>\n<meta name=\"twitter:card\" content=\"summary_large_image\" \/>\n<meta name=\"twitter:site\" content=\"@teslafm\" \/>\n<meta name=\"twitter:label1\" content=\"Est. reading time\" \/>\n\t<meta name=\"twitter:data1\" content=\"1 minute\" \/>\n<script type=\"application\/ld+json\" class=\"yoast-schema-graph\">{\"@context\":\"https:\\\/\\\/schema.org\",\"@graph\":[{\"@type\":\"WebPage\",\"@id\":\"https:\\\/\\\/teslafm.net\\\/ones-de-crom-12\\\/\",\"url\":\"https:\\\/\\\/teslafm.net\\\/ones-de-crom-12\\\/\",\"name\":\"Ones de Crom #12 -\",\"isPartOf\":{\"@id\":\"https:\\\/\\\/teslafm.net\\\/#website\"},\"primaryImageOfPage\":{\"@id\":\"https:\\\/\\\/teslafm.net\\\/ones-de-crom-12\\\/#primaryimage\"},\"image\":{\"@id\":\"https:\\\/\\\/teslafm.net\\\/ones-de-crom-12\\\/#primaryimage\"},\"thumbnailUrl\":\"https:\\\/\\\/teslafm.net\\\/wp-content\\\/uploads\\\/2022\\\/09\\\/BIRCHVILLE-CAT-MOTEL.jpg\",\"datePublished\":\"2022-09-20T13:59:22+00:00\",\"dateModified\":\"2022-09-20T14:07:34+00:00\",\"breadcrumb\":{\"@id\":\"https:\\\/\\\/teslafm.net\\\/ones-de-crom-12\\\/#breadcrumb\"},\"inLanguage\":\"en-US\",\"potentialAction\":[{\"@type\":\"ReadAction\",\"target\":[\"https:\\\/\\\/teslafm.net\\\/ones-de-crom-12\\\/\"]}]},{\"@type\":\"ImageObject\",\"inLanguage\":\"en-US\",\"@id\":\"https:\\\/\\\/teslafm.net\\\/ones-de-crom-12\\\/#primaryimage\",\"url\":\"https:\\\/\\\/teslafm.net\\\/wp-content\\\/uploads\\\/2022\\\/09\\\/BIRCHVILLE-CAT-MOTEL.jpg\",\"contentUrl\":\"https:\\\/\\\/teslafm.net\\\/wp-content\\\/uploads\\\/2022\\\/09\\\/BIRCHVILLE-CAT-MOTEL.jpg\"},{\"@type\":\"BreadcrumbList\",\"@id\":\"https:\\\/\\\/teslafm.net\\\/ones-de-crom-12\\\/#breadcrumb\",\"itemListElement\":[{\"@type\":\"ListItem\",\"position\":1,\"name\":\"Portada\",\"item\":\"https:\\\/\\\/teslafm.net\\\/\"},{\"@type\":\"ListItem\",\"position\":2,\"name\":\"Ones de Crom #12\"}]},{\"@type\":\"WebSite\",\"@id\":\"https:\\\/\\\/teslafm.net\\\/#website\",\"url\":\"https:\\\/\\\/teslafm.net\\\/\",\"name\":\"TeslaFM\",\"description\":\"An experimental and creative radio\",\"publisher\":{\"@id\":\"https:\\\/\\\/teslafm.net\\\/#organization\"},\"potentialAction\":[{\"@type\":\"SearchAction\",\"target\":{\"@type\":\"EntryPoint\",\"urlTemplate\":\"https:\\\/\\\/teslafm.net\\\/?s={search_term_string}\"},\"query-input\":{\"@type\":\"PropertyValueSpecification\",\"valueRequired\":true,\"valueName\":\"search_term_string\"}}],\"inLanguage\":\"en-US\"},{\"@type\":\"Organization\",\"@id\":\"https:\\\/\\\/teslafm.net\\\/#organization\",\"name\":\"TeslaFM\",\"url\":\"https:\\\/\\\/teslafm.net\\\/\",\"logo\":{\"@type\":\"ImageObject\",\"inLanguage\":\"en-US\",\"@id\":\"https:\\\/\\\/teslafm.net\\\/#\\\/schema\\\/logo\\\/image\\\/\",\"url\":\"https:\\\/\\\/teslafm.net\\\/wp-content\\\/uploads\\\/2020\\\/06\\\/logo-tesla.png\",\"contentUrl\":\"https:\\\/\\\/teslafm.net\\\/wp-content\\\/uploads\\\/2020\\\/06\\\/logo-tesla.png\",\"width\":512,\"height\":512,\"caption\":\"TeslaFM\"},\"image\":{\"@id\":\"https:\\\/\\\/teslafm.net\\\/#\\\/schema\\\/logo\\\/image\\\/\"},\"sameAs\":[\"https:\\\/\\\/www.facebook.com\\\/teslafm.net\",\"https:\\\/\\\/x.com\\\/teslafm\"]}]}<\/script>\n<!-- \/ Yoast SEO plugin. -->","yoast_head_json":{"title":"Ones de Crom #12 -","robots":{"index":"index","follow":"follow","max-snippet":"max-snippet:-1","max-image-preview":"max-image-preview:large","max-video-preview":"max-video-preview:-1"},"canonical":"https:\/\/teslafm.net\/en\/ones-de-crom-12\/","og_locale":"en_US","og_type":"article","og_title":"Ones de Crom #12 -","og_description":"Ones de Crom #12 Birchville Cat Motel 8 d&#8217;Octubre de 2008El projecte individual de l&#8217;australi\u00e0 Campbell Kneale ha mantingut un ritme imparable de publicacions en la seva carrera. Practica una experimentaci\u00f3 des del minimalisme soroll\u00f2s, la m\u00fasica concreta, el metal, el punk i la psicod\u00e8lia. Repassem extractes de temes llargs dels seus \u00e0lbums com l&#8217;inicial [&hellip;]","og_url":"https:\/\/teslafm.net\/en\/ones-de-crom-12\/","article_publisher":"https:\/\/www.facebook.com\/teslafm.net","article_modified_time":"2022-09-20T14:07:34+00:00","og_image":[{"url":"https:\/\/teslafm.net\/wp-content\/uploads\/2022\/09\/BIRCHVILLE-CAT-MOTEL.jpg","type":"","width":"","height":""}],"twitter_card":"summary_large_image","twitter_site":"@teslafm","twitter_misc":{"Est. reading time":"1 minute"},"schema":{"@context":"https:\/\/schema.org","@graph":[{"@type":"WebPage","@id":"https:\/\/teslafm.net\/ones-de-crom-12\/","url":"https:\/\/teslafm.net\/ones-de-crom-12\/","name":"Ones de Crom #12 -","isPartOf":{"@id":"https:\/\/teslafm.net\/#website"},"primaryImageOfPage":{"@id":"https:\/\/teslafm.net\/ones-de-crom-12\/#primaryimage"},"image":{"@id":"https:\/\/teslafm.net\/ones-de-crom-12\/#primaryimage"},"thumbnailUrl":"https:\/\/teslafm.net\/wp-content\/uploads\/2022\/09\/BIRCHVILLE-CAT-MOTEL.jpg","datePublished":"2022-09-20T13:59:22+00:00","dateModified":"2022-09-20T14:07:34+00:00","breadcrumb":{"@id":"https:\/\/teslafm.net\/ones-de-crom-12\/#breadcrumb"},"inLanguage":"en-US","potentialAction":[{"@type":"ReadAction","target":["https:\/\/teslafm.net\/ones-de-crom-12\/"]}]},{"@type":"ImageObject","inLanguage":"en-US","@id":"https:\/\/teslafm.net\/ones-de-crom-12\/#primaryimage","url":"https:\/\/teslafm.net\/wp-content\/uploads\/2022\/09\/BIRCHVILLE-CAT-MOTEL.jpg","contentUrl":"https:\/\/teslafm.net\/wp-content\/uploads\/2022\/09\/BIRCHVILLE-CAT-MOTEL.jpg"},{"@type":"BreadcrumbList","@id":"https:\/\/teslafm.net\/ones-de-crom-12\/#breadcrumb","itemListElement":[{"@type":"ListItem","position":1,"name":"Portada","item":"https:\/\/teslafm.net\/"},{"@type":"ListItem","position":2,"name":"Ones de Crom #12"}]},{"@type":"WebSite","@id":"https:\/\/teslafm.net\/#website","url":"https:\/\/teslafm.net\/","name":"TeslaFM","description":"An experimental and creative radio","publisher":{"@id":"https:\/\/teslafm.net\/#organization"},"potentialAction":[{"@type":"SearchAction","target":{"@type":"EntryPoint","urlTemplate":"https:\/\/teslafm.net\/?s={search_term_string}"},"query-input":{"@type":"PropertyValueSpecification","valueRequired":true,"valueName":"search_term_string"}}],"inLanguage":"en-US"},{"@type":"Organization","@id":"https:\/\/teslafm.net\/#organization","name":"TeslaFM","url":"https:\/\/teslafm.net\/","logo":{"@type":"ImageObject","inLanguage":"en-US","@id":"https:\/\/teslafm.net\/#\/schema\/logo\/image\/","url":"https:\/\/teslafm.net\/wp-content\/uploads\/2020\/06\/logo-tesla.png","contentUrl":"https:\/\/teslafm.net\/wp-content\/uploads\/2020\/06\/logo-tesla.png","width":512,"height":512,"caption":"TeslaFM"},"image":{"@id":"https:\/\/teslafm.net\/#\/schema\/logo\/image\/"},"sameAs":["https:\/\/www.facebook.com\/teslafm.net","https:\/\/x.com\/teslafm"]}]}},"rttpg_featured_image_url":null,"rttpg_author":{"display_name":"Ishak","author_link":"https:\/\/teslafm.net\/en\/author\/cravan\/"},"rttpg_comment":0,"rttpg_category":null,"rttpg_excerpt":"Ones de Crom #12 Birchville Cat Motel 8 d&#8217;Octubre de 2008El projecte individual de l&#8217;australi\u00e0 Campbell Kneale ha mantingut un ritme imparable de publicacions en la seva carrera. Practica una experimentaci\u00f3 des del minimalisme soroll\u00f2s, la m\u00fasica concreta, el metal, el punk i la psicod\u00e8lia. Repassem extractes de temes llargs dels seus \u00e0lbums com l&#8217;inicial&hellip;","_links":{"self":[{"href":"https:\/\/teslafm.net\/en\/wp-json\/wp\/v2\/pages\/60293","targetHints":{"allow":["GET"]}}],"collection":[{"href":"https:\/\/teslafm.net\/en\/wp-json\/wp\/v2\/pages"}],"about":[{"href":"https:\/\/teslafm.net\/en\/wp-json\/wp\/v2\/types\/page"}],"author":[{"embeddable":true,"href":"https:\/\/teslafm.net\/en\/wp-json\/wp\/v2\/users\/19"}],"replies":[{"embeddable":true,"href":"https:\/\/teslafm.net\/en\/wp-json\/wp\/v2\/comments?post=60293"}],"version-history":[{"count":16,"href":"https:\/\/teslafm.net\/en\/wp-json\/wp\/v2\/pages\/60293\/revisions"}],"predecessor-version":[{"id":60313,"href":"https:\/\/teslafm.net\/en\/wp-json\/wp\/v2\/pages\/60293\/revisions\/60313"}],"wp:attachment":[{"href":"https:\/\/teslafm.net\/en\/wp-json\/wp\/v2\/media?parent=60293"}],"curies":[{"name":"wp","href":"https:\/\/api.w.org\/{rel}","templated":true}]}}