

{"id":60368,"date":"2022-09-24T16:59:18","date_gmt":"2022-09-24T14:59:18","guid":{"rendered":"https:\/\/teslafm.net\/?page_id=60368"},"modified":"2022-09-24T17:17:04","modified_gmt":"2022-09-24T15:17:04","slug":"modulisme-1","status":"publish","type":"page","link":"https:\/\/teslafm.net\/en\/modulisme-1\/","title":{"rendered":"Modulism #1"},"content":{"rendered":"<div data-elementor-type=\"wp-page\" data-elementor-id=\"60368\" class=\"elementor elementor-60368\">\n\t\t\t\t\t\t<section class=\"elementor-section elementor-top-section elementor-element elementor-element-917ee65 elementor-section-boxed elementor-section-height-default elementor-section-height-default\" data-id=\"917ee65\" data-element_type=\"section\" data-e-type=\"section\">\n\t\t\t\t\t\t<div class=\"elementor-container elementor-column-gap-default\">\n\t\t\t\t\t<div class=\"elementor-column elementor-col-100 elementor-top-column elementor-element elementor-element-7841ba57\" data-id=\"7841ba57\" data-element_type=\"column\" data-e-type=\"column\">\n\t\t\t<div class=\"elementor-widget-wrap elementor-element-populated\">\n\t\t\t\t\t\t<div class=\"elementor-element elementor-element-41a5ad95 elementor-widget elementor-widget-text-editor\" data-id=\"41a5ad95\" data-element_type=\"widget\" data-e-type=\"widget\" data-widget_type=\"text-editor.default\">\n\t\t\t\t<div class=\"elementor-widget-container\">\n\t\t\t\t\t\t\t\t\t<h2><span style=\"color: #ffffff;\"><strong>Modulism #1<\/strong><\/span><\/h2><p><span style=\"color: #808080;\"><em>Synthisis Sonoris, part 1<\/em><\/span><\/p><p><iframe src=\"https:\/\/www.mixcloud.com\/widget\/iframe\/?hide_cover=1&amp;feed=%2FTeslafm_net%2Fmodulisme-1-philippe-petit%2F\" width=\"100%\" height=\"120\" frameborder=\"0\"><\/iframe><\/p>\t\t\t\t\t\t\t\t<\/div>\n\t\t\t\t<\/div>\n\t\t\t\t\t<\/div>\n\t\t<\/div>\n\t\t\t\t\t<\/div>\n\t\t<\/section>\n\t\t\t\t<section class=\"elementor-section elementor-top-section elementor-element elementor-element-b1904fa elementor-section-boxed elementor-section-height-default elementor-section-height-default\" data-id=\"b1904fa\" data-element_type=\"section\" data-e-type=\"section\">\n\t\t\t\t\t\t<div class=\"elementor-container elementor-column-gap-default\">\n\t\t\t\t\t<div class=\"elementor-column elementor-col-50 elementor-top-column elementor-element elementor-element-5a0163f\" data-id=\"5a0163f\" data-element_type=\"column\" data-e-type=\"column\">\n\t\t\t<div class=\"elementor-widget-wrap elementor-element-populated\">\n\t\t\t\t\t\t<div class=\"elementor-element elementor-element-d6ad4b1 elementor-widget elementor-widget-image\" data-id=\"d6ad4b1\" data-element_type=\"widget\" data-e-type=\"widget\" data-widget_type=\"image.default\">\n\t\t\t\t<div class=\"elementor-widget-container\">\n\t\t\t\t\t\t\t\t\t\t\t\t\t\t\t<img fetchpriority=\"high\" decoding=\"async\" width=\"800\" height=\"800\" src=\"https:\/\/teslafm.net\/wp-content\/uploads\/2022\/09\/modulisme-1.jpg\" class=\"attachment-large size-large wp-image-60371\" alt=\"\" srcset=\"https:\/\/teslafm.net\/wp-content\/uploads\/2022\/09\/modulisme-1.jpg 800w, https:\/\/teslafm.net\/wp-content\/uploads\/2022\/09\/modulisme-1-300x300.jpg 300w, https:\/\/teslafm.net\/wp-content\/uploads\/2022\/09\/modulisme-1-150x150.jpg 150w, https:\/\/teslafm.net\/wp-content\/uploads\/2022\/09\/modulisme-1-768x768.jpg 768w\" sizes=\"(max-width: 800px) 100vw, 800px\" \/>\t\t\t\t\t\t\t\t\t\t\t\t\t\t\t<\/div>\n\t\t\t\t<\/div>\n\t\t\t\t\t<\/div>\n\t\t<\/div>\n\t\t\t\t<div class=\"elementor-column elementor-col-50 elementor-top-column elementor-element elementor-element-f1f60f9\" data-id=\"f1f60f9\" data-element_type=\"column\" data-e-type=\"column\">\n\t\t\t<div class=\"elementor-widget-wrap elementor-element-populated\">\n\t\t\t\t\t\t<div class=\"elementor-element elementor-element-c2f3dd3 elementor-widget elementor-widget-text-editor\" data-id=\"c2f3dd3\" data-element_type=\"widget\" data-e-type=\"widget\" data-widget_type=\"text-editor.default\">\n\t\t\t\t<div class=\"elementor-widget-container\">\n\t\t\t\t\t\t\t\t\t<p><span style=\"color: #808080;\"><em>Synthisis Sonoris<\/em> brings together composers who play synthesizers designed by the legendary <strong>EMS<\/strong> that changed the face of electronic music in the 1970s. Mythical and typically associated with the milestones of the British avant-garde of the 1970s: from the <strong>BBC Radiophonic Workshop<\/strong>\/<strong>White Noise<\/strong>\/<strong>Delia Derbyshire<\/strong> a <strong>Pink Floyd<\/strong>, <strong>Brian Eno<\/strong>... But also European composers such as <strong>Pierre Henry<\/strong>, <strong>Bernard Parmegiani<\/strong>, <strong>Andr\u00e9 Stordeur<\/strong>... In just a few years, the VCS3 + Synthi AKS has made its mark on experimental electro-acoustic bands around the world and the Synthi has proven to be one of the best resources for any live performance, easy to carry and so immediate. .<\/span><br \/><span style=\"color: #808080;\">Legendary, unmatched in sound, gives the feeling of being alive and untamed. Trying it is severely addictive!!!!<\/span><\/p><p><a href=\"https:\/\/modular-station.com\/modulisme\/session\/57\/\" target=\"_blank\" rel=\"noopener\">modular-station.com\/modulisme\/session\/57\/<\/a><\/p>\t\t\t\t\t\t\t\t<\/div>\n\t\t\t\t<\/div>\n\t\t\t\t\t<\/div>\n\t\t<\/div>\n\t\t\t\t\t<\/div>\n\t\t<\/section>\n\t\t\t\t<section class=\"elementor-section elementor-top-section elementor-element elementor-element-1e3b21f elementor-section-boxed elementor-section-height-default elementor-section-height-default\" data-id=\"1e3b21f\" data-element_type=\"section\" data-e-type=\"section\">\n\t\t\t\t\t\t<div class=\"elementor-container elementor-column-gap-default\">\n\t\t\t\t\t<div class=\"elementor-column elementor-col-50 elementor-top-column elementor-element elementor-element-a5c0d5a\" data-id=\"a5c0d5a\" data-element_type=\"column\" data-e-type=\"column\">\n\t\t\t<div class=\"elementor-widget-wrap elementor-element-populated\">\n\t\t\t\t\t\t<div class=\"elementor-element elementor-element-d55b73b elementor-widget elementor-widget-text-editor\" data-id=\"d55b73b\" data-element_type=\"widget\" data-e-type=\"widget\" data-widget_type=\"text-editor.default\">\n\t\t\t\t<div class=\"elementor-widget-container\">\n\t\t\t\t\t\t\t\t\t<p><span style=\"color: #808080;\">01.<strong> Philippe Petit<\/strong> - A Call (11:19)<\/span><br \/><span style=\"color: #808080;\">\" As much as I like synthetic music, I often need mine to incorporate \"concrete elements\", acoustics, and that's why I chose to unite the Synthi A with the soundboard of my piano and my voice... Living in Marseille, sometimes, by the sea, I can hear a call coming from below... Are they sirens or voices in my head...? \"<\/span><\/p><p><a href=\"http:\/\/www.philippepetit.info\/\" target=\"_blank\" rel=\"noopener\">philippepetit.info\/<\/a><\/p><p><span style=\"color: #808080;\">02. <strong>Lawrence Casserley<\/strong> - Transformations I (12:07)<\/span><br \/><span style=\"color: #808080;\">Legendary English composer who offers us this piece recorded in 1970 in the studios of the Royal College of Music in London.<\/span><\/p><p><a href=\"https:\/\/www.lcasserley.co.uk\/\" target=\"_blank\" rel=\"noopener\">lcasserley.co.uk\/<\/a><\/p><p><span style=\"color: #808080;\">03. <strong>Benge<\/strong> - Study for 3 Synthi (08:02)<\/span><br \/><span style=\"color: #808080;\">Formerly known as <strong>Tennis<\/strong> and released on the electronic label BiP_HOp in the early 2000s, <strong>Ben Edwards<\/strong> is a composer, producer and collaborator who writes, records, mixes and has created his own studio: <strong>Memetune<\/strong>.<\/span><\/p><p><a href=\"https:\/\/youtu.be\/crk1JmGUZas\" target=\"_blank\" rel=\"noopener\">https:\/\/youtu.be\/crk1JmGUZas<\/a><\/p>\t\t\t\t\t\t\t\t<\/div>\n\t\t\t\t<\/div>\n\t\t\t\t\t<\/div>\n\t\t<\/div>\n\t\t\t\t<div class=\"elementor-column elementor-col-50 elementor-top-column elementor-element elementor-element-f4331ca\" data-id=\"f4331ca\" data-element_type=\"column\" data-e-type=\"column\">\n\t\t\t<div class=\"elementor-widget-wrap elementor-element-populated\">\n\t\t\t\t\t\t<div class=\"elementor-element elementor-element-f22bfb1 elementor-widget elementor-widget-text-editor\" data-id=\"f22bfb1\" data-element_type=\"widget\" data-e-type=\"widget\" data-widget_type=\"text-editor.default\">\n\t\t\t\t<div class=\"elementor-widget-container\">\n\t\t\t\t\t\t\t\t\t<p><span style=\"color: #808080;\">04. <strong>Stelios Giannoulakis<\/strong> - Grainscape (13:34)<\/span><br \/><span style=\"color: #808080;\">Undisputed composer and teacher based in Athens.<\/span><\/p><p><a href=\"https:\/\/steliosgiannoulakis.wordpress.com\/about\/\" target=\"_blank\" rel=\"noopener\">steliosgiannoulakis.wordpress.com\/about\/<\/a><\/p><p><span style=\"color: #808080;\">05.<strong> James Gardner<\/strong> : au-del\u00e0 de deux rivi\u00e8res (05:36)<\/span><br \/><span style=\"color: #808080;\"><strong>James Gardner<\/strong> is an English-born New Zealand musician and composer who spent much of the 1980s in London playing and programming keyboards and synthesizers for various artists. His compositions have been performed and broadcast worldwide and he teaches music at the University of Canterbury in Christchurch and the University of Auckland.<\/span><\/p><p><a href=\"https:\/\/www.gardnercomposer.com\/\" target=\"_blank\" rel=\"noopener\">gardnercomposer.com\/<\/a><\/p><p><span style=\"color: #808080;\">06. <strong>Iain Boddy<\/strong> - Enceladus (14:03)<\/span><br \/><span style=\"color: #808080;\"><strong>Ian Boddy<\/strong> is a British musician who first became interested in electronic music in the late 1970s. Since 1999 he has run the highly respected <strong>DiN Electronics<\/strong>who has released over 90 albums, most recently the Tone Science series. He has also composed numerous library music albums and is a sought-after sound designer.<\/span><\/p><p><a href=\"http:\/\/ianboddy.com\/\" target=\"_blank\" rel=\"noopener\">ianboddy.com\/<\/a><\/p>\t\t\t\t\t\t\t\t<\/div>\n\t\t\t\t<\/div>\n\t\t\t\t\t<\/div>\n\t\t<\/div>\n\t\t\t\t\t<\/div>\n\t\t<\/section>\n\t\t\t\t<\/div>","protected":false},"excerpt":{"rendered":"<p>Modulisme #1 Synthisis Sonoris, parte 1 Synthisis Sonoris re\u00fane a compositores que tocan sintetizadores dise\u00f1ados por la legendaria EMS que cambi\u00f3 el rostro de la m\u00fasica electr\u00f3nica en la d\u00e9cada de 1970. M\u00edtica y t\u00edpicamente asociada a los hitos de la vanguardia brit\u00e1nica de los a\u00f1os 70: desde la BBC Radiophonic Workshop\/White Noise\/Delia Derbyshire a [&hellip;]<\/p>\n","protected":false},"author":19,"featured_media":0,"parent":0,"menu_order":0,"comment_status":"closed","ping_status":"closed","template":"","meta":{"footnotes":""},"class_list":["post-60368","page","type-page","status-publish","hentry"],"yoast_head":"<!-- This site is optimized with the Yoast SEO plugin v27.4 - https:\/\/yoast.com\/product\/yoast-seo-wordpress\/ -->\n<title>Modulisme #1 -<\/title>\n<meta name=\"robots\" content=\"index, follow, max-snippet:-1, max-image-preview:large, max-video-preview:-1\" \/>\n<link rel=\"canonical\" href=\"https:\/\/teslafm.net\/en\/modulisme-1\/\" \/>\n<meta property=\"og:locale\" content=\"en_US\" \/>\n<meta property=\"og:type\" content=\"article\" \/>\n<meta property=\"og:title\" content=\"Modulisme #1 -\" \/>\n<meta property=\"og:description\" content=\"Modulisme #1 Synthisis Sonoris, parte 1 Synthisis Sonoris re\u00fane a compositores que tocan sintetizadores dise\u00f1ados por la legendaria EMS que cambi\u00f3 el rostro de la m\u00fasica electr\u00f3nica en la d\u00e9cada de 1970. M\u00edtica y t\u00edpicamente asociada a los hitos de la vanguardia brit\u00e1nica de los a\u00f1os 70: desde la BBC Radiophonic Workshop\/White Noise\/Delia Derbyshire a [&hellip;]\" \/>\n<meta property=\"og:url\" content=\"https:\/\/teslafm.net\/en\/modulisme-1\/\" \/>\n<meta property=\"article:publisher\" content=\"https:\/\/www.facebook.com\/teslafm.net\" \/>\n<meta property=\"article:modified_time\" content=\"2022-09-24T15:17:04+00:00\" \/>\n<meta property=\"og:image\" content=\"https:\/\/teslafm.net\/wp-content\/uploads\/2022\/09\/modulisme-1.jpg\" \/>\n<meta name=\"twitter:card\" content=\"summary_large_image\" \/>\n<meta name=\"twitter:site\" content=\"@teslafm\" \/>\n<meta name=\"twitter:label1\" content=\"Est. reading time\" \/>\n\t<meta name=\"twitter:data1\" content=\"3 minutes\" \/>\n<script type=\"application\/ld+json\" class=\"yoast-schema-graph\">{\"@context\":\"https:\\\/\\\/schema.org\",\"@graph\":[{\"@type\":\"WebPage\",\"@id\":\"https:\\\/\\\/teslafm.net\\\/modulisme-1\\\/\",\"url\":\"https:\\\/\\\/teslafm.net\\\/modulisme-1\\\/\",\"name\":\"Modulisme #1 -\",\"isPartOf\":{\"@id\":\"https:\\\/\\\/teslafm.net\\\/#website\"},\"primaryImageOfPage\":{\"@id\":\"https:\\\/\\\/teslafm.net\\\/modulisme-1\\\/#primaryimage\"},\"image\":{\"@id\":\"https:\\\/\\\/teslafm.net\\\/modulisme-1\\\/#primaryimage\"},\"thumbnailUrl\":\"https:\\\/\\\/teslafm.net\\\/wp-content\\\/uploads\\\/2022\\\/09\\\/modulisme-1.jpg\",\"datePublished\":\"2022-09-24T14:59:18+00:00\",\"dateModified\":\"2022-09-24T15:17:04+00:00\",\"breadcrumb\":{\"@id\":\"https:\\\/\\\/teslafm.net\\\/modulisme-1\\\/#breadcrumb\"},\"inLanguage\":\"en-US\",\"potentialAction\":[{\"@type\":\"ReadAction\",\"target\":[\"https:\\\/\\\/teslafm.net\\\/modulisme-1\\\/\"]}]},{\"@type\":\"ImageObject\",\"inLanguage\":\"en-US\",\"@id\":\"https:\\\/\\\/teslafm.net\\\/modulisme-1\\\/#primaryimage\",\"url\":\"https:\\\/\\\/teslafm.net\\\/wp-content\\\/uploads\\\/2022\\\/09\\\/modulisme-1.jpg\",\"contentUrl\":\"https:\\\/\\\/teslafm.net\\\/wp-content\\\/uploads\\\/2022\\\/09\\\/modulisme-1.jpg\"},{\"@type\":\"BreadcrumbList\",\"@id\":\"https:\\\/\\\/teslafm.net\\\/modulisme-1\\\/#breadcrumb\",\"itemListElement\":[{\"@type\":\"ListItem\",\"position\":1,\"name\":\"Portada\",\"item\":\"https:\\\/\\\/teslafm.net\\\/\"},{\"@type\":\"ListItem\",\"position\":2,\"name\":\"Modulisme #1\"}]},{\"@type\":\"WebSite\",\"@id\":\"https:\\\/\\\/teslafm.net\\\/#website\",\"url\":\"https:\\\/\\\/teslafm.net\\\/\",\"name\":\"TeslaFM\",\"description\":\"An experimental and creative radio\",\"publisher\":{\"@id\":\"https:\\\/\\\/teslafm.net\\\/#organization\"},\"potentialAction\":[{\"@type\":\"SearchAction\",\"target\":{\"@type\":\"EntryPoint\",\"urlTemplate\":\"https:\\\/\\\/teslafm.net\\\/?s={search_term_string}\"},\"query-input\":{\"@type\":\"PropertyValueSpecification\",\"valueRequired\":true,\"valueName\":\"search_term_string\"}}],\"inLanguage\":\"en-US\"},{\"@type\":\"Organization\",\"@id\":\"https:\\\/\\\/teslafm.net\\\/#organization\",\"name\":\"TeslaFM\",\"url\":\"https:\\\/\\\/teslafm.net\\\/\",\"logo\":{\"@type\":\"ImageObject\",\"inLanguage\":\"en-US\",\"@id\":\"https:\\\/\\\/teslafm.net\\\/#\\\/schema\\\/logo\\\/image\\\/\",\"url\":\"https:\\\/\\\/teslafm.net\\\/wp-content\\\/uploads\\\/2020\\\/06\\\/logo-tesla.png\",\"contentUrl\":\"https:\\\/\\\/teslafm.net\\\/wp-content\\\/uploads\\\/2020\\\/06\\\/logo-tesla.png\",\"width\":512,\"height\":512,\"caption\":\"TeslaFM\"},\"image\":{\"@id\":\"https:\\\/\\\/teslafm.net\\\/#\\\/schema\\\/logo\\\/image\\\/\"},\"sameAs\":[\"https:\\\/\\\/www.facebook.com\\\/teslafm.net\",\"https:\\\/\\\/x.com\\\/teslafm\"]}]}<\/script>\n<!-- \/ Yoast SEO plugin. -->","yoast_head_json":{"title":"Modulisme #1 -","robots":{"index":"index","follow":"follow","max-snippet":"max-snippet:-1","max-image-preview":"max-image-preview:large","max-video-preview":"max-video-preview:-1"},"canonical":"https:\/\/teslafm.net\/en\/modulisme-1\/","og_locale":"en_US","og_type":"article","og_title":"Modulisme #1 -","og_description":"Modulisme #1 Synthisis Sonoris, parte 1 Synthisis Sonoris re\u00fane a compositores que tocan sintetizadores dise\u00f1ados por la legendaria EMS que cambi\u00f3 el rostro de la m\u00fasica electr\u00f3nica en la d\u00e9cada de 1970. M\u00edtica y t\u00edpicamente asociada a los hitos de la vanguardia brit\u00e1nica de los a\u00f1os 70: desde la BBC Radiophonic Workshop\/White Noise\/Delia Derbyshire a [&hellip;]","og_url":"https:\/\/teslafm.net\/en\/modulisme-1\/","article_publisher":"https:\/\/www.facebook.com\/teslafm.net","article_modified_time":"2022-09-24T15:17:04+00:00","og_image":[{"url":"https:\/\/teslafm.net\/wp-content\/uploads\/2022\/09\/modulisme-1.jpg","type":"","width":"","height":""}],"twitter_card":"summary_large_image","twitter_site":"@teslafm","twitter_misc":{"Est. reading time":"3 minutes"},"schema":{"@context":"https:\/\/schema.org","@graph":[{"@type":"WebPage","@id":"https:\/\/teslafm.net\/modulisme-1\/","url":"https:\/\/teslafm.net\/modulisme-1\/","name":"Modulisme #1 -","isPartOf":{"@id":"https:\/\/teslafm.net\/#website"},"primaryImageOfPage":{"@id":"https:\/\/teslafm.net\/modulisme-1\/#primaryimage"},"image":{"@id":"https:\/\/teslafm.net\/modulisme-1\/#primaryimage"},"thumbnailUrl":"https:\/\/teslafm.net\/wp-content\/uploads\/2022\/09\/modulisme-1.jpg","datePublished":"2022-09-24T14:59:18+00:00","dateModified":"2022-09-24T15:17:04+00:00","breadcrumb":{"@id":"https:\/\/teslafm.net\/modulisme-1\/#breadcrumb"},"inLanguage":"en-US","potentialAction":[{"@type":"ReadAction","target":["https:\/\/teslafm.net\/modulisme-1\/"]}]},{"@type":"ImageObject","inLanguage":"en-US","@id":"https:\/\/teslafm.net\/modulisme-1\/#primaryimage","url":"https:\/\/teslafm.net\/wp-content\/uploads\/2022\/09\/modulisme-1.jpg","contentUrl":"https:\/\/teslafm.net\/wp-content\/uploads\/2022\/09\/modulisme-1.jpg"},{"@type":"BreadcrumbList","@id":"https:\/\/teslafm.net\/modulisme-1\/#breadcrumb","itemListElement":[{"@type":"ListItem","position":1,"name":"Portada","item":"https:\/\/teslafm.net\/"},{"@type":"ListItem","position":2,"name":"Modulisme #1"}]},{"@type":"WebSite","@id":"https:\/\/teslafm.net\/#website","url":"https:\/\/teslafm.net\/","name":"TeslaFM","description":"An experimental and creative radio","publisher":{"@id":"https:\/\/teslafm.net\/#organization"},"potentialAction":[{"@type":"SearchAction","target":{"@type":"EntryPoint","urlTemplate":"https:\/\/teslafm.net\/?s={search_term_string}"},"query-input":{"@type":"PropertyValueSpecification","valueRequired":true,"valueName":"search_term_string"}}],"inLanguage":"en-US"},{"@type":"Organization","@id":"https:\/\/teslafm.net\/#organization","name":"TeslaFM","url":"https:\/\/teslafm.net\/","logo":{"@type":"ImageObject","inLanguage":"en-US","@id":"https:\/\/teslafm.net\/#\/schema\/logo\/image\/","url":"https:\/\/teslafm.net\/wp-content\/uploads\/2020\/06\/logo-tesla.png","contentUrl":"https:\/\/teslafm.net\/wp-content\/uploads\/2020\/06\/logo-tesla.png","width":512,"height":512,"caption":"TeslaFM"},"image":{"@id":"https:\/\/teslafm.net\/#\/schema\/logo\/image\/"},"sameAs":["https:\/\/www.facebook.com\/teslafm.net","https:\/\/x.com\/teslafm"]}]}},"rttpg_featured_image_url":null,"rttpg_author":{"display_name":"Ishak","author_link":"https:\/\/teslafm.net\/en\/author\/cravan\/"},"rttpg_comment":0,"rttpg_category":null,"rttpg_excerpt":"Modulisme #1 Synthisis Sonoris, parte 1 Synthisis Sonoris re\u00fane a compositores que tocan sintetizadores dise\u00f1ados por la legendaria EMS que cambi\u00f3 el rostro de la m\u00fasica electr\u00f3nica en la d\u00e9cada de 1970. M\u00edtica y t\u00edpicamente asociada a los hitos de la vanguardia brit\u00e1nica de los a\u00f1os 70: desde la BBC Radiophonic Workshop\/White Noise\/Delia Derbyshire a&hellip;","_links":{"self":[{"href":"https:\/\/teslafm.net\/en\/wp-json\/wp\/v2\/pages\/60368","targetHints":{"allow":["GET"]}}],"collection":[{"href":"https:\/\/teslafm.net\/en\/wp-json\/wp\/v2\/pages"}],"about":[{"href":"https:\/\/teslafm.net\/en\/wp-json\/wp\/v2\/types\/page"}],"author":[{"embeddable":true,"href":"https:\/\/teslafm.net\/en\/wp-json\/wp\/v2\/users\/19"}],"replies":[{"embeddable":true,"href":"https:\/\/teslafm.net\/en\/wp-json\/wp\/v2\/comments?post=60368"}],"version-history":[{"count":20,"href":"https:\/\/teslafm.net\/en\/wp-json\/wp\/v2\/pages\/60368\/revisions"}],"predecessor-version":[{"id":60392,"href":"https:\/\/teslafm.net\/en\/wp-json\/wp\/v2\/pages\/60368\/revisions\/60392"}],"wp:attachment":[{"href":"https:\/\/teslafm.net\/en\/wp-json\/wp\/v2\/media?parent=60368"}],"curies":[{"name":"wp","href":"https:\/\/api.w.org\/{rel}","templated":true}]}}