

{"id":60398,"date":"2022-09-27T10:23:34","date_gmt":"2022-09-27T08:23:34","guid":{"rendered":"https:\/\/teslafm.net\/?page_id=60398"},"modified":"2022-09-27T10:36:00","modified_gmt":"2022-09-27T08:36:00","slug":"space-oddity-recollection-36","status":"publish","type":"page","link":"https:\/\/teslafm.net\/en\/space-oddity-recollection-36\/","title":{"rendered":"Space Oddity Recollection #36"},"content":{"rendered":"<div data-elementor-type=\"wp-page\" data-elementor-id=\"60398\" class=\"elementor elementor-60398\">\n\t\t\t\t\t\t<section class=\"elementor-section elementor-top-section elementor-element elementor-element-2a23bf2c elementor-section-boxed elementor-section-height-default elementor-section-height-default\" data-id=\"2a23bf2c\" data-element_type=\"section\" data-e-type=\"section\">\n\t\t\t\t\t\t<div class=\"elementor-container elementor-column-gap-default\">\n\t\t\t\t\t<div class=\"elementor-column elementor-col-100 elementor-top-column elementor-element elementor-element-12a1d9ca\" data-id=\"12a1d9ca\" data-element_type=\"column\" data-e-type=\"column\">\n\t\t\t<div class=\"elementor-widget-wrap elementor-element-populated\">\n\t\t\t\t\t\t<div class=\"elementor-element elementor-element-b1f6e88 elementor-widget elementor-widget-text-editor\" data-id=\"b1f6e88\" data-element_type=\"widget\" data-e-type=\"widget\" data-widget_type=\"text-editor.default\">\n\t\t\t\t<div class=\"elementor-widget-container\">\n\t\t\t\t\t\t\t\t\t<h2><span style=\"color: #ffffff;\"><strong>Space Oddity Recollection #36<\/strong><\/span><\/h2>\r\n<span style=\"color: #808080;\"><em>September 2022<\/em><\/span>\r\n\r\n<iframe src=\"https:\/\/www.mixcloud.com\/widget\/iframe\/?hide_cover=1&amp;feed=%2FTeslafm_net%2Fspace-oddity-recollection-36-monika-pich%2F\" width=\"100%\" height=\"120\" frameborder=\"0\"><\/iframe>\t\t\t\t\t\t\t\t<\/div>\n\t\t\t\t<\/div>\n\t\t\t\t\t<\/div>\n\t\t<\/div>\n\t\t\t\t\t<\/div>\n\t\t<\/section>\n\t\t\t\t<section class=\"elementor-section elementor-top-section elementor-element elementor-element-e0b1328 elementor-section-boxed elementor-section-height-default elementor-section-height-default\" data-id=\"e0b1328\" data-element_type=\"section\" data-e-type=\"section\">\n\t\t\t\t\t\t<div class=\"elementor-container elementor-column-gap-default\">\n\t\t\t\t\t<div class=\"elementor-column elementor-col-50 elementor-top-column elementor-element elementor-element-bc47982\" data-id=\"bc47982\" data-element_type=\"column\" data-e-type=\"column\">\n\t\t\t<div class=\"elementor-widget-wrap elementor-element-populated\">\n\t\t\t\t\t\t<div class=\"elementor-element elementor-element-ffb26c6 elementor-widget elementor-widget-image\" data-id=\"ffb26c6\" data-element_type=\"widget\" data-e-type=\"widget\" data-widget_type=\"image.default\">\n\t\t\t\t<div class=\"elementor-widget-container\">\n\t\t\t\t\t\t\t\t\t\t\t\t\t\t\t<img fetchpriority=\"high\" decoding=\"async\" width=\"575\" height=\"575\" src=\"https:\/\/teslafm.net\/wp-content\/uploads\/2022\/09\/Shak-Benavides1.jpg\" class=\"attachment-large size-large wp-image-60400\" alt=\"\" srcset=\"https:\/\/teslafm.net\/wp-content\/uploads\/2022\/09\/Shak-Benavides1.jpg 575w, https:\/\/teslafm.net\/wp-content\/uploads\/2022\/09\/Shak-Benavides1-300x300.jpg 300w, https:\/\/teslafm.net\/wp-content\/uploads\/2022\/09\/Shak-Benavides1-150x150.jpg 150w\" sizes=\"(max-width: 575px) 100vw, 575px\" \/>\t\t\t\t\t\t\t\t\t\t\t\t\t\t\t<\/div>\n\t\t\t\t<\/div>\n\t\t\t\t\t<\/div>\n\t\t<\/div>\n\t\t\t\t<div class=\"elementor-column elementor-col-50 elementor-top-column elementor-element elementor-element-0857f32\" data-id=\"0857f32\" data-element_type=\"column\" data-e-type=\"column\">\n\t\t\t<div class=\"elementor-widget-wrap elementor-element-populated\">\n\t\t\t\t\t\t<div class=\"elementor-element elementor-element-12bd46a elementor-widget elementor-widget-text-editor\" data-id=\"12bd46a\" data-element_type=\"widget\" data-e-type=\"widget\" data-widget_type=\"text-editor.default\">\n\t\t\t\t<div class=\"elementor-widget-container\">\n\t\t\t\t\t\t\t\t\t<p><span style=\"color: #808080;\"><em>Lucius Works Here<\/em><\/span><\/p><p><span style=\"color: #808080;\"><strong>Shak Benavides<\/strong>the solo artist behind the project <strong>Lucius Works Here<\/strong>. He is a great connoisseur of the history of popular and avant-garde music, dj and electronic artist proud to belong to the queer and autistic community. He is the owner and director of TeslaFM and for some time now he has been focusing his interest on the sounds and composers of the 19th century, an era little studied and yet forgotten these days.<\/span><br \/><span style=\"color: #808080;\">In this mix we will listen to music from his latest albums. The one titled\u00a0\u00a0<em>\"Stopped in Time.\"<\/em> premiered in 2018 and is dedicated to the intellectuals and artists of the 19th century: <strong>Camille Claudel<\/strong>,<strong> Claude Debussy<\/strong>,<strong> Virginia Woolf<\/strong>,<strong> Erik Satie<\/strong>, <strong>Lewis Carroll<\/strong>,<strong> Emma Goldman <\/strong>and the<strong> Nikola Tesla<\/strong>. It is a hauntological journey to the very heart of a revolt against the modern world.<\/span><\/p><p><span style=\"color: #808080;\">Another album entitled <em>\"The spirit of the times.\"<\/em>released in 2022, contains moving and personal sounds. Suggestive and experimental, it is loaded with historical and philosophical references that are the common thread of this sound creation. <strong>Benavides<\/strong> captures the sounds and atmosphere of that era and uses sound resources in an unusual way to shape songs that oscillate between minimalism and ambient, making his project unique in today's national and international music scene.<\/span><\/p>\t\t\t\t\t\t\t\t<\/div>\n\t\t\t\t<\/div>\n\t\t\t\t\t<\/div>\n\t\t<\/div>\n\t\t\t\t\t<\/div>\n\t\t<\/section>\n\t\t\t\t<section class=\"elementor-section elementor-top-section elementor-element elementor-element-d27b307 elementor-section-boxed elementor-section-height-default elementor-section-height-default\" data-id=\"d27b307\" data-element_type=\"section\" data-e-type=\"section\">\n\t\t\t\t\t\t<div class=\"elementor-container elementor-column-gap-default\">\n\t\t\t\t\t<div class=\"elementor-column elementor-col-100 elementor-top-column elementor-element elementor-element-9caa329\" data-id=\"9caa329\" data-element_type=\"column\" data-e-type=\"column\">\n\t\t\t<div class=\"elementor-widget-wrap elementor-element-populated\">\n\t\t\t\t\t\t<div class=\"elementor-element elementor-element-1048cd8 elementor-widget elementor-widget-text-editor\" data-id=\"1048cd8\" data-element_type=\"widget\" data-e-type=\"widget\" data-widget_type=\"text-editor.default\">\n\t\t\t\t<div class=\"elementor-widget-container\">\n\t\t\t\t\t\t\t\t\t<p class=\"western\" lang=\"en-US\"><span style=\"color: #808080;\">Links:<\/span><\/p><p class=\"western\" lang=\"pl-PL\"><span style=\"color: #0000ff;\"><u><a href=\"https:\/\/luciusworkshere.bandcamp.com\/\" target=\"_blank\" rel=\"noopener\"><span style=\"color: #196ad4;\">https:\/\/luciusworkshere.bandcamp.com\/<\/span><\/a><\/u><\/span><\/p><p class=\"western\" lang=\"pl-PL\"><span style=\"color: #0000ff;\"><u><a href=\"https:\/\/www.youtube.com\/watch?v=ScxZNNEXDxA\" target=\"_blank\" rel=\"noopener\"><span style=\"color: #196ad4;\">https:\/\/www.youtube.com\/watch?v=ScxZNNEXDxA<\/span><\/a><\/u><\/span><\/p><p class=\"western\" lang=\"en-US\"><span style=\"color: #808080;\">Enjoy the mixtrack, September 2022', produced by monikapich<\/span><\/p>\t\t\t\t\t\t\t\t<\/div>\n\t\t\t\t<\/div>\n\t\t\t\t\t<\/div>\n\t\t<\/div>\n\t\t\t\t\t<\/div>\n\t\t<\/section>\n\t\t\t\t<\/div>","protected":false},"excerpt":{"rendered":"<p>Space Oddity Recollection #36 Septiembre 2022 Lucius Works Here Shak Benavides, el artista solista detr\u00e1s del proyecto Lucius Works Here. Es un gran conocedor de la historia de la m\u00fasica popular y de vanguardia, dj y artista electr\u00f3nico orgulloso de pertenecer a la comunidad queer y autista. Es propietario y director de TeslaFM y desde [&hellip;]<\/p>\n","protected":false},"author":19,"featured_media":0,"parent":0,"menu_order":0,"comment_status":"closed","ping_status":"closed","template":"","meta":{"footnotes":""},"class_list":["post-60398","page","type-page","status-publish","hentry"],"yoast_head":"<!-- This site is optimized with the Yoast SEO plugin v27.2 - https:\/\/yoast.com\/product\/yoast-seo-wordpress\/ -->\n<title>Space Oddity Recollection #36 -<\/title>\n<meta name=\"robots\" content=\"index, follow, max-snippet:-1, max-image-preview:large, max-video-preview:-1\" \/>\n<link rel=\"canonical\" href=\"https:\/\/teslafm.net\/en\/space-oddity-recollection-36\/\" \/>\n<meta property=\"og:locale\" content=\"en_US\" \/>\n<meta property=\"og:type\" content=\"article\" \/>\n<meta property=\"og:title\" content=\"Space Oddity Recollection #36 -\" \/>\n<meta property=\"og:description\" content=\"Space Oddity Recollection #36 Septiembre 2022 Lucius Works Here Shak Benavides, el artista solista detr\u00e1s del proyecto Lucius Works Here. Es un gran conocedor de la historia de la m\u00fasica popular y de vanguardia, dj y artista electr\u00f3nico orgulloso de pertenecer a la comunidad queer y autista. Es propietario y director de TeslaFM y desde [&hellip;]\" \/>\n<meta property=\"og:url\" content=\"https:\/\/teslafm.net\/en\/space-oddity-recollection-36\/\" \/>\n<meta property=\"article:publisher\" content=\"https:\/\/www.facebook.com\/teslafm.net\" \/>\n<meta property=\"article:modified_time\" content=\"2022-09-27T08:36:00+00:00\" \/>\n<meta property=\"og:image\" content=\"https:\/\/teslafm.net\/wp-content\/uploads\/2022\/09\/Shak-Benavides1.jpg\" \/>\n<meta name=\"twitter:card\" content=\"summary_large_image\" \/>\n<meta name=\"twitter:site\" content=\"@teslafm\" \/>\n<meta name=\"twitter:label1\" content=\"Est. reading time\" \/>\n\t<meta name=\"twitter:data1\" content=\"2 minutes\" \/>\n<script type=\"application\/ld+json\" class=\"yoast-schema-graph\">{\"@context\":\"https:\/\/schema.org\",\"@graph\":[{\"@type\":\"WebPage\",\"@id\":\"https:\/\/teslafm.net\/space-oddity-recollection-36\/\",\"url\":\"https:\/\/teslafm.net\/space-oddity-recollection-36\/\",\"name\":\"Space Oddity Recollection #36 -\",\"isPartOf\":{\"@id\":\"https:\/\/teslafm.net\/#website\"},\"primaryImageOfPage\":{\"@id\":\"https:\/\/teslafm.net\/space-oddity-recollection-36\/#primaryimage\"},\"image\":{\"@id\":\"https:\/\/teslafm.net\/space-oddity-recollection-36\/#primaryimage\"},\"thumbnailUrl\":\"https:\/\/teslafm.net\/wp-content\/uploads\/2022\/09\/Shak-Benavides1.jpg\",\"datePublished\":\"2022-09-27T08:23:34+00:00\",\"dateModified\":\"2022-09-27T08:36:00+00:00\",\"breadcrumb\":{\"@id\":\"https:\/\/teslafm.net\/space-oddity-recollection-36\/#breadcrumb\"},\"inLanguage\":\"en-US\",\"potentialAction\":[{\"@type\":\"ReadAction\",\"target\":[\"https:\/\/teslafm.net\/space-oddity-recollection-36\/\"]}]},{\"@type\":\"ImageObject\",\"inLanguage\":\"en-US\",\"@id\":\"https:\/\/teslafm.net\/space-oddity-recollection-36\/#primaryimage\",\"url\":\"https:\/\/teslafm.net\/wp-content\/uploads\/2022\/09\/Shak-Benavides1.jpg\",\"contentUrl\":\"https:\/\/teslafm.net\/wp-content\/uploads\/2022\/09\/Shak-Benavides1.jpg\"},{\"@type\":\"BreadcrumbList\",\"@id\":\"https:\/\/teslafm.net\/space-oddity-recollection-36\/#breadcrumb\",\"itemListElement\":[{\"@type\":\"ListItem\",\"position\":1,\"name\":\"Portada\",\"item\":\"https:\/\/teslafm.net\/\"},{\"@type\":\"ListItem\",\"position\":2,\"name\":\"Space Oddity Recollection #36\"}]},{\"@type\":\"WebSite\",\"@id\":\"https:\/\/teslafm.net\/#website\",\"url\":\"https:\/\/teslafm.net\/\",\"name\":\"TeslaFM\",\"description\":\"An experimental and creative radio\",\"publisher\":{\"@id\":\"https:\/\/teslafm.net\/#organization\"},\"potentialAction\":[{\"@type\":\"SearchAction\",\"target\":{\"@type\":\"EntryPoint\",\"urlTemplate\":\"https:\/\/teslafm.net\/?s={search_term_string}\"},\"query-input\":{\"@type\":\"PropertyValueSpecification\",\"valueRequired\":true,\"valueName\":\"search_term_string\"}}],\"inLanguage\":\"en-US\"},{\"@type\":\"Organization\",\"@id\":\"https:\/\/teslafm.net\/#organization\",\"name\":\"TeslaFM\",\"url\":\"https:\/\/teslafm.net\/\",\"logo\":{\"@type\":\"ImageObject\",\"inLanguage\":\"en-US\",\"@id\":\"https:\/\/teslafm.net\/#\/schema\/logo\/image\/\",\"url\":\"https:\/\/teslafm.net\/wp-content\/uploads\/2020\/06\/logo-tesla.png\",\"contentUrl\":\"https:\/\/teslafm.net\/wp-content\/uploads\/2020\/06\/logo-tesla.png\",\"width\":512,\"height\":512,\"caption\":\"TeslaFM\"},\"image\":{\"@id\":\"https:\/\/teslafm.net\/#\/schema\/logo\/image\/\"},\"sameAs\":[\"https:\/\/www.facebook.com\/teslafm.net\",\"https:\/\/x.com\/teslafm\"]}]}<\/script>\n<!-- \/ Yoast SEO plugin. -->","yoast_head_json":{"title":"Space Oddity Recollection #36 -","robots":{"index":"index","follow":"follow","max-snippet":"max-snippet:-1","max-image-preview":"max-image-preview:large","max-video-preview":"max-video-preview:-1"},"canonical":"https:\/\/teslafm.net\/en\/space-oddity-recollection-36\/","og_locale":"en_US","og_type":"article","og_title":"Space Oddity Recollection #36 -","og_description":"Space Oddity Recollection #36 Septiembre 2022 Lucius Works Here Shak Benavides, el artista solista detr\u00e1s del proyecto Lucius Works Here. Es un gran conocedor de la historia de la m\u00fasica popular y de vanguardia, dj y artista electr\u00f3nico orgulloso de pertenecer a la comunidad queer y autista. Es propietario y director de TeslaFM y desde [&hellip;]","og_url":"https:\/\/teslafm.net\/en\/space-oddity-recollection-36\/","article_publisher":"https:\/\/www.facebook.com\/teslafm.net","article_modified_time":"2022-09-27T08:36:00+00:00","og_image":[{"url":"https:\/\/teslafm.net\/wp-content\/uploads\/2022\/09\/Shak-Benavides1.jpg","type":"","width":"","height":""}],"twitter_card":"summary_large_image","twitter_site":"@teslafm","twitter_misc":{"Est. reading time":"2 minutes"},"schema":{"@context":"https:\/\/schema.org","@graph":[{"@type":"WebPage","@id":"https:\/\/teslafm.net\/space-oddity-recollection-36\/","url":"https:\/\/teslafm.net\/space-oddity-recollection-36\/","name":"Space Oddity Recollection #36 -","isPartOf":{"@id":"https:\/\/teslafm.net\/#website"},"primaryImageOfPage":{"@id":"https:\/\/teslafm.net\/space-oddity-recollection-36\/#primaryimage"},"image":{"@id":"https:\/\/teslafm.net\/space-oddity-recollection-36\/#primaryimage"},"thumbnailUrl":"https:\/\/teslafm.net\/wp-content\/uploads\/2022\/09\/Shak-Benavides1.jpg","datePublished":"2022-09-27T08:23:34+00:00","dateModified":"2022-09-27T08:36:00+00:00","breadcrumb":{"@id":"https:\/\/teslafm.net\/space-oddity-recollection-36\/#breadcrumb"},"inLanguage":"en-US","potentialAction":[{"@type":"ReadAction","target":["https:\/\/teslafm.net\/space-oddity-recollection-36\/"]}]},{"@type":"ImageObject","inLanguage":"en-US","@id":"https:\/\/teslafm.net\/space-oddity-recollection-36\/#primaryimage","url":"https:\/\/teslafm.net\/wp-content\/uploads\/2022\/09\/Shak-Benavides1.jpg","contentUrl":"https:\/\/teslafm.net\/wp-content\/uploads\/2022\/09\/Shak-Benavides1.jpg"},{"@type":"BreadcrumbList","@id":"https:\/\/teslafm.net\/space-oddity-recollection-36\/#breadcrumb","itemListElement":[{"@type":"ListItem","position":1,"name":"Portada","item":"https:\/\/teslafm.net\/"},{"@type":"ListItem","position":2,"name":"Space Oddity Recollection #36"}]},{"@type":"WebSite","@id":"https:\/\/teslafm.net\/#website","url":"https:\/\/teslafm.net\/","name":"TeslaFM","description":"An experimental and creative radio","publisher":{"@id":"https:\/\/teslafm.net\/#organization"},"potentialAction":[{"@type":"SearchAction","target":{"@type":"EntryPoint","urlTemplate":"https:\/\/teslafm.net\/?s={search_term_string}"},"query-input":{"@type":"PropertyValueSpecification","valueRequired":true,"valueName":"search_term_string"}}],"inLanguage":"en-US"},{"@type":"Organization","@id":"https:\/\/teslafm.net\/#organization","name":"TeslaFM","url":"https:\/\/teslafm.net\/","logo":{"@type":"ImageObject","inLanguage":"en-US","@id":"https:\/\/teslafm.net\/#\/schema\/logo\/image\/","url":"https:\/\/teslafm.net\/wp-content\/uploads\/2020\/06\/logo-tesla.png","contentUrl":"https:\/\/teslafm.net\/wp-content\/uploads\/2020\/06\/logo-tesla.png","width":512,"height":512,"caption":"TeslaFM"},"image":{"@id":"https:\/\/teslafm.net\/#\/schema\/logo\/image\/"},"sameAs":["https:\/\/www.facebook.com\/teslafm.net","https:\/\/x.com\/teslafm"]}]}},"rttpg_featured_image_url":null,"rttpg_author":{"display_name":"Ishak","author_link":"https:\/\/teslafm.net\/en\/author\/cravan\/"},"rttpg_comment":0,"rttpg_category":null,"rttpg_excerpt":"Space Oddity Recollection #36 Septiembre 2022 Lucius Works Here Shak Benavides, el artista solista detr\u00e1s del proyecto Lucius Works Here. Es un gran conocedor de la historia de la m\u00fasica popular y de vanguardia, dj y artista electr\u00f3nico orgulloso de pertenecer a la comunidad queer y autista. Es propietario y director de TeslaFM y desde&hellip;","_links":{"self":[{"href":"https:\/\/teslafm.net\/en\/wp-json\/wp\/v2\/pages\/60398","targetHints":{"allow":["GET"]}}],"collection":[{"href":"https:\/\/teslafm.net\/en\/wp-json\/wp\/v2\/pages"}],"about":[{"href":"https:\/\/teslafm.net\/en\/wp-json\/wp\/v2\/types\/page"}],"author":[{"embeddable":true,"href":"https:\/\/teslafm.net\/en\/wp-json\/wp\/v2\/users\/19"}],"replies":[{"embeddable":true,"href":"https:\/\/teslafm.net\/en\/wp-json\/wp\/v2\/comments?post=60398"}],"version-history":[{"count":13,"href":"https:\/\/teslafm.net\/en\/wp-json\/wp\/v2\/pages\/60398\/revisions"}],"predecessor-version":[{"id":60414,"href":"https:\/\/teslafm.net\/en\/wp-json\/wp\/v2\/pages\/60398\/revisions\/60414"}],"wp:attachment":[{"href":"https:\/\/teslafm.net\/en\/wp-json\/wp\/v2\/media?parent=60398"}],"curies":[{"name":"wp","href":"https:\/\/api.w.org\/{rel}","templated":true}]}}