

{"id":60421,"date":"2022-09-28T18:29:02","date_gmt":"2022-09-28T16:29:02","guid":{"rendered":"https:\/\/teslafm.net\/?page_id=60421"},"modified":"2022-09-28T18:29:02","modified_gmt":"2022-09-28T16:29:02","slug":"radio-raheem-revisited-12","status":"publish","type":"page","link":"https:\/\/teslafm.net\/en\/radio-raheem-revisited-12\/","title":{"rendered":"Radio Raheem Revisited #12"},"content":{"rendered":"<h2><span style=\"color: #ffffff;\"><strong>Radio Raheem Revisited #12<\/strong><\/span><\/h2>\n<p><span style=\"color: #808080;\"><em>September 2022<\/em><\/span><\/p>\n<p><iframe src=\"https:\/\/www.mixcloud.com\/widget\/iframe\/?hide_cover=1&amp;feed=%2FTeslafm_net%2Fradio-raheem-revisited-12-drmilton%2F\" width=\"100%\" height=\"120\" frameborder=\"0\"><\/iframe><\/p>\n<p><span style=\"color: #808080;\">\"Edition of sound environments generated entirely from the live manipulation of an analog radio receiver. Specifically, <strong>Tecsun-S2000<\/strong>.<\/span><\/p>\n<div>\n<p><span style=\"color: #808080;\">The sound source is always the signal from this radio, with the exception of <em>\"The upholsterer\"<\/em> and <em>\"Scorched Salamander\".<\/em>, field recordings made in La Pobla Llarga, Valencia\".<\/span><\/p>\n<\/div>","protected":false},"excerpt":{"rendered":"<p>Radio Raheem Revisited #12 September 2022 \"Edition of sound environments generated entirely from the live manipulation of an analog radio receiver. Specifically, Tecsun-S2000. The sound source is always the signal of this radio, except for \"El tapicero\" and \"Salamandra chamusqu\u00edn\", field recordings made in La Pobla Llarga, Valencia.\"<\/p>","protected":false},"author":19,"featured_media":0,"parent":0,"menu_order":0,"comment_status":"closed","ping_status":"closed","template":"","meta":{"footnotes":""},"class_list":["post-60421","page","type-page","status-publish","hentry"],"yoast_head":"<!-- This site is optimized with the Yoast SEO plugin v27.2 - https:\/\/yoast.com\/product\/yoast-seo-wordpress\/ -->\n<title>Radio Raheem Revisited #12 -<\/title>\n<meta name=\"robots\" content=\"index, follow, max-snippet:-1, max-image-preview:large, max-video-preview:-1\" \/>\n<link rel=\"canonical\" href=\"https:\/\/teslafm.net\/en\/radio-raheem-revisited-12\/\" \/>\n<meta property=\"og:locale\" content=\"en_US\" \/>\n<meta property=\"og:type\" content=\"article\" \/>\n<meta property=\"og:title\" content=\"Radio Raheem Revisited #12 -\" \/>\n<meta property=\"og:description\" content=\"Radio Raheem Revisited #12 Septiembre 2022 \u00abEdici\u00f3n de ambientes sonoros generados \u00edntegramente a partir de la manipulaci\u00f3n en directo de un receptor de radio anal\u00f3gico. En concreto, Tecsun-S2000. La fuente de sonido es siempre la se\u00f1al de esta radio, exceptuando \u00abEl tapicero\u00bb y \u00abSalamandra chamusqu\u00edn\u00bb, grabaciones de campo realizadas en La Pobla Llarga, Valencia.\u00bb\" \/>\n<meta property=\"og:url\" content=\"https:\/\/teslafm.net\/en\/radio-raheem-revisited-12\/\" \/>\n<meta property=\"article:publisher\" content=\"https:\/\/www.facebook.com\/teslafm.net\" \/>\n<meta property=\"og:image\" content=\"https:\/\/teslafm.net\/wp-content\/uploads\/2022\/09\/header-image-4-temp.png\" \/>\n\t<meta property=\"og:image:width\" content=\"1274\" \/>\n\t<meta property=\"og:image:height\" content=\"818\" \/>\n\t<meta property=\"og:image:type\" content=\"image\/png\" \/>\n<meta name=\"twitter:card\" content=\"summary_large_image\" \/>\n<meta name=\"twitter:site\" content=\"@teslafm\" \/>\n<meta name=\"twitter:label1\" content=\"Est. reading time\" \/>\n\t<meta name=\"twitter:data1\" content=\"1 minute\" \/>\n<script type=\"application\/ld+json\" class=\"yoast-schema-graph\">{\"@context\":\"https:\/\/schema.org\",\"@graph\":[{\"@type\":\"WebPage\",\"@id\":\"https:\/\/teslafm.net\/radio-raheem-revisited-12\/\",\"url\":\"https:\/\/teslafm.net\/radio-raheem-revisited-12\/\",\"name\":\"Radio Raheem Revisited #12 -\",\"isPartOf\":{\"@id\":\"https:\/\/teslafm.net\/#website\"},\"datePublished\":\"2022-09-28T16:29:02+00:00\",\"breadcrumb\":{\"@id\":\"https:\/\/teslafm.net\/radio-raheem-revisited-12\/#breadcrumb\"},\"inLanguage\":\"en-US\",\"potentialAction\":[{\"@type\":\"ReadAction\",\"target\":[\"https:\/\/teslafm.net\/radio-raheem-revisited-12\/\"]}]},{\"@type\":\"BreadcrumbList\",\"@id\":\"https:\/\/teslafm.net\/radio-raheem-revisited-12\/#breadcrumb\",\"itemListElement\":[{\"@type\":\"ListItem\",\"position\":1,\"name\":\"Portada\",\"item\":\"https:\/\/teslafm.net\/\"},{\"@type\":\"ListItem\",\"position\":2,\"name\":\"Radio Raheem Revisited #12\"}]},{\"@type\":\"WebSite\",\"@id\":\"https:\/\/teslafm.net\/#website\",\"url\":\"https:\/\/teslafm.net\/\",\"name\":\"TeslaFM\",\"description\":\"An experimental and creative radio\",\"publisher\":{\"@id\":\"https:\/\/teslafm.net\/#organization\"},\"potentialAction\":[{\"@type\":\"SearchAction\",\"target\":{\"@type\":\"EntryPoint\",\"urlTemplate\":\"https:\/\/teslafm.net\/?s={search_term_string}\"},\"query-input\":{\"@type\":\"PropertyValueSpecification\",\"valueRequired\":true,\"valueName\":\"search_term_string\"}}],\"inLanguage\":\"en-US\"},{\"@type\":\"Organization\",\"@id\":\"https:\/\/teslafm.net\/#organization\",\"name\":\"TeslaFM\",\"url\":\"https:\/\/teslafm.net\/\",\"logo\":{\"@type\":\"ImageObject\",\"inLanguage\":\"en-US\",\"@id\":\"https:\/\/teslafm.net\/#\/schema\/logo\/image\/\",\"url\":\"https:\/\/teslafm.net\/wp-content\/uploads\/2020\/06\/logo-tesla.png\",\"contentUrl\":\"https:\/\/teslafm.net\/wp-content\/uploads\/2020\/06\/logo-tesla.png\",\"width\":512,\"height\":512,\"caption\":\"TeslaFM\"},\"image\":{\"@id\":\"https:\/\/teslafm.net\/#\/schema\/logo\/image\/\"},\"sameAs\":[\"https:\/\/www.facebook.com\/teslafm.net\",\"https:\/\/x.com\/teslafm\"]}]}<\/script>\n<!-- \/ Yoast SEO plugin. -->","yoast_head_json":{"title":"Radio Raheem Revisited #12 -","robots":{"index":"index","follow":"follow","max-snippet":"max-snippet:-1","max-image-preview":"max-image-preview:large","max-video-preview":"max-video-preview:-1"},"canonical":"https:\/\/teslafm.net\/en\/radio-raheem-revisited-12\/","og_locale":"en_US","og_type":"article","og_title":"Radio Raheem Revisited #12 -","og_description":"Radio Raheem Revisited #12 Septiembre 2022 \u00abEdici\u00f3n de ambientes sonoros generados \u00edntegramente a partir de la manipulaci\u00f3n en directo de un receptor de radio anal\u00f3gico. En concreto, Tecsun-S2000. La fuente de sonido es siempre la se\u00f1al de esta radio, exceptuando \u00abEl tapicero\u00bb y \u00abSalamandra chamusqu\u00edn\u00bb, grabaciones de campo realizadas en La Pobla Llarga, Valencia.\u00bb","og_url":"https:\/\/teslafm.net\/en\/radio-raheem-revisited-12\/","article_publisher":"https:\/\/www.facebook.com\/teslafm.net","og_image":[{"width":1274,"height":818,"url":"https:\/\/teslafm.net\/wp-content\/uploads\/2022\/09\/header-image-4-temp.png","type":"image\/png"}],"twitter_card":"summary_large_image","twitter_site":"@teslafm","twitter_misc":{"Est. reading time":"1 minute"},"schema":{"@context":"https:\/\/schema.org","@graph":[{"@type":"WebPage","@id":"https:\/\/teslafm.net\/radio-raheem-revisited-12\/","url":"https:\/\/teslafm.net\/radio-raheem-revisited-12\/","name":"Radio Raheem Revisited #12 -","isPartOf":{"@id":"https:\/\/teslafm.net\/#website"},"datePublished":"2022-09-28T16:29:02+00:00","breadcrumb":{"@id":"https:\/\/teslafm.net\/radio-raheem-revisited-12\/#breadcrumb"},"inLanguage":"en-US","potentialAction":[{"@type":"ReadAction","target":["https:\/\/teslafm.net\/radio-raheem-revisited-12\/"]}]},{"@type":"BreadcrumbList","@id":"https:\/\/teslafm.net\/radio-raheem-revisited-12\/#breadcrumb","itemListElement":[{"@type":"ListItem","position":1,"name":"Portada","item":"https:\/\/teslafm.net\/"},{"@type":"ListItem","position":2,"name":"Radio Raheem Revisited #12"}]},{"@type":"WebSite","@id":"https:\/\/teslafm.net\/#website","url":"https:\/\/teslafm.net\/","name":"TeslaFM","description":"An experimental and creative radio","publisher":{"@id":"https:\/\/teslafm.net\/#organization"},"potentialAction":[{"@type":"SearchAction","target":{"@type":"EntryPoint","urlTemplate":"https:\/\/teslafm.net\/?s={search_term_string}"},"query-input":{"@type":"PropertyValueSpecification","valueRequired":true,"valueName":"search_term_string"}}],"inLanguage":"en-US"},{"@type":"Organization","@id":"https:\/\/teslafm.net\/#organization","name":"TeslaFM","url":"https:\/\/teslafm.net\/","logo":{"@type":"ImageObject","inLanguage":"en-US","@id":"https:\/\/teslafm.net\/#\/schema\/logo\/image\/","url":"https:\/\/teslafm.net\/wp-content\/uploads\/2020\/06\/logo-tesla.png","contentUrl":"https:\/\/teslafm.net\/wp-content\/uploads\/2020\/06\/logo-tesla.png","width":512,"height":512,"caption":"TeslaFM"},"image":{"@id":"https:\/\/teslafm.net\/#\/schema\/logo\/image\/"},"sameAs":["https:\/\/www.facebook.com\/teslafm.net","https:\/\/x.com\/teslafm"]}]}},"rttpg_featured_image_url":null,"rttpg_author":{"display_name":"Ishak","author_link":"https:\/\/teslafm.net\/en\/author\/cravan\/"},"rttpg_comment":0,"rttpg_category":null,"rttpg_excerpt":"Radio Raheem Revisited #12 Septiembre 2022 \u00abEdici\u00f3n de ambientes sonoros generados \u00edntegramente a partir de la manipulaci\u00f3n en directo de un receptor de radio anal\u00f3gico. En concreto, Tecsun-S2000. La fuente de sonido es siempre la se\u00f1al de esta radio, exceptuando \u00abEl tapicero\u00bb y \u00abSalamandra chamusqu\u00edn\u00bb, grabaciones de campo realizadas en La Pobla Llarga, Valencia.\u00bb","_links":{"self":[{"href":"https:\/\/teslafm.net\/en\/wp-json\/wp\/v2\/pages\/60421","targetHints":{"allow":["GET"]}}],"collection":[{"href":"https:\/\/teslafm.net\/en\/wp-json\/wp\/v2\/pages"}],"about":[{"href":"https:\/\/teslafm.net\/en\/wp-json\/wp\/v2\/types\/page"}],"author":[{"embeddable":true,"href":"https:\/\/teslafm.net\/en\/wp-json\/wp\/v2\/users\/19"}],"replies":[{"embeddable":true,"href":"https:\/\/teslafm.net\/en\/wp-json\/wp\/v2\/comments?post=60421"}],"version-history":[{"count":1,"href":"https:\/\/teslafm.net\/en\/wp-json\/wp\/v2\/pages\/60421\/revisions"}],"predecessor-version":[{"id":60423,"href":"https:\/\/teslafm.net\/en\/wp-json\/wp\/v2\/pages\/60421\/revisions\/60423"}],"wp:attachment":[{"href":"https:\/\/teslafm.net\/en\/wp-json\/wp\/v2\/media?parent=60421"}],"curies":[{"name":"wp","href":"https:\/\/api.w.org\/{rel}","templated":true}]}}