

{"id":60478,"date":"2022-10-05T09:45:40","date_gmt":"2022-10-05T07:45:40","guid":{"rendered":"https:\/\/teslafm.net\/?page_id=60478"},"modified":"2022-10-05T09:47:34","modified_gmt":"2022-10-05T07:47:34","slug":"espace-plein-25","status":"publish","type":"page","link":"https:\/\/teslafm.net\/en\/espace-plein-25\/","title":{"rendered":"Espace Plein #25"},"content":{"rendered":"<div data-elementor-type=\"wp-page\" data-elementor-id=\"60478\" class=\"elementor elementor-60478\">\n\t\t\t\t\t\t<section class=\"elementor-section elementor-top-section elementor-element elementor-element-1ba9cd5a elementor-section-boxed elementor-section-height-default elementor-section-height-default\" data-id=\"1ba9cd5a\" data-element_type=\"section\" data-e-type=\"section\">\n\t\t\t\t\t\t<div class=\"elementor-container elementor-column-gap-default\">\n\t\t\t\t\t<div class=\"elementor-column elementor-col-100 elementor-top-column elementor-element elementor-element-626833be\" data-id=\"626833be\" data-element_type=\"column\" data-e-type=\"column\">\n\t\t\t<div class=\"elementor-widget-wrap elementor-element-populated\">\n\t\t\t\t\t\t<div class=\"elementor-element elementor-element-14bde4a0 elementor-widget elementor-widget-text-editor\" data-id=\"14bde4a0\" data-element_type=\"widget\" data-e-type=\"widget\" data-widget_type=\"text-editor.default\">\n\t\t\t\t<div class=\"elementor-widget-container\">\n\t\t\t\t\t\t\t\t\t<h2><span style=\"color: #ffffff;\"><strong>Espace Plein #25<\/strong><\/span><\/h2><p><span style=\"color: #808080;\"><em>October 2022<\/em><\/span><\/p><p><iframe src=\"https:\/\/www.mixcloud.com\/widget\/iframe\/?hide_cover=1&amp;feed=%2FTeslafm_net%2Fespace-plein-25-%C3%BArsula-bravo%2F\" width=\"100%\" height=\"120\" frameborder=\"0\"><\/iframe><\/p>\t\t\t\t\t\t\t\t<\/div>\n\t\t\t\t<\/div>\n\t\t\t\t\t<\/div>\n\t\t<\/div>\n\t\t\t\t\t<\/div>\n\t\t<\/section>\n\t\t\t\t<section class=\"elementor-section elementor-top-section elementor-element elementor-element-8a32908 elementor-section-boxed elementor-section-height-default elementor-section-height-default\" data-id=\"8a32908\" data-element_type=\"section\" data-e-type=\"section\">\n\t\t\t\t\t\t<div class=\"elementor-container elementor-column-gap-default\">\n\t\t\t\t\t<div class=\"elementor-column elementor-col-50 elementor-top-column elementor-element elementor-element-667a319\" data-id=\"667a319\" data-element_type=\"column\" data-e-type=\"column\">\n\t\t\t<div class=\"elementor-widget-wrap elementor-element-populated\">\n\t\t\t\t\t\t<div class=\"elementor-element elementor-element-4816fcf elementor-widget elementor-widget-image\" data-id=\"4816fcf\" data-element_type=\"widget\" data-e-type=\"widget\" data-widget_type=\"image.default\">\n\t\t\t\t<div class=\"elementor-widget-container\">\n\t\t\t\t\t\t\t\t\t\t\t\t\t\t\t<img fetchpriority=\"high\" decoding=\"async\" width=\"1000\" height=\"1000\" src=\"https:\/\/teslafm.net\/wp-content\/uploads\/2022\/10\/ep-25.png\" class=\"attachment-large size-large wp-image-60479\" alt=\"\" srcset=\"https:\/\/teslafm.net\/wp-content\/uploads\/2022\/10\/ep-25.png 1000w, https:\/\/teslafm.net\/wp-content\/uploads\/2022\/10\/ep-25-300x300.png 300w, https:\/\/teslafm.net\/wp-content\/uploads\/2022\/10\/ep-25-150x150.png 150w, https:\/\/teslafm.net\/wp-content\/uploads\/2022\/10\/ep-25-768x768.png 768w\" sizes=\"(max-width: 1000px) 100vw, 1000px\" \/>\t\t\t\t\t\t\t\t\t\t\t\t\t\t\t<\/div>\n\t\t\t\t<\/div>\n\t\t\t\t\t<\/div>\n\t\t<\/div>\n\t\t\t\t<div class=\"elementor-column elementor-col-50 elementor-top-column elementor-element elementor-element-30da49b\" data-id=\"30da49b\" data-element_type=\"column\" data-e-type=\"column\">\n\t\t\t<div class=\"elementor-widget-wrap elementor-element-populated\">\n\t\t\t\t\t\t<div class=\"elementor-element elementor-element-43f5f45 elementor-widget elementor-widget-text-editor\" data-id=\"43f5f45\" data-element_type=\"widget\" data-e-type=\"widget\" data-widget_type=\"text-editor.default\">\n\t\t\t\t<div class=\"elementor-widget-container\">\n\t\t\t\t\t\t\t\t\t<p><span style=\"color: #808080;\">Welcome to the 5th season of Espace Plein, a program of experimental sound documentaries.<\/span><br \/><span style=\"color: #808080;\">Espace Plein number 395, is composed of soundscapes from the Ariege region. Accompanied by <strong>Benn<\/strong>,<strong> Sarah<\/strong>,<strong> James<\/strong> and <strong>Marisa<\/strong>. In this program we will be able to listen to experimentalist music from the hand of the writer of this text, as well as to the album <strong>Climate Refugees<\/strong> which is about to be released by the Murcia-based label <strong>Vulture Culture Label<\/strong>.<\/span><br \/><span style=\"color: #808080;\">The text of the article <em>\"Auralizing in the Sonosphere: A Vocabulary for Inner Sound and Sounding.\"<\/em> we listened to can be found in this<\/span><a href=\"https:\/\/es.scribd.com\/document\/352336583\/1470412911402881-copy\" target=\"_blank\" rel=\"noopener\"> link<\/a><\/p><p><span style=\"color: #808080;\">Thank you very much for your ears and thanks to <strong>TeslaFM<\/strong> for its shelter and eternal welcome.<\/span><\/p>\t\t\t\t\t\t\t\t<\/div>\n\t\t\t\t<\/div>\n\t\t\t\t\t<\/div>\n\t\t<\/div>\n\t\t\t\t\t<\/div>\n\t\t<\/section>\n\t\t\t\t<\/div>","protected":false},"excerpt":{"rendered":"<p>Espace Plein #25 Octubre 2022 Bienvenides a la 5 temporada de Espace Plein, un programa de documentales sonoros experimentales.Espace Plein n\u00famero 395, est\u00e1 compuesto por paisajes sonoros de la Regi\u00f3n de la Ariege. Acompa\u00f1ada por Benn, Sarah, James y Marisa. En este programa podremos escuchar m\u00fasica experimentalista de la mano de la que escribe este [&hellip;]<\/p>\n","protected":false},"author":19,"featured_media":0,"parent":0,"menu_order":0,"comment_status":"closed","ping_status":"closed","template":"","meta":{"footnotes":""},"class_list":["post-60478","page","type-page","status-publish","hentry"],"yoast_head":"<!-- This site is optimized with the Yoast SEO plugin v27.2 - https:\/\/yoast.com\/product\/yoast-seo-wordpress\/ -->\n<title>Espace Plein #25 -<\/title>\n<meta name=\"robots\" content=\"index, follow, max-snippet:-1, max-image-preview:large, max-video-preview:-1\" \/>\n<link rel=\"canonical\" href=\"https:\/\/teslafm.net\/en\/espace-plein-25\/\" \/>\n<meta property=\"og:locale\" content=\"en_US\" \/>\n<meta property=\"og:type\" content=\"article\" \/>\n<meta property=\"og:title\" content=\"Espace Plein #25 -\" \/>\n<meta property=\"og:description\" content=\"Espace Plein #25 Octubre 2022 Bienvenides a la 5 temporada de Espace Plein, un programa de documentales sonoros experimentales.Espace Plein n\u00famero 395, est\u00e1 compuesto por paisajes sonoros de la Regi\u00f3n de la Ariege. Acompa\u00f1ada por Benn, Sarah, James y Marisa. En este programa podremos escuchar m\u00fasica experimentalista de la mano de la que escribe este [&hellip;]\" \/>\n<meta property=\"og:url\" content=\"https:\/\/teslafm.net\/en\/espace-plein-25\/\" \/>\n<meta property=\"article:publisher\" content=\"https:\/\/www.facebook.com\/teslafm.net\" \/>\n<meta property=\"article:modified_time\" content=\"2022-10-05T07:47:34+00:00\" \/>\n<meta property=\"og:image\" content=\"https:\/\/teslafm.net\/wp-content\/uploads\/2022\/10\/ep-25.png\" \/>\n<meta name=\"twitter:card\" content=\"summary_large_image\" \/>\n<meta name=\"twitter:site\" content=\"@teslafm\" \/>\n<meta name=\"twitter:label1\" content=\"Est. reading time\" \/>\n\t<meta name=\"twitter:data1\" content=\"1 minute\" \/>\n<script type=\"application\/ld+json\" class=\"yoast-schema-graph\">{\"@context\":\"https:\/\/schema.org\",\"@graph\":[{\"@type\":\"WebPage\",\"@id\":\"https:\/\/teslafm.net\/espace-plein-25\/\",\"url\":\"https:\/\/teslafm.net\/espace-plein-25\/\",\"name\":\"Espace Plein #25 -\",\"isPartOf\":{\"@id\":\"https:\/\/teslafm.net\/#website\"},\"primaryImageOfPage\":{\"@id\":\"https:\/\/teslafm.net\/espace-plein-25\/#primaryimage\"},\"image\":{\"@id\":\"https:\/\/teslafm.net\/espace-plein-25\/#primaryimage\"},\"thumbnailUrl\":\"https:\/\/teslafm.net\/wp-content\/uploads\/2022\/10\/ep-25.png\",\"datePublished\":\"2022-10-05T07:45:40+00:00\",\"dateModified\":\"2022-10-05T07:47:34+00:00\",\"breadcrumb\":{\"@id\":\"https:\/\/teslafm.net\/espace-plein-25\/#breadcrumb\"},\"inLanguage\":\"en-US\",\"potentialAction\":[{\"@type\":\"ReadAction\",\"target\":[\"https:\/\/teslafm.net\/espace-plein-25\/\"]}]},{\"@type\":\"ImageObject\",\"inLanguage\":\"en-US\",\"@id\":\"https:\/\/teslafm.net\/espace-plein-25\/#primaryimage\",\"url\":\"https:\/\/teslafm.net\/wp-content\/uploads\/2022\/10\/ep-25.png\",\"contentUrl\":\"https:\/\/teslafm.net\/wp-content\/uploads\/2022\/10\/ep-25.png\"},{\"@type\":\"BreadcrumbList\",\"@id\":\"https:\/\/teslafm.net\/espace-plein-25\/#breadcrumb\",\"itemListElement\":[{\"@type\":\"ListItem\",\"position\":1,\"name\":\"Portada\",\"item\":\"https:\/\/teslafm.net\/\"},{\"@type\":\"ListItem\",\"position\":2,\"name\":\"Espace Plein #25\"}]},{\"@type\":\"WebSite\",\"@id\":\"https:\/\/teslafm.net\/#website\",\"url\":\"https:\/\/teslafm.net\/\",\"name\":\"TeslaFM\",\"description\":\"An experimental and creative radio\",\"publisher\":{\"@id\":\"https:\/\/teslafm.net\/#organization\"},\"potentialAction\":[{\"@type\":\"SearchAction\",\"target\":{\"@type\":\"EntryPoint\",\"urlTemplate\":\"https:\/\/teslafm.net\/?s={search_term_string}\"},\"query-input\":{\"@type\":\"PropertyValueSpecification\",\"valueRequired\":true,\"valueName\":\"search_term_string\"}}],\"inLanguage\":\"en-US\"},{\"@type\":\"Organization\",\"@id\":\"https:\/\/teslafm.net\/#organization\",\"name\":\"TeslaFM\",\"url\":\"https:\/\/teslafm.net\/\",\"logo\":{\"@type\":\"ImageObject\",\"inLanguage\":\"en-US\",\"@id\":\"https:\/\/teslafm.net\/#\/schema\/logo\/image\/\",\"url\":\"https:\/\/teslafm.net\/wp-content\/uploads\/2020\/06\/logo-tesla.png\",\"contentUrl\":\"https:\/\/teslafm.net\/wp-content\/uploads\/2020\/06\/logo-tesla.png\",\"width\":512,\"height\":512,\"caption\":\"TeslaFM\"},\"image\":{\"@id\":\"https:\/\/teslafm.net\/#\/schema\/logo\/image\/\"},\"sameAs\":[\"https:\/\/www.facebook.com\/teslafm.net\",\"https:\/\/x.com\/teslafm\"]}]}<\/script>\n<!-- \/ Yoast SEO plugin. -->","yoast_head_json":{"title":"Espace Plein #25 -","robots":{"index":"index","follow":"follow","max-snippet":"max-snippet:-1","max-image-preview":"max-image-preview:large","max-video-preview":"max-video-preview:-1"},"canonical":"https:\/\/teslafm.net\/en\/espace-plein-25\/","og_locale":"en_US","og_type":"article","og_title":"Espace Plein #25 -","og_description":"Espace Plein #25 Octubre 2022 Bienvenides a la 5 temporada de Espace Plein, un programa de documentales sonoros experimentales.Espace Plein n\u00famero 395, est\u00e1 compuesto por paisajes sonoros de la Regi\u00f3n de la Ariege. Acompa\u00f1ada por Benn, Sarah, James y Marisa. En este programa podremos escuchar m\u00fasica experimentalista de la mano de la que escribe este [&hellip;]","og_url":"https:\/\/teslafm.net\/en\/espace-plein-25\/","article_publisher":"https:\/\/www.facebook.com\/teslafm.net","article_modified_time":"2022-10-05T07:47:34+00:00","og_image":[{"url":"https:\/\/teslafm.net\/wp-content\/uploads\/2022\/10\/ep-25.png","type":"","width":"","height":""}],"twitter_card":"summary_large_image","twitter_site":"@teslafm","twitter_misc":{"Est. reading time":"1 minute"},"schema":{"@context":"https:\/\/schema.org","@graph":[{"@type":"WebPage","@id":"https:\/\/teslafm.net\/espace-plein-25\/","url":"https:\/\/teslafm.net\/espace-plein-25\/","name":"Espace Plein #25 -","isPartOf":{"@id":"https:\/\/teslafm.net\/#website"},"primaryImageOfPage":{"@id":"https:\/\/teslafm.net\/espace-plein-25\/#primaryimage"},"image":{"@id":"https:\/\/teslafm.net\/espace-plein-25\/#primaryimage"},"thumbnailUrl":"https:\/\/teslafm.net\/wp-content\/uploads\/2022\/10\/ep-25.png","datePublished":"2022-10-05T07:45:40+00:00","dateModified":"2022-10-05T07:47:34+00:00","breadcrumb":{"@id":"https:\/\/teslafm.net\/espace-plein-25\/#breadcrumb"},"inLanguage":"en-US","potentialAction":[{"@type":"ReadAction","target":["https:\/\/teslafm.net\/espace-plein-25\/"]}]},{"@type":"ImageObject","inLanguage":"en-US","@id":"https:\/\/teslafm.net\/espace-plein-25\/#primaryimage","url":"https:\/\/teslafm.net\/wp-content\/uploads\/2022\/10\/ep-25.png","contentUrl":"https:\/\/teslafm.net\/wp-content\/uploads\/2022\/10\/ep-25.png"},{"@type":"BreadcrumbList","@id":"https:\/\/teslafm.net\/espace-plein-25\/#breadcrumb","itemListElement":[{"@type":"ListItem","position":1,"name":"Portada","item":"https:\/\/teslafm.net\/"},{"@type":"ListItem","position":2,"name":"Espace Plein #25"}]},{"@type":"WebSite","@id":"https:\/\/teslafm.net\/#website","url":"https:\/\/teslafm.net\/","name":"TeslaFM","description":"An experimental and creative radio","publisher":{"@id":"https:\/\/teslafm.net\/#organization"},"potentialAction":[{"@type":"SearchAction","target":{"@type":"EntryPoint","urlTemplate":"https:\/\/teslafm.net\/?s={search_term_string}"},"query-input":{"@type":"PropertyValueSpecification","valueRequired":true,"valueName":"search_term_string"}}],"inLanguage":"en-US"},{"@type":"Organization","@id":"https:\/\/teslafm.net\/#organization","name":"TeslaFM","url":"https:\/\/teslafm.net\/","logo":{"@type":"ImageObject","inLanguage":"en-US","@id":"https:\/\/teslafm.net\/#\/schema\/logo\/image\/","url":"https:\/\/teslafm.net\/wp-content\/uploads\/2020\/06\/logo-tesla.png","contentUrl":"https:\/\/teslafm.net\/wp-content\/uploads\/2020\/06\/logo-tesla.png","width":512,"height":512,"caption":"TeslaFM"},"image":{"@id":"https:\/\/teslafm.net\/#\/schema\/logo\/image\/"},"sameAs":["https:\/\/www.facebook.com\/teslafm.net","https:\/\/x.com\/teslafm"]}]}},"rttpg_featured_image_url":null,"rttpg_author":{"display_name":"Ishak","author_link":"https:\/\/teslafm.net\/en\/author\/cravan\/"},"rttpg_comment":0,"rttpg_category":null,"rttpg_excerpt":"Espace Plein #25 Octubre 2022 Bienvenides a la 5 temporada de Espace Plein, un programa de documentales sonoros experimentales.Espace Plein n\u00famero 395, est\u00e1 compuesto por paisajes sonoros de la Regi\u00f3n de la Ariege. Acompa\u00f1ada por Benn, Sarah, James y Marisa. En este programa podremos escuchar m\u00fasica experimentalista de la mano de la que escribe este&hellip;","_links":{"self":[{"href":"https:\/\/teslafm.net\/en\/wp-json\/wp\/v2\/pages\/60478","targetHints":{"allow":["GET"]}}],"collection":[{"href":"https:\/\/teslafm.net\/en\/wp-json\/wp\/v2\/pages"}],"about":[{"href":"https:\/\/teslafm.net\/en\/wp-json\/wp\/v2\/types\/page"}],"author":[{"embeddable":true,"href":"https:\/\/teslafm.net\/en\/wp-json\/wp\/v2\/users\/19"}],"replies":[{"embeddable":true,"href":"https:\/\/teslafm.net\/en\/wp-json\/wp\/v2\/comments?post=60478"}],"version-history":[{"count":4,"href":"https:\/\/teslafm.net\/en\/wp-json\/wp\/v2\/pages\/60478\/revisions"}],"predecessor-version":[{"id":60483,"href":"https:\/\/teslafm.net\/en\/wp-json\/wp\/v2\/pages\/60478\/revisions\/60483"}],"wp:attachment":[{"href":"https:\/\/teslafm.net\/en\/wp-json\/wp\/v2\/media?parent=60478"}],"curies":[{"name":"wp","href":"https:\/\/api.w.org\/{rel}","templated":true}]}}