

{"id":60493,"date":"2022-10-07T13:12:33","date_gmt":"2022-10-07T11:12:33","guid":{"rendered":"https:\/\/teslafm.net\/?page_id=60493"},"modified":"2023-11-03T10:56:28","modified_gmt":"2023-11-03T09:56:28","slug":"esquizofonias-o-la-palpitacion-del-siglo-1","status":"publish","type":"page","link":"https:\/\/teslafm.net\/en\/esquizofonias-o-la-palpitacion-del-siglo-1\/","title":{"rendered":"Schizophonias or the palpitation of the century #1"},"content":{"rendered":"<h2><span style=\"color: #ffffff;\"><strong>Esquizofon\u00edas o la palpitaci\u00f3n del siglo #1<\/strong><\/span><\/h2>\n<p><span style=\"color: #808080;\"><em>Passage 1<\/em><\/span><\/p>\n<p><iframe src=\"https:\/\/www.mixcloud.com\/widget\/iframe\/?hide_cover=1&amp;feed=%2FTeslafm_net%2Fesquizofonias-o-la-palpitaci%C3%B3n-del-siglo-1-laura-romero-zozobra%2F\" width=\"100%\" height=\"120\" frameborder=\"0\"><\/iframe><\/p>\n<p><span style=\"color: #808080;\">Credits<\/span><br \/>\n<span style=\"color: #808080;\">01. Voices of <strong>Maruja Mallo<\/strong>, <strong>Maria Casares<\/strong>, <strong>Frederic Mar\u00e9s<\/strong> and\u00a0 <strong>Torrente Ballester<\/strong> extracted from the program<\/span><a href=\"https:\/\/www.youtube.com\/c\/EDITRAMA\" target=\"_blank\" rel=\"noopener\"> In Depth<\/a> <span style=\"color: #808080;\">from <em>RTVE<\/em><\/span><br \/>\n<span style=\"color: #808080;\">02. Extracts from<\/span> <a href=\"https:\/\/www.youtube.com\/watch?v=yDzC6aj71hc&amp;ab_channel=FUNDACI%C3%93NJUANMARCH\" target=\"_blank\" rel=\"noopener\">Victoria Cirlot<\/a><span style=\"color: #808080;\">Conference \"Fairies: the marvelous feminine\", Fundaci\u00f3n Juan March, Buenos Aires.<\/span><br \/>\n<span style=\"color: #808080;\">03. <strong>Hildegard Von Bingen<\/strong> - \"Voice of the Blood\"<\/span><br \/>\n<span style=\"color: #808080;\">04. <strong>Chimera Boiler<\/strong> (Gabriel Prokofiev Remix) and Fat Stream (Nico Muhly's Piano Homage) from the album<\/span> <a href=\"https:\/\/thehousefoundation.bandcamp.com\/album\/monk-mix-cd1-remixes-and-interpretations-of-music-by-meredith-monk\" target=\"_blank\" rel=\"noopener\">\"Remixes and Interpretations of Music\" by Meredith Monk<\/a><br \/>\n<span style=\"color: #808080;\">05. <strong>Ssiesge<\/strong> - \"Remix bus 043 - dreamy pads of insecurity\".<\/span><br \/>\n<span style=\"color: #808080;\">06. Excerpts from the film <em>Pretty Woman<\/em><\/span><br \/>\n<span style=\"color: #808080;\">07. <strong>Hikaru Hayashi<\/strong> - Theme de l'eau (Soundtrack for <em>The island<\/em>)<\/span><br \/>\n<span style=\"color: #808080;\">08. Text by <strong>Angelica Liddel<\/strong> - Rameau's Nephew visits the cave paintings - Sacrifice as a poetic act. Editorial La U\u00f1a Rota.<\/span><br \/>\n<span style=\"color: #808080;\">09. Text by <strong>Frederic Mar\u00e9s<\/strong> - The fascinating world of collecting and antiques.<\/span><br \/>\n<span style=\"color: #808080;\">\u00a0<\/span><br \/>\n<span style=\"color: #808080;\">The rest of the tracks recorded and produced by <strong>Laura Romero<\/strong> and <strong>Zozobra<\/strong>.<\/span><\/p>","protected":false},"excerpt":{"rendered":"<p>Esquizofon\u00edas o la palpitaci\u00f3n del siglo #1 Pasaje 1 Cr\u00e9ditos 01. Voces de Maruja Mallo, Mar\u00eda Casares, Frederic Mar\u00e9s y\u00a0 Torrente Ballester extra\u00eddas del programa A Fondo de RTVE 02. Extractos de Victoria Cirlot, conferencia \u201cHadas:lo maravilloso femenino\u201d, Fundaci\u00f3n Juan March 03. Hildegard Von Bingen &#8211; \u00abVoice of the Blood\u00bb 04. Caldera Chimera (Gabriel Prokofiev [&hellip;]<\/p>\n","protected":false},"author":19,"featured_media":0,"parent":0,"menu_order":0,"comment_status":"closed","ping_status":"closed","template":"","meta":{"footnotes":""},"class_list":["post-60493","page","type-page","status-publish","hentry"],"yoast_head":"<!-- This site is optimized with the Yoast SEO plugin v27.2 - https:\/\/yoast.com\/product\/yoast-seo-wordpress\/ -->\n<title>Esquizofonias o la palpitaci\u00f3n del siglo #1 -<\/title>\n<meta name=\"robots\" content=\"index, follow, max-snippet:-1, max-image-preview:large, max-video-preview:-1\" \/>\n<link rel=\"canonical\" href=\"https:\/\/teslafm.net\/en\/esquizofonias-o-la-palpitacion-del-siglo-1\/\" \/>\n<meta property=\"og:locale\" content=\"en_US\" \/>\n<meta property=\"og:type\" content=\"article\" \/>\n<meta property=\"og:title\" content=\"Esquizofonias o la palpitaci\u00f3n del siglo #1 -\" \/>\n<meta property=\"og:description\" content=\"Esquizofon\u00edas o la palpitaci\u00f3n del siglo #1 Pasaje 1 Cr\u00e9ditos 01. Voces de Maruja Mallo, Mar\u00eda Casares, Frederic Mar\u00e9s y\u00a0 Torrente Ballester extra\u00eddas del programa A Fondo de RTVE 02. Extractos de Victoria Cirlot, conferencia \u201cHadas:lo maravilloso femenino\u201d, Fundaci\u00f3n Juan March 03. Hildegard Von Bingen &#8211; \u00abVoice of the Blood\u00bb 04. Caldera Chimera (Gabriel Prokofiev [&hellip;]\" \/>\n<meta property=\"og:url\" content=\"https:\/\/teslafm.net\/en\/esquizofonias-o-la-palpitacion-del-siglo-1\/\" \/>\n<meta property=\"article:publisher\" content=\"https:\/\/www.facebook.com\/teslafm.net\" \/>\n<meta property=\"article:modified_time\" content=\"2023-11-03T09:56:28+00:00\" \/>\n<meta property=\"og:image\" content=\"https:\/\/teslafm.net\/wp-content\/uploads\/2022\/09\/header-image-4-temp.png\" \/>\n\t<meta property=\"og:image:width\" content=\"1274\" \/>\n\t<meta property=\"og:image:height\" content=\"818\" \/>\n\t<meta property=\"og:image:type\" content=\"image\/png\" \/>\n<meta name=\"twitter:card\" content=\"summary_large_image\" \/>\n<meta name=\"twitter:site\" content=\"@teslafm\" \/>\n<meta name=\"twitter:label1\" content=\"Est. reading time\" \/>\n\t<meta name=\"twitter:data1\" content=\"1 minute\" \/>\n<script type=\"application\/ld+json\" class=\"yoast-schema-graph\">{\"@context\":\"https:\/\/schema.org\",\"@graph\":[{\"@type\":\"WebPage\",\"@id\":\"https:\/\/teslafm.net\/esquizofonias-o-la-palpitacion-del-siglo-1\/\",\"url\":\"https:\/\/teslafm.net\/esquizofonias-o-la-palpitacion-del-siglo-1\/\",\"name\":\"Esquizofonias o la palpitaci\u00f3n del siglo #1 -\",\"isPartOf\":{\"@id\":\"https:\/\/teslafm.net\/#website\"},\"datePublished\":\"2022-10-07T11:12:33+00:00\",\"dateModified\":\"2023-11-03T09:56:28+00:00\",\"breadcrumb\":{\"@id\":\"https:\/\/teslafm.net\/esquizofonias-o-la-palpitacion-del-siglo-1\/#breadcrumb\"},\"inLanguage\":\"en-US\",\"potentialAction\":[{\"@type\":\"ReadAction\",\"target\":[\"https:\/\/teslafm.net\/esquizofonias-o-la-palpitacion-del-siglo-1\/\"]}]},{\"@type\":\"BreadcrumbList\",\"@id\":\"https:\/\/teslafm.net\/esquizofonias-o-la-palpitacion-del-siglo-1\/#breadcrumb\",\"itemListElement\":[{\"@type\":\"ListItem\",\"position\":1,\"name\":\"Portada\",\"item\":\"https:\/\/teslafm.net\/\"},{\"@type\":\"ListItem\",\"position\":2,\"name\":\"Esquizofonias o la palpitaci\u00f3n del siglo #1\"}]},{\"@type\":\"WebSite\",\"@id\":\"https:\/\/teslafm.net\/#website\",\"url\":\"https:\/\/teslafm.net\/\",\"name\":\"TeslaFM\",\"description\":\"An experimental and creative radio\",\"publisher\":{\"@id\":\"https:\/\/teslafm.net\/#organization\"},\"potentialAction\":[{\"@type\":\"SearchAction\",\"target\":{\"@type\":\"EntryPoint\",\"urlTemplate\":\"https:\/\/teslafm.net\/?s={search_term_string}\"},\"query-input\":{\"@type\":\"PropertyValueSpecification\",\"valueRequired\":true,\"valueName\":\"search_term_string\"}}],\"inLanguage\":\"en-US\"},{\"@type\":\"Organization\",\"@id\":\"https:\/\/teslafm.net\/#organization\",\"name\":\"TeslaFM\",\"url\":\"https:\/\/teslafm.net\/\",\"logo\":{\"@type\":\"ImageObject\",\"inLanguage\":\"en-US\",\"@id\":\"https:\/\/teslafm.net\/#\/schema\/logo\/image\/\",\"url\":\"https:\/\/teslafm.net\/wp-content\/uploads\/2020\/06\/logo-tesla.png\",\"contentUrl\":\"https:\/\/teslafm.net\/wp-content\/uploads\/2020\/06\/logo-tesla.png\",\"width\":512,\"height\":512,\"caption\":\"TeslaFM\"},\"image\":{\"@id\":\"https:\/\/teslafm.net\/#\/schema\/logo\/image\/\"},\"sameAs\":[\"https:\/\/www.facebook.com\/teslafm.net\",\"https:\/\/x.com\/teslafm\"]}]}<\/script>\n<!-- \/ Yoast SEO plugin. -->","yoast_head_json":{"title":"Schizophonies or the palpitation of the century #1 -","robots":{"index":"index","follow":"follow","max-snippet":"max-snippet:-1","max-image-preview":"max-image-preview:large","max-video-preview":"max-video-preview:-1"},"canonical":"https:\/\/teslafm.net\/en\/esquizofonias-o-la-palpitacion-del-siglo-1\/","og_locale":"en_US","og_type":"article","og_title":"Esquizofonias o la palpitaci\u00f3n del siglo #1 -","og_description":"Esquizofon\u00edas o la palpitaci\u00f3n del siglo #1 Pasaje 1 Cr\u00e9ditos 01. Voces de Maruja Mallo, Mar\u00eda Casares, Frederic Mar\u00e9s y\u00a0 Torrente Ballester extra\u00eddas del programa A Fondo de RTVE 02. Extractos de Victoria Cirlot, conferencia \u201cHadas:lo maravilloso femenino\u201d, Fundaci\u00f3n Juan March 03. Hildegard Von Bingen &#8211; \u00abVoice of the Blood\u00bb 04. Caldera Chimera (Gabriel Prokofiev [&hellip;]","og_url":"https:\/\/teslafm.net\/en\/esquizofonias-o-la-palpitacion-del-siglo-1\/","article_publisher":"https:\/\/www.facebook.com\/teslafm.net","article_modified_time":"2023-11-03T09:56:28+00:00","og_image":[{"width":1274,"height":818,"url":"https:\/\/teslafm.net\/wp-content\/uploads\/2022\/09\/header-image-4-temp.png","type":"image\/png"}],"twitter_card":"summary_large_image","twitter_site":"@teslafm","twitter_misc":{"Est. reading time":"1 minute"},"schema":{"@context":"https:\/\/schema.org","@graph":[{"@type":"WebPage","@id":"https:\/\/teslafm.net\/esquizofonias-o-la-palpitacion-del-siglo-1\/","url":"https:\/\/teslafm.net\/esquizofonias-o-la-palpitacion-del-siglo-1\/","name":"Schizophonies or the palpitation of the century #1 -","isPartOf":{"@id":"https:\/\/teslafm.net\/#website"},"datePublished":"2022-10-07T11:12:33+00:00","dateModified":"2023-11-03T09:56:28+00:00","breadcrumb":{"@id":"https:\/\/teslafm.net\/esquizofonias-o-la-palpitacion-del-siglo-1\/#breadcrumb"},"inLanguage":"en-US","potentialAction":[{"@type":"ReadAction","target":["https:\/\/teslafm.net\/esquizofonias-o-la-palpitacion-del-siglo-1\/"]}]},{"@type":"BreadcrumbList","@id":"https:\/\/teslafm.net\/esquizofonias-o-la-palpitacion-del-siglo-1\/#breadcrumb","itemListElement":[{"@type":"ListItem","position":1,"name":"Portada","item":"https:\/\/teslafm.net\/"},{"@type":"ListItem","position":2,"name":"Esquizofonias o la palpitaci\u00f3n del siglo #1"}]},{"@type":"WebSite","@id":"https:\/\/teslafm.net\/#website","url":"https:\/\/teslafm.net\/","name":"TeslaFM","description":"An experimental and creative radio","publisher":{"@id":"https:\/\/teslafm.net\/#organization"},"potentialAction":[{"@type":"SearchAction","target":{"@type":"EntryPoint","urlTemplate":"https:\/\/teslafm.net\/?s={search_term_string}"},"query-input":{"@type":"PropertyValueSpecification","valueRequired":true,"valueName":"search_term_string"}}],"inLanguage":"en-US"},{"@type":"Organization","@id":"https:\/\/teslafm.net\/#organization","name":"TeslaFM","url":"https:\/\/teslafm.net\/","logo":{"@type":"ImageObject","inLanguage":"en-US","@id":"https:\/\/teslafm.net\/#\/schema\/logo\/image\/","url":"https:\/\/teslafm.net\/wp-content\/uploads\/2020\/06\/logo-tesla.png","contentUrl":"https:\/\/teslafm.net\/wp-content\/uploads\/2020\/06\/logo-tesla.png","width":512,"height":512,"caption":"TeslaFM"},"image":{"@id":"https:\/\/teslafm.net\/#\/schema\/logo\/image\/"},"sameAs":["https:\/\/www.facebook.com\/teslafm.net","https:\/\/x.com\/teslafm"]}]}},"rttpg_featured_image_url":null,"rttpg_author":{"display_name":"Ishak","author_link":"https:\/\/teslafm.net\/en\/author\/cravan\/"},"rttpg_comment":0,"rttpg_category":null,"rttpg_excerpt":"Esquizofon\u00edas o la palpitaci\u00f3n del siglo #1 Pasaje 1 Cr\u00e9ditos 01. Voces de Maruja Mallo, Mar\u00eda Casares, Frederic Mar\u00e9s y\u00a0 Torrente Ballester extra\u00eddas del programa A Fondo de RTVE 02. Extractos de Victoria Cirlot, conferencia \u201cHadas:lo maravilloso femenino\u201d, Fundaci\u00f3n Juan March 03. Hildegard Von Bingen &#8211; \u00abVoice of the Blood\u00bb 04. Caldera Chimera (Gabriel Prokofiev&hellip;","_links":{"self":[{"href":"https:\/\/teslafm.net\/en\/wp-json\/wp\/v2\/pages\/60493","targetHints":{"allow":["GET"]}}],"collection":[{"href":"https:\/\/teslafm.net\/en\/wp-json\/wp\/v2\/pages"}],"about":[{"href":"https:\/\/teslafm.net\/en\/wp-json\/wp\/v2\/types\/page"}],"author":[{"embeddable":true,"href":"https:\/\/teslafm.net\/en\/wp-json\/wp\/v2\/users\/19"}],"replies":[{"embeddable":true,"href":"https:\/\/teslafm.net\/en\/wp-json\/wp\/v2\/comments?post=60493"}],"version-history":[{"count":2,"href":"https:\/\/teslafm.net\/en\/wp-json\/wp\/v2\/pages\/60493\/revisions"}],"predecessor-version":[{"id":63849,"href":"https:\/\/teslafm.net\/en\/wp-json\/wp\/v2\/pages\/60493\/revisions\/63849"}],"wp:attachment":[{"href":"https:\/\/teslafm.net\/en\/wp-json\/wp\/v2\/media?parent=60493"}],"curies":[{"name":"wp","href":"https:\/\/api.w.org\/{rel}","templated":true}]}}