

{"id":60543,"date":"2022-10-18T16:44:42","date_gmt":"2022-10-18T14:44:42","guid":{"rendered":"https:\/\/teslafm.net\/?page_id=60543"},"modified":"2022-10-18T16:49:24","modified_gmt":"2022-10-18T14:49:24","slug":"ones-de-crom-13","status":"publish","type":"page","link":"https:\/\/teslafm.net\/en\/ones-de-crom-13\/","title":{"rendered":"Ones de Crom #13"},"content":{"rendered":"<div data-elementor-type=\"wp-page\" data-elementor-id=\"60543\" class=\"elementor elementor-60543\">\n\t\t\t\t\t\t<section class=\"elementor-section elementor-top-section elementor-element elementor-element-7bf654cf elementor-section-boxed elementor-section-height-default elementor-section-height-default\" data-id=\"7bf654cf\" data-element_type=\"section\" data-e-type=\"section\">\n\t\t\t\t\t\t<div class=\"elementor-container elementor-column-gap-default\">\n\t\t\t\t\t<div class=\"elementor-column elementor-col-100 elementor-top-column elementor-element elementor-element-1b108ebd\" data-id=\"1b108ebd\" data-element_type=\"column\" data-e-type=\"column\">\n\t\t\t<div class=\"elementor-widget-wrap elementor-element-populated\">\n\t\t\t\t\t\t<div class=\"elementor-element elementor-element-62f78c11 elementor-widget elementor-widget-text-editor\" data-id=\"62f78c11\" data-element_type=\"widget\" data-e-type=\"widget\" data-widget_type=\"text-editor.default\">\n\t\t\t\t<div class=\"elementor-widget-container\">\n\t\t\t\t\t\t\t\t\t<h2><span style=\"color: #ffffff;\"><strong>Ones de Crom #13<\/strong><\/span><\/h2><p><span style=\"color: #808080;\"><em>Jandek<\/em><\/span><\/p><p><iframe src=\"https:\/\/www.mixcloud.com\/widget\/iframe\/?hide_cover=1&amp;feed=%2FTeslafm_net%2Fones-de-crom-13-emili-mir%C3%B3%2F\" width=\"100%\" height=\"120\" frameborder=\"0\"><\/iframe><\/p>\t\t\t\t\t\t\t\t<\/div>\n\t\t\t\t<\/div>\n\t\t\t\t\t<\/div>\n\t\t<\/div>\n\t\t\t\t\t<\/div>\n\t\t<\/section>\n\t\t\t\t<section class=\"elementor-section elementor-top-section elementor-element elementor-element-9e9c633 elementor-section-boxed elementor-section-height-default elementor-section-height-default\" data-id=\"9e9c633\" data-element_type=\"section\" data-e-type=\"section\">\n\t\t\t\t\t\t<div class=\"elementor-container elementor-column-gap-default\">\n\t\t\t\t\t<div class=\"elementor-column elementor-col-50 elementor-top-column elementor-element elementor-element-037cf1b\" data-id=\"037cf1b\" data-element_type=\"column\" data-e-type=\"column\">\n\t\t\t<div class=\"elementor-widget-wrap elementor-element-populated\">\n\t\t\t\t\t\t<div class=\"elementor-element elementor-element-9e09c75 elementor-widget elementor-widget-image\" data-id=\"9e09c75\" data-element_type=\"widget\" data-e-type=\"widget\" data-widget_type=\"image.default\">\n\t\t\t\t<div class=\"elementor-widget-container\">\n\t\t\t\t\t\t\t\t\t\t\t\t\t\t\t<img fetchpriority=\"high\" decoding=\"async\" width=\"496\" height=\"199\" src=\"https:\/\/teslafm.net\/wp-content\/uploads\/2022\/10\/JANDEK.jpg\" class=\"attachment-large size-large wp-image-60546\" alt=\"\" srcset=\"https:\/\/teslafm.net\/wp-content\/uploads\/2022\/10\/JANDEK.jpg 496w, https:\/\/teslafm.net\/wp-content\/uploads\/2022\/10\/JANDEK-300x120.jpg 300w\" sizes=\"(max-width: 496px) 100vw, 496px\" \/>\t\t\t\t\t\t\t\t\t\t\t\t\t\t\t<\/div>\n\t\t\t\t<\/div>\n\t\t\t\t\t<\/div>\n\t\t<\/div>\n\t\t\t\t<div class=\"elementor-column elementor-col-50 elementor-top-column elementor-element elementor-element-65897d2\" data-id=\"65897d2\" data-element_type=\"column\" data-e-type=\"column\">\n\t\t\t<div class=\"elementor-widget-wrap elementor-element-populated\">\n\t\t\t\t\t\t<div class=\"elementor-element elementor-element-243f5c9 elementor-widget elementor-widget-text-editor\" data-id=\"243f5c9\" data-element_type=\"widget\" data-e-type=\"widget\" data-widget_type=\"text-editor.default\">\n\t\t\t\t<div class=\"elementor-widget-container\">\n\t\t\t\t\t\t\t\t\t<p><span style=\"color: #808080;\">February 19, 2009<\/span><br \/><span style=\"color: #808080;\">From a remote part of Houston, this enigmatic musician has published more than 50 albums since 1978. Although the information about who he was and how he self-published his work with his own music is scarce and mysterious, he has<\/span><br \/><span style=\"color: #808080;\">the Cornwood Industries label, this austere, cathartic and melancholic folk-blues singer-songwriter has been vindicated by many artists with several tribut albums. We review part of his discography from his solo acoustic albums \"Ready For The House\" (1978), \"Six and Six\" and \"Later On\" (1981).<\/span><br \/><span style=\"color: #808080;\">We continue with \"Chair Beside A Window\" (1982), where he incorporates other guests on drums and vocals, with \"Interstellar Discussion\" (1984), \"Blue Corpse\" (1988) and \"The Living End\" (1989). From the 90's we can hear songs from \"Lost Cause\" (1992), \"Twelfth Apostle\" (1993) and \"White Box Requiem\" (1996).<\/span><br \/><span style=\"color: #808080;\">In the 2000's he has continued until nowadays his intense productive rhythm, we can hear \"What Else Does The Time Mean\" (2006). It is from 2004 that he will be seen in numerous concerts in Europe and the USA, of which we feel \"Newcastle Sunday\" (2006) together with \"What Else Does The Time Mean\" (2006). <strong>Richard Youngs<\/strong> al baix i <strong>Alex Neilson<\/strong> on drums. One of the most honest referents of today's strange and intimate folk-blues!<\/span><\/p>\t\t\t\t\t\t\t\t<\/div>\n\t\t\t\t<\/div>\n\t\t\t\t\t<\/div>\n\t\t<\/div>\n\t\t\t\t\t<\/div>\n\t\t<\/section>\n\t\t\t\t<\/div>","protected":false},"excerpt":{"rendered":"<p>Ones de Crom #13 Jandek 19 de febrer de 2009Des d&#8217;algun rec\u00f2ndit paratge de Houston, aquest enigm\u00e0tic m\u00fasic ha publicat des de 1978 m\u00e9s de 50 \u00e0lbums. Tot i ser escassa i misteriosa la informaci\u00f3 de qui era i de com auto-editava els treballs ambel segell Cornwood Industries, aquest cantautor de folk-blues auster, cat\u00e0rquic i [&hellip;]<\/p>\n","protected":false},"author":19,"featured_media":0,"parent":0,"menu_order":0,"comment_status":"closed","ping_status":"closed","template":"","meta":{"footnotes":""},"class_list":["post-60543","page","type-page","status-publish","hentry"],"yoast_head":"<!-- This site is optimized with the Yoast SEO plugin v27.2 - https:\/\/yoast.com\/product\/yoast-seo-wordpress\/ -->\n<title>Ones de Crom #13 -<\/title>\n<meta name=\"robots\" content=\"index, follow, max-snippet:-1, max-image-preview:large, max-video-preview:-1\" \/>\n<link rel=\"canonical\" href=\"https:\/\/teslafm.net\/en\/ones-de-crom-13\/\" \/>\n<meta property=\"og:locale\" content=\"en_US\" \/>\n<meta property=\"og:type\" content=\"article\" \/>\n<meta property=\"og:title\" content=\"Ones de Crom #13 -\" \/>\n<meta property=\"og:description\" content=\"Ones de Crom #13 Jandek 19 de febrer de 2009Des d&#8217;algun rec\u00f2ndit paratge de Houston, aquest enigm\u00e0tic m\u00fasic ha publicat des de 1978 m\u00e9s de 50 \u00e0lbums. Tot i ser escassa i misteriosa la informaci\u00f3 de qui era i de com auto-editava els treballs ambel segell Cornwood Industries, aquest cantautor de folk-blues auster, cat\u00e0rquic i [&hellip;]\" \/>\n<meta property=\"og:url\" content=\"https:\/\/teslafm.net\/en\/ones-de-crom-13\/\" \/>\n<meta property=\"article:publisher\" content=\"https:\/\/www.facebook.com\/teslafm.net\" \/>\n<meta property=\"article:modified_time\" content=\"2022-10-18T14:49:24+00:00\" \/>\n<meta property=\"og:image\" content=\"https:\/\/teslafm.net\/wp-content\/uploads\/2022\/10\/JANDEK.jpg\" \/>\n<meta name=\"twitter:card\" content=\"summary_large_image\" \/>\n<meta name=\"twitter:site\" content=\"@teslafm\" \/>\n<meta name=\"twitter:label1\" content=\"Est. reading time\" \/>\n\t<meta name=\"twitter:data1\" content=\"2 minutes\" \/>\n<script type=\"application\/ld+json\" class=\"yoast-schema-graph\">{\"@context\":\"https:\/\/schema.org\",\"@graph\":[{\"@type\":\"WebPage\",\"@id\":\"https:\/\/teslafm.net\/ones-de-crom-13\/\",\"url\":\"https:\/\/teslafm.net\/ones-de-crom-13\/\",\"name\":\"Ones de Crom #13 -\",\"isPartOf\":{\"@id\":\"https:\/\/teslafm.net\/#website\"},\"primaryImageOfPage\":{\"@id\":\"https:\/\/teslafm.net\/ones-de-crom-13\/#primaryimage\"},\"image\":{\"@id\":\"https:\/\/teslafm.net\/ones-de-crom-13\/#primaryimage\"},\"thumbnailUrl\":\"https:\/\/teslafm.net\/wp-content\/uploads\/2022\/10\/JANDEK.jpg\",\"datePublished\":\"2022-10-18T14:44:42+00:00\",\"dateModified\":\"2022-10-18T14:49:24+00:00\",\"breadcrumb\":{\"@id\":\"https:\/\/teslafm.net\/ones-de-crom-13\/#breadcrumb\"},\"inLanguage\":\"en-US\",\"potentialAction\":[{\"@type\":\"ReadAction\",\"target\":[\"https:\/\/teslafm.net\/ones-de-crom-13\/\"]}]},{\"@type\":\"ImageObject\",\"inLanguage\":\"en-US\",\"@id\":\"https:\/\/teslafm.net\/ones-de-crom-13\/#primaryimage\",\"url\":\"https:\/\/teslafm.net\/wp-content\/uploads\/2022\/10\/JANDEK.jpg\",\"contentUrl\":\"https:\/\/teslafm.net\/wp-content\/uploads\/2022\/10\/JANDEK.jpg\"},{\"@type\":\"BreadcrumbList\",\"@id\":\"https:\/\/teslafm.net\/ones-de-crom-13\/#breadcrumb\",\"itemListElement\":[{\"@type\":\"ListItem\",\"position\":1,\"name\":\"Portada\",\"item\":\"https:\/\/teslafm.net\/\"},{\"@type\":\"ListItem\",\"position\":2,\"name\":\"Ones de Crom #13\"}]},{\"@type\":\"WebSite\",\"@id\":\"https:\/\/teslafm.net\/#website\",\"url\":\"https:\/\/teslafm.net\/\",\"name\":\"TeslaFM\",\"description\":\"An experimental and creative radio\",\"publisher\":{\"@id\":\"https:\/\/teslafm.net\/#organization\"},\"potentialAction\":[{\"@type\":\"SearchAction\",\"target\":{\"@type\":\"EntryPoint\",\"urlTemplate\":\"https:\/\/teslafm.net\/?s={search_term_string}\"},\"query-input\":{\"@type\":\"PropertyValueSpecification\",\"valueRequired\":true,\"valueName\":\"search_term_string\"}}],\"inLanguage\":\"en-US\"},{\"@type\":\"Organization\",\"@id\":\"https:\/\/teslafm.net\/#organization\",\"name\":\"TeslaFM\",\"url\":\"https:\/\/teslafm.net\/\",\"logo\":{\"@type\":\"ImageObject\",\"inLanguage\":\"en-US\",\"@id\":\"https:\/\/teslafm.net\/#\/schema\/logo\/image\/\",\"url\":\"https:\/\/teslafm.net\/wp-content\/uploads\/2020\/06\/logo-tesla.png\",\"contentUrl\":\"https:\/\/teslafm.net\/wp-content\/uploads\/2020\/06\/logo-tesla.png\",\"width\":512,\"height\":512,\"caption\":\"TeslaFM\"},\"image\":{\"@id\":\"https:\/\/teslafm.net\/#\/schema\/logo\/image\/\"},\"sameAs\":[\"https:\/\/www.facebook.com\/teslafm.net\",\"https:\/\/x.com\/teslafm\"]}]}<\/script>\n<!-- \/ Yoast SEO plugin. -->","yoast_head_json":{"title":"Ones de Crom #13 -","robots":{"index":"index","follow":"follow","max-snippet":"max-snippet:-1","max-image-preview":"max-image-preview:large","max-video-preview":"max-video-preview:-1"},"canonical":"https:\/\/teslafm.net\/en\/ones-de-crom-13\/","og_locale":"en_US","og_type":"article","og_title":"Ones de Crom #13 -","og_description":"Ones de Crom #13 Jandek 19 de febrer de 2009Des d&#8217;algun rec\u00f2ndit paratge de Houston, aquest enigm\u00e0tic m\u00fasic ha publicat des de 1978 m\u00e9s de 50 \u00e0lbums. Tot i ser escassa i misteriosa la informaci\u00f3 de qui era i de com auto-editava els treballs ambel segell Cornwood Industries, aquest cantautor de folk-blues auster, cat\u00e0rquic i [&hellip;]","og_url":"https:\/\/teslafm.net\/en\/ones-de-crom-13\/","article_publisher":"https:\/\/www.facebook.com\/teslafm.net","article_modified_time":"2022-10-18T14:49:24+00:00","og_image":[{"url":"https:\/\/teslafm.net\/wp-content\/uploads\/2022\/10\/JANDEK.jpg","type":"","width":"","height":""}],"twitter_card":"summary_large_image","twitter_site":"@teslafm","twitter_misc":{"Est. reading time":"2 minutes"},"schema":{"@context":"https:\/\/schema.org","@graph":[{"@type":"WebPage","@id":"https:\/\/teslafm.net\/ones-de-crom-13\/","url":"https:\/\/teslafm.net\/ones-de-crom-13\/","name":"Ones de Crom #13 -","isPartOf":{"@id":"https:\/\/teslafm.net\/#website"},"primaryImageOfPage":{"@id":"https:\/\/teslafm.net\/ones-de-crom-13\/#primaryimage"},"image":{"@id":"https:\/\/teslafm.net\/ones-de-crom-13\/#primaryimage"},"thumbnailUrl":"https:\/\/teslafm.net\/wp-content\/uploads\/2022\/10\/JANDEK.jpg","datePublished":"2022-10-18T14:44:42+00:00","dateModified":"2022-10-18T14:49:24+00:00","breadcrumb":{"@id":"https:\/\/teslafm.net\/ones-de-crom-13\/#breadcrumb"},"inLanguage":"en-US","potentialAction":[{"@type":"ReadAction","target":["https:\/\/teslafm.net\/ones-de-crom-13\/"]}]},{"@type":"ImageObject","inLanguage":"en-US","@id":"https:\/\/teslafm.net\/ones-de-crom-13\/#primaryimage","url":"https:\/\/teslafm.net\/wp-content\/uploads\/2022\/10\/JANDEK.jpg","contentUrl":"https:\/\/teslafm.net\/wp-content\/uploads\/2022\/10\/JANDEK.jpg"},{"@type":"BreadcrumbList","@id":"https:\/\/teslafm.net\/ones-de-crom-13\/#breadcrumb","itemListElement":[{"@type":"ListItem","position":1,"name":"Portada","item":"https:\/\/teslafm.net\/"},{"@type":"ListItem","position":2,"name":"Ones de Crom #13"}]},{"@type":"WebSite","@id":"https:\/\/teslafm.net\/#website","url":"https:\/\/teslafm.net\/","name":"TeslaFM","description":"An experimental and creative radio","publisher":{"@id":"https:\/\/teslafm.net\/#organization"},"potentialAction":[{"@type":"SearchAction","target":{"@type":"EntryPoint","urlTemplate":"https:\/\/teslafm.net\/?s={search_term_string}"},"query-input":{"@type":"PropertyValueSpecification","valueRequired":true,"valueName":"search_term_string"}}],"inLanguage":"en-US"},{"@type":"Organization","@id":"https:\/\/teslafm.net\/#organization","name":"TeslaFM","url":"https:\/\/teslafm.net\/","logo":{"@type":"ImageObject","inLanguage":"en-US","@id":"https:\/\/teslafm.net\/#\/schema\/logo\/image\/","url":"https:\/\/teslafm.net\/wp-content\/uploads\/2020\/06\/logo-tesla.png","contentUrl":"https:\/\/teslafm.net\/wp-content\/uploads\/2020\/06\/logo-tesla.png","width":512,"height":512,"caption":"TeslaFM"},"image":{"@id":"https:\/\/teslafm.net\/#\/schema\/logo\/image\/"},"sameAs":["https:\/\/www.facebook.com\/teslafm.net","https:\/\/x.com\/teslafm"]}]}},"rttpg_featured_image_url":null,"rttpg_author":{"display_name":"Ishak","author_link":"https:\/\/teslafm.net\/en\/author\/cravan\/"},"rttpg_comment":0,"rttpg_category":null,"rttpg_excerpt":"Ones de Crom #13 Jandek 19 de febrer de 2009Des d&#8217;algun rec\u00f2ndit paratge de Houston, aquest enigm\u00e0tic m\u00fasic ha publicat des de 1978 m\u00e9s de 50 \u00e0lbums. Tot i ser escassa i misteriosa la informaci\u00f3 de qui era i de com auto-editava els treballs ambel segell Cornwood Industries, aquest cantautor de folk-blues auster, cat\u00e0rquic i&hellip;","_links":{"self":[{"href":"https:\/\/teslafm.net\/en\/wp-json\/wp\/v2\/pages\/60543","targetHints":{"allow":["GET"]}}],"collection":[{"href":"https:\/\/teslafm.net\/en\/wp-json\/wp\/v2\/pages"}],"about":[{"href":"https:\/\/teslafm.net\/en\/wp-json\/wp\/v2\/types\/page"}],"author":[{"embeddable":true,"href":"https:\/\/teslafm.net\/en\/wp-json\/wp\/v2\/users\/19"}],"replies":[{"embeddable":true,"href":"https:\/\/teslafm.net\/en\/wp-json\/wp\/v2\/comments?post=60543"}],"version-history":[{"count":7,"href":"https:\/\/teslafm.net\/en\/wp-json\/wp\/v2\/pages\/60543\/revisions"}],"predecessor-version":[{"id":60552,"href":"https:\/\/teslafm.net\/en\/wp-json\/wp\/v2\/pages\/60543\/revisions\/60552"}],"wp:attachment":[{"href":"https:\/\/teslafm.net\/en\/wp-json\/wp\/v2\/media?parent=60543"}],"curies":[{"name":"wp","href":"https:\/\/api.w.org\/{rel}","templated":true}]}}