

{"id":60556,"date":"2022-10-19T14:23:07","date_gmt":"2022-10-19T12:23:07","guid":{"rendered":"https:\/\/teslafm.net\/?page_id=60556"},"modified":"2022-10-19T14:29:22","modified_gmt":"2022-10-19T12:29:22","slug":"flushing-toilets-40","status":"publish","type":"page","link":"https:\/\/teslafm.net\/en\/flushing-toilets-40\/","title":{"rendered":"Flushing Toilets #40"},"content":{"rendered":"<div data-elementor-type=\"wp-page\" data-elementor-id=\"60556\" class=\"elementor elementor-60556\">\n\t\t\t\t\t\t<section class=\"elementor-section elementor-top-section elementor-element elementor-element-72c70727 elementor-section-boxed elementor-section-height-default elementor-section-height-default\" data-id=\"72c70727\" data-element_type=\"section\" data-e-type=\"section\">\n\t\t\t\t\t\t<div class=\"elementor-container elementor-column-gap-default\">\n\t\t\t\t\t<div class=\"elementor-column elementor-col-100 elementor-top-column elementor-element elementor-element-4d59dfc6\" data-id=\"4d59dfc6\" data-element_type=\"column\" data-e-type=\"column\">\n\t\t\t<div class=\"elementor-widget-wrap elementor-element-populated\">\n\t\t\t\t\t\t<div class=\"elementor-element elementor-element-6fe8855e elementor-widget elementor-widget-text-editor\" data-id=\"6fe8855e\" data-element_type=\"widget\" data-e-type=\"widget\" data-widget_type=\"text-editor.default\">\n\t\t\t\t<div class=\"elementor-widget-container\">\n\t\t\t\t\t\t\t\t\t<h2><span style=\"color: #ffffff;\"><strong>Flushing Toilets #40<\/strong><\/span><\/h2><p><span style=\"color: #808080;\"><em>October 2022<\/em><\/span><\/p><p><iframe src=\"https:\/\/www.mixcloud.com\/widget\/iframe\/?hide_cover=1&amp;feed=%2FTeslafm_net%2Fflushing-toilets-40-pilar-talavera%2F\" width=\"100%\" height=\"120\" frameborder=\"0\"><\/iframe><\/p><p>\u00a0<\/p>\t\t\t\t\t\t\t\t<\/div>\n\t\t\t\t<\/div>\n\t\t\t\t\t<\/div>\n\t\t<\/div>\n\t\t\t\t\t<\/div>\n\t\t<\/section>\n\t\t\t\t<section class=\"elementor-section elementor-top-section elementor-element elementor-element-a66ab7c elementor-section-boxed elementor-section-height-default elementor-section-height-default\" data-id=\"a66ab7c\" data-element_type=\"section\" data-e-type=\"section\">\n\t\t\t\t\t\t<div class=\"elementor-container elementor-column-gap-default\">\n\t\t\t\t\t<div class=\"elementor-column elementor-col-50 elementor-top-column elementor-element elementor-element-6ff2b77\" data-id=\"6ff2b77\" data-element_type=\"column\" data-e-type=\"column\">\n\t\t\t<div class=\"elementor-widget-wrap elementor-element-populated\">\n\t\t\t\t\t\t<div class=\"elementor-element elementor-element-ca599d4 elementor-widget elementor-widget-image\" data-id=\"ca599d4\" data-element_type=\"widget\" data-e-type=\"widget\" data-widget_type=\"image.default\">\n\t\t\t\t<div class=\"elementor-widget-container\">\n\t\t\t\t\t\t\t\t\t\t\t\t\t\t\t<img fetchpriority=\"high\" decoding=\"async\" width=\"1024\" height=\"1024\" src=\"https:\/\/teslafm.net\/wp-content\/uploads\/2022\/10\/ft-40-1024x1024.jpg\" class=\"attachment-large size-large wp-image-60558\" alt=\"\" srcset=\"https:\/\/teslafm.net\/wp-content\/uploads\/2022\/10\/ft-40-1024x1024.jpg 1024w, https:\/\/teslafm.net\/wp-content\/uploads\/2022\/10\/ft-40-300x300.jpg 300w, https:\/\/teslafm.net\/wp-content\/uploads\/2022\/10\/ft-40-150x150.jpg 150w, https:\/\/teslafm.net\/wp-content\/uploads\/2022\/10\/ft-40-768x768.jpg 768w, https:\/\/teslafm.net\/wp-content\/uploads\/2022\/10\/ft-40.jpg 1080w\" sizes=\"(max-width: 1024px) 100vw, 1024px\" \/>\t\t\t\t\t\t\t\t\t\t\t\t\t\t\t<\/div>\n\t\t\t\t<\/div>\n\t\t\t\t\t<\/div>\n\t\t<\/div>\n\t\t\t\t<div class=\"elementor-column elementor-col-50 elementor-top-column elementor-element elementor-element-b86effa\" data-id=\"b86effa\" data-element_type=\"column\" data-e-type=\"column\">\n\t\t\t<div class=\"elementor-widget-wrap elementor-element-populated\">\n\t\t\t\t\t\t<div class=\"elementor-element elementor-element-bb3bb87 elementor-widget elementor-widget-text-editor\" data-id=\"bb3bb87\" data-element_type=\"widget\" data-e-type=\"widget\" data-widget_type=\"text-editor.default\">\n\t\t\t\t<div class=\"elementor-widget-container\">\n\t\t\t\t\t\t\t\t\t<p><span style=\"color: #808080;\"><em>Love for electronic pioneers<\/em><\/span><br \/><span style=\"color: #808080;\">01. <strong>Micheline Coulombe Saint Marcoux<\/strong> - Arksalalalart\u00f4q<\/span><br \/><span style=\"color: #808080;\">02. <strong>Jocy de Oliveira<\/strong> - Oneiric<\/span><br \/><span style=\"color: #808080;\">03. <strong>Pauline Oliveros<\/strong> - I of IV<\/span><br \/><span style=\"color: #808080;\">04. <strong>Alice Shields<\/strong> - Study for Voice and Tape<\/span><br \/><span style=\"color: #808080;\">05. <strong>Tera De Marez Oyens<\/strong> - Safed<\/span><br \/><span style=\"color: #808080;\">06. <strong>Annea Lockwood<\/strong> - World Rhythms<\/span><\/p>\t\t\t\t\t\t\t\t<\/div>\n\t\t\t\t<\/div>\n\t\t\t\t\t<\/div>\n\t\t<\/div>\n\t\t\t\t\t<\/div>\n\t\t<\/section>\n\t\t\t\t<\/div>","protected":false},"excerpt":{"rendered":"<p>Flushing Toilets #40 October 2022 Love for electronic pioneers01. Micheline Coulombe Saint Marcoux - Arksalalalart\u00f4q02. Jocy de Oliveira - On\u00edrico03. Pauline Oliveros - I of IV04. Alice Shields - Study for Voice and Tape05. Tera De Marez Oyens - Safed06. Annea Lockwood - World Rhythms<\/p>","protected":false},"author":19,"featured_media":0,"parent":0,"menu_order":0,"comment_status":"closed","ping_status":"closed","template":"","meta":{"footnotes":""},"class_list":["post-60556","page","type-page","status-publish","hentry"],"yoast_head":"<!-- This site is optimized with the Yoast SEO plugin v27.4 - https:\/\/yoast.com\/product\/yoast-seo-wordpress\/ -->\n<title>Flushing Toilets #40 -<\/title>\n<meta name=\"robots\" content=\"index, follow, max-snippet:-1, max-image-preview:large, max-video-preview:-1\" \/>\n<link rel=\"canonical\" href=\"https:\/\/teslafm.net\/en\/flushing-toilets-40\/\" \/>\n<meta property=\"og:locale\" content=\"en_US\" \/>\n<meta property=\"og:type\" content=\"article\" \/>\n<meta property=\"og:title\" content=\"Flushing Toilets #40 -\" \/>\n<meta property=\"og:description\" content=\"Flushing Toilets #40 Octubre 2022 \u00a0 Amor por las pioneras electr\u00f3nicas01. Micheline Coulombe Saint Marcoux &#8211; Arksalalart\u00f4q02. Jocy de Oliveira &#8211; On\u00edrico03. Pauline Oliveros &#8211; I of IV04. Alice Shields &#8211; Study for Voice and Tape05. Tera De Marez Oyens &#8211; Safed06. Annea Lockwood &#8211; World Rhythms\" \/>\n<meta property=\"og:url\" content=\"https:\/\/teslafm.net\/en\/flushing-toilets-40\/\" \/>\n<meta property=\"article:publisher\" content=\"https:\/\/www.facebook.com\/teslafm.net\" \/>\n<meta property=\"article:modified_time\" content=\"2022-10-19T12:29:22+00:00\" \/>\n<meta property=\"og:image\" content=\"https:\/\/teslafm.net\/wp-content\/uploads\/2022\/10\/ft-40-1024x1024.jpg\" \/>\n<meta name=\"twitter:card\" content=\"summary_large_image\" \/>\n<meta name=\"twitter:site\" content=\"@teslafm\" \/>\n<meta name=\"twitter:label1\" content=\"Est. reading time\" \/>\n\t<meta name=\"twitter:data1\" content=\"1 minute\" \/>\n<script type=\"application\/ld+json\" class=\"yoast-schema-graph\">{\"@context\":\"https:\\\/\\\/schema.org\",\"@graph\":[{\"@type\":\"WebPage\",\"@id\":\"https:\\\/\\\/teslafm.net\\\/flushing-toilets-40\\\/\",\"url\":\"https:\\\/\\\/teslafm.net\\\/flushing-toilets-40\\\/\",\"name\":\"Flushing Toilets #40 -\",\"isPartOf\":{\"@id\":\"https:\\\/\\\/teslafm.net\\\/#website\"},\"primaryImageOfPage\":{\"@id\":\"https:\\\/\\\/teslafm.net\\\/flushing-toilets-40\\\/#primaryimage\"},\"image\":{\"@id\":\"https:\\\/\\\/teslafm.net\\\/flushing-toilets-40\\\/#primaryimage\"},\"thumbnailUrl\":\"https:\\\/\\\/teslafm.net\\\/wp-content\\\/uploads\\\/2022\\\/10\\\/ft-40-1024x1024.jpg\",\"datePublished\":\"2022-10-19T12:23:07+00:00\",\"dateModified\":\"2022-10-19T12:29:22+00:00\",\"breadcrumb\":{\"@id\":\"https:\\\/\\\/teslafm.net\\\/flushing-toilets-40\\\/#breadcrumb\"},\"inLanguage\":\"en-US\",\"potentialAction\":[{\"@type\":\"ReadAction\",\"target\":[\"https:\\\/\\\/teslafm.net\\\/flushing-toilets-40\\\/\"]}]},{\"@type\":\"ImageObject\",\"inLanguage\":\"en-US\",\"@id\":\"https:\\\/\\\/teslafm.net\\\/flushing-toilets-40\\\/#primaryimage\",\"url\":\"https:\\\/\\\/teslafm.net\\\/wp-content\\\/uploads\\\/2022\\\/10\\\/ft-40-1024x1024.jpg\",\"contentUrl\":\"https:\\\/\\\/teslafm.net\\\/wp-content\\\/uploads\\\/2022\\\/10\\\/ft-40-1024x1024.jpg\"},{\"@type\":\"BreadcrumbList\",\"@id\":\"https:\\\/\\\/teslafm.net\\\/flushing-toilets-40\\\/#breadcrumb\",\"itemListElement\":[{\"@type\":\"ListItem\",\"position\":1,\"name\":\"Portada\",\"item\":\"https:\\\/\\\/teslafm.net\\\/\"},{\"@type\":\"ListItem\",\"position\":2,\"name\":\"Flushing Toilets #40\"}]},{\"@type\":\"WebSite\",\"@id\":\"https:\\\/\\\/teslafm.net\\\/#website\",\"url\":\"https:\\\/\\\/teslafm.net\\\/\",\"name\":\"TeslaFM\",\"description\":\"An experimental and creative radio\",\"publisher\":{\"@id\":\"https:\\\/\\\/teslafm.net\\\/#organization\"},\"potentialAction\":[{\"@type\":\"SearchAction\",\"target\":{\"@type\":\"EntryPoint\",\"urlTemplate\":\"https:\\\/\\\/teslafm.net\\\/?s={search_term_string}\"},\"query-input\":{\"@type\":\"PropertyValueSpecification\",\"valueRequired\":true,\"valueName\":\"search_term_string\"}}],\"inLanguage\":\"en-US\"},{\"@type\":\"Organization\",\"@id\":\"https:\\\/\\\/teslafm.net\\\/#organization\",\"name\":\"TeslaFM\",\"url\":\"https:\\\/\\\/teslafm.net\\\/\",\"logo\":{\"@type\":\"ImageObject\",\"inLanguage\":\"en-US\",\"@id\":\"https:\\\/\\\/teslafm.net\\\/#\\\/schema\\\/logo\\\/image\\\/\",\"url\":\"https:\\\/\\\/teslafm.net\\\/wp-content\\\/uploads\\\/2020\\\/06\\\/logo-tesla.png\",\"contentUrl\":\"https:\\\/\\\/teslafm.net\\\/wp-content\\\/uploads\\\/2020\\\/06\\\/logo-tesla.png\",\"width\":512,\"height\":512,\"caption\":\"TeslaFM\"},\"image\":{\"@id\":\"https:\\\/\\\/teslafm.net\\\/#\\\/schema\\\/logo\\\/image\\\/\"},\"sameAs\":[\"https:\\\/\\\/www.facebook.com\\\/teslafm.net\",\"https:\\\/\\\/x.com\\\/teslafm\"]}]}<\/script>\n<!-- \/ Yoast SEO plugin. -->","yoast_head_json":{"title":"Flushing Toilets #40 -","robots":{"index":"index","follow":"follow","max-snippet":"max-snippet:-1","max-image-preview":"max-image-preview:large","max-video-preview":"max-video-preview:-1"},"canonical":"https:\/\/teslafm.net\/en\/flushing-toilets-40\/","og_locale":"en_US","og_type":"article","og_title":"Flushing Toilets #40 -","og_description":"Flushing Toilets #40 Octubre 2022 \u00a0 Amor por las pioneras electr\u00f3nicas01. Micheline Coulombe Saint Marcoux &#8211; Arksalalart\u00f4q02. Jocy de Oliveira &#8211; On\u00edrico03. Pauline Oliveros &#8211; I of IV04. Alice Shields &#8211; Study for Voice and Tape05. Tera De Marez Oyens &#8211; Safed06. Annea Lockwood &#8211; World Rhythms","og_url":"https:\/\/teslafm.net\/en\/flushing-toilets-40\/","article_publisher":"https:\/\/www.facebook.com\/teslafm.net","article_modified_time":"2022-10-19T12:29:22+00:00","og_image":[{"url":"https:\/\/teslafm.net\/wp-content\/uploads\/2022\/10\/ft-40-1024x1024.jpg","type":"","width":"","height":""}],"twitter_card":"summary_large_image","twitter_site":"@teslafm","twitter_misc":{"Est. reading time":"1 minute"},"schema":{"@context":"https:\/\/schema.org","@graph":[{"@type":"WebPage","@id":"https:\/\/teslafm.net\/flushing-toilets-40\/","url":"https:\/\/teslafm.net\/flushing-toilets-40\/","name":"Flushing Toilets #40 -","isPartOf":{"@id":"https:\/\/teslafm.net\/#website"},"primaryImageOfPage":{"@id":"https:\/\/teslafm.net\/flushing-toilets-40\/#primaryimage"},"image":{"@id":"https:\/\/teslafm.net\/flushing-toilets-40\/#primaryimage"},"thumbnailUrl":"https:\/\/teslafm.net\/wp-content\/uploads\/2022\/10\/ft-40-1024x1024.jpg","datePublished":"2022-10-19T12:23:07+00:00","dateModified":"2022-10-19T12:29:22+00:00","breadcrumb":{"@id":"https:\/\/teslafm.net\/flushing-toilets-40\/#breadcrumb"},"inLanguage":"en-US","potentialAction":[{"@type":"ReadAction","target":["https:\/\/teslafm.net\/flushing-toilets-40\/"]}]},{"@type":"ImageObject","inLanguage":"en-US","@id":"https:\/\/teslafm.net\/flushing-toilets-40\/#primaryimage","url":"https:\/\/teslafm.net\/wp-content\/uploads\/2022\/10\/ft-40-1024x1024.jpg","contentUrl":"https:\/\/teslafm.net\/wp-content\/uploads\/2022\/10\/ft-40-1024x1024.jpg"},{"@type":"BreadcrumbList","@id":"https:\/\/teslafm.net\/flushing-toilets-40\/#breadcrumb","itemListElement":[{"@type":"ListItem","position":1,"name":"Portada","item":"https:\/\/teslafm.net\/"},{"@type":"ListItem","position":2,"name":"Flushing Toilets #40"}]},{"@type":"WebSite","@id":"https:\/\/teslafm.net\/#website","url":"https:\/\/teslafm.net\/","name":"TeslaFM","description":"An experimental and creative radio","publisher":{"@id":"https:\/\/teslafm.net\/#organization"},"potentialAction":[{"@type":"SearchAction","target":{"@type":"EntryPoint","urlTemplate":"https:\/\/teslafm.net\/?s={search_term_string}"},"query-input":{"@type":"PropertyValueSpecification","valueRequired":true,"valueName":"search_term_string"}}],"inLanguage":"en-US"},{"@type":"Organization","@id":"https:\/\/teslafm.net\/#organization","name":"TeslaFM","url":"https:\/\/teslafm.net\/","logo":{"@type":"ImageObject","inLanguage":"en-US","@id":"https:\/\/teslafm.net\/#\/schema\/logo\/image\/","url":"https:\/\/teslafm.net\/wp-content\/uploads\/2020\/06\/logo-tesla.png","contentUrl":"https:\/\/teslafm.net\/wp-content\/uploads\/2020\/06\/logo-tesla.png","width":512,"height":512,"caption":"TeslaFM"},"image":{"@id":"https:\/\/teslafm.net\/#\/schema\/logo\/image\/"},"sameAs":["https:\/\/www.facebook.com\/teslafm.net","https:\/\/x.com\/teslafm"]}]}},"rttpg_featured_image_url":null,"rttpg_author":{"display_name":"Ishak","author_link":"https:\/\/teslafm.net\/en\/author\/cravan\/"},"rttpg_comment":0,"rttpg_category":null,"rttpg_excerpt":"Flushing Toilets #40 Octubre 2022 \u00a0 Amor por las pioneras electr\u00f3nicas01. Micheline Coulombe Saint Marcoux &#8211; Arksalalart\u00f4q02. Jocy de Oliveira &#8211; On\u00edrico03. Pauline Oliveros &#8211; I of IV04. Alice Shields &#8211; Study for Voice and Tape05. Tera De Marez Oyens &#8211; Safed06. Annea Lockwood &#8211; World Rhythms","_links":{"self":[{"href":"https:\/\/teslafm.net\/en\/wp-json\/wp\/v2\/pages\/60556","targetHints":{"allow":["GET"]}}],"collection":[{"href":"https:\/\/teslafm.net\/en\/wp-json\/wp\/v2\/pages"}],"about":[{"href":"https:\/\/teslafm.net\/en\/wp-json\/wp\/v2\/types\/page"}],"author":[{"embeddable":true,"href":"https:\/\/teslafm.net\/en\/wp-json\/wp\/v2\/users\/19"}],"replies":[{"embeddable":true,"href":"https:\/\/teslafm.net\/en\/wp-json\/wp\/v2\/comments?post=60556"}],"version-history":[{"count":7,"href":"https:\/\/teslafm.net\/en\/wp-json\/wp\/v2\/pages\/60556\/revisions"}],"predecessor-version":[{"id":60566,"href":"https:\/\/teslafm.net\/en\/wp-json\/wp\/v2\/pages\/60556\/revisions\/60566"}],"wp:attachment":[{"href":"https:\/\/teslafm.net\/en\/wp-json\/wp\/v2\/media?parent=60556"}],"curies":[{"name":"wp","href":"https:\/\/api.w.org\/{rel}","templated":true}]}}