

{"id":60570,"date":"2022-10-20T13:33:52","date_gmt":"2022-10-20T11:33:52","guid":{"rendered":"https:\/\/teslafm.net\/?page_id=60570"},"modified":"2022-11-17T15:04:47","modified_gmt":"2022-11-17T14:04:47","slug":"rizoma-16","status":"publish","type":"page","link":"https:\/\/teslafm.net\/en\/rizoma-16\/","title":{"rendered":"Rizoma #16"},"content":{"rendered":"<div data-elementor-type=\"wp-page\" data-elementor-id=\"60570\" class=\"elementor elementor-60570\">\n\t\t\t\t\t\t<section class=\"elementor-section elementor-top-section elementor-element elementor-element-450b1f69 elementor-section-boxed elementor-section-height-default elementor-section-height-default\" data-id=\"450b1f69\" data-element_type=\"section\" data-e-type=\"section\">\n\t\t\t\t\t\t<div class=\"elementor-container elementor-column-gap-default\">\n\t\t\t\t\t<div class=\"elementor-column elementor-col-100 elementor-top-column elementor-element elementor-element-6ed3257\" data-id=\"6ed3257\" data-element_type=\"column\" data-e-type=\"column\">\n\t\t\t<div class=\"elementor-widget-wrap elementor-element-populated\">\n\t\t\t\t\t\t<div class=\"elementor-element elementor-element-bc5e60d elementor-widget elementor-widget-text-editor\" data-id=\"bc5e60d\" data-element_type=\"widget\" data-e-type=\"widget\" data-widget_type=\"text-editor.default\">\n\t\t\t\t<div class=\"elementor-widget-container\">\n\t\t\t\t\t\t\t\t\t<h2><span style=\"color: #ffffff;\"><strong>Rizoma #16<\/strong><\/span><\/h2>\r\n<span style=\"color: #808080;\"><em>October 2022<\/em><\/span>\r\n\r\n<iframe src=\"https:\/\/www.mixcloud.com\/widget\/iframe\/?hide_cover=1&amp;feed=%2FTeslafm_net%2Frizoma-16-vulkana%2F\" width=\"100%\" height=\"120\" frameborder=\"0\"><\/iframe>\t\t\t\t\t\t\t\t<\/div>\n\t\t\t\t<\/div>\n\t\t\t\t\t<\/div>\n\t\t<\/div>\n\t\t\t\t\t<\/div>\n\t\t<\/section>\n\t\t\t\t<section class=\"elementor-section elementor-top-section elementor-element elementor-element-1901034 elementor-section-boxed elementor-section-height-default elementor-section-height-default\" data-id=\"1901034\" data-element_type=\"section\" data-e-type=\"section\">\n\t\t\t\t\t\t<div class=\"elementor-container elementor-column-gap-default\">\n\t\t\t\t\t<div class=\"elementor-column elementor-col-33 elementor-top-column elementor-element elementor-element-394d635\" data-id=\"394d635\" data-element_type=\"column\" data-e-type=\"column\">\n\t\t\t<div class=\"elementor-widget-wrap elementor-element-populated\">\n\t\t\t\t\t\t<div class=\"elementor-element elementor-element-c0d0c09 elementor-widget elementor-widget-image\" data-id=\"c0d0c09\" data-element_type=\"widget\" data-e-type=\"widget\" data-widget_type=\"image.default\">\n\t\t\t\t<div class=\"elementor-widget-container\">\n\t\t\t\t\t\t\t\t\t\t\t\t\t\t\t<img fetchpriority=\"high\" decoding=\"async\" width=\"1024\" height=\"767\" src=\"https:\/\/teslafm.net\/wp-content\/uploads\/2022\/10\/WhatsApp-Image-2022-10-18-at-23.02.09-1-1024x767.jpeg\" class=\"attachment-large size-large wp-image-60574\" alt=\"\" srcset=\"https:\/\/teslafm.net\/wp-content\/uploads\/2022\/10\/WhatsApp-Image-2022-10-18-at-23.02.09-1-1024x767.jpeg 1024w, https:\/\/teslafm.net\/wp-content\/uploads\/2022\/10\/WhatsApp-Image-2022-10-18-at-23.02.09-1-300x225.jpeg 300w, https:\/\/teslafm.net\/wp-content\/uploads\/2022\/10\/WhatsApp-Image-2022-10-18-at-23.02.09-1-768x575.jpeg 768w, https:\/\/teslafm.net\/wp-content\/uploads\/2022\/10\/WhatsApp-Image-2022-10-18-at-23.02.09-1.jpeg 1280w\" sizes=\"(max-width: 1024px) 100vw, 1024px\" \/>\t\t\t\t\t\t\t\t\t\t\t\t\t\t\t<\/div>\n\t\t\t\t<\/div>\n\t\t\t\t\t<\/div>\n\t\t<\/div>\n\t\t\t\t<div class=\"elementor-column elementor-col-33 elementor-top-column elementor-element elementor-element-2618105\" data-id=\"2618105\" data-element_type=\"column\" data-e-type=\"column\">\n\t\t\t<div class=\"elementor-widget-wrap elementor-element-populated\">\n\t\t\t\t\t\t<div class=\"elementor-element elementor-element-d48a45c elementor-widget elementor-widget-image\" data-id=\"d48a45c\" data-element_type=\"widget\" data-e-type=\"widget\" data-widget_type=\"image.default\">\n\t\t\t\t<div class=\"elementor-widget-container\">\n\t\t\t\t\t\t\t\t\t\t\t\t\t\t\t<img decoding=\"async\" width=\"1024\" height=\"724\" src=\"https:\/\/teslafm.net\/wp-content\/uploads\/2022\/10\/WhatsApp-Image-2022-10-18-at-23.02.09-2-1024x724.jpeg\" class=\"attachment-large size-large wp-image-60575\" alt=\"\" srcset=\"https:\/\/teslafm.net\/wp-content\/uploads\/2022\/10\/WhatsApp-Image-2022-10-18-at-23.02.09-2-1024x724.jpeg 1024w, https:\/\/teslafm.net\/wp-content\/uploads\/2022\/10\/WhatsApp-Image-2022-10-18-at-23.02.09-2-300x212.jpeg 300w, https:\/\/teslafm.net\/wp-content\/uploads\/2022\/10\/WhatsApp-Image-2022-10-18-at-23.02.09-2-768x543.jpeg 768w, https:\/\/teslafm.net\/wp-content\/uploads\/2022\/10\/WhatsApp-Image-2022-10-18-at-23.02.09-2.jpeg 1280w\" sizes=\"(max-width: 1024px) 100vw, 1024px\" \/>\t\t\t\t\t\t\t\t\t\t\t\t\t\t\t<\/div>\n\t\t\t\t<\/div>\n\t\t\t\t\t<\/div>\n\t\t<\/div>\n\t\t\t\t<div class=\"elementor-column elementor-col-33 elementor-top-column elementor-element elementor-element-b3f8006\" data-id=\"b3f8006\" data-element_type=\"column\" data-e-type=\"column\">\n\t\t\t<div class=\"elementor-widget-wrap elementor-element-populated\">\n\t\t\t\t\t\t<div class=\"elementor-element elementor-element-9610a1b elementor-widget elementor-widget-image\" data-id=\"9610a1b\" data-element_type=\"widget\" data-e-type=\"widget\" data-widget_type=\"image.default\">\n\t\t\t\t<div class=\"elementor-widget-container\">\n\t\t\t\t\t\t\t\t\t\t\t\t\t\t\t<img decoding=\"async\" width=\"1024\" height=\"768\" src=\"https:\/\/teslafm.net\/wp-content\/uploads\/2022\/10\/WhatsApp-Image-2022-10-18-at-23-1024x768.jpeg\" class=\"attachment-large size-large wp-image-60578\" alt=\"\" srcset=\"https:\/\/teslafm.net\/wp-content\/uploads\/2022\/10\/WhatsApp-Image-2022-10-18-at-23-1024x768.jpeg 1024w, https:\/\/teslafm.net\/wp-content\/uploads\/2022\/10\/WhatsApp-Image-2022-10-18-at-23-300x225.jpeg 300w, https:\/\/teslafm.net\/wp-content\/uploads\/2022\/10\/WhatsApp-Image-2022-10-18-at-23-768x576.jpeg 768w, https:\/\/teslafm.net\/wp-content\/uploads\/2022\/10\/WhatsApp-Image-2022-10-18-at-23.jpeg 1280w\" sizes=\"(max-width: 1024px) 100vw, 1024px\" \/>\t\t\t\t\t\t\t\t\t\t\t\t\t\t\t<\/div>\n\t\t\t\t<\/div>\n\t\t\t\t\t<\/div>\n\t\t<\/div>\n\t\t\t\t\t<\/div>\n\t\t<\/section>\n\t\t\t\t<section class=\"elementor-section elementor-top-section elementor-element elementor-element-eb0fde5 elementor-section-boxed elementor-section-height-default elementor-section-height-default\" data-id=\"eb0fde5\" data-element_type=\"section\" data-e-type=\"section\">\n\t\t\t\t\t\t<div class=\"elementor-container elementor-column-gap-default\">\n\t\t\t\t\t<div class=\"elementor-column elementor-col-33 elementor-top-column elementor-element elementor-element-f81675d\" data-id=\"f81675d\" data-element_type=\"column\" data-e-type=\"column\">\n\t\t\t<div class=\"elementor-widget-wrap elementor-element-populated\">\n\t\t\t\t\t\t<div class=\"elementor-element elementor-element-7c534f1 elementor-widget elementor-widget-image\" data-id=\"7c534f1\" data-element_type=\"widget\" data-e-type=\"widget\" data-widget_type=\"image.default\">\n\t\t\t\t<div class=\"elementor-widget-container\">\n\t\t\t\t\t\t\t\t\t\t\t\t\t\t\t<img loading=\"lazy\" decoding=\"async\" width=\"768\" height=\"1024\" src=\"https:\/\/teslafm.net\/wp-content\/uploads\/2022\/10\/WhatsApp-Image-2022-10-18-at-23.06.08-768x1024.jpeg\" class=\"attachment-large size-large wp-image-60576\" alt=\"\" srcset=\"https:\/\/teslafm.net\/wp-content\/uploads\/2022\/10\/WhatsApp-Image-2022-10-18-at-23.06.08-768x1024.jpeg 768w, https:\/\/teslafm.net\/wp-content\/uploads\/2022\/10\/WhatsApp-Image-2022-10-18-at-23.06.08-225x300.jpeg 225w, https:\/\/teslafm.net\/wp-content\/uploads\/2022\/10\/WhatsApp-Image-2022-10-18-at-23.06.08-1152x1536.jpeg 1152w, https:\/\/teslafm.net\/wp-content\/uploads\/2022\/10\/WhatsApp-Image-2022-10-18-at-23.06.08.jpeg 1200w\" sizes=\"(max-width: 768px) 100vw, 768px\" \/>\t\t\t\t\t\t\t\t\t\t\t\t\t\t\t<\/div>\n\t\t\t\t<\/div>\n\t\t\t\t\t<\/div>\n\t\t<\/div>\n\t\t\t\t<div class=\"elementor-column elementor-col-33 elementor-top-column elementor-element elementor-element-14cb305\" data-id=\"14cb305\" data-element_type=\"column\" data-e-type=\"column\">\n\t\t\t<div class=\"elementor-widget-wrap elementor-element-populated\">\n\t\t\t\t\t\t<div class=\"elementor-element elementor-element-792d00a elementor-widget elementor-widget-image\" data-id=\"792d00a\" data-element_type=\"widget\" data-e-type=\"widget\" data-widget_type=\"image.default\">\n\t\t\t\t<div class=\"elementor-widget-container\">\n\t\t\t\t\t\t\t\t\t\t\t\t\t\t\t<img loading=\"lazy\" decoding=\"async\" width=\"768\" height=\"1024\" src=\"https:\/\/teslafm.net\/wp-content\/uploads\/2022\/10\/WhatsApp-Image-2022-10-18-at-23.06.55-768x1024.jpeg\" class=\"attachment-large size-large wp-image-60577\" alt=\"\" srcset=\"https:\/\/teslafm.net\/wp-content\/uploads\/2022\/10\/WhatsApp-Image-2022-10-18-at-23.06.55-768x1024.jpeg 768w, https:\/\/teslafm.net\/wp-content\/uploads\/2022\/10\/WhatsApp-Image-2022-10-18-at-23.06.55-225x300.jpeg 225w, https:\/\/teslafm.net\/wp-content\/uploads\/2022\/10\/WhatsApp-Image-2022-10-18-at-23.06.55.jpeg 960w\" sizes=\"(max-width: 768px) 100vw, 768px\" \/>\t\t\t\t\t\t\t\t\t\t\t\t\t\t\t<\/div>\n\t\t\t\t<\/div>\n\t\t\t\t\t<\/div>\n\t\t<\/div>\n\t\t\t\t<div class=\"elementor-column elementor-col-33 elementor-top-column elementor-element elementor-element-eaf5d77\" data-id=\"eaf5d77\" data-element_type=\"column\" data-e-type=\"column\">\n\t\t\t<div class=\"elementor-widget-wrap elementor-element-populated\">\n\t\t\t\t\t\t<div class=\"elementor-element elementor-element-99e2e17 elementor-widget elementor-widget-text-editor\" data-id=\"99e2e17\" data-element_type=\"widget\" data-e-type=\"widget\" data-widget_type=\"text-editor.default\">\n\t\t\t\t<div class=\"elementor-widget-container\">\n\t\t\t\t\t\t\t\t\t<p><span style=\"color: #808080;\"><em><strong>Macarena Aguilar Tau <\/strong><\/em>aka<em><strong> MAQ<\/strong><\/em><\/span><\/p><p><span style=\"color: #808080;\">00:00 \/\/ Intro of the program: sound piece by <strong>Ceola Turnstal<\/strong> and <strong>Vulkana<\/strong><\/span><br \/><span style=\"color: #808080;\">00:59 Music for ghosts - 07 VII<\/span><br \/><span style=\"color: #808080;\">02:38 Music for ghosts - 01 I<\/span><br \/><span style=\"color: #808080;\">05:16 Music for ghosts - 02 II<\/span><br \/><span style=\"color: #808080;\">06:22 Music for ghosts - 03 III<\/span><br \/><span style=\"color: #808080;\">07:53 Music for Ghosts - 05 V<\/span><br \/><span style=\"color: #808080;\">11:15 Music for Ghosts - 06 VI<\/span><br \/><span style=\"color: #808080;\">15:42 p a i s a j e s - 02 II<\/span><br \/><span style=\"color: #808080;\">28:57 The echo of the unprecedented<\/span><br \/><span style=\"color: #808080;\">43:27 materials - 01 drift<\/span><br \/><span style=\"color: #808080;\">47:06 materials - 02 ring<\/span><br \/><span style=\"color: #808080;\">50:01 materials - 04 almario<\/span><br \/><span style=\"color: #808080;\">53:16 materials - 05 forty days<\/span><br \/><span style=\"color: #808080;\">55:55 materials - 06 to 10 thousand feet<\/span><\/p><p><span style=\"color: #808080;\">Ing: @maq.arena<\/span><\/p><p dir=\"ltr\"><a href=\"https:\/\/maq-arena.bandcamp.com\/\" target=\"_blank\" rel=\"noopener\">https:\/\/maq-arena.bandcamp.com\/<\/a><\/p>\t\t\t\t\t\t\t\t<\/div>\n\t\t\t\t<\/div>\n\t\t\t\t\t<\/div>\n\t\t<\/div>\n\t\t\t\t\t<\/div>\n\t\t<\/section>\n\t\t\t\t<section class=\"elementor-section elementor-top-section elementor-element elementor-element-34d61bc elementor-section-boxed elementor-section-height-default elementor-section-height-default\" data-id=\"34d61bc\" data-element_type=\"section\" data-e-type=\"section\">\n\t\t\t\t\t\t<div class=\"elementor-container elementor-column-gap-default\">\n\t\t\t\t\t<div class=\"elementor-column elementor-col-100 elementor-top-column elementor-element elementor-element-aa6fa4b\" data-id=\"aa6fa4b\" data-element_type=\"column\" data-e-type=\"column\">\n\t\t\t<div class=\"elementor-widget-wrap elementor-element-populated\">\n\t\t\t\t\t\t<div class=\"elementor-element elementor-element-ddf47e8 elementor-widget elementor-widget-video\" data-id=\"ddf47e8\" data-element_type=\"widget\" data-e-type=\"widget\" data-settings=\"{&quot;youtube_url&quot;:&quot;https:\\\/\\\/www.youtube.com\\\/watch?v=VuMQMTAv760&quot;,&quot;video_type&quot;:&quot;youtube&quot;,&quot;controls&quot;:&quot;yes&quot;}\" data-widget_type=\"video.default\">\n\t\t\t\t<div class=\"elementor-widget-container\">\n\t\t\t\t\t\t\t<div class=\"elementor-wrapper elementor-open-inline\">\n\t\t\t<div class=\"elementor-video\"><\/div>\t\t<\/div>\n\t\t\t\t\t\t<\/div>\n\t\t\t\t<\/div>\n\t\t\t\t\t<\/div>\n\t\t<\/div>\n\t\t\t\t\t<\/div>\n\t\t<\/section>\n\t\t\t\t<\/div>","protected":false},"excerpt":{"rendered":"<p>Rizoma #16 Octubre 2022 Macarena Aguilar Tau aka MAQ 00:00 \/\/ Intro del programa: pieza sonora de Ceola Turnstal y Vulkana00:59 M\u00fasica para fantasmas &#8211; 07 VII02:38 M\u00fasica para fantasmas &#8211; 01 I05:16 M\u00fasica para fantasmas &#8211; 02 II06:22 M\u00fasica para fantasmas &#8211; 03 III07:53 M\u00fasica para fantasmas &#8211; 05 V11:15 M\u00fasica para fantasmas &#8211; [&hellip;]<\/p>\n","protected":false},"author":19,"featured_media":0,"parent":0,"menu_order":0,"comment_status":"closed","ping_status":"closed","template":"","meta":{"footnotes":""},"class_list":["post-60570","page","type-page","status-publish","hentry"],"yoast_head":"<!-- This site is optimized with the Yoast SEO plugin v27.4 - https:\/\/yoast.com\/product\/yoast-seo-wordpress\/ -->\n<title>Rizoma #16 -<\/title>\n<meta name=\"robots\" content=\"index, follow, max-snippet:-1, max-image-preview:large, max-video-preview:-1\" \/>\n<link rel=\"canonical\" href=\"https:\/\/teslafm.net\/en\/rizoma-16\/\" \/>\n<meta property=\"og:locale\" content=\"en_US\" \/>\n<meta property=\"og:type\" content=\"article\" \/>\n<meta property=\"og:title\" content=\"Rizoma #16 -\" \/>\n<meta property=\"og:description\" content=\"Rizoma #16 Octubre 2022 Macarena Aguilar Tau aka MAQ 00:00 \/\/ Intro del programa: pieza sonora de Ceola Turnstal y Vulkana00:59 M\u00fasica para fantasmas &#8211; 07 VII02:38 M\u00fasica para fantasmas &#8211; 01 I05:16 M\u00fasica para fantasmas &#8211; 02 II06:22 M\u00fasica para fantasmas &#8211; 03 III07:53 M\u00fasica para fantasmas &#8211; 05 V11:15 M\u00fasica para fantasmas &#8211; [&hellip;]\" \/>\n<meta property=\"og:url\" content=\"https:\/\/teslafm.net\/en\/rizoma-16\/\" \/>\n<meta property=\"article:publisher\" content=\"https:\/\/www.facebook.com\/teslafm.net\" \/>\n<meta property=\"article:modified_time\" content=\"2022-11-17T14:04:47+00:00\" \/>\n<meta property=\"og:image\" content=\"https:\/\/teslafm.net\/wp-content\/uploads\/2022\/10\/WhatsApp-Image-2022-10-18-at-23.02.09-1-1024x767.jpeg\" \/>\n<meta name=\"twitter:card\" content=\"summary_large_image\" \/>\n<meta name=\"twitter:site\" content=\"@teslafm\" \/>\n<meta name=\"twitter:label1\" content=\"Est. reading time\" \/>\n\t<meta name=\"twitter:data1\" content=\"2 minutes\" \/>\n<script type=\"application\/ld+json\" class=\"yoast-schema-graph\">{\"@context\":\"https:\\\/\\\/schema.org\",\"@graph\":[{\"@type\":\"WebPage\",\"@id\":\"https:\\\/\\\/teslafm.net\\\/rizoma-16\\\/\",\"url\":\"https:\\\/\\\/teslafm.net\\\/rizoma-16\\\/\",\"name\":\"Rizoma #16 -\",\"isPartOf\":{\"@id\":\"https:\\\/\\\/teslafm.net\\\/#website\"},\"primaryImageOfPage\":{\"@id\":\"https:\\\/\\\/teslafm.net\\\/rizoma-16\\\/#primaryimage\"},\"image\":{\"@id\":\"https:\\\/\\\/teslafm.net\\\/rizoma-16\\\/#primaryimage\"},\"thumbnailUrl\":\"https:\\\/\\\/teslafm.net\\\/wp-content\\\/uploads\\\/2022\\\/10\\\/WhatsApp-Image-2022-10-18-at-23.02.09-1-1024x767.jpeg\",\"datePublished\":\"2022-10-20T11:33:52+00:00\",\"dateModified\":\"2022-11-17T14:04:47+00:00\",\"breadcrumb\":{\"@id\":\"https:\\\/\\\/teslafm.net\\\/rizoma-16\\\/#breadcrumb\"},\"inLanguage\":\"en-US\",\"potentialAction\":[{\"@type\":\"ReadAction\",\"target\":[\"https:\\\/\\\/teslafm.net\\\/rizoma-16\\\/\"]}]},{\"@type\":\"ImageObject\",\"inLanguage\":\"en-US\",\"@id\":\"https:\\\/\\\/teslafm.net\\\/rizoma-16\\\/#primaryimage\",\"url\":\"https:\\\/\\\/teslafm.net\\\/wp-content\\\/uploads\\\/2022\\\/10\\\/WhatsApp-Image-2022-10-18-at-23.02.09-1-1024x767.jpeg\",\"contentUrl\":\"https:\\\/\\\/teslafm.net\\\/wp-content\\\/uploads\\\/2022\\\/10\\\/WhatsApp-Image-2022-10-18-at-23.02.09-1-1024x767.jpeg\"},{\"@type\":\"BreadcrumbList\",\"@id\":\"https:\\\/\\\/teslafm.net\\\/rizoma-16\\\/#breadcrumb\",\"itemListElement\":[{\"@type\":\"ListItem\",\"position\":1,\"name\":\"Portada\",\"item\":\"https:\\\/\\\/teslafm.net\\\/\"},{\"@type\":\"ListItem\",\"position\":2,\"name\":\"Rizoma #16\"}]},{\"@type\":\"WebSite\",\"@id\":\"https:\\\/\\\/teslafm.net\\\/#website\",\"url\":\"https:\\\/\\\/teslafm.net\\\/\",\"name\":\"TeslaFM\",\"description\":\"An experimental and creative radio\",\"publisher\":{\"@id\":\"https:\\\/\\\/teslafm.net\\\/#organization\"},\"potentialAction\":[{\"@type\":\"SearchAction\",\"target\":{\"@type\":\"EntryPoint\",\"urlTemplate\":\"https:\\\/\\\/teslafm.net\\\/?s={search_term_string}\"},\"query-input\":{\"@type\":\"PropertyValueSpecification\",\"valueRequired\":true,\"valueName\":\"search_term_string\"}}],\"inLanguage\":\"en-US\"},{\"@type\":\"Organization\",\"@id\":\"https:\\\/\\\/teslafm.net\\\/#organization\",\"name\":\"TeslaFM\",\"url\":\"https:\\\/\\\/teslafm.net\\\/\",\"logo\":{\"@type\":\"ImageObject\",\"inLanguage\":\"en-US\",\"@id\":\"https:\\\/\\\/teslafm.net\\\/#\\\/schema\\\/logo\\\/image\\\/\",\"url\":\"https:\\\/\\\/teslafm.net\\\/wp-content\\\/uploads\\\/2020\\\/06\\\/logo-tesla.png\",\"contentUrl\":\"https:\\\/\\\/teslafm.net\\\/wp-content\\\/uploads\\\/2020\\\/06\\\/logo-tesla.png\",\"width\":512,\"height\":512,\"caption\":\"TeslaFM\"},\"image\":{\"@id\":\"https:\\\/\\\/teslafm.net\\\/#\\\/schema\\\/logo\\\/image\\\/\"},\"sameAs\":[\"https:\\\/\\\/www.facebook.com\\\/teslafm.net\",\"https:\\\/\\\/x.com\\\/teslafm\"]}]}<\/script>\n<!-- \/ Yoast SEO plugin. -->","yoast_head_json":{"title":"Rizoma #16 -","robots":{"index":"index","follow":"follow","max-snippet":"max-snippet:-1","max-image-preview":"max-image-preview:large","max-video-preview":"max-video-preview:-1"},"canonical":"https:\/\/teslafm.net\/en\/rizoma-16\/","og_locale":"en_US","og_type":"article","og_title":"Rizoma #16 -","og_description":"Rizoma #16 Octubre 2022 Macarena Aguilar Tau aka MAQ 00:00 \/\/ Intro del programa: pieza sonora de Ceola Turnstal y Vulkana00:59 M\u00fasica para fantasmas &#8211; 07 VII02:38 M\u00fasica para fantasmas &#8211; 01 I05:16 M\u00fasica para fantasmas &#8211; 02 II06:22 M\u00fasica para fantasmas &#8211; 03 III07:53 M\u00fasica para fantasmas &#8211; 05 V11:15 M\u00fasica para fantasmas &#8211; [&hellip;]","og_url":"https:\/\/teslafm.net\/en\/rizoma-16\/","article_publisher":"https:\/\/www.facebook.com\/teslafm.net","article_modified_time":"2022-11-17T14:04:47+00:00","og_image":[{"url":"https:\/\/teslafm.net\/wp-content\/uploads\/2022\/10\/WhatsApp-Image-2022-10-18-at-23.02.09-1-1024x767.jpeg","type":"","width":"","height":""}],"twitter_card":"summary_large_image","twitter_site":"@teslafm","twitter_misc":{"Est. reading time":"2 minutes"},"schema":{"@context":"https:\/\/schema.org","@graph":[{"@type":"WebPage","@id":"https:\/\/teslafm.net\/rizoma-16\/","url":"https:\/\/teslafm.net\/rizoma-16\/","name":"Rizoma #16 -","isPartOf":{"@id":"https:\/\/teslafm.net\/#website"},"primaryImageOfPage":{"@id":"https:\/\/teslafm.net\/rizoma-16\/#primaryimage"},"image":{"@id":"https:\/\/teslafm.net\/rizoma-16\/#primaryimage"},"thumbnailUrl":"https:\/\/teslafm.net\/wp-content\/uploads\/2022\/10\/WhatsApp-Image-2022-10-18-at-23.02.09-1-1024x767.jpeg","datePublished":"2022-10-20T11:33:52+00:00","dateModified":"2022-11-17T14:04:47+00:00","breadcrumb":{"@id":"https:\/\/teslafm.net\/rizoma-16\/#breadcrumb"},"inLanguage":"en-US","potentialAction":[{"@type":"ReadAction","target":["https:\/\/teslafm.net\/rizoma-16\/"]}]},{"@type":"ImageObject","inLanguage":"en-US","@id":"https:\/\/teslafm.net\/rizoma-16\/#primaryimage","url":"https:\/\/teslafm.net\/wp-content\/uploads\/2022\/10\/WhatsApp-Image-2022-10-18-at-23.02.09-1-1024x767.jpeg","contentUrl":"https:\/\/teslafm.net\/wp-content\/uploads\/2022\/10\/WhatsApp-Image-2022-10-18-at-23.02.09-1-1024x767.jpeg"},{"@type":"BreadcrumbList","@id":"https:\/\/teslafm.net\/rizoma-16\/#breadcrumb","itemListElement":[{"@type":"ListItem","position":1,"name":"Portada","item":"https:\/\/teslafm.net\/"},{"@type":"ListItem","position":2,"name":"Rizoma #16"}]},{"@type":"WebSite","@id":"https:\/\/teslafm.net\/#website","url":"https:\/\/teslafm.net\/","name":"TeslaFM","description":"An experimental and creative radio","publisher":{"@id":"https:\/\/teslafm.net\/#organization"},"potentialAction":[{"@type":"SearchAction","target":{"@type":"EntryPoint","urlTemplate":"https:\/\/teslafm.net\/?s={search_term_string}"},"query-input":{"@type":"PropertyValueSpecification","valueRequired":true,"valueName":"search_term_string"}}],"inLanguage":"en-US"},{"@type":"Organization","@id":"https:\/\/teslafm.net\/#organization","name":"TeslaFM","url":"https:\/\/teslafm.net\/","logo":{"@type":"ImageObject","inLanguage":"en-US","@id":"https:\/\/teslafm.net\/#\/schema\/logo\/image\/","url":"https:\/\/teslafm.net\/wp-content\/uploads\/2020\/06\/logo-tesla.png","contentUrl":"https:\/\/teslafm.net\/wp-content\/uploads\/2020\/06\/logo-tesla.png","width":512,"height":512,"caption":"TeslaFM"},"image":{"@id":"https:\/\/teslafm.net\/#\/schema\/logo\/image\/"},"sameAs":["https:\/\/www.facebook.com\/teslafm.net","https:\/\/x.com\/teslafm"]}]}},"rttpg_featured_image_url":null,"rttpg_author":{"display_name":"Ishak","author_link":"https:\/\/teslafm.net\/en\/author\/cravan\/"},"rttpg_comment":0,"rttpg_category":null,"rttpg_excerpt":"Rizoma #16 Octubre 2022 Macarena Aguilar Tau aka MAQ 00:00 \/\/ Intro del programa: pieza sonora de Ceola Turnstal y Vulkana00:59 M\u00fasica para fantasmas &#8211; 07 VII02:38 M\u00fasica para fantasmas &#8211; 01 I05:16 M\u00fasica para fantasmas &#8211; 02 II06:22 M\u00fasica para fantasmas &#8211; 03 III07:53 M\u00fasica para fantasmas &#8211; 05 V11:15 M\u00fasica para fantasmas &#8211;&hellip;","_links":{"self":[{"href":"https:\/\/teslafm.net\/en\/wp-json\/wp\/v2\/pages\/60570","targetHints":{"allow":["GET"]}}],"collection":[{"href":"https:\/\/teslafm.net\/en\/wp-json\/wp\/v2\/pages"}],"about":[{"href":"https:\/\/teslafm.net\/en\/wp-json\/wp\/v2\/types\/page"}],"author":[{"embeddable":true,"href":"https:\/\/teslafm.net\/en\/wp-json\/wp\/v2\/users\/19"}],"replies":[{"embeddable":true,"href":"https:\/\/teslafm.net\/en\/wp-json\/wp\/v2\/comments?post=60570"}],"version-history":[{"count":19,"href":"https:\/\/teslafm.net\/en\/wp-json\/wp\/v2\/pages\/60570\/revisions"}],"predecessor-version":[{"id":60774,"href":"https:\/\/teslafm.net\/en\/wp-json\/wp\/v2\/pages\/60570\/revisions\/60774"}],"wp:attachment":[{"href":"https:\/\/teslafm.net\/en\/wp-json\/wp\/v2\/media?parent=60570"}],"curies":[{"name":"wp","href":"https:\/\/api.w.org\/{rel}","templated":true}]}}