

{"id":60602,"date":"2022-10-22T11:25:59","date_gmt":"2022-10-22T09:25:59","guid":{"rendered":"https:\/\/teslafm.net\/?page_id=60602"},"modified":"2022-10-22T11:35:46","modified_gmt":"2022-10-22T09:35:46","slug":"modulisme-2","status":"publish","type":"page","link":"https:\/\/teslafm.net\/en\/modulisme-2\/","title":{"rendered":"Modulism #2"},"content":{"rendered":"<div data-elementor-type=\"wp-page\" data-elementor-id=\"60602\" class=\"elementor elementor-60602\">\n\t\t\t\t\t\t<section class=\"elementor-section elementor-top-section elementor-element elementor-element-6d89225b elementor-section-boxed elementor-section-height-default elementor-section-height-default\" data-id=\"6d89225b\" data-element_type=\"section\" data-e-type=\"section\">\n\t\t\t\t\t\t<div class=\"elementor-container elementor-column-gap-default\">\n\t\t\t\t\t<div class=\"elementor-column elementor-col-100 elementor-top-column elementor-element elementor-element-143453db\" data-id=\"143453db\" data-element_type=\"column\" data-e-type=\"column\">\n\t\t\t<div class=\"elementor-widget-wrap elementor-element-populated\">\n\t\t\t\t\t\t<div class=\"elementor-element elementor-element-528fad1a elementor-widget elementor-widget-text-editor\" data-id=\"528fad1a\" data-element_type=\"widget\" data-e-type=\"widget\" data-widget_type=\"text-editor.default\">\n\t\t\t\t<div class=\"elementor-widget-container\">\n\t\t\t\t\t\t\t\t\t<h2><span style=\"color: #ffffff;\"><strong>Modulism #2<\/strong><\/span><\/h2><p><span style=\"color: #808080;\"><em>Serge-O-Voxes \/ voices for the Serge I<\/em><\/span><\/p><p><iframe src=\"https:\/\/www.mixcloud.com\/widget\/iframe\/?hide_cover=1&amp;feed=%2FTeslafm_net%2Fmodulisme-2-philippe-petit%2F\" width=\"100%\" height=\"120\" frameborder=\"0\"><\/iframe><\/p>\t\t\t\t\t\t\t\t<\/div>\n\t\t\t\t<\/div>\n\t\t\t\t\t<\/div>\n\t\t<\/div>\n\t\t\t\t\t<\/div>\n\t\t<\/section>\n\t\t\t\t<section class=\"elementor-section elementor-top-section elementor-element elementor-element-5049588 elementor-section-boxed elementor-section-height-default elementor-section-height-default\" data-id=\"5049588\" data-element_type=\"section\" data-e-type=\"section\">\n\t\t\t\t\t\t<div class=\"elementor-container elementor-column-gap-default\">\n\t\t\t\t\t<div class=\"elementor-column elementor-col-50 elementor-top-column elementor-element elementor-element-f3fdc9e\" data-id=\"f3fdc9e\" data-element_type=\"column\" data-e-type=\"column\">\n\t\t\t<div class=\"elementor-widget-wrap elementor-element-populated\">\n\t\t\t\t\t\t<div class=\"elementor-element elementor-element-1ca3396 elementor-widget elementor-widget-image\" data-id=\"1ca3396\" data-element_type=\"widget\" data-e-type=\"widget\" data-widget_type=\"image.default\">\n\t\t\t\t<div class=\"elementor-widget-container\">\n\t\t\t\t\t\t\t\t\t\t\t\t\t\t\t<img fetchpriority=\"high\" decoding=\"async\" width=\"900\" height=\"900\" src=\"https:\/\/teslafm.net\/wp-content\/uploads\/2022\/10\/1.jpg\" class=\"attachment-large size-large wp-image-60605\" alt=\"\" srcset=\"https:\/\/teslafm.net\/wp-content\/uploads\/2022\/10\/1.jpg 900w, https:\/\/teslafm.net\/wp-content\/uploads\/2022\/10\/1-300x300.jpg 300w, https:\/\/teslafm.net\/wp-content\/uploads\/2022\/10\/1-150x150.jpg 150w, https:\/\/teslafm.net\/wp-content\/uploads\/2022\/10\/1-768x768.jpg 768w\" sizes=\"(max-width: 900px) 100vw, 900px\" \/>\t\t\t\t\t\t\t\t\t\t\t\t\t\t\t<\/div>\n\t\t\t\t<\/div>\n\t\t\t\t\t<\/div>\n\t\t<\/div>\n\t\t\t\t<div class=\"elementor-column elementor-col-50 elementor-top-column elementor-element elementor-element-fc72280\" data-id=\"fc72280\" data-element_type=\"column\" data-e-type=\"column\">\n\t\t\t<div class=\"elementor-widget-wrap elementor-element-populated\">\n\t\t\t\t\t\t<div class=\"elementor-element elementor-element-eca0413 elementor-widget elementor-widget-text-editor\" data-id=\"eca0413\" data-element_type=\"widget\" data-e-type=\"widget\" data-widget_type=\"text-editor.default\">\n\t\t\t\t<div class=\"elementor-widget-container\">\n\t\t\t\t\t\t\t\t\t<p><span style=\"color: #808080;\">Serge-O-Voxes :: Voices For The Serge is the second installment of our I.T.A.T.I.O.M. series about inventors talking about their instruments or modules. Gathering musicians from the mythical SERGE analog system designed by <strong>Serge Tcherepnin<\/strong> in 1973.<\/span><br \/><span style=\"color: #808080;\">During this program we will hear from <strong>Todd Barton<\/strong>,<strong> Warren Burt<\/strong>,<strong> Illusion of Safety <\/strong>and<strong> Coil<\/strong>.<\/span><\/p><p><a href=\"https:\/\/modulisme.info\/session\/33\" target=\"_blank\" rel=\"noopener\">https:\/\/modulisme.info\/session\/33<\/a><\/p><p><span style=\"color: #808080;\">Cover design: Guillaume Amen + Concept - Layout: P. Petit<\/span><\/p>\t\t\t\t\t\t\t\t<\/div>\n\t\t\t\t<\/div>\n\t\t\t\t\t<\/div>\n\t\t<\/div>\n\t\t\t\t\t<\/div>\n\t\t<\/section>\n\t\t\t\t<\/div>","protected":false},"excerpt":{"rendered":"<p>Modulisme #2 Serge-O-Voxes \/ voices for the Serge I Serge-O-Voxes :: Voices For The Serge estalla como complemento de la segunda entrega de nuestro I.T.A.T.I.O.M. serie que trata sobre inventores que hablan de sus instrumentos o m\u00f3dulos. Reuniendo m\u00fasicos del m\u00edtico sistema anal\u00f3gico SERGE dise\u00f1ado por Serge Tcherepnin en 1973.Durante este programa oiremos a Todd [&hellip;]<\/p>\n","protected":false},"author":19,"featured_media":0,"parent":0,"menu_order":0,"comment_status":"closed","ping_status":"closed","template":"","meta":{"footnotes":""},"class_list":["post-60602","page","type-page","status-publish","hentry"],"yoast_head":"<!-- This site is optimized with the Yoast SEO plugin v27.4 - https:\/\/yoast.com\/product\/yoast-seo-wordpress\/ -->\n<title>Modulisme #2 -<\/title>\n<meta name=\"robots\" content=\"index, follow, max-snippet:-1, max-image-preview:large, max-video-preview:-1\" \/>\n<link rel=\"canonical\" href=\"https:\/\/teslafm.net\/en\/modulisme-2\/\" \/>\n<meta property=\"og:locale\" content=\"en_US\" \/>\n<meta property=\"og:type\" content=\"article\" \/>\n<meta property=\"og:title\" content=\"Modulisme #2 -\" \/>\n<meta property=\"og:description\" content=\"Modulisme #2 Serge-O-Voxes \/ voices for the Serge I Serge-O-Voxes :: Voices For The Serge estalla como complemento de la segunda entrega de nuestro I.T.A.T.I.O.M. serie que trata sobre inventores que hablan de sus instrumentos o m\u00f3dulos. Reuniendo m\u00fasicos del m\u00edtico sistema anal\u00f3gico SERGE dise\u00f1ado por Serge Tcherepnin en 1973.Durante este programa oiremos a Todd [&hellip;]\" \/>\n<meta property=\"og:url\" content=\"https:\/\/teslafm.net\/en\/modulisme-2\/\" \/>\n<meta property=\"article:publisher\" content=\"https:\/\/www.facebook.com\/teslafm.net\" \/>\n<meta property=\"article:modified_time\" content=\"2022-10-22T09:35:46+00:00\" \/>\n<meta property=\"og:image\" content=\"https:\/\/teslafm.net\/wp-content\/uploads\/2022\/10\/1.jpg\" \/>\n<meta name=\"twitter:card\" content=\"summary_large_image\" \/>\n<meta name=\"twitter:site\" content=\"@teslafm\" \/>\n<meta name=\"twitter:label1\" content=\"Est. reading time\" \/>\n\t<meta name=\"twitter:data1\" content=\"1 minute\" \/>\n<script type=\"application\/ld+json\" class=\"yoast-schema-graph\">{\"@context\":\"https:\\\/\\\/schema.org\",\"@graph\":[{\"@type\":\"WebPage\",\"@id\":\"https:\\\/\\\/teslafm.net\\\/modulisme-2\\\/\",\"url\":\"https:\\\/\\\/teslafm.net\\\/modulisme-2\\\/\",\"name\":\"Modulisme #2 -\",\"isPartOf\":{\"@id\":\"https:\\\/\\\/teslafm.net\\\/#website\"},\"primaryImageOfPage\":{\"@id\":\"https:\\\/\\\/teslafm.net\\\/modulisme-2\\\/#primaryimage\"},\"image\":{\"@id\":\"https:\\\/\\\/teslafm.net\\\/modulisme-2\\\/#primaryimage\"},\"thumbnailUrl\":\"https:\\\/\\\/teslafm.net\\\/wp-content\\\/uploads\\\/2022\\\/10\\\/1.jpg\",\"datePublished\":\"2022-10-22T09:25:59+00:00\",\"dateModified\":\"2022-10-22T09:35:46+00:00\",\"breadcrumb\":{\"@id\":\"https:\\\/\\\/teslafm.net\\\/modulisme-2\\\/#breadcrumb\"},\"inLanguage\":\"en-US\",\"potentialAction\":[{\"@type\":\"ReadAction\",\"target\":[\"https:\\\/\\\/teslafm.net\\\/modulisme-2\\\/\"]}]},{\"@type\":\"ImageObject\",\"inLanguage\":\"en-US\",\"@id\":\"https:\\\/\\\/teslafm.net\\\/modulisme-2\\\/#primaryimage\",\"url\":\"https:\\\/\\\/teslafm.net\\\/wp-content\\\/uploads\\\/2022\\\/10\\\/1.jpg\",\"contentUrl\":\"https:\\\/\\\/teslafm.net\\\/wp-content\\\/uploads\\\/2022\\\/10\\\/1.jpg\"},{\"@type\":\"BreadcrumbList\",\"@id\":\"https:\\\/\\\/teslafm.net\\\/modulisme-2\\\/#breadcrumb\",\"itemListElement\":[{\"@type\":\"ListItem\",\"position\":1,\"name\":\"Portada\",\"item\":\"https:\\\/\\\/teslafm.net\\\/\"},{\"@type\":\"ListItem\",\"position\":2,\"name\":\"Modulisme #2\"}]},{\"@type\":\"WebSite\",\"@id\":\"https:\\\/\\\/teslafm.net\\\/#website\",\"url\":\"https:\\\/\\\/teslafm.net\\\/\",\"name\":\"TeslaFM\",\"description\":\"An experimental and creative radio\",\"publisher\":{\"@id\":\"https:\\\/\\\/teslafm.net\\\/#organization\"},\"potentialAction\":[{\"@type\":\"SearchAction\",\"target\":{\"@type\":\"EntryPoint\",\"urlTemplate\":\"https:\\\/\\\/teslafm.net\\\/?s={search_term_string}\"},\"query-input\":{\"@type\":\"PropertyValueSpecification\",\"valueRequired\":true,\"valueName\":\"search_term_string\"}}],\"inLanguage\":\"en-US\"},{\"@type\":\"Organization\",\"@id\":\"https:\\\/\\\/teslafm.net\\\/#organization\",\"name\":\"TeslaFM\",\"url\":\"https:\\\/\\\/teslafm.net\\\/\",\"logo\":{\"@type\":\"ImageObject\",\"inLanguage\":\"en-US\",\"@id\":\"https:\\\/\\\/teslafm.net\\\/#\\\/schema\\\/logo\\\/image\\\/\",\"url\":\"https:\\\/\\\/teslafm.net\\\/wp-content\\\/uploads\\\/2020\\\/06\\\/logo-tesla.png\",\"contentUrl\":\"https:\\\/\\\/teslafm.net\\\/wp-content\\\/uploads\\\/2020\\\/06\\\/logo-tesla.png\",\"width\":512,\"height\":512,\"caption\":\"TeslaFM\"},\"image\":{\"@id\":\"https:\\\/\\\/teslafm.net\\\/#\\\/schema\\\/logo\\\/image\\\/\"},\"sameAs\":[\"https:\\\/\\\/www.facebook.com\\\/teslafm.net\",\"https:\\\/\\\/x.com\\\/teslafm\"]}]}<\/script>\n<!-- \/ Yoast SEO plugin. -->","yoast_head_json":{"title":"Modulisme #2 -","robots":{"index":"index","follow":"follow","max-snippet":"max-snippet:-1","max-image-preview":"max-image-preview:large","max-video-preview":"max-video-preview:-1"},"canonical":"https:\/\/teslafm.net\/en\/modulisme-2\/","og_locale":"en_US","og_type":"article","og_title":"Modulisme #2 -","og_description":"Modulisme #2 Serge-O-Voxes \/ voices for the Serge I Serge-O-Voxes :: Voices For The Serge estalla como complemento de la segunda entrega de nuestro I.T.A.T.I.O.M. serie que trata sobre inventores que hablan de sus instrumentos o m\u00f3dulos. Reuniendo m\u00fasicos del m\u00edtico sistema anal\u00f3gico SERGE dise\u00f1ado por Serge Tcherepnin en 1973.Durante este programa oiremos a Todd [&hellip;]","og_url":"https:\/\/teslafm.net\/en\/modulisme-2\/","article_publisher":"https:\/\/www.facebook.com\/teslafm.net","article_modified_time":"2022-10-22T09:35:46+00:00","og_image":[{"url":"https:\/\/teslafm.net\/wp-content\/uploads\/2022\/10\/1.jpg","type":"","width":"","height":""}],"twitter_card":"summary_large_image","twitter_site":"@teslafm","twitter_misc":{"Est. reading time":"1 minute"},"schema":{"@context":"https:\/\/schema.org","@graph":[{"@type":"WebPage","@id":"https:\/\/teslafm.net\/modulisme-2\/","url":"https:\/\/teslafm.net\/modulisme-2\/","name":"Modulisme #2 -","isPartOf":{"@id":"https:\/\/teslafm.net\/#website"},"primaryImageOfPage":{"@id":"https:\/\/teslafm.net\/modulisme-2\/#primaryimage"},"image":{"@id":"https:\/\/teslafm.net\/modulisme-2\/#primaryimage"},"thumbnailUrl":"https:\/\/teslafm.net\/wp-content\/uploads\/2022\/10\/1.jpg","datePublished":"2022-10-22T09:25:59+00:00","dateModified":"2022-10-22T09:35:46+00:00","breadcrumb":{"@id":"https:\/\/teslafm.net\/modulisme-2\/#breadcrumb"},"inLanguage":"en-US","potentialAction":[{"@type":"ReadAction","target":["https:\/\/teslafm.net\/modulisme-2\/"]}]},{"@type":"ImageObject","inLanguage":"en-US","@id":"https:\/\/teslafm.net\/modulisme-2\/#primaryimage","url":"https:\/\/teslafm.net\/wp-content\/uploads\/2022\/10\/1.jpg","contentUrl":"https:\/\/teslafm.net\/wp-content\/uploads\/2022\/10\/1.jpg"},{"@type":"BreadcrumbList","@id":"https:\/\/teslafm.net\/modulisme-2\/#breadcrumb","itemListElement":[{"@type":"ListItem","position":1,"name":"Portada","item":"https:\/\/teslafm.net\/"},{"@type":"ListItem","position":2,"name":"Modulisme #2"}]},{"@type":"WebSite","@id":"https:\/\/teslafm.net\/#website","url":"https:\/\/teslafm.net\/","name":"TeslaFM","description":"An experimental and creative radio","publisher":{"@id":"https:\/\/teslafm.net\/#organization"},"potentialAction":[{"@type":"SearchAction","target":{"@type":"EntryPoint","urlTemplate":"https:\/\/teslafm.net\/?s={search_term_string}"},"query-input":{"@type":"PropertyValueSpecification","valueRequired":true,"valueName":"search_term_string"}}],"inLanguage":"en-US"},{"@type":"Organization","@id":"https:\/\/teslafm.net\/#organization","name":"TeslaFM","url":"https:\/\/teslafm.net\/","logo":{"@type":"ImageObject","inLanguage":"en-US","@id":"https:\/\/teslafm.net\/#\/schema\/logo\/image\/","url":"https:\/\/teslafm.net\/wp-content\/uploads\/2020\/06\/logo-tesla.png","contentUrl":"https:\/\/teslafm.net\/wp-content\/uploads\/2020\/06\/logo-tesla.png","width":512,"height":512,"caption":"TeslaFM"},"image":{"@id":"https:\/\/teslafm.net\/#\/schema\/logo\/image\/"},"sameAs":["https:\/\/www.facebook.com\/teslafm.net","https:\/\/x.com\/teslafm"]}]}},"rttpg_featured_image_url":null,"rttpg_author":{"display_name":"Ishak","author_link":"https:\/\/teslafm.net\/en\/author\/cravan\/"},"rttpg_comment":0,"rttpg_category":null,"rttpg_excerpt":"Modulisme #2 Serge-O-Voxes \/ voices for the Serge I Serge-O-Voxes :: Voices For The Serge estalla como complemento de la segunda entrega de nuestro I.T.A.T.I.O.M. serie que trata sobre inventores que hablan de sus instrumentos o m\u00f3dulos. Reuniendo m\u00fasicos del m\u00edtico sistema anal\u00f3gico SERGE dise\u00f1ado por Serge Tcherepnin en 1973.Durante este programa oiremos a Todd&hellip;","_links":{"self":[{"href":"https:\/\/teslafm.net\/en\/wp-json\/wp\/v2\/pages\/60602","targetHints":{"allow":["GET"]}}],"collection":[{"href":"https:\/\/teslafm.net\/en\/wp-json\/wp\/v2\/pages"}],"about":[{"href":"https:\/\/teslafm.net\/en\/wp-json\/wp\/v2\/types\/page"}],"author":[{"embeddable":true,"href":"https:\/\/teslafm.net\/en\/wp-json\/wp\/v2\/users\/19"}],"replies":[{"embeddable":true,"href":"https:\/\/teslafm.net\/en\/wp-json\/wp\/v2\/comments?post=60602"}],"version-history":[{"count":10,"href":"https:\/\/teslafm.net\/en\/wp-json\/wp\/v2\/pages\/60602\/revisions"}],"predecessor-version":[{"id":60617,"href":"https:\/\/teslafm.net\/en\/wp-json\/wp\/v2\/pages\/60602\/revisions\/60617"}],"wp:attachment":[{"href":"https:\/\/teslafm.net\/en\/wp-json\/wp\/v2\/media?parent=60602"}],"curies":[{"name":"wp","href":"https:\/\/api.w.org\/{rel}","templated":true}]}}