

{"id":60619,"date":"2022-10-25T15:58:08","date_gmt":"2022-10-25T13:58:08","guid":{"rendered":"https:\/\/teslafm.net\/?page_id=60619"},"modified":"2022-10-25T16:14:52","modified_gmt":"2022-10-25T14:14:52","slug":"space-oddity-recollection-37","status":"publish","type":"page","link":"https:\/\/teslafm.net\/en\/space-oddity-recollection-37\/","title":{"rendered":"Space Oddity Recollection #37"},"content":{"rendered":"<div data-elementor-type=\"wp-page\" data-elementor-id=\"60619\" class=\"elementor elementor-60619\">\n\t\t\t\t\t\t<section class=\"elementor-section elementor-top-section elementor-element elementor-element-7ddd3076 elementor-section-boxed elementor-section-height-default elementor-section-height-default\" data-id=\"7ddd3076\" data-element_type=\"section\" data-e-type=\"section\">\n\t\t\t\t\t\t<div class=\"elementor-container elementor-column-gap-default\">\n\t\t\t\t\t<div class=\"elementor-column elementor-col-100 elementor-top-column elementor-element elementor-element-4c5ab71\" data-id=\"4c5ab71\" data-element_type=\"column\" data-e-type=\"column\">\n\t\t\t<div class=\"elementor-widget-wrap elementor-element-populated\">\n\t\t\t\t\t\t<div class=\"elementor-element elementor-element-20381274 elementor-widget elementor-widget-text-editor\" data-id=\"20381274\" data-element_type=\"widget\" data-e-type=\"widget\" data-widget_type=\"text-editor.default\">\n\t\t\t\t<div class=\"elementor-widget-container\">\n\t\t\t\t\t\t\t\t\t<h2><span style=\"color: #ffffff;\"><strong>Space Oddity Recollection #37<\/strong><\/span><\/h2><p><span style=\"color: #808080;\"><em>October 2022<\/em><\/span><\/p><p><iframe src=\"https:\/\/www.mixcloud.com\/widget\/iframe\/?hide_cover=1&amp;feed=%2FTeslafm_net%2Fspace-oditty-recollection-37-monika-pich%2F\" width=\"100%\" height=\"120\" frameborder=\"0\"><\/iframe><\/p>\t\t\t\t\t\t\t\t<\/div>\n\t\t\t\t<\/div>\n\t\t\t\t\t<\/div>\n\t\t<\/div>\n\t\t\t\t\t<\/div>\n\t\t<\/section>\n\t\t\t\t<section class=\"elementor-section elementor-top-section elementor-element elementor-element-7249ff3 elementor-section-boxed elementor-section-height-default elementor-section-height-default\" data-id=\"7249ff3\" data-element_type=\"section\" data-e-type=\"section\">\n\t\t\t\t\t\t<div class=\"elementor-container elementor-column-gap-default\">\n\t\t\t\t\t<div class=\"elementor-column elementor-col-50 elementor-top-column elementor-element elementor-element-270d6dd\" data-id=\"270d6dd\" data-element_type=\"column\" data-e-type=\"column\">\n\t\t\t<div class=\"elementor-widget-wrap elementor-element-populated\">\n\t\t\t\t\t\t<div class=\"elementor-element elementor-element-1ff354e elementor-widget elementor-widget-image\" data-id=\"1ff354e\" data-element_type=\"widget\" data-e-type=\"widget\" data-widget_type=\"image.default\">\n\t\t\t\t<div class=\"elementor-widget-container\">\n\t\t\t\t\t\t\t\t\t\t\t\t\t\t\t<img fetchpriority=\"high\" decoding=\"async\" width=\"567\" height=\"567\" src=\"https:\/\/teslafm.net\/wp-content\/uploads\/2022\/10\/A_Slyz_credits-Tomasz_Koszewnik.jpg\" class=\"attachment-large size-large wp-image-60621\" alt=\"\" srcset=\"https:\/\/teslafm.net\/wp-content\/uploads\/2022\/10\/A_Slyz_credits-Tomasz_Koszewnik.jpg 567w, https:\/\/teslafm.net\/wp-content\/uploads\/2022\/10\/A_Slyz_credits-Tomasz_Koszewnik-300x300.jpg 300w, https:\/\/teslafm.net\/wp-content\/uploads\/2022\/10\/A_Slyz_credits-Tomasz_Koszewnik-150x150.jpg 150w\" sizes=\"(max-width: 567px) 100vw, 567px\" \/>\t\t\t\t\t\t\t\t\t\t\t\t\t\t\t<\/div>\n\t\t\t\t<\/div>\n\t\t\t\t\t<\/div>\n\t\t<\/div>\n\t\t\t\t<div class=\"elementor-column elementor-col-50 elementor-top-column elementor-element elementor-element-237cc32\" data-id=\"237cc32\" data-element_type=\"column\" data-e-type=\"column\">\n\t\t\t<div class=\"elementor-widget-wrap elementor-element-populated\">\n\t\t\t\t\t\t<div class=\"elementor-element elementor-element-7c44b75 elementor-widget elementor-widget-text-editor\" data-id=\"7c44b75\" data-element_type=\"widget\" data-e-type=\"widget\" data-widget_type=\"text-editor.default\">\n\t\t\t\t<div class=\"elementor-widget-container\">\n\t\t\t\t\t\t\t\t\t<p><span style=\"color: #808080;\"><strong>Aleksandra S\u0142y\u017c<\/strong>Polish composer, designer and sound engineer, member of the platform <em>We Are Europe and SHAPE+<\/em>. Since 2017 she has been conducting artistic research, which applies practical experiments on movement\/gesture sounding and human proprioceptive reflexes, as well as different types of interaction. In the presented album entitled <em>\"A Vibrant Touch\"<\/em> and his live performances, he has been trying to find subtle connections between acoustic instruments and modular synthesizers, creating rich and diverse drone structures, which pulsate and resonate slowly but intensely within the surrounding space and the listener. The album was recorded between January 2020 and October 2021 in Pozna\u0144 with the participation of. <strong>Marcus W\u00e4rnheim<\/strong> to the alto saxophone, <strong>Kosma M\u0171ller<\/strong> to the violin, <strong>Kamil Babka<\/strong> to the viola, <strong>Anna Szmato\u0142a<\/strong> cello and <strong>Aleksandra S\u0142y\u017c<\/strong> to modular synthesizers. Aleksandra S\u0142y\u017c's works have been presented at various music and film festivals in Europe and the United States, e.g., Avant Art Festival, Between Festival, Kiev Music Festival, Open Source Art, Sanatorium of Sound, Unsound, Up To Date Festival.<\/span><\/p><p><span style=\"color: #808080;\">Links:<\/span><br \/><a href=\"http:\/\/www.aleksandraslyz.com\" target=\"_blank\" rel=\"noopener\">http:\/\/www.aleksandraslyz.com<\/a><br \/><a href=\"http:\/\/www.soundcloud.com\/aleksandra_slyz\" target=\"_blank\" rel=\"noopener\">http:\/\/www.soundcloud.com\/aleksandra_slyz<\/a> <a href=\"http:\/\/www.slyzaleksandra.bandcamp.com\/\" target=\"_blank\" rel=\"noopener\">http:\/\/www.slyzaleksandra.bandcamp.com\/<\/a><br \/><a href=\"https:\/\/www.instagram.com\/aleksandra.slyz\/\" target=\"_blank\" rel=\"noopener\">www.instagram.com\/aleksandra.slyz<\/a><\/p><p><span style=\"color: #808080;\">Enjoy the mixtrack, October 2022', produced by <strong>monikapich<\/strong><\/span><\/p>\t\t\t\t\t\t\t\t<\/div>\n\t\t\t\t<\/div>\n\t\t\t\t\t<\/div>\n\t\t<\/div>\n\t\t\t\t\t<\/div>\n\t\t<\/section>\n\t\t\t\t<\/div>","protected":false},"excerpt":{"rendered":"<p>Space Oddity Recollection #37 Octubre 2022 Aleksandra S\u0142y\u017c, compositora, dise\u00f1adora e ingeniera de sonido polaca, miembro de la plataforma We Are Europe y SHAPE+. Desde 2017 realiza investigaci\u00f3n art\u00edstica, la cual aplica experimentos pr\u00e1cticos sobre sonorizaci\u00f3n de movimiento\/gesto y reflejos propioceptivos humanos, as\u00ed como diferentes tipos de interacci\u00f3n. En el \u00e1lbum presentado titulado \u00abA Vibrant [&hellip;]<\/p>\n","protected":false},"author":19,"featured_media":0,"parent":0,"menu_order":0,"comment_status":"closed","ping_status":"closed","template":"","meta":{"footnotes":""},"class_list":["post-60619","page","type-page","status-publish","hentry"],"yoast_head":"<!-- This site is optimized with the Yoast SEO plugin v27.4 - https:\/\/yoast.com\/product\/yoast-seo-wordpress\/ -->\n<title>Space Oddity Recollection #37 -<\/title>\n<meta name=\"robots\" content=\"index, follow, max-snippet:-1, max-image-preview:large, max-video-preview:-1\" \/>\n<link rel=\"canonical\" href=\"https:\/\/teslafm.net\/en\/space-oddity-recollection-37\/\" \/>\n<meta property=\"og:locale\" content=\"en_US\" \/>\n<meta property=\"og:type\" content=\"article\" \/>\n<meta property=\"og:title\" content=\"Space Oddity Recollection #37 -\" \/>\n<meta property=\"og:description\" content=\"Space Oddity Recollection #37 Octubre 2022 Aleksandra S\u0142y\u017c, compositora, dise\u00f1adora e ingeniera de sonido polaca, miembro de la plataforma We Are Europe y SHAPE+. Desde 2017 realiza investigaci\u00f3n art\u00edstica, la cual aplica experimentos pr\u00e1cticos sobre sonorizaci\u00f3n de movimiento\/gesto y reflejos propioceptivos humanos, as\u00ed como diferentes tipos de interacci\u00f3n. En el \u00e1lbum presentado titulado \u00abA Vibrant [&hellip;]\" \/>\n<meta property=\"og:url\" content=\"https:\/\/teslafm.net\/en\/space-oddity-recollection-37\/\" \/>\n<meta property=\"article:publisher\" content=\"https:\/\/www.facebook.com\/teslafm.net\" \/>\n<meta property=\"article:modified_time\" content=\"2022-10-25T14:14:52+00:00\" \/>\n<meta property=\"og:image\" content=\"https:\/\/teslafm.net\/wp-content\/uploads\/2022\/10\/A_Slyz_credits-Tomasz_Koszewnik.jpg\" \/>\n<meta name=\"twitter:card\" content=\"summary_large_image\" \/>\n<meta name=\"twitter:site\" content=\"@teslafm\" \/>\n<meta name=\"twitter:label1\" content=\"Est. reading time\" \/>\n\t<meta name=\"twitter:data1\" content=\"2 minutes\" \/>\n<script type=\"application\/ld+json\" class=\"yoast-schema-graph\">{\"@context\":\"https:\\\/\\\/schema.org\",\"@graph\":[{\"@type\":\"WebPage\",\"@id\":\"https:\\\/\\\/teslafm.net\\\/space-oddity-recollection-37\\\/\",\"url\":\"https:\\\/\\\/teslafm.net\\\/space-oddity-recollection-37\\\/\",\"name\":\"Space Oddity Recollection #37 -\",\"isPartOf\":{\"@id\":\"https:\\\/\\\/teslafm.net\\\/#website\"},\"primaryImageOfPage\":{\"@id\":\"https:\\\/\\\/teslafm.net\\\/space-oddity-recollection-37\\\/#primaryimage\"},\"image\":{\"@id\":\"https:\\\/\\\/teslafm.net\\\/space-oddity-recollection-37\\\/#primaryimage\"},\"thumbnailUrl\":\"https:\\\/\\\/teslafm.net\\\/wp-content\\\/uploads\\\/2022\\\/10\\\/A_Slyz_credits-Tomasz_Koszewnik.jpg\",\"datePublished\":\"2022-10-25T13:58:08+00:00\",\"dateModified\":\"2022-10-25T14:14:52+00:00\",\"breadcrumb\":{\"@id\":\"https:\\\/\\\/teslafm.net\\\/space-oddity-recollection-37\\\/#breadcrumb\"},\"inLanguage\":\"en-US\",\"potentialAction\":[{\"@type\":\"ReadAction\",\"target\":[\"https:\\\/\\\/teslafm.net\\\/space-oddity-recollection-37\\\/\"]}]},{\"@type\":\"ImageObject\",\"inLanguage\":\"en-US\",\"@id\":\"https:\\\/\\\/teslafm.net\\\/space-oddity-recollection-37\\\/#primaryimage\",\"url\":\"https:\\\/\\\/teslafm.net\\\/wp-content\\\/uploads\\\/2022\\\/10\\\/A_Slyz_credits-Tomasz_Koszewnik.jpg\",\"contentUrl\":\"https:\\\/\\\/teslafm.net\\\/wp-content\\\/uploads\\\/2022\\\/10\\\/A_Slyz_credits-Tomasz_Koszewnik.jpg\"},{\"@type\":\"BreadcrumbList\",\"@id\":\"https:\\\/\\\/teslafm.net\\\/space-oddity-recollection-37\\\/#breadcrumb\",\"itemListElement\":[{\"@type\":\"ListItem\",\"position\":1,\"name\":\"Portada\",\"item\":\"https:\\\/\\\/teslafm.net\\\/\"},{\"@type\":\"ListItem\",\"position\":2,\"name\":\"Space Oddity Recollection #37\"}]},{\"@type\":\"WebSite\",\"@id\":\"https:\\\/\\\/teslafm.net\\\/#website\",\"url\":\"https:\\\/\\\/teslafm.net\\\/\",\"name\":\"TeslaFM\",\"description\":\"An experimental and creative radio\",\"publisher\":{\"@id\":\"https:\\\/\\\/teslafm.net\\\/#organization\"},\"potentialAction\":[{\"@type\":\"SearchAction\",\"target\":{\"@type\":\"EntryPoint\",\"urlTemplate\":\"https:\\\/\\\/teslafm.net\\\/?s={search_term_string}\"},\"query-input\":{\"@type\":\"PropertyValueSpecification\",\"valueRequired\":true,\"valueName\":\"search_term_string\"}}],\"inLanguage\":\"en-US\"},{\"@type\":\"Organization\",\"@id\":\"https:\\\/\\\/teslafm.net\\\/#organization\",\"name\":\"TeslaFM\",\"url\":\"https:\\\/\\\/teslafm.net\\\/\",\"logo\":{\"@type\":\"ImageObject\",\"inLanguage\":\"en-US\",\"@id\":\"https:\\\/\\\/teslafm.net\\\/#\\\/schema\\\/logo\\\/image\\\/\",\"url\":\"https:\\\/\\\/teslafm.net\\\/wp-content\\\/uploads\\\/2020\\\/06\\\/logo-tesla.png\",\"contentUrl\":\"https:\\\/\\\/teslafm.net\\\/wp-content\\\/uploads\\\/2020\\\/06\\\/logo-tesla.png\",\"width\":512,\"height\":512,\"caption\":\"TeslaFM\"},\"image\":{\"@id\":\"https:\\\/\\\/teslafm.net\\\/#\\\/schema\\\/logo\\\/image\\\/\"},\"sameAs\":[\"https:\\\/\\\/www.facebook.com\\\/teslafm.net\",\"https:\\\/\\\/x.com\\\/teslafm\"]}]}<\/script>\n<!-- \/ Yoast SEO plugin. -->","yoast_head_json":{"title":"Space Oddity Recollection #37 -","robots":{"index":"index","follow":"follow","max-snippet":"max-snippet:-1","max-image-preview":"max-image-preview:large","max-video-preview":"max-video-preview:-1"},"canonical":"https:\/\/teslafm.net\/en\/space-oddity-recollection-37\/","og_locale":"en_US","og_type":"article","og_title":"Space Oddity Recollection #37 -","og_description":"Space Oddity Recollection #37 Octubre 2022 Aleksandra S\u0142y\u017c, compositora, dise\u00f1adora e ingeniera de sonido polaca, miembro de la plataforma We Are Europe y SHAPE+. Desde 2017 realiza investigaci\u00f3n art\u00edstica, la cual aplica experimentos pr\u00e1cticos sobre sonorizaci\u00f3n de movimiento\/gesto y reflejos propioceptivos humanos, as\u00ed como diferentes tipos de interacci\u00f3n. En el \u00e1lbum presentado titulado \u00abA Vibrant [&hellip;]","og_url":"https:\/\/teslafm.net\/en\/space-oddity-recollection-37\/","article_publisher":"https:\/\/www.facebook.com\/teslafm.net","article_modified_time":"2022-10-25T14:14:52+00:00","og_image":[{"url":"https:\/\/teslafm.net\/wp-content\/uploads\/2022\/10\/A_Slyz_credits-Tomasz_Koszewnik.jpg","type":"","width":"","height":""}],"twitter_card":"summary_large_image","twitter_site":"@teslafm","twitter_misc":{"Est. reading time":"2 minutes"},"schema":{"@context":"https:\/\/schema.org","@graph":[{"@type":"WebPage","@id":"https:\/\/teslafm.net\/space-oddity-recollection-37\/","url":"https:\/\/teslafm.net\/space-oddity-recollection-37\/","name":"Space Oddity Recollection #37 -","isPartOf":{"@id":"https:\/\/teslafm.net\/#website"},"primaryImageOfPage":{"@id":"https:\/\/teslafm.net\/space-oddity-recollection-37\/#primaryimage"},"image":{"@id":"https:\/\/teslafm.net\/space-oddity-recollection-37\/#primaryimage"},"thumbnailUrl":"https:\/\/teslafm.net\/wp-content\/uploads\/2022\/10\/A_Slyz_credits-Tomasz_Koszewnik.jpg","datePublished":"2022-10-25T13:58:08+00:00","dateModified":"2022-10-25T14:14:52+00:00","breadcrumb":{"@id":"https:\/\/teslafm.net\/space-oddity-recollection-37\/#breadcrumb"},"inLanguage":"en-US","potentialAction":[{"@type":"ReadAction","target":["https:\/\/teslafm.net\/space-oddity-recollection-37\/"]}]},{"@type":"ImageObject","inLanguage":"en-US","@id":"https:\/\/teslafm.net\/space-oddity-recollection-37\/#primaryimage","url":"https:\/\/teslafm.net\/wp-content\/uploads\/2022\/10\/A_Slyz_credits-Tomasz_Koszewnik.jpg","contentUrl":"https:\/\/teslafm.net\/wp-content\/uploads\/2022\/10\/A_Slyz_credits-Tomasz_Koszewnik.jpg"},{"@type":"BreadcrumbList","@id":"https:\/\/teslafm.net\/space-oddity-recollection-37\/#breadcrumb","itemListElement":[{"@type":"ListItem","position":1,"name":"Portada","item":"https:\/\/teslafm.net\/"},{"@type":"ListItem","position":2,"name":"Space Oddity Recollection #37"}]},{"@type":"WebSite","@id":"https:\/\/teslafm.net\/#website","url":"https:\/\/teslafm.net\/","name":"TeslaFM","description":"An experimental and creative radio","publisher":{"@id":"https:\/\/teslafm.net\/#organization"},"potentialAction":[{"@type":"SearchAction","target":{"@type":"EntryPoint","urlTemplate":"https:\/\/teslafm.net\/?s={search_term_string}"},"query-input":{"@type":"PropertyValueSpecification","valueRequired":true,"valueName":"search_term_string"}}],"inLanguage":"en-US"},{"@type":"Organization","@id":"https:\/\/teslafm.net\/#organization","name":"TeslaFM","url":"https:\/\/teslafm.net\/","logo":{"@type":"ImageObject","inLanguage":"en-US","@id":"https:\/\/teslafm.net\/#\/schema\/logo\/image\/","url":"https:\/\/teslafm.net\/wp-content\/uploads\/2020\/06\/logo-tesla.png","contentUrl":"https:\/\/teslafm.net\/wp-content\/uploads\/2020\/06\/logo-tesla.png","width":512,"height":512,"caption":"TeslaFM"},"image":{"@id":"https:\/\/teslafm.net\/#\/schema\/logo\/image\/"},"sameAs":["https:\/\/www.facebook.com\/teslafm.net","https:\/\/x.com\/teslafm"]}]}},"rttpg_featured_image_url":null,"rttpg_author":{"display_name":"Ishak","author_link":"https:\/\/teslafm.net\/en\/author\/cravan\/"},"rttpg_comment":0,"rttpg_category":null,"rttpg_excerpt":"Space Oddity Recollection #37 Octubre 2022 Aleksandra S\u0142y\u017c, compositora, dise\u00f1adora e ingeniera de sonido polaca, miembro de la plataforma We Are Europe y SHAPE+. Desde 2017 realiza investigaci\u00f3n art\u00edstica, la cual aplica experimentos pr\u00e1cticos sobre sonorizaci\u00f3n de movimiento\/gesto y reflejos propioceptivos humanos, as\u00ed como diferentes tipos de interacci\u00f3n. En el \u00e1lbum presentado titulado \u00abA Vibrant&hellip;","_links":{"self":[{"href":"https:\/\/teslafm.net\/en\/wp-json\/wp\/v2\/pages\/60619","targetHints":{"allow":["GET"]}}],"collection":[{"href":"https:\/\/teslafm.net\/en\/wp-json\/wp\/v2\/pages"}],"about":[{"href":"https:\/\/teslafm.net\/en\/wp-json\/wp\/v2\/types\/page"}],"author":[{"embeddable":true,"href":"https:\/\/teslafm.net\/en\/wp-json\/wp\/v2\/users\/19"}],"replies":[{"embeddable":true,"href":"https:\/\/teslafm.net\/en\/wp-json\/wp\/v2\/comments?post=60619"}],"version-history":[{"count":13,"href":"https:\/\/teslafm.net\/en\/wp-json\/wp\/v2\/pages\/60619\/revisions"}],"predecessor-version":[{"id":60635,"href":"https:\/\/teslafm.net\/en\/wp-json\/wp\/v2\/pages\/60619\/revisions\/60635"}],"wp:attachment":[{"href":"https:\/\/teslafm.net\/en\/wp-json\/wp\/v2\/media?parent=60619"}],"curies":[{"name":"wp","href":"https:\/\/api.w.org\/{rel}","templated":true}]}}