

{"id":60699,"date":"2022-11-07T21:09:09","date_gmt":"2022-11-07T20:09:09","guid":{"rendered":"https:\/\/teslafm.net\/?page_id=60699"},"modified":"2022-11-07T21:11:03","modified_gmt":"2022-11-07T20:11:03","slug":"ananke-41","status":"publish","type":"page","link":"https:\/\/teslafm.net\/en\/ananke-41\/","title":{"rendered":"Anank\u00e9 #41"},"content":{"rendered":"<h2><span style=\"color: #ffffff;\"><strong>Anank\u00e9 Chapter XLI<\/strong><\/span><\/h2>\n<p><span style=\"color: #808080;\"><em>October 2022<\/em><\/span><\/p>\n<p><iframe src=\"https:\/\/www.mixcloud.com\/widget\/iframe\/?hide_cover=1&amp;feed=%2FTeslafm_net%2Fanank%C3%A9-41-jaco%2F\" width=\"100%\" height=\"120\" frameborder=\"0\"><\/iframe><\/p>\n<p><span style=\"color: #808080;\">01. <strong>Anadol<\/strong> - 78 Ylilinin En Uzun Dakikasi - Uzun Havalar (Kinship, 2018).<\/span><br \/>\n<span style=\"color: #808080;\">02. <strong>Oscar Barras<\/strong> - A Faithful Replica - The Time Of Flowers (Mascarpone, 2022)<\/span><br \/>\n<span style=\"color: #808080;\">03. <strong>Maxine Funke<\/strong> - Moody Relish - Seance (A Colourful Storm, 2021)<\/span><br \/>\n<span style=\"color: #808080;\">04. <strong>Daniel Rossen<\/strong> - Shadow in the Frame - You Belong There (Warp, 2022)<\/span><br \/>\n<span style=\"color: #808080;\">05. <strong>Big Thief<\/strong> - Time Escaping - Dragon New Warm Mountain I Believe In You (4AD, 2022)<\/span><br \/>\n<span style=\"color: #808080;\">06. <strong>Bark Psychosis<\/strong> - The Black Meat - \/\/\/Codename: Dustsucker (Fire, 2004\/2022)<\/span><br \/>\n<span style=\"color: #808080;\">07. <strong>Th Blisks<\/strong> - Guesthouse - How So? (Altered States, 2022)<\/span><br \/>\n<span style=\"color: #808080;\">08. <strong>Genius Perfume<\/strong> - Photograph - Ugly Season (Matador, 2022)<\/span><br \/>\n<span style=\"color: #808080;\">09. <strong>Beach House<\/strong> - Once Twice Melody - Once Twice Melody (Sub Pop, 2022)<\/span><br \/>\n<span style=\"color: #808080;\">10. <strong>Stereolab<\/strong> - Symbolic Logic of Now! - Pulse of the Early Brain (Switched On Volume 5) (Duophonic, 2022)<\/span><br \/>\n<span style=\"color: #808080;\">11. <strong>Vanishing Twin<\/strong> - Zuum - Ookii Gekkou (Fire, 2021)<\/span><br \/>\n<span style=\"color: #808080;\">12. <strong>Concentration<\/strong> - Diet of Worms - Aren't You Gonna Introduce Me to Your Friend? (Avon Terror Corps, 2022)<\/span><br \/>\n<span style=\"color: #808080;\">13. <strong>Cocteau Twins<\/strong> - I Wear Your Ring - Heaven or Las Vegas (4AD, 1990)<\/span><\/p>","protected":false},"excerpt":{"rendered":"<p>Anank\u00e9 Cap\u00edtulo XLI Octubre 2022 01. Anadol &#8211; 78 Ylilinin En Uzun Dakikasi &#8211; Uzun Havalar (Kinship, 2018) 02. Oscar Barras &#8211; Una R\u00e9plica Fiel &#8211; El Tiempo De Las Flores (Mascarpone, 2022) 03. Maxine Funke &#8211; Moody Relish &#8211; Seance (A Colourful Storm, 2021) 04. Daniel Rossen &#8211; Shadow in the Frame &#8211; You [&hellip;]<\/p>\n","protected":false},"author":19,"featured_media":0,"parent":0,"menu_order":0,"comment_status":"closed","ping_status":"closed","template":"","meta":{"footnotes":""},"class_list":["post-60699","page","type-page","status-publish","hentry"],"yoast_head":"<!-- This site is optimized with the Yoast SEO plugin v27.4 - https:\/\/yoast.com\/product\/yoast-seo-wordpress\/ -->\n<title>Anank\u00e9 #41 -<\/title>\n<meta name=\"robots\" content=\"index, follow, max-snippet:-1, max-image-preview:large, max-video-preview:-1\" \/>\n<link rel=\"canonical\" href=\"https:\/\/teslafm.net\/en\/ananke-41\/\" \/>\n<meta property=\"og:locale\" content=\"en_US\" \/>\n<meta property=\"og:type\" content=\"article\" \/>\n<meta property=\"og:title\" content=\"Anank\u00e9 #41 -\" \/>\n<meta property=\"og:description\" content=\"Anank\u00e9 Cap\u00edtulo XLI Octubre 2022 01. Anadol &#8211; 78 Ylilinin En Uzun Dakikasi &#8211; Uzun Havalar (Kinship, 2018) 02. Oscar Barras &#8211; Una R\u00e9plica Fiel &#8211; El Tiempo De Las Flores (Mascarpone, 2022) 03. Maxine Funke &#8211; Moody Relish &#8211; Seance (A Colourful Storm, 2021) 04. Daniel Rossen &#8211; Shadow in the Frame &#8211; You [&hellip;]\" \/>\n<meta property=\"og:url\" content=\"https:\/\/teslafm.net\/en\/ananke-41\/\" \/>\n<meta property=\"article:publisher\" content=\"https:\/\/www.facebook.com\/teslafm.net\" \/>\n<meta property=\"article:modified_time\" content=\"2022-11-07T20:11:03+00:00\" \/>\n<meta property=\"og:image\" content=\"https:\/\/teslafm.net\/wp-content\/uploads\/2022\/09\/header-image-4-temp.png\" \/>\n\t<meta property=\"og:image:width\" content=\"1274\" \/>\n\t<meta property=\"og:image:height\" content=\"818\" \/>\n\t<meta property=\"og:image:type\" content=\"image\/png\" \/>\n<meta name=\"twitter:card\" content=\"summary_large_image\" \/>\n<meta name=\"twitter:site\" content=\"@teslafm\" \/>\n<meta name=\"twitter:label1\" content=\"Est. reading time\" \/>\n\t<meta name=\"twitter:data1\" content=\"1 minute\" \/>\n<script type=\"application\/ld+json\" class=\"yoast-schema-graph\">{\"@context\":\"https:\\\/\\\/schema.org\",\"@graph\":[{\"@type\":\"WebPage\",\"@id\":\"https:\\\/\\\/teslafm.net\\\/ananke-41\\\/\",\"url\":\"https:\\\/\\\/teslafm.net\\\/ananke-41\\\/\",\"name\":\"Anank\u00e9 #41 -\",\"isPartOf\":{\"@id\":\"https:\\\/\\\/teslafm.net\\\/#website\"},\"datePublished\":\"2022-11-07T20:09:09+00:00\",\"dateModified\":\"2022-11-07T20:11:03+00:00\",\"breadcrumb\":{\"@id\":\"https:\\\/\\\/teslafm.net\\\/ananke-41\\\/#breadcrumb\"},\"inLanguage\":\"en-US\",\"potentialAction\":[{\"@type\":\"ReadAction\",\"target\":[\"https:\\\/\\\/teslafm.net\\\/ananke-41\\\/\"]}]},{\"@type\":\"BreadcrumbList\",\"@id\":\"https:\\\/\\\/teslafm.net\\\/ananke-41\\\/#breadcrumb\",\"itemListElement\":[{\"@type\":\"ListItem\",\"position\":1,\"name\":\"Portada\",\"item\":\"https:\\\/\\\/teslafm.net\\\/\"},{\"@type\":\"ListItem\",\"position\":2,\"name\":\"Anank\u00e9 #41\"}]},{\"@type\":\"WebSite\",\"@id\":\"https:\\\/\\\/teslafm.net\\\/#website\",\"url\":\"https:\\\/\\\/teslafm.net\\\/\",\"name\":\"TeslaFM\",\"description\":\"An experimental and creative radio\",\"publisher\":{\"@id\":\"https:\\\/\\\/teslafm.net\\\/#organization\"},\"potentialAction\":[{\"@type\":\"SearchAction\",\"target\":{\"@type\":\"EntryPoint\",\"urlTemplate\":\"https:\\\/\\\/teslafm.net\\\/?s={search_term_string}\"},\"query-input\":{\"@type\":\"PropertyValueSpecification\",\"valueRequired\":true,\"valueName\":\"search_term_string\"}}],\"inLanguage\":\"en-US\"},{\"@type\":\"Organization\",\"@id\":\"https:\\\/\\\/teslafm.net\\\/#organization\",\"name\":\"TeslaFM\",\"url\":\"https:\\\/\\\/teslafm.net\\\/\",\"logo\":{\"@type\":\"ImageObject\",\"inLanguage\":\"en-US\",\"@id\":\"https:\\\/\\\/teslafm.net\\\/#\\\/schema\\\/logo\\\/image\\\/\",\"url\":\"https:\\\/\\\/teslafm.net\\\/wp-content\\\/uploads\\\/2020\\\/06\\\/logo-tesla.png\",\"contentUrl\":\"https:\\\/\\\/teslafm.net\\\/wp-content\\\/uploads\\\/2020\\\/06\\\/logo-tesla.png\",\"width\":512,\"height\":512,\"caption\":\"TeslaFM\"},\"image\":{\"@id\":\"https:\\\/\\\/teslafm.net\\\/#\\\/schema\\\/logo\\\/image\\\/\"},\"sameAs\":[\"https:\\\/\\\/www.facebook.com\\\/teslafm.net\",\"https:\\\/\\\/x.com\\\/teslafm\"]}]}<\/script>\n<!-- \/ Yoast SEO plugin. -->","yoast_head_json":{"title":"Anank\u00e9 #41 -","robots":{"index":"index","follow":"follow","max-snippet":"max-snippet:-1","max-image-preview":"max-image-preview:large","max-video-preview":"max-video-preview:-1"},"canonical":"https:\/\/teslafm.net\/en\/ananke-41\/","og_locale":"en_US","og_type":"article","og_title":"Anank\u00e9 #41 -","og_description":"Anank\u00e9 Cap\u00edtulo XLI Octubre 2022 01. Anadol &#8211; 78 Ylilinin En Uzun Dakikasi &#8211; Uzun Havalar (Kinship, 2018) 02. Oscar Barras &#8211; Una R\u00e9plica Fiel &#8211; El Tiempo De Las Flores (Mascarpone, 2022) 03. Maxine Funke &#8211; Moody Relish &#8211; Seance (A Colourful Storm, 2021) 04. Daniel Rossen &#8211; Shadow in the Frame &#8211; You [&hellip;]","og_url":"https:\/\/teslafm.net\/en\/ananke-41\/","article_publisher":"https:\/\/www.facebook.com\/teslafm.net","article_modified_time":"2022-11-07T20:11:03+00:00","og_image":[{"width":1274,"height":818,"url":"https:\/\/teslafm.net\/wp-content\/uploads\/2022\/09\/header-image-4-temp.png","type":"image\/png"}],"twitter_card":"summary_large_image","twitter_site":"@teslafm","twitter_misc":{"Est. reading time":"1 minute"},"schema":{"@context":"https:\/\/schema.org","@graph":[{"@type":"WebPage","@id":"https:\/\/teslafm.net\/ananke-41\/","url":"https:\/\/teslafm.net\/ananke-41\/","name":"Anank\u00e9 #41 -","isPartOf":{"@id":"https:\/\/teslafm.net\/#website"},"datePublished":"2022-11-07T20:09:09+00:00","dateModified":"2022-11-07T20:11:03+00:00","breadcrumb":{"@id":"https:\/\/teslafm.net\/ananke-41\/#breadcrumb"},"inLanguage":"en-US","potentialAction":[{"@type":"ReadAction","target":["https:\/\/teslafm.net\/ananke-41\/"]}]},{"@type":"BreadcrumbList","@id":"https:\/\/teslafm.net\/ananke-41\/#breadcrumb","itemListElement":[{"@type":"ListItem","position":1,"name":"Portada","item":"https:\/\/teslafm.net\/"},{"@type":"ListItem","position":2,"name":"Anank\u00e9 #41"}]},{"@type":"WebSite","@id":"https:\/\/teslafm.net\/#website","url":"https:\/\/teslafm.net\/","name":"TeslaFM","description":"An experimental and creative radio","publisher":{"@id":"https:\/\/teslafm.net\/#organization"},"potentialAction":[{"@type":"SearchAction","target":{"@type":"EntryPoint","urlTemplate":"https:\/\/teslafm.net\/?s={search_term_string}"},"query-input":{"@type":"PropertyValueSpecification","valueRequired":true,"valueName":"search_term_string"}}],"inLanguage":"en-US"},{"@type":"Organization","@id":"https:\/\/teslafm.net\/#organization","name":"TeslaFM","url":"https:\/\/teslafm.net\/","logo":{"@type":"ImageObject","inLanguage":"en-US","@id":"https:\/\/teslafm.net\/#\/schema\/logo\/image\/","url":"https:\/\/teslafm.net\/wp-content\/uploads\/2020\/06\/logo-tesla.png","contentUrl":"https:\/\/teslafm.net\/wp-content\/uploads\/2020\/06\/logo-tesla.png","width":512,"height":512,"caption":"TeslaFM"},"image":{"@id":"https:\/\/teslafm.net\/#\/schema\/logo\/image\/"},"sameAs":["https:\/\/www.facebook.com\/teslafm.net","https:\/\/x.com\/teslafm"]}]}},"rttpg_featured_image_url":null,"rttpg_author":{"display_name":"Ishak","author_link":"https:\/\/teslafm.net\/en\/author\/cravan\/"},"rttpg_comment":0,"rttpg_category":null,"rttpg_excerpt":"Anank\u00e9 Cap\u00edtulo XLI Octubre 2022 01. Anadol &#8211; 78 Ylilinin En Uzun Dakikasi &#8211; Uzun Havalar (Kinship, 2018) 02. Oscar Barras &#8211; Una R\u00e9plica Fiel &#8211; El Tiempo De Las Flores (Mascarpone, 2022) 03. Maxine Funke &#8211; Moody Relish &#8211; Seance (A Colourful Storm, 2021) 04. Daniel Rossen &#8211; Shadow in the Frame &#8211; You&hellip;","_links":{"self":[{"href":"https:\/\/teslafm.net\/en\/wp-json\/wp\/v2\/pages\/60699","targetHints":{"allow":["GET"]}}],"collection":[{"href":"https:\/\/teslafm.net\/en\/wp-json\/wp\/v2\/pages"}],"about":[{"href":"https:\/\/teslafm.net\/en\/wp-json\/wp\/v2\/types\/page"}],"author":[{"embeddable":true,"href":"https:\/\/teslafm.net\/en\/wp-json\/wp\/v2\/users\/19"}],"replies":[{"embeddable":true,"href":"https:\/\/teslafm.net\/en\/wp-json\/wp\/v2\/comments?post=60699"}],"version-history":[{"count":2,"href":"https:\/\/teslafm.net\/en\/wp-json\/wp\/v2\/pages\/60699\/revisions"}],"predecessor-version":[{"id":60702,"href":"https:\/\/teslafm.net\/en\/wp-json\/wp\/v2\/pages\/60699\/revisions\/60702"}],"wp:attachment":[{"href":"https:\/\/teslafm.net\/en\/wp-json\/wp\/v2\/media?parent=60699"}],"curies":[{"name":"wp","href":"https:\/\/api.w.org\/{rel}","templated":true}]}}