

{"id":60706,"date":"2022-11-08T15:39:25","date_gmt":"2022-11-08T14:39:25","guid":{"rendered":"https:\/\/teslafm.net\/?page_id=60706"},"modified":"2022-11-08T15:39:25","modified_gmt":"2022-11-08T14:39:25","slug":"ananke-42","status":"publish","type":"page","link":"https:\/\/teslafm.net\/en\/ananke-42\/","title":{"rendered":"Anank\u00e9 #42"},"content":{"rendered":"<h2><span style=\"color: #ffffff;\"><strong>Anank\u00e9 Chapter XLII<\/strong><\/span><\/h2>\n<p><span style=\"color: #808080;\"><em>November 2022<\/em><\/span><\/p>\n<p><iframe src=\"https:\/\/www.mixcloud.com\/widget\/iframe\/?hide_cover=1&amp;feed=%2FTeslafm_net%2Fanank%C3%A9-42-jaco%2F\" width=\"100%\" height=\"120\" frameborder=\"0\"><\/iframe><\/p>\n<p><span style=\"color: #808080;\">01. <strong>Ben LaMar Gay<\/strong> - \u00c1gua Futurism - Certain Reveries (International Anthem, 2022)<\/span><br \/>\n<span style=\"color: #808080;\">02. <strong>Dale Cornish<\/strong> - Foxhole - Traditional Music Of South London (The Death Of Rave, 2022)<\/span><br \/>\n<span style=\"color: #808080;\">03. <strong>C.I.A. Debutant<\/strong> - No To A Mirror - Dust (Siltbreeze, 2021)<\/span><br \/>\n<span style=\"color: #808080;\">04.<strong> Tunnel Singer<\/strong> - In The Tunnel - Avon Attorla\u00f0e (Avon Terror Corps, 2022)<\/span><br \/>\n<span style=\"color: #808080;\">05. <strong>Concentration<\/strong> - Gr\u00fcn Im Gesicht - Aren't You Gonna Introduce Me to Your Friend? (Avon Terror Corps, 2022)<\/span><br \/>\n<span style=\"color: #808080;\">06. <strong>Basic Channel<\/strong> - Mutism - BCD (Basic Channel, 1995)<\/span><br \/>\n<span style=\"color: #808080;\">07. <strong>Hallucinator<\/strong> - Hallucinator - Landlocked (Chain Reaction, 1999)<\/span><br \/>\n<span style=\"color: #808080;\">08. Scene of <em>Blow Out<\/em> - <strong>Brian De Palma<\/strong>, 1981<\/span><br \/>\n<span style=\"color: #808080;\">09.<strong> Tarawangsawelas<\/strong> - Tetap Terbit - Wanci (Morphine, 2017).<\/span><br \/>\n<span style=\"color: #808080;\">10. <strong>Valentina Magaletti<\/strong> - Low Delights - Thorn Valley (World Of Echo, 2022)<\/span><br \/>\n<span style=\"color: #808080;\">11. <strong>Burial<\/strong> - Hospital Chapel - Streetlands (Hyperdub, 2022)<\/span><br \/>\n<span style=\"color: #808080;\">12. <strong>Rashad Becker<\/strong> - Matraquage - The Sacred Rage (Morphine, 2020)<\/span><br \/>\n<span style=\"color: #808080;\">13. <strong>Drexciya<\/strong> - Mission To Ociya Syndor And Back - Harnessed The Storm (Tresor, 2002\/2022)<\/span><\/p>","protected":false},"excerpt":{"rendered":"<p>Anank\u00e9 Cap\u00edtulo XLII Noviembre 2022 01. Ben LaMar Gay &#8211; \u00c1gua Futurism &#8211; Certain Reveries (International Anthem, 2022) 02. Dale Cornish &#8211; Foxhole &#8211; Traditional Music Of South London (The Death Of Rave, 2022) 03. C.I.A. D\u00e9butante &#8211; No To A Mirror &#8211; Dust (Siltbreeze, 2021) 04. Tunnel Singer &#8211; In The Tunnel &#8211; Avon [&hellip;]<\/p>\n","protected":false},"author":19,"featured_media":0,"parent":0,"menu_order":0,"comment_status":"closed","ping_status":"closed","template":"","meta":{"footnotes":""},"class_list":["post-60706","page","type-page","status-publish","hentry"],"yoast_head":"<!-- This site is optimized with the Yoast SEO plugin v27.4 - https:\/\/yoast.com\/product\/yoast-seo-wordpress\/ -->\n<title>Anank\u00e9 #42 -<\/title>\n<meta name=\"robots\" content=\"index, follow, max-snippet:-1, max-image-preview:large, max-video-preview:-1\" \/>\n<link rel=\"canonical\" href=\"https:\/\/teslafm.net\/en\/ananke-42\/\" \/>\n<meta property=\"og:locale\" content=\"en_US\" \/>\n<meta property=\"og:type\" content=\"article\" \/>\n<meta property=\"og:title\" content=\"Anank\u00e9 #42 -\" \/>\n<meta property=\"og:description\" content=\"Anank\u00e9 Cap\u00edtulo XLII Noviembre 2022 01. Ben LaMar Gay &#8211; \u00c1gua Futurism &#8211; Certain Reveries (International Anthem, 2022) 02. Dale Cornish &#8211; Foxhole &#8211; Traditional Music Of South London (The Death Of Rave, 2022) 03. C.I.A. D\u00e9butante &#8211; No To A Mirror &#8211; Dust (Siltbreeze, 2021) 04. Tunnel Singer &#8211; In The Tunnel &#8211; Avon [&hellip;]\" \/>\n<meta property=\"og:url\" content=\"https:\/\/teslafm.net\/en\/ananke-42\/\" \/>\n<meta property=\"article:publisher\" content=\"https:\/\/www.facebook.com\/teslafm.net\" \/>\n<meta property=\"og:image\" content=\"https:\/\/teslafm.net\/wp-content\/uploads\/2022\/09\/header-image-4-temp.png\" \/>\n\t<meta property=\"og:image:width\" content=\"1274\" \/>\n\t<meta property=\"og:image:height\" content=\"818\" \/>\n\t<meta property=\"og:image:type\" content=\"image\/png\" \/>\n<meta name=\"twitter:card\" content=\"summary_large_image\" \/>\n<meta name=\"twitter:site\" content=\"@teslafm\" \/>\n<meta name=\"twitter:label1\" content=\"Est. reading time\" \/>\n\t<meta name=\"twitter:data1\" content=\"1 minute\" \/>\n<script type=\"application\/ld+json\" class=\"yoast-schema-graph\">{\"@context\":\"https:\\\/\\\/schema.org\",\"@graph\":[{\"@type\":\"WebPage\",\"@id\":\"https:\\\/\\\/teslafm.net\\\/ananke-42\\\/\",\"url\":\"https:\\\/\\\/teslafm.net\\\/ananke-42\\\/\",\"name\":\"Anank\u00e9 #42 -\",\"isPartOf\":{\"@id\":\"https:\\\/\\\/teslafm.net\\\/#website\"},\"datePublished\":\"2022-11-08T14:39:25+00:00\",\"breadcrumb\":{\"@id\":\"https:\\\/\\\/teslafm.net\\\/ananke-42\\\/#breadcrumb\"},\"inLanguage\":\"en-US\",\"potentialAction\":[{\"@type\":\"ReadAction\",\"target\":[\"https:\\\/\\\/teslafm.net\\\/ananke-42\\\/\"]}]},{\"@type\":\"BreadcrumbList\",\"@id\":\"https:\\\/\\\/teslafm.net\\\/ananke-42\\\/#breadcrumb\",\"itemListElement\":[{\"@type\":\"ListItem\",\"position\":1,\"name\":\"Portada\",\"item\":\"https:\\\/\\\/teslafm.net\\\/\"},{\"@type\":\"ListItem\",\"position\":2,\"name\":\"Anank\u00e9 #42\"}]},{\"@type\":\"WebSite\",\"@id\":\"https:\\\/\\\/teslafm.net\\\/#website\",\"url\":\"https:\\\/\\\/teslafm.net\\\/\",\"name\":\"TeslaFM\",\"description\":\"An experimental and creative radio\",\"publisher\":{\"@id\":\"https:\\\/\\\/teslafm.net\\\/#organization\"},\"potentialAction\":[{\"@type\":\"SearchAction\",\"target\":{\"@type\":\"EntryPoint\",\"urlTemplate\":\"https:\\\/\\\/teslafm.net\\\/?s={search_term_string}\"},\"query-input\":{\"@type\":\"PropertyValueSpecification\",\"valueRequired\":true,\"valueName\":\"search_term_string\"}}],\"inLanguage\":\"en-US\"},{\"@type\":\"Organization\",\"@id\":\"https:\\\/\\\/teslafm.net\\\/#organization\",\"name\":\"TeslaFM\",\"url\":\"https:\\\/\\\/teslafm.net\\\/\",\"logo\":{\"@type\":\"ImageObject\",\"inLanguage\":\"en-US\",\"@id\":\"https:\\\/\\\/teslafm.net\\\/#\\\/schema\\\/logo\\\/image\\\/\",\"url\":\"https:\\\/\\\/teslafm.net\\\/wp-content\\\/uploads\\\/2020\\\/06\\\/logo-tesla.png\",\"contentUrl\":\"https:\\\/\\\/teslafm.net\\\/wp-content\\\/uploads\\\/2020\\\/06\\\/logo-tesla.png\",\"width\":512,\"height\":512,\"caption\":\"TeslaFM\"},\"image\":{\"@id\":\"https:\\\/\\\/teslafm.net\\\/#\\\/schema\\\/logo\\\/image\\\/\"},\"sameAs\":[\"https:\\\/\\\/www.facebook.com\\\/teslafm.net\",\"https:\\\/\\\/x.com\\\/teslafm\"]}]}<\/script>\n<!-- \/ Yoast SEO plugin. -->","yoast_head_json":{"title":"Anank\u00e9 #42 -","robots":{"index":"index","follow":"follow","max-snippet":"max-snippet:-1","max-image-preview":"max-image-preview:large","max-video-preview":"max-video-preview:-1"},"canonical":"https:\/\/teslafm.net\/en\/ananke-42\/","og_locale":"en_US","og_type":"article","og_title":"Anank\u00e9 #42 -","og_description":"Anank\u00e9 Cap\u00edtulo XLII Noviembre 2022 01. Ben LaMar Gay &#8211; \u00c1gua Futurism &#8211; Certain Reveries (International Anthem, 2022) 02. Dale Cornish &#8211; Foxhole &#8211; Traditional Music Of South London (The Death Of Rave, 2022) 03. C.I.A. D\u00e9butante &#8211; No To A Mirror &#8211; Dust (Siltbreeze, 2021) 04. Tunnel Singer &#8211; In The Tunnel &#8211; Avon [&hellip;]","og_url":"https:\/\/teslafm.net\/en\/ananke-42\/","article_publisher":"https:\/\/www.facebook.com\/teslafm.net","og_image":[{"width":1274,"height":818,"url":"https:\/\/teslafm.net\/wp-content\/uploads\/2022\/09\/header-image-4-temp.png","type":"image\/png"}],"twitter_card":"summary_large_image","twitter_site":"@teslafm","twitter_misc":{"Est. reading time":"1 minute"},"schema":{"@context":"https:\/\/schema.org","@graph":[{"@type":"WebPage","@id":"https:\/\/teslafm.net\/ananke-42\/","url":"https:\/\/teslafm.net\/ananke-42\/","name":"Anank\u00e9 #42 -","isPartOf":{"@id":"https:\/\/teslafm.net\/#website"},"datePublished":"2022-11-08T14:39:25+00:00","breadcrumb":{"@id":"https:\/\/teslafm.net\/ananke-42\/#breadcrumb"},"inLanguage":"en-US","potentialAction":[{"@type":"ReadAction","target":["https:\/\/teslafm.net\/ananke-42\/"]}]},{"@type":"BreadcrumbList","@id":"https:\/\/teslafm.net\/ananke-42\/#breadcrumb","itemListElement":[{"@type":"ListItem","position":1,"name":"Portada","item":"https:\/\/teslafm.net\/"},{"@type":"ListItem","position":2,"name":"Anank\u00e9 #42"}]},{"@type":"WebSite","@id":"https:\/\/teslafm.net\/#website","url":"https:\/\/teslafm.net\/","name":"TeslaFM","description":"An experimental and creative radio","publisher":{"@id":"https:\/\/teslafm.net\/#organization"},"potentialAction":[{"@type":"SearchAction","target":{"@type":"EntryPoint","urlTemplate":"https:\/\/teslafm.net\/?s={search_term_string}"},"query-input":{"@type":"PropertyValueSpecification","valueRequired":true,"valueName":"search_term_string"}}],"inLanguage":"en-US"},{"@type":"Organization","@id":"https:\/\/teslafm.net\/#organization","name":"TeslaFM","url":"https:\/\/teslafm.net\/","logo":{"@type":"ImageObject","inLanguage":"en-US","@id":"https:\/\/teslafm.net\/#\/schema\/logo\/image\/","url":"https:\/\/teslafm.net\/wp-content\/uploads\/2020\/06\/logo-tesla.png","contentUrl":"https:\/\/teslafm.net\/wp-content\/uploads\/2020\/06\/logo-tesla.png","width":512,"height":512,"caption":"TeslaFM"},"image":{"@id":"https:\/\/teslafm.net\/#\/schema\/logo\/image\/"},"sameAs":["https:\/\/www.facebook.com\/teslafm.net","https:\/\/x.com\/teslafm"]}]}},"rttpg_featured_image_url":null,"rttpg_author":{"display_name":"Ishak","author_link":"https:\/\/teslafm.net\/en\/author\/cravan\/"},"rttpg_comment":0,"rttpg_category":null,"rttpg_excerpt":"Anank\u00e9 Cap\u00edtulo XLII Noviembre 2022 01. Ben LaMar Gay &#8211; \u00c1gua Futurism &#8211; Certain Reveries (International Anthem, 2022) 02. Dale Cornish &#8211; Foxhole &#8211; Traditional Music Of South London (The Death Of Rave, 2022) 03. C.I.A. D\u00e9butante &#8211; No To A Mirror &#8211; Dust (Siltbreeze, 2021) 04. Tunnel Singer &#8211; In The Tunnel &#8211; Avon&hellip;","_links":{"self":[{"href":"https:\/\/teslafm.net\/en\/wp-json\/wp\/v2\/pages\/60706","targetHints":{"allow":["GET"]}}],"collection":[{"href":"https:\/\/teslafm.net\/en\/wp-json\/wp\/v2\/pages"}],"about":[{"href":"https:\/\/teslafm.net\/en\/wp-json\/wp\/v2\/types\/page"}],"author":[{"embeddable":true,"href":"https:\/\/teslafm.net\/en\/wp-json\/wp\/v2\/users\/19"}],"replies":[{"embeddable":true,"href":"https:\/\/teslafm.net\/en\/wp-json\/wp\/v2\/comments?post=60706"}],"version-history":[{"count":1,"href":"https:\/\/teslafm.net\/en\/wp-json\/wp\/v2\/pages\/60706\/revisions"}],"predecessor-version":[{"id":60708,"href":"https:\/\/teslafm.net\/en\/wp-json\/wp\/v2\/pages\/60706\/revisions\/60708"}],"wp:attachment":[{"href":"https:\/\/teslafm.net\/en\/wp-json\/wp\/v2\/media?parent=60706"}],"curies":[{"name":"wp","href":"https:\/\/api.w.org\/{rel}","templated":true}]}}